{"id":97036,"date":"2025-12-10T08:46:58","date_gmt":"2025-12-10T07:46:59","guid":{"rendered":"https:\/\/domartstyl.com\/?post_type=product&#038;p=97036"},"modified":"2025-12-17T11:27:29","modified_gmt":"2025-12-17T10:27:29","slug":"straight-left-element-for-the-grand-modular-sofa-kopia","status":"publish","type":"product","link":"https:\/\/domartstyl.com\/en\/straight-left-element-for-the-grand-modular-sofa-kopia\/","title":{"rendered":"Left straight element for the Grand Flow modular sofa"},"content":{"rendered":"<p data-start=\"0\" data-end=\"57\"><strong data-start=\"0\" data-end=\"57\">Left straight element for the Grand Flow modular sofa<\/strong><\/p>\n<p data-start=\"59\" data-end=\"455\">The left straight element for the Grand Flow modular sofa has been designed to create harmonious, flowing seating compositions. The collection\u2019s signature soft, rounded lines give the module a cozy, contemporary character that fits perfectly into both modern and more classic interiors. The ergonomically shaped seat and full, comfortable backrest ensure a high level of comfort for everyday use.<\/p>\n<p data-start=\"457\" data-end=\"844\" data-is-last-node=\"\" data-is-only-node=\"\">The module features an elegant finished left side, making it ideal as an end piece or as part of a larger configuration. It can be freely combined with other Grand Flow segments to create a wide range of layouts\u2014from compact arrangements to expansive corner sofas. The solid construction ensures durability, while the modular design allows the sofa to adapt to changing needs and spaces.<\/p>\n","protected":false},"excerpt":{"rendered":"<p>The <strong data-start=\"4\" data-end=\"61\">left straight element for the Grand Flow modular sofa<\/strong> is a modern module with a soft, rounded form that allows for the creation of comfortable and flexible seating configurations. The contoured seat and backrest ensure comfort, while the module seamlessly connects with the other elements of the collection, making it easy to adapt the layout to the space.<\/p>\n","protected":false},"featured_media":97080,"comment_status":"closed","ping_status":"closed","template":"","meta":[],"product_brand":[],"product_cat":[9043,39],"product_tag":[],"class_list":{"0":"post-97036","1":"product","2":"type-product","3":"status-publish","4":"has-post-thumbnail","6":"product_cat-modular-sofas","7":"product_cat-sofas","8":"product_shipping_class-individually-packed-110-120","10":"first","11":"instock","12":"taxable","13":"shipping-taxable","14":"purchasable","15":"product-type-simple"},"yoast_head":"<!-- This site is optimized with the Yoast SEO Premium plugin v25.0 (Yoast SEO v25.0) - https:\/\/yoast.com\/wordpress\/plugins\/seo\/ -->\n<title>Living Room Sofa - Modular Grand - Modern Sofa<\/title>\n<meta name=\"description\" content=\"Grand Modular Sofa made in a glamor style. Made of the highest quality materials, it stands out for its stylish appearance, but also for its extraordinary comfort.\" \/>\n<meta name=\"robots\" content=\"index, follow, max-snippet:-1, max-image-preview:large, max-video-preview:-1\" \/>\n<link rel=\"canonical\" href=\"https:\/\/domartstyl.com\/en\/straight-left-element-for-the-grand-modular-sofa-kopia\/\" \/>\n<meta property=\"og:locale\" content=\"en_US\" \/>\n<meta property=\"og:type\" content=\"article\" \/>\n<meta property=\"og:title\" content=\"Left straight element for the Grand Flow modular sofa - DomArtStyl\" \/>\n<meta property=\"og:description\" content=\"Grand Modular Sofa made in a glamor style. Made of the highest quality materials, it stands out for its stylish appearance, but also for its extraordinary comfort.\" \/>\n<meta property=\"og:url\" content=\"https:\/\/domartstyl.com\/en\/straight-left-element-for-the-grand-modular-sofa-kopia\/\" \/>\n<meta property=\"og:site_name\" content=\"DomArtStyl\" \/>\n<meta property=\"article:publisher\" content=\"https:\/\/www.facebook.com\/DomArtStyl\/\" \/>\n<meta property=\"article:modified_time\" content=\"2025-12-17T10:27:29+00:00\" \/>\n<meta property=\"og:image\" content=\"https:\/\/domartstyl.com\/wp-content\/uploads\/2025\/12\/gerard_flow_surpriseme1_SL_1-1.jpg\" \/>\n\t<meta property=\"og:image:width\" content=\"1000\" \/>\n\t<meta property=\"og:image:height\" content=\"1000\" \/>\n\t<meta property=\"og:image:type\" content=\"image\/jpeg\" \/>\n<meta name=\"twitter:card\" content=\"summary_large_image\" \/>\n<meta name=\"twitter:site\" content=\"@DomArtStyl_pl\" \/>\n<meta name=\"twitter:label1\" content=\"Price\" \/>\n\t<meta name=\"twitter:data1\" content=\"&euro;468,00\" \/>\n\t<meta name=\"twitter:label2\" content=\"Availability\" \/>\n\t<meta name=\"twitter:data2\" content=\"In stock\" \/>\n<script type=\"application\/ld+json\" class=\"yoast-schema-graph\">{\"@context\":\"https:\/\/schema.org\",\"@graph\":[{\"@type\":\"WebPage\",\"@id\":\"https:\/\/domartstyl.com\/en\/straight-left-element-for-the-grand-modular-sofa-kopia\/\",\"url\":\"https:\/\/domartstyl.com\/en\/straight-left-element-for-the-grand-modular-sofa-kopia\/\",\"name\":\"Living Room Sofa - Modular Grand - Modern Sofa\",\"isPartOf\":{\"@id\":\"https:\/\/domartstyl.com\/en\/#website\"},\"primaryImageOfPage\":{\"@id\":\"https:\/\/domartstyl.com\/en\/straight-left-element-for-the-grand-modular-sofa-kopia\/#primaryimage\"},\"image\":{\"@id\":\"https:\/\/domartstyl.com\/en\/straight-left-element-for-the-grand-modular-sofa-kopia\/#primaryimage\"},\"thumbnailUrl\":\"https:\/\/domartstyl.com\/wp-content\/uploads\/2025\/12\/gerard_flow_surpriseme1_SL_1-1.jpg\",\"datePublished\":\"2025-12-10T07:46:59+00:00\",\"dateModified\":\"2025-12-17T10:27:29+00:00\",\"description\":\"Grand Modular Sofa made in a glamor style. Made of the highest quality materials, it stands out for its stylish appearance, but also for its extraordinary comfort.\",\"breadcrumb\":{\"@id\":\"https:\/\/domartstyl.com\/en\/straight-left-element-for-the-grand-modular-sofa-kopia\/#breadcrumb\"},\"inLanguage\":\"en-US\",\"potentialAction\":[{\"@type\":\"ReadAction\",\"target\":[\"https:\/\/domartstyl.com\/en\/straight-left-element-for-the-grand-modular-sofa-kopia\/\"]}]},{\"@type\":\"ImageObject\",\"inLanguage\":\"en-US\",\"@id\":\"https:\/\/domartstyl.com\/en\/straight-left-element-for-the-grand-modular-sofa-kopia\/#primaryimage\",\"url\":\"https:\/\/domartstyl.com\/wp-content\/uploads\/2025\/12\/gerard_flow_surpriseme1_SL_1-1.jpg\",\"contentUrl\":\"https:\/\/domartstyl.com\/wp-content\/uploads\/2025\/12\/gerard_flow_surpriseme1_SL_1-1.jpg\",\"width\":1000,\"height\":1000},{\"@type\":\"BreadcrumbList\",\"@id\":\"https:\/\/domartstyl.com\/en\/straight-left-element-for-the-grand-modular-sofa-kopia\/#breadcrumb\",\"itemListElement\":[{\"@type\":\"ListItem\",\"position\":1,\"name\":\"Strona g\u0142\u00f3wna\",\"item\":\"https:\/\/domartstyl.com\/en\/\"},{\"@type\":\"ListItem\",\"position\":2,\"name\":\"Modern Upholstered Furniture\",\"item\":\"https:\/\/domartstyl.com\/en\/furniture\/\"},{\"@type\":\"ListItem\",\"position\":3,\"name\":\"Left straight element for the Grand Flow modular sofa\"}]},{\"@type\":\"WebSite\",\"@id\":\"https:\/\/domartstyl.com\/en\/#website\",\"url\":\"https:\/\/domartstyl.com\/en\/\",\"name\":\"DomArtStyl\",\"description\":\"Tworzymy meble najwy\u017cszej jako\u015bci. Sprzeda\u017c detaliczna \u00b7 Sprzeda\u017c hurtowa\",\"publisher\":{\"@id\":\"https:\/\/domartstyl.com\/en\/#organization\"},\"potentialAction\":[{\"@type\":\"SearchAction\",\"target\":{\"@type\":\"EntryPoint\",\"urlTemplate\":\"https:\/\/domartstyl.com\/en\/?s={search_term_string}\"},\"query-input\":{\"@type\":\"PropertyValueSpecification\",\"valueRequired\":true,\"valueName\":\"search_term_string\"}}],\"inLanguage\":\"en-US\"},{\"@type\":\"Organization\",\"@id\":\"https:\/\/domartstyl.com\/en\/#organization\",\"name\":\"DomArtStyl\",\"url\":\"https:\/\/domartstyl.com\/en\/\",\"logo\":{\"@type\":\"ImageObject\",\"inLanguage\":\"en-US\",\"@id\":\"https:\/\/domartstyl.com\/en\/#\/schema\/logo\/image\/\",\"url\":\"https:\/\/domartstyl.com\/wp-content\/uploads\/2018\/04\/Logo_300_width.png\",\"contentUrl\":\"https:\/\/domartstyl.com\/wp-content\/uploads\/2018\/04\/Logo_300_width.png\",\"width\":300,\"height\":140,\"caption\":\"DomArtStyl\"},\"image\":{\"@id\":\"https:\/\/domartstyl.com\/en\/#\/schema\/logo\/image\/\"},\"sameAs\":[\"https:\/\/www.facebook.com\/DomArtStyl\/\",\"https:\/\/x.com\/DomArtStyl_pl\",\"https:\/\/www.instagram.com\/domartstyl\/?hl=en\",\"https:\/\/pl.pinterest.com\/domartstyl01\/\",\"https:\/\/www.youtube.com\/channel\/UCkISSgvMomI6yFFL3JDbLhw\"]}]}<\/script>\n<meta property=\"product:price:amount\" content=\"468.00\" \/>\n<meta property=\"product:price:currency\" content=\"EUR\" \/>\n<meta property=\"og:availability\" content=\"instock\" \/>\n<meta property=\"product:availability\" content=\"instock\" \/>\n<meta property=\"product:condition\" content=\"new\" \/>\n<!-- \/ Yoast SEO Premium plugin. -->","yoast_head_json":{"title":"Living Room Sofa - Modular Grand - Modern Sofa","description":"Grand Modular Sofa made in a glamor style. Made of the highest quality materials, it stands out for its stylish appearance, but also for its extraordinary comfort.","robots":{"index":"index","follow":"follow","max-snippet":"max-snippet:-1","max-image-preview":"max-image-preview:large","max-video-preview":"max-video-preview:-1"},"canonical":"https:\/\/domartstyl.com\/en\/straight-left-element-for-the-grand-modular-sofa-kopia\/","og_locale":"en_US","og_type":"article","og_title":"Left straight element for the Grand Flow modular sofa - DomArtStyl","og_description":"Grand Modular Sofa made in a glamor style. Made of the highest quality materials, it stands out for its stylish appearance, but also for its extraordinary comfort.","og_url":"https:\/\/domartstyl.com\/en\/straight-left-element-for-the-grand-modular-sofa-kopia\/","og_site_name":"DomArtStyl","article_publisher":"https:\/\/www.facebook.com\/DomArtStyl\/","article_modified_time":"2025-12-17T10:27:29+00:00","og_image":[{"width":1000,"height":1000,"url":"https:\/\/domartstyl.com\/wp-content\/uploads\/2025\/12\/gerard_flow_surpriseme1_SL_1-1.jpg","type":"image\/jpeg"}],"twitter_card":"summary_large_image","twitter_site":"@DomArtStyl_pl","twitter_misc":{"Price":"&euro;468,00","Availability":"In stock"},"schema":{"@context":"https:\/\/schema.org","@graph":[{"@type":"WebPage","@id":"https:\/\/domartstyl.com\/en\/straight-left-element-for-the-grand-modular-sofa-kopia\/","url":"https:\/\/domartstyl.com\/en\/straight-left-element-for-the-grand-modular-sofa-kopia\/","name":"Living Room Sofa - Modular Grand - Modern Sofa","isPartOf":{"@id":"https:\/\/domartstyl.com\/en\/#website"},"primaryImageOfPage":{"@id":"https:\/\/domartstyl.com\/en\/straight-left-element-for-the-grand-modular-sofa-kopia\/#primaryimage"},"image":{"@id":"https:\/\/domartstyl.com\/en\/straight-left-element-for-the-grand-modular-sofa-kopia\/#primaryimage"},"thumbnailUrl":"https:\/\/domartstyl.com\/wp-content\/uploads\/2025\/12\/gerard_flow_surpriseme1_SL_1-1.jpg","datePublished":"2025-12-10T07:46:59+00:00","dateModified":"2025-12-17T10:27:29+00:00","description":"Grand Modular Sofa made in a glamor style. Made of the highest quality materials, it stands out for its stylish appearance, but also for its extraordinary comfort.","breadcrumb":{"@id":"https:\/\/domartstyl.com\/en\/straight-left-element-for-the-grand-modular-sofa-kopia\/#breadcrumb"},"inLanguage":"en-US","potentialAction":[{"@type":"ReadAction","target":["https:\/\/domartstyl.com\/en\/straight-left-element-for-the-grand-modular-sofa-kopia\/"]}]},{"@type":"ImageObject","inLanguage":"en-US","@id":"https:\/\/domartstyl.com\/en\/straight-left-element-for-the-grand-modular-sofa-kopia\/#primaryimage","url":"https:\/\/domartstyl.com\/wp-content\/uploads\/2025\/12\/gerard_flow_surpriseme1_SL_1-1.jpg","contentUrl":"https:\/\/domartstyl.com\/wp-content\/uploads\/2025\/12\/gerard_flow_surpriseme1_SL_1-1.jpg","width":1000,"height":1000},{"@type":"BreadcrumbList","@id":"https:\/\/domartstyl.com\/en\/straight-left-element-for-the-grand-modular-sofa-kopia\/#breadcrumb","itemListElement":[{"@type":"ListItem","position":1,"name":"Strona g\u0142\u00f3wna","item":"https:\/\/domartstyl.com\/en\/"},{"@type":"ListItem","position":2,"name":"Modern Upholstered Furniture","item":"https:\/\/domartstyl.com\/en\/furniture\/"},{"@type":"ListItem","position":3,"name":"Left straight element for the Grand Flow modular sofa"}]},{"@type":"WebSite","@id":"https:\/\/domartstyl.com\/en\/#website","url":"https:\/\/domartstyl.com\/en\/","name":"DomArtStyl","description":"Tworzymy meble najwy\u017cszej jako\u015bci. Sprzeda\u017c detaliczna \u00b7 Sprzeda\u017c hurtowa","publisher":{"@id":"https:\/\/domartstyl.com\/en\/#organization"},"potentialAction":[{"@type":"SearchAction","target":{"@type":"EntryPoint","urlTemplate":"https:\/\/domartstyl.com\/en\/?s={search_term_string}"},"query-input":{"@type":"PropertyValueSpecification","valueRequired":true,"valueName":"search_term_string"}}],"inLanguage":"en-US"},{"@type":"Organization","@id":"https:\/\/domartstyl.com\/en\/#organization","name":"DomArtStyl","url":"https:\/\/domartstyl.com\/en\/","logo":{"@type":"ImageObject","inLanguage":"en-US","@id":"https:\/\/domartstyl.com\/en\/#\/schema\/logo\/image\/","url":"https:\/\/domartstyl.com\/wp-content\/uploads\/2018\/04\/Logo_300_width.png","contentUrl":"https:\/\/domartstyl.com\/wp-content\/uploads\/2018\/04\/Logo_300_width.png","width":300,"height":140,"caption":"DomArtStyl"},"image":{"@id":"https:\/\/domartstyl.com\/en\/#\/schema\/logo\/image\/"},"sameAs":["https:\/\/www.facebook.com\/DomArtStyl\/","https:\/\/x.com\/DomArtStyl_pl","https:\/\/www.instagram.com\/domartstyl\/?hl=en","https:\/\/pl.pinterest.com\/domartstyl01\/","https:\/\/www.youtube.com\/channel\/UCkISSgvMomI6yFFL3JDbLhw"]}]},"product_price_amount":"468.00","product_price_currency":"EUR","og_availability":"instock","product_availability":"instock","product_condition":"new"},"_links":{"self":[{"href":"https:\/\/domartstyl.com\/en\/wp-json\/wp\/v2\/product\/97036","targetHints":{"allow":["GET"]}}],"collection":[{"href":"https:\/\/domartstyl.com\/en\/wp-json\/wp\/v2\/product"}],"about":[{"href":"https:\/\/domartstyl.com\/en\/wp-json\/wp\/v2\/types\/product"}],"replies":[{"embeddable":true,"href":"https:\/\/domartstyl.com\/en\/wp-json\/wp\/v2\/comments?post=97036"}],"wp:featuredmedia":[{"embeddable":true,"href":"https:\/\/domartstyl.com\/en\/wp-json\/wp\/v2\/media\/97080"}],"wp:attachment":[{"href":"https:\/\/domartstyl.com\/en\/wp-json\/wp\/v2\/media?parent=97036"}],"wp:term":[{"taxonomy":"product_brand","embeddable":true,"href":"https:\/\/domartstyl.com\/en\/wp-json\/wp\/v2\/product_brand?post=97036"},{"taxonomy":"product_cat","embeddable":true,"href":"https:\/\/domartstyl.com\/en\/wp-json\/wp\/v2\/product_cat?post=97036"},{"taxonomy":"product_tag","embeddable":true,"href":"https:\/\/domartstyl.com\/en\/wp-json\/wp\/v2\/product_tag?post=97036"}],"curies":[{"name":"wp","href":"https:\/\/api.w.org\/{rel}","templated":true}]}}