{"id":96714,"date":"2025-11-12T12:38:42","date_gmt":"2025-11-12T11:38:43","guid":{"rendered":"https:\/\/domartstyl.com\/?post_type=product&#038;p=96714"},"modified":"2025-11-24T12:52:30","modified_gmt":"2025-11-24T11:52:30","slug":"modular-sofa-grand-szlsp-kopia","status":"publish","type":"product","link":"https:\/\/domartstyl.com\/en\/modular-sofa-grand-szlsp-kopia\/","title":{"rendered":"Greta modular sofa SZL + SP"},"content":{"rendered":"<p data-start=\"147\" data-end=\"372\">The <strong data-start=\"151\" data-end=\"180\">GRETA modular sofa SZL+SP<\/strong> is the essence of modern design and home comfort. Its subtle, rounded lines and minimalist shape allow it to blend seamlessly with any interior style\u2014from Scandinavian to modern and eclectic.<\/p>\n<p data-start=\"374\" data-end=\"702\">The modular construction offers full flexibility, making it easy to adapt the layout to both the space and the user\u2019s individual preferences. The GRETA SZL+SP model consists of a wide chaise lounge and a spacious module with a backrest, creating a comfortable spot for daytime relaxation and long evenings spent with loved ones.<\/p>\n<p data-start=\"704\" data-end=\"960\">Low, wide backrests and a deep seat provide excellent support and comfort in any position. The sofa is designed for everyday use, maintaining its shape and aesthetic appeal over time, while its contemporary form adds lightness and elegance to the interior.<\/p>\n<p data-start=\"962\" data-end=\"1222\">More than just a piece of furniture, <strong data-start=\"999\" data-end=\"1015\">GRETA SZL+SP<\/strong> becomes the focal point of the living room\u2014a place that invites relaxation, gatherings, and shared moments. It\u2019s an ideal choice for those who appreciate high quality, timeless style, and functional design.<\/p>\n","protected":false},"excerpt":{"rendered":"<p>The <strong data-start=\"63\" data-end=\"92\">GRETA modular sofa SZL+SP<\/strong> is a unique combination of contemporary elegance, comfort, and functionality. Its rounded shapes and modern silhouette bring a cozy yet stylish character to any interior. Thanks to its modular construction, the sofa adapts perfectly to various spaces and user needs\u2014working equally well in a spacious living room or a smaller apartment. It\u2019s a piece of furniture that invites you to relax, creating a harmonious and visually appealing lounging area.<\/p>\n","protected":false},"featured_media":96718,"comment_status":"closed","ping_status":"closed","template":"","meta":[],"product_brand":[],"product_cat":[39,9043],"product_tag":[],"class_list":{"0":"post-96714","1":"product","2":"type-product","3":"status-publish","4":"has-post-thumbnail","6":"product_cat-sofas","7":"product_cat-modular-sofas","9":"first","10":"instock","11":"taxable","12":"shipping-taxable","13":"purchasable","14":"product-type-simple"},"yoast_head":"<!-- This site is optimized with the Yoast SEO Premium plugin v25.0 (Yoast SEO v25.0) - https:\/\/yoast.com\/wordpress\/plugins\/seo\/ -->\n<title>Modular corner sofa for the living room Grand - DomArtStyl<\/title>\n<meta name=\"description\" content=\"A modular corner sofa for the living room that will transform the look of your interior. Choose the layout of your sofa according to your preference.\" \/>\n<meta name=\"robots\" content=\"index, follow, max-snippet:-1, max-image-preview:large, max-video-preview:-1\" \/>\n<link rel=\"canonical\" href=\"https:\/\/domartstyl.com\/en\/modular-sofa-grand-szlsp-kopia\/\" \/>\n<meta property=\"og:locale\" content=\"en_US\" \/>\n<meta property=\"og:type\" content=\"article\" \/>\n<meta property=\"og:title\" content=\"Greta modular sofa SZL + SP - DomArtStyl\" \/>\n<meta property=\"og:description\" content=\"A modular corner sofa for the living room that will transform the look of your interior. Choose the layout of your sofa according to your preference.\" \/>\n<meta property=\"og:url\" content=\"https:\/\/domartstyl.com\/en\/modular-sofa-grand-szlsp-kopia\/\" \/>\n<meta property=\"og:site_name\" content=\"DomArtStyl\" \/>\n<meta property=\"article:publisher\" content=\"https:\/\/www.facebook.com\/DomArtStyl\/\" \/>\n<meta property=\"article:modified_time\" content=\"2025-11-24T11:52:30+00:00\" \/>\n<meta property=\"og:image\" content=\"https:\/\/domartstyl.com\/wp-content\/uploads\/2025\/11\/Greta_Lincoln01_SZL_SP_1-1.jpg\" \/>\n\t<meta property=\"og:image:width\" content=\"1000\" \/>\n\t<meta property=\"og:image:height\" content=\"1000\" \/>\n\t<meta property=\"og:image:type\" content=\"image\/jpeg\" \/>\n<meta name=\"twitter:card\" content=\"summary_large_image\" \/>\n<meta name=\"twitter:site\" content=\"@DomArtStyl_pl\" \/>\n<meta name=\"twitter:label1\" content=\"Price\" \/>\n\t<meta name=\"twitter:data1\" content=\"&euro;1.100,00\" \/>\n\t<meta name=\"twitter:label2\" content=\"Availability\" \/>\n\t<meta name=\"twitter:data2\" content=\"In stock\" \/>\n<script type=\"application\/ld+json\" class=\"yoast-schema-graph\">{\"@context\":\"https:\/\/schema.org\",\"@graph\":[{\"@type\":\"WebPage\",\"@id\":\"https:\/\/domartstyl.com\/en\/modular-sofa-grand-szlsp-kopia\/\",\"url\":\"https:\/\/domartstyl.com\/en\/modular-sofa-grand-szlsp-kopia\/\",\"name\":\"Modular corner sofa for the living room Grand - DomArtStyl\",\"isPartOf\":{\"@id\":\"https:\/\/domartstyl.com\/en\/#website\"},\"primaryImageOfPage\":{\"@id\":\"https:\/\/domartstyl.com\/en\/modular-sofa-grand-szlsp-kopia\/#primaryimage\"},\"image\":{\"@id\":\"https:\/\/domartstyl.com\/en\/modular-sofa-grand-szlsp-kopia\/#primaryimage\"},\"thumbnailUrl\":\"https:\/\/domartstyl.com\/wp-content\/uploads\/2025\/11\/Greta_Lincoln01_SZL_SP_1-1.jpg\",\"datePublished\":\"2025-11-12T11:38:43+00:00\",\"dateModified\":\"2025-11-24T11:52:30+00:00\",\"description\":\"A modular corner sofa for the living room that will transform the look of your interior. Choose the layout of your sofa according to your preference.\",\"breadcrumb\":{\"@id\":\"https:\/\/domartstyl.com\/en\/modular-sofa-grand-szlsp-kopia\/#breadcrumb\"},\"inLanguage\":\"en-US\",\"potentialAction\":[{\"@type\":\"ReadAction\",\"target\":[\"https:\/\/domartstyl.com\/en\/modular-sofa-grand-szlsp-kopia\/\"]}]},{\"@type\":\"ImageObject\",\"inLanguage\":\"en-US\",\"@id\":\"https:\/\/domartstyl.com\/en\/modular-sofa-grand-szlsp-kopia\/#primaryimage\",\"url\":\"https:\/\/domartstyl.com\/wp-content\/uploads\/2025\/11\/Greta_Lincoln01_SZL_SP_1-1.jpg\",\"contentUrl\":\"https:\/\/domartstyl.com\/wp-content\/uploads\/2025\/11\/Greta_Lincoln01_SZL_SP_1-1.jpg\",\"width\":1000,\"height\":1000},{\"@type\":\"BreadcrumbList\",\"@id\":\"https:\/\/domartstyl.com\/en\/modular-sofa-grand-szlsp-kopia\/#breadcrumb\",\"itemListElement\":[{\"@type\":\"ListItem\",\"position\":1,\"name\":\"Strona g\u0142\u00f3wna\",\"item\":\"https:\/\/domartstyl.com\/en\/\"},{\"@type\":\"ListItem\",\"position\":2,\"name\":\"Modern Upholstered Furniture\",\"item\":\"https:\/\/domartstyl.com\/en\/furniture\/\"},{\"@type\":\"ListItem\",\"position\":3,\"name\":\"Greta modular sofa SZL + SP\"}]},{\"@type\":\"WebSite\",\"@id\":\"https:\/\/domartstyl.com\/en\/#website\",\"url\":\"https:\/\/domartstyl.com\/en\/\",\"name\":\"DomArtStyl\",\"description\":\"Tworzymy meble najwy\u017cszej jako\u015bci. Sprzeda\u017c detaliczna \u00b7 Sprzeda\u017c hurtowa\",\"publisher\":{\"@id\":\"https:\/\/domartstyl.com\/en\/#organization\"},\"potentialAction\":[{\"@type\":\"SearchAction\",\"target\":{\"@type\":\"EntryPoint\",\"urlTemplate\":\"https:\/\/domartstyl.com\/en\/?s={search_term_string}\"},\"query-input\":{\"@type\":\"PropertyValueSpecification\",\"valueRequired\":true,\"valueName\":\"search_term_string\"}}],\"inLanguage\":\"en-US\"},{\"@type\":\"Organization\",\"@id\":\"https:\/\/domartstyl.com\/en\/#organization\",\"name\":\"DomArtStyl\",\"url\":\"https:\/\/domartstyl.com\/en\/\",\"logo\":{\"@type\":\"ImageObject\",\"inLanguage\":\"en-US\",\"@id\":\"https:\/\/domartstyl.com\/en\/#\/schema\/logo\/image\/\",\"url\":\"https:\/\/domartstyl.com\/wp-content\/uploads\/2018\/04\/Logo_300_width.png\",\"contentUrl\":\"https:\/\/domartstyl.com\/wp-content\/uploads\/2018\/04\/Logo_300_width.png\",\"width\":300,\"height\":140,\"caption\":\"DomArtStyl\"},\"image\":{\"@id\":\"https:\/\/domartstyl.com\/en\/#\/schema\/logo\/image\/\"},\"sameAs\":[\"https:\/\/www.facebook.com\/DomArtStyl\/\",\"https:\/\/x.com\/DomArtStyl_pl\",\"https:\/\/www.instagram.com\/domartstyl\/?hl=en\",\"https:\/\/pl.pinterest.com\/domartstyl01\/\",\"https:\/\/www.youtube.com\/channel\/UCkISSgvMomI6yFFL3JDbLhw\"]}]}<\/script>\n<meta property=\"product:price:amount\" content=\"1100.00\" \/>\n<meta property=\"product:price:currency\" content=\"EUR\" \/>\n<meta property=\"og:availability\" content=\"instock\" \/>\n<meta property=\"product:availability\" content=\"instock\" \/>\n<meta property=\"product:condition\" content=\"new\" \/>\n<!-- \/ Yoast SEO Premium plugin. -->","yoast_head_json":{"title":"Modular corner sofa for the living room Grand - DomArtStyl","description":"A modular corner sofa for the living room that will transform the look of your interior. Choose the layout of your sofa according to your preference.","robots":{"index":"index","follow":"follow","max-snippet":"max-snippet:-1","max-image-preview":"max-image-preview:large","max-video-preview":"max-video-preview:-1"},"canonical":"https:\/\/domartstyl.com\/en\/modular-sofa-grand-szlsp-kopia\/","og_locale":"en_US","og_type":"article","og_title":"Greta modular sofa SZL + SP - DomArtStyl","og_description":"A modular corner sofa for the living room that will transform the look of your interior. Choose the layout of your sofa according to your preference.","og_url":"https:\/\/domartstyl.com\/en\/modular-sofa-grand-szlsp-kopia\/","og_site_name":"DomArtStyl","article_publisher":"https:\/\/www.facebook.com\/DomArtStyl\/","article_modified_time":"2025-11-24T11:52:30+00:00","og_image":[{"width":1000,"height":1000,"url":"https:\/\/domartstyl.com\/wp-content\/uploads\/2025\/11\/Greta_Lincoln01_SZL_SP_1-1.jpg","type":"image\/jpeg"}],"twitter_card":"summary_large_image","twitter_site":"@DomArtStyl_pl","twitter_misc":{"Price":"&euro;1.100,00","Availability":"In stock"},"schema":{"@context":"https:\/\/schema.org","@graph":[{"@type":"WebPage","@id":"https:\/\/domartstyl.com\/en\/modular-sofa-grand-szlsp-kopia\/","url":"https:\/\/domartstyl.com\/en\/modular-sofa-grand-szlsp-kopia\/","name":"Modular corner sofa for the living room Grand - DomArtStyl","isPartOf":{"@id":"https:\/\/domartstyl.com\/en\/#website"},"primaryImageOfPage":{"@id":"https:\/\/domartstyl.com\/en\/modular-sofa-grand-szlsp-kopia\/#primaryimage"},"image":{"@id":"https:\/\/domartstyl.com\/en\/modular-sofa-grand-szlsp-kopia\/#primaryimage"},"thumbnailUrl":"https:\/\/domartstyl.com\/wp-content\/uploads\/2025\/11\/Greta_Lincoln01_SZL_SP_1-1.jpg","datePublished":"2025-11-12T11:38:43+00:00","dateModified":"2025-11-24T11:52:30+00:00","description":"A modular corner sofa for the living room that will transform the look of your interior. Choose the layout of your sofa according to your preference.","breadcrumb":{"@id":"https:\/\/domartstyl.com\/en\/modular-sofa-grand-szlsp-kopia\/#breadcrumb"},"inLanguage":"en-US","potentialAction":[{"@type":"ReadAction","target":["https:\/\/domartstyl.com\/en\/modular-sofa-grand-szlsp-kopia\/"]}]},{"@type":"ImageObject","inLanguage":"en-US","@id":"https:\/\/domartstyl.com\/en\/modular-sofa-grand-szlsp-kopia\/#primaryimage","url":"https:\/\/domartstyl.com\/wp-content\/uploads\/2025\/11\/Greta_Lincoln01_SZL_SP_1-1.jpg","contentUrl":"https:\/\/domartstyl.com\/wp-content\/uploads\/2025\/11\/Greta_Lincoln01_SZL_SP_1-1.jpg","width":1000,"height":1000},{"@type":"BreadcrumbList","@id":"https:\/\/domartstyl.com\/en\/modular-sofa-grand-szlsp-kopia\/#breadcrumb","itemListElement":[{"@type":"ListItem","position":1,"name":"Strona g\u0142\u00f3wna","item":"https:\/\/domartstyl.com\/en\/"},{"@type":"ListItem","position":2,"name":"Modern Upholstered Furniture","item":"https:\/\/domartstyl.com\/en\/furniture\/"},{"@type":"ListItem","position":3,"name":"Greta modular sofa SZL + SP"}]},{"@type":"WebSite","@id":"https:\/\/domartstyl.com\/en\/#website","url":"https:\/\/domartstyl.com\/en\/","name":"DomArtStyl","description":"Tworzymy meble najwy\u017cszej jako\u015bci. Sprzeda\u017c detaliczna \u00b7 Sprzeda\u017c hurtowa","publisher":{"@id":"https:\/\/domartstyl.com\/en\/#organization"},"potentialAction":[{"@type":"SearchAction","target":{"@type":"EntryPoint","urlTemplate":"https:\/\/domartstyl.com\/en\/?s={search_term_string}"},"query-input":{"@type":"PropertyValueSpecification","valueRequired":true,"valueName":"search_term_string"}}],"inLanguage":"en-US"},{"@type":"Organization","@id":"https:\/\/domartstyl.com\/en\/#organization","name":"DomArtStyl","url":"https:\/\/domartstyl.com\/en\/","logo":{"@type":"ImageObject","inLanguage":"en-US","@id":"https:\/\/domartstyl.com\/en\/#\/schema\/logo\/image\/","url":"https:\/\/domartstyl.com\/wp-content\/uploads\/2018\/04\/Logo_300_width.png","contentUrl":"https:\/\/domartstyl.com\/wp-content\/uploads\/2018\/04\/Logo_300_width.png","width":300,"height":140,"caption":"DomArtStyl"},"image":{"@id":"https:\/\/domartstyl.com\/en\/#\/schema\/logo\/image\/"},"sameAs":["https:\/\/www.facebook.com\/DomArtStyl\/","https:\/\/x.com\/DomArtStyl_pl","https:\/\/www.instagram.com\/domartstyl\/?hl=en","https:\/\/pl.pinterest.com\/domartstyl01\/","https:\/\/www.youtube.com\/channel\/UCkISSgvMomI6yFFL3JDbLhw"]}]},"product_price_amount":"1100.00","product_price_currency":"EUR","og_availability":"instock","product_availability":"instock","product_condition":"new"},"_links":{"self":[{"href":"https:\/\/domartstyl.com\/en\/wp-json\/wp\/v2\/product\/96714","targetHints":{"allow":["GET"]}}],"collection":[{"href":"https:\/\/domartstyl.com\/en\/wp-json\/wp\/v2\/product"}],"about":[{"href":"https:\/\/domartstyl.com\/en\/wp-json\/wp\/v2\/types\/product"}],"replies":[{"embeddable":true,"href":"https:\/\/domartstyl.com\/en\/wp-json\/wp\/v2\/comments?post=96714"}],"wp:featuredmedia":[{"embeddable":true,"href":"https:\/\/domartstyl.com\/en\/wp-json\/wp\/v2\/media\/96718"}],"wp:attachment":[{"href":"https:\/\/domartstyl.com\/en\/wp-json\/wp\/v2\/media?parent=96714"}],"wp:term":[{"taxonomy":"product_brand","embeddable":true,"href":"https:\/\/domartstyl.com\/en\/wp-json\/wp\/v2\/product_brand?post=96714"},{"taxonomy":"product_cat","embeddable":true,"href":"https:\/\/domartstyl.com\/en\/wp-json\/wp\/v2\/product_cat?post=96714"},{"taxonomy":"product_tag","embeddable":true,"href":"https:\/\/domartstyl.com\/en\/wp-json\/wp\/v2\/product_tag?post=96714"}],"curies":[{"name":"wp","href":"https:\/\/api.w.org\/{rel}","templated":true}]}}