{"id":96658,"date":"2025-11-12T11:32:43","date_gmt":"2025-11-12T10:32:43","guid":{"rendered":"https:\/\/domartstyl.com\/?post_type=product&#038;p=96658"},"modified":"2025-11-24T13:12:29","modified_gmt":"2025-11-24T12:12:29","slug":"grand-right-chaise-longue-kopia","status":"publish","type":"product","link":"https:\/\/domartstyl.com\/en\/grand-right-chaise-longue-kopia\/","title":{"rendered":"Right chaise lounge GRETA"},"content":{"rendered":"<p data-start=\"63\" data-end=\"92\"><strong data-start=\"63\" data-end=\"92\">Greta Right Chaise Lounge<\/strong><\/p>\n<p data-start=\"94\" data-end=\"479\">The <strong data-start=\"98\" data-end=\"127\">Greta right chaise lounge<\/strong> is a stylish and functional module that combines elegance with exceptional comfort. Its modern, soft form encourages relaxation in a seated or semi-reclined position, creating the perfect spot for unwinding, reading, or enjoying an afternoon nap. It can serve as a striking finishing element of a modular sofa or function as a standalone lounge piece.<\/p>\n<p data-start=\"481\" data-end=\"833\">Its refined proportions, smooth lines, and solid construction give the Greta chaise an elegant and subtle presence in any interior\u2014from contemporary to more classic arrangements. Thanks to the modular design of the collection, it can be combined with other elements to create various layouts tailored to individual needs and the character of the space.<\/p>\n<p data-start=\"835\" data-end=\"1045\">This piece stands out for its functionality, comfort, and timeless design. The Greta chaise lounge is an ideal choice for those who appreciate a blend of aesthetics, comfort, and flexibility in interior design.<\/p>\n","protected":false},"excerpt":{"rendered":"<p>The <strong data-start=\"40\" data-end=\"69\">Greta right chaise lounge<\/strong> is an elegant and comfortable element of the modular collection, designed with relaxation and comfort in mind. It works perfectly as the finishing piece of a sofa or as a standalone lounge unit. Its simple, modern form blends harmoniously with various interior styles, creating a cozy and elegant place to unwind.<\/p>\n","protected":false},"featured_media":96913,"comment_status":"closed","ping_status":"closed","template":"","meta":[],"product_brand":[],"product_cat":[39,9043],"product_tag":[],"class_list":{"0":"post-96658","1":"product","2":"type-product","3":"status-publish","4":"has-post-thumbnail","6":"product_cat-sofas","7":"product_cat-modular-sofas","8":"product_shipping_class-8906","10":"first","11":"instock","12":"taxable","13":"shipping-taxable","14":"purchasable","15":"product-type-simple"},"yoast_head":"<!-- This site is optimized with the Yoast SEO Premium plugin v25.0 (Yoast SEO v25.0) - https:\/\/yoast.com\/wordpress\/plugins\/seo\/ -->\n<title>Living Room Sofa - Modular Grand - Modern Sofa<\/title>\n<meta name=\"description\" content=\"Grand Modular Sofa made in a glamor style. Made of the highest quality materials, it stands out for its stylish appearance, but also for its extraordinary comfort.\" \/>\n<meta name=\"robots\" content=\"index, follow, max-snippet:-1, max-image-preview:large, max-video-preview:-1\" \/>\n<link rel=\"canonical\" href=\"https:\/\/domartstyl.com\/en\/grand-right-chaise-longue-kopia\/\" \/>\n<meta property=\"og:locale\" content=\"en_US\" \/>\n<meta property=\"og:type\" content=\"article\" \/>\n<meta property=\"og:title\" content=\"Right chaise lounge GRETA - DomArtStyl\" \/>\n<meta property=\"og:description\" content=\"Grand Modular Sofa made in a glamor style. Made of the highest quality materials, it stands out for its stylish appearance, but also for its extraordinary comfort.\" \/>\n<meta property=\"og:url\" content=\"https:\/\/domartstyl.com\/en\/grand-right-chaise-longue-kopia\/\" \/>\n<meta property=\"og:site_name\" content=\"DomArtStyl\" \/>\n<meta property=\"article:publisher\" content=\"https:\/\/www.facebook.com\/DomArtStyl\/\" \/>\n<meta property=\"article:modified_time\" content=\"2025-11-24T12:12:29+00:00\" \/>\n<meta property=\"og:image\" content=\"https:\/\/domartstyl.com\/wp-content\/uploads\/2025\/11\/SZP-Greta-4-3.jpg\" \/>\n\t<meta property=\"og:image:width\" content=\"1000\" \/>\n\t<meta property=\"og:image:height\" content=\"1000\" \/>\n\t<meta property=\"og:image:type\" content=\"image\/jpeg\" \/>\n<meta name=\"twitter:card\" content=\"summary_large_image\" \/>\n<meta name=\"twitter:site\" content=\"@DomArtStyl_pl\" \/>\n<meta name=\"twitter:label1\" content=\"Price\" \/>\n\t<meta name=\"twitter:data1\" content=\"&euro;687,50\" \/>\n\t<meta name=\"twitter:label2\" content=\"Availability\" \/>\n\t<meta name=\"twitter:data2\" content=\"In stock\" \/>\n<script type=\"application\/ld+json\" class=\"yoast-schema-graph\">{\"@context\":\"https:\/\/schema.org\",\"@graph\":[{\"@type\":\"WebPage\",\"@id\":\"https:\/\/domartstyl.com\/en\/grand-right-chaise-longue-kopia\/\",\"url\":\"https:\/\/domartstyl.com\/en\/grand-right-chaise-longue-kopia\/\",\"name\":\"Living Room Sofa - Modular Grand - Modern Sofa\",\"isPartOf\":{\"@id\":\"https:\/\/domartstyl.com\/en\/#website\"},\"primaryImageOfPage\":{\"@id\":\"https:\/\/domartstyl.com\/en\/grand-right-chaise-longue-kopia\/#primaryimage\"},\"image\":{\"@id\":\"https:\/\/domartstyl.com\/en\/grand-right-chaise-longue-kopia\/#primaryimage\"},\"thumbnailUrl\":\"https:\/\/domartstyl.com\/wp-content\/uploads\/2025\/11\/SZP-Greta-4-3.jpg\",\"datePublished\":\"2025-11-12T10:32:43+00:00\",\"dateModified\":\"2025-11-24T12:12:29+00:00\",\"description\":\"Grand Modular Sofa made in a glamor style. Made of the highest quality materials, it stands out for its stylish appearance, but also for its extraordinary comfort.\",\"breadcrumb\":{\"@id\":\"https:\/\/domartstyl.com\/en\/grand-right-chaise-longue-kopia\/#breadcrumb\"},\"inLanguage\":\"en-US\",\"potentialAction\":[{\"@type\":\"ReadAction\",\"target\":[\"https:\/\/domartstyl.com\/en\/grand-right-chaise-longue-kopia\/\"]}]},{\"@type\":\"ImageObject\",\"inLanguage\":\"en-US\",\"@id\":\"https:\/\/domartstyl.com\/en\/grand-right-chaise-longue-kopia\/#primaryimage\",\"url\":\"https:\/\/domartstyl.com\/wp-content\/uploads\/2025\/11\/SZP-Greta-4-3.jpg\",\"contentUrl\":\"https:\/\/domartstyl.com\/wp-content\/uploads\/2025\/11\/SZP-Greta-4-3.jpg\",\"width\":1000,\"height\":1000},{\"@type\":\"BreadcrumbList\",\"@id\":\"https:\/\/domartstyl.com\/en\/grand-right-chaise-longue-kopia\/#breadcrumb\",\"itemListElement\":[{\"@type\":\"ListItem\",\"position\":1,\"name\":\"Strona g\u0142\u00f3wna\",\"item\":\"https:\/\/domartstyl.com\/en\/\"},{\"@type\":\"ListItem\",\"position\":2,\"name\":\"Modern Upholstered Furniture\",\"item\":\"https:\/\/domartstyl.com\/en\/furniture\/\"},{\"@type\":\"ListItem\",\"position\":3,\"name\":\"Right chaise lounge GRETA\"}]},{\"@type\":\"WebSite\",\"@id\":\"https:\/\/domartstyl.com\/en\/#website\",\"url\":\"https:\/\/domartstyl.com\/en\/\",\"name\":\"DomArtStyl\",\"description\":\"Tworzymy meble najwy\u017cszej jako\u015bci. Sprzeda\u017c detaliczna \u00b7 Sprzeda\u017c hurtowa\",\"publisher\":{\"@id\":\"https:\/\/domartstyl.com\/en\/#organization\"},\"potentialAction\":[{\"@type\":\"SearchAction\",\"target\":{\"@type\":\"EntryPoint\",\"urlTemplate\":\"https:\/\/domartstyl.com\/en\/?s={search_term_string}\"},\"query-input\":{\"@type\":\"PropertyValueSpecification\",\"valueRequired\":true,\"valueName\":\"search_term_string\"}}],\"inLanguage\":\"en-US\"},{\"@type\":\"Organization\",\"@id\":\"https:\/\/domartstyl.com\/en\/#organization\",\"name\":\"DomArtStyl\",\"url\":\"https:\/\/domartstyl.com\/en\/\",\"logo\":{\"@type\":\"ImageObject\",\"inLanguage\":\"en-US\",\"@id\":\"https:\/\/domartstyl.com\/en\/#\/schema\/logo\/image\/\",\"url\":\"https:\/\/domartstyl.com\/wp-content\/uploads\/2018\/04\/Logo_300_width.png\",\"contentUrl\":\"https:\/\/domartstyl.com\/wp-content\/uploads\/2018\/04\/Logo_300_width.png\",\"width\":300,\"height\":140,\"caption\":\"DomArtStyl\"},\"image\":{\"@id\":\"https:\/\/domartstyl.com\/en\/#\/schema\/logo\/image\/\"},\"sameAs\":[\"https:\/\/www.facebook.com\/DomArtStyl\/\",\"https:\/\/x.com\/DomArtStyl_pl\",\"https:\/\/www.instagram.com\/domartstyl\/?hl=en\",\"https:\/\/pl.pinterest.com\/domartstyl01\/\",\"https:\/\/www.youtube.com\/channel\/UCkISSgvMomI6yFFL3JDbLhw\"]}]}<\/script>\n<meta property=\"product:price:amount\" content=\"687.50\" \/>\n<meta property=\"product:price:currency\" content=\"EUR\" \/>\n<meta property=\"og:availability\" content=\"instock\" \/>\n<meta property=\"product:availability\" content=\"instock\" \/>\n<meta property=\"product:condition\" content=\"new\" \/>\n<!-- \/ Yoast SEO Premium plugin. -->","yoast_head_json":{"title":"Living Room Sofa - Modular Grand - Modern Sofa","description":"Grand Modular Sofa made in a glamor style. Made of the highest quality materials, it stands out for its stylish appearance, but also for its extraordinary comfort.","robots":{"index":"index","follow":"follow","max-snippet":"max-snippet:-1","max-image-preview":"max-image-preview:large","max-video-preview":"max-video-preview:-1"},"canonical":"https:\/\/domartstyl.com\/en\/grand-right-chaise-longue-kopia\/","og_locale":"en_US","og_type":"article","og_title":"Right chaise lounge GRETA - DomArtStyl","og_description":"Grand Modular Sofa made in a glamor style. Made of the highest quality materials, it stands out for its stylish appearance, but also for its extraordinary comfort.","og_url":"https:\/\/domartstyl.com\/en\/grand-right-chaise-longue-kopia\/","og_site_name":"DomArtStyl","article_publisher":"https:\/\/www.facebook.com\/DomArtStyl\/","article_modified_time":"2025-11-24T12:12:29+00:00","og_image":[{"width":1000,"height":1000,"url":"https:\/\/domartstyl.com\/wp-content\/uploads\/2025\/11\/SZP-Greta-4-3.jpg","type":"image\/jpeg"}],"twitter_card":"summary_large_image","twitter_site":"@DomArtStyl_pl","twitter_misc":{"Price":"&euro;687,50","Availability":"In stock"},"schema":{"@context":"https:\/\/schema.org","@graph":[{"@type":"WebPage","@id":"https:\/\/domartstyl.com\/en\/grand-right-chaise-longue-kopia\/","url":"https:\/\/domartstyl.com\/en\/grand-right-chaise-longue-kopia\/","name":"Living Room Sofa - Modular Grand - Modern Sofa","isPartOf":{"@id":"https:\/\/domartstyl.com\/en\/#website"},"primaryImageOfPage":{"@id":"https:\/\/domartstyl.com\/en\/grand-right-chaise-longue-kopia\/#primaryimage"},"image":{"@id":"https:\/\/domartstyl.com\/en\/grand-right-chaise-longue-kopia\/#primaryimage"},"thumbnailUrl":"https:\/\/domartstyl.com\/wp-content\/uploads\/2025\/11\/SZP-Greta-4-3.jpg","datePublished":"2025-11-12T10:32:43+00:00","dateModified":"2025-11-24T12:12:29+00:00","description":"Grand Modular Sofa made in a glamor style. Made of the highest quality materials, it stands out for its stylish appearance, but also for its extraordinary comfort.","breadcrumb":{"@id":"https:\/\/domartstyl.com\/en\/grand-right-chaise-longue-kopia\/#breadcrumb"},"inLanguage":"en-US","potentialAction":[{"@type":"ReadAction","target":["https:\/\/domartstyl.com\/en\/grand-right-chaise-longue-kopia\/"]}]},{"@type":"ImageObject","inLanguage":"en-US","@id":"https:\/\/domartstyl.com\/en\/grand-right-chaise-longue-kopia\/#primaryimage","url":"https:\/\/domartstyl.com\/wp-content\/uploads\/2025\/11\/SZP-Greta-4-3.jpg","contentUrl":"https:\/\/domartstyl.com\/wp-content\/uploads\/2025\/11\/SZP-Greta-4-3.jpg","width":1000,"height":1000},{"@type":"BreadcrumbList","@id":"https:\/\/domartstyl.com\/en\/grand-right-chaise-longue-kopia\/#breadcrumb","itemListElement":[{"@type":"ListItem","position":1,"name":"Strona g\u0142\u00f3wna","item":"https:\/\/domartstyl.com\/en\/"},{"@type":"ListItem","position":2,"name":"Modern Upholstered Furniture","item":"https:\/\/domartstyl.com\/en\/furniture\/"},{"@type":"ListItem","position":3,"name":"Right chaise lounge GRETA"}]},{"@type":"WebSite","@id":"https:\/\/domartstyl.com\/en\/#website","url":"https:\/\/domartstyl.com\/en\/","name":"DomArtStyl","description":"Tworzymy meble najwy\u017cszej jako\u015bci. Sprzeda\u017c detaliczna \u00b7 Sprzeda\u017c hurtowa","publisher":{"@id":"https:\/\/domartstyl.com\/en\/#organization"},"potentialAction":[{"@type":"SearchAction","target":{"@type":"EntryPoint","urlTemplate":"https:\/\/domartstyl.com\/en\/?s={search_term_string}"},"query-input":{"@type":"PropertyValueSpecification","valueRequired":true,"valueName":"search_term_string"}}],"inLanguage":"en-US"},{"@type":"Organization","@id":"https:\/\/domartstyl.com\/en\/#organization","name":"DomArtStyl","url":"https:\/\/domartstyl.com\/en\/","logo":{"@type":"ImageObject","inLanguage":"en-US","@id":"https:\/\/domartstyl.com\/en\/#\/schema\/logo\/image\/","url":"https:\/\/domartstyl.com\/wp-content\/uploads\/2018\/04\/Logo_300_width.png","contentUrl":"https:\/\/domartstyl.com\/wp-content\/uploads\/2018\/04\/Logo_300_width.png","width":300,"height":140,"caption":"DomArtStyl"},"image":{"@id":"https:\/\/domartstyl.com\/en\/#\/schema\/logo\/image\/"},"sameAs":["https:\/\/www.facebook.com\/DomArtStyl\/","https:\/\/x.com\/DomArtStyl_pl","https:\/\/www.instagram.com\/domartstyl\/?hl=en","https:\/\/pl.pinterest.com\/domartstyl01\/","https:\/\/www.youtube.com\/channel\/UCkISSgvMomI6yFFL3JDbLhw"]}]},"product_price_amount":"687.50","product_price_currency":"EUR","og_availability":"instock","product_availability":"instock","product_condition":"new"},"_links":{"self":[{"href":"https:\/\/domartstyl.com\/en\/wp-json\/wp\/v2\/product\/96658","targetHints":{"allow":["GET"]}}],"collection":[{"href":"https:\/\/domartstyl.com\/en\/wp-json\/wp\/v2\/product"}],"about":[{"href":"https:\/\/domartstyl.com\/en\/wp-json\/wp\/v2\/types\/product"}],"replies":[{"embeddable":true,"href":"https:\/\/domartstyl.com\/en\/wp-json\/wp\/v2\/comments?post=96658"}],"wp:featuredmedia":[{"embeddable":true,"href":"https:\/\/domartstyl.com\/en\/wp-json\/wp\/v2\/media\/96913"}],"wp:attachment":[{"href":"https:\/\/domartstyl.com\/en\/wp-json\/wp\/v2\/media?parent=96658"}],"wp:term":[{"taxonomy":"product_brand","embeddable":true,"href":"https:\/\/domartstyl.com\/en\/wp-json\/wp\/v2\/product_brand?post=96658"},{"taxonomy":"product_cat","embeddable":true,"href":"https:\/\/domartstyl.com\/en\/wp-json\/wp\/v2\/product_cat?post=96658"},{"taxonomy":"product_tag","embeddable":true,"href":"https:\/\/domartstyl.com\/en\/wp-json\/wp\/v2\/product_tag?post=96658"}],"curies":[{"name":"wp","href":"https:\/\/api.w.org\/{rel}","templated":true}]}}