{"id":95983,"date":"2025-09-17T13:06:37","date_gmt":"2025-09-17T12:06:37","guid":{"rendered":"https:\/\/domartstyl.com\/?post_type=product&#038;p=95983"},"modified":"2025-10-21T12:18:29","modified_gmt":"2025-10-21T11:18:29","slug":"selia-corner-kopia","status":"publish","type":"product","link":"https:\/\/domartstyl.com\/en\/selia-corner-kopia\/","title":{"rendered":"Gracja Corner"},"content":{"rendered":"<h3 data-start=\"192\" data-end=\"237\"><strong data-start=\"196\" data-end=\"237\">Gracja Corner \u2013 Modernity and Comfort<\/strong><\/h3>\n<p data-start=\"239\" data-end=\"496\"><strong data-start=\"239\" data-end=\"256\">Gracja Corner<\/strong> is a perfect combination of elegance and comfort. Thanks to its modular design, you can freely configure the sofa to suit your needs and space. The minimalist form and smooth lines make it a great fit for both modern and classic interiors.<\/p>\n<h4 data-start=\"498\" data-end=\"527\"><strong data-start=\"503\" data-end=\"527\">Key Product Features<\/strong><\/h4>\n<ul data-start=\"528\" data-end=\"850\">\n<li data-start=\"528\" data-end=\"594\">\n<p data-start=\"530\" data-end=\"594\"><strong data-start=\"530\" data-end=\"546\">Modular sofa<\/strong> \u2013 freely configurable layout to fit any space<\/p>\n<\/li>\n<li data-start=\"595\" data-end=\"690\">\n<p data-start=\"597\" data-end=\"690\"><strong data-start=\"597\" data-end=\"620\">Comfortable seating<\/strong> \u2013 soft upholstery and high-quality filling ensure excellent comfort<\/p>\n<\/li>\n<li data-start=\"691\" data-end=\"770\">\n<p data-start=\"693\" data-end=\"770\"><strong data-start=\"693\" data-end=\"711\">Elegant design<\/strong> \u2013 contemporary form suitable for various interior styles<\/p>\n<\/li>\n<li data-start=\"771\" data-end=\"850\">\n<p data-start=\"773\" data-end=\"850\"><strong data-start=\"773\" data-end=\"799\">Durability and quality<\/strong> \u2013 solid construction guarantees long-lasting use<\/p>\n<\/li>\n<\/ul>\n<p data-start=\"852\" data-end=\"1034\"><strong data-start=\"852\" data-end=\"869\">Gracja Corner<\/strong> is available in a wide range of colors, from classic shades of grey and beige to bold, vibrant tones \u2014 making it easy to match your sofa perfectly to your interior.<\/p>\n<h3 data-start=\"1036\" data-end=\"1067\"><strong data-start=\"1040\" data-end=\"1067\">Comfort and Versatility<\/strong><\/h3>\n<p data-start=\"1069\" data-end=\"1266\">Soft seating and ergonomic support make the <strong data-start=\"1113\" data-end=\"1123\">Gracja<\/strong> module an ideal place to relax. The modular structure allows you to adjust the sofa layout to different spaces \u2014 from living rooms to offices.<\/p>\n<h4 data-start=\"1268\" data-end=\"1312\"><strong data-start=\"1273\" data-end=\"1312\">Perfect for Various Interior Styles<\/strong><\/h4>\n<ul data-start=\"1313\" data-end=\"1548\">\n<li data-start=\"1313\" data-end=\"1370\">\n<p data-start=\"1315\" data-end=\"1370\"><strong data-start=\"1315\" data-end=\"1335\">Modern interiors<\/strong> \u2013 minimalist form, trendy colors<\/p>\n<\/li>\n<li data-start=\"1371\" data-end=\"1429\">\n<p data-start=\"1373\" data-end=\"1429\"><strong data-start=\"1373\" data-end=\"1390\">Glamour style<\/strong> \u2013 luxurious look, elegant upholstery<\/p>\n<\/li>\n<li data-start=\"1430\" data-end=\"1489\">\n<p data-start=\"1432\" data-end=\"1489\"><strong data-start=\"1432\" data-end=\"1454\">Scandinavian style<\/strong> \u2013 functionality and subtle tones<\/p>\n<\/li>\n<li data-start=\"1490\" data-end=\"1548\">\n<p data-start=\"1492\" data-end=\"1548\"><strong data-start=\"1492\" data-end=\"1510\">Loft interiors<\/strong> \u2013 designer character, raw materials<\/p>\n<\/li>\n<\/ul>\n<p data-start=\"1550\" data-end=\"1614\"><strong data-start=\"1550\" data-end=\"1614\">Choose Gracja Corner and create the perfect place to unwind!<\/strong><\/p>\n","protected":false},"excerpt":{"rendered":"<h3 data-start=\"182\" data-end=\"223\"><strong data-start=\"186\" data-end=\"223\">Gracja Corner \u2013 Comfort and Style<\/strong><\/h3>\n<p data-start=\"225\" data-end=\"537\">Create your own arrangements with the <strong data-start=\"263\" data-end=\"273\">Gracja<\/strong> modular element!<br data-start=\"290\" data-end=\"293\" \/>Elegant design and functionality make it a perfect fit for any interior \u2013 from modern to classic.<br data-start=\"390\" data-end=\"393\" \/>Thanks to its modular construction, you can freely configure your space, creating a comfortable and stylish sofa perfectly suited to your needs.<\/p>\n<h3 data-start=\"539\" data-end=\"563\"><strong data-start=\"543\" data-end=\"563\">Superior Comfort<\/strong><\/h3>\n<ul data-start=\"564\" data-end=\"773\">\n<li data-start=\"564\" data-end=\"636\">\n<p data-start=\"566\" data-end=\"636\">Soft seat and ergonomic support provide the highest level of comfort<\/p>\n<\/li>\n<li data-start=\"637\" data-end=\"715\">\n<p data-start=\"639\" data-end=\"715\">High-quality upholstery is pleasant to the touch and exceptionally durable<\/p>\n<\/li>\n<li data-start=\"716\" data-end=\"773\">\n<p data-start=\"718\" data-end=\"773\">Solid, long-lasting construction ensures years of use<\/p>\n<\/li>\n<\/ul>\n<h3 data-start=\"775\" data-end=\"809\"><strong data-start=\"779\" data-end=\"809\">Tailor It to Your Interior<\/strong><\/h3>\n<p data-start=\"811\" data-end=\"1056\">The <strong data-start=\"815\" data-end=\"825\">Gracja<\/strong> element is available in a wide range of colors \u2013 from classic shades of grey and beige to more expressive, vibrant tones.<br data-start=\"947\" data-end=\"950\" \/>This allows you to create a sofa that perfectly matches your interior and highlights its unique character.<\/p>\n<h3 data-start=\"1058\" data-end=\"1101\"><strong data-start=\"1062\" data-end=\"1101\">An Ideal Choice for Any Arrangement<\/strong><\/h3>\n<p data-start=\"1103\" data-end=\"1283\"><strong data-start=\"1103\" data-end=\"1113\">Gracja<\/strong> fits beautifully into modern, Scandinavian, loft, and elegant glamour interiors.<br data-start=\"1194\" data-end=\"1197\" \/>Its versatility allows you to easily adapt it to your living room, bedroom, or office.<\/p>\n<p data-start=\"1285\" data-end=\"1353\"><strong data-start=\"1285\" data-end=\"1353\">Choose the Gracja element and enjoy luxurious comfort every day!<\/strong><\/p>\n","protected":false},"featured_media":95985,"comment_status":"closed","ping_status":"closed","template":"","meta":[],"product_brand":[],"product_cat":[647,39,9043],"product_tag":[],"class_list":{"0":"post-95983","1":"product","2":"type-product","3":"status-publish","4":"has-post-thumbnail","6":"product_cat-newest-products","7":"product_cat-sofas","8":"product_cat-modular-sofas","9":"product_shipping_class-individually-packed-110-120","11":"first","12":"instock","13":"taxable","14":"shipping-taxable","15":"purchasable","16":"product-type-simple"},"yoast_head":"<!-- This site is optimized with the Yoast SEO Premium plugin v25.0 (Yoast SEO v25.0) - https:\/\/yoast.com\/wordpress\/plugins\/seo\/ -->\n<title>Selia Corner \u2013 Comfort and Style<\/title>\n<meta name=\"description\" content=\"The Selia corner module combines elegance, comfort, and versatility, allowing you to create a stylish and customizable sofa that fits perfectly in any modern or classic interior.\" \/>\n<meta name=\"robots\" content=\"index, follow, max-snippet:-1, max-image-preview:large, max-video-preview:-1\" \/>\n<link rel=\"canonical\" href=\"https:\/\/domartstyl.com\/en\/selia-corner-kopia\/\" \/>\n<meta property=\"og:locale\" content=\"en_US\" \/>\n<meta property=\"og:type\" content=\"article\" \/>\n<meta property=\"og:title\" content=\"Gracja Corner - DomArtStyl\" \/>\n<meta property=\"og:description\" content=\"The Selia corner module combines elegance, comfort, and versatility, allowing you to create a stylish and customizable sofa that fits perfectly in any modern or classic interior.\" \/>\n<meta property=\"og:url\" content=\"https:\/\/domartstyl.com\/en\/selia-corner-kopia\/\" \/>\n<meta property=\"og:site_name\" content=\"DomArtStyl\" \/>\n<meta property=\"article:publisher\" content=\"https:\/\/www.facebook.com\/DomArtStyl\/\" \/>\n<meta property=\"article:modified_time\" content=\"2025-10-21T11:18:29+00:00\" \/>\n<meta property=\"og:image\" content=\"https:\/\/domartstyl.com\/wp-content\/uploads\/2025\/09\/R-gracja-bluvel22-2.jpg\" \/>\n\t<meta property=\"og:image:width\" content=\"1000\" \/>\n\t<meta property=\"og:image:height\" content=\"1000\" \/>\n\t<meta property=\"og:image:type\" content=\"image\/jpeg\" \/>\n<meta name=\"twitter:card\" content=\"summary_large_image\" \/>\n<meta name=\"twitter:site\" content=\"@DomArtStyl_pl\" \/>\n<meta name=\"twitter:label1\" content=\"Price\" \/>\n\t<meta name=\"twitter:data1\" content=\"&euro;415,00\" \/>\n\t<meta name=\"twitter:label2\" content=\"Availability\" \/>\n\t<meta name=\"twitter:data2\" content=\"In stock\" \/>\n<script type=\"application\/ld+json\" class=\"yoast-schema-graph\">{\"@context\":\"https:\/\/schema.org\",\"@graph\":[{\"@type\":\"WebPage\",\"@id\":\"https:\/\/domartstyl.com\/en\/selia-corner-kopia\/\",\"url\":\"https:\/\/domartstyl.com\/en\/selia-corner-kopia\/\",\"name\":\"Selia Corner \u2013 Comfort and Style\",\"isPartOf\":{\"@id\":\"https:\/\/domartstyl.com\/en\/#website\"},\"primaryImageOfPage\":{\"@id\":\"https:\/\/domartstyl.com\/en\/selia-corner-kopia\/#primaryimage\"},\"image\":{\"@id\":\"https:\/\/domartstyl.com\/en\/selia-corner-kopia\/#primaryimage\"},\"thumbnailUrl\":\"https:\/\/domartstyl.com\/wp-content\/uploads\/2025\/09\/R-gracja-bluvel22-2.jpg\",\"datePublished\":\"2025-09-17T12:06:37+00:00\",\"dateModified\":\"2025-10-21T11:18:29+00:00\",\"description\":\"The Selia corner module combines elegance, comfort, and versatility, allowing you to create a stylish and customizable sofa that fits perfectly in any modern or classic interior.\",\"breadcrumb\":{\"@id\":\"https:\/\/domartstyl.com\/en\/selia-corner-kopia\/#breadcrumb\"},\"inLanguage\":\"en-US\",\"potentialAction\":[{\"@type\":\"ReadAction\",\"target\":[\"https:\/\/domartstyl.com\/en\/selia-corner-kopia\/\"]}]},{\"@type\":\"ImageObject\",\"inLanguage\":\"en-US\",\"@id\":\"https:\/\/domartstyl.com\/en\/selia-corner-kopia\/#primaryimage\",\"url\":\"https:\/\/domartstyl.com\/wp-content\/uploads\/2025\/09\/R-gracja-bluvel22-2.jpg\",\"contentUrl\":\"https:\/\/domartstyl.com\/wp-content\/uploads\/2025\/09\/R-gracja-bluvel22-2.jpg\",\"width\":1000,\"height\":1000},{\"@type\":\"BreadcrumbList\",\"@id\":\"https:\/\/domartstyl.com\/en\/selia-corner-kopia\/#breadcrumb\",\"itemListElement\":[{\"@type\":\"ListItem\",\"position\":1,\"name\":\"Strona g\u0142\u00f3wna\",\"item\":\"https:\/\/domartstyl.com\/en\/\"},{\"@type\":\"ListItem\",\"position\":2,\"name\":\"Modern Upholstered Furniture\",\"item\":\"https:\/\/domartstyl.com\/en\/furniture\/\"},{\"@type\":\"ListItem\",\"position\":3,\"name\":\"Gracja Corner\"}]},{\"@type\":\"WebSite\",\"@id\":\"https:\/\/domartstyl.com\/en\/#website\",\"url\":\"https:\/\/domartstyl.com\/en\/\",\"name\":\"DomArtStyl\",\"description\":\"Tworzymy meble najwy\u017cszej jako\u015bci. Sprzeda\u017c detaliczna \u00b7 Sprzeda\u017c hurtowa\",\"publisher\":{\"@id\":\"https:\/\/domartstyl.com\/en\/#organization\"},\"potentialAction\":[{\"@type\":\"SearchAction\",\"target\":{\"@type\":\"EntryPoint\",\"urlTemplate\":\"https:\/\/domartstyl.com\/en\/?s={search_term_string}\"},\"query-input\":{\"@type\":\"PropertyValueSpecification\",\"valueRequired\":true,\"valueName\":\"search_term_string\"}}],\"inLanguage\":\"en-US\"},{\"@type\":\"Organization\",\"@id\":\"https:\/\/domartstyl.com\/en\/#organization\",\"name\":\"DomArtStyl\",\"url\":\"https:\/\/domartstyl.com\/en\/\",\"logo\":{\"@type\":\"ImageObject\",\"inLanguage\":\"en-US\",\"@id\":\"https:\/\/domartstyl.com\/en\/#\/schema\/logo\/image\/\",\"url\":\"https:\/\/domartstyl.com\/wp-content\/uploads\/2018\/04\/Logo_300_width.png\",\"contentUrl\":\"https:\/\/domartstyl.com\/wp-content\/uploads\/2018\/04\/Logo_300_width.png\",\"width\":300,\"height\":140,\"caption\":\"DomArtStyl\"},\"image\":{\"@id\":\"https:\/\/domartstyl.com\/en\/#\/schema\/logo\/image\/\"},\"sameAs\":[\"https:\/\/www.facebook.com\/DomArtStyl\/\",\"https:\/\/x.com\/DomArtStyl_pl\",\"https:\/\/www.instagram.com\/domartstyl\/?hl=en\",\"https:\/\/pl.pinterest.com\/domartstyl01\/\",\"https:\/\/www.youtube.com\/channel\/UCkISSgvMomI6yFFL3JDbLhw\"]}]}<\/script>\n<meta property=\"product:price:amount\" content=\"415.00\" \/>\n<meta property=\"product:price:currency\" content=\"EUR\" \/>\n<meta property=\"og:availability\" content=\"instock\" \/>\n<meta property=\"product:availability\" content=\"instock\" \/>\n<meta property=\"product:condition\" content=\"new\" \/>\n<!-- \/ Yoast SEO Premium plugin. -->","yoast_head_json":{"title":"Selia Corner \u2013 Comfort and Style","description":"The Selia corner module combines elegance, comfort, and versatility, allowing you to create a stylish and customizable sofa that fits perfectly in any modern or classic interior.","robots":{"index":"index","follow":"follow","max-snippet":"max-snippet:-1","max-image-preview":"max-image-preview:large","max-video-preview":"max-video-preview:-1"},"canonical":"https:\/\/domartstyl.com\/en\/selia-corner-kopia\/","og_locale":"en_US","og_type":"article","og_title":"Gracja Corner - DomArtStyl","og_description":"The Selia corner module combines elegance, comfort, and versatility, allowing you to create a stylish and customizable sofa that fits perfectly in any modern or classic interior.","og_url":"https:\/\/domartstyl.com\/en\/selia-corner-kopia\/","og_site_name":"DomArtStyl","article_publisher":"https:\/\/www.facebook.com\/DomArtStyl\/","article_modified_time":"2025-10-21T11:18:29+00:00","og_image":[{"width":1000,"height":1000,"url":"https:\/\/domartstyl.com\/wp-content\/uploads\/2025\/09\/R-gracja-bluvel22-2.jpg","type":"image\/jpeg"}],"twitter_card":"summary_large_image","twitter_site":"@DomArtStyl_pl","twitter_misc":{"Price":"&euro;415,00","Availability":"In stock"},"schema":{"@context":"https:\/\/schema.org","@graph":[{"@type":"WebPage","@id":"https:\/\/domartstyl.com\/en\/selia-corner-kopia\/","url":"https:\/\/domartstyl.com\/en\/selia-corner-kopia\/","name":"Selia Corner \u2013 Comfort and Style","isPartOf":{"@id":"https:\/\/domartstyl.com\/en\/#website"},"primaryImageOfPage":{"@id":"https:\/\/domartstyl.com\/en\/selia-corner-kopia\/#primaryimage"},"image":{"@id":"https:\/\/domartstyl.com\/en\/selia-corner-kopia\/#primaryimage"},"thumbnailUrl":"https:\/\/domartstyl.com\/wp-content\/uploads\/2025\/09\/R-gracja-bluvel22-2.jpg","datePublished":"2025-09-17T12:06:37+00:00","dateModified":"2025-10-21T11:18:29+00:00","description":"The Selia corner module combines elegance, comfort, and versatility, allowing you to create a stylish and customizable sofa that fits perfectly in any modern or classic interior.","breadcrumb":{"@id":"https:\/\/domartstyl.com\/en\/selia-corner-kopia\/#breadcrumb"},"inLanguage":"en-US","potentialAction":[{"@type":"ReadAction","target":["https:\/\/domartstyl.com\/en\/selia-corner-kopia\/"]}]},{"@type":"ImageObject","inLanguage":"en-US","@id":"https:\/\/domartstyl.com\/en\/selia-corner-kopia\/#primaryimage","url":"https:\/\/domartstyl.com\/wp-content\/uploads\/2025\/09\/R-gracja-bluvel22-2.jpg","contentUrl":"https:\/\/domartstyl.com\/wp-content\/uploads\/2025\/09\/R-gracja-bluvel22-2.jpg","width":1000,"height":1000},{"@type":"BreadcrumbList","@id":"https:\/\/domartstyl.com\/en\/selia-corner-kopia\/#breadcrumb","itemListElement":[{"@type":"ListItem","position":1,"name":"Strona g\u0142\u00f3wna","item":"https:\/\/domartstyl.com\/en\/"},{"@type":"ListItem","position":2,"name":"Modern Upholstered Furniture","item":"https:\/\/domartstyl.com\/en\/furniture\/"},{"@type":"ListItem","position":3,"name":"Gracja Corner"}]},{"@type":"WebSite","@id":"https:\/\/domartstyl.com\/en\/#website","url":"https:\/\/domartstyl.com\/en\/","name":"DomArtStyl","description":"Tworzymy meble najwy\u017cszej jako\u015bci. Sprzeda\u017c detaliczna \u00b7 Sprzeda\u017c hurtowa","publisher":{"@id":"https:\/\/domartstyl.com\/en\/#organization"},"potentialAction":[{"@type":"SearchAction","target":{"@type":"EntryPoint","urlTemplate":"https:\/\/domartstyl.com\/en\/?s={search_term_string}"},"query-input":{"@type":"PropertyValueSpecification","valueRequired":true,"valueName":"search_term_string"}}],"inLanguage":"en-US"},{"@type":"Organization","@id":"https:\/\/domartstyl.com\/en\/#organization","name":"DomArtStyl","url":"https:\/\/domartstyl.com\/en\/","logo":{"@type":"ImageObject","inLanguage":"en-US","@id":"https:\/\/domartstyl.com\/en\/#\/schema\/logo\/image\/","url":"https:\/\/domartstyl.com\/wp-content\/uploads\/2018\/04\/Logo_300_width.png","contentUrl":"https:\/\/domartstyl.com\/wp-content\/uploads\/2018\/04\/Logo_300_width.png","width":300,"height":140,"caption":"DomArtStyl"},"image":{"@id":"https:\/\/domartstyl.com\/en\/#\/schema\/logo\/image\/"},"sameAs":["https:\/\/www.facebook.com\/DomArtStyl\/","https:\/\/x.com\/DomArtStyl_pl","https:\/\/www.instagram.com\/domartstyl\/?hl=en","https:\/\/pl.pinterest.com\/domartstyl01\/","https:\/\/www.youtube.com\/channel\/UCkISSgvMomI6yFFL3JDbLhw"]}]},"product_price_amount":"415.00","product_price_currency":"EUR","og_availability":"instock","product_availability":"instock","product_condition":"new"},"_links":{"self":[{"href":"https:\/\/domartstyl.com\/en\/wp-json\/wp\/v2\/product\/95983","targetHints":{"allow":["GET"]}}],"collection":[{"href":"https:\/\/domartstyl.com\/en\/wp-json\/wp\/v2\/product"}],"about":[{"href":"https:\/\/domartstyl.com\/en\/wp-json\/wp\/v2\/types\/product"}],"replies":[{"embeddable":true,"href":"https:\/\/domartstyl.com\/en\/wp-json\/wp\/v2\/comments?post=95983"}],"wp:featuredmedia":[{"embeddable":true,"href":"https:\/\/domartstyl.com\/en\/wp-json\/wp\/v2\/media\/95985"}],"wp:attachment":[{"href":"https:\/\/domartstyl.com\/en\/wp-json\/wp\/v2\/media?parent=95983"}],"wp:term":[{"taxonomy":"product_brand","embeddable":true,"href":"https:\/\/domartstyl.com\/en\/wp-json\/wp\/v2\/product_brand?post=95983"},{"taxonomy":"product_cat","embeddable":true,"href":"https:\/\/domartstyl.com\/en\/wp-json\/wp\/v2\/product_cat?post=95983"},{"taxonomy":"product_tag","embeddable":true,"href":"https:\/\/domartstyl.com\/en\/wp-json\/wp\/v2\/product_tag?post=95983"}],"curies":[{"name":"wp","href":"https:\/\/api.w.org\/{rel}","templated":true}]}}