{"id":95929,"date":"2025-09-17T06:14:52","date_gmt":"2025-09-17T05:14:52","guid":{"rendered":"https:\/\/domartstyl.com\/?post_type=product&#038;p=95929"},"modified":"2025-10-06T12:52:31","modified_gmt":"2025-10-06T11:52:31","slug":"lizbona-sofa-2","status":"publish","type":"product","link":"https:\/\/domartstyl.com\/en\/lizbona-sofa-2\/","title":{"rendered":"Lizbona Sofa 2"},"content":{"rendered":"<article class=\"text-token-text-primary w-full focus:outline-none [content-visibility:auto] supports-[content-visibility:auto]:[contain-intrinsic-size:auto_100lvh] scroll-mt-[calc(var(--header-height)+min(200px,max(70px,20svh)))]\" dir=\"auto\" tabindex=\"-1\" data-turn-id=\"request-WEB:10d8f7c8-1dd6-456d-bfb0-ab10b76f5a34-19\" data-testid=\"conversation-turn-18\" data-scroll-anchor=\"true\" data-turn=\"assistant\">\n<div class=\"text-base my-auto mx-auto pb-10 [--thread-content-margin:--spacing(4)] thread-sm:[--thread-content-margin:--spacing(6)] thread-lg:[--thread-content-margin:--spacing(16)] px-(--thread-content-margin)\">\n<div class=\"[--thread-content-max-width:40rem] thread-lg:[--thread-content-max-width:48rem] mx-auto max-w-(--thread-content-max-width) flex-1 group\/turn-messages focus-visible:outline-hidden relative flex w-full min-w-0 flex-col agent-turn\" tabindex=\"-1\">\n<div class=\"flex max-w-full flex-col grow\">\n<div class=\"min-h-8 text-message relative flex w-full flex-col items-end gap-2 text-start break-words whitespace-normal [.text-message+&amp;]:mt-5\" dir=\"auto\" data-message-author-role=\"assistant\" data-message-id=\"36a55193-6388-470e-96d4-015a62c90d72\" data-message-model-slug=\"gpt-5\">\n<div class=\"flex w-full flex-col gap-1 empty:hidden first:pt-[1px]\">\n<div class=\"markdown prose dark:prose-invert w-full break-words light markdown-new-styling\">\n<p data-start=\"0\" data-end=\"68\"><strong data-start=\"0\" data-end=\"66\">Lizbona Sofa 2 \u2013 a Stylish Relaxation Zone in a Modern Edition<\/strong><\/p>\n<p data-start=\"70\" data-end=\"409\"><strong data-start=\"70\" data-end=\"81\">Lizbona<\/strong> is a sofa that impresses with both comfort and a form inspired by contemporary design. Soft lines, deep seats, and distinctive tufting make it not only a practical piece of furniture but also a true decorative accent in any interior. It\u2019s the perfect choice for a spacious living room where comfort and elegance truly matter.<\/p>\n<hr data-start=\"411\" data-end=\"414\" \/>\n<h3 data-start=\"416\" data-end=\"457\"><strong data-start=\"420\" data-end=\"457\">Modern Form and Luxurious Comfort<\/strong><\/h3>\n<p data-start=\"459\" data-end=\"619\">Lizbona was designed with everyday relaxation in mind. Rounded modules, wide seats, and soft upholstery guarantee exceptional comfort and a sense of coziness.<\/p>\n<hr data-start=\"621\" data-end=\"624\" \/>\n<h3 data-start=\"626\" data-end=\"649\"><strong data-start=\"630\" data-end=\"649\">Key Advantages:<\/strong><\/h3>\n<ul data-start=\"650\" data-end=\"895\">\n<li data-start=\"650\" data-end=\"728\">\n<p data-start=\"652\" data-end=\"728\">Exceptionally comfortable upholstered sofa \u2013 deep seats and soft backrests<\/p>\n<\/li>\n<li data-start=\"729\" data-end=\"789\">\n<p data-start=\"731\" data-end=\"789\">Designer form with distinctive tufting and rounded edges<\/p>\n<\/li>\n<li data-start=\"790\" data-end=\"840\">\n<p data-start=\"792\" data-end=\"840\">Solid craftsmanship and high-quality materials<\/p>\n<\/li>\n<li data-start=\"841\" data-end=\"895\">\n<p data-start=\"843\" data-end=\"895\">Perfect for large living rooms or open-plan spaces<\/p>\n<\/li>\n<\/ul>\n<hr data-start=\"897\" data-end=\"900\" \/>\n<h3 data-start=\"902\" data-end=\"933\"><strong data-start=\"906\" data-end=\"933\">Available Fabric Colors<\/strong><\/h3>\n<p data-start=\"935\" data-end=\"1070\">The <strong data-start=\"939\" data-end=\"955\">Lizbona sofa<\/strong> is available in a wide selection of fabrics and colors \u2013 from subtle, classic shades to trendy, saturated tones.<\/p>\n<hr data-start=\"1072\" data-end=\"1075\" \/>\n<h3 data-start=\"1077\" data-end=\"1111\"><strong data-start=\"1081\" data-end=\"1111\">Polish Design, Top Quality<\/strong><\/h3>\n<p data-start=\"1113\" data-end=\"1352\">Lizbona is a Polish design that combines unique aesthetics with reliable craftsmanship. Every detail \u2013 from the upholstery to the stitching \u2013 reflects high quality and attention to detail. It\u2019s a <strong data-start=\"1309\" data-end=\"1325\">premium sofa<\/strong> built to last for years.<\/p>\n<hr data-start=\"1354\" data-end=\"1357\" \/>\n<h3 data-start=\"1359\" data-end=\"1396\"><strong data-start=\"1363\" data-end=\"1396\">Perfect for Various Interiors<\/strong><\/h3>\n<p data-start=\"1398\" data-end=\"1430\">Lizbona is an ideal piece for:<\/p>\n<ul data-start=\"1431\" data-end=\"1659\" data-is-last-node=\"\" data-is-only-node=\"\">\n<li data-start=\"1431\" data-end=\"1508\">\n<p data-start=\"1433\" data-end=\"1508\"><strong data-start=\"1433\" data-end=\"1453\">Modern interiors<\/strong> \u2013 thanks to its simplicity and expressive silhouette<\/p>\n<\/li>\n<li data-start=\"1509\" data-end=\"1580\">\n<p data-start=\"1511\" data-end=\"1580\"><strong data-start=\"1511\" data-end=\"1528\">Japandi style<\/strong> \u2013 with natural materials and a soft, organic form<\/p>\n<\/li>\n<li data-start=\"1581\" data-end=\"1659\" data-is-last-node=\"\">\n<p data-start=\"1583\" data-end=\"1659\" data-is-last-node=\"\"><strong data-start=\"1583\" data-end=\"1609\">Soft loft arrangements<\/strong> \u2013 as a cozy counterpoint to raw industrial spaces<\/p>\n<\/li>\n<\/ul>\n<\/div>\n<\/div>\n<\/div>\n<\/div>\n<div class=\"z-0 flex min-h-[46px] justify-start\"><\/div>\n<div class=\"mt-3 w-full empty:hidden\">\n<div class=\"text-center\"><\/div>\n<\/div>\n<\/div>\n<\/div>\n<\/article>\n<div class=\"pointer-events-none h-px w-px\" aria-hidden=\"true\" data-edge=\"true\"><\/div>\n<p data-start=\"209\" data-end=\"291\">\n","protected":false},"excerpt":{"rendered":"<div class=\"flex max-w-full flex-col grow\">\n<div class=\"min-h-8 text-message relative flex w-full flex-col items-end gap-2 text-start break-words whitespace-normal [.text-message+&amp;]:mt-5\" dir=\"auto\" data-message-author-role=\"assistant\" data-message-id=\"2f2defb4-4021-467f-b699-079d07676f3d\" data-message-model-slug=\"gpt-5\">\n<div class=\"flex w-full flex-col gap-1 empty:hidden first:pt-[1px]\">\n<div class=\"markdown prose dark:prose-invert w-full break-words light markdown-new-styling\">\n<p data-start=\"0\" data-end=\"60\"><strong data-start=\"0\" data-end=\"58\">Create Your Own Relaxation Zone with the Lizbona Sofa!<\/strong><\/p>\n<p data-start=\"62\" data-end=\"274\">Lizbona combines modern design, soft shapes, and ultimate comfort. Its modular construction allows you to create personalized arrangements \u2013 perfect for a living room, lounge area, or a premium-style apartment.<\/p>\n<hr data-start=\"276\" data-end=\"279\" \/>\n<h3 data-start=\"281\" data-end=\"309\"><strong data-start=\"285\" data-end=\"309\">Comfort You\u2019ll Love:<\/strong><\/h3>\n<ul data-start=\"310\" data-end=\"467\">\n<li data-start=\"310\" data-end=\"352\">\n<p data-start=\"312\" data-end=\"352\">Deep seats and soft, resilient filling<\/p>\n<\/li>\n<li data-start=\"353\" data-end=\"404\">\n<p data-start=\"355\" data-end=\"404\">Designer rounded lines with distinctive tufting<\/p>\n<\/li>\n<li data-start=\"405\" data-end=\"467\">\n<p data-start=\"407\" data-end=\"467\">Solid, stable construction ensuring durability and comfort<\/p>\n<\/li>\n<\/ul>\n<hr data-start=\"469\" data-end=\"472\" \/>\n<p data-start=\"474\" data-end=\"656\" data-is-last-node=\"\" data-is-only-node=\"\">Choose the <strong data-start=\"485\" data-end=\"501\">Lizbona sofa<\/strong> and create a luxurious relaxation space that reflects your style. Combine it with other modules from the collection and enjoy top-level comfort every day.<\/p>\n<\/div>\n<\/div>\n<\/div>\n<\/div>\n<div class=\"z-0 flex min-h-[46px] justify-start\"><\/div>\n<div class=\"mt-3 w-full empty:hidden\">\n<div class=\"text-center\">\n<div>\n<div class=\"inline-flex border border-gray-100 dark:border-gray-700 rounded-xl\">\n<div class=\"text-token-text-secondary flex items-center justify-center gap-4 px-4 py-2.5 text-sm whitespace-nowrap\"><\/div>\n<\/div>\n<\/div>\n<\/div>\n<\/div>\n","protected":false},"featured_media":95972,"comment_status":"closed","ping_status":"closed","template":"","meta":[],"product_brand":[],"product_cat":[647,39,9044],"product_tag":[],"class_list":{"0":"post-95929","1":"product","2":"type-product","3":"status-publish","4":"has-post-thumbnail","6":"product_cat-newest-products","7":"product_cat-sofas","8":"product_cat-two-seater-sofas","10":"first","11":"instock","12":"taxable","13":"shipping-taxable","14":"purchasable","15":"product-type-simple"},"yoast_head":"<!-- This site is optimized with the Yoast SEO Premium plugin v25.0 (Yoast SEO v25.0) - https:\/\/yoast.com\/wordpress\/plugins\/seo\/ -->\n<title>Lizbona Sofa 2<\/title>\n<meta name=\"description\" content=\"The Lizbona Sofa 2 combines modern form with exceptional comfort. Its rounded shape and deep seat make it a perfect addition to any relaxation space.\" \/>\n<meta name=\"robots\" content=\"index, follow, max-snippet:-1, max-image-preview:large, max-video-preview:-1\" \/>\n<link rel=\"canonical\" href=\"https:\/\/domartstyl.com\/en\/lizbona-sofa-2\/\" \/>\n<meta property=\"og:locale\" content=\"en_US\" \/>\n<meta property=\"og:type\" content=\"article\" \/>\n<meta property=\"og:title\" content=\"Lizbona Sofa 2 - DomArtStyl\" \/>\n<meta property=\"og:description\" content=\"The Lizbona Sofa 2 combines modern form with exceptional comfort. Its rounded shape and deep seat make it a perfect addition to any relaxation space.\" \/>\n<meta property=\"og:url\" content=\"https:\/\/domartstyl.com\/en\/lizbona-sofa-2\/\" \/>\n<meta property=\"og:site_name\" content=\"DomArtStyl\" \/>\n<meta property=\"article:publisher\" content=\"https:\/\/www.facebook.com\/DomArtStyl\/\" \/>\n<meta property=\"article:modified_time\" content=\"2025-10-06T11:52:31+00:00\" \/>\n<meta property=\"og:image\" content=\"https:\/\/domartstyl.com\/wp-content\/uploads\/2025\/09\/PZF_2902-2.jpg\" \/>\n\t<meta property=\"og:image:width\" content=\"1000\" \/>\n\t<meta property=\"og:image:height\" content=\"667\" \/>\n\t<meta property=\"og:image:type\" content=\"image\/jpeg\" \/>\n<meta name=\"twitter:card\" content=\"summary_large_image\" \/>\n<meta name=\"twitter:site\" content=\"@DomArtStyl_pl\" \/>\n<meta name=\"twitter:label1\" content=\"Price\" \/>\n\t<meta name=\"twitter:data1\" content=\"&euro;685,00\" \/>\n\t<meta name=\"twitter:label2\" content=\"Availability\" \/>\n\t<meta name=\"twitter:data2\" content=\"In stock\" \/>\n<script type=\"application\/ld+json\" class=\"yoast-schema-graph\">{\"@context\":\"https:\/\/schema.org\",\"@graph\":[{\"@type\":\"WebPage\",\"@id\":\"https:\/\/domartstyl.com\/en\/lizbona-sofa-2\/\",\"url\":\"https:\/\/domartstyl.com\/en\/lizbona-sofa-2\/\",\"name\":\"Lizbona Sofa 2\",\"isPartOf\":{\"@id\":\"https:\/\/domartstyl.com\/en\/#website\"},\"primaryImageOfPage\":{\"@id\":\"https:\/\/domartstyl.com\/en\/lizbona-sofa-2\/#primaryimage\"},\"image\":{\"@id\":\"https:\/\/domartstyl.com\/en\/lizbona-sofa-2\/#primaryimage\"},\"thumbnailUrl\":\"https:\/\/domartstyl.com\/wp-content\/uploads\/2025\/09\/PZF_2902-2.jpg\",\"datePublished\":\"2025-09-17T05:14:52+00:00\",\"dateModified\":\"2025-10-06T11:52:31+00:00\",\"description\":\"The Lizbona Sofa 2 combines modern form with exceptional comfort. Its rounded shape and deep seat make it a perfect addition to any relaxation space.\",\"breadcrumb\":{\"@id\":\"https:\/\/domartstyl.com\/en\/lizbona-sofa-2\/#breadcrumb\"},\"inLanguage\":\"en-US\",\"potentialAction\":[{\"@type\":\"ReadAction\",\"target\":[\"https:\/\/domartstyl.com\/en\/lizbona-sofa-2\/\"]}]},{\"@type\":\"ImageObject\",\"inLanguage\":\"en-US\",\"@id\":\"https:\/\/domartstyl.com\/en\/lizbona-sofa-2\/#primaryimage\",\"url\":\"https:\/\/domartstyl.com\/wp-content\/uploads\/2025\/09\/PZF_2902-2.jpg\",\"contentUrl\":\"https:\/\/domartstyl.com\/wp-content\/uploads\/2025\/09\/PZF_2902-2.jpg\",\"width\":1000,\"height\":667},{\"@type\":\"BreadcrumbList\",\"@id\":\"https:\/\/domartstyl.com\/en\/lizbona-sofa-2\/#breadcrumb\",\"itemListElement\":[{\"@type\":\"ListItem\",\"position\":1,\"name\":\"Strona g\u0142\u00f3wna\",\"item\":\"https:\/\/domartstyl.com\/en\/\"},{\"@type\":\"ListItem\",\"position\":2,\"name\":\"Modern Upholstered Furniture\",\"item\":\"https:\/\/domartstyl.com\/en\/furniture\/\"},{\"@type\":\"ListItem\",\"position\":3,\"name\":\"Lizbona Sofa 2\"}]},{\"@type\":\"WebSite\",\"@id\":\"https:\/\/domartstyl.com\/en\/#website\",\"url\":\"https:\/\/domartstyl.com\/en\/\",\"name\":\"DomArtStyl\",\"description\":\"Tworzymy meble najwy\u017cszej jako\u015bci. Sprzeda\u017c detaliczna \u00b7 Sprzeda\u017c hurtowa\",\"publisher\":{\"@id\":\"https:\/\/domartstyl.com\/en\/#organization\"},\"potentialAction\":[{\"@type\":\"SearchAction\",\"target\":{\"@type\":\"EntryPoint\",\"urlTemplate\":\"https:\/\/domartstyl.com\/en\/?s={search_term_string}\"},\"query-input\":{\"@type\":\"PropertyValueSpecification\",\"valueRequired\":true,\"valueName\":\"search_term_string\"}}],\"inLanguage\":\"en-US\"},{\"@type\":\"Organization\",\"@id\":\"https:\/\/domartstyl.com\/en\/#organization\",\"name\":\"DomArtStyl\",\"url\":\"https:\/\/domartstyl.com\/en\/\",\"logo\":{\"@type\":\"ImageObject\",\"inLanguage\":\"en-US\",\"@id\":\"https:\/\/domartstyl.com\/en\/#\/schema\/logo\/image\/\",\"url\":\"https:\/\/domartstyl.com\/wp-content\/uploads\/2018\/04\/Logo_300_width.png\",\"contentUrl\":\"https:\/\/domartstyl.com\/wp-content\/uploads\/2018\/04\/Logo_300_width.png\",\"width\":300,\"height\":140,\"caption\":\"DomArtStyl\"},\"image\":{\"@id\":\"https:\/\/domartstyl.com\/en\/#\/schema\/logo\/image\/\"},\"sameAs\":[\"https:\/\/www.facebook.com\/DomArtStyl\/\",\"https:\/\/x.com\/DomArtStyl_pl\",\"https:\/\/www.instagram.com\/domartstyl\/?hl=en\",\"https:\/\/pl.pinterest.com\/domartstyl01\/\",\"https:\/\/www.youtube.com\/channel\/UCkISSgvMomI6yFFL3JDbLhw\"]}]}<\/script>\n<meta property=\"product:price:amount\" content=\"685.00\" \/>\n<meta property=\"product:price:currency\" content=\"EUR\" \/>\n<meta property=\"og:availability\" content=\"instock\" \/>\n<meta property=\"product:availability\" content=\"instock\" \/>\n<meta property=\"product:condition\" content=\"new\" \/>\n<!-- \/ Yoast SEO Premium plugin. -->","yoast_head_json":{"title":"Lizbona Sofa 2","description":"The Lizbona Sofa 2 combines modern form with exceptional comfort. Its rounded shape and deep seat make it a perfect addition to any relaxation space.","robots":{"index":"index","follow":"follow","max-snippet":"max-snippet:-1","max-image-preview":"max-image-preview:large","max-video-preview":"max-video-preview:-1"},"canonical":"https:\/\/domartstyl.com\/en\/lizbona-sofa-2\/","og_locale":"en_US","og_type":"article","og_title":"Lizbona Sofa 2 - DomArtStyl","og_description":"The Lizbona Sofa 2 combines modern form with exceptional comfort. Its rounded shape and deep seat make it a perfect addition to any relaxation space.","og_url":"https:\/\/domartstyl.com\/en\/lizbona-sofa-2\/","og_site_name":"DomArtStyl","article_publisher":"https:\/\/www.facebook.com\/DomArtStyl\/","article_modified_time":"2025-10-06T11:52:31+00:00","og_image":[{"width":1000,"height":667,"url":"https:\/\/domartstyl.com\/wp-content\/uploads\/2025\/09\/PZF_2902-2.jpg","type":"image\/jpeg"}],"twitter_card":"summary_large_image","twitter_site":"@DomArtStyl_pl","twitter_misc":{"Price":"&euro;685,00","Availability":"In stock"},"schema":{"@context":"https:\/\/schema.org","@graph":[{"@type":"WebPage","@id":"https:\/\/domartstyl.com\/en\/lizbona-sofa-2\/","url":"https:\/\/domartstyl.com\/en\/lizbona-sofa-2\/","name":"Lizbona Sofa 2","isPartOf":{"@id":"https:\/\/domartstyl.com\/en\/#website"},"primaryImageOfPage":{"@id":"https:\/\/domartstyl.com\/en\/lizbona-sofa-2\/#primaryimage"},"image":{"@id":"https:\/\/domartstyl.com\/en\/lizbona-sofa-2\/#primaryimage"},"thumbnailUrl":"https:\/\/domartstyl.com\/wp-content\/uploads\/2025\/09\/PZF_2902-2.jpg","datePublished":"2025-09-17T05:14:52+00:00","dateModified":"2025-10-06T11:52:31+00:00","description":"The Lizbona Sofa 2 combines modern form with exceptional comfort. Its rounded shape and deep seat make it a perfect addition to any relaxation space.","breadcrumb":{"@id":"https:\/\/domartstyl.com\/en\/lizbona-sofa-2\/#breadcrumb"},"inLanguage":"en-US","potentialAction":[{"@type":"ReadAction","target":["https:\/\/domartstyl.com\/en\/lizbona-sofa-2\/"]}]},{"@type":"ImageObject","inLanguage":"en-US","@id":"https:\/\/domartstyl.com\/en\/lizbona-sofa-2\/#primaryimage","url":"https:\/\/domartstyl.com\/wp-content\/uploads\/2025\/09\/PZF_2902-2.jpg","contentUrl":"https:\/\/domartstyl.com\/wp-content\/uploads\/2025\/09\/PZF_2902-2.jpg","width":1000,"height":667},{"@type":"BreadcrumbList","@id":"https:\/\/domartstyl.com\/en\/lizbona-sofa-2\/#breadcrumb","itemListElement":[{"@type":"ListItem","position":1,"name":"Strona g\u0142\u00f3wna","item":"https:\/\/domartstyl.com\/en\/"},{"@type":"ListItem","position":2,"name":"Modern Upholstered Furniture","item":"https:\/\/domartstyl.com\/en\/furniture\/"},{"@type":"ListItem","position":3,"name":"Lizbona Sofa 2"}]},{"@type":"WebSite","@id":"https:\/\/domartstyl.com\/en\/#website","url":"https:\/\/domartstyl.com\/en\/","name":"DomArtStyl","description":"Tworzymy meble najwy\u017cszej jako\u015bci. Sprzeda\u017c detaliczna \u00b7 Sprzeda\u017c hurtowa","publisher":{"@id":"https:\/\/domartstyl.com\/en\/#organization"},"potentialAction":[{"@type":"SearchAction","target":{"@type":"EntryPoint","urlTemplate":"https:\/\/domartstyl.com\/en\/?s={search_term_string}"},"query-input":{"@type":"PropertyValueSpecification","valueRequired":true,"valueName":"search_term_string"}}],"inLanguage":"en-US"},{"@type":"Organization","@id":"https:\/\/domartstyl.com\/en\/#organization","name":"DomArtStyl","url":"https:\/\/domartstyl.com\/en\/","logo":{"@type":"ImageObject","inLanguage":"en-US","@id":"https:\/\/domartstyl.com\/en\/#\/schema\/logo\/image\/","url":"https:\/\/domartstyl.com\/wp-content\/uploads\/2018\/04\/Logo_300_width.png","contentUrl":"https:\/\/domartstyl.com\/wp-content\/uploads\/2018\/04\/Logo_300_width.png","width":300,"height":140,"caption":"DomArtStyl"},"image":{"@id":"https:\/\/domartstyl.com\/en\/#\/schema\/logo\/image\/"},"sameAs":["https:\/\/www.facebook.com\/DomArtStyl\/","https:\/\/x.com\/DomArtStyl_pl","https:\/\/www.instagram.com\/domartstyl\/?hl=en","https:\/\/pl.pinterest.com\/domartstyl01\/","https:\/\/www.youtube.com\/channel\/UCkISSgvMomI6yFFL3JDbLhw"]}]},"product_price_amount":"685.00","product_price_currency":"EUR","og_availability":"instock","product_availability":"instock","product_condition":"new"},"_links":{"self":[{"href":"https:\/\/domartstyl.com\/en\/wp-json\/wp\/v2\/product\/95929","targetHints":{"allow":["GET"]}}],"collection":[{"href":"https:\/\/domartstyl.com\/en\/wp-json\/wp\/v2\/product"}],"about":[{"href":"https:\/\/domartstyl.com\/en\/wp-json\/wp\/v2\/types\/product"}],"replies":[{"embeddable":true,"href":"https:\/\/domartstyl.com\/en\/wp-json\/wp\/v2\/comments?post=95929"}],"wp:featuredmedia":[{"embeddable":true,"href":"https:\/\/domartstyl.com\/en\/wp-json\/wp\/v2\/media\/95972"}],"wp:attachment":[{"href":"https:\/\/domartstyl.com\/en\/wp-json\/wp\/v2\/media?parent=95929"}],"wp:term":[{"taxonomy":"product_brand","embeddable":true,"href":"https:\/\/domartstyl.com\/en\/wp-json\/wp\/v2\/product_brand?post=95929"},{"taxonomy":"product_cat","embeddable":true,"href":"https:\/\/domartstyl.com\/en\/wp-json\/wp\/v2\/product_cat?post=95929"},{"taxonomy":"product_tag","embeddable":true,"href":"https:\/\/domartstyl.com\/en\/wp-json\/wp\/v2\/product_tag?post=95929"}],"curies":[{"name":"wp","href":"https:\/\/api.w.org\/{rel}","templated":true}]}}