{"id":95448,"date":"2025-06-20T11:10:37","date_gmt":"2025-06-20T10:10:37","guid":{"rendered":"https:\/\/domartstyl.com\/?post_type=product&#038;p=95448"},"modified":"2025-06-20T14:10:52","modified_gmt":"2025-06-20T13:10:52","slug":"straight-left-element-175-for-the-gerard-modular-sofa-kopia-kopia","status":"publish","type":"product","link":"https:\/\/domartstyl.com\/en\/straight-left-element-175-for-the-gerard-modular-sofa-kopia-kopia\/","title":{"rendered":"Straight element 119 for the modular sofa Gerard"},"content":{"rendered":"","protected":false},"excerpt":{"rendered":"<p>The Gerard Modular Sofa is a designer sofa that, thanks to its tasteful appearance, will introduce a lot of style and elegance to your interior.<\/p>\n<p>Wide seats combined with soft backrest cushions guarantee comfort during use and comfortable rest.<\/p>\n<p>Thanks to these advantages, the Gerard Modular Sofa will work great in a waiting room or living room, adding a refined look to any room.<\/p>\n<p>Gerard is an ideal solution for any room, because its size can be easily modified thanks to additional modules.<\/p>\n<p>Relax in its comfortable seats and comfortably watch your favorite series.<\/p>\n<p>See what proposals are available from us!<br \/>\nThe photos show an example configuration and color of a given model. If you need a larger or smaller sofa, with a different shape or color &#8211; use the help of our advisors!<\/p>\n","protected":false},"featured_media":95450,"comment_status":"closed","ping_status":"closed","template":"","meta":[],"product_brand":[],"product_cat":[39,9043,8161],"product_tag":[],"class_list":{"0":"post-95448","1":"product","2":"type-product","3":"status-publish","4":"has-post-thumbnail","6":"product_cat-sofas","7":"product_cat-modular-sofas","8":"product_cat-lounge-sets","10":"first","11":"instock","12":"taxable","13":"shipping-taxable","14":"purchasable","15":"product-type-simple"},"yoast_head":"<!-- This site is optimized with the Yoast SEO Premium plugin v25.0 (Yoast SEO v25.0) - https:\/\/yoast.com\/wordpress\/plugins\/seo\/ -->\n<title>Living Room Sofa - Modular Gerard - Modern Sofa<\/title>\n<meta name=\"description\" content=\"Gerard Modular Sofa made in a glamor style. Made of the highest quality materials, it stands out for its stylish appearance, but also for its extraordinary comfort.\" \/>\n<meta name=\"robots\" content=\"index, follow, max-snippet:-1, max-image-preview:large, max-video-preview:-1\" \/>\n<link rel=\"canonical\" href=\"https:\/\/domartstyl.com\/en\/straight-left-element-175-for-the-gerard-modular-sofa-kopia-kopia\/\" \/>\n<meta property=\"og:locale\" content=\"en_US\" \/>\n<meta property=\"og:type\" content=\"article\" \/>\n<meta property=\"og:title\" content=\"Straight element 119 for the modular sofa Gerard - DomArtStyl\" \/>\n<meta property=\"og:description\" content=\"Gerard Modular Sofa made in a glamor style. Made of the highest quality materials, it stands out for its stylish appearance, but also for its extraordinary comfort.\" \/>\n<meta property=\"og:url\" content=\"https:\/\/domartstyl.com\/en\/straight-left-element-175-for-the-gerard-modular-sofa-kopia-kopia\/\" \/>\n<meta property=\"og:site_name\" content=\"DomArtStyl\" \/>\n<meta property=\"article:publisher\" content=\"https:\/\/www.facebook.com\/DomArtStyl\/\" \/>\n<meta property=\"article:modified_time\" content=\"2025-06-20T13:10:52+00:00\" \/>\n<meta property=\"og:image\" content=\"https:\/\/domartstyl.com\/wp-content\/uploads\/2025\/06\/s5-gerard-surpriseme1-1-1-scaled.jpg\" \/>\n\t<meta property=\"og:image:width\" content=\"2560\" \/>\n\t<meta property=\"og:image:height\" content=\"2560\" \/>\n\t<meta property=\"og:image:type\" content=\"image\/jpeg\" \/>\n<meta name=\"twitter:card\" content=\"summary_large_image\" \/>\n<meta name=\"twitter:site\" content=\"@DomArtStyl_pl\" \/>\n<meta name=\"twitter:label1\" content=\"Price\" \/>\n\t<meta name=\"twitter:data1\" content=\"&euro;441,00\" \/>\n\t<meta name=\"twitter:label2\" content=\"Availability\" \/>\n\t<meta name=\"twitter:data2\" content=\"In stock\" \/>\n<script type=\"application\/ld+json\" class=\"yoast-schema-graph\">{\"@context\":\"https:\/\/schema.org\",\"@graph\":[{\"@type\":\"WebPage\",\"@id\":\"https:\/\/domartstyl.com\/en\/straight-left-element-175-for-the-gerard-modular-sofa-kopia-kopia\/\",\"url\":\"https:\/\/domartstyl.com\/en\/straight-left-element-175-for-the-gerard-modular-sofa-kopia-kopia\/\",\"name\":\"Living Room Sofa - Modular Gerard - Modern Sofa\",\"isPartOf\":{\"@id\":\"https:\/\/domartstyl.com\/en\/#website\"},\"primaryImageOfPage\":{\"@id\":\"https:\/\/domartstyl.com\/en\/straight-left-element-175-for-the-gerard-modular-sofa-kopia-kopia\/#primaryimage\"},\"image\":{\"@id\":\"https:\/\/domartstyl.com\/en\/straight-left-element-175-for-the-gerard-modular-sofa-kopia-kopia\/#primaryimage\"},\"thumbnailUrl\":\"https:\/\/domartstyl.com\/wp-content\/uploads\/2025\/06\/s5-gerard-surpriseme1-1-1-scaled.jpg\",\"datePublished\":\"2025-06-20T10:10:37+00:00\",\"dateModified\":\"2025-06-20T13:10:52+00:00\",\"description\":\"Gerard Modular Sofa made in a glamor style. Made of the highest quality materials, it stands out for its stylish appearance, but also for its extraordinary comfort.\",\"breadcrumb\":{\"@id\":\"https:\/\/domartstyl.com\/en\/straight-left-element-175-for-the-gerard-modular-sofa-kopia-kopia\/#breadcrumb\"},\"inLanguage\":\"en-US\",\"potentialAction\":[{\"@type\":\"ReadAction\",\"target\":[\"https:\/\/domartstyl.com\/en\/straight-left-element-175-for-the-gerard-modular-sofa-kopia-kopia\/\"]}]},{\"@type\":\"ImageObject\",\"inLanguage\":\"en-US\",\"@id\":\"https:\/\/domartstyl.com\/en\/straight-left-element-175-for-the-gerard-modular-sofa-kopia-kopia\/#primaryimage\",\"url\":\"https:\/\/domartstyl.com\/wp-content\/uploads\/2025\/06\/s5-gerard-surpriseme1-1-1-scaled.jpg\",\"contentUrl\":\"https:\/\/domartstyl.com\/wp-content\/uploads\/2025\/06\/s5-gerard-surpriseme1-1-1-scaled.jpg\",\"width\":2560,\"height\":2560},{\"@type\":\"BreadcrumbList\",\"@id\":\"https:\/\/domartstyl.com\/en\/straight-left-element-175-for-the-gerard-modular-sofa-kopia-kopia\/#breadcrumb\",\"itemListElement\":[{\"@type\":\"ListItem\",\"position\":1,\"name\":\"Strona g\u0142\u00f3wna\",\"item\":\"https:\/\/domartstyl.com\/en\/\"},{\"@type\":\"ListItem\",\"position\":2,\"name\":\"Modern Upholstered Furniture\",\"item\":\"https:\/\/domartstyl.com\/en\/furniture\/\"},{\"@type\":\"ListItem\",\"position\":3,\"name\":\"Straight element 119 for the modular sofa Gerard\"}]},{\"@type\":\"WebSite\",\"@id\":\"https:\/\/domartstyl.com\/en\/#website\",\"url\":\"https:\/\/domartstyl.com\/en\/\",\"name\":\"DomArtStyl\",\"description\":\"Tworzymy meble najwy\u017cszej jako\u015bci. Sprzeda\u017c detaliczna \u00b7 Sprzeda\u017c hurtowa\",\"publisher\":{\"@id\":\"https:\/\/domartstyl.com\/en\/#organization\"},\"potentialAction\":[{\"@type\":\"SearchAction\",\"target\":{\"@type\":\"EntryPoint\",\"urlTemplate\":\"https:\/\/domartstyl.com\/en\/?s={search_term_string}\"},\"query-input\":{\"@type\":\"PropertyValueSpecification\",\"valueRequired\":true,\"valueName\":\"search_term_string\"}}],\"inLanguage\":\"en-US\"},{\"@type\":\"Organization\",\"@id\":\"https:\/\/domartstyl.com\/en\/#organization\",\"name\":\"DomArtStyl\",\"url\":\"https:\/\/domartstyl.com\/en\/\",\"logo\":{\"@type\":\"ImageObject\",\"inLanguage\":\"en-US\",\"@id\":\"https:\/\/domartstyl.com\/en\/#\/schema\/logo\/image\/\",\"url\":\"https:\/\/domartstyl.com\/wp-content\/uploads\/2018\/04\/Logo_300_width.png\",\"contentUrl\":\"https:\/\/domartstyl.com\/wp-content\/uploads\/2018\/04\/Logo_300_width.png\",\"width\":300,\"height\":140,\"caption\":\"DomArtStyl\"},\"image\":{\"@id\":\"https:\/\/domartstyl.com\/en\/#\/schema\/logo\/image\/\"},\"sameAs\":[\"https:\/\/www.facebook.com\/DomArtStyl\/\",\"https:\/\/x.com\/DomArtStyl_pl\",\"https:\/\/www.instagram.com\/domartstyl\/?hl=en\",\"https:\/\/pl.pinterest.com\/domartstyl01\/\",\"https:\/\/www.youtube.com\/channel\/UCkISSgvMomI6yFFL3JDbLhw\"]}]}<\/script>\n<meta property=\"product:price:amount\" content=\"441.00\" \/>\n<meta property=\"product:price:currency\" content=\"EUR\" \/>\n<meta property=\"og:availability\" content=\"instock\" \/>\n<meta property=\"product:availability\" content=\"instock\" \/>\n<meta property=\"product:condition\" content=\"new\" \/>\n<!-- \/ Yoast SEO Premium plugin. -->","yoast_head_json":{"title":"Living Room Sofa - Modular Gerard - Modern Sofa","description":"Gerard Modular Sofa made in a glamor style. Made of the highest quality materials, it stands out for its stylish appearance, but also for its extraordinary comfort.","robots":{"index":"index","follow":"follow","max-snippet":"max-snippet:-1","max-image-preview":"max-image-preview:large","max-video-preview":"max-video-preview:-1"},"canonical":"https:\/\/domartstyl.com\/en\/straight-left-element-175-for-the-gerard-modular-sofa-kopia-kopia\/","og_locale":"en_US","og_type":"article","og_title":"Straight element 119 for the modular sofa Gerard - DomArtStyl","og_description":"Gerard Modular Sofa made in a glamor style. Made of the highest quality materials, it stands out for its stylish appearance, but also for its extraordinary comfort.","og_url":"https:\/\/domartstyl.com\/en\/straight-left-element-175-for-the-gerard-modular-sofa-kopia-kopia\/","og_site_name":"DomArtStyl","article_publisher":"https:\/\/www.facebook.com\/DomArtStyl\/","article_modified_time":"2025-06-20T13:10:52+00:00","og_image":[{"width":2560,"height":2560,"url":"https:\/\/domartstyl.com\/wp-content\/uploads\/2025\/06\/s5-gerard-surpriseme1-1-1-scaled.jpg","type":"image\/jpeg"}],"twitter_card":"summary_large_image","twitter_site":"@DomArtStyl_pl","twitter_misc":{"Price":"&euro;441,00","Availability":"In stock"},"schema":{"@context":"https:\/\/schema.org","@graph":[{"@type":"WebPage","@id":"https:\/\/domartstyl.com\/en\/straight-left-element-175-for-the-gerard-modular-sofa-kopia-kopia\/","url":"https:\/\/domartstyl.com\/en\/straight-left-element-175-for-the-gerard-modular-sofa-kopia-kopia\/","name":"Living Room Sofa - Modular Gerard - Modern Sofa","isPartOf":{"@id":"https:\/\/domartstyl.com\/en\/#website"},"primaryImageOfPage":{"@id":"https:\/\/domartstyl.com\/en\/straight-left-element-175-for-the-gerard-modular-sofa-kopia-kopia\/#primaryimage"},"image":{"@id":"https:\/\/domartstyl.com\/en\/straight-left-element-175-for-the-gerard-modular-sofa-kopia-kopia\/#primaryimage"},"thumbnailUrl":"https:\/\/domartstyl.com\/wp-content\/uploads\/2025\/06\/s5-gerard-surpriseme1-1-1-scaled.jpg","datePublished":"2025-06-20T10:10:37+00:00","dateModified":"2025-06-20T13:10:52+00:00","description":"Gerard Modular Sofa made in a glamor style. Made of the highest quality materials, it stands out for its stylish appearance, but also for its extraordinary comfort.","breadcrumb":{"@id":"https:\/\/domartstyl.com\/en\/straight-left-element-175-for-the-gerard-modular-sofa-kopia-kopia\/#breadcrumb"},"inLanguage":"en-US","potentialAction":[{"@type":"ReadAction","target":["https:\/\/domartstyl.com\/en\/straight-left-element-175-for-the-gerard-modular-sofa-kopia-kopia\/"]}]},{"@type":"ImageObject","inLanguage":"en-US","@id":"https:\/\/domartstyl.com\/en\/straight-left-element-175-for-the-gerard-modular-sofa-kopia-kopia\/#primaryimage","url":"https:\/\/domartstyl.com\/wp-content\/uploads\/2025\/06\/s5-gerard-surpriseme1-1-1-scaled.jpg","contentUrl":"https:\/\/domartstyl.com\/wp-content\/uploads\/2025\/06\/s5-gerard-surpriseme1-1-1-scaled.jpg","width":2560,"height":2560},{"@type":"BreadcrumbList","@id":"https:\/\/domartstyl.com\/en\/straight-left-element-175-for-the-gerard-modular-sofa-kopia-kopia\/#breadcrumb","itemListElement":[{"@type":"ListItem","position":1,"name":"Strona g\u0142\u00f3wna","item":"https:\/\/domartstyl.com\/en\/"},{"@type":"ListItem","position":2,"name":"Modern Upholstered Furniture","item":"https:\/\/domartstyl.com\/en\/furniture\/"},{"@type":"ListItem","position":3,"name":"Straight element 119 for the modular sofa Gerard"}]},{"@type":"WebSite","@id":"https:\/\/domartstyl.com\/en\/#website","url":"https:\/\/domartstyl.com\/en\/","name":"DomArtStyl","description":"Tworzymy meble najwy\u017cszej jako\u015bci. Sprzeda\u017c detaliczna \u00b7 Sprzeda\u017c hurtowa","publisher":{"@id":"https:\/\/domartstyl.com\/en\/#organization"},"potentialAction":[{"@type":"SearchAction","target":{"@type":"EntryPoint","urlTemplate":"https:\/\/domartstyl.com\/en\/?s={search_term_string}"},"query-input":{"@type":"PropertyValueSpecification","valueRequired":true,"valueName":"search_term_string"}}],"inLanguage":"en-US"},{"@type":"Organization","@id":"https:\/\/domartstyl.com\/en\/#organization","name":"DomArtStyl","url":"https:\/\/domartstyl.com\/en\/","logo":{"@type":"ImageObject","inLanguage":"en-US","@id":"https:\/\/domartstyl.com\/en\/#\/schema\/logo\/image\/","url":"https:\/\/domartstyl.com\/wp-content\/uploads\/2018\/04\/Logo_300_width.png","contentUrl":"https:\/\/domartstyl.com\/wp-content\/uploads\/2018\/04\/Logo_300_width.png","width":300,"height":140,"caption":"DomArtStyl"},"image":{"@id":"https:\/\/domartstyl.com\/en\/#\/schema\/logo\/image\/"},"sameAs":["https:\/\/www.facebook.com\/DomArtStyl\/","https:\/\/x.com\/DomArtStyl_pl","https:\/\/www.instagram.com\/domartstyl\/?hl=en","https:\/\/pl.pinterest.com\/domartstyl01\/","https:\/\/www.youtube.com\/channel\/UCkISSgvMomI6yFFL3JDbLhw"]}]},"product_price_amount":"441.00","product_price_currency":"EUR","og_availability":"instock","product_availability":"instock","product_condition":"new"},"_links":{"self":[{"href":"https:\/\/domartstyl.com\/en\/wp-json\/wp\/v2\/product\/95448","targetHints":{"allow":["GET"]}}],"collection":[{"href":"https:\/\/domartstyl.com\/en\/wp-json\/wp\/v2\/product"}],"about":[{"href":"https:\/\/domartstyl.com\/en\/wp-json\/wp\/v2\/types\/product"}],"replies":[{"embeddable":true,"href":"https:\/\/domartstyl.com\/en\/wp-json\/wp\/v2\/comments?post=95448"}],"wp:featuredmedia":[{"embeddable":true,"href":"https:\/\/domartstyl.com\/en\/wp-json\/wp\/v2\/media\/95450"}],"wp:attachment":[{"href":"https:\/\/domartstyl.com\/en\/wp-json\/wp\/v2\/media?parent=95448"}],"wp:term":[{"taxonomy":"product_brand","embeddable":true,"href":"https:\/\/domartstyl.com\/en\/wp-json\/wp\/v2\/product_brand?post=95448"},{"taxonomy":"product_cat","embeddable":true,"href":"https:\/\/domartstyl.com\/en\/wp-json\/wp\/v2\/product_cat?post=95448"},{"taxonomy":"product_tag","embeddable":true,"href":"https:\/\/domartstyl.com\/en\/wp-json\/wp\/v2\/product_tag?post=95448"}],"curies":[{"name":"wp","href":"https:\/\/api.w.org\/{rel}","templated":true}]}}