{"id":94688,"date":"2025-05-26T10:10:59","date_gmt":"2025-05-26T09:11:00","guid":{"rendered":"https:\/\/domartstyl.com\/?post_type=product&#038;p=94688"},"modified":"2025-06-11T10:46:26","modified_gmt":"2025-06-11T09:46:26","slug":"gerard-left-chaise-longue","status":"publish","type":"product","link":"https:\/\/domartstyl.com\/en\/gerard-left-chaise-longue\/","title":{"rendered":"Gerard Left Chaise Longue"},"content":{"rendered":"<p data-start=\"52\" data-end=\"83\"><strong data-start=\"52\" data-end=\"81\">Gerard Left Chaise Lounge<\/strong><\/p>\n<p data-start=\"85\" data-end=\"521\">The Gerard left chaise lounge is a standout element of the modular system, combining elegant design, comfort, and functionality. Designed with relaxation and aesthetics in mind, it works beautifully both as a standalone piece and as part of a larger modular sofa. With its modern appearance, ergonomic shape, and solid construction, it is an excellent choice for living rooms, lounges, and office spaces where style and comfort are key.<\/p>\n<hr data-start=\"523\" data-end=\"526\" \/>\n<h3 data-start=\"528\" data-end=\"553\"><strong data-start=\"532\" data-end=\"553\">Product Features:<\/strong><\/h3>\n<ul data-start=\"554\" data-end=\"1009\">\n<li data-start=\"554\" data-end=\"642\">\n<p data-start=\"556\" data-end=\"642\"><strong data-start=\"556\" data-end=\"576\">Ergonomic shape:<\/strong> Provides comfortable full-body support for extended relaxation.<\/p>\n<\/li>\n<li data-start=\"643\" data-end=\"772\">\n<p data-start=\"645\" data-end=\"772\"><strong data-start=\"645\" data-end=\"664\">Modular design:<\/strong> Can be used independently or combined with other Gerard system elements to create various configurations.<\/p>\n<\/li>\n<li data-start=\"773\" data-end=\"886\">\n<p data-start=\"775\" data-end=\"886\"><strong data-start=\"775\" data-end=\"801\">Durable craftsmanship:<\/strong> Made with high-quality materials and finished with precision for long-lasting use.<\/p>\n<\/li>\n<li data-start=\"887\" data-end=\"1009\">\n<p data-start=\"889\" data-end=\"1009\"><strong data-start=\"889\" data-end=\"907\">Modern design:<\/strong> Soft lines and elegant form complement a wide range of interior styles, from contemporary to classic.<\/p>\n<\/li>\n<\/ul>\n<hr data-start=\"1011\" data-end=\"1014\" \/>\n<h3 data-start=\"1016\" data-end=\"1043\"><strong data-start=\"1020\" data-end=\"1043\">Product Advantages:<\/strong><\/h3>\n<ul data-start=\"1044\" data-end=\"1505\">\n<li data-start=\"1044\" data-end=\"1137\">\n<p data-start=\"1046\" data-end=\"1137\"><strong data-start=\"1046\" data-end=\"1063\">User comfort:<\/strong> The perfect place to unwind after a long day, offering deep relaxation.<\/p>\n<\/li>\n<li data-start=\"1138\" data-end=\"1254\">\n<p data-start=\"1140\" data-end=\"1254\"><strong data-start=\"1140\" data-end=\"1166\">Versatile arrangement:<\/strong> The Gerard left chaise lounge fits seamlessly in both living rooms and office spaces.<\/p>\n<\/li>\n<li data-start=\"1255\" data-end=\"1405\">\n<p data-start=\"1257\" data-end=\"1405\"><strong data-start=\"1257\" data-end=\"1275\">Easy to adapt:<\/strong> Thanks to its modular nature, it can be easily matched with other Gerard components to form a comfortable and functional setup.<\/p>\n<\/li>\n<li data-start=\"1406\" data-end=\"1505\">\n<p data-start=\"1408\" data-end=\"1505\"><strong data-start=\"1408\" data-end=\"1431\">Stylish appearance:<\/strong> An elegant piece that adds a touch of modern sophistication to any space.<\/p>\n<\/li>\n<\/ul>\n<hr data-start=\"1507\" data-end=\"1510\" \/>\n<p data-start=\"1512\" data-end=\"1853\" data-is-last-node=\"\" data-is-only-node=\"\"><strong data-start=\"1512\" data-end=\"1545\">The Gerard Left Chaise Lounge<\/strong> is an excellent solution for any interior that values both comfort and aesthetics. With its modular construction and ergonomic shape, it creates the perfect space for rest and relaxation. Its solid build and refined design make it a great fit for modern living rooms, lounges, and professional environments.<\/p>\n","protected":false},"excerpt":{"rendered":"<p data-start=\"52\" data-end=\"83\"><strong data-start=\"52\" data-end=\"81\">Gerard Left Chaise Lounge<\/strong><\/p>\n<p data-start=\"85\" data-end=\"540\">The Gerard left chaise lounge is a unique element of the modular system that combines functionality, comfort, and modern design. Designed to complement a variety of interior styles, it fits perfectly in both residential and office spaces. It can be used as a standalone piece or combined with other modules to create a cohesive and comfortable sofa. Its ergonomic structure ensures comfort, while its solid construction guarantees long-lasting durability.<\/p>\n<hr data-start=\"542\" data-end=\"545\" \/>\n<h3 data-start=\"547\" data-end=\"572\"><strong data-start=\"551\" data-end=\"572\">Product Features:<\/strong><\/h3>\n<ul data-start=\"573\" data-end=\"938\">\n<li data-start=\"573\" data-end=\"663\">\n<p data-start=\"575\" data-end=\"663\"><strong data-start=\"575\" data-end=\"594\">Ergonomic shape<\/strong> \u2013 Provides comfortable body support, allowing for full relaxation.<\/p>\n<\/li>\n<li data-start=\"664\" data-end=\"768\">\n<p data-start=\"666\" data-end=\"768\"><strong data-start=\"666\" data-end=\"684\">Modular design<\/strong> \u2013 Can be used independently or combined with other elements of the Gerard system.<\/p>\n<\/li>\n<li data-start=\"769\" data-end=\"865\">\n<p data-start=\"771\" data-end=\"865\"><strong data-start=\"771\" data-end=\"794\">Solid craftsmanship<\/strong> \u2013 High-quality materials and precise finishing ensure long-term use.<\/p>\n<\/li>\n<li data-start=\"866\" data-end=\"938\">\n<p data-start=\"868\" data-end=\"938\"><strong data-start=\"868\" data-end=\"885\">Modern design<\/strong> \u2013 An elegant form that fits various interior styles.<\/p>\n<\/li>\n<\/ul>\n<hr data-start=\"940\" data-end=\"943\" \/>\n<p data-start=\"945\" data-end=\"1290\" data-is-last-node=\"\" data-is-only-node=\"\"><strong data-start=\"945\" data-end=\"978\">The Gerard Left Chaise Lounge<\/strong> is an excellent solution for living rooms, lounges, or office spaces. Its modular structure, ergonomic form, and durable construction make it a piece that\u2019s both comfortable and functional. Thanks to its elegant design, the chaise lounge easily adapts to different interiors, adding a modern touch to any space.<\/p>\n","protected":false},"featured_media":94694,"comment_status":"closed","ping_status":"closed","template":"","meta":[],"product_brand":[],"product_cat":[39,9043],"product_tag":[],"class_list":{"0":"post-94688","1":"product","2":"type-product","3":"status-publish","4":"has-post-thumbnail","6":"product_cat-sofas","7":"product_cat-modular-sofas","8":"product_shipping_class-8906","10":"first","11":"instock","12":"taxable","13":"shipping-taxable","14":"purchasable","15":"product-type-simple"},"yoast_head":"<!-- This site is optimized with the Yoast SEO Premium plugin v25.0 (Yoast SEO v25.0) - https:\/\/yoast.com\/wordpress\/plugins\/seo\/ -->\n<title>Gerard Left Chaise Longue - Modular Sofa<\/title>\n<meta name=\"description\" content=\"Gerard Modular Sofa made in a glamor style. Made of the highest quality materials, it stands out for its stylish appearance, but also for its extraordinary comfort.\" \/>\n<meta name=\"robots\" content=\"index, follow, max-snippet:-1, max-image-preview:large, max-video-preview:-1\" \/>\n<link rel=\"canonical\" href=\"https:\/\/domartstyl.com\/en\/gerard-left-chaise-longue\/\" \/>\n<meta property=\"og:locale\" content=\"en_US\" \/>\n<meta property=\"og:type\" content=\"article\" \/>\n<meta property=\"og:title\" content=\"Gerard Left Chaise Longue - DomArtStyl\" \/>\n<meta property=\"og:description\" content=\"Gerard Modular Sofa made in a glamor style. Made of the highest quality materials, it stands out for its stylish appearance, but also for its extraordinary comfort.\" \/>\n<meta property=\"og:url\" content=\"https:\/\/domartstyl.com\/en\/gerard-left-chaise-longue\/\" \/>\n<meta property=\"og:site_name\" content=\"DomArtStyl\" \/>\n<meta property=\"article:publisher\" content=\"https:\/\/www.facebook.com\/DomArtStyl\/\" \/>\n<meta property=\"article:modified_time\" content=\"2025-06-11T09:46:26+00:00\" \/>\n<meta property=\"og:image\" content=\"https:\/\/domartstyl.com\/wp-content\/uploads\/2025\/05\/szezlong-lewy-melody14-3.jpg\" \/>\n\t<meta property=\"og:image:width\" content=\"1000\" \/>\n\t<meta property=\"og:image:height\" content=\"1000\" \/>\n\t<meta property=\"og:image:type\" content=\"image\/jpeg\" \/>\n<meta name=\"twitter:card\" content=\"summary_large_image\" \/>\n<meta name=\"twitter:site\" content=\"@DomArtStyl_pl\" \/>\n<meta name=\"twitter:label1\" content=\"Price\" \/>\n\t<meta name=\"twitter:data1\" content=\"&euro;666,25\" \/>\n\t<meta name=\"twitter:label2\" content=\"Availability\" \/>\n\t<meta name=\"twitter:data2\" content=\"In stock\" \/>\n<script type=\"application\/ld+json\" class=\"yoast-schema-graph\">{\"@context\":\"https:\/\/schema.org\",\"@graph\":[{\"@type\":\"WebPage\",\"@id\":\"https:\/\/domartstyl.com\/en\/gerard-left-chaise-longue\/\",\"url\":\"https:\/\/domartstyl.com\/en\/gerard-left-chaise-longue\/\",\"name\":\"Gerard Left Chaise Longue - Modular Sofa\",\"isPartOf\":{\"@id\":\"https:\/\/domartstyl.com\/en\/#website\"},\"primaryImageOfPage\":{\"@id\":\"https:\/\/domartstyl.com\/en\/gerard-left-chaise-longue\/#primaryimage\"},\"image\":{\"@id\":\"https:\/\/domartstyl.com\/en\/gerard-left-chaise-longue\/#primaryimage\"},\"thumbnailUrl\":\"https:\/\/domartstyl.com\/wp-content\/uploads\/2025\/05\/szezlong-lewy-melody14-3.jpg\",\"datePublished\":\"2025-05-26T09:11:00+00:00\",\"dateModified\":\"2025-06-11T09:46:26+00:00\",\"description\":\"Gerard Modular Sofa made in a glamor style. Made of the highest quality materials, it stands out for its stylish appearance, but also for its extraordinary comfort.\",\"breadcrumb\":{\"@id\":\"https:\/\/domartstyl.com\/en\/gerard-left-chaise-longue\/#breadcrumb\"},\"inLanguage\":\"en-US\",\"potentialAction\":[{\"@type\":\"ReadAction\",\"target\":[\"https:\/\/domartstyl.com\/en\/gerard-left-chaise-longue\/\"]}]},{\"@type\":\"ImageObject\",\"inLanguage\":\"en-US\",\"@id\":\"https:\/\/domartstyl.com\/en\/gerard-left-chaise-longue\/#primaryimage\",\"url\":\"https:\/\/domartstyl.com\/wp-content\/uploads\/2025\/05\/szezlong-lewy-melody14-3.jpg\",\"contentUrl\":\"https:\/\/domartstyl.com\/wp-content\/uploads\/2025\/05\/szezlong-lewy-melody14-3.jpg\",\"width\":1000,\"height\":1000},{\"@type\":\"BreadcrumbList\",\"@id\":\"https:\/\/domartstyl.com\/en\/gerard-left-chaise-longue\/#breadcrumb\",\"itemListElement\":[{\"@type\":\"ListItem\",\"position\":1,\"name\":\"Strona g\u0142\u00f3wna\",\"item\":\"https:\/\/domartstyl.com\/en\/\"},{\"@type\":\"ListItem\",\"position\":2,\"name\":\"Modern Upholstered Furniture\",\"item\":\"https:\/\/domartstyl.com\/en\/furniture\/\"},{\"@type\":\"ListItem\",\"position\":3,\"name\":\"Gerard Left Chaise Longue\"}]},{\"@type\":\"WebSite\",\"@id\":\"https:\/\/domartstyl.com\/en\/#website\",\"url\":\"https:\/\/domartstyl.com\/en\/\",\"name\":\"DomArtStyl\",\"description\":\"Tworzymy meble najwy\u017cszej jako\u015bci. Sprzeda\u017c detaliczna \u00b7 Sprzeda\u017c hurtowa\",\"publisher\":{\"@id\":\"https:\/\/domartstyl.com\/en\/#organization\"},\"potentialAction\":[{\"@type\":\"SearchAction\",\"target\":{\"@type\":\"EntryPoint\",\"urlTemplate\":\"https:\/\/domartstyl.com\/en\/?s={search_term_string}\"},\"query-input\":{\"@type\":\"PropertyValueSpecification\",\"valueRequired\":true,\"valueName\":\"search_term_string\"}}],\"inLanguage\":\"en-US\"},{\"@type\":\"Organization\",\"@id\":\"https:\/\/domartstyl.com\/en\/#organization\",\"name\":\"DomArtStyl\",\"url\":\"https:\/\/domartstyl.com\/en\/\",\"logo\":{\"@type\":\"ImageObject\",\"inLanguage\":\"en-US\",\"@id\":\"https:\/\/domartstyl.com\/en\/#\/schema\/logo\/image\/\",\"url\":\"https:\/\/domartstyl.com\/wp-content\/uploads\/2018\/04\/Logo_300_width.png\",\"contentUrl\":\"https:\/\/domartstyl.com\/wp-content\/uploads\/2018\/04\/Logo_300_width.png\",\"width\":300,\"height\":140,\"caption\":\"DomArtStyl\"},\"image\":{\"@id\":\"https:\/\/domartstyl.com\/en\/#\/schema\/logo\/image\/\"},\"sameAs\":[\"https:\/\/www.facebook.com\/DomArtStyl\/\",\"https:\/\/x.com\/DomArtStyl_pl\",\"https:\/\/www.instagram.com\/domartstyl\/?hl=en\",\"https:\/\/pl.pinterest.com\/domartstyl01\/\",\"https:\/\/www.youtube.com\/channel\/UCkISSgvMomI6yFFL3JDbLhw\"]}]}<\/script>\n<meta property=\"product:price:amount\" content=\"666.25\" \/>\n<meta property=\"product:price:currency\" content=\"EUR\" \/>\n<meta property=\"og:availability\" content=\"instock\" \/>\n<meta property=\"product:availability\" content=\"instock\" \/>\n<meta property=\"product:condition\" content=\"new\" \/>\n<!-- \/ Yoast SEO Premium plugin. -->","yoast_head_json":{"title":"Gerard Left Chaise Longue - Modular Sofa","description":"Gerard Modular Sofa made in a glamor style. Made of the highest quality materials, it stands out for its stylish appearance, but also for its extraordinary comfort.","robots":{"index":"index","follow":"follow","max-snippet":"max-snippet:-1","max-image-preview":"max-image-preview:large","max-video-preview":"max-video-preview:-1"},"canonical":"https:\/\/domartstyl.com\/en\/gerard-left-chaise-longue\/","og_locale":"en_US","og_type":"article","og_title":"Gerard Left Chaise Longue - DomArtStyl","og_description":"Gerard Modular Sofa made in a glamor style. Made of the highest quality materials, it stands out for its stylish appearance, but also for its extraordinary comfort.","og_url":"https:\/\/domartstyl.com\/en\/gerard-left-chaise-longue\/","og_site_name":"DomArtStyl","article_publisher":"https:\/\/www.facebook.com\/DomArtStyl\/","article_modified_time":"2025-06-11T09:46:26+00:00","og_image":[{"width":1000,"height":1000,"url":"https:\/\/domartstyl.com\/wp-content\/uploads\/2025\/05\/szezlong-lewy-melody14-3.jpg","type":"image\/jpeg"}],"twitter_card":"summary_large_image","twitter_site":"@DomArtStyl_pl","twitter_misc":{"Price":"&euro;666,25","Availability":"In stock"},"schema":{"@context":"https:\/\/schema.org","@graph":[{"@type":"WebPage","@id":"https:\/\/domartstyl.com\/en\/gerard-left-chaise-longue\/","url":"https:\/\/domartstyl.com\/en\/gerard-left-chaise-longue\/","name":"Gerard Left Chaise Longue - Modular Sofa","isPartOf":{"@id":"https:\/\/domartstyl.com\/en\/#website"},"primaryImageOfPage":{"@id":"https:\/\/domartstyl.com\/en\/gerard-left-chaise-longue\/#primaryimage"},"image":{"@id":"https:\/\/domartstyl.com\/en\/gerard-left-chaise-longue\/#primaryimage"},"thumbnailUrl":"https:\/\/domartstyl.com\/wp-content\/uploads\/2025\/05\/szezlong-lewy-melody14-3.jpg","datePublished":"2025-05-26T09:11:00+00:00","dateModified":"2025-06-11T09:46:26+00:00","description":"Gerard Modular Sofa made in a glamor style. Made of the highest quality materials, it stands out for its stylish appearance, but also for its extraordinary comfort.","breadcrumb":{"@id":"https:\/\/domartstyl.com\/en\/gerard-left-chaise-longue\/#breadcrumb"},"inLanguage":"en-US","potentialAction":[{"@type":"ReadAction","target":["https:\/\/domartstyl.com\/en\/gerard-left-chaise-longue\/"]}]},{"@type":"ImageObject","inLanguage":"en-US","@id":"https:\/\/domartstyl.com\/en\/gerard-left-chaise-longue\/#primaryimage","url":"https:\/\/domartstyl.com\/wp-content\/uploads\/2025\/05\/szezlong-lewy-melody14-3.jpg","contentUrl":"https:\/\/domartstyl.com\/wp-content\/uploads\/2025\/05\/szezlong-lewy-melody14-3.jpg","width":1000,"height":1000},{"@type":"BreadcrumbList","@id":"https:\/\/domartstyl.com\/en\/gerard-left-chaise-longue\/#breadcrumb","itemListElement":[{"@type":"ListItem","position":1,"name":"Strona g\u0142\u00f3wna","item":"https:\/\/domartstyl.com\/en\/"},{"@type":"ListItem","position":2,"name":"Modern Upholstered Furniture","item":"https:\/\/domartstyl.com\/en\/furniture\/"},{"@type":"ListItem","position":3,"name":"Gerard Left Chaise Longue"}]},{"@type":"WebSite","@id":"https:\/\/domartstyl.com\/en\/#website","url":"https:\/\/domartstyl.com\/en\/","name":"DomArtStyl","description":"Tworzymy meble najwy\u017cszej jako\u015bci. Sprzeda\u017c detaliczna \u00b7 Sprzeda\u017c hurtowa","publisher":{"@id":"https:\/\/domartstyl.com\/en\/#organization"},"potentialAction":[{"@type":"SearchAction","target":{"@type":"EntryPoint","urlTemplate":"https:\/\/domartstyl.com\/en\/?s={search_term_string}"},"query-input":{"@type":"PropertyValueSpecification","valueRequired":true,"valueName":"search_term_string"}}],"inLanguage":"en-US"},{"@type":"Organization","@id":"https:\/\/domartstyl.com\/en\/#organization","name":"DomArtStyl","url":"https:\/\/domartstyl.com\/en\/","logo":{"@type":"ImageObject","inLanguage":"en-US","@id":"https:\/\/domartstyl.com\/en\/#\/schema\/logo\/image\/","url":"https:\/\/domartstyl.com\/wp-content\/uploads\/2018\/04\/Logo_300_width.png","contentUrl":"https:\/\/domartstyl.com\/wp-content\/uploads\/2018\/04\/Logo_300_width.png","width":300,"height":140,"caption":"DomArtStyl"},"image":{"@id":"https:\/\/domartstyl.com\/en\/#\/schema\/logo\/image\/"},"sameAs":["https:\/\/www.facebook.com\/DomArtStyl\/","https:\/\/x.com\/DomArtStyl_pl","https:\/\/www.instagram.com\/domartstyl\/?hl=en","https:\/\/pl.pinterest.com\/domartstyl01\/","https:\/\/www.youtube.com\/channel\/UCkISSgvMomI6yFFL3JDbLhw"]}]},"product_price_amount":"666.25","product_price_currency":"EUR","og_availability":"instock","product_availability":"instock","product_condition":"new"},"_links":{"self":[{"href":"https:\/\/domartstyl.com\/en\/wp-json\/wp\/v2\/product\/94688","targetHints":{"allow":["GET"]}}],"collection":[{"href":"https:\/\/domartstyl.com\/en\/wp-json\/wp\/v2\/product"}],"about":[{"href":"https:\/\/domartstyl.com\/en\/wp-json\/wp\/v2\/types\/product"}],"replies":[{"embeddable":true,"href":"https:\/\/domartstyl.com\/en\/wp-json\/wp\/v2\/comments?post=94688"}],"wp:featuredmedia":[{"embeddable":true,"href":"https:\/\/domartstyl.com\/en\/wp-json\/wp\/v2\/media\/94694"}],"wp:attachment":[{"href":"https:\/\/domartstyl.com\/en\/wp-json\/wp\/v2\/media?parent=94688"}],"wp:term":[{"taxonomy":"product_brand","embeddable":true,"href":"https:\/\/domartstyl.com\/en\/wp-json\/wp\/v2\/product_brand?post=94688"},{"taxonomy":"product_cat","embeddable":true,"href":"https:\/\/domartstyl.com\/en\/wp-json\/wp\/v2\/product_cat?post=94688"},{"taxonomy":"product_tag","embeddable":true,"href":"https:\/\/domartstyl.com\/en\/wp-json\/wp\/v2\/product_tag?post=94688"}],"curies":[{"name":"wp","href":"https:\/\/api.w.org\/{rel}","templated":true}]}}