{"id":94557,"date":"2025-05-21T12:34:03","date_gmt":"2025-05-21T11:34:03","guid":{"rendered":"https:\/\/domartstyl.com\/?post_type=product&#038;p=94557"},"modified":"2025-05-23T08:03:54","modified_gmt":"2025-05-23T07:03:54","slug":"figo-left-corner-sofa","status":"publish","type":"product","link":"https:\/\/domartstyl.com\/en\/figo-left-corner-sofa\/","title":{"rendered":"Figo Left Corner Sofa"},"content":{"rendered":"<p>The Figo corner sofa is a modern and comfortable piece for the living room, featuring a sleeping function and a bedding storage compartment \u2013 perfect for those who value both style and functionality.<\/p>\n","protected":false},"excerpt":{"rendered":"<p class=\"\" data-start=\"49\" data-end=\"142\"><strong data-start=\"49\" data-end=\"142\">Figo Corner Sofa \u2013 A Modern Living Room Sofa with a Sleeping Function and Bedding Storage<\/strong><\/p>\n<p class=\"\" data-start=\"144\" data-end=\"367\">Figo is a stylish and modern corner sofa for the living room that combines elegant design with high functionality. This comfortable sofa bed is perfect for everyday use and also serves as an extra sleeping space for guests.<\/p>\n<p class=\"\" data-start=\"369\" data-end=\"639\">Thanks to its practical bedding storage compartment, the Figo sofa makes it easy to store blankets, pillows, or duvets\u2014helping you keep things tidy and make the most of your space. Soft back cushions and rounded lines ensure a high level of seating and lounging comfort.<\/p>\n<p class=\"\" data-start=\"641\" data-end=\"921\">If you&#8217;re looking for a piece of furniture that is both aesthetically pleasing and practical, the Figo corner sofa with a sleeping function and bedding storage is the perfect choice. It\u2019s an excellent solution for those who value modern style, functionality, and everyday comfort.<\/p>\n","protected":false},"featured_media":94987,"comment_status":"closed","ping_status":"closed","template":"","meta":[],"product_brand":[],"product_cat":[8874,9718,647,9046],"product_tag":[],"class_list":{"0":"post-94557","1":"product","2":"type-product","3":"status-publish","4":"has-post-thumbnail","6":"product_cat-corner-sofas","7":"product_cat-corner-sofas-with-sleeping-function","8":"product_cat-newest-products","9":"product_cat-sofas-with-sleeping-function","11":"first","12":"instock","13":"taxable","14":"shipping-taxable","15":"purchasable","16":"product-type-simple"},"yoast_head":"<!-- This site is optimized with the Yoast SEO Premium plugin v25.0 (Yoast SEO v25.0) - https:\/\/yoast.com\/wordpress\/plugins\/seo\/ -->\n<title>Figo Left Corner Sofa- DomArtStyl<\/title>\n<meta name=\"description\" content=\"The Figo corner sofa is a modern and comfortable piece for the living room, featuring a sleeping function and a bedding storage compartment \u2013 perfect for those who value both style and functionality.\" \/>\n<meta name=\"robots\" content=\"index, follow, max-snippet:-1, max-image-preview:large, max-video-preview:-1\" \/>\n<link rel=\"canonical\" href=\"https:\/\/domartstyl.com\/en\/figo-left-corner-sofa\/\" \/>\n<meta property=\"og:locale\" content=\"en_US\" \/>\n<meta property=\"og:type\" content=\"article\" \/>\n<meta property=\"og:title\" content=\"Figo Left Corner Sofa - DomArtStyl\" \/>\n<meta property=\"og:description\" content=\"The Figo corner sofa is a modern and comfortable piece for the living room, featuring a sleeping function and a bedding storage compartment \u2013 perfect for those who value both style and functionality.\" \/>\n<meta property=\"og:url\" content=\"https:\/\/domartstyl.com\/en\/figo-left-corner-sofa\/\" \/>\n<meta property=\"og:site_name\" content=\"DomArtStyl\" \/>\n<meta property=\"article:publisher\" content=\"https:\/\/www.facebook.com\/DomArtStyl\/\" \/>\n<meta property=\"article:modified_time\" content=\"2025-05-23T07:03:54+00:00\" \/>\n<meta property=\"og:image\" content=\"https:\/\/domartstyl.com\/wp-content\/uploads\/2025\/05\/naroznik-figo-lewy-quelle02-1.jpg\" \/>\n\t<meta property=\"og:image:width\" content=\"1000\" \/>\n\t<meta property=\"og:image:height\" content=\"1000\" \/>\n\t<meta property=\"og:image:type\" content=\"image\/jpeg\" \/>\n<meta name=\"twitter:card\" content=\"summary_large_image\" \/>\n<meta name=\"twitter:site\" content=\"@DomArtStyl_pl\" \/>\n<meta name=\"twitter:label1\" content=\"Price\" \/>\n\t<meta name=\"twitter:data1\" content=\"&euro;1.300,00\" \/>\n\t<meta name=\"twitter:label2\" content=\"Availability\" \/>\n\t<meta name=\"twitter:data2\" content=\"In stock\" \/>\n<script type=\"application\/ld+json\" class=\"yoast-schema-graph\">{\"@context\":\"https:\/\/schema.org\",\"@graph\":[{\"@type\":\"WebPage\",\"@id\":\"https:\/\/domartstyl.com\/en\/figo-left-corner-sofa\/\",\"url\":\"https:\/\/domartstyl.com\/en\/figo-left-corner-sofa\/\",\"name\":\"Figo Left Corner Sofa- DomArtStyl\",\"isPartOf\":{\"@id\":\"https:\/\/domartstyl.com\/en\/#website\"},\"primaryImageOfPage\":{\"@id\":\"https:\/\/domartstyl.com\/en\/figo-left-corner-sofa\/#primaryimage\"},\"image\":{\"@id\":\"https:\/\/domartstyl.com\/en\/figo-left-corner-sofa\/#primaryimage\"},\"thumbnailUrl\":\"https:\/\/domartstyl.com\/wp-content\/uploads\/2025\/05\/naroznik-figo-lewy-quelle02-5-1.jpg\",\"datePublished\":\"2025-05-21T11:34:03+00:00\",\"dateModified\":\"2025-05-23T07:03:54+00:00\",\"description\":\"The Figo corner sofa is a modern and comfortable piece for the living room, featuring a sleeping function and a bedding storage compartment \u2013 perfect for those who value both style and functionality.\",\"breadcrumb\":{\"@id\":\"https:\/\/domartstyl.com\/en\/figo-left-corner-sofa\/#breadcrumb\"},\"inLanguage\":\"en-US\",\"potentialAction\":[{\"@type\":\"ReadAction\",\"target\":[\"https:\/\/domartstyl.com\/en\/figo-left-corner-sofa\/\"]}]},{\"@type\":\"ImageObject\",\"inLanguage\":\"en-US\",\"@id\":\"https:\/\/domartstyl.com\/en\/figo-left-corner-sofa\/#primaryimage\",\"url\":\"https:\/\/domartstyl.com\/wp-content\/uploads\/2025\/05\/naroznik-figo-lewy-quelle02-5-1.jpg\",\"contentUrl\":\"https:\/\/domartstyl.com\/wp-content\/uploads\/2025\/05\/naroznik-figo-lewy-quelle02-5-1.jpg\",\"width\":1000,\"height\":1000},{\"@type\":\"BreadcrumbList\",\"@id\":\"https:\/\/domartstyl.com\/en\/figo-left-corner-sofa\/#breadcrumb\",\"itemListElement\":[{\"@type\":\"ListItem\",\"position\":1,\"name\":\"Strona g\u0142\u00f3wna\",\"item\":\"https:\/\/domartstyl.com\/en\/\"},{\"@type\":\"ListItem\",\"position\":2,\"name\":\"Modern Upholstered Furniture\",\"item\":\"https:\/\/domartstyl.com\/en\/furniture\/\"},{\"@type\":\"ListItem\",\"position\":3,\"name\":\"Figo Left Corner Sofa\"}]},{\"@type\":\"WebSite\",\"@id\":\"https:\/\/domartstyl.com\/en\/#website\",\"url\":\"https:\/\/domartstyl.com\/en\/\",\"name\":\"DomArtStyl\",\"description\":\"Tworzymy meble najwy\u017cszej jako\u015bci. Sprzeda\u017c detaliczna \u00b7 Sprzeda\u017c hurtowa\",\"publisher\":{\"@id\":\"https:\/\/domartstyl.com\/en\/#organization\"},\"potentialAction\":[{\"@type\":\"SearchAction\",\"target\":{\"@type\":\"EntryPoint\",\"urlTemplate\":\"https:\/\/domartstyl.com\/en\/?s={search_term_string}\"},\"query-input\":{\"@type\":\"PropertyValueSpecification\",\"valueRequired\":true,\"valueName\":\"search_term_string\"}}],\"inLanguage\":\"en-US\"},{\"@type\":\"Organization\",\"@id\":\"https:\/\/domartstyl.com\/en\/#organization\",\"name\":\"DomArtStyl\",\"url\":\"https:\/\/domartstyl.com\/en\/\",\"logo\":{\"@type\":\"ImageObject\",\"inLanguage\":\"en-US\",\"@id\":\"https:\/\/domartstyl.com\/en\/#\/schema\/logo\/image\/\",\"url\":\"https:\/\/domartstyl.com\/wp-content\/uploads\/2018\/04\/Logo_300_width.png\",\"contentUrl\":\"https:\/\/domartstyl.com\/wp-content\/uploads\/2018\/04\/Logo_300_width.png\",\"width\":300,\"height\":140,\"caption\":\"DomArtStyl\"},\"image\":{\"@id\":\"https:\/\/domartstyl.com\/en\/#\/schema\/logo\/image\/\"},\"sameAs\":[\"https:\/\/www.facebook.com\/DomArtStyl\/\",\"https:\/\/x.com\/DomArtStyl_pl\",\"https:\/\/www.instagram.com\/domartstyl\/?hl=en\",\"https:\/\/pl.pinterest.com\/domartstyl01\/\",\"https:\/\/www.youtube.com\/channel\/UCkISSgvMomI6yFFL3JDbLhw\"]}]}<\/script>\n<meta property=\"product:price:amount\" content=\"1300.00\" \/>\n<meta property=\"product:price:currency\" content=\"EUR\" \/>\n<meta property=\"og:availability\" content=\"instock\" \/>\n<meta property=\"product:availability\" content=\"instock\" \/>\n<meta property=\"product:condition\" content=\"new\" \/>\n<!-- \/ Yoast SEO Premium plugin. -->","yoast_head_json":{"title":"Figo Left Corner Sofa- DomArtStyl","description":"The Figo corner sofa is a modern and comfortable piece for the living room, featuring a sleeping function and a bedding storage compartment \u2013 perfect for those who value both style and functionality.","robots":{"index":"index","follow":"follow","max-snippet":"max-snippet:-1","max-image-preview":"max-image-preview:large","max-video-preview":"max-video-preview:-1"},"canonical":"https:\/\/domartstyl.com\/en\/figo-left-corner-sofa\/","og_locale":"en_US","og_type":"article","og_title":"Figo Left Corner Sofa - DomArtStyl","og_description":"The Figo corner sofa is a modern and comfortable piece for the living room, featuring a sleeping function and a bedding storage compartment \u2013 perfect for those who value both style and functionality.","og_url":"https:\/\/domartstyl.com\/en\/figo-left-corner-sofa\/","og_site_name":"DomArtStyl","article_publisher":"https:\/\/www.facebook.com\/DomArtStyl\/","article_modified_time":"2025-05-23T07:03:54+00:00","og_image":[{"width":1000,"height":1000,"url":"https:\/\/domartstyl.com\/wp-content\/uploads\/2025\/05\/naroznik-figo-lewy-quelle02-1.jpg","type":"image\/jpeg"}],"twitter_card":"summary_large_image","twitter_site":"@DomArtStyl_pl","twitter_misc":{"Price":"&euro;1.300,00","Availability":"In stock"},"schema":{"@context":"https:\/\/schema.org","@graph":[{"@type":"WebPage","@id":"https:\/\/domartstyl.com\/en\/figo-left-corner-sofa\/","url":"https:\/\/domartstyl.com\/en\/figo-left-corner-sofa\/","name":"Figo Left Corner Sofa- DomArtStyl","isPartOf":{"@id":"https:\/\/domartstyl.com\/en\/#website"},"primaryImageOfPage":{"@id":"https:\/\/domartstyl.com\/en\/figo-left-corner-sofa\/#primaryimage"},"image":{"@id":"https:\/\/domartstyl.com\/en\/figo-left-corner-sofa\/#primaryimage"},"thumbnailUrl":"https:\/\/domartstyl.com\/wp-content\/uploads\/2025\/05\/naroznik-figo-lewy-quelle02-5-1.jpg","datePublished":"2025-05-21T11:34:03+00:00","dateModified":"2025-05-23T07:03:54+00:00","description":"The Figo corner sofa is a modern and comfortable piece for the living room, featuring a sleeping function and a bedding storage compartment \u2013 perfect for those who value both style and functionality.","breadcrumb":{"@id":"https:\/\/domartstyl.com\/en\/figo-left-corner-sofa\/#breadcrumb"},"inLanguage":"en-US","potentialAction":[{"@type":"ReadAction","target":["https:\/\/domartstyl.com\/en\/figo-left-corner-sofa\/"]}]},{"@type":"ImageObject","inLanguage":"en-US","@id":"https:\/\/domartstyl.com\/en\/figo-left-corner-sofa\/#primaryimage","url":"https:\/\/domartstyl.com\/wp-content\/uploads\/2025\/05\/naroznik-figo-lewy-quelle02-5-1.jpg","contentUrl":"https:\/\/domartstyl.com\/wp-content\/uploads\/2025\/05\/naroznik-figo-lewy-quelle02-5-1.jpg","width":1000,"height":1000},{"@type":"BreadcrumbList","@id":"https:\/\/domartstyl.com\/en\/figo-left-corner-sofa\/#breadcrumb","itemListElement":[{"@type":"ListItem","position":1,"name":"Strona g\u0142\u00f3wna","item":"https:\/\/domartstyl.com\/en\/"},{"@type":"ListItem","position":2,"name":"Modern Upholstered Furniture","item":"https:\/\/domartstyl.com\/en\/furniture\/"},{"@type":"ListItem","position":3,"name":"Figo Left Corner Sofa"}]},{"@type":"WebSite","@id":"https:\/\/domartstyl.com\/en\/#website","url":"https:\/\/domartstyl.com\/en\/","name":"DomArtStyl","description":"Tworzymy meble najwy\u017cszej jako\u015bci. Sprzeda\u017c detaliczna \u00b7 Sprzeda\u017c hurtowa","publisher":{"@id":"https:\/\/domartstyl.com\/en\/#organization"},"potentialAction":[{"@type":"SearchAction","target":{"@type":"EntryPoint","urlTemplate":"https:\/\/domartstyl.com\/en\/?s={search_term_string}"},"query-input":{"@type":"PropertyValueSpecification","valueRequired":true,"valueName":"search_term_string"}}],"inLanguage":"en-US"},{"@type":"Organization","@id":"https:\/\/domartstyl.com\/en\/#organization","name":"DomArtStyl","url":"https:\/\/domartstyl.com\/en\/","logo":{"@type":"ImageObject","inLanguage":"en-US","@id":"https:\/\/domartstyl.com\/en\/#\/schema\/logo\/image\/","url":"https:\/\/domartstyl.com\/wp-content\/uploads\/2018\/04\/Logo_300_width.png","contentUrl":"https:\/\/domartstyl.com\/wp-content\/uploads\/2018\/04\/Logo_300_width.png","width":300,"height":140,"caption":"DomArtStyl"},"image":{"@id":"https:\/\/domartstyl.com\/en\/#\/schema\/logo\/image\/"},"sameAs":["https:\/\/www.facebook.com\/DomArtStyl\/","https:\/\/x.com\/DomArtStyl_pl","https:\/\/www.instagram.com\/domartstyl\/?hl=en","https:\/\/pl.pinterest.com\/domartstyl01\/","https:\/\/www.youtube.com\/channel\/UCkISSgvMomI6yFFL3JDbLhw"]}]},"product_price_amount":"1300.00","product_price_currency":"EUR","og_availability":"instock","product_availability":"instock","product_condition":"new"},"_links":{"self":[{"href":"https:\/\/domartstyl.com\/en\/wp-json\/wp\/v2\/product\/94557","targetHints":{"allow":["GET"]}}],"collection":[{"href":"https:\/\/domartstyl.com\/en\/wp-json\/wp\/v2\/product"}],"about":[{"href":"https:\/\/domartstyl.com\/en\/wp-json\/wp\/v2\/types\/product"}],"replies":[{"embeddable":true,"href":"https:\/\/domartstyl.com\/en\/wp-json\/wp\/v2\/comments?post=94557"}],"wp:featuredmedia":[{"embeddable":true,"href":"https:\/\/domartstyl.com\/en\/wp-json\/wp\/v2\/media\/94987"}],"wp:attachment":[{"href":"https:\/\/domartstyl.com\/en\/wp-json\/wp\/v2\/media?parent=94557"}],"wp:term":[{"taxonomy":"product_brand","embeddable":true,"href":"https:\/\/domartstyl.com\/en\/wp-json\/wp\/v2\/product_brand?post=94557"},{"taxonomy":"product_cat","embeddable":true,"href":"https:\/\/domartstyl.com\/en\/wp-json\/wp\/v2\/product_cat?post=94557"},{"taxonomy":"product_tag","embeddable":true,"href":"https:\/\/domartstyl.com\/en\/wp-json\/wp\/v2\/product_tag?post=94557"}],"curies":[{"name":"wp","href":"https:\/\/api.w.org\/{rel}","templated":true}]}}