{"id":94286,"date":"2025-04-22T11:35:48","date_gmt":"2025-04-22T10:35:48","guid":{"rendered":"https:\/\/domartstyl.com\/left-straight-element-for-the-laverna-modular-sofa\/"},"modified":"2025-05-15T10:56:29","modified_gmt":"2025-05-15T09:56:29","slug":"left-straight-element-for-the-laverna-modular-sofa","status":"publish","type":"product","link":"https:\/\/domartstyl.com\/en\/left-straight-element-for-the-laverna-modular-sofa\/","title":{"rendered":"Left straight element for the Laverna modular sofa"},"content":{"rendered":"<p>The Laverna Modular Sofa is an elegant and modern piece of furniture that brings style and comfort to your interior. Its wide seats and soft backrests ensure top-level relaxation.<br data-start=\"214\" data-end=\"217\" \/>Thanks to its modular design, it can be easily adapted to any space \u2014 from a living room to a stylish waiting area.<\/p>\n","protected":false},"excerpt":{"rendered":"<p class=\"\" data-start=\"36\" data-end=\"269\">The Laverna Modular Sofa is a modern piece of furniture with a refined design that adds class and style to any interior. Its elegant form and carefully crafted details catch the eye and create a cozy yet sophisticated atmosphere.<\/p>\n<p class=\"\" data-start=\"271\" data-end=\"430\">Generously sized seats combined with a soft backrest provide exceptional comfort and top-tier relaxation \u2014 whether you&#8217;re unwinding or entertaining guests.<\/p>\n<p class=\"\" data-start=\"432\" data-end=\"654\">The Laverna Modular Sofa is a versatile solution that fits perfectly in both living rooms and upscale waiting areas. Its modular construction allows you to easily adjust the size and shape to suit your needs and space.<\/p>\n<p class=\"\" data-start=\"656\" data-end=\"728\">Sit back, relax, and enjoy your favorite series in ultimate comfort.<\/p>\n<p class=\"\" data-start=\"730\" data-end=\"783\">Explore the available configurations and options!<\/p>\n","protected":false},"featured_media":93996,"comment_status":"closed","ping_status":"closed","template":"","meta":[],"product_brand":[],"product_cat":[647,39,9043],"product_tag":[],"class_list":{"0":"post-94286","1":"product","2":"type-product","3":"status-publish","4":"has-post-thumbnail","6":"product_cat-newest-products","7":"product_cat-sofas","8":"product_cat-modular-sofas","9":"product_shipping_class-individually-packed-110-120","11":"first","12":"instock","13":"taxable","14":"shipping-taxable","15":"purchasable","16":"product-type-simple"},"yoast_head":"<!-- This site is optimized with the Yoast SEO Premium plugin v25.0 (Yoast SEO v25.0) - https:\/\/yoast.com\/wordpress\/plugins\/seo\/ -->\n<title>Left straight element for the Laverna modular sofa , Manufacturer of Upholstered Furniture - DomArtStyl<\/title>\n<meta name=\"robots\" content=\"index, follow, max-snippet:-1, max-image-preview:large, max-video-preview:-1\" \/>\n<link rel=\"canonical\" href=\"https:\/\/domartstyl.com\/en\/left-straight-element-for-the-laverna-modular-sofa\/\" \/>\n<meta property=\"og:locale\" content=\"en_US\" \/>\n<meta property=\"og:type\" content=\"article\" \/>\n<meta property=\"og:title\" content=\"Left straight element for the Laverna modular sofa - DomArtStyl\" \/>\n<meta property=\"og:description\" content=\"The Laverna Modular Sofa is a modern piece of furniture with a refined design that adds class and style to any interior. Its elegant form and carefully crafted details catch the eye and create a cozy yet sophisticated atmosphere. Generously sized seats combined with a soft backrest provide exceptional comfort and top-tier relaxation \u2014 whether you&#039;re unwinding or entertaining guests. The Laverna Modular Sofa is a versatile solution that fits perfectly in both living rooms and upscale waiting areas. Its modular construction allows you to easily adjust the size and shape to suit your needs and space. Sit back, relax, and enjoy your favorite series in ultimate comfort. Explore the available configurations and options!\" \/>\n<meta property=\"og:url\" content=\"https:\/\/domartstyl.com\/en\/left-straight-element-for-the-laverna-modular-sofa\/\" \/>\n<meta property=\"og:site_name\" content=\"DomArtStyl\" \/>\n<meta property=\"article:publisher\" content=\"https:\/\/www.facebook.com\/DomArtStyl\/\" \/>\n<meta property=\"article:modified_time\" content=\"2025-05-15T09:56:29+00:00\" \/>\n<meta property=\"og:image\" content=\"https:\/\/domartstyl.com\/wp-content\/uploads\/2025\/04\/SL-Laverna-Bluvel-4215-1.jpg\" \/>\n\t<meta property=\"og:image:width\" content=\"1000\" \/>\n\t<meta property=\"og:image:height\" content=\"1000\" \/>\n\t<meta property=\"og:image:type\" content=\"image\/jpeg\" \/>\n<meta name=\"twitter:card\" content=\"summary_large_image\" \/>\n<meta name=\"twitter:site\" content=\"@DomArtStyl_pl\" \/>\n<meta name=\"twitter:label1\" content=\"Price\" \/>\n\t<meta name=\"twitter:data1\" content=\"&euro;365,00\" \/>\n\t<meta name=\"twitter:label2\" content=\"Availability\" \/>\n\t<meta name=\"twitter:data2\" content=\"In stock\" \/>\n<script type=\"application\/ld+json\" class=\"yoast-schema-graph\">{\"@context\":\"https:\/\/schema.org\",\"@graph\":[{\"@type\":\"WebPage\",\"@id\":\"https:\/\/domartstyl.com\/en\/left-straight-element-for-the-laverna-modular-sofa\/\",\"url\":\"https:\/\/domartstyl.com\/en\/left-straight-element-for-the-laverna-modular-sofa\/\",\"name\":\"Left straight element for the Laverna modular sofa , Manufacturer of Upholstered Furniture - DomArtStyl\",\"isPartOf\":{\"@id\":\"https:\/\/domartstyl.com\/en\/#website\"},\"primaryImageOfPage\":{\"@id\":\"https:\/\/domartstyl.com\/en\/left-straight-element-for-the-laverna-modular-sofa\/#primaryimage\"},\"image\":{\"@id\":\"https:\/\/domartstyl.com\/en\/left-straight-element-for-the-laverna-modular-sofa\/#primaryimage\"},\"thumbnailUrl\":\"https:\/\/domartstyl.com\/wp-content\/uploads\/2025\/04\/SL-Laverna-Bluvel-4215-1.jpg\",\"datePublished\":\"2025-04-22T10:35:48+00:00\",\"dateModified\":\"2025-05-15T09:56:29+00:00\",\"breadcrumb\":{\"@id\":\"https:\/\/domartstyl.com\/en\/left-straight-element-for-the-laverna-modular-sofa\/#breadcrumb\"},\"inLanguage\":\"en-US\",\"potentialAction\":[{\"@type\":\"ReadAction\",\"target\":[\"https:\/\/domartstyl.com\/en\/left-straight-element-for-the-laverna-modular-sofa\/\"]}]},{\"@type\":\"ImageObject\",\"inLanguage\":\"en-US\",\"@id\":\"https:\/\/domartstyl.com\/en\/left-straight-element-for-the-laverna-modular-sofa\/#primaryimage\",\"url\":\"https:\/\/domartstyl.com\/wp-content\/uploads\/2025\/04\/SL-Laverna-Bluvel-4215-1.jpg\",\"contentUrl\":\"https:\/\/domartstyl.com\/wp-content\/uploads\/2025\/04\/SL-Laverna-Bluvel-4215-1.jpg\",\"width\":1000,\"height\":1000},{\"@type\":\"BreadcrumbList\",\"@id\":\"https:\/\/domartstyl.com\/en\/left-straight-element-for-the-laverna-modular-sofa\/#breadcrumb\",\"itemListElement\":[{\"@type\":\"ListItem\",\"position\":1,\"name\":\"Strona g\u0142\u00f3wna\",\"item\":\"https:\/\/domartstyl.com\/en\/\"},{\"@type\":\"ListItem\",\"position\":2,\"name\":\"Modern Upholstered Furniture\",\"item\":\"https:\/\/domartstyl.com\/en\/furniture\/\"},{\"@type\":\"ListItem\",\"position\":3,\"name\":\"Left straight element for the Laverna modular sofa\"}]},{\"@type\":\"WebSite\",\"@id\":\"https:\/\/domartstyl.com\/en\/#website\",\"url\":\"https:\/\/domartstyl.com\/en\/\",\"name\":\"DomArtStyl\",\"description\":\"Tworzymy meble najwy\u017cszej jako\u015bci. Sprzeda\u017c detaliczna \u00b7 Sprzeda\u017c hurtowa\",\"publisher\":{\"@id\":\"https:\/\/domartstyl.com\/en\/#organization\"},\"potentialAction\":[{\"@type\":\"SearchAction\",\"target\":{\"@type\":\"EntryPoint\",\"urlTemplate\":\"https:\/\/domartstyl.com\/en\/?s={search_term_string}\"},\"query-input\":{\"@type\":\"PropertyValueSpecification\",\"valueRequired\":true,\"valueName\":\"search_term_string\"}}],\"inLanguage\":\"en-US\"},{\"@type\":\"Organization\",\"@id\":\"https:\/\/domartstyl.com\/en\/#organization\",\"name\":\"DomArtStyl\",\"url\":\"https:\/\/domartstyl.com\/en\/\",\"logo\":{\"@type\":\"ImageObject\",\"inLanguage\":\"en-US\",\"@id\":\"https:\/\/domartstyl.com\/en\/#\/schema\/logo\/image\/\",\"url\":\"https:\/\/domartstyl.com\/wp-content\/uploads\/2018\/04\/Logo_300_width.png\",\"contentUrl\":\"https:\/\/domartstyl.com\/wp-content\/uploads\/2018\/04\/Logo_300_width.png\",\"width\":300,\"height\":140,\"caption\":\"DomArtStyl\"},\"image\":{\"@id\":\"https:\/\/domartstyl.com\/en\/#\/schema\/logo\/image\/\"},\"sameAs\":[\"https:\/\/www.facebook.com\/DomArtStyl\/\",\"https:\/\/x.com\/DomArtStyl_pl\",\"https:\/\/www.instagram.com\/domartstyl\/?hl=en\",\"https:\/\/pl.pinterest.com\/domartstyl01\/\",\"https:\/\/www.youtube.com\/channel\/UCkISSgvMomI6yFFL3JDbLhw\"]}]}<\/script>\n<meta property=\"product:price:amount\" content=\"365.00\" \/>\n<meta property=\"product:price:currency\" content=\"EUR\" \/>\n<meta property=\"og:availability\" content=\"instock\" \/>\n<meta property=\"product:availability\" content=\"instock\" \/>\n<meta property=\"product:condition\" content=\"new\" \/>\n<!-- \/ Yoast SEO Premium plugin. -->","yoast_head_json":{"title":"Left straight element for the Laverna modular sofa , Manufacturer of Upholstered Furniture - DomArtStyl","robots":{"index":"index","follow":"follow","max-snippet":"max-snippet:-1","max-image-preview":"max-image-preview:large","max-video-preview":"max-video-preview:-1"},"canonical":"https:\/\/domartstyl.com\/en\/left-straight-element-for-the-laverna-modular-sofa\/","og_locale":"en_US","og_type":"article","og_title":"Left straight element for the Laverna modular sofa - DomArtStyl","og_description":"The Laverna Modular Sofa is a modern piece of furniture with a refined design that adds class and style to any interior. Its elegant form and carefully crafted details catch the eye and create a cozy yet sophisticated atmosphere. Generously sized seats combined with a soft backrest provide exceptional comfort and top-tier relaxation \u2014 whether you're unwinding or entertaining guests. The Laverna Modular Sofa is a versatile solution that fits perfectly in both living rooms and upscale waiting areas. Its modular construction allows you to easily adjust the size and shape to suit your needs and space. Sit back, relax, and enjoy your favorite series in ultimate comfort. Explore the available configurations and options!","og_url":"https:\/\/domartstyl.com\/en\/left-straight-element-for-the-laverna-modular-sofa\/","og_site_name":"DomArtStyl","article_publisher":"https:\/\/www.facebook.com\/DomArtStyl\/","article_modified_time":"2025-05-15T09:56:29+00:00","og_image":[{"width":1000,"height":1000,"url":"https:\/\/domartstyl.com\/wp-content\/uploads\/2025\/04\/SL-Laverna-Bluvel-4215-1.jpg","type":"image\/jpeg"}],"twitter_card":"summary_large_image","twitter_site":"@DomArtStyl_pl","twitter_misc":{"Price":"&euro;365,00","Availability":"In stock"},"schema":{"@context":"https:\/\/schema.org","@graph":[{"@type":"WebPage","@id":"https:\/\/domartstyl.com\/en\/left-straight-element-for-the-laverna-modular-sofa\/","url":"https:\/\/domartstyl.com\/en\/left-straight-element-for-the-laverna-modular-sofa\/","name":"Left straight element for the Laverna modular sofa , Manufacturer of Upholstered Furniture - DomArtStyl","isPartOf":{"@id":"https:\/\/domartstyl.com\/en\/#website"},"primaryImageOfPage":{"@id":"https:\/\/domartstyl.com\/en\/left-straight-element-for-the-laverna-modular-sofa\/#primaryimage"},"image":{"@id":"https:\/\/domartstyl.com\/en\/left-straight-element-for-the-laverna-modular-sofa\/#primaryimage"},"thumbnailUrl":"https:\/\/domartstyl.com\/wp-content\/uploads\/2025\/04\/SL-Laverna-Bluvel-4215-1.jpg","datePublished":"2025-04-22T10:35:48+00:00","dateModified":"2025-05-15T09:56:29+00:00","breadcrumb":{"@id":"https:\/\/domartstyl.com\/en\/left-straight-element-for-the-laverna-modular-sofa\/#breadcrumb"},"inLanguage":"en-US","potentialAction":[{"@type":"ReadAction","target":["https:\/\/domartstyl.com\/en\/left-straight-element-for-the-laverna-modular-sofa\/"]}]},{"@type":"ImageObject","inLanguage":"en-US","@id":"https:\/\/domartstyl.com\/en\/left-straight-element-for-the-laverna-modular-sofa\/#primaryimage","url":"https:\/\/domartstyl.com\/wp-content\/uploads\/2025\/04\/SL-Laverna-Bluvel-4215-1.jpg","contentUrl":"https:\/\/domartstyl.com\/wp-content\/uploads\/2025\/04\/SL-Laverna-Bluvel-4215-1.jpg","width":1000,"height":1000},{"@type":"BreadcrumbList","@id":"https:\/\/domartstyl.com\/en\/left-straight-element-for-the-laverna-modular-sofa\/#breadcrumb","itemListElement":[{"@type":"ListItem","position":1,"name":"Strona g\u0142\u00f3wna","item":"https:\/\/domartstyl.com\/en\/"},{"@type":"ListItem","position":2,"name":"Modern Upholstered Furniture","item":"https:\/\/domartstyl.com\/en\/furniture\/"},{"@type":"ListItem","position":3,"name":"Left straight element for the Laverna modular sofa"}]},{"@type":"WebSite","@id":"https:\/\/domartstyl.com\/en\/#website","url":"https:\/\/domartstyl.com\/en\/","name":"DomArtStyl","description":"Tworzymy meble najwy\u017cszej jako\u015bci. Sprzeda\u017c detaliczna \u00b7 Sprzeda\u017c hurtowa","publisher":{"@id":"https:\/\/domartstyl.com\/en\/#organization"},"potentialAction":[{"@type":"SearchAction","target":{"@type":"EntryPoint","urlTemplate":"https:\/\/domartstyl.com\/en\/?s={search_term_string}"},"query-input":{"@type":"PropertyValueSpecification","valueRequired":true,"valueName":"search_term_string"}}],"inLanguage":"en-US"},{"@type":"Organization","@id":"https:\/\/domartstyl.com\/en\/#organization","name":"DomArtStyl","url":"https:\/\/domartstyl.com\/en\/","logo":{"@type":"ImageObject","inLanguage":"en-US","@id":"https:\/\/domartstyl.com\/en\/#\/schema\/logo\/image\/","url":"https:\/\/domartstyl.com\/wp-content\/uploads\/2018\/04\/Logo_300_width.png","contentUrl":"https:\/\/domartstyl.com\/wp-content\/uploads\/2018\/04\/Logo_300_width.png","width":300,"height":140,"caption":"DomArtStyl"},"image":{"@id":"https:\/\/domartstyl.com\/en\/#\/schema\/logo\/image\/"},"sameAs":["https:\/\/www.facebook.com\/DomArtStyl\/","https:\/\/x.com\/DomArtStyl_pl","https:\/\/www.instagram.com\/domartstyl\/?hl=en","https:\/\/pl.pinterest.com\/domartstyl01\/","https:\/\/www.youtube.com\/channel\/UCkISSgvMomI6yFFL3JDbLhw"]}]},"product_price_amount":"365.00","product_price_currency":"EUR","og_availability":"instock","product_availability":"instock","product_condition":"new"},"_links":{"self":[{"href":"https:\/\/domartstyl.com\/en\/wp-json\/wp\/v2\/product\/94286","targetHints":{"allow":["GET"]}}],"collection":[{"href":"https:\/\/domartstyl.com\/en\/wp-json\/wp\/v2\/product"}],"about":[{"href":"https:\/\/domartstyl.com\/en\/wp-json\/wp\/v2\/types\/product"}],"replies":[{"embeddable":true,"href":"https:\/\/domartstyl.com\/en\/wp-json\/wp\/v2\/comments?post=94286"}],"wp:featuredmedia":[{"embeddable":true,"href":"https:\/\/domartstyl.com\/en\/wp-json\/wp\/v2\/media\/93996"}],"wp:attachment":[{"href":"https:\/\/domartstyl.com\/en\/wp-json\/wp\/v2\/media?parent=94286"}],"wp:term":[{"taxonomy":"product_brand","embeddable":true,"href":"https:\/\/domartstyl.com\/en\/wp-json\/wp\/v2\/product_brand?post=94286"},{"taxonomy":"product_cat","embeddable":true,"href":"https:\/\/domartstyl.com\/en\/wp-json\/wp\/v2\/product_cat?post=94286"},{"taxonomy":"product_tag","embeddable":true,"href":"https:\/\/domartstyl.com\/en\/wp-json\/wp\/v2\/product_tag?post=94286"}],"curies":[{"name":"wp","href":"https:\/\/api.w.org\/{rel}","templated":true}]}}