{"id":94074,"date":"2025-04-29T08:19:51","date_gmt":"2025-04-29T07:19:51","guid":{"rendered":"https:\/\/domartstyl.com\/?post_type=product&#038;p=94074"},"modified":"2025-05-15T10:56:28","modified_gmt":"2025-05-15T09:56:28","slug":"olivio-chair","status":"publish","type":"product","link":"https:\/\/domartstyl.com\/en\/olivio-chair\/","title":{"rendered":"Olivio Chair"},"content":{"rendered":"<p><strong data-start=\"199\" data-end=\"219\">The Olivio Chair<\/strong> is a stylish piece of furniture that combines Scandinavian simplicity with glamorous elegance. The upholstered seat and backrest are made from high-quality fabrics. A wide range of colors and variants makes Olivio a perfect fit for various interiors \u2013 from home dining rooms to restaurants and hotels.<\/p>\n","protected":false},"excerpt":{"rendered":"<p class=\"\" data-start=\"60\" data-end=\"474\"><strong data-start=\"60\" data-end=\"80\">The Olivio Chair<\/strong> is an elegant upholstered piece that harmoniously blends the simplicity of Scandinavian style with the refined charm of glamour. The smooth seat and backrest are crafted from high-quality fabrics, with attention paid to every detail. A rich selection of upholstery variants and colors allows the chair to adapt to a variety of interior designs, making Olivio a distinctive accent in any space.<\/p>\n<p class=\"\" data-start=\"476\" data-end=\"573\">It is perfectly suited for both home dining rooms and stylish caf\u00e9s, restaurants, or hotel rooms.<\/p>\n","protected":false},"featured_media":96851,"comment_status":"closed","ping_status":"closed","template":"","meta":[],"product_brand":[],"product_cat":[36,8796,8805,8793,7627,8795,8794,8800,8798,647,8797,8803],"product_tag":[],"class_list":{"0":"post-94074","1":"product","2":"type-product","3":"status-publish","4":"has-post-thumbnail","6":"product_cat-chairs","7":"product_cat-chairs-for-the-waiting-room","8":"product_cat-chairs-with-metal-legs","9":"product_cat-dining-chairs","10":"product_cat-furniture-on-metal-frame","11":"product_cat-kitchen-chairs","12":"product_cat-living-room-chairs","13":"product_cat-loft-chairs","14":"product_cat-modern-chairs","15":"product_cat-newest-products","16":"product_cat-restaurant-chairs","17":"product_cat-velor-chairs","18":"product_shipping_class-pakowane-podwojnie-30-40-en","20":"first","21":"instock","22":"taxable","23":"shipping-taxable","24":"purchasable","25":"product-type-simple"},"yoast_head":"<!-- This site is optimized with the Yoast SEO Premium plugin v25.0 (Yoast SEO v25.0) - https:\/\/yoast.com\/wordpress\/plugins\/seo\/ -->\n<title>Olivio Chair<\/title>\n<meta name=\"description\" content=\"The Olivio Chair is an elegant upholstered piece that harmoniously blends the simplicity of Scandinavian style with the refined charm of glamour. The smooth seat and backrest are crafted from high-quality fabrics, with attention paid to every detail. A rich selection of upholstery variants and colors allows the chair to adapt to a variety of interior designs, making Olivio a distinctive accent in any space.It is perfectly suited for both home dining rooms and stylish caf\u00e9s, restaurants, or hotel rooms.\" \/>\n<meta name=\"robots\" content=\"index, follow, max-snippet:-1, max-image-preview:large, max-video-preview:-1\" \/>\n<link rel=\"canonical\" href=\"https:\/\/domartstyl.com\/en\/olivio-chair\/\" \/>\n<meta property=\"og:locale\" content=\"en_US\" \/>\n<meta property=\"og:type\" content=\"article\" \/>\n<meta property=\"og:title\" content=\"Olivio Chair - DomArtStyl\" \/>\n<meta property=\"og:description\" content=\"The Olivio Chair is an elegant upholstered piece that harmoniously blends the simplicity of Scandinavian style with the refined charm of glamour. The smooth seat and backrest are crafted from high-quality fabrics, with attention paid to every detail. A rich selection of upholstery variants and colors allows the chair to adapt to a variety of interior designs, making Olivio a distinctive accent in any space.It is perfectly suited for both home dining rooms and stylish caf\u00e9s, restaurants, or hotel rooms.\" \/>\n<meta property=\"og:url\" content=\"https:\/\/domartstyl.com\/en\/olivio-chair\/\" \/>\n<meta property=\"og:site_name\" content=\"DomArtStyl\" \/>\n<meta property=\"article:publisher\" content=\"https:\/\/www.facebook.com\/DomArtStyl\/\" \/>\n<meta property=\"article:modified_time\" content=\"2025-05-15T09:56:28+00:00\" \/>\n<meta property=\"og:image\" content=\"https:\/\/domartstyl.com\/wp-content\/uploads\/2025\/04\/krzeslo-olivier2.jpg\" \/>\n\t<meta property=\"og:image:width\" content=\"1000\" \/>\n\t<meta property=\"og:image:height\" content=\"1000\" \/>\n\t<meta property=\"og:image:type\" content=\"image\/jpeg\" \/>\n<meta name=\"twitter:card\" content=\"summary_large_image\" \/>\n<meta name=\"twitter:site\" content=\"@DomArtStyl_pl\" \/>\n<meta name=\"twitter:label1\" content=\"Price\" \/>\n\t<meta name=\"twitter:data1\" content=\"&euro;260,25\" \/>\n\t<meta name=\"twitter:label2\" content=\"Availability\" \/>\n\t<meta name=\"twitter:data2\" content=\"In stock\" \/>\n<script type=\"application\/ld+json\" class=\"yoast-schema-graph\">{\"@context\":\"https:\/\/schema.org\",\"@graph\":[{\"@type\":\"WebPage\",\"@id\":\"https:\/\/domartstyl.com\/en\/olivio-chair\/\",\"url\":\"https:\/\/domartstyl.com\/en\/olivio-chair\/\",\"name\":\"Olivio Chair\",\"isPartOf\":{\"@id\":\"https:\/\/domartstyl.com\/en\/#website\"},\"primaryImageOfPage\":{\"@id\":\"https:\/\/domartstyl.com\/en\/olivio-chair\/#primaryimage\"},\"image\":{\"@id\":\"https:\/\/domartstyl.com\/en\/olivio-chair\/#primaryimage\"},\"thumbnailUrl\":\"https:\/\/domartstyl.com\/wp-content\/uploads\/2025\/04\/Krzeslo_Olivio_Parsos1_2-1.jpg\",\"datePublished\":\"2025-04-29T07:19:51+00:00\",\"dateModified\":\"2025-05-15T09:56:28+00:00\",\"description\":\"The Olivio Chair is an elegant upholstered piece that harmoniously blends the simplicity of Scandinavian style with the refined charm of glamour. The smooth seat and backrest are crafted from high-quality fabrics, with attention paid to every detail. A rich selection of upholstery variants and colors allows the chair to adapt to a variety of interior designs, making Olivio a distinctive accent in any space.It is perfectly suited for both home dining rooms and stylish caf\u00e9s, restaurants, or hotel rooms.\",\"breadcrumb\":{\"@id\":\"https:\/\/domartstyl.com\/en\/olivio-chair\/#breadcrumb\"},\"inLanguage\":\"en-US\",\"potentialAction\":[{\"@type\":\"ReadAction\",\"target\":[\"https:\/\/domartstyl.com\/en\/olivio-chair\/\"]}]},{\"@type\":\"ImageObject\",\"inLanguage\":\"en-US\",\"@id\":\"https:\/\/domartstyl.com\/en\/olivio-chair\/#primaryimage\",\"url\":\"https:\/\/domartstyl.com\/wp-content\/uploads\/2025\/04\/Krzeslo_Olivio_Parsos1_2-1.jpg\",\"contentUrl\":\"https:\/\/domartstyl.com\/wp-content\/uploads\/2025\/04\/Krzeslo_Olivio_Parsos1_2-1.jpg\",\"width\":1000,\"height\":1000},{\"@type\":\"BreadcrumbList\",\"@id\":\"https:\/\/domartstyl.com\/en\/olivio-chair\/#breadcrumb\",\"itemListElement\":[{\"@type\":\"ListItem\",\"position\":1,\"name\":\"Strona g\u0142\u00f3wna\",\"item\":\"https:\/\/domartstyl.com\/en\/\"},{\"@type\":\"ListItem\",\"position\":2,\"name\":\"Modern Upholstered Furniture\",\"item\":\"https:\/\/domartstyl.com\/en\/furniture\/\"},{\"@type\":\"ListItem\",\"position\":3,\"name\":\"Olivio Chair\"}]},{\"@type\":\"WebSite\",\"@id\":\"https:\/\/domartstyl.com\/en\/#website\",\"url\":\"https:\/\/domartstyl.com\/en\/\",\"name\":\"DomArtStyl\",\"description\":\"Tworzymy meble najwy\u017cszej jako\u015bci. Sprzeda\u017c detaliczna \u00b7 Sprzeda\u017c hurtowa\",\"publisher\":{\"@id\":\"https:\/\/domartstyl.com\/en\/#organization\"},\"potentialAction\":[{\"@type\":\"SearchAction\",\"target\":{\"@type\":\"EntryPoint\",\"urlTemplate\":\"https:\/\/domartstyl.com\/en\/?s={search_term_string}\"},\"query-input\":{\"@type\":\"PropertyValueSpecification\",\"valueRequired\":true,\"valueName\":\"search_term_string\"}}],\"inLanguage\":\"en-US\"},{\"@type\":\"Organization\",\"@id\":\"https:\/\/domartstyl.com\/en\/#organization\",\"name\":\"DomArtStyl\",\"url\":\"https:\/\/domartstyl.com\/en\/\",\"logo\":{\"@type\":\"ImageObject\",\"inLanguage\":\"en-US\",\"@id\":\"https:\/\/domartstyl.com\/en\/#\/schema\/logo\/image\/\",\"url\":\"https:\/\/domartstyl.com\/wp-content\/uploads\/2018\/04\/Logo_300_width.png\",\"contentUrl\":\"https:\/\/domartstyl.com\/wp-content\/uploads\/2018\/04\/Logo_300_width.png\",\"width\":300,\"height\":140,\"caption\":\"DomArtStyl\"},\"image\":{\"@id\":\"https:\/\/domartstyl.com\/en\/#\/schema\/logo\/image\/\"},\"sameAs\":[\"https:\/\/www.facebook.com\/DomArtStyl\/\",\"https:\/\/x.com\/DomArtStyl_pl\",\"https:\/\/www.instagram.com\/domartstyl\/?hl=en\",\"https:\/\/pl.pinterest.com\/domartstyl01\/\",\"https:\/\/www.youtube.com\/channel\/UCkISSgvMomI6yFFL3JDbLhw\"]}]}<\/script>\n<meta property=\"product:price:amount\" content=\"260.25\" \/>\n<meta property=\"product:price:currency\" content=\"EUR\" \/>\n<meta property=\"og:availability\" content=\"instock\" \/>\n<meta property=\"product:availability\" content=\"instock\" \/>\n<meta property=\"product:condition\" content=\"new\" \/>\n<!-- \/ Yoast SEO Premium plugin. -->","yoast_head_json":{"title":"Olivio Chair","description":"The Olivio Chair is an elegant upholstered piece that harmoniously blends the simplicity of Scandinavian style with the refined charm of glamour. The smooth seat and backrest are crafted from high-quality fabrics, with attention paid to every detail. A rich selection of upholstery variants and colors allows the chair to adapt to a variety of interior designs, making Olivio a distinctive accent in any space.It is perfectly suited for both home dining rooms and stylish caf\u00e9s, restaurants, or hotel rooms.","robots":{"index":"index","follow":"follow","max-snippet":"max-snippet:-1","max-image-preview":"max-image-preview:large","max-video-preview":"max-video-preview:-1"},"canonical":"https:\/\/domartstyl.com\/en\/olivio-chair\/","og_locale":"en_US","og_type":"article","og_title":"Olivio Chair - DomArtStyl","og_description":"The Olivio Chair is an elegant upholstered piece that harmoniously blends the simplicity of Scandinavian style with the refined charm of glamour. The smooth seat and backrest are crafted from high-quality fabrics, with attention paid to every detail. A rich selection of upholstery variants and colors allows the chair to adapt to a variety of interior designs, making Olivio a distinctive accent in any space.It is perfectly suited for both home dining rooms and stylish caf\u00e9s, restaurants, or hotel rooms.","og_url":"https:\/\/domartstyl.com\/en\/olivio-chair\/","og_site_name":"DomArtStyl","article_publisher":"https:\/\/www.facebook.com\/DomArtStyl\/","article_modified_time":"2025-05-15T09:56:28+00:00","og_image":[{"width":1000,"height":1000,"url":"https:\/\/domartstyl.com\/wp-content\/uploads\/2025\/04\/krzeslo-olivier2.jpg","type":"image\/jpeg"}],"twitter_card":"summary_large_image","twitter_site":"@DomArtStyl_pl","twitter_misc":{"Price":"&euro;260,25","Availability":"In stock"},"schema":{"@context":"https:\/\/schema.org","@graph":[{"@type":"WebPage","@id":"https:\/\/domartstyl.com\/en\/olivio-chair\/","url":"https:\/\/domartstyl.com\/en\/olivio-chair\/","name":"Olivio Chair","isPartOf":{"@id":"https:\/\/domartstyl.com\/en\/#website"},"primaryImageOfPage":{"@id":"https:\/\/domartstyl.com\/en\/olivio-chair\/#primaryimage"},"image":{"@id":"https:\/\/domartstyl.com\/en\/olivio-chair\/#primaryimage"},"thumbnailUrl":"https:\/\/domartstyl.com\/wp-content\/uploads\/2025\/04\/Krzeslo_Olivio_Parsos1_2-1.jpg","datePublished":"2025-04-29T07:19:51+00:00","dateModified":"2025-05-15T09:56:28+00:00","description":"The Olivio Chair is an elegant upholstered piece that harmoniously blends the simplicity of Scandinavian style with the refined charm of glamour. The smooth seat and backrest are crafted from high-quality fabrics, with attention paid to every detail. A rich selection of upholstery variants and colors allows the chair to adapt to a variety of interior designs, making Olivio a distinctive accent in any space.It is perfectly suited for both home dining rooms and stylish caf\u00e9s, restaurants, or hotel rooms.","breadcrumb":{"@id":"https:\/\/domartstyl.com\/en\/olivio-chair\/#breadcrumb"},"inLanguage":"en-US","potentialAction":[{"@type":"ReadAction","target":["https:\/\/domartstyl.com\/en\/olivio-chair\/"]}]},{"@type":"ImageObject","inLanguage":"en-US","@id":"https:\/\/domartstyl.com\/en\/olivio-chair\/#primaryimage","url":"https:\/\/domartstyl.com\/wp-content\/uploads\/2025\/04\/Krzeslo_Olivio_Parsos1_2-1.jpg","contentUrl":"https:\/\/domartstyl.com\/wp-content\/uploads\/2025\/04\/Krzeslo_Olivio_Parsos1_2-1.jpg","width":1000,"height":1000},{"@type":"BreadcrumbList","@id":"https:\/\/domartstyl.com\/en\/olivio-chair\/#breadcrumb","itemListElement":[{"@type":"ListItem","position":1,"name":"Strona g\u0142\u00f3wna","item":"https:\/\/domartstyl.com\/en\/"},{"@type":"ListItem","position":2,"name":"Modern Upholstered Furniture","item":"https:\/\/domartstyl.com\/en\/furniture\/"},{"@type":"ListItem","position":3,"name":"Olivio Chair"}]},{"@type":"WebSite","@id":"https:\/\/domartstyl.com\/en\/#website","url":"https:\/\/domartstyl.com\/en\/","name":"DomArtStyl","description":"Tworzymy meble najwy\u017cszej jako\u015bci. Sprzeda\u017c detaliczna \u00b7 Sprzeda\u017c hurtowa","publisher":{"@id":"https:\/\/domartstyl.com\/en\/#organization"},"potentialAction":[{"@type":"SearchAction","target":{"@type":"EntryPoint","urlTemplate":"https:\/\/domartstyl.com\/en\/?s={search_term_string}"},"query-input":{"@type":"PropertyValueSpecification","valueRequired":true,"valueName":"search_term_string"}}],"inLanguage":"en-US"},{"@type":"Organization","@id":"https:\/\/domartstyl.com\/en\/#organization","name":"DomArtStyl","url":"https:\/\/domartstyl.com\/en\/","logo":{"@type":"ImageObject","inLanguage":"en-US","@id":"https:\/\/domartstyl.com\/en\/#\/schema\/logo\/image\/","url":"https:\/\/domartstyl.com\/wp-content\/uploads\/2018\/04\/Logo_300_width.png","contentUrl":"https:\/\/domartstyl.com\/wp-content\/uploads\/2018\/04\/Logo_300_width.png","width":300,"height":140,"caption":"DomArtStyl"},"image":{"@id":"https:\/\/domartstyl.com\/en\/#\/schema\/logo\/image\/"},"sameAs":["https:\/\/www.facebook.com\/DomArtStyl\/","https:\/\/x.com\/DomArtStyl_pl","https:\/\/www.instagram.com\/domartstyl\/?hl=en","https:\/\/pl.pinterest.com\/domartstyl01\/","https:\/\/www.youtube.com\/channel\/UCkISSgvMomI6yFFL3JDbLhw"]}]},"product_price_amount":"260.25","product_price_currency":"EUR","og_availability":"instock","product_availability":"instock","product_condition":"new"},"_links":{"self":[{"href":"https:\/\/domartstyl.com\/en\/wp-json\/wp\/v2\/product\/94074","targetHints":{"allow":["GET"]}}],"collection":[{"href":"https:\/\/domartstyl.com\/en\/wp-json\/wp\/v2\/product"}],"about":[{"href":"https:\/\/domartstyl.com\/en\/wp-json\/wp\/v2\/types\/product"}],"replies":[{"embeddable":true,"href":"https:\/\/domartstyl.com\/en\/wp-json\/wp\/v2\/comments?post=94074"}],"wp:featuredmedia":[{"embeddable":true,"href":"https:\/\/domartstyl.com\/en\/wp-json\/wp\/v2\/media\/96851"}],"wp:attachment":[{"href":"https:\/\/domartstyl.com\/en\/wp-json\/wp\/v2\/media?parent=94074"}],"wp:term":[{"taxonomy":"product_brand","embeddable":true,"href":"https:\/\/domartstyl.com\/en\/wp-json\/wp\/v2\/product_brand?post=94074"},{"taxonomy":"product_cat","embeddable":true,"href":"https:\/\/domartstyl.com\/en\/wp-json\/wp\/v2\/product_cat?post=94074"},{"taxonomy":"product_tag","embeddable":true,"href":"https:\/\/domartstyl.com\/en\/wp-json\/wp\/v2\/product_tag?post=94074"}],"curies":[{"name":"wp","href":"https:\/\/api.w.org\/{rel}","templated":true}]}}