{"id":93679,"date":"2025-03-26T07:32:17","date_gmt":"2025-03-26T06:32:18","guid":{"rendered":"https:\/\/domartstyl.com\/?post_type=product&#038;p=93679"},"modified":"2025-05-15T10:56:30","modified_gmt":"2025-05-15T09:56:30","slug":"liza-armchair-kopia-kopia-2","status":"publish","type":"product","link":"https:\/\/domartstyl.com\/en\/liza-armchair-kopia-kopia-2\/","title":{"rendered":"Pouf Bil"},"content":{"rendered":"<p class=\"\" data-start=\"43\" data-end=\"412\"><strong data-start=\"43\" data-end=\"55\">Pufa Bil<\/strong> is a combination of exceptional comfort, functionality, and modern design. Its round shape and high-quality materials provide unparalleled relaxation and convenience. It is a perfect choice for a living room, bedroom, office, or elegant waiting area. Thanks to its universal construction, this pouf fits seamlessly into both modern and classic interiors.<\/p>\n<h4 class=\"\" data-start=\"414\" data-end=\"441\"><strong data-start=\"419\" data-end=\"439\">Product Features<\/strong><\/h4>\n<ul data-start=\"443\" data-end=\"704\">\n<li class=\"\" data-start=\"443\" data-end=\"523\">\n<p class=\"\" data-start=\"445\" data-end=\"523\"><strong data-start=\"445\" data-end=\"459\">Soft seat:<\/strong> Filled with high-quality foam, ensuring optimal body support.<\/p>\n<\/li>\n<li class=\"\" data-start=\"524\" data-end=\"609\">\n<p class=\"\" data-start=\"526\" data-end=\"609\"><strong data-start=\"526\" data-end=\"550\">Stable construction:<\/strong> A solid frame and durable materials guarantee longevity.<\/p>\n<\/li>\n<li class=\"\" data-start=\"610\" data-end=\"704\">\n<p class=\"\" data-start=\"612\" data-end=\"704\"><strong data-start=\"612\" data-end=\"637\">Modern, round design:<\/strong> A minimalist form that blends well with various interior styles.<\/p>\n<\/li>\n<\/ul>\n<h4 class=\"\" data-start=\"706\" data-end=\"735\"><strong data-start=\"711\" data-end=\"733\">Product Advantages<\/strong><\/h4>\n<ul data-start=\"737\" data-end=\"900\">\n<li class=\"\" data-start=\"737\" data-end=\"821\">\n<p class=\"\" data-start=\"739\" data-end=\"821\"><strong data-start=\"739\" data-end=\"757\">Versatile use:<\/strong> Suitable for a living room, bedroom, office, or hotel spaces.<\/p>\n<\/li>\n<li class=\"\" data-start=\"822\" data-end=\"900\">\n<p class=\"\" data-start=\"824\" data-end=\"900\"><strong data-start=\"824\" data-end=\"852\">Stylish interior accent:<\/strong> Adds a modern and elegant touch to any space.<\/p>\n<\/li>\n<\/ul>\n<h4 class=\"\" data-start=\"902\" data-end=\"936\"><strong data-start=\"907\" data-end=\"934\">Available Fabric Colors<\/strong><\/h4>\n<p class=\"\" data-start=\"938\" data-end=\"1057\">Pufa Bil is available in a wide range of colors, making it easy to match your interior and create a harmonious space.<\/p>\n<h3 class=\"\" data-start=\"1059\" data-end=\"1099\"><strong data-start=\"1063\" data-end=\"1097\">Polish Design, Highest Quality<\/strong><\/h3>\n<p class=\"\" data-start=\"1101\" data-end=\"1330\">Pufa Bil is the result of Polish design, combining a modern aesthetic with attention to detail. It is a fusion of creativity, high-quality materials, and precise craftsmanship, ensuring durability and comfort for years to come.<\/p>\n<h3 class=\"\" data-start=\"1332\" data-end=\"1362\"><strong data-start=\"1336\" data-end=\"1360\">Why Choose Pufa Bil?<\/strong><\/h3>\n<ul data-start=\"1364\" data-end=\"1523\">\n<li class=\"\" data-start=\"1364\" data-end=\"1449\">\n<p class=\"\" data-start=\"1366\" data-end=\"1449\"><strong data-start=\"1366\" data-end=\"1380\">Durability<\/strong> \u2013 Solid craftsmanship and resistant materials guarantee longevity.<\/p>\n<\/li>\n<li class=\"\" data-start=\"1450\" data-end=\"1523\">\n<p class=\"\" data-start=\"1452\" data-end=\"1523\"><strong data-start=\"1452\" data-end=\"1472\">Universal Design<\/strong> \u2013 Perfect for both modern and classic interiors.<\/p>\n<\/li>\n<\/ul>\n<p class=\"\" data-start=\"1525\" data-end=\"1834\">Pufa Bil is an ideal choice for contemporary and traditional interiors. It looks great in living rooms, bedrooms, elegant waiting areas, offices, or coworking spaces. Its round, minimalist shape fits effortlessly into various arrangements, serving as both a stylish accent and a functional piece of furniture.<\/p>\n","protected":false},"excerpt":{"rendered":"<article class=\"w-full text-token-text-primary\" dir=\"auto\" data-testid=\"conversation-turn-6\" data-scroll-anchor=\"true\">\n<div class=\"text-base my-auto mx-auto py-5 px-6\">\n<div class=\"mx-auto flex flex-1 text-base gap-4 md:gap-5 lg:gap-6 md:max-w-3xl lg:max-w-[40rem] xl:max-w-[48rem] group\/turn-messages focus-visible:outline-none\" tabindex=\"-1\">\n<div class=\"group\/conversation-turn relative flex w-full min-w-0 flex-col agent-turn @xs\/thread:px-0 @sm\/thread:px-1.5 @md\/thread:px-4\">\n<div class=\"relative flex-col gap-1 md:gap-3\">\n<div class=\"flex max-w-full flex-col flex-grow\">\n<div class=\"min-h-8 text-message relative flex w-full flex-col items-end gap-2 whitespace-normal break-words text-start [.text-message+&amp;]:mt-5\" dir=\"auto\" data-message-author-role=\"assistant\" data-message-id=\"1463c903-e7e1-47cd-af5b-f48debe41b6c\" data-message-model-slug=\"gpt-4o\">\n<div class=\"flex w-full flex-col gap-1 empty:hidden first:pt-[3px]\">\n<div class=\"markdown prose w-full break-words dark:prose-invert light\">\n<p class=\"\" data-start=\"0\" data-end=\"128\"><strong data-start=\"0\" data-end=\"12\">Pufa Bil<\/strong> is a modern, round pouf with a soft seat, combining elegant design with maximum comfort\u2014perfect for any interior.<\/p>\n<p class=\"\" data-start=\"130\" data-end=\"242\">Option to mount on a rotating base for an additional fee. In this case, the height will be increased by 3.5 cm.<\/p>\n<\/div>\n<\/div>\n<\/div>\n<\/div>\n<div class=\"mt-3 w-full empty:hidden\">\n<div class=\"text-center\"><\/div>\n<\/div>\n<\/div>\n<div class=\"absolute\">\n<div class=\"flex items-center justify-center\"><\/div>\n<\/div>\n<\/div>\n<\/div>\n<\/div>\n<\/article>\n<div class=\"pointer-events-none h-px w-px\" aria-hidden=\"true\" data-edge=\"true\"><\/div>\n","protected":false},"featured_media":93867,"comment_status":"closed","ping_status":"closed","template":"","meta":[],"product_brand":[],"product_cat":[647,38,8161],"product_tag":[],"class_list":{"0":"post-93679","1":"product","2":"type-product","3":"status-publish","4":"has-post-thumbnail","6":"product_cat-newest-products","7":"product_cat-poufs","8":"product_cat-lounge-sets","9":"product_shipping_class-individually-packed-110-120","11":"first","12":"instock","13":"taxable","14":"shipping-taxable","15":"purchasable","16":"product-type-simple"},"yoast_head":"<!-- This site is optimized with the Yoast SEO Premium plugin v25.0 (Yoast SEO v25.0) - https:\/\/yoast.com\/wordpress\/plugins\/seo\/ -->\n<title>Large Comfortable Lounge Armchair Lazy - DomArtStyl<\/title>\n<meta name=\"description\" content=\"The large and comfortable lounge armchair from the Lazy collection is the perfect choice for your living room, allowing you to truly relax.\" \/>\n<meta name=\"robots\" content=\"index, follow, max-snippet:-1, max-image-preview:large, max-video-preview:-1\" \/>\n<link rel=\"canonical\" href=\"https:\/\/domartstyl.com\/en\/liza-armchair-kopia-kopia-2\/\" \/>\n<meta property=\"og:locale\" content=\"en_US\" \/>\n<meta property=\"og:type\" content=\"article\" \/>\n<meta property=\"og:title\" content=\"Pouf Bil - DomArtStyl\" \/>\n<meta property=\"og:description\" content=\"The large and comfortable lounge armchair from the Lazy collection is the perfect choice for your living room, allowing you to truly relax.\" \/>\n<meta property=\"og:url\" content=\"https:\/\/domartstyl.com\/en\/liza-armchair-kopia-kopia-2\/\" \/>\n<meta property=\"og:site_name\" content=\"DomArtStyl\" \/>\n<meta property=\"article:publisher\" content=\"https:\/\/www.facebook.com\/DomArtStyl\/\" \/>\n<meta property=\"article:modified_time\" content=\"2025-05-15T09:56:30+00:00\" \/>\n<meta property=\"og:image\" content=\"https:\/\/domartstyl.com\/wp-content\/uploads\/2025\/03\/pufa-bil-catchme1-ranger4-1-4.jpg\" \/>\n\t<meta property=\"og:image:width\" content=\"1000\" \/>\n\t<meta property=\"og:image:height\" content=\"1000\" \/>\n\t<meta property=\"og:image:type\" content=\"image\/jpeg\" \/>\n<meta name=\"twitter:card\" content=\"summary_large_image\" \/>\n<meta name=\"twitter:site\" content=\"@DomArtStyl_pl\" \/>\n<meta name=\"twitter:label1\" content=\"Price\" \/>\n\t<meta name=\"twitter:data1\" content=\"&euro;202,50\" \/>\n\t<meta name=\"twitter:label2\" content=\"Availability\" \/>\n\t<meta name=\"twitter:data2\" content=\"In stock\" \/>\n<script type=\"application\/ld+json\" class=\"yoast-schema-graph\">{\"@context\":\"https:\/\/schema.org\",\"@graph\":[{\"@type\":\"WebPage\",\"@id\":\"https:\/\/domartstyl.com\/en\/liza-armchair-kopia-kopia-2\/\",\"url\":\"https:\/\/domartstyl.com\/en\/liza-armchair-kopia-kopia-2\/\",\"name\":\"Large Comfortable Lounge Armchair Lazy - DomArtStyl\",\"isPartOf\":{\"@id\":\"https:\/\/domartstyl.com\/en\/#website\"},\"primaryImageOfPage\":{\"@id\":\"https:\/\/domartstyl.com\/en\/liza-armchair-kopia-kopia-2\/#primaryimage\"},\"image\":{\"@id\":\"https:\/\/domartstyl.com\/en\/liza-armchair-kopia-kopia-2\/#primaryimage\"},\"thumbnailUrl\":\"https:\/\/domartstyl.com\/wp-content\/uploads\/2025\/03\/pufa-bil-catchme1-ranger4-1-4.jpg\",\"datePublished\":\"2025-03-26T06:32:18+00:00\",\"dateModified\":\"2025-05-15T09:56:30+00:00\",\"description\":\"The large and comfortable lounge armchair from the Lazy collection is the perfect choice for your living room, allowing you to truly relax.\",\"breadcrumb\":{\"@id\":\"https:\/\/domartstyl.com\/en\/liza-armchair-kopia-kopia-2\/#breadcrumb\"},\"inLanguage\":\"en-US\",\"potentialAction\":[{\"@type\":\"ReadAction\",\"target\":[\"https:\/\/domartstyl.com\/en\/liza-armchair-kopia-kopia-2\/\"]}]},{\"@type\":\"ImageObject\",\"inLanguage\":\"en-US\",\"@id\":\"https:\/\/domartstyl.com\/en\/liza-armchair-kopia-kopia-2\/#primaryimage\",\"url\":\"https:\/\/domartstyl.com\/wp-content\/uploads\/2025\/03\/pufa-bil-catchme1-ranger4-1-4.jpg\",\"contentUrl\":\"https:\/\/domartstyl.com\/wp-content\/uploads\/2025\/03\/pufa-bil-catchme1-ranger4-1-4.jpg\",\"width\":1000,\"height\":1000,\"caption\":\"Pufa Bil - Catch Me 1 \/ Ranger 4\"},{\"@type\":\"BreadcrumbList\",\"@id\":\"https:\/\/domartstyl.com\/en\/liza-armchair-kopia-kopia-2\/#breadcrumb\",\"itemListElement\":[{\"@type\":\"ListItem\",\"position\":1,\"name\":\"Strona g\u0142\u00f3wna\",\"item\":\"https:\/\/domartstyl.com\/en\/\"},{\"@type\":\"ListItem\",\"position\":2,\"name\":\"Modern Upholstered Furniture\",\"item\":\"https:\/\/domartstyl.com\/en\/furniture\/\"},{\"@type\":\"ListItem\",\"position\":3,\"name\":\"Pouf Bil\"}]},{\"@type\":\"WebSite\",\"@id\":\"https:\/\/domartstyl.com\/en\/#website\",\"url\":\"https:\/\/domartstyl.com\/en\/\",\"name\":\"DomArtStyl\",\"description\":\"Tworzymy meble najwy\u017cszej jako\u015bci. Sprzeda\u017c detaliczna \u00b7 Sprzeda\u017c hurtowa\",\"publisher\":{\"@id\":\"https:\/\/domartstyl.com\/en\/#organization\"},\"potentialAction\":[{\"@type\":\"SearchAction\",\"target\":{\"@type\":\"EntryPoint\",\"urlTemplate\":\"https:\/\/domartstyl.com\/en\/?s={search_term_string}\"},\"query-input\":{\"@type\":\"PropertyValueSpecification\",\"valueRequired\":true,\"valueName\":\"search_term_string\"}}],\"inLanguage\":\"en-US\"},{\"@type\":\"Organization\",\"@id\":\"https:\/\/domartstyl.com\/en\/#organization\",\"name\":\"DomArtStyl\",\"url\":\"https:\/\/domartstyl.com\/en\/\",\"logo\":{\"@type\":\"ImageObject\",\"inLanguage\":\"en-US\",\"@id\":\"https:\/\/domartstyl.com\/en\/#\/schema\/logo\/image\/\",\"url\":\"https:\/\/domartstyl.com\/wp-content\/uploads\/2018\/04\/Logo_300_width.png\",\"contentUrl\":\"https:\/\/domartstyl.com\/wp-content\/uploads\/2018\/04\/Logo_300_width.png\",\"width\":300,\"height\":140,\"caption\":\"DomArtStyl\"},\"image\":{\"@id\":\"https:\/\/domartstyl.com\/en\/#\/schema\/logo\/image\/\"},\"sameAs\":[\"https:\/\/www.facebook.com\/DomArtStyl\/\",\"https:\/\/x.com\/DomArtStyl_pl\",\"https:\/\/www.instagram.com\/domartstyl\/?hl=en\",\"https:\/\/pl.pinterest.com\/domartstyl01\/\",\"https:\/\/www.youtube.com\/channel\/UCkISSgvMomI6yFFL3JDbLhw\"]}]}<\/script>\n<meta property=\"product:price:amount\" content=\"202.50\" \/>\n<meta property=\"product:price:currency\" content=\"EUR\" \/>\n<meta property=\"og:availability\" content=\"instock\" \/>\n<meta property=\"product:availability\" content=\"instock\" \/>\n<meta property=\"product:condition\" content=\"new\" \/>\n<!-- \/ Yoast SEO Premium plugin. -->","yoast_head_json":{"title":"Large Comfortable Lounge Armchair Lazy - DomArtStyl","description":"The large and comfortable lounge armchair from the Lazy collection is the perfect choice for your living room, allowing you to truly relax.","robots":{"index":"index","follow":"follow","max-snippet":"max-snippet:-1","max-image-preview":"max-image-preview:large","max-video-preview":"max-video-preview:-1"},"canonical":"https:\/\/domartstyl.com\/en\/liza-armchair-kopia-kopia-2\/","og_locale":"en_US","og_type":"article","og_title":"Pouf Bil - DomArtStyl","og_description":"The large and comfortable lounge armchair from the Lazy collection is the perfect choice for your living room, allowing you to truly relax.","og_url":"https:\/\/domartstyl.com\/en\/liza-armchair-kopia-kopia-2\/","og_site_name":"DomArtStyl","article_publisher":"https:\/\/www.facebook.com\/DomArtStyl\/","article_modified_time":"2025-05-15T09:56:30+00:00","og_image":[{"width":1000,"height":1000,"url":"https:\/\/domartstyl.com\/wp-content\/uploads\/2025\/03\/pufa-bil-catchme1-ranger4-1-4.jpg","type":"image\/jpeg"}],"twitter_card":"summary_large_image","twitter_site":"@DomArtStyl_pl","twitter_misc":{"Price":"&euro;202,50","Availability":"In stock"},"schema":{"@context":"https:\/\/schema.org","@graph":[{"@type":"WebPage","@id":"https:\/\/domartstyl.com\/en\/liza-armchair-kopia-kopia-2\/","url":"https:\/\/domartstyl.com\/en\/liza-armchair-kopia-kopia-2\/","name":"Large Comfortable Lounge Armchair Lazy - DomArtStyl","isPartOf":{"@id":"https:\/\/domartstyl.com\/en\/#website"},"primaryImageOfPage":{"@id":"https:\/\/domartstyl.com\/en\/liza-armchair-kopia-kopia-2\/#primaryimage"},"image":{"@id":"https:\/\/domartstyl.com\/en\/liza-armchair-kopia-kopia-2\/#primaryimage"},"thumbnailUrl":"https:\/\/domartstyl.com\/wp-content\/uploads\/2025\/03\/pufa-bil-catchme1-ranger4-1-4.jpg","datePublished":"2025-03-26T06:32:18+00:00","dateModified":"2025-05-15T09:56:30+00:00","description":"The large and comfortable lounge armchair from the Lazy collection is the perfect choice for your living room, allowing you to truly relax.","breadcrumb":{"@id":"https:\/\/domartstyl.com\/en\/liza-armchair-kopia-kopia-2\/#breadcrumb"},"inLanguage":"en-US","potentialAction":[{"@type":"ReadAction","target":["https:\/\/domartstyl.com\/en\/liza-armchair-kopia-kopia-2\/"]}]},{"@type":"ImageObject","inLanguage":"en-US","@id":"https:\/\/domartstyl.com\/en\/liza-armchair-kopia-kopia-2\/#primaryimage","url":"https:\/\/domartstyl.com\/wp-content\/uploads\/2025\/03\/pufa-bil-catchme1-ranger4-1-4.jpg","contentUrl":"https:\/\/domartstyl.com\/wp-content\/uploads\/2025\/03\/pufa-bil-catchme1-ranger4-1-4.jpg","width":1000,"height":1000,"caption":"Pufa Bil - Catch Me 1 \/ Ranger 4"},{"@type":"BreadcrumbList","@id":"https:\/\/domartstyl.com\/en\/liza-armchair-kopia-kopia-2\/#breadcrumb","itemListElement":[{"@type":"ListItem","position":1,"name":"Strona g\u0142\u00f3wna","item":"https:\/\/domartstyl.com\/en\/"},{"@type":"ListItem","position":2,"name":"Modern Upholstered Furniture","item":"https:\/\/domartstyl.com\/en\/furniture\/"},{"@type":"ListItem","position":3,"name":"Pouf Bil"}]},{"@type":"WebSite","@id":"https:\/\/domartstyl.com\/en\/#website","url":"https:\/\/domartstyl.com\/en\/","name":"DomArtStyl","description":"Tworzymy meble najwy\u017cszej jako\u015bci. Sprzeda\u017c detaliczna \u00b7 Sprzeda\u017c hurtowa","publisher":{"@id":"https:\/\/domartstyl.com\/en\/#organization"},"potentialAction":[{"@type":"SearchAction","target":{"@type":"EntryPoint","urlTemplate":"https:\/\/domartstyl.com\/en\/?s={search_term_string}"},"query-input":{"@type":"PropertyValueSpecification","valueRequired":true,"valueName":"search_term_string"}}],"inLanguage":"en-US"},{"@type":"Organization","@id":"https:\/\/domartstyl.com\/en\/#organization","name":"DomArtStyl","url":"https:\/\/domartstyl.com\/en\/","logo":{"@type":"ImageObject","inLanguage":"en-US","@id":"https:\/\/domartstyl.com\/en\/#\/schema\/logo\/image\/","url":"https:\/\/domartstyl.com\/wp-content\/uploads\/2018\/04\/Logo_300_width.png","contentUrl":"https:\/\/domartstyl.com\/wp-content\/uploads\/2018\/04\/Logo_300_width.png","width":300,"height":140,"caption":"DomArtStyl"},"image":{"@id":"https:\/\/domartstyl.com\/en\/#\/schema\/logo\/image\/"},"sameAs":["https:\/\/www.facebook.com\/DomArtStyl\/","https:\/\/x.com\/DomArtStyl_pl","https:\/\/www.instagram.com\/domartstyl\/?hl=en","https:\/\/pl.pinterest.com\/domartstyl01\/","https:\/\/www.youtube.com\/channel\/UCkISSgvMomI6yFFL3JDbLhw"]}]},"product_price_amount":"202.50","product_price_currency":"EUR","og_availability":"instock","product_availability":"instock","product_condition":"new"},"_links":{"self":[{"href":"https:\/\/domartstyl.com\/en\/wp-json\/wp\/v2\/product\/93679","targetHints":{"allow":["GET"]}}],"collection":[{"href":"https:\/\/domartstyl.com\/en\/wp-json\/wp\/v2\/product"}],"about":[{"href":"https:\/\/domartstyl.com\/en\/wp-json\/wp\/v2\/types\/product"}],"replies":[{"embeddable":true,"href":"https:\/\/domartstyl.com\/en\/wp-json\/wp\/v2\/comments?post=93679"}],"wp:featuredmedia":[{"embeddable":true,"href":"https:\/\/domartstyl.com\/en\/wp-json\/wp\/v2\/media\/93867"}],"wp:attachment":[{"href":"https:\/\/domartstyl.com\/en\/wp-json\/wp\/v2\/media?parent=93679"}],"wp:term":[{"taxonomy":"product_brand","embeddable":true,"href":"https:\/\/domartstyl.com\/en\/wp-json\/wp\/v2\/product_brand?post=93679"},{"taxonomy":"product_cat","embeddable":true,"href":"https:\/\/domartstyl.com\/en\/wp-json\/wp\/v2\/product_cat?post=93679"},{"taxonomy":"product_tag","embeddable":true,"href":"https:\/\/domartstyl.com\/en\/wp-json\/wp\/v2\/product_tag?post=93679"}],"curies":[{"name":"wp","href":"https:\/\/api.w.org\/{rel}","templated":true}]}}