{"id":93665,"date":"2025-03-26T07:16:25","date_gmt":"2025-03-26T06:16:26","guid":{"rendered":"https:\/\/domartstyl.com\/?post_type=product&#038;p=93665"},"modified":"2025-05-15T10:56:30","modified_gmt":"2025-05-15T09:56:30","slug":"liza-armchair-kopia-kopia","status":"publish","type":"product","link":"https:\/\/domartstyl.com\/en\/liza-armchair-kopia-kopia\/","title":{"rendered":"Bil Sofa"},"content":{"rendered":"<p class=\"\" data-start=\"42\" data-end=\"474\"><strong data-start=\"42\" data-end=\"54\">Sofa Bil<\/strong> is a combination of exceptional comfort, functionality, and modern design. Its round shape and premium-quality materials ensure unparalleled relaxation and convenience. The set also includes cushions that further enhance comfort. It is a perfect choice for a living room, bedroom, office, or elegant waiting area. Thanks to its universal construction, this sofa seamlessly fits into both modern and classic interiors.<\/p>\n<h3 class=\"\" data-start=\"476\" data-end=\"502\"><strong data-start=\"480\" data-end=\"500\">Product Features<\/strong><\/h3>\n<ul data-start=\"504\" data-end=\"950\">\n<li class=\"\" data-start=\"504\" data-end=\"585\">\n<p class=\"\" data-start=\"506\" data-end=\"585\"><strong data-start=\"506\" data-end=\"536\">Ergonomic, round backrest:<\/strong> Provides comfort for extended sitting periods.<\/p>\n<\/li>\n<li class=\"\" data-start=\"586\" data-end=\"660\">\n<p class=\"\" data-start=\"588\" data-end=\"660\"><strong data-start=\"588\" data-end=\"602\">Soft seat:<\/strong> Filled with high-quality foam for optimal body support.<\/p>\n<\/li>\n<li class=\"\" data-start=\"661\" data-end=\"743\">\n<p class=\"\" data-start=\"663\" data-end=\"743\"><strong data-start=\"663\" data-end=\"687\">Stable construction:<\/strong> A solid frame and durable materials ensure longevity.<\/p>\n<\/li>\n<li class=\"\" data-start=\"744\" data-end=\"846\">\n<p class=\"\" data-start=\"746\" data-end=\"846\"><strong data-start=\"746\" data-end=\"771\">Modern, round design:<\/strong> A minimalist form that blends effortlessly with various interior styles.<\/p>\n<\/li>\n<li class=\"\" data-start=\"847\" data-end=\"950\">\n<p class=\"\" data-start=\"849\" data-end=\"950\"><strong data-start=\"849\" data-end=\"871\">Cushions included:<\/strong> Additional cushions enhance comfort, perfectly adapting to the body&#8217;s shape.<\/p>\n<\/li>\n<\/ul>\n<h3 class=\"\" data-start=\"952\" data-end=\"978\"><strong data-start=\"956\" data-end=\"976\">Product Benefits<\/strong><\/h3>\n<ul data-start=\"980\" data-end=\"1211\">\n<li class=\"\" data-start=\"980\" data-end=\"1046\">\n<p class=\"\" data-start=\"982\" data-end=\"1046\"><strong data-start=\"982\" data-end=\"1004\">High user comfort:<\/strong> Perfect for unwinding after a long day.<\/p>\n<\/li>\n<li class=\"\" data-start=\"1047\" data-end=\"1132\">\n<p class=\"\" data-start=\"1049\" data-end=\"1132\"><strong data-start=\"1049\" data-end=\"1067\">Versatile use:<\/strong> Suitable for living rooms, bedrooms, offices, or hotel spaces.<\/p>\n<\/li>\n<li class=\"\" data-start=\"1133\" data-end=\"1211\">\n<p class=\"\" data-start=\"1135\" data-end=\"1211\"><strong data-start=\"1135\" data-end=\"1163\">Stylish interior accent:<\/strong> Adds a modern and elegant touch to any space.<\/p>\n<\/li>\n<\/ul>\n<h3 class=\"\" data-start=\"1213\" data-end=\"1246\"><strong data-start=\"1217\" data-end=\"1244\">Available Fabric Colors<\/strong><\/h3>\n<p class=\"\" data-start=\"1248\" data-end=\"1367\">Sofa Bil is available in a wide range of colors, making it easy to match your interior and create a harmonious space.<\/p>\n<h3 class=\"\" data-start=\"1369\" data-end=\"1409\"><strong data-start=\"1373\" data-end=\"1407\">Polish Design, Highest Quality<\/strong><\/h3>\n<p class=\"\" data-start=\"1411\" data-end=\"1632\">Sofa Bil is the result of Polish design, combining a modern aesthetic with attention to detail. It merges creativity, high-quality materials, and precise craftsmanship, ensuring durability and comfort for years to come.<\/p>\n<h3 class=\"\" data-start=\"1634\" data-end=\"1664\"><strong data-start=\"1638\" data-end=\"1662\">Why Choose Sofa Bil?<\/strong><\/h3>\n<ul data-start=\"1666\" data-end=\"2045\">\n<li class=\"\" data-start=\"1666\" data-end=\"1760\">\n<p class=\"\" data-start=\"1668\" data-end=\"1760\"><strong data-start=\"1668\" data-end=\"1688\">Ergonomic design<\/strong> \u2013 Supports a healthy sitting posture, providing long-lasting comfort.<\/p>\n<\/li>\n<li class=\"\" data-start=\"1761\" data-end=\"1824\">\n<p class=\"\" data-start=\"1763\" data-end=\"1824\"><strong data-start=\"1763\" data-end=\"1784\">Luxurious comfort<\/strong> \u2013 Perfect for relaxation and leisure.<\/p>\n<\/li>\n<li class=\"\" data-start=\"1825\" data-end=\"1910\">\n<p class=\"\" data-start=\"1827\" data-end=\"1910\"><strong data-start=\"1827\" data-end=\"1841\">Durability<\/strong> \u2013 Solid craftsmanship and resistant materials guarantee longevity.<\/p>\n<\/li>\n<li class=\"\" data-start=\"1911\" data-end=\"1977\">\n<p class=\"\" data-start=\"1913\" data-end=\"1977\"><strong data-start=\"1913\" data-end=\"1933\">Universal design<\/strong> \u2013 Fits both modern and classic interiors.<\/p>\n<\/li>\n<li class=\"\" data-start=\"1978\" data-end=\"2045\">\n<p class=\"\" data-start=\"1980\" data-end=\"2045\"><strong data-start=\"1980\" data-end=\"2001\">Cushions included<\/strong> \u2013 Provide additional comfort and support.<\/p>\n<\/li>\n<\/ul>\n<p class=\"\" data-start=\"2047\" data-end=\"2362\">Sofa Bil is an ideal choice for contemporary and traditional interiors. It looks stunning in living rooms, bedrooms, elegant waiting areas, offices, or coworking spaces. Its round, minimalist shape blends seamlessly into various settings, serving both as a stylish accent and as part of a larger lounge arrangement.<\/p>\n","protected":false},"excerpt":{"rendered":"<article class=\"w-full text-token-text-primary\" dir=\"auto\" data-testid=\"conversation-turn-18\" data-scroll-anchor=\"true\">\n<div class=\"text-base my-auto mx-auto py-5 px-6\">\n<div class=\"mx-auto flex flex-1 text-base gap-4 md:gap-5 lg:gap-6 md:max-w-3xl lg:max-w-[40rem] xl:max-w-[48rem] group\/turn-messages focus-visible:outline-none\" tabindex=\"-1\">\n<div class=\"group\/conversation-turn relative flex w-full min-w-0 flex-col agent-turn @xs\/thread:px-0 @sm\/thread:px-1.5 @md\/thread:px-4\">\n<div class=\"relative flex-col gap-1 md:gap-3\">\n<div class=\"flex max-w-full flex-col flex-grow\">\n<div class=\"min-h-8 text-message relative flex w-full flex-col items-end gap-2 whitespace-normal break-words text-start [.text-message+&amp;]:mt-5\" dir=\"auto\" data-message-author-role=\"assistant\" data-message-id=\"efc478eb-fbf1-4cdb-85a1-4418fb54ea6c\" data-message-model-slug=\"gpt-4o\">\n<div class=\"flex w-full flex-col gap-1 empty:hidden first:pt-[3px]\">\n<div class=\"markdown prose w-full break-words dark:prose-invert light\">\n<p class=\"\" data-start=\"0\" data-end=\"177\"><strong data-start=\"0\" data-end=\"12\" data-is-only-node=\"\">Sofa Bil<\/strong> is a modern, round lounge sofa with an ergonomic backrest, soft seat, and included cushions, combining elegant design with maximum comfort\u2014perfect for any interior.<\/p>\n<\/div>\n<\/div>\n<\/div>\n<\/div>\n<\/div>\n<\/div>\n<\/div>\n<\/div>\n<\/article>\n","protected":false},"featured_media":93727,"comment_status":"closed","ping_status":"closed","template":"","meta":[],"product_brand":[],"product_cat":[647,39,9044,8161],"product_tag":[],"class_list":{"0":"post-93665","1":"product","2":"type-product","3":"status-publish","4":"has-post-thumbnail","6":"product_cat-newest-products","7":"product_cat-sofas","8":"product_cat-two-seater-sofas","9":"product_cat-lounge-sets","11":"first","12":"instock","13":"taxable","14":"shipping-taxable","15":"purchasable","16":"product-type-simple"},"yoast_head":"<!-- This site is optimized with the Yoast SEO Premium plugin v25.0 (Yoast SEO v25.0) - https:\/\/yoast.com\/wordpress\/plugins\/seo\/ -->\n<title>Large Comfortable Lounge Armchair Lazy - DomArtStyl<\/title>\n<meta name=\"description\" content=\"The large and comfortable lounge armchair from the Lazy collection is the perfect choice for your living room, allowing you to truly relax.\" \/>\n<meta name=\"robots\" content=\"index, follow, max-snippet:-1, max-image-preview:large, max-video-preview:-1\" \/>\n<link rel=\"canonical\" href=\"https:\/\/domartstyl.com\/en\/liza-armchair-kopia-kopia\/\" \/>\n<meta property=\"og:locale\" content=\"en_US\" \/>\n<meta property=\"og:type\" content=\"article\" \/>\n<meta property=\"og:title\" content=\"Bil Sofa - DomArtStyl\" \/>\n<meta property=\"og:description\" content=\"The large and comfortable lounge armchair from the Lazy collection is the perfect choice for your living room, allowing you to truly relax.\" \/>\n<meta property=\"og:url\" content=\"https:\/\/domartstyl.com\/en\/liza-armchair-kopia-kopia\/\" \/>\n<meta property=\"og:site_name\" content=\"DomArtStyl\" \/>\n<meta property=\"article:publisher\" content=\"https:\/\/www.facebook.com\/DomArtStyl\/\" \/>\n<meta property=\"article:modified_time\" content=\"2025-05-15T09:56:30+00:00\" \/>\n<meta property=\"og:image\" content=\"https:\/\/domartstyl.com\/wp-content\/uploads\/2025\/03\/sofa-bil-caychme1-ranger4-1-4.jpg\" \/>\n\t<meta property=\"og:image:width\" content=\"1000\" \/>\n\t<meta property=\"og:image:height\" content=\"1000\" \/>\n\t<meta property=\"og:image:type\" content=\"image\/jpeg\" \/>\n<meta name=\"twitter:card\" content=\"summary_large_image\" \/>\n<meta name=\"twitter:site\" content=\"@DomArtStyl_pl\" \/>\n<meta name=\"twitter:label1\" content=\"Price\" \/>\n\t<meta name=\"twitter:data1\" content=\"&euro;578,50\" \/>\n\t<meta name=\"twitter:label2\" content=\"Availability\" \/>\n\t<meta name=\"twitter:data2\" content=\"In stock\" \/>\n<script type=\"application\/ld+json\" class=\"yoast-schema-graph\">{\"@context\":\"https:\/\/schema.org\",\"@graph\":[{\"@type\":\"WebPage\",\"@id\":\"https:\/\/domartstyl.com\/en\/liza-armchair-kopia-kopia\/\",\"url\":\"https:\/\/domartstyl.com\/en\/liza-armchair-kopia-kopia\/\",\"name\":\"Large Comfortable Lounge Armchair Lazy - DomArtStyl\",\"isPartOf\":{\"@id\":\"https:\/\/domartstyl.com\/en\/#website\"},\"primaryImageOfPage\":{\"@id\":\"https:\/\/domartstyl.com\/en\/liza-armchair-kopia-kopia\/#primaryimage\"},\"image\":{\"@id\":\"https:\/\/domartstyl.com\/en\/liza-armchair-kopia-kopia\/#primaryimage\"},\"thumbnailUrl\":\"https:\/\/domartstyl.com\/wp-content\/uploads\/2025\/03\/sofa-bil-caychme1-ranger4-1-4.jpg\",\"datePublished\":\"2025-03-26T06:16:26+00:00\",\"dateModified\":\"2025-05-15T09:56:30+00:00\",\"description\":\"The large and comfortable lounge armchair from the Lazy collection is the perfect choice for your living room, allowing you to truly relax.\",\"breadcrumb\":{\"@id\":\"https:\/\/domartstyl.com\/en\/liza-armchair-kopia-kopia\/#breadcrumb\"},\"inLanguage\":\"en-US\",\"potentialAction\":[{\"@type\":\"ReadAction\",\"target\":[\"https:\/\/domartstyl.com\/en\/liza-armchair-kopia-kopia\/\"]}]},{\"@type\":\"ImageObject\",\"inLanguage\":\"en-US\",\"@id\":\"https:\/\/domartstyl.com\/en\/liza-armchair-kopia-kopia\/#primaryimage\",\"url\":\"https:\/\/domartstyl.com\/wp-content\/uploads\/2025\/03\/sofa-bil-caychme1-ranger4-1-4.jpg\",\"contentUrl\":\"https:\/\/domartstyl.com\/wp-content\/uploads\/2025\/03\/sofa-bil-caychme1-ranger4-1-4.jpg\",\"width\":1000,\"height\":1000,\"caption\":\"Sofa Bil\"},{\"@type\":\"BreadcrumbList\",\"@id\":\"https:\/\/domartstyl.com\/en\/liza-armchair-kopia-kopia\/#breadcrumb\",\"itemListElement\":[{\"@type\":\"ListItem\",\"position\":1,\"name\":\"Strona g\u0142\u00f3wna\",\"item\":\"https:\/\/domartstyl.com\/en\/\"},{\"@type\":\"ListItem\",\"position\":2,\"name\":\"Modern Upholstered Furniture\",\"item\":\"https:\/\/domartstyl.com\/en\/furniture\/\"},{\"@type\":\"ListItem\",\"position\":3,\"name\":\"Bil Sofa\"}]},{\"@type\":\"WebSite\",\"@id\":\"https:\/\/domartstyl.com\/en\/#website\",\"url\":\"https:\/\/domartstyl.com\/en\/\",\"name\":\"DomArtStyl\",\"description\":\"Tworzymy meble najwy\u017cszej jako\u015bci. Sprzeda\u017c detaliczna \u00b7 Sprzeda\u017c hurtowa\",\"publisher\":{\"@id\":\"https:\/\/domartstyl.com\/en\/#organization\"},\"potentialAction\":[{\"@type\":\"SearchAction\",\"target\":{\"@type\":\"EntryPoint\",\"urlTemplate\":\"https:\/\/domartstyl.com\/en\/?s={search_term_string}\"},\"query-input\":{\"@type\":\"PropertyValueSpecification\",\"valueRequired\":true,\"valueName\":\"search_term_string\"}}],\"inLanguage\":\"en-US\"},{\"@type\":\"Organization\",\"@id\":\"https:\/\/domartstyl.com\/en\/#organization\",\"name\":\"DomArtStyl\",\"url\":\"https:\/\/domartstyl.com\/en\/\",\"logo\":{\"@type\":\"ImageObject\",\"inLanguage\":\"en-US\",\"@id\":\"https:\/\/domartstyl.com\/en\/#\/schema\/logo\/image\/\",\"url\":\"https:\/\/domartstyl.com\/wp-content\/uploads\/2018\/04\/Logo_300_width.png\",\"contentUrl\":\"https:\/\/domartstyl.com\/wp-content\/uploads\/2018\/04\/Logo_300_width.png\",\"width\":300,\"height\":140,\"caption\":\"DomArtStyl\"},\"image\":{\"@id\":\"https:\/\/domartstyl.com\/en\/#\/schema\/logo\/image\/\"},\"sameAs\":[\"https:\/\/www.facebook.com\/DomArtStyl\/\",\"https:\/\/x.com\/DomArtStyl_pl\",\"https:\/\/www.instagram.com\/domartstyl\/?hl=en\",\"https:\/\/pl.pinterest.com\/domartstyl01\/\",\"https:\/\/www.youtube.com\/channel\/UCkISSgvMomI6yFFL3JDbLhw\"]}]}<\/script>\n<meta property=\"product:price:amount\" content=\"578.50\" \/>\n<meta property=\"product:price:currency\" content=\"EUR\" \/>\n<meta property=\"og:availability\" content=\"instock\" \/>\n<meta property=\"product:availability\" content=\"instock\" \/>\n<meta property=\"product:condition\" content=\"new\" \/>\n<!-- \/ Yoast SEO Premium plugin. -->","yoast_head_json":{"title":"Large Comfortable Lounge Armchair Lazy - DomArtStyl","description":"The large and comfortable lounge armchair from the Lazy collection is the perfect choice for your living room, allowing you to truly relax.","robots":{"index":"index","follow":"follow","max-snippet":"max-snippet:-1","max-image-preview":"max-image-preview:large","max-video-preview":"max-video-preview:-1"},"canonical":"https:\/\/domartstyl.com\/en\/liza-armchair-kopia-kopia\/","og_locale":"en_US","og_type":"article","og_title":"Bil Sofa - DomArtStyl","og_description":"The large and comfortable lounge armchair from the Lazy collection is the perfect choice for your living room, allowing you to truly relax.","og_url":"https:\/\/domartstyl.com\/en\/liza-armchair-kopia-kopia\/","og_site_name":"DomArtStyl","article_publisher":"https:\/\/www.facebook.com\/DomArtStyl\/","article_modified_time":"2025-05-15T09:56:30+00:00","og_image":[{"width":1000,"height":1000,"url":"https:\/\/domartstyl.com\/wp-content\/uploads\/2025\/03\/sofa-bil-caychme1-ranger4-1-4.jpg","type":"image\/jpeg"}],"twitter_card":"summary_large_image","twitter_site":"@DomArtStyl_pl","twitter_misc":{"Price":"&euro;578,50","Availability":"In stock"},"schema":{"@context":"https:\/\/schema.org","@graph":[{"@type":"WebPage","@id":"https:\/\/domartstyl.com\/en\/liza-armchair-kopia-kopia\/","url":"https:\/\/domartstyl.com\/en\/liza-armchair-kopia-kopia\/","name":"Large Comfortable Lounge Armchair Lazy - DomArtStyl","isPartOf":{"@id":"https:\/\/domartstyl.com\/en\/#website"},"primaryImageOfPage":{"@id":"https:\/\/domartstyl.com\/en\/liza-armchair-kopia-kopia\/#primaryimage"},"image":{"@id":"https:\/\/domartstyl.com\/en\/liza-armchair-kopia-kopia\/#primaryimage"},"thumbnailUrl":"https:\/\/domartstyl.com\/wp-content\/uploads\/2025\/03\/sofa-bil-caychme1-ranger4-1-4.jpg","datePublished":"2025-03-26T06:16:26+00:00","dateModified":"2025-05-15T09:56:30+00:00","description":"The large and comfortable lounge armchair from the Lazy collection is the perfect choice for your living room, allowing you to truly relax.","breadcrumb":{"@id":"https:\/\/domartstyl.com\/en\/liza-armchair-kopia-kopia\/#breadcrumb"},"inLanguage":"en-US","potentialAction":[{"@type":"ReadAction","target":["https:\/\/domartstyl.com\/en\/liza-armchair-kopia-kopia\/"]}]},{"@type":"ImageObject","inLanguage":"en-US","@id":"https:\/\/domartstyl.com\/en\/liza-armchair-kopia-kopia\/#primaryimage","url":"https:\/\/domartstyl.com\/wp-content\/uploads\/2025\/03\/sofa-bil-caychme1-ranger4-1-4.jpg","contentUrl":"https:\/\/domartstyl.com\/wp-content\/uploads\/2025\/03\/sofa-bil-caychme1-ranger4-1-4.jpg","width":1000,"height":1000,"caption":"Sofa Bil"},{"@type":"BreadcrumbList","@id":"https:\/\/domartstyl.com\/en\/liza-armchair-kopia-kopia\/#breadcrumb","itemListElement":[{"@type":"ListItem","position":1,"name":"Strona g\u0142\u00f3wna","item":"https:\/\/domartstyl.com\/en\/"},{"@type":"ListItem","position":2,"name":"Modern Upholstered Furniture","item":"https:\/\/domartstyl.com\/en\/furniture\/"},{"@type":"ListItem","position":3,"name":"Bil Sofa"}]},{"@type":"WebSite","@id":"https:\/\/domartstyl.com\/en\/#website","url":"https:\/\/domartstyl.com\/en\/","name":"DomArtStyl","description":"Tworzymy meble najwy\u017cszej jako\u015bci. Sprzeda\u017c detaliczna \u00b7 Sprzeda\u017c hurtowa","publisher":{"@id":"https:\/\/domartstyl.com\/en\/#organization"},"potentialAction":[{"@type":"SearchAction","target":{"@type":"EntryPoint","urlTemplate":"https:\/\/domartstyl.com\/en\/?s={search_term_string}"},"query-input":{"@type":"PropertyValueSpecification","valueRequired":true,"valueName":"search_term_string"}}],"inLanguage":"en-US"},{"@type":"Organization","@id":"https:\/\/domartstyl.com\/en\/#organization","name":"DomArtStyl","url":"https:\/\/domartstyl.com\/en\/","logo":{"@type":"ImageObject","inLanguage":"en-US","@id":"https:\/\/domartstyl.com\/en\/#\/schema\/logo\/image\/","url":"https:\/\/domartstyl.com\/wp-content\/uploads\/2018\/04\/Logo_300_width.png","contentUrl":"https:\/\/domartstyl.com\/wp-content\/uploads\/2018\/04\/Logo_300_width.png","width":300,"height":140,"caption":"DomArtStyl"},"image":{"@id":"https:\/\/domartstyl.com\/en\/#\/schema\/logo\/image\/"},"sameAs":["https:\/\/www.facebook.com\/DomArtStyl\/","https:\/\/x.com\/DomArtStyl_pl","https:\/\/www.instagram.com\/domartstyl\/?hl=en","https:\/\/pl.pinterest.com\/domartstyl01\/","https:\/\/www.youtube.com\/channel\/UCkISSgvMomI6yFFL3JDbLhw"]}]},"product_price_amount":"578.50","product_price_currency":"EUR","og_availability":"instock","product_availability":"instock","product_condition":"new"},"_links":{"self":[{"href":"https:\/\/domartstyl.com\/en\/wp-json\/wp\/v2\/product\/93665","targetHints":{"allow":["GET"]}}],"collection":[{"href":"https:\/\/domartstyl.com\/en\/wp-json\/wp\/v2\/product"}],"about":[{"href":"https:\/\/domartstyl.com\/en\/wp-json\/wp\/v2\/types\/product"}],"replies":[{"embeddable":true,"href":"https:\/\/domartstyl.com\/en\/wp-json\/wp\/v2\/comments?post=93665"}],"wp:featuredmedia":[{"embeddable":true,"href":"https:\/\/domartstyl.com\/en\/wp-json\/wp\/v2\/media\/93727"}],"wp:attachment":[{"href":"https:\/\/domartstyl.com\/en\/wp-json\/wp\/v2\/media?parent=93665"}],"wp:term":[{"taxonomy":"product_brand","embeddable":true,"href":"https:\/\/domartstyl.com\/en\/wp-json\/wp\/v2\/product_brand?post=93665"},{"taxonomy":"product_cat","embeddable":true,"href":"https:\/\/domartstyl.com\/en\/wp-json\/wp\/v2\/product_cat?post=93665"},{"taxonomy":"product_tag","embeddable":true,"href":"https:\/\/domartstyl.com\/en\/wp-json\/wp\/v2\/product_tag?post=93665"}],"curies":[{"name":"wp","href":"https:\/\/api.w.org\/{rel}","templated":true}]}}