{"id":93580,"date":"2025-03-20T09:36:27","date_gmt":"2025-03-20T08:36:27","guid":{"rendered":"https:\/\/domartstyl.com\/?post_type=product&#038;p=93580"},"modified":"2025-05-15T10:56:30","modified_gmt":"2025-05-15T09:56:30","slug":"sonia-sls-modular-sofa","status":"publish","type":"product","link":"https:\/\/domartstyl.com\/en\/sonia-sls-modular-sofa\/","title":{"rendered":"Sonia SL+S modular sofa"},"content":{"rendered":"<p data-start=\"0\" data-end=\"77\">The Sonia modular sofa is a modern and comfortable piece of furniture for the living room, which, thanks to its modular design, allows for flexible adaptation to any space, ensuring comfort and a stylish appearance.<\/p>\n","protected":false},"excerpt":{"rendered":"<h3 data-start=\"0\" data-end=\"31\">SONIA MODULAR SOFA SL+S+P<\/h3>\n<p data-start=\"33\" data-end=\"96\"><strong data-start=\"33\" data-end=\"94\">Create your own arrangements with the Sonia modular sofa!<\/strong><\/p>\n<p data-start=\"98\" data-end=\"334\">Elegant design and functionality make it a perfect fit for any interior \u2013 from modern to classic. Thanks to its modular construction, you can freely configure your space, creating a comfortable and stylish sofa tailored to your needs.<\/p>\n<h3 data-start=\"336\" data-end=\"358\">Ultimate Comfort<\/h3>\n<p data-start=\"359\" data-end=\"544\">\u2714 Soft seat and ergonomic backrest for exceptional relaxation<br data-start=\"420\" data-end=\"423\" \/>\u2714 High-quality upholstery that is durable and pleasant to the touch<br data-start=\"490\" data-end=\"493\" \/>\u2714 Sturdy construction for long-lasting durability<\/p>\n<h3 data-start=\"546\" data-end=\"578\">Tailor It to Your Interior<\/h3>\n<p data-start=\"579\" data-end=\"718\">Sonia is available in a wide range of colors, allowing you to create a sofa that perfectly complements your space and enhances its style.<\/p>\n<h3 data-start=\"720\" data-end=\"755\">Perfect for Various Interiors<\/h3>\n<p data-start=\"756\" data-end=\"934\">Sonia seamlessly fits into modern, Scandinavian, loft, and elegant glamour interiors. Its versatility makes it an excellent choice for living rooms, bedrooms, or office spaces.<\/p>\n<p data-start=\"936\" data-end=\"1052\">An additional advantage is the <strong data-start=\"967\" data-end=\"989\">adjustable armrest<\/strong>, which provides even greater flexibility and comfort in use.<\/p>\n<p data-start=\"1054\" data-end=\"1118\" data-is-last-node=\"\" data-is-only-node=\"\"><strong data-start=\"1054\" data-end=\"1118\" data-is-last-node=\"\">Choose the Sonia sofa and enjoy luxurious comfort every day!<\/strong><\/p>\n","protected":false},"featured_media":93582,"comment_status":"closed","ping_status":"closed","template":"","meta":[],"product_brand":[],"product_cat":[647,39,9043],"product_tag":[],"class_list":{"0":"post-93580","1":"product","2":"type-product","3":"status-publish","4":"has-post-thumbnail","6":"product_cat-newest-products","7":"product_cat-sofas","8":"product_cat-modular-sofas","10":"first","11":"instock","12":"taxable","13":"shipping-taxable","14":"purchasable","15":"product-type-simple"},"yoast_head":"<!-- This site is optimized with the Yoast SEO Premium plugin v25.0 (Yoast SEO v25.0) - https:\/\/yoast.com\/wordpress\/plugins\/seo\/ -->\n<title>Sonia SL+S modular sofa \u2013 Modernity and Comfort<\/title>\n<meta name=\"description\" content=\"The Sonia modular sofa is a modern and comfortable piece of furniture for the living room, which, thanks to its modular design, allows for flexible adaptation to any space, ensuring comfort and a stylish appearance.\" \/>\n<meta name=\"robots\" content=\"index, follow, max-snippet:-1, max-image-preview:large, max-video-preview:-1\" \/>\n<link rel=\"canonical\" href=\"https:\/\/domartstyl.com\/en\/sonia-sls-modular-sofa\/\" \/>\n<meta property=\"og:locale\" content=\"en_US\" \/>\n<meta property=\"og:type\" content=\"article\" \/>\n<meta property=\"og:title\" content=\"Sonia SL+S modular sofa - DomArtStyl\" \/>\n<meta property=\"og:description\" content=\"The Sonia modular sofa is a modern and comfortable piece of furniture for the living room, which, thanks to its modular design, allows for flexible adaptation to any space, ensuring comfort and a stylish appearance.\" \/>\n<meta property=\"og:url\" content=\"https:\/\/domartstyl.com\/en\/sonia-sls-modular-sofa\/\" \/>\n<meta property=\"og:site_name\" content=\"DomArtStyl\" \/>\n<meta property=\"article:publisher\" content=\"https:\/\/www.facebook.com\/DomArtStyl\/\" \/>\n<meta property=\"article:modified_time\" content=\"2025-05-15T09:56:30+00:00\" \/>\n<meta property=\"og:image\" content=\"https:\/\/domartstyl.com\/wp-content\/uploads\/2025\/03\/sofa-sonia-haga30-sl-s-1.jpg\" \/>\n\t<meta property=\"og:image:width\" content=\"1000\" \/>\n\t<meta property=\"og:image:height\" content=\"1000\" \/>\n\t<meta property=\"og:image:type\" content=\"image\/jpeg\" \/>\n<meta name=\"twitter:card\" content=\"summary_large_image\" \/>\n<meta name=\"twitter:site\" content=\"@DomArtStyl_pl\" \/>\n<meta name=\"twitter:label1\" content=\"Price\" \/>\n\t<meta name=\"twitter:data1\" content=\"&euro;885,25\" \/>\n\t<meta name=\"twitter:label2\" content=\"Availability\" \/>\n\t<meta name=\"twitter:data2\" content=\"In stock\" \/>\n<script type=\"application\/ld+json\" class=\"yoast-schema-graph\">{\"@context\":\"https:\/\/schema.org\",\"@graph\":[{\"@type\":\"WebPage\",\"@id\":\"https:\/\/domartstyl.com\/en\/sonia-sls-modular-sofa\/\",\"url\":\"https:\/\/domartstyl.com\/en\/sonia-sls-modular-sofa\/\",\"name\":\"Sonia SL+S modular sofa \u2013 Modernity and Comfort\",\"isPartOf\":{\"@id\":\"https:\/\/domartstyl.com\/en\/#website\"},\"primaryImageOfPage\":{\"@id\":\"https:\/\/domartstyl.com\/en\/sonia-sls-modular-sofa\/#primaryimage\"},\"image\":{\"@id\":\"https:\/\/domartstyl.com\/en\/sonia-sls-modular-sofa\/#primaryimage\"},\"thumbnailUrl\":\"https:\/\/domartstyl.com\/wp-content\/uploads\/2025\/03\/sofa-sonia-haga30-sl-s-1.jpg\",\"datePublished\":\"2025-03-20T08:36:27+00:00\",\"dateModified\":\"2025-05-15T09:56:30+00:00\",\"description\":\"The Sonia modular sofa is a modern and comfortable piece of furniture for the living room, which, thanks to its modular design, allows for flexible adaptation to any space, ensuring comfort and a stylish appearance.\",\"breadcrumb\":{\"@id\":\"https:\/\/domartstyl.com\/en\/sonia-sls-modular-sofa\/#breadcrumb\"},\"inLanguage\":\"en-US\",\"potentialAction\":[{\"@type\":\"ReadAction\",\"target\":[\"https:\/\/domartstyl.com\/en\/sonia-sls-modular-sofa\/\"]}]},{\"@type\":\"ImageObject\",\"inLanguage\":\"en-US\",\"@id\":\"https:\/\/domartstyl.com\/en\/sonia-sls-modular-sofa\/#primaryimage\",\"url\":\"https:\/\/domartstyl.com\/wp-content\/uploads\/2025\/03\/sofa-sonia-haga30-sl-s-1.jpg\",\"contentUrl\":\"https:\/\/domartstyl.com\/wp-content\/uploads\/2025\/03\/sofa-sonia-haga30-sl-s-1.jpg\",\"width\":1000,\"height\":1000,\"caption\":\"Sofa modu\u0142owa Haga 30 - Nowoczesny design\"},{\"@type\":\"BreadcrumbList\",\"@id\":\"https:\/\/domartstyl.com\/en\/sonia-sls-modular-sofa\/#breadcrumb\",\"itemListElement\":[{\"@type\":\"ListItem\",\"position\":1,\"name\":\"Strona g\u0142\u00f3wna\",\"item\":\"https:\/\/domartstyl.com\/en\/\"},{\"@type\":\"ListItem\",\"position\":2,\"name\":\"Modern Upholstered Furniture\",\"item\":\"https:\/\/domartstyl.com\/en\/furniture\/\"},{\"@type\":\"ListItem\",\"position\":3,\"name\":\"Sonia SL+S modular sofa\"}]},{\"@type\":\"WebSite\",\"@id\":\"https:\/\/domartstyl.com\/en\/#website\",\"url\":\"https:\/\/domartstyl.com\/en\/\",\"name\":\"DomArtStyl\",\"description\":\"Tworzymy meble najwy\u017cszej jako\u015bci. Sprzeda\u017c detaliczna \u00b7 Sprzeda\u017c hurtowa\",\"publisher\":{\"@id\":\"https:\/\/domartstyl.com\/en\/#organization\"},\"potentialAction\":[{\"@type\":\"SearchAction\",\"target\":{\"@type\":\"EntryPoint\",\"urlTemplate\":\"https:\/\/domartstyl.com\/en\/?s={search_term_string}\"},\"query-input\":{\"@type\":\"PropertyValueSpecification\",\"valueRequired\":true,\"valueName\":\"search_term_string\"}}],\"inLanguage\":\"en-US\"},{\"@type\":\"Organization\",\"@id\":\"https:\/\/domartstyl.com\/en\/#organization\",\"name\":\"DomArtStyl\",\"url\":\"https:\/\/domartstyl.com\/en\/\",\"logo\":{\"@type\":\"ImageObject\",\"inLanguage\":\"en-US\",\"@id\":\"https:\/\/domartstyl.com\/en\/#\/schema\/logo\/image\/\",\"url\":\"https:\/\/domartstyl.com\/wp-content\/uploads\/2018\/04\/Logo_300_width.png\",\"contentUrl\":\"https:\/\/domartstyl.com\/wp-content\/uploads\/2018\/04\/Logo_300_width.png\",\"width\":300,\"height\":140,\"caption\":\"DomArtStyl\"},\"image\":{\"@id\":\"https:\/\/domartstyl.com\/en\/#\/schema\/logo\/image\/\"},\"sameAs\":[\"https:\/\/www.facebook.com\/DomArtStyl\/\",\"https:\/\/x.com\/DomArtStyl_pl\",\"https:\/\/www.instagram.com\/domartstyl\/?hl=en\",\"https:\/\/pl.pinterest.com\/domartstyl01\/\",\"https:\/\/www.youtube.com\/channel\/UCkISSgvMomI6yFFL3JDbLhw\"]}]}<\/script>\n<meta property=\"product:price:amount\" content=\"885.25\" \/>\n<meta property=\"product:price:currency\" content=\"EUR\" \/>\n<meta property=\"og:availability\" content=\"instock\" \/>\n<meta property=\"product:availability\" content=\"instock\" \/>\n<meta property=\"product:condition\" content=\"new\" \/>\n<!-- \/ Yoast SEO Premium plugin. -->","yoast_head_json":{"title":"Sonia SL+S modular sofa \u2013 Modernity and Comfort","description":"The Sonia modular sofa is a modern and comfortable piece of furniture for the living room, which, thanks to its modular design, allows for flexible adaptation to any space, ensuring comfort and a stylish appearance.","robots":{"index":"index","follow":"follow","max-snippet":"max-snippet:-1","max-image-preview":"max-image-preview:large","max-video-preview":"max-video-preview:-1"},"canonical":"https:\/\/domartstyl.com\/en\/sonia-sls-modular-sofa\/","og_locale":"en_US","og_type":"article","og_title":"Sonia SL+S modular sofa - DomArtStyl","og_description":"The Sonia modular sofa is a modern and comfortable piece of furniture for the living room, which, thanks to its modular design, allows for flexible adaptation to any space, ensuring comfort and a stylish appearance.","og_url":"https:\/\/domartstyl.com\/en\/sonia-sls-modular-sofa\/","og_site_name":"DomArtStyl","article_publisher":"https:\/\/www.facebook.com\/DomArtStyl\/","article_modified_time":"2025-05-15T09:56:30+00:00","og_image":[{"width":1000,"height":1000,"url":"https:\/\/domartstyl.com\/wp-content\/uploads\/2025\/03\/sofa-sonia-haga30-sl-s-1.jpg","type":"image\/jpeg"}],"twitter_card":"summary_large_image","twitter_site":"@DomArtStyl_pl","twitter_misc":{"Price":"&euro;885,25","Availability":"In stock"},"schema":{"@context":"https:\/\/schema.org","@graph":[{"@type":"WebPage","@id":"https:\/\/domartstyl.com\/en\/sonia-sls-modular-sofa\/","url":"https:\/\/domartstyl.com\/en\/sonia-sls-modular-sofa\/","name":"Sonia SL+S modular sofa \u2013 Modernity and Comfort","isPartOf":{"@id":"https:\/\/domartstyl.com\/en\/#website"},"primaryImageOfPage":{"@id":"https:\/\/domartstyl.com\/en\/sonia-sls-modular-sofa\/#primaryimage"},"image":{"@id":"https:\/\/domartstyl.com\/en\/sonia-sls-modular-sofa\/#primaryimage"},"thumbnailUrl":"https:\/\/domartstyl.com\/wp-content\/uploads\/2025\/03\/sofa-sonia-haga30-sl-s-1.jpg","datePublished":"2025-03-20T08:36:27+00:00","dateModified":"2025-05-15T09:56:30+00:00","description":"The Sonia modular sofa is a modern and comfortable piece of furniture for the living room, which, thanks to its modular design, allows for flexible adaptation to any space, ensuring comfort and a stylish appearance.","breadcrumb":{"@id":"https:\/\/domartstyl.com\/en\/sonia-sls-modular-sofa\/#breadcrumb"},"inLanguage":"en-US","potentialAction":[{"@type":"ReadAction","target":["https:\/\/domartstyl.com\/en\/sonia-sls-modular-sofa\/"]}]},{"@type":"ImageObject","inLanguage":"en-US","@id":"https:\/\/domartstyl.com\/en\/sonia-sls-modular-sofa\/#primaryimage","url":"https:\/\/domartstyl.com\/wp-content\/uploads\/2025\/03\/sofa-sonia-haga30-sl-s-1.jpg","contentUrl":"https:\/\/domartstyl.com\/wp-content\/uploads\/2025\/03\/sofa-sonia-haga30-sl-s-1.jpg","width":1000,"height":1000,"caption":"Sofa modu\u0142owa Haga 30 - Nowoczesny design"},{"@type":"BreadcrumbList","@id":"https:\/\/domartstyl.com\/en\/sonia-sls-modular-sofa\/#breadcrumb","itemListElement":[{"@type":"ListItem","position":1,"name":"Strona g\u0142\u00f3wna","item":"https:\/\/domartstyl.com\/en\/"},{"@type":"ListItem","position":2,"name":"Modern Upholstered Furniture","item":"https:\/\/domartstyl.com\/en\/furniture\/"},{"@type":"ListItem","position":3,"name":"Sonia SL+S modular sofa"}]},{"@type":"WebSite","@id":"https:\/\/domartstyl.com\/en\/#website","url":"https:\/\/domartstyl.com\/en\/","name":"DomArtStyl","description":"Tworzymy meble najwy\u017cszej jako\u015bci. Sprzeda\u017c detaliczna \u00b7 Sprzeda\u017c hurtowa","publisher":{"@id":"https:\/\/domartstyl.com\/en\/#organization"},"potentialAction":[{"@type":"SearchAction","target":{"@type":"EntryPoint","urlTemplate":"https:\/\/domartstyl.com\/en\/?s={search_term_string}"},"query-input":{"@type":"PropertyValueSpecification","valueRequired":true,"valueName":"search_term_string"}}],"inLanguage":"en-US"},{"@type":"Organization","@id":"https:\/\/domartstyl.com\/en\/#organization","name":"DomArtStyl","url":"https:\/\/domartstyl.com\/en\/","logo":{"@type":"ImageObject","inLanguage":"en-US","@id":"https:\/\/domartstyl.com\/en\/#\/schema\/logo\/image\/","url":"https:\/\/domartstyl.com\/wp-content\/uploads\/2018\/04\/Logo_300_width.png","contentUrl":"https:\/\/domartstyl.com\/wp-content\/uploads\/2018\/04\/Logo_300_width.png","width":300,"height":140,"caption":"DomArtStyl"},"image":{"@id":"https:\/\/domartstyl.com\/en\/#\/schema\/logo\/image\/"},"sameAs":["https:\/\/www.facebook.com\/DomArtStyl\/","https:\/\/x.com\/DomArtStyl_pl","https:\/\/www.instagram.com\/domartstyl\/?hl=en","https:\/\/pl.pinterest.com\/domartstyl01\/","https:\/\/www.youtube.com\/channel\/UCkISSgvMomI6yFFL3JDbLhw"]}]},"product_price_amount":"885.25","product_price_currency":"EUR","og_availability":"instock","product_availability":"instock","product_condition":"new"},"_links":{"self":[{"href":"https:\/\/domartstyl.com\/en\/wp-json\/wp\/v2\/product\/93580","targetHints":{"allow":["GET"]}}],"collection":[{"href":"https:\/\/domartstyl.com\/en\/wp-json\/wp\/v2\/product"}],"about":[{"href":"https:\/\/domartstyl.com\/en\/wp-json\/wp\/v2\/types\/product"}],"replies":[{"embeddable":true,"href":"https:\/\/domartstyl.com\/en\/wp-json\/wp\/v2\/comments?post=93580"}],"wp:featuredmedia":[{"embeddable":true,"href":"https:\/\/domartstyl.com\/en\/wp-json\/wp\/v2\/media\/93582"}],"wp:attachment":[{"href":"https:\/\/domartstyl.com\/en\/wp-json\/wp\/v2\/media?parent=93580"}],"wp:term":[{"taxonomy":"product_brand","embeddable":true,"href":"https:\/\/domartstyl.com\/en\/wp-json\/wp\/v2\/product_brand?post=93580"},{"taxonomy":"product_cat","embeddable":true,"href":"https:\/\/domartstyl.com\/en\/wp-json\/wp\/v2\/product_cat?post=93580"},{"taxonomy":"product_tag","embeddable":true,"href":"https:\/\/domartstyl.com\/en\/wp-json\/wp\/v2\/product_tag?post=93580"}],"curies":[{"name":"wp","href":"https:\/\/api.w.org\/{rel}","templated":true}]}}