{"id":93520,"date":"2025-03-19T11:31:55","date_gmt":"2025-03-19T10:31:55","guid":{"rendered":"https:\/\/domartstyl.com\/?post_type=product&#038;p=93520"},"modified":"2025-05-15T10:56:31","modified_gmt":"2025-05-15T09:56:31","slug":"right-straight-element-for-the-sonia-modular-sofa","status":"publish","type":"product","link":"https:\/\/domartstyl.com\/en\/right-straight-element-for-the-sonia-modular-sofa\/","title":{"rendered":"Right straight element for the Sonia modular sofa"},"content":{"rendered":"<p>The Sonia modular sofa combines elegance, functionality, and versatility, featuring a movable armrest, durable construction, and a customizable design that fits seamlessly into any modern or classic interior.<\/p>\n","protected":false},"excerpt":{"rendered":"<p data-start=\"0\" data-end=\"55\"><strong data-start=\"0\" data-end=\"53\">Right Straight Element for the Sonia Modular Sofa<\/strong><\/p>\n<p data-start=\"57\" data-end=\"120\"><strong data-start=\"57\" data-end=\"118\">Create your own arrangements with the Sonia modular sofa!<\/strong><\/p>\n<p data-start=\"122\" data-end=\"350\">Elegant design and functionality make it suitable for any interior \u2013 from modern to classic. Thanks to its modular structure, you can freely configure your space, creating a comfortable and stylish sofa tailored to your needs.<\/p>\n<h3 data-start=\"352\" data-end=\"378\"><strong data-start=\"356\" data-end=\"376\">Ultimate Comfort<\/strong><\/h3>\n<p data-start=\"379\" data-end=\"616\">\u2714 Soft seat and ergonomic backrest ensure exceptional relaxation<br data-start=\"443\" data-end=\"446\" \/>\u2714 High-quality upholstery is durable and pleasant to the touch<br data-start=\"508\" data-end=\"511\" \/>\u2714 Solid construction guarantees long-lasting use<br data-start=\"559\" data-end=\"562\" \/>\u2714 Movable armrest enhances functionality and comfort<\/p>\n<h3 data-start=\"618\" data-end=\"663\"><strong data-start=\"622\" data-end=\"661\">Perfectly Tailored to Your Interior<\/strong><\/h3>\n<p data-start=\"664\" data-end=\"806\">Sonia is available in a wide range of colors, allowing you to create a sofa that seamlessly blends with your space and highlights its style.<\/p>\n<h3 data-start=\"808\" data-end=\"858\"><strong data-start=\"812\" data-end=\"856\">An Ideal Choice for Various Arrangements<\/strong><\/h3>\n<p data-start=\"859\" data-end=\"1037\">The Sonia modular sofa fits perfectly in modern, Scandinavian, loft, and elegant glamour interiors. Its versatility makes it easy to adapt to a living room, bedroom, or office.<\/p>\n<h3 data-start=\"1039\" data-end=\"1089\"><strong data-start=\"1043\" data-end=\"1087\">Experience Luxury and Comfort Every Day!<\/strong><\/h3>\n<p data-start=\"1090\" data-end=\"1302\" data-is-last-node=\"\" data-is-only-node=\"\">An additional advantage is the <strong data-start=\"1121\" data-end=\"1140\">movable armrest<\/strong>, offering even greater flexibility in use. The Sonia modular sofa is the perfect solution for stylish interiors where both <strong data-start=\"1264\" data-end=\"1294\">functionality and elegance<\/strong> matter.<\/p>\n","protected":false},"featured_media":93603,"comment_status":"closed","ping_status":"closed","template":"","meta":[],"product_brand":[],"product_cat":[647,39,9043],"product_tag":[],"class_list":{"0":"post-93520","1":"product","2":"type-product","3":"status-publish","4":"has-post-thumbnail","6":"product_cat-newest-products","7":"product_cat-sofas","8":"product_cat-modular-sofas","9":"product_shipping_class-individually-packed-110-120","11":"first","12":"instock","13":"taxable","14":"shipping-taxable","15":"purchasable","16":"product-type-simple"},"yoast_head":"<!-- This site is optimized with the Yoast SEO Premium plugin v25.0 (Yoast SEO v25.0) - https:\/\/yoast.com\/wordpress\/plugins\/seo\/ -->\n<title>Right straight element for the Sonia modular sofa.<\/title>\n<meta name=\"description\" content=\"The Sonia modular sofa combines elegance, functionality, and versatility, featuring a movable armrest, durable construction, and a customizable design that fits seamlessly into any modern or classic interior.\" \/>\n<meta name=\"robots\" content=\"index, follow, max-snippet:-1, max-image-preview:large, max-video-preview:-1\" \/>\n<link rel=\"canonical\" href=\"https:\/\/domartstyl.com\/en\/right-straight-element-for-the-sonia-modular-sofa\/\" \/>\n<meta property=\"og:locale\" content=\"en_US\" \/>\n<meta property=\"og:type\" content=\"article\" \/>\n<meta property=\"og:title\" content=\"Right straight element for the Sonia modular sofa - DomArtStyl\" \/>\n<meta property=\"og:description\" content=\"The Sonia modular sofa combines elegance, functionality, and versatility, featuring a movable armrest, durable construction, and a customizable design that fits seamlessly into any modern or classic interior.\" \/>\n<meta property=\"og:url\" content=\"https:\/\/domartstyl.com\/en\/right-straight-element-for-the-sonia-modular-sofa\/\" \/>\n<meta property=\"og:site_name\" content=\"DomArtStyl\" \/>\n<meta property=\"article:publisher\" content=\"https:\/\/www.facebook.com\/DomArtStyl\/\" \/>\n<meta property=\"article:modified_time\" content=\"2025-05-15T09:56:31+00:00\" \/>\n<meta property=\"og:image\" content=\"https:\/\/domartstyl.com\/wp-content\/uploads\/2025\/03\/sonia-prosty-prawy-haga30-1-2.jpg\" \/>\n\t<meta property=\"og:image:width\" content=\"1000\" \/>\n\t<meta property=\"og:image:height\" content=\"1000\" \/>\n\t<meta property=\"og:image:type\" content=\"image\/jpeg\" \/>\n<meta name=\"twitter:card\" content=\"summary_large_image\" \/>\n<meta name=\"twitter:site\" content=\"@DomArtStyl_pl\" \/>\n<meta name=\"twitter:label1\" content=\"Price\" \/>\n\t<meta name=\"twitter:data1\" content=\"&euro;470,00\" \/>\n\t<meta name=\"twitter:label2\" content=\"Availability\" \/>\n\t<meta name=\"twitter:data2\" content=\"In stock\" \/>\n<script type=\"application\/ld+json\" class=\"yoast-schema-graph\">{\"@context\":\"https:\/\/schema.org\",\"@graph\":[{\"@type\":\"WebPage\",\"@id\":\"https:\/\/domartstyl.com\/en\/right-straight-element-for-the-sonia-modular-sofa\/\",\"url\":\"https:\/\/domartstyl.com\/en\/right-straight-element-for-the-sonia-modular-sofa\/\",\"name\":\"Right straight element for the Sonia modular sofa.\",\"isPartOf\":{\"@id\":\"https:\/\/domartstyl.com\/en\/#website\"},\"primaryImageOfPage\":{\"@id\":\"https:\/\/domartstyl.com\/en\/right-straight-element-for-the-sonia-modular-sofa\/#primaryimage\"},\"image\":{\"@id\":\"https:\/\/domartstyl.com\/en\/right-straight-element-for-the-sonia-modular-sofa\/#primaryimage\"},\"thumbnailUrl\":\"https:\/\/domartstyl.com\/wp-content\/uploads\/2025\/03\/sonia-prosty-prawy-haga30-1-2.jpg\",\"datePublished\":\"2025-03-19T10:31:55+00:00\",\"dateModified\":\"2025-05-15T09:56:31+00:00\",\"description\":\"The Sonia modular sofa combines elegance, functionality, and versatility, featuring a movable armrest, durable construction, and a customizable design that fits seamlessly into any modern or classic interior.\",\"breadcrumb\":{\"@id\":\"https:\/\/domartstyl.com\/en\/right-straight-element-for-the-sonia-modular-sofa\/#breadcrumb\"},\"inLanguage\":\"en-US\",\"potentialAction\":[{\"@type\":\"ReadAction\",\"target\":[\"https:\/\/domartstyl.com\/en\/right-straight-element-for-the-sonia-modular-sofa\/\"]}]},{\"@type\":\"ImageObject\",\"inLanguage\":\"en-US\",\"@id\":\"https:\/\/domartstyl.com\/en\/right-straight-element-for-the-sonia-modular-sofa\/#primaryimage\",\"url\":\"https:\/\/domartstyl.com\/wp-content\/uploads\/2025\/03\/sonia-prosty-prawy-haga30-1-2.jpg\",\"contentUrl\":\"https:\/\/domartstyl.com\/wp-content\/uploads\/2025\/03\/sonia-prosty-prawy-haga30-1-2.jpg\",\"width\":1000,\"height\":1000,\"caption\":\"Element prosty prawy Sonia - Haga 30\"},{\"@type\":\"BreadcrumbList\",\"@id\":\"https:\/\/domartstyl.com\/en\/right-straight-element-for-the-sonia-modular-sofa\/#breadcrumb\",\"itemListElement\":[{\"@type\":\"ListItem\",\"position\":1,\"name\":\"Strona g\u0142\u00f3wna\",\"item\":\"https:\/\/domartstyl.com\/en\/\"},{\"@type\":\"ListItem\",\"position\":2,\"name\":\"Modern Upholstered Furniture\",\"item\":\"https:\/\/domartstyl.com\/en\/furniture\/\"},{\"@type\":\"ListItem\",\"position\":3,\"name\":\"Right straight element for the Sonia modular sofa\"}]},{\"@type\":\"WebSite\",\"@id\":\"https:\/\/domartstyl.com\/en\/#website\",\"url\":\"https:\/\/domartstyl.com\/en\/\",\"name\":\"DomArtStyl\",\"description\":\"Tworzymy meble najwy\u017cszej jako\u015bci. Sprzeda\u017c detaliczna \u00b7 Sprzeda\u017c hurtowa\",\"publisher\":{\"@id\":\"https:\/\/domartstyl.com\/en\/#organization\"},\"potentialAction\":[{\"@type\":\"SearchAction\",\"target\":{\"@type\":\"EntryPoint\",\"urlTemplate\":\"https:\/\/domartstyl.com\/en\/?s={search_term_string}\"},\"query-input\":{\"@type\":\"PropertyValueSpecification\",\"valueRequired\":true,\"valueName\":\"search_term_string\"}}],\"inLanguage\":\"en-US\"},{\"@type\":\"Organization\",\"@id\":\"https:\/\/domartstyl.com\/en\/#organization\",\"name\":\"DomArtStyl\",\"url\":\"https:\/\/domartstyl.com\/en\/\",\"logo\":{\"@type\":\"ImageObject\",\"inLanguage\":\"en-US\",\"@id\":\"https:\/\/domartstyl.com\/en\/#\/schema\/logo\/image\/\",\"url\":\"https:\/\/domartstyl.com\/wp-content\/uploads\/2018\/04\/Logo_300_width.png\",\"contentUrl\":\"https:\/\/domartstyl.com\/wp-content\/uploads\/2018\/04\/Logo_300_width.png\",\"width\":300,\"height\":140,\"caption\":\"DomArtStyl\"},\"image\":{\"@id\":\"https:\/\/domartstyl.com\/en\/#\/schema\/logo\/image\/\"},\"sameAs\":[\"https:\/\/www.facebook.com\/DomArtStyl\/\",\"https:\/\/x.com\/DomArtStyl_pl\",\"https:\/\/www.instagram.com\/domartstyl\/?hl=en\",\"https:\/\/pl.pinterest.com\/domartstyl01\/\",\"https:\/\/www.youtube.com\/channel\/UCkISSgvMomI6yFFL3JDbLhw\"]}]}<\/script>\n<meta property=\"product:price:amount\" content=\"470.00\" \/>\n<meta property=\"product:price:currency\" content=\"EUR\" \/>\n<meta property=\"og:availability\" content=\"instock\" \/>\n<meta property=\"product:availability\" content=\"instock\" \/>\n<meta property=\"product:condition\" content=\"new\" \/>\n<!-- \/ Yoast SEO Premium plugin. -->","yoast_head_json":{"title":"Right straight element for the Sonia modular sofa.","description":"The Sonia modular sofa combines elegance, functionality, and versatility, featuring a movable armrest, durable construction, and a customizable design that fits seamlessly into any modern or classic interior.","robots":{"index":"index","follow":"follow","max-snippet":"max-snippet:-1","max-image-preview":"max-image-preview:large","max-video-preview":"max-video-preview:-1"},"canonical":"https:\/\/domartstyl.com\/en\/right-straight-element-for-the-sonia-modular-sofa\/","og_locale":"en_US","og_type":"article","og_title":"Right straight element for the Sonia modular sofa - DomArtStyl","og_description":"The Sonia modular sofa combines elegance, functionality, and versatility, featuring a movable armrest, durable construction, and a customizable design that fits seamlessly into any modern or classic interior.","og_url":"https:\/\/domartstyl.com\/en\/right-straight-element-for-the-sonia-modular-sofa\/","og_site_name":"DomArtStyl","article_publisher":"https:\/\/www.facebook.com\/DomArtStyl\/","article_modified_time":"2025-05-15T09:56:31+00:00","og_image":[{"width":1000,"height":1000,"url":"https:\/\/domartstyl.com\/wp-content\/uploads\/2025\/03\/sonia-prosty-prawy-haga30-1-2.jpg","type":"image\/jpeg"}],"twitter_card":"summary_large_image","twitter_site":"@DomArtStyl_pl","twitter_misc":{"Price":"&euro;470,00","Availability":"In stock"},"schema":{"@context":"https:\/\/schema.org","@graph":[{"@type":"WebPage","@id":"https:\/\/domartstyl.com\/en\/right-straight-element-for-the-sonia-modular-sofa\/","url":"https:\/\/domartstyl.com\/en\/right-straight-element-for-the-sonia-modular-sofa\/","name":"Right straight element for the Sonia modular sofa.","isPartOf":{"@id":"https:\/\/domartstyl.com\/en\/#website"},"primaryImageOfPage":{"@id":"https:\/\/domartstyl.com\/en\/right-straight-element-for-the-sonia-modular-sofa\/#primaryimage"},"image":{"@id":"https:\/\/domartstyl.com\/en\/right-straight-element-for-the-sonia-modular-sofa\/#primaryimage"},"thumbnailUrl":"https:\/\/domartstyl.com\/wp-content\/uploads\/2025\/03\/sonia-prosty-prawy-haga30-1-2.jpg","datePublished":"2025-03-19T10:31:55+00:00","dateModified":"2025-05-15T09:56:31+00:00","description":"The Sonia modular sofa combines elegance, functionality, and versatility, featuring a movable armrest, durable construction, and a customizable design that fits seamlessly into any modern or classic interior.","breadcrumb":{"@id":"https:\/\/domartstyl.com\/en\/right-straight-element-for-the-sonia-modular-sofa\/#breadcrumb"},"inLanguage":"en-US","potentialAction":[{"@type":"ReadAction","target":["https:\/\/domartstyl.com\/en\/right-straight-element-for-the-sonia-modular-sofa\/"]}]},{"@type":"ImageObject","inLanguage":"en-US","@id":"https:\/\/domartstyl.com\/en\/right-straight-element-for-the-sonia-modular-sofa\/#primaryimage","url":"https:\/\/domartstyl.com\/wp-content\/uploads\/2025\/03\/sonia-prosty-prawy-haga30-1-2.jpg","contentUrl":"https:\/\/domartstyl.com\/wp-content\/uploads\/2025\/03\/sonia-prosty-prawy-haga30-1-2.jpg","width":1000,"height":1000,"caption":"Element prosty prawy Sonia - Haga 30"},{"@type":"BreadcrumbList","@id":"https:\/\/domartstyl.com\/en\/right-straight-element-for-the-sonia-modular-sofa\/#breadcrumb","itemListElement":[{"@type":"ListItem","position":1,"name":"Strona g\u0142\u00f3wna","item":"https:\/\/domartstyl.com\/en\/"},{"@type":"ListItem","position":2,"name":"Modern Upholstered Furniture","item":"https:\/\/domartstyl.com\/en\/furniture\/"},{"@type":"ListItem","position":3,"name":"Right straight element for the Sonia modular sofa"}]},{"@type":"WebSite","@id":"https:\/\/domartstyl.com\/en\/#website","url":"https:\/\/domartstyl.com\/en\/","name":"DomArtStyl","description":"Tworzymy meble najwy\u017cszej jako\u015bci. Sprzeda\u017c detaliczna \u00b7 Sprzeda\u017c hurtowa","publisher":{"@id":"https:\/\/domartstyl.com\/en\/#organization"},"potentialAction":[{"@type":"SearchAction","target":{"@type":"EntryPoint","urlTemplate":"https:\/\/domartstyl.com\/en\/?s={search_term_string}"},"query-input":{"@type":"PropertyValueSpecification","valueRequired":true,"valueName":"search_term_string"}}],"inLanguage":"en-US"},{"@type":"Organization","@id":"https:\/\/domartstyl.com\/en\/#organization","name":"DomArtStyl","url":"https:\/\/domartstyl.com\/en\/","logo":{"@type":"ImageObject","inLanguage":"en-US","@id":"https:\/\/domartstyl.com\/en\/#\/schema\/logo\/image\/","url":"https:\/\/domartstyl.com\/wp-content\/uploads\/2018\/04\/Logo_300_width.png","contentUrl":"https:\/\/domartstyl.com\/wp-content\/uploads\/2018\/04\/Logo_300_width.png","width":300,"height":140,"caption":"DomArtStyl"},"image":{"@id":"https:\/\/domartstyl.com\/en\/#\/schema\/logo\/image\/"},"sameAs":["https:\/\/www.facebook.com\/DomArtStyl\/","https:\/\/x.com\/DomArtStyl_pl","https:\/\/www.instagram.com\/domartstyl\/?hl=en","https:\/\/pl.pinterest.com\/domartstyl01\/","https:\/\/www.youtube.com\/channel\/UCkISSgvMomI6yFFL3JDbLhw"]}]},"product_price_amount":"470.00","product_price_currency":"EUR","og_availability":"instock","product_availability":"instock","product_condition":"new"},"_links":{"self":[{"href":"https:\/\/domartstyl.com\/en\/wp-json\/wp\/v2\/product\/93520","targetHints":{"allow":["GET"]}}],"collection":[{"href":"https:\/\/domartstyl.com\/en\/wp-json\/wp\/v2\/product"}],"about":[{"href":"https:\/\/domartstyl.com\/en\/wp-json\/wp\/v2\/types\/product"}],"replies":[{"embeddable":true,"href":"https:\/\/domartstyl.com\/en\/wp-json\/wp\/v2\/comments?post=93520"}],"wp:featuredmedia":[{"embeddable":true,"href":"https:\/\/domartstyl.com\/en\/wp-json\/wp\/v2\/media\/93603"}],"wp:attachment":[{"href":"https:\/\/domartstyl.com\/en\/wp-json\/wp\/v2\/media?parent=93520"}],"wp:term":[{"taxonomy":"product_brand","embeddable":true,"href":"https:\/\/domartstyl.com\/en\/wp-json\/wp\/v2\/product_brand?post=93520"},{"taxonomy":"product_cat","embeddable":true,"href":"https:\/\/domartstyl.com\/en\/wp-json\/wp\/v2\/product_cat?post=93520"},{"taxonomy":"product_tag","embeddable":true,"href":"https:\/\/domartstyl.com\/en\/wp-json\/wp\/v2\/product_tag?post=93520"}],"curies":[{"name":"wp","href":"https:\/\/api.w.org\/{rel}","templated":true}]}}