{"id":93425,"date":"2025-03-17T10:39:01","date_gmt":"2025-03-17T09:39:01","guid":{"rendered":"https:\/\/domartstyl.com\/?post_type=product&#038;p=93425"},"modified":"2025-05-15T10:56:32","modified_gmt":"2025-05-15T09:56:32","slug":"selia-pouf","status":"publish","type":"product","link":"https:\/\/domartstyl.com\/en\/selia-pouf\/","title":{"rendered":"Selia Pouf"},"content":{"rendered":"<p>The Selia pouf combines elegance and comfort with a modular design, minimalist style, and a wide range of colors, making it a perfect fit for modern and classic interiors.<\/p>\n<p data-start=\"0\" data-end=\"38\"><strong data-start=\"0\" data-end=\"38\">Selia Pouf \u2013 Modernity and Comfort<\/strong><\/p>\n<p data-start=\"40\" data-end=\"304\">The Selia pouf is the perfect combination of elegance and comfort. Thanks to its modular design, you can freely configure the sofa, adapting it to your needs and space. Its minimalist design and smooth shapes make it suitable for both modern and classic interiors.<\/p>\n<h3 data-start=\"306\" data-end=\"336\"><strong data-start=\"310\" data-end=\"334\">Key Product Features<\/strong><\/h3>\n<p data-start=\"337\" data-end=\"634\">&#x2714; <strong data-start=\"339\" data-end=\"355\">Modular sofa<\/strong> \u2013 flexible layout configuration<br data-start=\"387\" data-end=\"390\" \/>&#x2714; <strong data-start=\"392\" data-end=\"415\">Comfortable seating<\/strong> \u2013 soft upholstery and high-quality filling ensure comfort<br data-start=\"473\" data-end=\"476\" \/>&#x2714; <strong data-start=\"478\" data-end=\"500\">Elegant appearance<\/strong> \u2013 modern form suitable for various interior styles<br data-start=\"551\" data-end=\"554\" \/>&#x2714; <strong data-start=\"556\" data-end=\"582\">Durability and quality<\/strong> \u2013 sturdy construction guarantees long-lasting use<\/p>\n<p data-start=\"636\" data-end=\"813\">The Selia pouf is available in a wide range of colors, from classic shades of gray and beige to more intense, vibrant tones. This allows you to easily match it to your interior.<\/p>\n<h3 data-start=\"815\" data-end=\"848\"><strong data-start=\"819\" data-end=\"846\">Comfort and Versatility<\/strong><\/h3>\n<p data-start=\"849\" data-end=\"1048\">With its soft seat and ergonomic support, the Selia pouf is the perfect place for relaxation. Its modular design allows you to adapt the sofa layout to different spaces, from living rooms to offices.<\/p>\n<h3 data-start=\"1050\" data-end=\"1092\"><strong data-start=\"1054\" data-end=\"1090\">Perfect for Various Arrangements<\/strong><\/h3>\n<p data-start=\"1093\" data-end=\"1324\">&#x2714; <strong data-start=\"1095\" data-end=\"1115\">Modern interiors<\/strong> \u2013 minimalist design, trendy colors<br data-start=\"1150\" data-end=\"1153\" \/>&#x2714; <strong data-start=\"1155\" data-end=\"1172\">Glamour style<\/strong> \u2013 luxurious look, elegant upholstery<br data-start=\"1209\" data-end=\"1212\" \/>&#x2714; <strong data-start=\"1214\" data-end=\"1236\">Scandinavian style<\/strong> \u2013 functionality, subtle hues<br data-start=\"1265\" data-end=\"1268\" \/>&#x2714; <strong data-start=\"1270\" data-end=\"1288\">Loft interiors<\/strong> \u2013 designer character, raw materials<\/p>\n<p data-start=\"1326\" data-end=\"1386\" data-is-last-node=\"\" data-is-only-node=\"\">Choose the Selia pouf and create the perfect place to relax!<\/p>\n","protected":false},"excerpt":{"rendered":"<p data-start=\"0\" data-end=\"38\"><strong data-start=\"0\" data-end=\"38\">Selia Pouf \u2013 Modernity and Comfort<\/strong><\/p>\n<p data-start=\"40\" data-end=\"304\">The Selia pouf is the perfect combination of elegance and comfort. Thanks to its modular design, you can freely configure the sofa, adapting it to your needs and space. Its minimalist design and smooth shapes make it suitable for both modern and classic interiors.<\/p>\n<h3 data-start=\"306\" data-end=\"336\"><strong data-start=\"310\" data-end=\"334\">Key Product Features<\/strong><\/h3>\n<p data-start=\"337\" data-end=\"634\">&#x2714; <strong data-start=\"339\" data-end=\"355\">Modular sofa<\/strong> \u2013 flexible layout configuration<br data-start=\"387\" data-end=\"390\" \/>&#x2714; <strong data-start=\"392\" data-end=\"415\">Comfortable seating<\/strong> \u2013 soft upholstery and high-quality filling ensure comfort<br data-start=\"473\" data-end=\"476\" \/>&#x2714; <strong data-start=\"478\" data-end=\"500\">Elegant appearance<\/strong> \u2013 modern form suitable for various interior styles<br data-start=\"551\" data-end=\"554\" \/>&#x2714; <strong data-start=\"556\" data-end=\"582\">Durability and quality<\/strong> \u2013 sturdy construction guarantees long-lasting use<\/p>\n<p data-start=\"636\" data-end=\"813\">The Selia pouf is available in a wide range of colors, from classic shades of gray and beige to more intense, vibrant tones. This allows you to easily match it to your interior.<\/p>\n<h3 data-start=\"815\" data-end=\"848\"><strong data-start=\"819\" data-end=\"846\">Comfort and Versatility<\/strong><\/h3>\n<p data-start=\"849\" data-end=\"1048\">With its soft seat and ergonomic support, the Selia pouf is the perfect place for relaxation. Its modular design allows you to adapt the sofa layout to different spaces, from living rooms to offices.<\/p>\n<h3 data-start=\"1050\" data-end=\"1092\"><strong data-start=\"1054\" data-end=\"1090\">Perfect for Various Arrangements<\/strong><\/h3>\n<p data-start=\"1093\" data-end=\"1324\">&#x2714; <strong data-start=\"1095\" data-end=\"1115\">Modern interiors<\/strong> \u2013 minimalist design, trendy colors<br data-start=\"1150\" data-end=\"1153\" \/>&#x2714; <strong data-start=\"1155\" data-end=\"1172\">Glamour style<\/strong> \u2013 luxurious look, elegant upholstery<br data-start=\"1209\" data-end=\"1212\" \/>&#x2714; <strong data-start=\"1214\" data-end=\"1236\">Scandinavian style<\/strong> \u2013 functionality, subtle hues<br data-start=\"1265\" data-end=\"1268\" \/>&#x2714; <strong data-start=\"1270\" data-end=\"1288\">Loft interiors<\/strong> \u2013 designer character, raw materials<\/p>\n<p data-start=\"1326\" data-end=\"1386\" data-is-last-node=\"\" data-is-only-node=\"\">Choose the Selia pouf and create the perfect place to relax!<\/p>\n","protected":false},"featured_media":93427,"comment_status":"closed","ping_status":"closed","template":"","meta":[],"product_brand":[],"product_cat":[647,39,9043],"product_tag":[],"class_list":{"0":"post-93425","1":"product","2":"type-product","3":"status-publish","4":"has-post-thumbnail","6":"product_cat-newest-products","7":"product_cat-sofas","8":"product_cat-modular-sofas","9":"product_shipping_class-individually-packed-110-120","11":"first","12":"instock","13":"taxable","14":"shipping-taxable","15":"purchasable","16":"product-type-simple"},"yoast_head":"<!-- This site is optimized with the Yoast SEO Premium plugin v25.0 (Yoast SEO v25.0) - https:\/\/yoast.com\/wordpress\/plugins\/seo\/ -->\n<title>Selia Pouf \u2013 Modernity and Comfort<\/title>\n<meta name=\"description\" content=\"The Selia pouf combines elegance and comfort with a modular design, minimalist style, and a wide range of colors, making it a perfect fit for modern and classic interiors.\" \/>\n<meta name=\"robots\" content=\"index, follow, max-snippet:-1, max-image-preview:large, max-video-preview:-1\" \/>\n<link rel=\"canonical\" href=\"https:\/\/domartstyl.com\/en\/selia-pouf\/\" \/>\n<meta property=\"og:locale\" content=\"en_US\" \/>\n<meta property=\"og:type\" content=\"article\" \/>\n<meta property=\"og:title\" content=\"Selia Pouf - DomArtStyl\" \/>\n<meta property=\"og:description\" content=\"The Selia pouf combines elegance and comfort with a modular design, minimalist style, and a wide range of colors, making it a perfect fit for modern and classic interiors.\" \/>\n<meta property=\"og:url\" content=\"https:\/\/domartstyl.com\/en\/selia-pouf\/\" \/>\n<meta property=\"og:site_name\" content=\"DomArtStyl\" \/>\n<meta property=\"article:publisher\" content=\"https:\/\/www.facebook.com\/DomArtStyl\/\" \/>\n<meta property=\"article:modified_time\" content=\"2025-05-15T09:56:32+00:00\" \/>\n<meta property=\"og:image\" content=\"https:\/\/domartstyl.com\/wp-content\/uploads\/2025\/03\/pufa-selia-abramo7-2-1k.jpg\" \/>\n\t<meta property=\"og:image:width\" content=\"1000\" \/>\n\t<meta property=\"og:image:height\" content=\"1000\" \/>\n\t<meta property=\"og:image:type\" content=\"image\/jpeg\" \/>\n<meta name=\"twitter:card\" content=\"summary_large_image\" \/>\n<meta name=\"twitter:site\" content=\"@DomArtStyl_pl\" \/>\n<meta name=\"twitter:label1\" content=\"Price\" \/>\n\t<meta name=\"twitter:data1\" content=\"&euro;296,25\" \/>\n\t<meta name=\"twitter:label2\" content=\"Availability\" \/>\n\t<meta name=\"twitter:data2\" content=\"In stock\" \/>\n<script type=\"application\/ld+json\" class=\"yoast-schema-graph\">{\"@context\":\"https:\/\/schema.org\",\"@graph\":[{\"@type\":\"WebPage\",\"@id\":\"https:\/\/domartstyl.com\/en\/selia-pouf\/\",\"url\":\"https:\/\/domartstyl.com\/en\/selia-pouf\/\",\"name\":\"Selia Pouf \u2013 Modernity and Comfort\",\"isPartOf\":{\"@id\":\"https:\/\/domartstyl.com\/en\/#website\"},\"primaryImageOfPage\":{\"@id\":\"https:\/\/domartstyl.com\/en\/selia-pouf\/#primaryimage\"},\"image\":{\"@id\":\"https:\/\/domartstyl.com\/en\/selia-pouf\/#primaryimage\"},\"thumbnailUrl\":\"https:\/\/domartstyl.com\/wp-content\/uploads\/2025\/03\/pufa-selia-abramo7-2-1k.jpg\",\"datePublished\":\"2025-03-17T09:39:01+00:00\",\"dateModified\":\"2025-05-15T09:56:32+00:00\",\"description\":\"The Selia pouf combines elegance and comfort with a modular design, minimalist style, and a wide range of colors, making it a perfect fit for modern and classic interiors.\",\"breadcrumb\":{\"@id\":\"https:\/\/domartstyl.com\/en\/selia-pouf\/#breadcrumb\"},\"inLanguage\":\"en-US\",\"potentialAction\":[{\"@type\":\"ReadAction\",\"target\":[\"https:\/\/domartstyl.com\/en\/selia-pouf\/\"]}]},{\"@type\":\"ImageObject\",\"inLanguage\":\"en-US\",\"@id\":\"https:\/\/domartstyl.com\/en\/selia-pouf\/#primaryimage\",\"url\":\"https:\/\/domartstyl.com\/wp-content\/uploads\/2025\/03\/pufa-selia-abramo7-2-1k.jpg\",\"contentUrl\":\"https:\/\/domartstyl.com\/wp-content\/uploads\/2025\/03\/pufa-selia-abramo7-2-1k.jpg\",\"width\":1000,\"height\":1000},{\"@type\":\"BreadcrumbList\",\"@id\":\"https:\/\/domartstyl.com\/en\/selia-pouf\/#breadcrumb\",\"itemListElement\":[{\"@type\":\"ListItem\",\"position\":1,\"name\":\"Strona g\u0142\u00f3wna\",\"item\":\"https:\/\/domartstyl.com\/en\/\"},{\"@type\":\"ListItem\",\"position\":2,\"name\":\"Modern Upholstered Furniture\",\"item\":\"https:\/\/domartstyl.com\/en\/furniture\/\"},{\"@type\":\"ListItem\",\"position\":3,\"name\":\"Selia Pouf\"}]},{\"@type\":\"WebSite\",\"@id\":\"https:\/\/domartstyl.com\/en\/#website\",\"url\":\"https:\/\/domartstyl.com\/en\/\",\"name\":\"DomArtStyl\",\"description\":\"Tworzymy meble najwy\u017cszej jako\u015bci. Sprzeda\u017c detaliczna \u00b7 Sprzeda\u017c hurtowa\",\"publisher\":{\"@id\":\"https:\/\/domartstyl.com\/en\/#organization\"},\"potentialAction\":[{\"@type\":\"SearchAction\",\"target\":{\"@type\":\"EntryPoint\",\"urlTemplate\":\"https:\/\/domartstyl.com\/en\/?s={search_term_string}\"},\"query-input\":{\"@type\":\"PropertyValueSpecification\",\"valueRequired\":true,\"valueName\":\"search_term_string\"}}],\"inLanguage\":\"en-US\"},{\"@type\":\"Organization\",\"@id\":\"https:\/\/domartstyl.com\/en\/#organization\",\"name\":\"DomArtStyl\",\"url\":\"https:\/\/domartstyl.com\/en\/\",\"logo\":{\"@type\":\"ImageObject\",\"inLanguage\":\"en-US\",\"@id\":\"https:\/\/domartstyl.com\/en\/#\/schema\/logo\/image\/\",\"url\":\"https:\/\/domartstyl.com\/wp-content\/uploads\/2018\/04\/Logo_300_width.png\",\"contentUrl\":\"https:\/\/domartstyl.com\/wp-content\/uploads\/2018\/04\/Logo_300_width.png\",\"width\":300,\"height\":140,\"caption\":\"DomArtStyl\"},\"image\":{\"@id\":\"https:\/\/domartstyl.com\/en\/#\/schema\/logo\/image\/\"},\"sameAs\":[\"https:\/\/www.facebook.com\/DomArtStyl\/\",\"https:\/\/x.com\/DomArtStyl_pl\",\"https:\/\/www.instagram.com\/domartstyl\/?hl=en\",\"https:\/\/pl.pinterest.com\/domartstyl01\/\",\"https:\/\/www.youtube.com\/channel\/UCkISSgvMomI6yFFL3JDbLhw\"]}]}<\/script>\n<meta property=\"product:price:amount\" content=\"296.25\" \/>\n<meta property=\"product:price:currency\" content=\"EUR\" \/>\n<meta property=\"og:availability\" content=\"instock\" \/>\n<meta property=\"product:availability\" content=\"instock\" \/>\n<meta property=\"product:condition\" content=\"new\" \/>\n<!-- \/ Yoast SEO Premium plugin. -->","yoast_head_json":{"title":"Selia Pouf \u2013 Modernity and Comfort","description":"The Selia pouf combines elegance and comfort with a modular design, minimalist style, and a wide range of colors, making it a perfect fit for modern and classic interiors.","robots":{"index":"index","follow":"follow","max-snippet":"max-snippet:-1","max-image-preview":"max-image-preview:large","max-video-preview":"max-video-preview:-1"},"canonical":"https:\/\/domartstyl.com\/en\/selia-pouf\/","og_locale":"en_US","og_type":"article","og_title":"Selia Pouf - DomArtStyl","og_description":"The Selia pouf combines elegance and comfort with a modular design, minimalist style, and a wide range of colors, making it a perfect fit for modern and classic interiors.","og_url":"https:\/\/domartstyl.com\/en\/selia-pouf\/","og_site_name":"DomArtStyl","article_publisher":"https:\/\/www.facebook.com\/DomArtStyl\/","article_modified_time":"2025-05-15T09:56:32+00:00","og_image":[{"width":1000,"height":1000,"url":"https:\/\/domartstyl.com\/wp-content\/uploads\/2025\/03\/pufa-selia-abramo7-2-1k.jpg","type":"image\/jpeg"}],"twitter_card":"summary_large_image","twitter_site":"@DomArtStyl_pl","twitter_misc":{"Price":"&euro;296,25","Availability":"In stock"},"schema":{"@context":"https:\/\/schema.org","@graph":[{"@type":"WebPage","@id":"https:\/\/domartstyl.com\/en\/selia-pouf\/","url":"https:\/\/domartstyl.com\/en\/selia-pouf\/","name":"Selia Pouf \u2013 Modernity and Comfort","isPartOf":{"@id":"https:\/\/domartstyl.com\/en\/#website"},"primaryImageOfPage":{"@id":"https:\/\/domartstyl.com\/en\/selia-pouf\/#primaryimage"},"image":{"@id":"https:\/\/domartstyl.com\/en\/selia-pouf\/#primaryimage"},"thumbnailUrl":"https:\/\/domartstyl.com\/wp-content\/uploads\/2025\/03\/pufa-selia-abramo7-2-1k.jpg","datePublished":"2025-03-17T09:39:01+00:00","dateModified":"2025-05-15T09:56:32+00:00","description":"The Selia pouf combines elegance and comfort with a modular design, minimalist style, and a wide range of colors, making it a perfect fit for modern and classic interiors.","breadcrumb":{"@id":"https:\/\/domartstyl.com\/en\/selia-pouf\/#breadcrumb"},"inLanguage":"en-US","potentialAction":[{"@type":"ReadAction","target":["https:\/\/domartstyl.com\/en\/selia-pouf\/"]}]},{"@type":"ImageObject","inLanguage":"en-US","@id":"https:\/\/domartstyl.com\/en\/selia-pouf\/#primaryimage","url":"https:\/\/domartstyl.com\/wp-content\/uploads\/2025\/03\/pufa-selia-abramo7-2-1k.jpg","contentUrl":"https:\/\/domartstyl.com\/wp-content\/uploads\/2025\/03\/pufa-selia-abramo7-2-1k.jpg","width":1000,"height":1000},{"@type":"BreadcrumbList","@id":"https:\/\/domartstyl.com\/en\/selia-pouf\/#breadcrumb","itemListElement":[{"@type":"ListItem","position":1,"name":"Strona g\u0142\u00f3wna","item":"https:\/\/domartstyl.com\/en\/"},{"@type":"ListItem","position":2,"name":"Modern Upholstered Furniture","item":"https:\/\/domartstyl.com\/en\/furniture\/"},{"@type":"ListItem","position":3,"name":"Selia Pouf"}]},{"@type":"WebSite","@id":"https:\/\/domartstyl.com\/en\/#website","url":"https:\/\/domartstyl.com\/en\/","name":"DomArtStyl","description":"Tworzymy meble najwy\u017cszej jako\u015bci. Sprzeda\u017c detaliczna \u00b7 Sprzeda\u017c hurtowa","publisher":{"@id":"https:\/\/domartstyl.com\/en\/#organization"},"potentialAction":[{"@type":"SearchAction","target":{"@type":"EntryPoint","urlTemplate":"https:\/\/domartstyl.com\/en\/?s={search_term_string}"},"query-input":{"@type":"PropertyValueSpecification","valueRequired":true,"valueName":"search_term_string"}}],"inLanguage":"en-US"},{"@type":"Organization","@id":"https:\/\/domartstyl.com\/en\/#organization","name":"DomArtStyl","url":"https:\/\/domartstyl.com\/en\/","logo":{"@type":"ImageObject","inLanguage":"en-US","@id":"https:\/\/domartstyl.com\/en\/#\/schema\/logo\/image\/","url":"https:\/\/domartstyl.com\/wp-content\/uploads\/2018\/04\/Logo_300_width.png","contentUrl":"https:\/\/domartstyl.com\/wp-content\/uploads\/2018\/04\/Logo_300_width.png","width":300,"height":140,"caption":"DomArtStyl"},"image":{"@id":"https:\/\/domartstyl.com\/en\/#\/schema\/logo\/image\/"},"sameAs":["https:\/\/www.facebook.com\/DomArtStyl\/","https:\/\/x.com\/DomArtStyl_pl","https:\/\/www.instagram.com\/domartstyl\/?hl=en","https:\/\/pl.pinterest.com\/domartstyl01\/","https:\/\/www.youtube.com\/channel\/UCkISSgvMomI6yFFL3JDbLhw"]}]},"product_price_amount":"296.25","product_price_currency":"EUR","og_availability":"instock","product_availability":"instock","product_condition":"new"},"_links":{"self":[{"href":"https:\/\/domartstyl.com\/en\/wp-json\/wp\/v2\/product\/93425","targetHints":{"allow":["GET"]}}],"collection":[{"href":"https:\/\/domartstyl.com\/en\/wp-json\/wp\/v2\/product"}],"about":[{"href":"https:\/\/domartstyl.com\/en\/wp-json\/wp\/v2\/types\/product"}],"replies":[{"embeddable":true,"href":"https:\/\/domartstyl.com\/en\/wp-json\/wp\/v2\/comments?post=93425"}],"wp:featuredmedia":[{"embeddable":true,"href":"https:\/\/domartstyl.com\/en\/wp-json\/wp\/v2\/media\/93427"}],"wp:attachment":[{"href":"https:\/\/domartstyl.com\/en\/wp-json\/wp\/v2\/media?parent=93425"}],"wp:term":[{"taxonomy":"product_brand","embeddable":true,"href":"https:\/\/domartstyl.com\/en\/wp-json\/wp\/v2\/product_brand?post=93425"},{"taxonomy":"product_cat","embeddable":true,"href":"https:\/\/domartstyl.com\/en\/wp-json\/wp\/v2\/product_cat?post=93425"},{"taxonomy":"product_tag","embeddable":true,"href":"https:\/\/domartstyl.com\/en\/wp-json\/wp\/v2\/product_tag?post=93425"}],"curies":[{"name":"wp","href":"https:\/\/api.w.org\/{rel}","templated":true}]}}