{"id":93391,"date":"2025-03-17T09:29:06","date_gmt":"2025-03-17T08:29:06","guid":{"rendered":"https:\/\/domartstyl.com\/?post_type=product&#038;p=93391"},"modified":"2025-05-15T10:56:32","modified_gmt":"2025-05-15T09:56:32","slug":"selia-corner","status":"publish","type":"product","link":"https:\/\/domartstyl.com\/en\/selia-corner\/","title":{"rendered":"Selia Corner"},"content":{"rendered":"<p>The Selia corner module combines elegance, comfort, and versatility, allowing you to create a stylish and customizable sofa that fits perfectly in any modern or classic interior.<\/p>\n","protected":false},"excerpt":{"rendered":"<p data-start=\"0\" data-end=\"38\"><strong data-start=\"0\" data-end=\"36\">Selia Corner \u2013 Comfort and Style<\/strong><\/p>\n<p data-start=\"40\" data-end=\"338\">Create your own arrangements with the Selia modular element! Its elegant design and functionality make it a perfect fit for any interior \u2013 from modern to classic. Thanks to its modular structure, you can freely configure your space, creating a comfortable and stylish sofa tailored to your needs.<\/p>\n<h3 data-start=\"340\" data-end=\"366\"><strong data-start=\"344\" data-end=\"364\">Ultimate Comfort<\/strong><\/h3>\n<ul data-start=\"367\" data-end=\"568\">\n<li data-start=\"367\" data-end=\"428\">Soft seat and ergonomic support provide top-level comfort<\/li>\n<li data-start=\"429\" data-end=\"493\">High-quality upholstery is pleasant to the touch and durable<\/li>\n<li data-start=\"494\" data-end=\"568\">Sturdy and long-lasting construction ensures the furniture\u2019s longevity<\/li>\n<\/ul>\n<h3 data-start=\"570\" data-end=\"606\"><strong data-start=\"574\" data-end=\"604\">Tailor It to Your Interior<\/strong><\/h3>\n<p data-start=\"607\" data-end=\"820\">This element is available in a wide range of colors \u2013 from classic shades of gray and beige to more vibrant hues. This allows you to create a sofa that perfectly complements your interior and enhances its style.<\/p>\n<h3 data-start=\"822\" data-end=\"873\"><strong data-start=\"826\" data-end=\"871\">A Perfect Choice for Various Arrangements<\/strong><\/h3>\n<p data-start=\"874\" data-end=\"1049\">Selia works well in modern, Scandinavian, loft, and elegant glamour spaces. The versatility of this module makes it easy to adapt it to your living room, bedroom, or office.<\/p>\n<p data-start=\"1051\" data-end=\"1229\" data-is-only-node=\"\" data-is-last-node=\"\">Choose the Selia element and enjoy luxurious comfort every day!<\/p>\n","protected":false},"featured_media":93393,"comment_status":"closed","ping_status":"closed","template":"","meta":[],"product_brand":[],"product_cat":[647,39,9043],"product_tag":[],"class_list":{"0":"post-93391","1":"product","2":"type-product","3":"status-publish","4":"has-post-thumbnail","6":"product_cat-newest-products","7":"product_cat-sofas","8":"product_cat-modular-sofas","9":"product_shipping_class-individually-packed-110-120","11":"first","12":"instock","13":"taxable","14":"shipping-taxable","15":"purchasable","16":"product-type-simple"},"yoast_head":"<!-- This site is optimized with the Yoast SEO Premium plugin v25.0 (Yoast SEO v25.0) - https:\/\/yoast.com\/wordpress\/plugins\/seo\/ -->\n<title>Selia Corner \u2013 Comfort and Style<\/title>\n<meta name=\"description\" content=\"The Selia corner module combines elegance, comfort, and versatility, allowing you to create a stylish and customizable sofa that fits perfectly in any modern or classic interior.\" \/>\n<meta name=\"robots\" content=\"index, follow, max-snippet:-1, max-image-preview:large, max-video-preview:-1\" \/>\n<link rel=\"canonical\" href=\"https:\/\/domartstyl.com\/en\/selia-corner\/\" \/>\n<meta property=\"og:locale\" content=\"en_US\" \/>\n<meta property=\"og:type\" content=\"article\" \/>\n<meta property=\"og:title\" content=\"Selia Corner - DomArtStyl\" \/>\n<meta property=\"og:description\" content=\"The Selia corner module combines elegance, comfort, and versatility, allowing you to create a stylish and customizable sofa that fits perfectly in any modern or classic interior.\" \/>\n<meta property=\"og:url\" content=\"https:\/\/domartstyl.com\/en\/selia-corner\/\" \/>\n<meta property=\"og:site_name\" content=\"DomArtStyl\" \/>\n<meta property=\"article:publisher\" content=\"https:\/\/www.facebook.com\/DomArtStyl\/\" \/>\n<meta property=\"article:modified_time\" content=\"2025-05-15T09:56:32+00:00\" \/>\n<meta property=\"og:image\" content=\"https:\/\/domartstyl.com\/wp-content\/uploads\/2025\/03\/rog-selia-abramo7-2-1k.jpg\" \/>\n\t<meta property=\"og:image:width\" content=\"1000\" \/>\n\t<meta property=\"og:image:height\" content=\"1000\" \/>\n\t<meta property=\"og:image:type\" content=\"image\/jpeg\" \/>\n<meta name=\"twitter:card\" content=\"summary_large_image\" \/>\n<meta name=\"twitter:site\" content=\"@DomArtStyl_pl\" \/>\n<meta name=\"twitter:label1\" content=\"Price\" \/>\n\t<meta name=\"twitter:data1\" content=\"&euro;474,00\" \/>\n\t<meta name=\"twitter:label2\" content=\"Availability\" \/>\n\t<meta name=\"twitter:data2\" content=\"In stock\" \/>\n<script type=\"application\/ld+json\" class=\"yoast-schema-graph\">{\"@context\":\"https:\/\/schema.org\",\"@graph\":[{\"@type\":\"WebPage\",\"@id\":\"https:\/\/domartstyl.com\/en\/selia-corner\/\",\"url\":\"https:\/\/domartstyl.com\/en\/selia-corner\/\",\"name\":\"Selia Corner \u2013 Comfort and Style\",\"isPartOf\":{\"@id\":\"https:\/\/domartstyl.com\/en\/#website\"},\"primaryImageOfPage\":{\"@id\":\"https:\/\/domartstyl.com\/en\/selia-corner\/#primaryimage\"},\"image\":{\"@id\":\"https:\/\/domartstyl.com\/en\/selia-corner\/#primaryimage\"},\"thumbnailUrl\":\"https:\/\/domartstyl.com\/wp-content\/uploads\/2025\/03\/rog-selia-abramo7-2-1k.jpg\",\"datePublished\":\"2025-03-17T08:29:06+00:00\",\"dateModified\":\"2025-05-15T09:56:32+00:00\",\"description\":\"The Selia corner module combines elegance, comfort, and versatility, allowing you to create a stylish and customizable sofa that fits perfectly in any modern or classic interior.\",\"breadcrumb\":{\"@id\":\"https:\/\/domartstyl.com\/en\/selia-corner\/#breadcrumb\"},\"inLanguage\":\"en-US\",\"potentialAction\":[{\"@type\":\"ReadAction\",\"target\":[\"https:\/\/domartstyl.com\/en\/selia-corner\/\"]}]},{\"@type\":\"ImageObject\",\"inLanguage\":\"en-US\",\"@id\":\"https:\/\/domartstyl.com\/en\/selia-corner\/#primaryimage\",\"url\":\"https:\/\/domartstyl.com\/wp-content\/uploads\/2025\/03\/rog-selia-abramo7-2-1k.jpg\",\"contentUrl\":\"https:\/\/domartstyl.com\/wp-content\/uploads\/2025\/03\/rog-selia-abramo7-2-1k.jpg\",\"width\":1000,\"height\":1000,\"caption\":\"R\u00f3g Selia\"},{\"@type\":\"BreadcrumbList\",\"@id\":\"https:\/\/domartstyl.com\/en\/selia-corner\/#breadcrumb\",\"itemListElement\":[{\"@type\":\"ListItem\",\"position\":1,\"name\":\"Strona g\u0142\u00f3wna\",\"item\":\"https:\/\/domartstyl.com\/en\/\"},{\"@type\":\"ListItem\",\"position\":2,\"name\":\"Modern Upholstered Furniture\",\"item\":\"https:\/\/domartstyl.com\/en\/furniture\/\"},{\"@type\":\"ListItem\",\"position\":3,\"name\":\"Selia Corner\"}]},{\"@type\":\"WebSite\",\"@id\":\"https:\/\/domartstyl.com\/en\/#website\",\"url\":\"https:\/\/domartstyl.com\/en\/\",\"name\":\"DomArtStyl\",\"description\":\"Tworzymy meble najwy\u017cszej jako\u015bci. Sprzeda\u017c detaliczna \u00b7 Sprzeda\u017c hurtowa\",\"publisher\":{\"@id\":\"https:\/\/domartstyl.com\/en\/#organization\"},\"potentialAction\":[{\"@type\":\"SearchAction\",\"target\":{\"@type\":\"EntryPoint\",\"urlTemplate\":\"https:\/\/domartstyl.com\/en\/?s={search_term_string}\"},\"query-input\":{\"@type\":\"PropertyValueSpecification\",\"valueRequired\":true,\"valueName\":\"search_term_string\"}}],\"inLanguage\":\"en-US\"},{\"@type\":\"Organization\",\"@id\":\"https:\/\/domartstyl.com\/en\/#organization\",\"name\":\"DomArtStyl\",\"url\":\"https:\/\/domartstyl.com\/en\/\",\"logo\":{\"@type\":\"ImageObject\",\"inLanguage\":\"en-US\",\"@id\":\"https:\/\/domartstyl.com\/en\/#\/schema\/logo\/image\/\",\"url\":\"https:\/\/domartstyl.com\/wp-content\/uploads\/2018\/04\/Logo_300_width.png\",\"contentUrl\":\"https:\/\/domartstyl.com\/wp-content\/uploads\/2018\/04\/Logo_300_width.png\",\"width\":300,\"height\":140,\"caption\":\"DomArtStyl\"},\"image\":{\"@id\":\"https:\/\/domartstyl.com\/en\/#\/schema\/logo\/image\/\"},\"sameAs\":[\"https:\/\/www.facebook.com\/DomArtStyl\/\",\"https:\/\/x.com\/DomArtStyl_pl\",\"https:\/\/www.instagram.com\/domartstyl\/?hl=en\",\"https:\/\/pl.pinterest.com\/domartstyl01\/\",\"https:\/\/www.youtube.com\/channel\/UCkISSgvMomI6yFFL3JDbLhw\"]}]}<\/script>\n<meta property=\"product:price:amount\" content=\"474.00\" \/>\n<meta property=\"product:price:currency\" content=\"EUR\" \/>\n<meta property=\"og:availability\" content=\"instock\" \/>\n<meta property=\"product:availability\" content=\"instock\" \/>\n<meta property=\"product:condition\" content=\"new\" \/>\n<!-- \/ Yoast SEO Premium plugin. -->","yoast_head_json":{"title":"Selia Corner \u2013 Comfort and Style","description":"The Selia corner module combines elegance, comfort, and versatility, allowing you to create a stylish and customizable sofa that fits perfectly in any modern or classic interior.","robots":{"index":"index","follow":"follow","max-snippet":"max-snippet:-1","max-image-preview":"max-image-preview:large","max-video-preview":"max-video-preview:-1"},"canonical":"https:\/\/domartstyl.com\/en\/selia-corner\/","og_locale":"en_US","og_type":"article","og_title":"Selia Corner - DomArtStyl","og_description":"The Selia corner module combines elegance, comfort, and versatility, allowing you to create a stylish and customizable sofa that fits perfectly in any modern or classic interior.","og_url":"https:\/\/domartstyl.com\/en\/selia-corner\/","og_site_name":"DomArtStyl","article_publisher":"https:\/\/www.facebook.com\/DomArtStyl\/","article_modified_time":"2025-05-15T09:56:32+00:00","og_image":[{"width":1000,"height":1000,"url":"https:\/\/domartstyl.com\/wp-content\/uploads\/2025\/03\/rog-selia-abramo7-2-1k.jpg","type":"image\/jpeg"}],"twitter_card":"summary_large_image","twitter_site":"@DomArtStyl_pl","twitter_misc":{"Price":"&euro;474,00","Availability":"In stock"},"schema":{"@context":"https:\/\/schema.org","@graph":[{"@type":"WebPage","@id":"https:\/\/domartstyl.com\/en\/selia-corner\/","url":"https:\/\/domartstyl.com\/en\/selia-corner\/","name":"Selia Corner \u2013 Comfort and Style","isPartOf":{"@id":"https:\/\/domartstyl.com\/en\/#website"},"primaryImageOfPage":{"@id":"https:\/\/domartstyl.com\/en\/selia-corner\/#primaryimage"},"image":{"@id":"https:\/\/domartstyl.com\/en\/selia-corner\/#primaryimage"},"thumbnailUrl":"https:\/\/domartstyl.com\/wp-content\/uploads\/2025\/03\/rog-selia-abramo7-2-1k.jpg","datePublished":"2025-03-17T08:29:06+00:00","dateModified":"2025-05-15T09:56:32+00:00","description":"The Selia corner module combines elegance, comfort, and versatility, allowing you to create a stylish and customizable sofa that fits perfectly in any modern or classic interior.","breadcrumb":{"@id":"https:\/\/domartstyl.com\/en\/selia-corner\/#breadcrumb"},"inLanguage":"en-US","potentialAction":[{"@type":"ReadAction","target":["https:\/\/domartstyl.com\/en\/selia-corner\/"]}]},{"@type":"ImageObject","inLanguage":"en-US","@id":"https:\/\/domartstyl.com\/en\/selia-corner\/#primaryimage","url":"https:\/\/domartstyl.com\/wp-content\/uploads\/2025\/03\/rog-selia-abramo7-2-1k.jpg","contentUrl":"https:\/\/domartstyl.com\/wp-content\/uploads\/2025\/03\/rog-selia-abramo7-2-1k.jpg","width":1000,"height":1000,"caption":"R\u00f3g Selia"},{"@type":"BreadcrumbList","@id":"https:\/\/domartstyl.com\/en\/selia-corner\/#breadcrumb","itemListElement":[{"@type":"ListItem","position":1,"name":"Strona g\u0142\u00f3wna","item":"https:\/\/domartstyl.com\/en\/"},{"@type":"ListItem","position":2,"name":"Modern Upholstered Furniture","item":"https:\/\/domartstyl.com\/en\/furniture\/"},{"@type":"ListItem","position":3,"name":"Selia Corner"}]},{"@type":"WebSite","@id":"https:\/\/domartstyl.com\/en\/#website","url":"https:\/\/domartstyl.com\/en\/","name":"DomArtStyl","description":"Tworzymy meble najwy\u017cszej jako\u015bci. Sprzeda\u017c detaliczna \u00b7 Sprzeda\u017c hurtowa","publisher":{"@id":"https:\/\/domartstyl.com\/en\/#organization"},"potentialAction":[{"@type":"SearchAction","target":{"@type":"EntryPoint","urlTemplate":"https:\/\/domartstyl.com\/en\/?s={search_term_string}"},"query-input":{"@type":"PropertyValueSpecification","valueRequired":true,"valueName":"search_term_string"}}],"inLanguage":"en-US"},{"@type":"Organization","@id":"https:\/\/domartstyl.com\/en\/#organization","name":"DomArtStyl","url":"https:\/\/domartstyl.com\/en\/","logo":{"@type":"ImageObject","inLanguage":"en-US","@id":"https:\/\/domartstyl.com\/en\/#\/schema\/logo\/image\/","url":"https:\/\/domartstyl.com\/wp-content\/uploads\/2018\/04\/Logo_300_width.png","contentUrl":"https:\/\/domartstyl.com\/wp-content\/uploads\/2018\/04\/Logo_300_width.png","width":300,"height":140,"caption":"DomArtStyl"},"image":{"@id":"https:\/\/domartstyl.com\/en\/#\/schema\/logo\/image\/"},"sameAs":["https:\/\/www.facebook.com\/DomArtStyl\/","https:\/\/x.com\/DomArtStyl_pl","https:\/\/www.instagram.com\/domartstyl\/?hl=en","https:\/\/pl.pinterest.com\/domartstyl01\/","https:\/\/www.youtube.com\/channel\/UCkISSgvMomI6yFFL3JDbLhw"]}]},"product_price_amount":"474.00","product_price_currency":"EUR","og_availability":"instock","product_availability":"instock","product_condition":"new"},"_links":{"self":[{"href":"https:\/\/domartstyl.com\/en\/wp-json\/wp\/v2\/product\/93391","targetHints":{"allow":["GET"]}}],"collection":[{"href":"https:\/\/domartstyl.com\/en\/wp-json\/wp\/v2\/product"}],"about":[{"href":"https:\/\/domartstyl.com\/en\/wp-json\/wp\/v2\/types\/product"}],"replies":[{"embeddable":true,"href":"https:\/\/domartstyl.com\/en\/wp-json\/wp\/v2\/comments?post=93391"}],"wp:featuredmedia":[{"embeddable":true,"href":"https:\/\/domartstyl.com\/en\/wp-json\/wp\/v2\/media\/93393"}],"wp:attachment":[{"href":"https:\/\/domartstyl.com\/en\/wp-json\/wp\/v2\/media?parent=93391"}],"wp:term":[{"taxonomy":"product_brand","embeddable":true,"href":"https:\/\/domartstyl.com\/en\/wp-json\/wp\/v2\/product_brand?post=93391"},{"taxonomy":"product_cat","embeddable":true,"href":"https:\/\/domartstyl.com\/en\/wp-json\/wp\/v2\/product_cat?post=93391"},{"taxonomy":"product_tag","embeddable":true,"href":"https:\/\/domartstyl.com\/en\/wp-json\/wp\/v2\/product_tag?post=93391"}],"curies":[{"name":"wp","href":"https:\/\/api.w.org\/{rel}","templated":true}]}}