{"id":93307,"date":"2025-03-12T13:57:27","date_gmt":"2025-03-12T12:57:27","guid":{"rendered":"https:\/\/domartstyl.com\/?post_type=product&#038;p=93307"},"modified":"2025-05-19T07:28:56","modified_gmt":"2025-05-19T06:28:56","slug":"new-aveiro-bed","status":"publish","type":"product","link":"https:\/\/domartstyl.com\/en\/new-aveiro-bed\/","title":{"rendered":"AVEIRO BED"},"content":{"rendered":"<p data-start=\"0\" data-end=\"56\"><strong data-start=\"0\" data-end=\"54\">AVEIRO Bed \u2013 Modern Design and Exceptional Comfort<\/strong><\/p>\n<p data-start=\"58\" data-end=\"308\">Are you looking for the perfect bed for your bedroom that will impress with its style and provide you with a comfortable night&#8217;s sleep? The AVEIRO bed is a combination of elegance, modern design, and functionality that will transform your interior.<\/p>\n<h3 data-start=\"310\" data-end=\"356\"><strong data-start=\"314\" data-end=\"354\">Style and Comfort in Perfect Harmony<\/strong><\/h3>\n<p data-start=\"358\" data-end=\"602\">The AVEIRO bed stands out with its subtle, rounded shapes, adding a sense of lightness and coziness to your space. The tall, soft headboard is an ideal solution for those who love to unwind with a book or their favorite series in the evening.<\/p>\n<h3 data-start=\"604\" data-end=\"651\"><strong data-start=\"608\" data-end=\"649\">Thoughtful Solutions for Your Comfort<\/strong><\/h3>\n<p data-start=\"653\" data-end=\"1015\">The AVEIRO bed is not just about stunning looks but also functionality that makes everyday life easier:<br data-start=\"756\" data-end=\"759\" \/>\u2705 <strong data-start=\"761\" data-end=\"777\">Sturdy frame<\/strong> \u2013 a stable construction ensuring long-lasting durability.<br data-start=\"835\" data-end=\"838\" \/>\u2705 <strong data-start=\"840\" data-end=\"868\">Quiet and durable design<\/strong> \u2013 enjoy peaceful sleep without creaking sounds.<br data-start=\"916\" data-end=\"919\" \/>\u2705 <strong data-start=\"921\" data-end=\"938\">Easy assembly<\/strong> \u2013 quick and intuitive setup.<br data-start=\"967\" data-end=\"970\" \/>\u2705 <strong data-start=\"972\" data-end=\"1013\">Perfectly fits a 160&#215;200 cm mattress.<\/strong><\/p>\n<p data-start=\"1017\" data-end=\"1112\" data-is-last-node=\"\" data-is-only-node=\"\">Don\u2019t wait\u2014choose the AVEIRO bed and turn your bedroom into an oasis of style and relaxation! \u2728<\/p>\n","protected":false},"excerpt":{"rendered":"<div class=\"flex max-w-full flex-col flex-grow\">\n<div class=\"min-h-8 text-message relative flex w-full flex-col items-end gap-2 whitespace-normal break-words text-start [.text-message+&amp;]:mt-5\" dir=\"auto\" data-message-author-role=\"assistant\" data-message-id=\"85121510-320d-4488-b4a6-9fdaa779b57e\" data-message-model-slug=\"gpt-4o\">\n<div class=\"flex w-full flex-col gap-1 empty:hidden first:pt-[3px]\">\n<div class=\"markdown prose w-full break-words dark:prose-invert light\">\n<p data-start=\"0\" data-end=\"184\" data-is-last-node=\"\" data-is-only-node=\"\">The AVEIRO bed is a modern bedroom bed that combines elegant design with a comfortable headboard, providing style and comfort at the highest level.<\/p>\n<ul>\n<li data-start=\"0\" data-end=\"184\">The mattress frame is part of the set<\/li>\n<\/ul>\n<\/div>\n<\/div>\n<\/div>\n<\/div>\n","protected":false},"featured_media":92670,"comment_status":"closed","ping_status":"closed","template":"","meta":[],"product_brand":[],"product_cat":[647,9285],"product_tag":[],"class_list":{"0":"post-93307","1":"product","2":"type-product","3":"status-publish","4":"has-post-thumbnail","6":"product_cat-newest-products","7":"product_cat-bedroom-beds","9":"first","10":"instock","11":"taxable","12":"shipping-taxable","13":"purchasable","14":"product-type-simple"},"yoast_head":"<!-- This site is optimized with the Yoast SEO Premium plugin v25.0 (Yoast SEO v25.0) - https:\/\/yoast.com\/wordpress\/plugins\/seo\/ -->\n<title>NEW - AVEIRO BED<\/title>\n<meta name=\"description\" content=\"The AVEIRO bed is a modern bedroom bed that combines elegant design with a comfortable headboard, providing style and comfort at the highest level.\" \/>\n<meta name=\"robots\" content=\"index, follow, max-snippet:-1, max-image-preview:large, max-video-preview:-1\" \/>\n<link rel=\"canonical\" href=\"https:\/\/domartstyl.com\/en\/new-aveiro-bed\/\" \/>\n<meta property=\"og:locale\" content=\"en_US\" \/>\n<meta property=\"og:type\" content=\"article\" \/>\n<meta property=\"og:title\" content=\"AVEIRO BED - DomArtStyl\" \/>\n<meta property=\"og:description\" content=\"The AVEIRO bed is a modern bedroom bed that combines elegant design with a comfortable headboard, providing style and comfort at the highest level.\" \/>\n<meta property=\"og:url\" content=\"https:\/\/domartstyl.com\/en\/new-aveiro-bed\/\" \/>\n<meta property=\"og:site_name\" content=\"DomArtStyl\" \/>\n<meta property=\"article:publisher\" content=\"https:\/\/www.facebook.com\/DomArtStyl\/\" \/>\n<meta property=\"article:modified_time\" content=\"2025-05-19T06:28:56+00:00\" \/>\n<meta property=\"og:image\" content=\"https:\/\/domartstyl.com\/wp-content\/uploads\/2025\/02\/lozko-aveiro-3.jpg\" \/>\n\t<meta property=\"og:image:width\" content=\"1000\" \/>\n\t<meta property=\"og:image:height\" content=\"1000\" \/>\n\t<meta property=\"og:image:type\" content=\"image\/jpeg\" \/>\n<meta name=\"twitter:card\" content=\"summary_large_image\" \/>\n<meta name=\"twitter:site\" content=\"@DomArtStyl_pl\" \/>\n<meta name=\"twitter:label1\" content=\"Price\" \/>\n\t<meta name=\"twitter:data1\" content=\"&euro;714,75\" \/>\n\t<meta name=\"twitter:label2\" content=\"Availability\" \/>\n\t<meta name=\"twitter:data2\" content=\"In stock\" \/>\n<script type=\"application\/ld+json\" class=\"yoast-schema-graph\">{\"@context\":\"https:\/\/schema.org\",\"@graph\":[{\"@type\":\"WebPage\",\"@id\":\"https:\/\/domartstyl.com\/en\/new-aveiro-bed\/\",\"url\":\"https:\/\/domartstyl.com\/en\/new-aveiro-bed\/\",\"name\":\"NEW - AVEIRO BED\",\"isPartOf\":{\"@id\":\"https:\/\/domartstyl.com\/en\/#website\"},\"primaryImageOfPage\":{\"@id\":\"https:\/\/domartstyl.com\/en\/new-aveiro-bed\/#primaryimage\"},\"image\":{\"@id\":\"https:\/\/domartstyl.com\/en\/new-aveiro-bed\/#primaryimage\"},\"thumbnailUrl\":\"https:\/\/domartstyl.com\/wp-content\/uploads\/2025\/02\/lozko-aveiro-3.jpg\",\"datePublished\":\"2025-03-12T12:57:27+00:00\",\"dateModified\":\"2025-05-19T06:28:56+00:00\",\"description\":\"The AVEIRO bed is a modern bedroom bed that combines elegant design with a comfortable headboard, providing style and comfort at the highest level.\",\"breadcrumb\":{\"@id\":\"https:\/\/domartstyl.com\/en\/new-aveiro-bed\/#breadcrumb\"},\"inLanguage\":\"en-US\",\"potentialAction\":[{\"@type\":\"ReadAction\",\"target\":[\"https:\/\/domartstyl.com\/en\/new-aveiro-bed\/\"]}]},{\"@type\":\"ImageObject\",\"inLanguage\":\"en-US\",\"@id\":\"https:\/\/domartstyl.com\/en\/new-aveiro-bed\/#primaryimage\",\"url\":\"https:\/\/domartstyl.com\/wp-content\/uploads\/2025\/02\/lozko-aveiro-3.jpg\",\"contentUrl\":\"https:\/\/domartstyl.com\/wp-content\/uploads\/2025\/02\/lozko-aveiro-3.jpg\",\"width\":1000,\"height\":1000,\"caption\":\"\u0141\u00f3\u017cko tapicerowane AVEIRO\"},{\"@type\":\"BreadcrumbList\",\"@id\":\"https:\/\/domartstyl.com\/en\/new-aveiro-bed\/#breadcrumb\",\"itemListElement\":[{\"@type\":\"ListItem\",\"position\":1,\"name\":\"Strona g\u0142\u00f3wna\",\"item\":\"https:\/\/domartstyl.com\/en\/\"},{\"@type\":\"ListItem\",\"position\":2,\"name\":\"Modern Upholstered Furniture\",\"item\":\"https:\/\/domartstyl.com\/en\/furniture\/\"},{\"@type\":\"ListItem\",\"position\":3,\"name\":\"AVEIRO BED\"}]},{\"@type\":\"WebSite\",\"@id\":\"https:\/\/domartstyl.com\/en\/#website\",\"url\":\"https:\/\/domartstyl.com\/en\/\",\"name\":\"DomArtStyl\",\"description\":\"Tworzymy meble najwy\u017cszej jako\u015bci. Sprzeda\u017c detaliczna \u00b7 Sprzeda\u017c hurtowa\",\"publisher\":{\"@id\":\"https:\/\/domartstyl.com\/en\/#organization\"},\"potentialAction\":[{\"@type\":\"SearchAction\",\"target\":{\"@type\":\"EntryPoint\",\"urlTemplate\":\"https:\/\/domartstyl.com\/en\/?s={search_term_string}\"},\"query-input\":{\"@type\":\"PropertyValueSpecification\",\"valueRequired\":true,\"valueName\":\"search_term_string\"}}],\"inLanguage\":\"en-US\"},{\"@type\":\"Organization\",\"@id\":\"https:\/\/domartstyl.com\/en\/#organization\",\"name\":\"DomArtStyl\",\"url\":\"https:\/\/domartstyl.com\/en\/\",\"logo\":{\"@type\":\"ImageObject\",\"inLanguage\":\"en-US\",\"@id\":\"https:\/\/domartstyl.com\/en\/#\/schema\/logo\/image\/\",\"url\":\"https:\/\/domartstyl.com\/wp-content\/uploads\/2018\/04\/Logo_300_width.png\",\"contentUrl\":\"https:\/\/domartstyl.com\/wp-content\/uploads\/2018\/04\/Logo_300_width.png\",\"width\":300,\"height\":140,\"caption\":\"DomArtStyl\"},\"image\":{\"@id\":\"https:\/\/domartstyl.com\/en\/#\/schema\/logo\/image\/\"},\"sameAs\":[\"https:\/\/www.facebook.com\/DomArtStyl\/\",\"https:\/\/x.com\/DomArtStyl_pl\",\"https:\/\/www.instagram.com\/domartstyl\/?hl=en\",\"https:\/\/pl.pinterest.com\/domartstyl01\/\",\"https:\/\/www.youtube.com\/channel\/UCkISSgvMomI6yFFL3JDbLhw\"]}]}<\/script>\n<meta property=\"product:price:amount\" content=\"714.75\" \/>\n<meta property=\"product:price:currency\" content=\"EUR\" \/>\n<meta property=\"og:availability\" content=\"instock\" \/>\n<meta property=\"product:availability\" content=\"instock\" \/>\n<meta property=\"product:condition\" content=\"new\" \/>\n<!-- \/ Yoast SEO Premium plugin. -->","yoast_head_json":{"title":"NEW - AVEIRO BED","description":"The AVEIRO bed is a modern bedroom bed that combines elegant design with a comfortable headboard, providing style and comfort at the highest level.","robots":{"index":"index","follow":"follow","max-snippet":"max-snippet:-1","max-image-preview":"max-image-preview:large","max-video-preview":"max-video-preview:-1"},"canonical":"https:\/\/domartstyl.com\/en\/new-aveiro-bed\/","og_locale":"en_US","og_type":"article","og_title":"AVEIRO BED - DomArtStyl","og_description":"The AVEIRO bed is a modern bedroom bed that combines elegant design with a comfortable headboard, providing style and comfort at the highest level.","og_url":"https:\/\/domartstyl.com\/en\/new-aveiro-bed\/","og_site_name":"DomArtStyl","article_publisher":"https:\/\/www.facebook.com\/DomArtStyl\/","article_modified_time":"2025-05-19T06:28:56+00:00","og_image":[{"width":1000,"height":1000,"url":"https:\/\/domartstyl.com\/wp-content\/uploads\/2025\/02\/lozko-aveiro-3.jpg","type":"image\/jpeg"}],"twitter_card":"summary_large_image","twitter_site":"@DomArtStyl_pl","twitter_misc":{"Price":"&euro;714,75","Availability":"In stock"},"schema":{"@context":"https:\/\/schema.org","@graph":[{"@type":"WebPage","@id":"https:\/\/domartstyl.com\/en\/new-aveiro-bed\/","url":"https:\/\/domartstyl.com\/en\/new-aveiro-bed\/","name":"NEW - AVEIRO BED","isPartOf":{"@id":"https:\/\/domartstyl.com\/en\/#website"},"primaryImageOfPage":{"@id":"https:\/\/domartstyl.com\/en\/new-aveiro-bed\/#primaryimage"},"image":{"@id":"https:\/\/domartstyl.com\/en\/new-aveiro-bed\/#primaryimage"},"thumbnailUrl":"https:\/\/domartstyl.com\/wp-content\/uploads\/2025\/02\/lozko-aveiro-3.jpg","datePublished":"2025-03-12T12:57:27+00:00","dateModified":"2025-05-19T06:28:56+00:00","description":"The AVEIRO bed is a modern bedroom bed that combines elegant design with a comfortable headboard, providing style and comfort at the highest level.","breadcrumb":{"@id":"https:\/\/domartstyl.com\/en\/new-aveiro-bed\/#breadcrumb"},"inLanguage":"en-US","potentialAction":[{"@type":"ReadAction","target":["https:\/\/domartstyl.com\/en\/new-aveiro-bed\/"]}]},{"@type":"ImageObject","inLanguage":"en-US","@id":"https:\/\/domartstyl.com\/en\/new-aveiro-bed\/#primaryimage","url":"https:\/\/domartstyl.com\/wp-content\/uploads\/2025\/02\/lozko-aveiro-3.jpg","contentUrl":"https:\/\/domartstyl.com\/wp-content\/uploads\/2025\/02\/lozko-aveiro-3.jpg","width":1000,"height":1000,"caption":"\u0141\u00f3\u017cko tapicerowane AVEIRO"},{"@type":"BreadcrumbList","@id":"https:\/\/domartstyl.com\/en\/new-aveiro-bed\/#breadcrumb","itemListElement":[{"@type":"ListItem","position":1,"name":"Strona g\u0142\u00f3wna","item":"https:\/\/domartstyl.com\/en\/"},{"@type":"ListItem","position":2,"name":"Modern Upholstered Furniture","item":"https:\/\/domartstyl.com\/en\/furniture\/"},{"@type":"ListItem","position":3,"name":"AVEIRO BED"}]},{"@type":"WebSite","@id":"https:\/\/domartstyl.com\/en\/#website","url":"https:\/\/domartstyl.com\/en\/","name":"DomArtStyl","description":"Tworzymy meble najwy\u017cszej jako\u015bci. Sprzeda\u017c detaliczna \u00b7 Sprzeda\u017c hurtowa","publisher":{"@id":"https:\/\/domartstyl.com\/en\/#organization"},"potentialAction":[{"@type":"SearchAction","target":{"@type":"EntryPoint","urlTemplate":"https:\/\/domartstyl.com\/en\/?s={search_term_string}"},"query-input":{"@type":"PropertyValueSpecification","valueRequired":true,"valueName":"search_term_string"}}],"inLanguage":"en-US"},{"@type":"Organization","@id":"https:\/\/domartstyl.com\/en\/#organization","name":"DomArtStyl","url":"https:\/\/domartstyl.com\/en\/","logo":{"@type":"ImageObject","inLanguage":"en-US","@id":"https:\/\/domartstyl.com\/en\/#\/schema\/logo\/image\/","url":"https:\/\/domartstyl.com\/wp-content\/uploads\/2018\/04\/Logo_300_width.png","contentUrl":"https:\/\/domartstyl.com\/wp-content\/uploads\/2018\/04\/Logo_300_width.png","width":300,"height":140,"caption":"DomArtStyl"},"image":{"@id":"https:\/\/domartstyl.com\/en\/#\/schema\/logo\/image\/"},"sameAs":["https:\/\/www.facebook.com\/DomArtStyl\/","https:\/\/x.com\/DomArtStyl_pl","https:\/\/www.instagram.com\/domartstyl\/?hl=en","https:\/\/pl.pinterest.com\/domartstyl01\/","https:\/\/www.youtube.com\/channel\/UCkISSgvMomI6yFFL3JDbLhw"]}]},"product_price_amount":"714.75","product_price_currency":"EUR","og_availability":"instock","product_availability":"instock","product_condition":"new"},"_links":{"self":[{"href":"https:\/\/domartstyl.com\/en\/wp-json\/wp\/v2\/product\/93307","targetHints":{"allow":["GET"]}}],"collection":[{"href":"https:\/\/domartstyl.com\/en\/wp-json\/wp\/v2\/product"}],"about":[{"href":"https:\/\/domartstyl.com\/en\/wp-json\/wp\/v2\/types\/product"}],"replies":[{"embeddable":true,"href":"https:\/\/domartstyl.com\/en\/wp-json\/wp\/v2\/comments?post=93307"}],"wp:featuredmedia":[{"embeddable":true,"href":"https:\/\/domartstyl.com\/en\/wp-json\/wp\/v2\/media\/92670"}],"wp:attachment":[{"href":"https:\/\/domartstyl.com\/en\/wp-json\/wp\/v2\/media?parent=93307"}],"wp:term":[{"taxonomy":"product_brand","embeddable":true,"href":"https:\/\/domartstyl.com\/en\/wp-json\/wp\/v2\/product_brand?post=93307"},{"taxonomy":"product_cat","embeddable":true,"href":"https:\/\/domartstyl.com\/en\/wp-json\/wp\/v2\/product_cat?post=93307"},{"taxonomy":"product_tag","embeddable":true,"href":"https:\/\/domartstyl.com\/en\/wp-json\/wp\/v2\/product_tag?post=93307"}],"curies":[{"name":"wp","href":"https:\/\/api.w.org\/{rel}","templated":true}]}}