{"id":93259,"date":"2025-03-07T13:38:42","date_gmt":"2025-03-07T12:38:43","guid":{"rendered":"https:\/\/domartstyl.com\/?post_type=product&#038;p=93259"},"modified":"2025-05-15T10:56:33","modified_gmt":"2025-05-15T09:56:33","slug":"lazy-corner-kopia-3","status":"publish","type":"product","link":"https:\/\/domartstyl.com\/en\/lazy-corner-kopia-3\/","title":{"rendered":"Liza Sofa II, Corner, Armchair"},"content":{"rendered":"<p data-start=\"0\" data-end=\"46\"><strong data-start=\"0\" data-end=\"44\">Liza \u2013 Style, Comfort, and Modern Design<\/strong><\/p>\n<p data-start=\"48\" data-end=\"327\">Are you looking for the perfect lounge sofa that combines elegance with comfort? Liza is an excellent choice for those who appreciate spaciousness and style. Its geometric stitching and elegant piping add a unique character, making it a stunning centerpiece in any living room.<\/p>\n<p data-start=\"329\" data-end=\"630\" data-is-last-node=\"\" data-is-only-node=\"\">Thanks to its versatile design, the Liza sofa pairs beautifully with accessories such as an ottoman or an armchair from the same collection, allowing you to create a harmonious lounge set. Choose comfort and design that will impress your guests and make every moment of relaxation even more enjoyable!<\/p>\n","protected":false},"excerpt":{"rendered":"<div class=\"flex max-w-full flex-col flex-grow\">\n<div class=\"min-h-8 text-message relative flex w-full flex-col items-end gap-2 whitespace-normal break-words text-start [.text-message+&amp;]:mt-5\" dir=\"auto\" data-message-author-role=\"assistant\" data-message-id=\"21212b5c-e65d-4f79-810d-c6f8a8595785\" data-message-model-slug=\"gpt-4o\">\n<div class=\"flex w-full flex-col gap-1 empty:hidden first:pt-[3px]\">\n<div class=\"markdown prose w-full break-words dark:prose-invert light\">\n<p data-start=\"0\" data-end=\"209\" data-is-last-node=\"\" data-is-only-node=\"\">The Liza modular sofa is an elegant and comfortable lounge sofa for the living room, distinguished by its modern design, geometric stitching, and the ability to create a stylish set with an ottoman or armchair.<\/p>\n<\/div>\n<\/div>\n<\/div>\n<\/div>\n","protected":false},"featured_media":93261,"comment_status":"closed","ping_status":"closed","template":"","meta":[],"product_brand":[],"product_cat":[647,39,9043,8874,8161],"product_tag":[],"class_list":{"0":"post-93259","1":"product","2":"type-product","3":"status-publish","4":"has-post-thumbnail","6":"product_cat-newest-products","7":"product_cat-sofas","8":"product_cat-modular-sofas","9":"product_cat-corner-sofas","10":"product_cat-lounge-sets","12":"first","13":"instock","14":"taxable","15":"shipping-taxable","16":"purchasable","17":"product-type-simple"},"yoast_head":"<!-- This site is optimized with the Yoast SEO Premium plugin v25.0 (Yoast SEO v25.0) - https:\/\/yoast.com\/wordpress\/plugins\/seo\/ -->\n<title>Comfortable 2-seater sofa with stitching - DomArtStyl<\/title>\n<meta name=\"description\" content=\"Small two-seater sofa for the living room - comfort and style in a compact form. Ideal for small to compact rooms.\" \/>\n<meta name=\"robots\" content=\"index, follow, max-snippet:-1, max-image-preview:large, max-video-preview:-1\" \/>\n<link rel=\"canonical\" href=\"https:\/\/domartstyl.com\/en\/lazy-corner-kopia-3\/\" \/>\n<meta property=\"og:locale\" content=\"en_US\" \/>\n<meta property=\"og:type\" content=\"article\" \/>\n<meta property=\"og:title\" content=\"Liza Sofa II, Corner, Armchair - DomArtStyl\" \/>\n<meta property=\"og:description\" content=\"Small two-seater sofa for the living room - comfort and style in a compact form. Ideal for small to compact rooms.\" \/>\n<meta property=\"og:url\" content=\"https:\/\/domartstyl.com\/en\/lazy-corner-kopia-3\/\" \/>\n<meta property=\"og:site_name\" content=\"DomArtStyl\" \/>\n<meta property=\"article:publisher\" content=\"https:\/\/www.facebook.com\/DomArtStyl\/\" \/>\n<meta property=\"article:modified_time\" content=\"2025-05-15T09:56:33+00:00\" \/>\n<meta property=\"og:image\" content=\"https:\/\/domartstyl.com\/wp-content\/uploads\/2025\/03\/sofa-modulowa-liza-1-ranger5-1000.jpg\" \/>\n\t<meta property=\"og:image:width\" content=\"1000\" \/>\n\t<meta property=\"og:image:height\" content=\"1000\" \/>\n\t<meta property=\"og:image:type\" content=\"image\/jpeg\" \/>\n<meta name=\"twitter:card\" content=\"summary_large_image\" \/>\n<meta name=\"twitter:site\" content=\"@DomArtStyl_pl\" \/>\n<meta name=\"twitter:label1\" content=\"Price\" \/>\n\t<meta name=\"twitter:data1\" content=\"&euro;1.303,75\" \/>\n\t<meta name=\"twitter:label2\" content=\"Availability\" \/>\n\t<meta name=\"twitter:data2\" content=\"In stock\" \/>\n<script type=\"application\/ld+json\" class=\"yoast-schema-graph\">{\"@context\":\"https:\/\/schema.org\",\"@graph\":[{\"@type\":\"WebPage\",\"@id\":\"https:\/\/domartstyl.com\/en\/lazy-corner-kopia-3\/\",\"url\":\"https:\/\/domartstyl.com\/en\/lazy-corner-kopia-3\/\",\"name\":\"Comfortable 2-seater sofa with stitching - DomArtStyl\",\"isPartOf\":{\"@id\":\"https:\/\/domartstyl.com\/en\/#website\"},\"primaryImageOfPage\":{\"@id\":\"https:\/\/domartstyl.com\/en\/lazy-corner-kopia-3\/#primaryimage\"},\"image\":{\"@id\":\"https:\/\/domartstyl.com\/en\/lazy-corner-kopia-3\/#primaryimage\"},\"thumbnailUrl\":\"https:\/\/domartstyl.com\/wp-content\/uploads\/2025\/03\/sofa-modulowa-liza-1-ranger5-1000.jpg\",\"datePublished\":\"2025-03-07T12:38:43+00:00\",\"dateModified\":\"2025-05-15T09:56:33+00:00\",\"description\":\"Small two-seater sofa for the living room - comfort and style in a compact form. Ideal for small to compact rooms.\",\"breadcrumb\":{\"@id\":\"https:\/\/domartstyl.com\/en\/lazy-corner-kopia-3\/#breadcrumb\"},\"inLanguage\":\"en-US\",\"potentialAction\":[{\"@type\":\"ReadAction\",\"target\":[\"https:\/\/domartstyl.com\/en\/lazy-corner-kopia-3\/\"]}]},{\"@type\":\"ImageObject\",\"inLanguage\":\"en-US\",\"@id\":\"https:\/\/domartstyl.com\/en\/lazy-corner-kopia-3\/#primaryimage\",\"url\":\"https:\/\/domartstyl.com\/wp-content\/uploads\/2025\/03\/sofa-modulowa-liza-1-ranger5-1000.jpg\",\"contentUrl\":\"https:\/\/domartstyl.com\/wp-content\/uploads\/2025\/03\/sofa-modulowa-liza-1-ranger5-1000.jpg\",\"width\":1000,\"height\":1000,\"caption\":\"Naro\u017cnik Liza - DomArtStyl\"},{\"@type\":\"BreadcrumbList\",\"@id\":\"https:\/\/domartstyl.com\/en\/lazy-corner-kopia-3\/#breadcrumb\",\"itemListElement\":[{\"@type\":\"ListItem\",\"position\":1,\"name\":\"Strona g\u0142\u00f3wna\",\"item\":\"https:\/\/domartstyl.com\/en\/\"},{\"@type\":\"ListItem\",\"position\":2,\"name\":\"Modern Upholstered Furniture\",\"item\":\"https:\/\/domartstyl.com\/en\/furniture\/\"},{\"@type\":\"ListItem\",\"position\":3,\"name\":\"Liza Sofa II, Corner, Armchair\"}]},{\"@type\":\"WebSite\",\"@id\":\"https:\/\/domartstyl.com\/en\/#website\",\"url\":\"https:\/\/domartstyl.com\/en\/\",\"name\":\"DomArtStyl\",\"description\":\"Tworzymy meble najwy\u017cszej jako\u015bci. Sprzeda\u017c detaliczna \u00b7 Sprzeda\u017c hurtowa\",\"publisher\":{\"@id\":\"https:\/\/domartstyl.com\/en\/#organization\"},\"potentialAction\":[{\"@type\":\"SearchAction\",\"target\":{\"@type\":\"EntryPoint\",\"urlTemplate\":\"https:\/\/domartstyl.com\/en\/?s={search_term_string}\"},\"query-input\":{\"@type\":\"PropertyValueSpecification\",\"valueRequired\":true,\"valueName\":\"search_term_string\"}}],\"inLanguage\":\"en-US\"},{\"@type\":\"Organization\",\"@id\":\"https:\/\/domartstyl.com\/en\/#organization\",\"name\":\"DomArtStyl\",\"url\":\"https:\/\/domartstyl.com\/en\/\",\"logo\":{\"@type\":\"ImageObject\",\"inLanguage\":\"en-US\",\"@id\":\"https:\/\/domartstyl.com\/en\/#\/schema\/logo\/image\/\",\"url\":\"https:\/\/domartstyl.com\/wp-content\/uploads\/2018\/04\/Logo_300_width.png\",\"contentUrl\":\"https:\/\/domartstyl.com\/wp-content\/uploads\/2018\/04\/Logo_300_width.png\",\"width\":300,\"height\":140,\"caption\":\"DomArtStyl\"},\"image\":{\"@id\":\"https:\/\/domartstyl.com\/en\/#\/schema\/logo\/image\/\"},\"sameAs\":[\"https:\/\/www.facebook.com\/DomArtStyl\/\",\"https:\/\/x.com\/DomArtStyl_pl\",\"https:\/\/www.instagram.com\/domartstyl\/?hl=en\",\"https:\/\/pl.pinterest.com\/domartstyl01\/\",\"https:\/\/www.youtube.com\/channel\/UCkISSgvMomI6yFFL3JDbLhw\"]}]}<\/script>\n<meta property=\"product:price:amount\" content=\"1303.75\" \/>\n<meta property=\"product:price:currency\" content=\"EUR\" \/>\n<meta property=\"og:availability\" content=\"instock\" \/>\n<meta property=\"product:availability\" content=\"instock\" \/>\n<meta property=\"product:condition\" content=\"new\" \/>\n<!-- \/ Yoast SEO Premium plugin. -->","yoast_head_json":{"title":"Comfortable 2-seater sofa with stitching - DomArtStyl","description":"Small two-seater sofa for the living room - comfort and style in a compact form. Ideal for small to compact rooms.","robots":{"index":"index","follow":"follow","max-snippet":"max-snippet:-1","max-image-preview":"max-image-preview:large","max-video-preview":"max-video-preview:-1"},"canonical":"https:\/\/domartstyl.com\/en\/lazy-corner-kopia-3\/","og_locale":"en_US","og_type":"article","og_title":"Liza Sofa II, Corner, Armchair - DomArtStyl","og_description":"Small two-seater sofa for the living room - comfort and style in a compact form. Ideal for small to compact rooms.","og_url":"https:\/\/domartstyl.com\/en\/lazy-corner-kopia-3\/","og_site_name":"DomArtStyl","article_publisher":"https:\/\/www.facebook.com\/DomArtStyl\/","article_modified_time":"2025-05-15T09:56:33+00:00","og_image":[{"width":1000,"height":1000,"url":"https:\/\/domartstyl.com\/wp-content\/uploads\/2025\/03\/sofa-modulowa-liza-1-ranger5-1000.jpg","type":"image\/jpeg"}],"twitter_card":"summary_large_image","twitter_site":"@DomArtStyl_pl","twitter_misc":{"Price":"&euro;1.303,75","Availability":"In stock"},"schema":{"@context":"https:\/\/schema.org","@graph":[{"@type":"WebPage","@id":"https:\/\/domartstyl.com\/en\/lazy-corner-kopia-3\/","url":"https:\/\/domartstyl.com\/en\/lazy-corner-kopia-3\/","name":"Comfortable 2-seater sofa with stitching - DomArtStyl","isPartOf":{"@id":"https:\/\/domartstyl.com\/en\/#website"},"primaryImageOfPage":{"@id":"https:\/\/domartstyl.com\/en\/lazy-corner-kopia-3\/#primaryimage"},"image":{"@id":"https:\/\/domartstyl.com\/en\/lazy-corner-kopia-3\/#primaryimage"},"thumbnailUrl":"https:\/\/domartstyl.com\/wp-content\/uploads\/2025\/03\/sofa-modulowa-liza-1-ranger5-1000.jpg","datePublished":"2025-03-07T12:38:43+00:00","dateModified":"2025-05-15T09:56:33+00:00","description":"Small two-seater sofa for the living room - comfort and style in a compact form. Ideal for small to compact rooms.","breadcrumb":{"@id":"https:\/\/domartstyl.com\/en\/lazy-corner-kopia-3\/#breadcrumb"},"inLanguage":"en-US","potentialAction":[{"@type":"ReadAction","target":["https:\/\/domartstyl.com\/en\/lazy-corner-kopia-3\/"]}]},{"@type":"ImageObject","inLanguage":"en-US","@id":"https:\/\/domartstyl.com\/en\/lazy-corner-kopia-3\/#primaryimage","url":"https:\/\/domartstyl.com\/wp-content\/uploads\/2025\/03\/sofa-modulowa-liza-1-ranger5-1000.jpg","contentUrl":"https:\/\/domartstyl.com\/wp-content\/uploads\/2025\/03\/sofa-modulowa-liza-1-ranger5-1000.jpg","width":1000,"height":1000,"caption":"Naro\u017cnik Liza - DomArtStyl"},{"@type":"BreadcrumbList","@id":"https:\/\/domartstyl.com\/en\/lazy-corner-kopia-3\/#breadcrumb","itemListElement":[{"@type":"ListItem","position":1,"name":"Strona g\u0142\u00f3wna","item":"https:\/\/domartstyl.com\/en\/"},{"@type":"ListItem","position":2,"name":"Modern Upholstered Furniture","item":"https:\/\/domartstyl.com\/en\/furniture\/"},{"@type":"ListItem","position":3,"name":"Liza Sofa II, Corner, Armchair"}]},{"@type":"WebSite","@id":"https:\/\/domartstyl.com\/en\/#website","url":"https:\/\/domartstyl.com\/en\/","name":"DomArtStyl","description":"Tworzymy meble najwy\u017cszej jako\u015bci. Sprzeda\u017c detaliczna \u00b7 Sprzeda\u017c hurtowa","publisher":{"@id":"https:\/\/domartstyl.com\/en\/#organization"},"potentialAction":[{"@type":"SearchAction","target":{"@type":"EntryPoint","urlTemplate":"https:\/\/domartstyl.com\/en\/?s={search_term_string}"},"query-input":{"@type":"PropertyValueSpecification","valueRequired":true,"valueName":"search_term_string"}}],"inLanguage":"en-US"},{"@type":"Organization","@id":"https:\/\/domartstyl.com\/en\/#organization","name":"DomArtStyl","url":"https:\/\/domartstyl.com\/en\/","logo":{"@type":"ImageObject","inLanguage":"en-US","@id":"https:\/\/domartstyl.com\/en\/#\/schema\/logo\/image\/","url":"https:\/\/domartstyl.com\/wp-content\/uploads\/2018\/04\/Logo_300_width.png","contentUrl":"https:\/\/domartstyl.com\/wp-content\/uploads\/2018\/04\/Logo_300_width.png","width":300,"height":140,"caption":"DomArtStyl"},"image":{"@id":"https:\/\/domartstyl.com\/en\/#\/schema\/logo\/image\/"},"sameAs":["https:\/\/www.facebook.com\/DomArtStyl\/","https:\/\/x.com\/DomArtStyl_pl","https:\/\/www.instagram.com\/domartstyl\/?hl=en","https:\/\/pl.pinterest.com\/domartstyl01\/","https:\/\/www.youtube.com\/channel\/UCkISSgvMomI6yFFL3JDbLhw"]}]},"product_price_amount":"1303.75","product_price_currency":"EUR","og_availability":"instock","product_availability":"instock","product_condition":"new"},"_links":{"self":[{"href":"https:\/\/domartstyl.com\/en\/wp-json\/wp\/v2\/product\/93259","targetHints":{"allow":["GET"]}}],"collection":[{"href":"https:\/\/domartstyl.com\/en\/wp-json\/wp\/v2\/product"}],"about":[{"href":"https:\/\/domartstyl.com\/en\/wp-json\/wp\/v2\/types\/product"}],"replies":[{"embeddable":true,"href":"https:\/\/domartstyl.com\/en\/wp-json\/wp\/v2\/comments?post=93259"}],"wp:featuredmedia":[{"embeddable":true,"href":"https:\/\/domartstyl.com\/en\/wp-json\/wp\/v2\/media\/93261"}],"wp:attachment":[{"href":"https:\/\/domartstyl.com\/en\/wp-json\/wp\/v2\/media?parent=93259"}],"wp:term":[{"taxonomy":"product_brand","embeddable":true,"href":"https:\/\/domartstyl.com\/en\/wp-json\/wp\/v2\/product_brand?post=93259"},{"taxonomy":"product_cat","embeddable":true,"href":"https:\/\/domartstyl.com\/en\/wp-json\/wp\/v2\/product_cat?post=93259"},{"taxonomy":"product_tag","embeddable":true,"href":"https:\/\/domartstyl.com\/en\/wp-json\/wp\/v2\/product_tag?post=93259"}],"curies":[{"name":"wp","href":"https:\/\/api.w.org\/{rel}","templated":true}]}}