{"id":93040,"date":"2025-02-24T12:20:52","date_gmt":"2025-02-24T11:20:53","guid":{"rendered":"https:\/\/domartstyl.com\/?post_type=product&#038;p=93040"},"modified":"2025-05-15T10:56:35","modified_gmt":"2025-05-15T09:56:35","slug":"grand-mini-pouf","status":"publish","type":"product","link":"https:\/\/domartstyl.com\/en\/grand-mini-pouf\/","title":{"rendered":"Grand Mini Pouf"},"content":{"rendered":"<h3 data-start=\"0\" data-end=\"68\"><strong data-start=\"4\" data-end=\"66\">Grand Mini Pouf \u2013 Style, Comfort, and Functionality in One<\/strong><\/h3>\n<p data-start=\"70\" data-end=\"498\">The <strong data-start=\"74\" data-end=\"93\">Grand Mini pouf<\/strong> is the perfect combination of comfort, aesthetics, and functionality, making it an excellent addition to a living room, bedroom, hallway, or elegant commercial spaces such as caf\u00e9s and waiting areas. Its compact size allows for easy placement even in small spaces. This practical piece of furniture serves as a comfortable resting spot, an additional seat, a footrest, or an elegant decorative element.<\/p>\n<hr data-start=\"500\" data-end=\"503\" \/>\n<h3 data-start=\"505\" data-end=\"531\"><strong data-start=\"509\" data-end=\"529\">Product Features<\/strong><\/h3>\n<p data-start=\"532\" data-end=\"846\">&#x2714; <strong data-start=\"534\" data-end=\"556\">Solid construction<\/strong> \u2013 stable and durable base ensures long-lasting use.<br data-start=\"608\" data-end=\"611\" \/>&#x2714; <strong data-start=\"613\" data-end=\"626\">Soft seat<\/strong> \u2013 comfortable filling provides superior comfort even during extended use.<br data-start=\"700\" data-end=\"703\" \/>&#x2714; <strong data-start=\"705\" data-end=\"721\">Compact size<\/strong> \u2013 ideal for both small and large spaces.<br data-start=\"762\" data-end=\"765\" \/>&#x2714; <strong data-start=\"767\" data-end=\"787\">Versatile design<\/strong> \u2013 complements modern, classic, and industrial interiors.<\/p>\n<h3 data-start=\"848\" data-end=\"874\"><strong data-start=\"852\" data-end=\"872\">Product Benefits<\/strong><\/h3>\n<p data-start=\"875\" data-end=\"1210\">&#x2714; <strong data-start=\"877\" data-end=\"899\">Multifunctionality<\/strong> \u2013 can be used as a seat, footrest, or decorative piece.<br data-start=\"955\" data-end=\"958\" \/>&#x2714; <strong data-start=\"960\" data-end=\"972\">Mobility<\/strong> \u2013 lightweight structure makes it easy to move between rooms.<br data-start=\"1033\" data-end=\"1036\" \/>&#x2714; <strong data-start=\"1038\" data-end=\"1058\">Easy maintenance<\/strong> \u2013 high-quality fabrics are resistant to stains and easy to clean.<br data-start=\"1124\" data-end=\"1127\" \/>&#x2714; <strong data-start=\"1129\" data-end=\"1151\">Stylish appearance<\/strong> \u2013 elegant finish enhances the character of any interior.<\/p>\n<hr data-start=\"1212\" data-end=\"1215\" \/>\n<h3 data-start=\"1217\" data-end=\"1260\"><strong data-start=\"1221\" data-end=\"1258\">What Fabric Colors Are Available?<\/strong><\/h3>\n<p data-start=\"1261\" data-end=\"1645\">The <strong data-start=\"1265\" data-end=\"1284\">Grand Mini pouf<\/strong> is available in dozens of color variations, including classic shades of black, gray, and white, as well as warm tones of beige, orange, and olive green. The collection also features muted browns, subtle purples, and deep shades of navy blue and light blue. This wide selection allows you to perfectly match the pouf to your interior, regardless of its style.<\/p>\n<hr data-start=\"1647\" data-end=\"1650\" \/>\n<h3 data-start=\"1652\" data-end=\"1686\"><strong data-start=\"1656\" data-end=\"1684\">Is the Pouf Comfortable?<\/strong><\/h3>\n<p data-start=\"1687\" data-end=\"1955\">The <strong data-start=\"1691\" data-end=\"1710\">Grand Mini pouf<\/strong> is designed with maximum user comfort in mind. Its soft filling adapts to the shape of the body, making it perfect as an additional seat or a cozy footrest. The ergonomic design ensures stability while allowing for relaxation in any position.<\/p>\n<hr data-start=\"1957\" data-end=\"1960\" \/>\n<h3 data-start=\"1962\" data-end=\"1998\"><strong data-start=\"1966\" data-end=\"1996\">Polish Design, Top Quality<\/strong><\/h3>\n<p data-start=\"1999\" data-end=\"2352\">The <strong data-start=\"2003\" data-end=\"2022\">Grand Mini pouf<\/strong> is the result of Polish designers&#8217; work, blending modern aesthetics with attention to detail and durability. Made from high-quality materials, it meets the expectations of even the most demanding users. Precise craftsmanship and a solid structure ensure long-lasting reliability, making this pouf a timeless piece of furniture.<\/p>\n<hr data-start=\"2354\" data-end=\"2357\" \/>\n<h3 data-start=\"2359\" data-end=\"2400\"><strong data-start=\"2363\" data-end=\"2398\">Why Choose the Grand Mini Pouf?<\/strong><\/h3>\n<p data-start=\"2401\" data-end=\"2731\">&#x2714; <strong data-start=\"2403\" data-end=\"2418\">Versatility<\/strong> \u2013 perfect for the living room, bedroom, hallway, office, or commercial spaces.<br data-start=\"2497\" data-end=\"2500\" \/>&#x2714; <strong data-start=\"2502\" data-end=\"2518\">Practicality<\/strong> \u2013 functions as a seat, footrest, or decorative accent.<br data-start=\"2573\" data-end=\"2576\" \/>&#x2714; <strong data-start=\"2578\" data-end=\"2595\">Modern design<\/strong> \u2013 minimalist shape fits various interior styles.<br data-start=\"2644\" data-end=\"2647\" \/>&#x2714; <strong data-start=\"2649\" data-end=\"2667\">Polish quality<\/strong> \u2013 solid craftsmanship and premium materials ensure longevity.<\/p>\n<hr data-start=\"2733\" data-end=\"2736\" \/>\n<h3 data-start=\"2738\" data-end=\"2773\"><strong data-start=\"2742\" data-end=\"2771\">Arrangement Possibilities<\/strong><\/h3>\n<p data-start=\"2774\" data-end=\"3166\">Thanks to its elegant appearance and compact dimensions, the <strong data-start=\"2835\" data-end=\"2854\">Grand Mini pouf<\/strong> pairs beautifully with sofas, armchairs, and other interior furnishings. It perfectly suits modern, Scandinavian, classic, and loft-style spaces. Whether used as a functional addition to a living room or a decorative accent in a stylish hallway, this pouf enhances any interior with elegance and practicality.<\/p>\n","protected":false},"excerpt":{"rendered":"<p>The <strong data-start=\"4\" data-end=\"23\">Grand Mini pouf<\/strong> is a compact and elegant seat, perfect for the living room, bedroom, office, and commercial spaces. Its soft filling, solid construction, and modern design ensure both comfort and an attractive appearance. Available in a wide range of colors, it will seamlessly complement your interior.<\/p>\n","protected":false},"featured_media":93042,"comment_status":"closed","ping_status":"closed","template":"","meta":[],"product_brand":[],"product_cat":[38,8161],"product_tag":[],"class_list":{"0":"post-93040","1":"product","2":"type-product","3":"status-publish","4":"has-post-thumbnail","6":"product_cat-poufs","7":"product_cat-lounge-sets","8":"product_shipping_class-pakowane-pojedynczo-30-40-en","10":"first","11":"instock","12":"taxable","13":"shipping-taxable","14":"purchasable","15":"product-type-simple"},"yoast_head":"<!-- This site is optimized with the Yoast SEO Premium plugin v25.0 (Yoast SEO v25.0) - https:\/\/yoast.com\/wordpress\/plugins\/seo\/ -->\n<title>Grand Mini Pouf \u2013 Style, Comfort, and Functionality in One<\/title>\n<meta name=\"description\" content=\"Grand Modular Sofa made in a glamor style. Made of the highest quality materials, it The Grand Mini pouf is a compact and elegant seat, perfect for the living room, bedroom, office, and commercial spaces. Its soft filling, solid construction, and modern design ensure both comfort and an attractive appearance.\" \/>\n<meta name=\"robots\" content=\"index, follow, max-snippet:-1, max-image-preview:large, max-video-preview:-1\" \/>\n<link rel=\"canonical\" href=\"https:\/\/domartstyl.com\/en\/grand-mini-pouf\/\" \/>\n<meta property=\"og:locale\" content=\"en_US\" \/>\n<meta property=\"og:type\" content=\"article\" \/>\n<meta property=\"og:title\" content=\"Grand Mini Pouf - DomArtStyl\" \/>\n<meta property=\"og:description\" content=\"Grand Modular Sofa made in a glamor style. Made of the highest quality materials, it The Grand Mini pouf is a compact and elegant seat, perfect for the living room, bedroom, office, and commercial spaces. Its soft filling, solid construction, and modern design ensure both comfort and an attractive appearance.\" \/>\n<meta property=\"og:url\" content=\"https:\/\/domartstyl.com\/en\/grand-mini-pouf\/\" \/>\n<meta property=\"og:site_name\" content=\"DomArtStyl\" \/>\n<meta property=\"article:publisher\" content=\"https:\/\/www.facebook.com\/DomArtStyl\/\" \/>\n<meta property=\"article:modified_time\" content=\"2025-05-15T09:56:35+00:00\" \/>\n<meta property=\"og:image\" content=\"https:\/\/domartstyl.com\/wp-content\/uploads\/2025\/02\/pufa-grand2-riviera51-4.jpg\" \/>\n\t<meta property=\"og:image:width\" content=\"1000\" \/>\n\t<meta property=\"og:image:height\" content=\"1000\" \/>\n\t<meta property=\"og:image:type\" content=\"image\/jpeg\" \/>\n<meta name=\"twitter:card\" content=\"summary_large_image\" \/>\n<meta name=\"twitter:site\" content=\"@DomArtStyl_pl\" \/>\n<meta name=\"twitter:label1\" content=\"Price\" \/>\n\t<meta name=\"twitter:data1\" content=\"&euro;212,50\" \/>\n\t<meta name=\"twitter:label2\" content=\"Availability\" \/>\n\t<meta name=\"twitter:data2\" content=\"In stock\" \/>\n<script type=\"application\/ld+json\" class=\"yoast-schema-graph\">{\"@context\":\"https:\/\/schema.org\",\"@graph\":[{\"@type\":\"WebPage\",\"@id\":\"https:\/\/domartstyl.com\/en\/grand-mini-pouf\/\",\"url\":\"https:\/\/domartstyl.com\/en\/grand-mini-pouf\/\",\"name\":\"Grand Mini Pouf \u2013 Style, Comfort, and Functionality in One\",\"isPartOf\":{\"@id\":\"https:\/\/domartstyl.com\/en\/#website\"},\"primaryImageOfPage\":{\"@id\":\"https:\/\/domartstyl.com\/en\/grand-mini-pouf\/#primaryimage\"},\"image\":{\"@id\":\"https:\/\/domartstyl.com\/en\/grand-mini-pouf\/#primaryimage\"},\"thumbnailUrl\":\"https:\/\/domartstyl.com\/wp-content\/uploads\/2025\/02\/pufa-grand2-riviera51-4.jpg\",\"datePublished\":\"2025-02-24T11:20:53+00:00\",\"dateModified\":\"2025-05-15T09:56:35+00:00\",\"description\":\"Grand Modular Sofa made in a glamor style. Made of the highest quality materials, it The Grand Mini pouf is a compact and elegant seat, perfect for the living room, bedroom, office, and commercial spaces. Its soft filling, solid construction, and modern design ensure both comfort and an attractive appearance.\",\"breadcrumb\":{\"@id\":\"https:\/\/domartstyl.com\/en\/grand-mini-pouf\/#breadcrumb\"},\"inLanguage\":\"en-US\",\"potentialAction\":[{\"@type\":\"ReadAction\",\"target\":[\"https:\/\/domartstyl.com\/en\/grand-mini-pouf\/\"]}]},{\"@type\":\"ImageObject\",\"inLanguage\":\"en-US\",\"@id\":\"https:\/\/domartstyl.com\/en\/grand-mini-pouf\/#primaryimage\",\"url\":\"https:\/\/domartstyl.com\/wp-content\/uploads\/2025\/02\/pufa-grand2-riviera51-4.jpg\",\"contentUrl\":\"https:\/\/domartstyl.com\/wp-content\/uploads\/2025\/02\/pufa-grand2-riviera51-4.jpg\",\"width\":1000,\"height\":1000,\"caption\":\"Pufa Grand Mini - Stylowy Design\"},{\"@type\":\"BreadcrumbList\",\"@id\":\"https:\/\/domartstyl.com\/en\/grand-mini-pouf\/#breadcrumb\",\"itemListElement\":[{\"@type\":\"ListItem\",\"position\":1,\"name\":\"Strona g\u0142\u00f3wna\",\"item\":\"https:\/\/domartstyl.com\/en\/\"},{\"@type\":\"ListItem\",\"position\":2,\"name\":\"Modern Upholstered Furniture\",\"item\":\"https:\/\/domartstyl.com\/en\/furniture\/\"},{\"@type\":\"ListItem\",\"position\":3,\"name\":\"Grand Mini Pouf\"}]},{\"@type\":\"WebSite\",\"@id\":\"https:\/\/domartstyl.com\/en\/#website\",\"url\":\"https:\/\/domartstyl.com\/en\/\",\"name\":\"DomArtStyl\",\"description\":\"Tworzymy meble najwy\u017cszej jako\u015bci. Sprzeda\u017c detaliczna \u00b7 Sprzeda\u017c hurtowa\",\"publisher\":{\"@id\":\"https:\/\/domartstyl.com\/en\/#organization\"},\"potentialAction\":[{\"@type\":\"SearchAction\",\"target\":{\"@type\":\"EntryPoint\",\"urlTemplate\":\"https:\/\/domartstyl.com\/en\/?s={search_term_string}\"},\"query-input\":{\"@type\":\"PropertyValueSpecification\",\"valueRequired\":true,\"valueName\":\"search_term_string\"}}],\"inLanguage\":\"en-US\"},{\"@type\":\"Organization\",\"@id\":\"https:\/\/domartstyl.com\/en\/#organization\",\"name\":\"DomArtStyl\",\"url\":\"https:\/\/domartstyl.com\/en\/\",\"logo\":{\"@type\":\"ImageObject\",\"inLanguage\":\"en-US\",\"@id\":\"https:\/\/domartstyl.com\/en\/#\/schema\/logo\/image\/\",\"url\":\"https:\/\/domartstyl.com\/wp-content\/uploads\/2018\/04\/Logo_300_width.png\",\"contentUrl\":\"https:\/\/domartstyl.com\/wp-content\/uploads\/2018\/04\/Logo_300_width.png\",\"width\":300,\"height\":140,\"caption\":\"DomArtStyl\"},\"image\":{\"@id\":\"https:\/\/domartstyl.com\/en\/#\/schema\/logo\/image\/\"},\"sameAs\":[\"https:\/\/www.facebook.com\/DomArtStyl\/\",\"https:\/\/x.com\/DomArtStyl_pl\",\"https:\/\/www.instagram.com\/domartstyl\/?hl=en\",\"https:\/\/pl.pinterest.com\/domartstyl01\/\",\"https:\/\/www.youtube.com\/channel\/UCkISSgvMomI6yFFL3JDbLhw\"]}]}<\/script>\n<meta property=\"product:price:amount\" content=\"212.50\" \/>\n<meta property=\"product:price:currency\" content=\"EUR\" \/>\n<meta property=\"og:availability\" content=\"instock\" \/>\n<meta property=\"product:availability\" content=\"instock\" \/>\n<meta property=\"product:condition\" content=\"new\" \/>\n<!-- \/ Yoast SEO Premium plugin. -->","yoast_head_json":{"title":"Grand Mini Pouf \u2013 Style, Comfort, and Functionality in One","description":"Grand Modular Sofa made in a glamor style. Made of the highest quality materials, it The Grand Mini pouf is a compact and elegant seat, perfect for the living room, bedroom, office, and commercial spaces. Its soft filling, solid construction, and modern design ensure both comfort and an attractive appearance.","robots":{"index":"index","follow":"follow","max-snippet":"max-snippet:-1","max-image-preview":"max-image-preview:large","max-video-preview":"max-video-preview:-1"},"canonical":"https:\/\/domartstyl.com\/en\/grand-mini-pouf\/","og_locale":"en_US","og_type":"article","og_title":"Grand Mini Pouf - DomArtStyl","og_description":"Grand Modular Sofa made in a glamor style. Made of the highest quality materials, it The Grand Mini pouf is a compact and elegant seat, perfect for the living room, bedroom, office, and commercial spaces. Its soft filling, solid construction, and modern design ensure both comfort and an attractive appearance.","og_url":"https:\/\/domartstyl.com\/en\/grand-mini-pouf\/","og_site_name":"DomArtStyl","article_publisher":"https:\/\/www.facebook.com\/DomArtStyl\/","article_modified_time":"2025-05-15T09:56:35+00:00","og_image":[{"width":1000,"height":1000,"url":"https:\/\/domartstyl.com\/wp-content\/uploads\/2025\/02\/pufa-grand2-riviera51-4.jpg","type":"image\/jpeg"}],"twitter_card":"summary_large_image","twitter_site":"@DomArtStyl_pl","twitter_misc":{"Price":"&euro;212,50","Availability":"In stock"},"schema":{"@context":"https:\/\/schema.org","@graph":[{"@type":"WebPage","@id":"https:\/\/domartstyl.com\/en\/grand-mini-pouf\/","url":"https:\/\/domartstyl.com\/en\/grand-mini-pouf\/","name":"Grand Mini Pouf \u2013 Style, Comfort, and Functionality in One","isPartOf":{"@id":"https:\/\/domartstyl.com\/en\/#website"},"primaryImageOfPage":{"@id":"https:\/\/domartstyl.com\/en\/grand-mini-pouf\/#primaryimage"},"image":{"@id":"https:\/\/domartstyl.com\/en\/grand-mini-pouf\/#primaryimage"},"thumbnailUrl":"https:\/\/domartstyl.com\/wp-content\/uploads\/2025\/02\/pufa-grand2-riviera51-4.jpg","datePublished":"2025-02-24T11:20:53+00:00","dateModified":"2025-05-15T09:56:35+00:00","description":"Grand Modular Sofa made in a glamor style. Made of the highest quality materials, it The Grand Mini pouf is a compact and elegant seat, perfect for the living room, bedroom, office, and commercial spaces. Its soft filling, solid construction, and modern design ensure both comfort and an attractive appearance.","breadcrumb":{"@id":"https:\/\/domartstyl.com\/en\/grand-mini-pouf\/#breadcrumb"},"inLanguage":"en-US","potentialAction":[{"@type":"ReadAction","target":["https:\/\/domartstyl.com\/en\/grand-mini-pouf\/"]}]},{"@type":"ImageObject","inLanguage":"en-US","@id":"https:\/\/domartstyl.com\/en\/grand-mini-pouf\/#primaryimage","url":"https:\/\/domartstyl.com\/wp-content\/uploads\/2025\/02\/pufa-grand2-riviera51-4.jpg","contentUrl":"https:\/\/domartstyl.com\/wp-content\/uploads\/2025\/02\/pufa-grand2-riviera51-4.jpg","width":1000,"height":1000,"caption":"Pufa Grand Mini - Stylowy Design"},{"@type":"BreadcrumbList","@id":"https:\/\/domartstyl.com\/en\/grand-mini-pouf\/#breadcrumb","itemListElement":[{"@type":"ListItem","position":1,"name":"Strona g\u0142\u00f3wna","item":"https:\/\/domartstyl.com\/en\/"},{"@type":"ListItem","position":2,"name":"Modern Upholstered Furniture","item":"https:\/\/domartstyl.com\/en\/furniture\/"},{"@type":"ListItem","position":3,"name":"Grand Mini Pouf"}]},{"@type":"WebSite","@id":"https:\/\/domartstyl.com\/en\/#website","url":"https:\/\/domartstyl.com\/en\/","name":"DomArtStyl","description":"Tworzymy meble najwy\u017cszej jako\u015bci. Sprzeda\u017c detaliczna \u00b7 Sprzeda\u017c hurtowa","publisher":{"@id":"https:\/\/domartstyl.com\/en\/#organization"},"potentialAction":[{"@type":"SearchAction","target":{"@type":"EntryPoint","urlTemplate":"https:\/\/domartstyl.com\/en\/?s={search_term_string}"},"query-input":{"@type":"PropertyValueSpecification","valueRequired":true,"valueName":"search_term_string"}}],"inLanguage":"en-US"},{"@type":"Organization","@id":"https:\/\/domartstyl.com\/en\/#organization","name":"DomArtStyl","url":"https:\/\/domartstyl.com\/en\/","logo":{"@type":"ImageObject","inLanguage":"en-US","@id":"https:\/\/domartstyl.com\/en\/#\/schema\/logo\/image\/","url":"https:\/\/domartstyl.com\/wp-content\/uploads\/2018\/04\/Logo_300_width.png","contentUrl":"https:\/\/domartstyl.com\/wp-content\/uploads\/2018\/04\/Logo_300_width.png","width":300,"height":140,"caption":"DomArtStyl"},"image":{"@id":"https:\/\/domartstyl.com\/en\/#\/schema\/logo\/image\/"},"sameAs":["https:\/\/www.facebook.com\/DomArtStyl\/","https:\/\/x.com\/DomArtStyl_pl","https:\/\/www.instagram.com\/domartstyl\/?hl=en","https:\/\/pl.pinterest.com\/domartstyl01\/","https:\/\/www.youtube.com\/channel\/UCkISSgvMomI6yFFL3JDbLhw"]}]},"product_price_amount":"212.50","product_price_currency":"EUR","og_availability":"instock","product_availability":"instock","product_condition":"new"},"_links":{"self":[{"href":"https:\/\/domartstyl.com\/en\/wp-json\/wp\/v2\/product\/93040","targetHints":{"allow":["GET"]}}],"collection":[{"href":"https:\/\/domartstyl.com\/en\/wp-json\/wp\/v2\/product"}],"about":[{"href":"https:\/\/domartstyl.com\/en\/wp-json\/wp\/v2\/types\/product"}],"replies":[{"embeddable":true,"href":"https:\/\/domartstyl.com\/en\/wp-json\/wp\/v2\/comments?post=93040"}],"wp:featuredmedia":[{"embeddable":true,"href":"https:\/\/domartstyl.com\/en\/wp-json\/wp\/v2\/media\/93042"}],"wp:attachment":[{"href":"https:\/\/domartstyl.com\/en\/wp-json\/wp\/v2\/media?parent=93040"}],"wp:term":[{"taxonomy":"product_brand","embeddable":true,"href":"https:\/\/domartstyl.com\/en\/wp-json\/wp\/v2\/product_brand?post=93040"},{"taxonomy":"product_cat","embeddable":true,"href":"https:\/\/domartstyl.com\/en\/wp-json\/wp\/v2\/product_cat?post=93040"},{"taxonomy":"product_tag","embeddable":true,"href":"https:\/\/domartstyl.com\/en\/wp-json\/wp\/v2\/product_tag?post=93040"}],"curies":[{"name":"wp","href":"https:\/\/api.w.org\/{rel}","templated":true}]}}