{"id":92588,"date":"2025-01-24T14:29:05","date_gmt":"2025-01-24T13:29:05","guid":{"rendered":"https:\/\/domartstyl.com\/?post_type=product&#038;p=92588"},"modified":"2025-05-15T10:56:36","modified_gmt":"2025-05-15T09:56:36","slug":"modular-sofa-grand-slsrp-kopia-kopia-kopia-kopia","status":"publish","type":"product","link":"https:\/\/domartstyl.com\/en\/modular-sofa-grand-slsrp-kopia-kopia-kopia-kopia\/","title":{"rendered":"Modular sofa GRAND S+RS+S+RS+S"},"content":{"rendered":"<p>Corner Modular Sofa \u2013 A Combination of Functionality, Comfort, and Style<br \/>\nThe corner modular sofa is the perfect solution for any interior. With the ability to customize the layout, color, and material, it provides both comfort and an elegant appearance. This piece of furniture perfectly blends practicality with modern design.<\/p>\n<p>Key Features of the Corner Modular Sofa:<\/p>\n<ul>\n<li><strong>Modular Construction<\/strong>: The ability to combine segments freely allows you to fit the sofa to your space \u2013 from an L-shape to a U-shape.<\/li>\n<li><strong>Exceptional Comfort<\/strong>: Soft seats and ergonomic backrests ensure comfort during daily relaxation.<\/li>\n<li><strong>Modern Design<\/strong>: Rounded lines and subtle stitching give the sofa an elegant, versatile look that fits any interior style.<\/li>\n<li><strong>Durability<\/strong>: A solid construction and high-quality materials guarantee long-lasting use and a great appearance for years to come.<\/li>\n<\/ul>\n<p>Advantages of Our Corner Modular Sofa:<\/p>\n<ul>\n<li><strong>Customization<\/strong>: The modular design allows for a perfect fit in any space.<\/li>\n<li><strong>Personalization<\/strong>: Choose from a wide range of colors and fabrics.<\/li>\n<li><strong>Comfort<\/strong>: The sofa combines aesthetics with maximum comfort.<\/li>\n<\/ul>\n<p>Create the Perfect Sofa for Your Interior!<br \/>\nThe corner modular sofa is the perfect combination of functionality, comfort, and style. Order today and enjoy a piece of furniture that meets all your needs!<\/p>\n","protected":false},"excerpt":{"rendered":"<p>The Grand modular sofa offers modern design, comfort, and functionality, making it perfect for any living room. It combines rounded shapes with top-level comfort.<\/p>\n","protected":false},"featured_media":92590,"comment_status":"closed","ping_status":"closed","template":"","meta":[],"product_brand":[],"product_cat":[39,9043,8161],"product_tag":[],"class_list":{"0":"post-92588","1":"product","2":"type-product","3":"status-publish","4":"has-post-thumbnail","6":"product_cat-sofas","7":"product_cat-modular-sofas","8":"product_cat-lounge-sets","10":"first","11":"instock","12":"taxable","13":"shipping-taxable","14":"purchasable","15":"product-type-simple"},"yoast_head":"<!-- This site is optimized with the Yoast SEO Premium plugin v25.0 (Yoast SEO v25.0) - https:\/\/yoast.com\/wordpress\/plugins\/seo\/ -->\n<title>Modular sofa for the living room Grand - DomArtStyl<\/title>\n<meta name=\"description\" content=\"Grand modular sofa - comfort and elegance in one. Ideal for any interior. Discover our elegant and comfortable modern sofas.\" \/>\n<meta name=\"robots\" content=\"index, follow, max-snippet:-1, max-image-preview:large, max-video-preview:-1\" \/>\n<link rel=\"canonical\" href=\"https:\/\/domartstyl.com\/en\/modular-sofa-grand-slsrp-kopia-kopia-kopia-kopia\/\" \/>\n<meta property=\"og:locale\" content=\"en_US\" \/>\n<meta property=\"og:type\" content=\"article\" \/>\n<meta property=\"og:title\" content=\"Modular sofa GRAND S+RS+S+RS+S - DomArtStyl\" \/>\n<meta property=\"og:description\" content=\"Grand modular sofa - comfort and elegance in one. Ideal for any interior. Discover our elegant and comfortable modern sofas.\" \/>\n<meta property=\"og:url\" content=\"https:\/\/domartstyl.com\/en\/modular-sofa-grand-slsrp-kopia-kopia-kopia-kopia\/\" \/>\n<meta property=\"og:site_name\" content=\"DomArtStyl\" \/>\n<meta property=\"article:publisher\" content=\"https:\/\/www.facebook.com\/DomArtStyl\/\" \/>\n<meta property=\"article:modified_time\" content=\"2025-05-15T09:56:36+00:00\" \/>\n<meta property=\"og:image\" content=\"https:\/\/domartstyl.com\/wp-content\/uploads\/2025\/01\/sofa-modulowa-grand-1-1.jpg\" \/>\n\t<meta property=\"og:image:width\" content=\"1000\" \/>\n\t<meta property=\"og:image:height\" content=\"1000\" \/>\n\t<meta property=\"og:image:type\" content=\"image\/jpeg\" \/>\n<meta name=\"twitter:card\" content=\"summary_large_image\" \/>\n<meta name=\"twitter:site\" content=\"@DomArtStyl_pl\" \/>\n<meta name=\"twitter:label1\" content=\"Price\" \/>\n\t<meta name=\"twitter:data1\" content=\"&euro;2.072,50\" \/>\n\t<meta name=\"twitter:label2\" content=\"Availability\" \/>\n\t<meta name=\"twitter:data2\" content=\"In stock\" \/>\n<script type=\"application\/ld+json\" class=\"yoast-schema-graph\">{\"@context\":\"https:\/\/schema.org\",\"@graph\":[{\"@type\":\"WebPage\",\"@id\":\"https:\/\/domartstyl.com\/en\/modular-sofa-grand-slsrp-kopia-kopia-kopia-kopia\/\",\"url\":\"https:\/\/domartstyl.com\/en\/modular-sofa-grand-slsrp-kopia-kopia-kopia-kopia\/\",\"name\":\"Modular sofa for the living room Grand - DomArtStyl\",\"isPartOf\":{\"@id\":\"https:\/\/domartstyl.com\/en\/#website\"},\"primaryImageOfPage\":{\"@id\":\"https:\/\/domartstyl.com\/en\/modular-sofa-grand-slsrp-kopia-kopia-kopia-kopia\/#primaryimage\"},\"image\":{\"@id\":\"https:\/\/domartstyl.com\/en\/modular-sofa-grand-slsrp-kopia-kopia-kopia-kopia\/#primaryimage\"},\"thumbnailUrl\":\"https:\/\/domartstyl.com\/wp-content\/uploads\/2025\/01\/sofa-modulowa-grand-1-1.jpg\",\"datePublished\":\"2025-01-24T13:29:05+00:00\",\"dateModified\":\"2025-05-15T09:56:36+00:00\",\"description\":\"Grand modular sofa - comfort and elegance in one. Ideal for any interior. Discover our elegant and comfortable modern sofas.\",\"breadcrumb\":{\"@id\":\"https:\/\/domartstyl.com\/en\/modular-sofa-grand-slsrp-kopia-kopia-kopia-kopia\/#breadcrumb\"},\"inLanguage\":\"en-US\",\"potentialAction\":[{\"@type\":\"ReadAction\",\"target\":[\"https:\/\/domartstyl.com\/en\/modular-sofa-grand-slsrp-kopia-kopia-kopia-kopia\/\"]}]},{\"@type\":\"ImageObject\",\"inLanguage\":\"en-US\",\"@id\":\"https:\/\/domartstyl.com\/en\/modular-sofa-grand-slsrp-kopia-kopia-kopia-kopia\/#primaryimage\",\"url\":\"https:\/\/domartstyl.com\/wp-content\/uploads\/2025\/01\/sofa-modulowa-grand-1-1.jpg\",\"contentUrl\":\"https:\/\/domartstyl.com\/wp-content\/uploads\/2025\/01\/sofa-modulowa-grand-1-1.jpg\",\"width\":1000,\"height\":1000,\"caption\":\"Sofa Modu\u0142owa Grand Du\u017ca Do Salonu\"},{\"@type\":\"BreadcrumbList\",\"@id\":\"https:\/\/domartstyl.com\/en\/modular-sofa-grand-slsrp-kopia-kopia-kopia-kopia\/#breadcrumb\",\"itemListElement\":[{\"@type\":\"ListItem\",\"position\":1,\"name\":\"Strona g\u0142\u00f3wna\",\"item\":\"https:\/\/domartstyl.com\/en\/\"},{\"@type\":\"ListItem\",\"position\":2,\"name\":\"Modern Upholstered Furniture\",\"item\":\"https:\/\/domartstyl.com\/en\/furniture\/\"},{\"@type\":\"ListItem\",\"position\":3,\"name\":\"Modular sofa GRAND S+RS+S+RS+S\"}]},{\"@type\":\"WebSite\",\"@id\":\"https:\/\/domartstyl.com\/en\/#website\",\"url\":\"https:\/\/domartstyl.com\/en\/\",\"name\":\"DomArtStyl\",\"description\":\"Tworzymy meble najwy\u017cszej jako\u015bci. Sprzeda\u017c detaliczna \u00b7 Sprzeda\u017c hurtowa\",\"publisher\":{\"@id\":\"https:\/\/domartstyl.com\/en\/#organization\"},\"potentialAction\":[{\"@type\":\"SearchAction\",\"target\":{\"@type\":\"EntryPoint\",\"urlTemplate\":\"https:\/\/domartstyl.com\/en\/?s={search_term_string}\"},\"query-input\":{\"@type\":\"PropertyValueSpecification\",\"valueRequired\":true,\"valueName\":\"search_term_string\"}}],\"inLanguage\":\"en-US\"},{\"@type\":\"Organization\",\"@id\":\"https:\/\/domartstyl.com\/en\/#organization\",\"name\":\"DomArtStyl\",\"url\":\"https:\/\/domartstyl.com\/en\/\",\"logo\":{\"@type\":\"ImageObject\",\"inLanguage\":\"en-US\",\"@id\":\"https:\/\/domartstyl.com\/en\/#\/schema\/logo\/image\/\",\"url\":\"https:\/\/domartstyl.com\/wp-content\/uploads\/2018\/04\/Logo_300_width.png\",\"contentUrl\":\"https:\/\/domartstyl.com\/wp-content\/uploads\/2018\/04\/Logo_300_width.png\",\"width\":300,\"height\":140,\"caption\":\"DomArtStyl\"},\"image\":{\"@id\":\"https:\/\/domartstyl.com\/en\/#\/schema\/logo\/image\/\"},\"sameAs\":[\"https:\/\/www.facebook.com\/DomArtStyl\/\",\"https:\/\/x.com\/DomArtStyl_pl\",\"https:\/\/www.instagram.com\/domartstyl\/?hl=en\",\"https:\/\/pl.pinterest.com\/domartstyl01\/\",\"https:\/\/www.youtube.com\/channel\/UCkISSgvMomI6yFFL3JDbLhw\"]}]}<\/script>\n<meta property=\"product:price:amount\" content=\"2072.50\" \/>\n<meta property=\"product:price:currency\" content=\"EUR\" \/>\n<meta property=\"og:availability\" content=\"instock\" \/>\n<meta property=\"product:availability\" content=\"instock\" \/>\n<meta property=\"product:condition\" content=\"new\" \/>\n<!-- \/ Yoast SEO Premium plugin. -->","yoast_head_json":{"title":"Modular sofa for the living room Grand - DomArtStyl","description":"Grand modular sofa - comfort and elegance in one. Ideal for any interior. Discover our elegant and comfortable modern sofas.","robots":{"index":"index","follow":"follow","max-snippet":"max-snippet:-1","max-image-preview":"max-image-preview:large","max-video-preview":"max-video-preview:-1"},"canonical":"https:\/\/domartstyl.com\/en\/modular-sofa-grand-slsrp-kopia-kopia-kopia-kopia\/","og_locale":"en_US","og_type":"article","og_title":"Modular sofa GRAND S+RS+S+RS+S - DomArtStyl","og_description":"Grand modular sofa - comfort and elegance in one. Ideal for any interior. Discover our elegant and comfortable modern sofas.","og_url":"https:\/\/domartstyl.com\/en\/modular-sofa-grand-slsrp-kopia-kopia-kopia-kopia\/","og_site_name":"DomArtStyl","article_publisher":"https:\/\/www.facebook.com\/DomArtStyl\/","article_modified_time":"2025-05-15T09:56:36+00:00","og_image":[{"width":1000,"height":1000,"url":"https:\/\/domartstyl.com\/wp-content\/uploads\/2025\/01\/sofa-modulowa-grand-1-1.jpg","type":"image\/jpeg"}],"twitter_card":"summary_large_image","twitter_site":"@DomArtStyl_pl","twitter_misc":{"Price":"&euro;2.072,50","Availability":"In stock"},"schema":{"@context":"https:\/\/schema.org","@graph":[{"@type":"WebPage","@id":"https:\/\/domartstyl.com\/en\/modular-sofa-grand-slsrp-kopia-kopia-kopia-kopia\/","url":"https:\/\/domartstyl.com\/en\/modular-sofa-grand-slsrp-kopia-kopia-kopia-kopia\/","name":"Modular sofa for the living room Grand - DomArtStyl","isPartOf":{"@id":"https:\/\/domartstyl.com\/en\/#website"},"primaryImageOfPage":{"@id":"https:\/\/domartstyl.com\/en\/modular-sofa-grand-slsrp-kopia-kopia-kopia-kopia\/#primaryimage"},"image":{"@id":"https:\/\/domartstyl.com\/en\/modular-sofa-grand-slsrp-kopia-kopia-kopia-kopia\/#primaryimage"},"thumbnailUrl":"https:\/\/domartstyl.com\/wp-content\/uploads\/2025\/01\/sofa-modulowa-grand-1-1.jpg","datePublished":"2025-01-24T13:29:05+00:00","dateModified":"2025-05-15T09:56:36+00:00","description":"Grand modular sofa - comfort and elegance in one. Ideal for any interior. Discover our elegant and comfortable modern sofas.","breadcrumb":{"@id":"https:\/\/domartstyl.com\/en\/modular-sofa-grand-slsrp-kopia-kopia-kopia-kopia\/#breadcrumb"},"inLanguage":"en-US","potentialAction":[{"@type":"ReadAction","target":["https:\/\/domartstyl.com\/en\/modular-sofa-grand-slsrp-kopia-kopia-kopia-kopia\/"]}]},{"@type":"ImageObject","inLanguage":"en-US","@id":"https:\/\/domartstyl.com\/en\/modular-sofa-grand-slsrp-kopia-kopia-kopia-kopia\/#primaryimage","url":"https:\/\/domartstyl.com\/wp-content\/uploads\/2025\/01\/sofa-modulowa-grand-1-1.jpg","contentUrl":"https:\/\/domartstyl.com\/wp-content\/uploads\/2025\/01\/sofa-modulowa-grand-1-1.jpg","width":1000,"height":1000,"caption":"Sofa Modu\u0142owa Grand Du\u017ca Do Salonu"},{"@type":"BreadcrumbList","@id":"https:\/\/domartstyl.com\/en\/modular-sofa-grand-slsrp-kopia-kopia-kopia-kopia\/#breadcrumb","itemListElement":[{"@type":"ListItem","position":1,"name":"Strona g\u0142\u00f3wna","item":"https:\/\/domartstyl.com\/en\/"},{"@type":"ListItem","position":2,"name":"Modern Upholstered Furniture","item":"https:\/\/domartstyl.com\/en\/furniture\/"},{"@type":"ListItem","position":3,"name":"Modular sofa GRAND S+RS+S+RS+S"}]},{"@type":"WebSite","@id":"https:\/\/domartstyl.com\/en\/#website","url":"https:\/\/domartstyl.com\/en\/","name":"DomArtStyl","description":"Tworzymy meble najwy\u017cszej jako\u015bci. Sprzeda\u017c detaliczna \u00b7 Sprzeda\u017c hurtowa","publisher":{"@id":"https:\/\/domartstyl.com\/en\/#organization"},"potentialAction":[{"@type":"SearchAction","target":{"@type":"EntryPoint","urlTemplate":"https:\/\/domartstyl.com\/en\/?s={search_term_string}"},"query-input":{"@type":"PropertyValueSpecification","valueRequired":true,"valueName":"search_term_string"}}],"inLanguage":"en-US"},{"@type":"Organization","@id":"https:\/\/domartstyl.com\/en\/#organization","name":"DomArtStyl","url":"https:\/\/domartstyl.com\/en\/","logo":{"@type":"ImageObject","inLanguage":"en-US","@id":"https:\/\/domartstyl.com\/en\/#\/schema\/logo\/image\/","url":"https:\/\/domartstyl.com\/wp-content\/uploads\/2018\/04\/Logo_300_width.png","contentUrl":"https:\/\/domartstyl.com\/wp-content\/uploads\/2018\/04\/Logo_300_width.png","width":300,"height":140,"caption":"DomArtStyl"},"image":{"@id":"https:\/\/domartstyl.com\/en\/#\/schema\/logo\/image\/"},"sameAs":["https:\/\/www.facebook.com\/DomArtStyl\/","https:\/\/x.com\/DomArtStyl_pl","https:\/\/www.instagram.com\/domartstyl\/?hl=en","https:\/\/pl.pinterest.com\/domartstyl01\/","https:\/\/www.youtube.com\/channel\/UCkISSgvMomI6yFFL3JDbLhw"]}]},"product_price_amount":"2072.50","product_price_currency":"EUR","og_availability":"instock","product_availability":"instock","product_condition":"new"},"_links":{"self":[{"href":"https:\/\/domartstyl.com\/en\/wp-json\/wp\/v2\/product\/92588","targetHints":{"allow":["GET"]}}],"collection":[{"href":"https:\/\/domartstyl.com\/en\/wp-json\/wp\/v2\/product"}],"about":[{"href":"https:\/\/domartstyl.com\/en\/wp-json\/wp\/v2\/types\/product"}],"replies":[{"embeddable":true,"href":"https:\/\/domartstyl.com\/en\/wp-json\/wp\/v2\/comments?post=92588"}],"wp:featuredmedia":[{"embeddable":true,"href":"https:\/\/domartstyl.com\/en\/wp-json\/wp\/v2\/media\/92590"}],"wp:attachment":[{"href":"https:\/\/domartstyl.com\/en\/wp-json\/wp\/v2\/media?parent=92588"}],"wp:term":[{"taxonomy":"product_brand","embeddable":true,"href":"https:\/\/domartstyl.com\/en\/wp-json\/wp\/v2\/product_brand?post=92588"},{"taxonomy":"product_cat","embeddable":true,"href":"https:\/\/domartstyl.com\/en\/wp-json\/wp\/v2\/product_cat?post=92588"},{"taxonomy":"product_tag","embeddable":true,"href":"https:\/\/domartstyl.com\/en\/wp-json\/wp\/v2\/product_tag?post=92588"}],"curies":[{"name":"wp","href":"https:\/\/api.w.org\/{rel}","templated":true}]}}