{"id":92561,"date":"2025-01-23T12:40:39","date_gmt":"2025-01-23T11:40:39","guid":{"rendered":"https:\/\/domartstyl.com\/?post_type=product&#038;p=92561"},"modified":"2025-05-15T10:56:36","modified_gmt":"2025-05-15T09:56:36","slug":"modular-sofa-grand-slsrp-kopia","status":"publish","type":"product","link":"https:\/\/domartstyl.com\/en\/modular-sofa-grand-slsrp-kopia\/","title":{"rendered":"Modular sofa GRAND SL5+RS+SP5"},"content":{"rendered":"<p><strong>Grand Modular Sofa \u2013 A Modern Sofa for Living Rooms and Interiors<\/strong><\/p>\n<p>Dreaming of a sofa that impresses with its looks while delivering exceptional comfort? The Grand modular sofa combines modern design with unmatched functionality, fitting seamlessly into any interior. If you value modern modular sofas with rounded silhouettes, this collection is designed just for you!<\/p>\n<h3>Why Choose the Grand Sofa?<\/h3>\n<p>&#x2728; <strong>Elegant Design<\/strong> \u2013 Futuristic, streamlined shapes with deep stitching create a subtle wavy effect, making your living room stand out. These sofas are true works of art!<br \/>\n&#x2728; <strong>Modular Flexibility<\/strong> \u2013 By combining individual modules, you can create a modular sofa tailored perfectly to your lifestyle and space. Choose between closed or open armrest options and build the sofa of your dreams!<br \/>\n&#x2728; <strong>Comfort That Lasts<\/strong> \u2013 Contoured backrests and soft cushions ensure comfort during relaxation, conversations, or family gatherings.<\/p>\n<h3>Bring Modernity to Your Living Room<\/h3>\n<p>The Grand living room sofa is not just about great looks \u2013 it also lets you customize its layout to your needs. It\u2019s perfect for those seeking an elegant yet functional solution for their interior.<\/p>\n<p><strong>Don\u2019t wait! Enhance your space with the Grand modular sofa \u2013 a blend of modern design and comfort in one.<\/strong><\/p>\n","protected":false},"excerpt":{"rendered":"<div class=\"flex-shrink-0 flex flex-col relative items-end\">\n<div>\n<div class=\"pt-0\">\n<div class=\"gizmo-bot-avatar flex h-8 w-8 items-center justify-center overflow-hidden rounded-full\">\n<div class=\"relative p-1 rounded-sm flex items-center justify-center bg-token-main-surface-primary text-token-text-primary h-8 w-8\">The Grand modular sofa is a modern living room sofa that combines elegant design, comfort, and the ability to personalize, ensuring a perfect fit for any interior.<\/div>\n<\/div>\n<\/div>\n<\/div>\n<\/div>\n","protected":false},"featured_media":92567,"comment_status":"closed","ping_status":"closed","template":"","meta":[],"product_brand":[],"product_cat":[8161,9043,39],"product_tag":[],"class_list":{"0":"post-92561","1":"product","2":"type-product","3":"status-publish","4":"has-post-thumbnail","6":"product_cat-lounge-sets","7":"product_cat-modular-sofas","8":"product_cat-sofas","10":"first","11":"instock","12":"taxable","13":"shipping-taxable","14":"purchasable","15":"product-type-simple"},"yoast_head":"<!-- This site is optimized with the Yoast SEO Premium plugin v25.0 (Yoast SEO v25.0) - https:\/\/yoast.com\/wordpress\/plugins\/seo\/ -->\n<title>Modular sofa for the living room Grand - DomArtStyl<\/title>\n<meta name=\"description\" content=\"Grand modular sofa - comfort and elegance in one. Ideal for any interior. Discover our elegant and comfortable modern sofas.\" \/>\n<meta name=\"robots\" content=\"index, follow, max-snippet:-1, max-image-preview:large, max-video-preview:-1\" \/>\n<link rel=\"canonical\" href=\"https:\/\/domartstyl.com\/en\/modular-sofa-grand-slsrp-kopia\/\" \/>\n<meta property=\"og:locale\" content=\"en_US\" \/>\n<meta property=\"og:type\" content=\"article\" \/>\n<meta property=\"og:title\" content=\"Modular sofa GRAND SL5+RS+SP5 - DomArtStyl\" \/>\n<meta property=\"og:description\" content=\"Grand modular sofa - comfort and elegance in one. Ideal for any interior. Discover our elegant and comfortable modern sofas.\" \/>\n<meta property=\"og:url\" content=\"https:\/\/domartstyl.com\/en\/modular-sofa-grand-slsrp-kopia\/\" \/>\n<meta property=\"og:site_name\" content=\"DomArtStyl\" \/>\n<meta property=\"article:publisher\" content=\"https:\/\/www.facebook.com\/DomArtStyl\/\" \/>\n<meta property=\"article:modified_time\" content=\"2025-05-15T09:56:36+00:00\" \/>\n<meta property=\"og:image\" content=\"https:\/\/domartstyl.com\/wp-content\/uploads\/2025\/01\/sofa-modulowa-grand-salvador01-1.jpg\" \/>\n\t<meta property=\"og:image:width\" content=\"1000\" \/>\n\t<meta property=\"og:image:height\" content=\"1000\" \/>\n\t<meta property=\"og:image:type\" content=\"image\/jpeg\" \/>\n<meta name=\"twitter:card\" content=\"summary_large_image\" \/>\n<meta name=\"twitter:site\" content=\"@DomArtStyl_pl\" \/>\n<meta name=\"twitter:label1\" content=\"Price\" \/>\n\t<meta name=\"twitter:data1\" content=\"&euro;1.797,50\" \/>\n\t<meta name=\"twitter:label2\" content=\"Availability\" \/>\n\t<meta name=\"twitter:data2\" content=\"In stock\" \/>\n<script type=\"application\/ld+json\" class=\"yoast-schema-graph\">{\"@context\":\"https:\/\/schema.org\",\"@graph\":[{\"@type\":\"WebPage\",\"@id\":\"https:\/\/domartstyl.com\/en\/modular-sofa-grand-slsrp-kopia\/\",\"url\":\"https:\/\/domartstyl.com\/en\/modular-sofa-grand-slsrp-kopia\/\",\"name\":\"Modular sofa for the living room Grand - DomArtStyl\",\"isPartOf\":{\"@id\":\"https:\/\/domartstyl.com\/en\/#website\"},\"primaryImageOfPage\":{\"@id\":\"https:\/\/domartstyl.com\/en\/modular-sofa-grand-slsrp-kopia\/#primaryimage\"},\"image\":{\"@id\":\"https:\/\/domartstyl.com\/en\/modular-sofa-grand-slsrp-kopia\/#primaryimage\"},\"thumbnailUrl\":\"https:\/\/domartstyl.com\/wp-content\/uploads\/2025\/01\/sofa-modulowa-grand-salvador01-1.jpg\",\"datePublished\":\"2025-01-23T11:40:39+00:00\",\"dateModified\":\"2025-05-15T09:56:36+00:00\",\"description\":\"Grand modular sofa - comfort and elegance in one. Ideal for any interior. Discover our elegant and comfortable modern sofas.\",\"breadcrumb\":{\"@id\":\"https:\/\/domartstyl.com\/en\/modular-sofa-grand-slsrp-kopia\/#breadcrumb\"},\"inLanguage\":\"en-US\",\"potentialAction\":[{\"@type\":\"ReadAction\",\"target\":[\"https:\/\/domartstyl.com\/en\/modular-sofa-grand-slsrp-kopia\/\"]}]},{\"@type\":\"ImageObject\",\"inLanguage\":\"en-US\",\"@id\":\"https:\/\/domartstyl.com\/en\/modular-sofa-grand-slsrp-kopia\/#primaryimage\",\"url\":\"https:\/\/domartstyl.com\/wp-content\/uploads\/2025\/01\/sofa-modulowa-grand-salvador01-1.jpg\",\"contentUrl\":\"https:\/\/domartstyl.com\/wp-content\/uploads\/2025\/01\/sofa-modulowa-grand-salvador01-1.jpg\",\"width\":1000,\"height\":1000,\"caption\":\"Nowoczesna Sofa do Salon\u00f3w i Wn\u0119trz\"},{\"@type\":\"BreadcrumbList\",\"@id\":\"https:\/\/domartstyl.com\/en\/modular-sofa-grand-slsrp-kopia\/#breadcrumb\",\"itemListElement\":[{\"@type\":\"ListItem\",\"position\":1,\"name\":\"Strona g\u0142\u00f3wna\",\"item\":\"https:\/\/domartstyl.com\/en\/\"},{\"@type\":\"ListItem\",\"position\":2,\"name\":\"Modern Upholstered Furniture\",\"item\":\"https:\/\/domartstyl.com\/en\/furniture\/\"},{\"@type\":\"ListItem\",\"position\":3,\"name\":\"Modular sofa GRAND SL5+RS+SP5\"}]},{\"@type\":\"WebSite\",\"@id\":\"https:\/\/domartstyl.com\/en\/#website\",\"url\":\"https:\/\/domartstyl.com\/en\/\",\"name\":\"DomArtStyl\",\"description\":\"Tworzymy meble najwy\u017cszej jako\u015bci. Sprzeda\u017c detaliczna \u00b7 Sprzeda\u017c hurtowa\",\"publisher\":{\"@id\":\"https:\/\/domartstyl.com\/en\/#organization\"},\"potentialAction\":[{\"@type\":\"SearchAction\",\"target\":{\"@type\":\"EntryPoint\",\"urlTemplate\":\"https:\/\/domartstyl.com\/en\/?s={search_term_string}\"},\"query-input\":{\"@type\":\"PropertyValueSpecification\",\"valueRequired\":true,\"valueName\":\"search_term_string\"}}],\"inLanguage\":\"en-US\"},{\"@type\":\"Organization\",\"@id\":\"https:\/\/domartstyl.com\/en\/#organization\",\"name\":\"DomArtStyl\",\"url\":\"https:\/\/domartstyl.com\/en\/\",\"logo\":{\"@type\":\"ImageObject\",\"inLanguage\":\"en-US\",\"@id\":\"https:\/\/domartstyl.com\/en\/#\/schema\/logo\/image\/\",\"url\":\"https:\/\/domartstyl.com\/wp-content\/uploads\/2018\/04\/Logo_300_width.png\",\"contentUrl\":\"https:\/\/domartstyl.com\/wp-content\/uploads\/2018\/04\/Logo_300_width.png\",\"width\":300,\"height\":140,\"caption\":\"DomArtStyl\"},\"image\":{\"@id\":\"https:\/\/domartstyl.com\/en\/#\/schema\/logo\/image\/\"},\"sameAs\":[\"https:\/\/www.facebook.com\/DomArtStyl\/\",\"https:\/\/x.com\/DomArtStyl_pl\",\"https:\/\/www.instagram.com\/domartstyl\/?hl=en\",\"https:\/\/pl.pinterest.com\/domartstyl01\/\",\"https:\/\/www.youtube.com\/channel\/UCkISSgvMomI6yFFL3JDbLhw\"]}]}<\/script>\n<meta property=\"product:price:amount\" content=\"1797.50\" \/>\n<meta property=\"product:price:currency\" content=\"EUR\" \/>\n<meta property=\"og:availability\" content=\"instock\" \/>\n<meta property=\"product:availability\" content=\"instock\" \/>\n<meta property=\"product:condition\" content=\"new\" \/>\n<!-- \/ Yoast SEO Premium plugin. -->","yoast_head_json":{"title":"Modular sofa for the living room Grand - DomArtStyl","description":"Grand modular sofa - comfort and elegance in one. Ideal for any interior. Discover our elegant and comfortable modern sofas.","robots":{"index":"index","follow":"follow","max-snippet":"max-snippet:-1","max-image-preview":"max-image-preview:large","max-video-preview":"max-video-preview:-1"},"canonical":"https:\/\/domartstyl.com\/en\/modular-sofa-grand-slsrp-kopia\/","og_locale":"en_US","og_type":"article","og_title":"Modular sofa GRAND SL5+RS+SP5 - DomArtStyl","og_description":"Grand modular sofa - comfort and elegance in one. Ideal for any interior. Discover our elegant and comfortable modern sofas.","og_url":"https:\/\/domartstyl.com\/en\/modular-sofa-grand-slsrp-kopia\/","og_site_name":"DomArtStyl","article_publisher":"https:\/\/www.facebook.com\/DomArtStyl\/","article_modified_time":"2025-05-15T09:56:36+00:00","og_image":[{"width":1000,"height":1000,"url":"https:\/\/domartstyl.com\/wp-content\/uploads\/2025\/01\/sofa-modulowa-grand-salvador01-1.jpg","type":"image\/jpeg"}],"twitter_card":"summary_large_image","twitter_site":"@DomArtStyl_pl","twitter_misc":{"Price":"&euro;1.797,50","Availability":"In stock"},"schema":{"@context":"https:\/\/schema.org","@graph":[{"@type":"WebPage","@id":"https:\/\/domartstyl.com\/en\/modular-sofa-grand-slsrp-kopia\/","url":"https:\/\/domartstyl.com\/en\/modular-sofa-grand-slsrp-kopia\/","name":"Modular sofa for the living room Grand - DomArtStyl","isPartOf":{"@id":"https:\/\/domartstyl.com\/en\/#website"},"primaryImageOfPage":{"@id":"https:\/\/domartstyl.com\/en\/modular-sofa-grand-slsrp-kopia\/#primaryimage"},"image":{"@id":"https:\/\/domartstyl.com\/en\/modular-sofa-grand-slsrp-kopia\/#primaryimage"},"thumbnailUrl":"https:\/\/domartstyl.com\/wp-content\/uploads\/2025\/01\/sofa-modulowa-grand-salvador01-1.jpg","datePublished":"2025-01-23T11:40:39+00:00","dateModified":"2025-05-15T09:56:36+00:00","description":"Grand modular sofa - comfort and elegance in one. Ideal for any interior. Discover our elegant and comfortable modern sofas.","breadcrumb":{"@id":"https:\/\/domartstyl.com\/en\/modular-sofa-grand-slsrp-kopia\/#breadcrumb"},"inLanguage":"en-US","potentialAction":[{"@type":"ReadAction","target":["https:\/\/domartstyl.com\/en\/modular-sofa-grand-slsrp-kopia\/"]}]},{"@type":"ImageObject","inLanguage":"en-US","@id":"https:\/\/domartstyl.com\/en\/modular-sofa-grand-slsrp-kopia\/#primaryimage","url":"https:\/\/domartstyl.com\/wp-content\/uploads\/2025\/01\/sofa-modulowa-grand-salvador01-1.jpg","contentUrl":"https:\/\/domartstyl.com\/wp-content\/uploads\/2025\/01\/sofa-modulowa-grand-salvador01-1.jpg","width":1000,"height":1000,"caption":"Nowoczesna Sofa do Salon\u00f3w i Wn\u0119trz"},{"@type":"BreadcrumbList","@id":"https:\/\/domartstyl.com\/en\/modular-sofa-grand-slsrp-kopia\/#breadcrumb","itemListElement":[{"@type":"ListItem","position":1,"name":"Strona g\u0142\u00f3wna","item":"https:\/\/domartstyl.com\/en\/"},{"@type":"ListItem","position":2,"name":"Modern Upholstered Furniture","item":"https:\/\/domartstyl.com\/en\/furniture\/"},{"@type":"ListItem","position":3,"name":"Modular sofa GRAND SL5+RS+SP5"}]},{"@type":"WebSite","@id":"https:\/\/domartstyl.com\/en\/#website","url":"https:\/\/domartstyl.com\/en\/","name":"DomArtStyl","description":"Tworzymy meble najwy\u017cszej jako\u015bci. Sprzeda\u017c detaliczna \u00b7 Sprzeda\u017c hurtowa","publisher":{"@id":"https:\/\/domartstyl.com\/en\/#organization"},"potentialAction":[{"@type":"SearchAction","target":{"@type":"EntryPoint","urlTemplate":"https:\/\/domartstyl.com\/en\/?s={search_term_string}"},"query-input":{"@type":"PropertyValueSpecification","valueRequired":true,"valueName":"search_term_string"}}],"inLanguage":"en-US"},{"@type":"Organization","@id":"https:\/\/domartstyl.com\/en\/#organization","name":"DomArtStyl","url":"https:\/\/domartstyl.com\/en\/","logo":{"@type":"ImageObject","inLanguage":"en-US","@id":"https:\/\/domartstyl.com\/en\/#\/schema\/logo\/image\/","url":"https:\/\/domartstyl.com\/wp-content\/uploads\/2018\/04\/Logo_300_width.png","contentUrl":"https:\/\/domartstyl.com\/wp-content\/uploads\/2018\/04\/Logo_300_width.png","width":300,"height":140,"caption":"DomArtStyl"},"image":{"@id":"https:\/\/domartstyl.com\/en\/#\/schema\/logo\/image\/"},"sameAs":["https:\/\/www.facebook.com\/DomArtStyl\/","https:\/\/x.com\/DomArtStyl_pl","https:\/\/www.instagram.com\/domartstyl\/?hl=en","https:\/\/pl.pinterest.com\/domartstyl01\/","https:\/\/www.youtube.com\/channel\/UCkISSgvMomI6yFFL3JDbLhw"]}]},"product_price_amount":"1797.50","product_price_currency":"EUR","og_availability":"instock","product_availability":"instock","product_condition":"new"},"_links":{"self":[{"href":"https:\/\/domartstyl.com\/en\/wp-json\/wp\/v2\/product\/92561","targetHints":{"allow":["GET"]}}],"collection":[{"href":"https:\/\/domartstyl.com\/en\/wp-json\/wp\/v2\/product"}],"about":[{"href":"https:\/\/domartstyl.com\/en\/wp-json\/wp\/v2\/types\/product"}],"replies":[{"embeddable":true,"href":"https:\/\/domartstyl.com\/en\/wp-json\/wp\/v2\/comments?post=92561"}],"wp:featuredmedia":[{"embeddable":true,"href":"https:\/\/domartstyl.com\/en\/wp-json\/wp\/v2\/media\/92567"}],"wp:attachment":[{"href":"https:\/\/domartstyl.com\/en\/wp-json\/wp\/v2\/media?parent=92561"}],"wp:term":[{"taxonomy":"product_brand","embeddable":true,"href":"https:\/\/domartstyl.com\/en\/wp-json\/wp\/v2\/product_brand?post=92561"},{"taxonomy":"product_cat","embeddable":true,"href":"https:\/\/domartstyl.com\/en\/wp-json\/wp\/v2\/product_cat?post=92561"},{"taxonomy":"product_tag","embeddable":true,"href":"https:\/\/domartstyl.com\/en\/wp-json\/wp\/v2\/product_tag?post=92561"}],"curies":[{"name":"wp","href":"https:\/\/api.w.org\/{rel}","templated":true}]}}