{"id":92506,"date":"2025-01-22T13:02:00","date_gmt":"2025-01-22T12:02:01","guid":{"rendered":"https:\/\/domartstyl.com\/?post_type=product&#038;p=92506"},"modified":"2025-05-15T10:56:37","modified_gmt":"2025-05-15T09:56:37","slug":"modular-sofa-grand-sprp-kopia-kopia","status":"publish","type":"product","link":"https:\/\/domartstyl.com\/en\/modular-sofa-grand-sprp-kopia-kopia\/","title":{"rendered":"Modular sofa GRAND SL+S+R+P"},"content":{"rendered":"<p><strong>Grand Modular Sofa \u2013 Modern Sofas for Your Living Room That You\u2019ll Love!<\/strong><\/p>\n<p>If you&#8217;re dreaming of a modern modular sofa that combines elegance with functionality, the Grand collection is made just for you. This living room sofa from a Polish manufacturer is a choice that will transform your space, bringing not only comfort but also exceptional style.<\/p>\n<p><strong>Why choose the Grand modular sofa?<\/strong><br \/>\n&#x2728; <strong>Stylish form<\/strong> \u2013 Rounded shapes, deep stitching, and subtle wavy effects make the Grand modular sofa a focal point in any living room, drawing attention with its beauty.<br \/>\n&#x2728; <strong>Complete flexibility<\/strong> \u2013 With this modular sofa, you can create the perfect set tailored to your space. Choose from versions with closed or open armrests and curved, flowing seats that replace traditional corners.<br \/>\n&#x2728; <strong>Comfort and spaciousness<\/strong> \u2013 Ergonomically designed backrests ensure comfort without overwhelming the space. Thanks to its compact form, the Grand sofa visually enlarges the living room, creating a spacious atmosphere.<\/p>\n<p>The Grand modular sofa combines modern aesthetics with functionality, making it perfect for any living room. Relax on the comfortable seats, spend time with loved ones, and enjoy beautiful, modern design. Thanks to its flexibility, the Grand modular sofa fits perfectly into any space, offering unmatched comfort.<\/p>\n<p>Choose the Grand sofas for your living room and create a space that combines style, comfort, and modernity!<\/p>\n","protected":false},"excerpt":{"rendered":"<p>The Grand modular sofa offers modern design, comfort, and functionality, making it perfect for any living room. It combines rounded shapes with top-level comfort.<\/p>\n","protected":false},"featured_media":92508,"comment_status":"closed","ping_status":"closed","template":"","meta":[],"product_brand":[],"product_cat":[39,9043,8161],"product_tag":[],"class_list":{"0":"post-92506","1":"product","2":"type-product","3":"status-publish","4":"has-post-thumbnail","6":"product_cat-sofas","7":"product_cat-modular-sofas","8":"product_cat-lounge-sets","10":"first","11":"instock","12":"taxable","13":"shipping-taxable","14":"purchasable","15":"product-type-simple"},"yoast_head":"<!-- This site is optimized with the Yoast SEO Premium plugin v25.0 (Yoast SEO v25.0) - https:\/\/yoast.com\/wordpress\/plugins\/seo\/ -->\n<title>Modular sofa for the living room Grand - DomArtStyl<\/title>\n<meta name=\"description\" content=\"Grand modular sofa - comfort and elegance in one. Ideal for any interior. Discover our elegant and comfortable modern sofas.\" \/>\n<meta name=\"robots\" content=\"index, follow, max-snippet:-1, max-image-preview:large, max-video-preview:-1\" \/>\n<link rel=\"canonical\" href=\"https:\/\/domartstyl.com\/en\/modular-sofa-grand-sprp-kopia-kopia\/\" \/>\n<meta property=\"og:locale\" content=\"en_US\" \/>\n<meta property=\"og:type\" content=\"article\" \/>\n<meta property=\"og:title\" content=\"Modular sofa GRAND SL+S+R+P - DomArtStyl\" \/>\n<meta property=\"og:description\" content=\"Grand modular sofa - comfort and elegance in one. Ideal for any interior. Discover our elegant and comfortable modern sofas.\" \/>\n<meta property=\"og:url\" content=\"https:\/\/domartstyl.com\/en\/modular-sofa-grand-sprp-kopia-kopia\/\" \/>\n<meta property=\"og:site_name\" content=\"DomArtStyl\" \/>\n<meta property=\"article:publisher\" content=\"https:\/\/www.facebook.com\/DomArtStyl\/\" \/>\n<meta property=\"article:modified_time\" content=\"2025-05-15T09:56:37+00:00\" \/>\n<meta property=\"og:image\" content=\"https:\/\/domartstyl.com\/wp-content\/uploads\/2025\/01\/1.jpg\" \/>\n\t<meta property=\"og:image:width\" content=\"1000\" \/>\n\t<meta property=\"og:image:height\" content=\"1000\" \/>\n\t<meta property=\"og:image:type\" content=\"image\/jpeg\" \/>\n<meta name=\"twitter:card\" content=\"summary_large_image\" \/>\n<meta name=\"twitter:site\" content=\"@DomArtStyl_pl\" \/>\n<meta name=\"twitter:label1\" content=\"Price\" \/>\n\t<meta name=\"twitter:data1\" content=\"&euro;1.508,00\" \/>\n\t<meta name=\"twitter:label2\" content=\"Availability\" \/>\n\t<meta name=\"twitter:data2\" content=\"In stock\" \/>\n<script type=\"application\/ld+json\" class=\"yoast-schema-graph\">{\"@context\":\"https:\/\/schema.org\",\"@graph\":[{\"@type\":\"WebPage\",\"@id\":\"https:\/\/domartstyl.com\/en\/modular-sofa-grand-sprp-kopia-kopia\/\",\"url\":\"https:\/\/domartstyl.com\/en\/modular-sofa-grand-sprp-kopia-kopia\/\",\"name\":\"Modular sofa for the living room Grand - DomArtStyl\",\"isPartOf\":{\"@id\":\"https:\/\/domartstyl.com\/en\/#website\"},\"primaryImageOfPage\":{\"@id\":\"https:\/\/domartstyl.com\/en\/modular-sofa-grand-sprp-kopia-kopia\/#primaryimage\"},\"image\":{\"@id\":\"https:\/\/domartstyl.com\/en\/modular-sofa-grand-sprp-kopia-kopia\/#primaryimage\"},\"thumbnailUrl\":\"https:\/\/domartstyl.com\/wp-content\/uploads\/2025\/01\/1.jpg\",\"datePublished\":\"2025-01-22T12:02:01+00:00\",\"dateModified\":\"2025-05-15T09:56:37+00:00\",\"description\":\"Grand modular sofa - comfort and elegance in one. Ideal for any interior. Discover our elegant and comfortable modern sofas.\",\"breadcrumb\":{\"@id\":\"https:\/\/domartstyl.com\/en\/modular-sofa-grand-sprp-kopia-kopia\/#breadcrumb\"},\"inLanguage\":\"en-US\",\"potentialAction\":[{\"@type\":\"ReadAction\",\"target\":[\"https:\/\/domartstyl.com\/en\/modular-sofa-grand-sprp-kopia-kopia\/\"]}]},{\"@type\":\"ImageObject\",\"inLanguage\":\"en-US\",\"@id\":\"https:\/\/domartstyl.com\/en\/modular-sofa-grand-sprp-kopia-kopia\/#primaryimage\",\"url\":\"https:\/\/domartstyl.com\/wp-content\/uploads\/2025\/01\/1.jpg\",\"contentUrl\":\"https:\/\/domartstyl.com\/wp-content\/uploads\/2025\/01\/1.jpg\",\"width\":1000,\"height\":1000,\"caption\":\"Sofa Grand do Salonu\"},{\"@type\":\"BreadcrumbList\",\"@id\":\"https:\/\/domartstyl.com\/en\/modular-sofa-grand-sprp-kopia-kopia\/#breadcrumb\",\"itemListElement\":[{\"@type\":\"ListItem\",\"position\":1,\"name\":\"Strona g\u0142\u00f3wna\",\"item\":\"https:\/\/domartstyl.com\/en\/\"},{\"@type\":\"ListItem\",\"position\":2,\"name\":\"Modern Upholstered Furniture\",\"item\":\"https:\/\/domartstyl.com\/en\/furniture\/\"},{\"@type\":\"ListItem\",\"position\":3,\"name\":\"Modular sofa GRAND SL+S+R+P\"}]},{\"@type\":\"WebSite\",\"@id\":\"https:\/\/domartstyl.com\/en\/#website\",\"url\":\"https:\/\/domartstyl.com\/en\/\",\"name\":\"DomArtStyl\",\"description\":\"Tworzymy meble najwy\u017cszej jako\u015bci. Sprzeda\u017c detaliczna \u00b7 Sprzeda\u017c hurtowa\",\"publisher\":{\"@id\":\"https:\/\/domartstyl.com\/en\/#organization\"},\"potentialAction\":[{\"@type\":\"SearchAction\",\"target\":{\"@type\":\"EntryPoint\",\"urlTemplate\":\"https:\/\/domartstyl.com\/en\/?s={search_term_string}\"},\"query-input\":{\"@type\":\"PropertyValueSpecification\",\"valueRequired\":true,\"valueName\":\"search_term_string\"}}],\"inLanguage\":\"en-US\"},{\"@type\":\"Organization\",\"@id\":\"https:\/\/domartstyl.com\/en\/#organization\",\"name\":\"DomArtStyl\",\"url\":\"https:\/\/domartstyl.com\/en\/\",\"logo\":{\"@type\":\"ImageObject\",\"inLanguage\":\"en-US\",\"@id\":\"https:\/\/domartstyl.com\/en\/#\/schema\/logo\/image\/\",\"url\":\"https:\/\/domartstyl.com\/wp-content\/uploads\/2018\/04\/Logo_300_width.png\",\"contentUrl\":\"https:\/\/domartstyl.com\/wp-content\/uploads\/2018\/04\/Logo_300_width.png\",\"width\":300,\"height\":140,\"caption\":\"DomArtStyl\"},\"image\":{\"@id\":\"https:\/\/domartstyl.com\/en\/#\/schema\/logo\/image\/\"},\"sameAs\":[\"https:\/\/www.facebook.com\/DomArtStyl\/\",\"https:\/\/x.com\/DomArtStyl_pl\",\"https:\/\/www.instagram.com\/domartstyl\/?hl=en\",\"https:\/\/pl.pinterest.com\/domartstyl01\/\",\"https:\/\/www.youtube.com\/channel\/UCkISSgvMomI6yFFL3JDbLhw\"]}]}<\/script>\n<meta property=\"product:price:amount\" content=\"1508.00\" \/>\n<meta property=\"product:price:currency\" content=\"EUR\" \/>\n<meta property=\"og:availability\" content=\"instock\" \/>\n<meta property=\"product:availability\" content=\"instock\" \/>\n<meta property=\"product:condition\" content=\"new\" \/>\n<!-- \/ Yoast SEO Premium plugin. -->","yoast_head_json":{"title":"Modular sofa for the living room Grand - DomArtStyl","description":"Grand modular sofa - comfort and elegance in one. Ideal for any interior. Discover our elegant and comfortable modern sofas.","robots":{"index":"index","follow":"follow","max-snippet":"max-snippet:-1","max-image-preview":"max-image-preview:large","max-video-preview":"max-video-preview:-1"},"canonical":"https:\/\/domartstyl.com\/en\/modular-sofa-grand-sprp-kopia-kopia\/","og_locale":"en_US","og_type":"article","og_title":"Modular sofa GRAND SL+S+R+P - DomArtStyl","og_description":"Grand modular sofa - comfort and elegance in one. Ideal for any interior. Discover our elegant and comfortable modern sofas.","og_url":"https:\/\/domartstyl.com\/en\/modular-sofa-grand-sprp-kopia-kopia\/","og_site_name":"DomArtStyl","article_publisher":"https:\/\/www.facebook.com\/DomArtStyl\/","article_modified_time":"2025-05-15T09:56:37+00:00","og_image":[{"width":1000,"height":1000,"url":"https:\/\/domartstyl.com\/wp-content\/uploads\/2025\/01\/1.jpg","type":"image\/jpeg"}],"twitter_card":"summary_large_image","twitter_site":"@DomArtStyl_pl","twitter_misc":{"Price":"&euro;1.508,00","Availability":"In stock"},"schema":{"@context":"https:\/\/schema.org","@graph":[{"@type":"WebPage","@id":"https:\/\/domartstyl.com\/en\/modular-sofa-grand-sprp-kopia-kopia\/","url":"https:\/\/domartstyl.com\/en\/modular-sofa-grand-sprp-kopia-kopia\/","name":"Modular sofa for the living room Grand - DomArtStyl","isPartOf":{"@id":"https:\/\/domartstyl.com\/en\/#website"},"primaryImageOfPage":{"@id":"https:\/\/domartstyl.com\/en\/modular-sofa-grand-sprp-kopia-kopia\/#primaryimage"},"image":{"@id":"https:\/\/domartstyl.com\/en\/modular-sofa-grand-sprp-kopia-kopia\/#primaryimage"},"thumbnailUrl":"https:\/\/domartstyl.com\/wp-content\/uploads\/2025\/01\/1.jpg","datePublished":"2025-01-22T12:02:01+00:00","dateModified":"2025-05-15T09:56:37+00:00","description":"Grand modular sofa - comfort and elegance in one. Ideal for any interior. Discover our elegant and comfortable modern sofas.","breadcrumb":{"@id":"https:\/\/domartstyl.com\/en\/modular-sofa-grand-sprp-kopia-kopia\/#breadcrumb"},"inLanguage":"en-US","potentialAction":[{"@type":"ReadAction","target":["https:\/\/domartstyl.com\/en\/modular-sofa-grand-sprp-kopia-kopia\/"]}]},{"@type":"ImageObject","inLanguage":"en-US","@id":"https:\/\/domartstyl.com\/en\/modular-sofa-grand-sprp-kopia-kopia\/#primaryimage","url":"https:\/\/domartstyl.com\/wp-content\/uploads\/2025\/01\/1.jpg","contentUrl":"https:\/\/domartstyl.com\/wp-content\/uploads\/2025\/01\/1.jpg","width":1000,"height":1000,"caption":"Sofa Grand do Salonu"},{"@type":"BreadcrumbList","@id":"https:\/\/domartstyl.com\/en\/modular-sofa-grand-sprp-kopia-kopia\/#breadcrumb","itemListElement":[{"@type":"ListItem","position":1,"name":"Strona g\u0142\u00f3wna","item":"https:\/\/domartstyl.com\/en\/"},{"@type":"ListItem","position":2,"name":"Modern Upholstered Furniture","item":"https:\/\/domartstyl.com\/en\/furniture\/"},{"@type":"ListItem","position":3,"name":"Modular sofa GRAND SL+S+R+P"}]},{"@type":"WebSite","@id":"https:\/\/domartstyl.com\/en\/#website","url":"https:\/\/domartstyl.com\/en\/","name":"DomArtStyl","description":"Tworzymy meble najwy\u017cszej jako\u015bci. Sprzeda\u017c detaliczna \u00b7 Sprzeda\u017c hurtowa","publisher":{"@id":"https:\/\/domartstyl.com\/en\/#organization"},"potentialAction":[{"@type":"SearchAction","target":{"@type":"EntryPoint","urlTemplate":"https:\/\/domartstyl.com\/en\/?s={search_term_string}"},"query-input":{"@type":"PropertyValueSpecification","valueRequired":true,"valueName":"search_term_string"}}],"inLanguage":"en-US"},{"@type":"Organization","@id":"https:\/\/domartstyl.com\/en\/#organization","name":"DomArtStyl","url":"https:\/\/domartstyl.com\/en\/","logo":{"@type":"ImageObject","inLanguage":"en-US","@id":"https:\/\/domartstyl.com\/en\/#\/schema\/logo\/image\/","url":"https:\/\/domartstyl.com\/wp-content\/uploads\/2018\/04\/Logo_300_width.png","contentUrl":"https:\/\/domartstyl.com\/wp-content\/uploads\/2018\/04\/Logo_300_width.png","width":300,"height":140,"caption":"DomArtStyl"},"image":{"@id":"https:\/\/domartstyl.com\/en\/#\/schema\/logo\/image\/"},"sameAs":["https:\/\/www.facebook.com\/DomArtStyl\/","https:\/\/x.com\/DomArtStyl_pl","https:\/\/www.instagram.com\/domartstyl\/?hl=en","https:\/\/pl.pinterest.com\/domartstyl01\/","https:\/\/www.youtube.com\/channel\/UCkISSgvMomI6yFFL3JDbLhw"]}]},"product_price_amount":"1508.00","product_price_currency":"EUR","og_availability":"instock","product_availability":"instock","product_condition":"new"},"_links":{"self":[{"href":"https:\/\/domartstyl.com\/en\/wp-json\/wp\/v2\/product\/92506","targetHints":{"allow":["GET"]}}],"collection":[{"href":"https:\/\/domartstyl.com\/en\/wp-json\/wp\/v2\/product"}],"about":[{"href":"https:\/\/domartstyl.com\/en\/wp-json\/wp\/v2\/types\/product"}],"replies":[{"embeddable":true,"href":"https:\/\/domartstyl.com\/en\/wp-json\/wp\/v2\/comments?post=92506"}],"wp:featuredmedia":[{"embeddable":true,"href":"https:\/\/domartstyl.com\/en\/wp-json\/wp\/v2\/media\/92508"}],"wp:attachment":[{"href":"https:\/\/domartstyl.com\/en\/wp-json\/wp\/v2\/media?parent=92506"}],"wp:term":[{"taxonomy":"product_brand","embeddable":true,"href":"https:\/\/domartstyl.com\/en\/wp-json\/wp\/v2\/product_brand?post=92506"},{"taxonomy":"product_cat","embeddable":true,"href":"https:\/\/domartstyl.com\/en\/wp-json\/wp\/v2\/product_cat?post=92506"},{"taxonomy":"product_tag","embeddable":true,"href":"https:\/\/domartstyl.com\/en\/wp-json\/wp\/v2\/product_tag?post=92506"}],"curies":[{"name":"wp","href":"https:\/\/api.w.org\/{rel}","templated":true}]}}