{"id":91827,"date":"2024-10-23T12:34:35","date_gmt":"2024-10-23T11:34:35","guid":{"rendered":"https:\/\/domartstyl.com\/?post_type=product&#038;p=91827"},"modified":"2025-05-15T10:56:40","modified_gmt":"2025-05-15T09:56:40","slug":"susan-chair-kopia","status":"publish","type":"product","link":"https:\/\/domartstyl.com\/en\/susan-chair-kopia\/","title":{"rendered":"Bruno chair"},"content":{"rendered":"","protected":false},"excerpt":{"rendered":"<p>The Bruno chair is characterized by a modern design and minimalist style. It is made of light, natural wood, which gives it lightness and elegance. The backrest of the chair is rounded, which ensures comfort of use, and its construction has simple, geometric lines. The legs are slightly tilted outwards, which adds stability and modern character. The seat is upholstered, which increases comfort and gives the furniture additional style.<\/p>\n<p>The chair will work perfectly in modern, Scandinavian interiors, where simplicity and functionality are key.<\/p>\n<p>The furniture is made of natural wood, which is characterized by a unique structure. The legs and armrests in the same piece of furniture may have different grain patterns and colors. These differences are a natural feature of wood related to the diversity of the structure, grain and color of the wood and are not a defect. The repeatability of color and grain can only be achieved with PVC veneers and veneers. Therefore, we draw attention to the possibility of differences in the shades of the stain, especially when ordering another piece of furniture for the set.<\/p>\n","protected":false},"featured_media":91831,"comment_status":"closed","ping_status":"closed","template":"","meta":[],"product_brand":[],"product_cat":[8249],"product_tag":[],"class_list":{"0":"post-91827","1":"product","2":"type-product","3":"status-publish","4":"has-post-thumbnail","6":"product_cat-wholesale-furniture","7":"product_shipping_class-pakowane-pojedynczo-30-40-en","9":"first","10":"instock","11":"taxable","12":"shipping-taxable","13":"product-type-soldout"},"yoast_head":"<!-- This site is optimized with the Yoast SEO Premium plugin v25.0 (Yoast SEO v25.0) - https:\/\/yoast.com\/wordpress\/plugins\/seo\/ -->\n<title>Upholstered Chair - Susan - Scandinavian Style<\/title>\n<meta name=\"description\" content=\"Stylish upholstered dining chair - Susan - made of high quality materials. It will also fit perfectly into the living room or bedroom.\" \/>\n<meta name=\"robots\" content=\"index, follow, max-snippet:-1, max-image-preview:large, max-video-preview:-1\" \/>\n<link rel=\"canonical\" href=\"https:\/\/domartstyl.com\/en\/susan-chair-kopia\/\" \/>\n<meta property=\"og:locale\" content=\"en_US\" \/>\n<meta property=\"og:type\" content=\"article\" \/>\n<meta property=\"og:title\" content=\"Bruno chair - DomArtStyl\" \/>\n<meta property=\"og:description\" content=\"Stylish upholstered dining chair - Susan - made of high quality materials. It will also fit perfectly into the living room or bedroom.\" \/>\n<meta property=\"og:url\" content=\"https:\/\/domartstyl.com\/en\/susan-chair-kopia\/\" \/>\n<meta property=\"og:site_name\" content=\"DomArtStyl\" \/>\n<meta property=\"article:publisher\" content=\"https:\/\/www.facebook.com\/DomArtStyl\/\" \/>\n<meta property=\"article:modified_time\" content=\"2025-05-15T09:56:40+00:00\" \/>\n<meta property=\"og:image\" content=\"https:\/\/domartstyl.com\/wp-content\/uploads\/2024\/10\/Krzeslo-Bruno-1-scaled.jpg\" \/>\n\t<meta property=\"og:image:width\" content=\"2560\" \/>\n\t<meta property=\"og:image:height\" content=\"2560\" \/>\n\t<meta property=\"og:image:type\" content=\"image\/jpeg\" \/>\n<meta name=\"twitter:card\" content=\"summary_large_image\" \/>\n<meta name=\"twitter:site\" content=\"@DomArtStyl_pl\" \/>\n<meta name=\"twitter:label1\" content=\"Price\" \/>\n\t<meta name=\"twitter:data1\" content=\"\" \/>\n\t<meta name=\"twitter:label2\" content=\"Availability\" \/>\n\t<meta name=\"twitter:data2\" content=\"In stock\" \/>\n<script type=\"application\/ld+json\" class=\"yoast-schema-graph\">{\"@context\":\"https:\/\/schema.org\",\"@graph\":[{\"@type\":\"WebPage\",\"@id\":\"https:\/\/domartstyl.com\/en\/susan-chair-kopia\/\",\"url\":\"https:\/\/domartstyl.com\/en\/susan-chair-kopia\/\",\"name\":\"Upholstered Chair - Susan - Scandinavian Style\",\"isPartOf\":{\"@id\":\"https:\/\/domartstyl.com\/en\/#website\"},\"primaryImageOfPage\":{\"@id\":\"https:\/\/domartstyl.com\/en\/susan-chair-kopia\/#primaryimage\"},\"image\":{\"@id\":\"https:\/\/domartstyl.com\/en\/susan-chair-kopia\/#primaryimage\"},\"thumbnailUrl\":\"https:\/\/domartstyl.com\/wp-content\/uploads\/2024\/10\/Krzeslo-Bruno-1-scaled.jpg\",\"datePublished\":\"2024-10-23T11:34:35+00:00\",\"dateModified\":\"2025-05-15T09:56:40+00:00\",\"description\":\"Stylish upholstered dining chair - Susan - made of high quality materials. It will also fit perfectly into the living room or bedroom.\",\"breadcrumb\":{\"@id\":\"https:\/\/domartstyl.com\/en\/susan-chair-kopia\/#breadcrumb\"},\"inLanguage\":\"en-US\",\"potentialAction\":[{\"@type\":\"ReadAction\",\"target\":[\"https:\/\/domartstyl.com\/en\/susan-chair-kopia\/\"]}]},{\"@type\":\"ImageObject\",\"inLanguage\":\"en-US\",\"@id\":\"https:\/\/domartstyl.com\/en\/susan-chair-kopia\/#primaryimage\",\"url\":\"https:\/\/domartstyl.com\/wp-content\/uploads\/2024\/10\/Krzeslo-Bruno-1-scaled.jpg\",\"contentUrl\":\"https:\/\/domartstyl.com\/wp-content\/uploads\/2024\/10\/Krzeslo-Bruno-1-scaled.jpg\",\"width\":2560,\"height\":2560},{\"@type\":\"BreadcrumbList\",\"@id\":\"https:\/\/domartstyl.com\/en\/susan-chair-kopia\/#breadcrumb\",\"itemListElement\":[{\"@type\":\"ListItem\",\"position\":1,\"name\":\"Strona g\u0142\u00f3wna\",\"item\":\"https:\/\/domartstyl.com\/en\/\"},{\"@type\":\"ListItem\",\"position\":2,\"name\":\"Modern Upholstered Furniture\",\"item\":\"https:\/\/domartstyl.com\/en\/furniture\/\"},{\"@type\":\"ListItem\",\"position\":3,\"name\":\"Bruno chair\"}]},{\"@type\":\"WebSite\",\"@id\":\"https:\/\/domartstyl.com\/en\/#website\",\"url\":\"https:\/\/domartstyl.com\/en\/\",\"name\":\"DomArtStyl\",\"description\":\"Tworzymy meble najwy\u017cszej jako\u015bci. Sprzeda\u017c detaliczna \u00b7 Sprzeda\u017c hurtowa\",\"publisher\":{\"@id\":\"https:\/\/domartstyl.com\/en\/#organization\"},\"potentialAction\":[{\"@type\":\"SearchAction\",\"target\":{\"@type\":\"EntryPoint\",\"urlTemplate\":\"https:\/\/domartstyl.com\/en\/?s={search_term_string}\"},\"query-input\":{\"@type\":\"PropertyValueSpecification\",\"valueRequired\":true,\"valueName\":\"search_term_string\"}}],\"inLanguage\":\"en-US\"},{\"@type\":\"Organization\",\"@id\":\"https:\/\/domartstyl.com\/en\/#organization\",\"name\":\"DomArtStyl\",\"url\":\"https:\/\/domartstyl.com\/en\/\",\"logo\":{\"@type\":\"ImageObject\",\"inLanguage\":\"en-US\",\"@id\":\"https:\/\/domartstyl.com\/en\/#\/schema\/logo\/image\/\",\"url\":\"https:\/\/domartstyl.com\/wp-content\/uploads\/2018\/04\/Logo_300_width.png\",\"contentUrl\":\"https:\/\/domartstyl.com\/wp-content\/uploads\/2018\/04\/Logo_300_width.png\",\"width\":300,\"height\":140,\"caption\":\"DomArtStyl\"},\"image\":{\"@id\":\"https:\/\/domartstyl.com\/en\/#\/schema\/logo\/image\/\"},\"sameAs\":[\"https:\/\/www.facebook.com\/DomArtStyl\/\",\"https:\/\/x.com\/DomArtStyl_pl\",\"https:\/\/www.instagram.com\/domartstyl\/?hl=en\",\"https:\/\/pl.pinterest.com\/domartstyl01\/\",\"https:\/\/www.youtube.com\/channel\/UCkISSgvMomI6yFFL3JDbLhw\"]}]}<\/script>\n<meta property=\"product:price:amount\" content=\"0.00\" \/>\n<meta property=\"product:price:currency\" content=\"EUR\" \/>\n<meta property=\"og:availability\" content=\"instock\" \/>\n<meta property=\"product:availability\" content=\"instock\" \/>\n<meta property=\"product:condition\" content=\"new\" \/>\n<!-- \/ Yoast SEO Premium plugin. -->","yoast_head_json":{"title":"Upholstered Chair - Susan - Scandinavian Style","description":"Stylish upholstered dining chair - Susan - made of high quality materials. It will also fit perfectly into the living room or bedroom.","robots":{"index":"index","follow":"follow","max-snippet":"max-snippet:-1","max-image-preview":"max-image-preview:large","max-video-preview":"max-video-preview:-1"},"canonical":"https:\/\/domartstyl.com\/en\/susan-chair-kopia\/","og_locale":"en_US","og_type":"article","og_title":"Bruno chair - DomArtStyl","og_description":"Stylish upholstered dining chair - Susan - made of high quality materials. It will also fit perfectly into the living room or bedroom.","og_url":"https:\/\/domartstyl.com\/en\/susan-chair-kopia\/","og_site_name":"DomArtStyl","article_publisher":"https:\/\/www.facebook.com\/DomArtStyl\/","article_modified_time":"2025-05-15T09:56:40+00:00","og_image":[{"width":2560,"height":2560,"url":"https:\/\/domartstyl.com\/wp-content\/uploads\/2024\/10\/Krzeslo-Bruno-1-scaled.jpg","type":"image\/jpeg"}],"twitter_card":"summary_large_image","twitter_site":"@DomArtStyl_pl","twitter_misc":{"Price":"","Availability":"In stock"},"schema":{"@context":"https:\/\/schema.org","@graph":[{"@type":"WebPage","@id":"https:\/\/domartstyl.com\/en\/susan-chair-kopia\/","url":"https:\/\/domartstyl.com\/en\/susan-chair-kopia\/","name":"Upholstered Chair - Susan - Scandinavian Style","isPartOf":{"@id":"https:\/\/domartstyl.com\/en\/#website"},"primaryImageOfPage":{"@id":"https:\/\/domartstyl.com\/en\/susan-chair-kopia\/#primaryimage"},"image":{"@id":"https:\/\/domartstyl.com\/en\/susan-chair-kopia\/#primaryimage"},"thumbnailUrl":"https:\/\/domartstyl.com\/wp-content\/uploads\/2024\/10\/Krzeslo-Bruno-1-scaled.jpg","datePublished":"2024-10-23T11:34:35+00:00","dateModified":"2025-05-15T09:56:40+00:00","description":"Stylish upholstered dining chair - Susan - made of high quality materials. It will also fit perfectly into the living room or bedroom.","breadcrumb":{"@id":"https:\/\/domartstyl.com\/en\/susan-chair-kopia\/#breadcrumb"},"inLanguage":"en-US","potentialAction":[{"@type":"ReadAction","target":["https:\/\/domartstyl.com\/en\/susan-chair-kopia\/"]}]},{"@type":"ImageObject","inLanguage":"en-US","@id":"https:\/\/domartstyl.com\/en\/susan-chair-kopia\/#primaryimage","url":"https:\/\/domartstyl.com\/wp-content\/uploads\/2024\/10\/Krzeslo-Bruno-1-scaled.jpg","contentUrl":"https:\/\/domartstyl.com\/wp-content\/uploads\/2024\/10\/Krzeslo-Bruno-1-scaled.jpg","width":2560,"height":2560},{"@type":"BreadcrumbList","@id":"https:\/\/domartstyl.com\/en\/susan-chair-kopia\/#breadcrumb","itemListElement":[{"@type":"ListItem","position":1,"name":"Strona g\u0142\u00f3wna","item":"https:\/\/domartstyl.com\/en\/"},{"@type":"ListItem","position":2,"name":"Modern Upholstered Furniture","item":"https:\/\/domartstyl.com\/en\/furniture\/"},{"@type":"ListItem","position":3,"name":"Bruno chair"}]},{"@type":"WebSite","@id":"https:\/\/domartstyl.com\/en\/#website","url":"https:\/\/domartstyl.com\/en\/","name":"DomArtStyl","description":"Tworzymy meble najwy\u017cszej jako\u015bci. Sprzeda\u017c detaliczna \u00b7 Sprzeda\u017c hurtowa","publisher":{"@id":"https:\/\/domartstyl.com\/en\/#organization"},"potentialAction":[{"@type":"SearchAction","target":{"@type":"EntryPoint","urlTemplate":"https:\/\/domartstyl.com\/en\/?s={search_term_string}"},"query-input":{"@type":"PropertyValueSpecification","valueRequired":true,"valueName":"search_term_string"}}],"inLanguage":"en-US"},{"@type":"Organization","@id":"https:\/\/domartstyl.com\/en\/#organization","name":"DomArtStyl","url":"https:\/\/domartstyl.com\/en\/","logo":{"@type":"ImageObject","inLanguage":"en-US","@id":"https:\/\/domartstyl.com\/en\/#\/schema\/logo\/image\/","url":"https:\/\/domartstyl.com\/wp-content\/uploads\/2018\/04\/Logo_300_width.png","contentUrl":"https:\/\/domartstyl.com\/wp-content\/uploads\/2018\/04\/Logo_300_width.png","width":300,"height":140,"caption":"DomArtStyl"},"image":{"@id":"https:\/\/domartstyl.com\/en\/#\/schema\/logo\/image\/"},"sameAs":["https:\/\/www.facebook.com\/DomArtStyl\/","https:\/\/x.com\/DomArtStyl_pl","https:\/\/www.instagram.com\/domartstyl\/?hl=en","https:\/\/pl.pinterest.com\/domartstyl01\/","https:\/\/www.youtube.com\/channel\/UCkISSgvMomI6yFFL3JDbLhw"]}]},"product_price_amount":"0.00","product_price_currency":"EUR","og_availability":"instock","product_availability":"instock","product_condition":"new"},"_links":{"self":[{"href":"https:\/\/domartstyl.com\/en\/wp-json\/wp\/v2\/product\/91827","targetHints":{"allow":["GET"]}}],"collection":[{"href":"https:\/\/domartstyl.com\/en\/wp-json\/wp\/v2\/product"}],"about":[{"href":"https:\/\/domartstyl.com\/en\/wp-json\/wp\/v2\/types\/product"}],"replies":[{"embeddable":true,"href":"https:\/\/domartstyl.com\/en\/wp-json\/wp\/v2\/comments?post=91827"}],"wp:featuredmedia":[{"embeddable":true,"href":"https:\/\/domartstyl.com\/en\/wp-json\/wp\/v2\/media\/91831"}],"wp:attachment":[{"href":"https:\/\/domartstyl.com\/en\/wp-json\/wp\/v2\/media?parent=91827"}],"wp:term":[{"taxonomy":"product_brand","embeddable":true,"href":"https:\/\/domartstyl.com\/en\/wp-json\/wp\/v2\/product_brand?post=91827"},{"taxonomy":"product_cat","embeddable":true,"href":"https:\/\/domartstyl.com\/en\/wp-json\/wp\/v2\/product_cat?post=91827"},{"taxonomy":"product_tag","embeddable":true,"href":"https:\/\/domartstyl.com\/en\/wp-json\/wp\/v2\/product_tag?post=91827"}],"curies":[{"name":"wp","href":"https:\/\/api.w.org\/{rel}","templated":true}]}}