{"id":91554,"date":"2024-09-16T09:30:05","date_gmt":"2024-09-16T08:30:05","guid":{"rendered":"https:\/\/domartstyl.com\/?post_type=product&#038;p=91554"},"modified":"2025-05-15T10:56:42","modified_gmt":"2025-05-15T09:56:42","slug":"lazy-ii-sofa-kopia","status":"publish","type":"product","link":"https:\/\/domartstyl.com\/en\/lazy-ii-sofa-kopia\/","title":{"rendered":"Lazy Corner"},"content":{"rendered":"<div class=\"flex max-w-full flex-col flex-grow\">\n<div class=\"min-h-8 text-message relative flex w-full flex-col items-end gap-2 whitespace-normal break-words text-start [.text-message+&amp;]:mt-5\" dir=\"auto\" data-message-author-role=\"assistant\" data-message-id=\"4c7a4773-3140-4b54-a3e8-5a365ee378e3\" data-message-model-slug=\"gpt-4o\">\n<div class=\"flex w-full flex-col gap-1 empty:hidden first:pt-[3px]\">\n<div class=\"markdown prose w-full break-words dark:prose-invert light\">\n<p data-start=\"0\" data-end=\"52\"><strong data-start=\"0\" data-end=\"50\">Lazy \u2013 minimalist elegance and maximum comfort<\/strong><\/p>\n<p data-start=\"54\" data-end=\"378\">Lazy is a perfect choice for lovers of modern design and comfort. Directly placed on the floor without legs, it aligns with minimalist interior trends, giving spaces a unique character. Its deep seat and ergonomic backrest provide the highest level of relaxation, while the solid construction ensures durability for years.<\/p>\n<h3 data-start=\"380\" data-end=\"406\"><strong data-start=\"384\" data-end=\"404\">Product Features<\/strong><\/h3>\n<ul data-start=\"407\" data-end=\"786\">\n<li data-start=\"407\" data-end=\"502\"><strong data-start=\"409\" data-end=\"426\">Modern shape:<\/strong> The low-profile design gives the corner sofa an elegant and stylish look.<\/li>\n<li data-start=\"503\" data-end=\"603\"><strong data-start=\"505\" data-end=\"517\">No legs:<\/strong> Floor-level placement ensures stability and introduces a cozy, designer appearance.<\/li>\n<li data-start=\"604\" data-end=\"691\"><strong data-start=\"606\" data-end=\"623\">Soft filling:<\/strong> High-quality HR foam guarantees comfort and optimal body support.<\/li>\n<li data-start=\"692\" data-end=\"786\"><strong data-start=\"694\" data-end=\"712\">Spacious seat:<\/strong> A large seating area provides comfort even during long periods of rest.<\/li>\n<\/ul>\n<h3 data-start=\"788\" data-end=\"814\"><strong data-start=\"792\" data-end=\"812\">Product Benefits<\/strong><\/h3>\n<ul data-start=\"815\" data-end=\"1195\">\n<li data-start=\"815\" data-end=\"906\"><strong data-start=\"817\" data-end=\"834\">User comfort:<\/strong> The soft seat and ergonomic cushions promote relaxation and recovery.<\/li>\n<li data-start=\"907\" data-end=\"1004\"><strong data-start=\"909\" data-end=\"923\">Stability:<\/strong> The solid floor-based construction increases durability and weight resistance.<\/li>\n<li data-start=\"1005\" data-end=\"1094\"><strong data-start=\"1007\" data-end=\"1023\">Versatility:<\/strong> Its modern design fits loft, minimalist, and Scandinavian interiors.<\/li>\n<li data-start=\"1095\" data-end=\"1195\"><strong data-start=\"1097\" data-end=\"1118\">Easy arrangement:<\/strong> The sofa blends seamlessly with various decorative styles and accessories.<\/li>\n<\/ul>\n<h3 data-start=\"1197\" data-end=\"1240\"><strong data-start=\"1201\" data-end=\"1238\">What fabric colors are available?<\/strong><\/h3>\n<p data-start=\"1241\" data-end=\"1555\">Lazy comes in a wide range of colors, allowing it to match different interiors perfectly. The collection includes classic shades such as anthracite, gray, and graphite, as well as warm hues like mustard, terracotta, and deep purple. With a rich color palette, you can create a harmonious and stylish arrangement.<\/p>\n<h3 data-start=\"1557\" data-end=\"1598\"><strong data-start=\"1561\" data-end=\"1596\">Is the corner sofa comfortable?<\/strong><\/h3>\n<p data-start=\"1599\" data-end=\"1795\">Yes! Lazy is the perfect place to relax. Its deep seat and soft filling provide exceptional comfort, even after hours of use. The lack of legs adds stability and enhances its elegant appearance.<\/p>\n<h3 data-start=\"1797\" data-end=\"1833\"><strong data-start=\"1801\" data-end=\"1831\">Polish design, top quality<\/strong><\/h3>\n<p data-start=\"1834\" data-end=\"2180\">Lazy is a synonym for comfort and timeless elegance, designed by Polish designers. Its solid construction and high-quality materials ensure exceptional durability and stability. The modern form and attention to detail make it an ideal complement to a stylish interior. This sofa is created for those who seek outstanding quality and aesthetics.<\/p>\n<h3 data-start=\"2182\" data-end=\"2224\"><strong data-start=\"2186\" data-end=\"2222\">Why choose the Lazy corner sofa?<\/strong><\/h3>\n<ul data-start=\"2225\" data-end=\"2566\">\n<li data-start=\"2225\" data-end=\"2315\"><strong data-start=\"2227\" data-end=\"2243\">Modern look:<\/strong> A minimalist, legless form that follows contemporary interior trends.<\/li>\n<li data-start=\"2316\" data-end=\"2408\"><strong data-start=\"2318\" data-end=\"2345\">High-quality materials:<\/strong> Durable, abrasion-resistant fabrics ensure long-lasting use.<\/li>\n<li data-start=\"2409\" data-end=\"2493\"><strong data-start=\"2411\" data-end=\"2435\">Exceptional comfort:<\/strong> Soft filling and a wide seat encourage full relaxation.<\/li>\n<li data-start=\"2494\" data-end=\"2566\"><strong data-start=\"2496\" data-end=\"2517\">Versatile design:<\/strong> Suitable for both spacious and cozy interiors.<\/li>\n<\/ul>\n<h3 data-start=\"2568\" data-end=\"2603\"><strong data-start=\"2572\" data-end=\"2601\">Arrangement possibilities<\/strong><\/h3>\n<p data-start=\"2604\" data-end=\"2817\" data-is-last-node=\"\" data-is-only-node=\"\">Lazy is a perfect choice for modern living rooms, loft spaces, and minimalist interiors. Its elegant, legless form enhances the style and harmony of a space, making it the central focal point of any arrangement.<\/p>\n<\/div>\n<\/div>\n<\/div>\n<\/div>\n","protected":false},"excerpt":{"rendered":"<p>The Lazy corner sofa will add a lot of style and elegance to your interior thanks to its tasteful appearance.<\/p>\n<p>The wide seat and backrest guarantee comfort during use and comfortable rest.<\/p>\n<p>Thanks to these advantages, Lazy will work great in a waiting room or living room, adding a sophisticated look to any room.<\/p>\n<p>Relax in comfortable seats and watch your favorite series comfortably.<\/p>\n","protected":false},"featured_media":91556,"comment_status":"closed","ping_status":"closed","template":"","meta":[],"product_brand":[],"product_cat":[39,9043,8874,8161],"product_tag":[],"class_list":{"0":"post-91554","1":"product","2":"type-product","3":"status-publish","4":"has-post-thumbnail","6":"product_cat-sofas","7":"product_cat-modular-sofas","8":"product_cat-corner-sofas","9":"product_cat-lounge-sets","11":"first","12":"instock","13":"taxable","14":"shipping-taxable","15":"purchasable","16":"product-type-simple"},"yoast_head":"<!-- This site is optimized with the Yoast SEO Premium plugin v25.0 (Yoast SEO v25.0) - https:\/\/yoast.com\/wordpress\/plugins\/seo\/ -->\n<title>Comfortable 2-seater sofa with stitching - DomArtStyl<\/title>\n<meta name=\"description\" content=\"Small two-seater sofa for the living room - comfort and style in a compact form. Ideal for small to compact rooms.\" \/>\n<meta name=\"robots\" content=\"index, follow, max-snippet:-1, max-image-preview:large, max-video-preview:-1\" \/>\n<link rel=\"canonical\" href=\"https:\/\/domartstyl.com\/en\/lazy-ii-sofa-kopia\/\" \/>\n<meta property=\"og:locale\" content=\"en_US\" \/>\n<meta property=\"og:type\" content=\"article\" \/>\n<meta property=\"og:title\" content=\"Lazy Corner - DomArtStyl\" \/>\n<meta property=\"og:description\" content=\"Small two-seater sofa for the living room - comfort and style in a compact form. Ideal for small to compact rooms.\" \/>\n<meta property=\"og:url\" content=\"https:\/\/domartstyl.com\/en\/lazy-ii-sofa-kopia\/\" \/>\n<meta property=\"og:site_name\" content=\"DomArtStyl\" \/>\n<meta property=\"article:publisher\" content=\"https:\/\/www.facebook.com\/DomArtStyl\/\" \/>\n<meta property=\"article:modified_time\" content=\"2025-05-15T09:56:42+00:00\" \/>\n<meta property=\"og:image\" content=\"https:\/\/domartstyl.com\/wp-content\/uploads\/2024\/09\/Naroznik-lazy1.jpg\" \/>\n\t<meta property=\"og:image:width\" content=\"1000\" \/>\n\t<meta property=\"og:image:height\" content=\"1000\" \/>\n\t<meta property=\"og:image:type\" content=\"image\/jpeg\" \/>\n<meta name=\"twitter:card\" content=\"summary_large_image\" \/>\n<meta name=\"twitter:site\" content=\"@DomArtStyl_pl\" \/>\n<meta name=\"twitter:label1\" content=\"Price\" \/>\n\t<meta name=\"twitter:data1\" content=\"&euro;1.303,50\" \/>\n\t<meta name=\"twitter:label2\" content=\"Availability\" \/>\n\t<meta name=\"twitter:data2\" content=\"In stock\" \/>\n<script type=\"application\/ld+json\" class=\"yoast-schema-graph\">{\"@context\":\"https:\/\/schema.org\",\"@graph\":[{\"@type\":\"WebPage\",\"@id\":\"https:\/\/domartstyl.com\/en\/lazy-ii-sofa-kopia\/\",\"url\":\"https:\/\/domartstyl.com\/en\/lazy-ii-sofa-kopia\/\",\"name\":\"Comfortable 2-seater sofa with stitching - DomArtStyl\",\"isPartOf\":{\"@id\":\"https:\/\/domartstyl.com\/en\/#website\"},\"primaryImageOfPage\":{\"@id\":\"https:\/\/domartstyl.com\/en\/lazy-ii-sofa-kopia\/#primaryimage\"},\"image\":{\"@id\":\"https:\/\/domartstyl.com\/en\/lazy-ii-sofa-kopia\/#primaryimage\"},\"thumbnailUrl\":\"https:\/\/domartstyl.com\/wp-content\/uploads\/2024\/09\/Naroznik-lazy1.jpg\",\"datePublished\":\"2024-09-16T08:30:05+00:00\",\"dateModified\":\"2025-05-15T09:56:42+00:00\",\"description\":\"Small two-seater sofa for the living room - comfort and style in a compact form. Ideal for small to compact rooms.\",\"breadcrumb\":{\"@id\":\"https:\/\/domartstyl.com\/en\/lazy-ii-sofa-kopia\/#breadcrumb\"},\"inLanguage\":\"en-US\",\"potentialAction\":[{\"@type\":\"ReadAction\",\"target\":[\"https:\/\/domartstyl.com\/en\/lazy-ii-sofa-kopia\/\"]}]},{\"@type\":\"ImageObject\",\"inLanguage\":\"en-US\",\"@id\":\"https:\/\/domartstyl.com\/en\/lazy-ii-sofa-kopia\/#primaryimage\",\"url\":\"https:\/\/domartstyl.com\/wp-content\/uploads\/2024\/09\/Naroznik-lazy1.jpg\",\"contentUrl\":\"https:\/\/domartstyl.com\/wp-content\/uploads\/2024\/09\/Naroznik-lazy1.jpg\",\"width\":1000,\"height\":1000},{\"@type\":\"BreadcrumbList\",\"@id\":\"https:\/\/domartstyl.com\/en\/lazy-ii-sofa-kopia\/#breadcrumb\",\"itemListElement\":[{\"@type\":\"ListItem\",\"position\":1,\"name\":\"Strona g\u0142\u00f3wna\",\"item\":\"https:\/\/domartstyl.com\/en\/\"},{\"@type\":\"ListItem\",\"position\":2,\"name\":\"Modern Upholstered Furniture\",\"item\":\"https:\/\/domartstyl.com\/en\/furniture\/\"},{\"@type\":\"ListItem\",\"position\":3,\"name\":\"Lazy Corner\"}]},{\"@type\":\"WebSite\",\"@id\":\"https:\/\/domartstyl.com\/en\/#website\",\"url\":\"https:\/\/domartstyl.com\/en\/\",\"name\":\"DomArtStyl\",\"description\":\"Tworzymy meble najwy\u017cszej jako\u015bci. Sprzeda\u017c detaliczna \u00b7 Sprzeda\u017c hurtowa\",\"publisher\":{\"@id\":\"https:\/\/domartstyl.com\/en\/#organization\"},\"potentialAction\":[{\"@type\":\"SearchAction\",\"target\":{\"@type\":\"EntryPoint\",\"urlTemplate\":\"https:\/\/domartstyl.com\/en\/?s={search_term_string}\"},\"query-input\":{\"@type\":\"PropertyValueSpecification\",\"valueRequired\":true,\"valueName\":\"search_term_string\"}}],\"inLanguage\":\"en-US\"},{\"@type\":\"Organization\",\"@id\":\"https:\/\/domartstyl.com\/en\/#organization\",\"name\":\"DomArtStyl\",\"url\":\"https:\/\/domartstyl.com\/en\/\",\"logo\":{\"@type\":\"ImageObject\",\"inLanguage\":\"en-US\",\"@id\":\"https:\/\/domartstyl.com\/en\/#\/schema\/logo\/image\/\",\"url\":\"https:\/\/domartstyl.com\/wp-content\/uploads\/2018\/04\/Logo_300_width.png\",\"contentUrl\":\"https:\/\/domartstyl.com\/wp-content\/uploads\/2018\/04\/Logo_300_width.png\",\"width\":300,\"height\":140,\"caption\":\"DomArtStyl\"},\"image\":{\"@id\":\"https:\/\/domartstyl.com\/en\/#\/schema\/logo\/image\/\"},\"sameAs\":[\"https:\/\/www.facebook.com\/DomArtStyl\/\",\"https:\/\/x.com\/DomArtStyl_pl\",\"https:\/\/www.instagram.com\/domartstyl\/?hl=en\",\"https:\/\/pl.pinterest.com\/domartstyl01\/\",\"https:\/\/www.youtube.com\/channel\/UCkISSgvMomI6yFFL3JDbLhw\"]}]}<\/script>\n<meta property=\"product:price:amount\" content=\"1303.50\" \/>\n<meta property=\"product:price:currency\" content=\"EUR\" \/>\n<meta property=\"og:availability\" content=\"instock\" \/>\n<meta property=\"product:availability\" content=\"instock\" \/>\n<meta property=\"product:condition\" content=\"new\" \/>\n<!-- \/ Yoast SEO Premium plugin. -->","yoast_head_json":{"title":"Comfortable 2-seater sofa with stitching - DomArtStyl","description":"Small two-seater sofa for the living room - comfort and style in a compact form. Ideal for small to compact rooms.","robots":{"index":"index","follow":"follow","max-snippet":"max-snippet:-1","max-image-preview":"max-image-preview:large","max-video-preview":"max-video-preview:-1"},"canonical":"https:\/\/domartstyl.com\/en\/lazy-ii-sofa-kopia\/","og_locale":"en_US","og_type":"article","og_title":"Lazy Corner - DomArtStyl","og_description":"Small two-seater sofa for the living room - comfort and style in a compact form. Ideal for small to compact rooms.","og_url":"https:\/\/domartstyl.com\/en\/lazy-ii-sofa-kopia\/","og_site_name":"DomArtStyl","article_publisher":"https:\/\/www.facebook.com\/DomArtStyl\/","article_modified_time":"2025-05-15T09:56:42+00:00","og_image":[{"width":1000,"height":1000,"url":"https:\/\/domartstyl.com\/wp-content\/uploads\/2024\/09\/Naroznik-lazy1.jpg","type":"image\/jpeg"}],"twitter_card":"summary_large_image","twitter_site":"@DomArtStyl_pl","twitter_misc":{"Price":"&euro;1.303,50","Availability":"In stock"},"schema":{"@context":"https:\/\/schema.org","@graph":[{"@type":"WebPage","@id":"https:\/\/domartstyl.com\/en\/lazy-ii-sofa-kopia\/","url":"https:\/\/domartstyl.com\/en\/lazy-ii-sofa-kopia\/","name":"Comfortable 2-seater sofa with stitching - DomArtStyl","isPartOf":{"@id":"https:\/\/domartstyl.com\/en\/#website"},"primaryImageOfPage":{"@id":"https:\/\/domartstyl.com\/en\/lazy-ii-sofa-kopia\/#primaryimage"},"image":{"@id":"https:\/\/domartstyl.com\/en\/lazy-ii-sofa-kopia\/#primaryimage"},"thumbnailUrl":"https:\/\/domartstyl.com\/wp-content\/uploads\/2024\/09\/Naroznik-lazy1.jpg","datePublished":"2024-09-16T08:30:05+00:00","dateModified":"2025-05-15T09:56:42+00:00","description":"Small two-seater sofa for the living room - comfort and style in a compact form. Ideal for small to compact rooms.","breadcrumb":{"@id":"https:\/\/domartstyl.com\/en\/lazy-ii-sofa-kopia\/#breadcrumb"},"inLanguage":"en-US","potentialAction":[{"@type":"ReadAction","target":["https:\/\/domartstyl.com\/en\/lazy-ii-sofa-kopia\/"]}]},{"@type":"ImageObject","inLanguage":"en-US","@id":"https:\/\/domartstyl.com\/en\/lazy-ii-sofa-kopia\/#primaryimage","url":"https:\/\/domartstyl.com\/wp-content\/uploads\/2024\/09\/Naroznik-lazy1.jpg","contentUrl":"https:\/\/domartstyl.com\/wp-content\/uploads\/2024\/09\/Naroznik-lazy1.jpg","width":1000,"height":1000},{"@type":"BreadcrumbList","@id":"https:\/\/domartstyl.com\/en\/lazy-ii-sofa-kopia\/#breadcrumb","itemListElement":[{"@type":"ListItem","position":1,"name":"Strona g\u0142\u00f3wna","item":"https:\/\/domartstyl.com\/en\/"},{"@type":"ListItem","position":2,"name":"Modern Upholstered Furniture","item":"https:\/\/domartstyl.com\/en\/furniture\/"},{"@type":"ListItem","position":3,"name":"Lazy Corner"}]},{"@type":"WebSite","@id":"https:\/\/domartstyl.com\/en\/#website","url":"https:\/\/domartstyl.com\/en\/","name":"DomArtStyl","description":"Tworzymy meble najwy\u017cszej jako\u015bci. Sprzeda\u017c detaliczna \u00b7 Sprzeda\u017c hurtowa","publisher":{"@id":"https:\/\/domartstyl.com\/en\/#organization"},"potentialAction":[{"@type":"SearchAction","target":{"@type":"EntryPoint","urlTemplate":"https:\/\/domartstyl.com\/en\/?s={search_term_string}"},"query-input":{"@type":"PropertyValueSpecification","valueRequired":true,"valueName":"search_term_string"}}],"inLanguage":"en-US"},{"@type":"Organization","@id":"https:\/\/domartstyl.com\/en\/#organization","name":"DomArtStyl","url":"https:\/\/domartstyl.com\/en\/","logo":{"@type":"ImageObject","inLanguage":"en-US","@id":"https:\/\/domartstyl.com\/en\/#\/schema\/logo\/image\/","url":"https:\/\/domartstyl.com\/wp-content\/uploads\/2018\/04\/Logo_300_width.png","contentUrl":"https:\/\/domartstyl.com\/wp-content\/uploads\/2018\/04\/Logo_300_width.png","width":300,"height":140,"caption":"DomArtStyl"},"image":{"@id":"https:\/\/domartstyl.com\/en\/#\/schema\/logo\/image\/"},"sameAs":["https:\/\/www.facebook.com\/DomArtStyl\/","https:\/\/x.com\/DomArtStyl_pl","https:\/\/www.instagram.com\/domartstyl\/?hl=en","https:\/\/pl.pinterest.com\/domartstyl01\/","https:\/\/www.youtube.com\/channel\/UCkISSgvMomI6yFFL3JDbLhw"]}]},"product_price_amount":"1303.50","product_price_currency":"EUR","og_availability":"instock","product_availability":"instock","product_condition":"new"},"_links":{"self":[{"href":"https:\/\/domartstyl.com\/en\/wp-json\/wp\/v2\/product\/91554","targetHints":{"allow":["GET"]}}],"collection":[{"href":"https:\/\/domartstyl.com\/en\/wp-json\/wp\/v2\/product"}],"about":[{"href":"https:\/\/domartstyl.com\/en\/wp-json\/wp\/v2\/types\/product"}],"replies":[{"embeddable":true,"href":"https:\/\/domartstyl.com\/en\/wp-json\/wp\/v2\/comments?post=91554"}],"wp:featuredmedia":[{"embeddable":true,"href":"https:\/\/domartstyl.com\/en\/wp-json\/wp\/v2\/media\/91556"}],"wp:attachment":[{"href":"https:\/\/domartstyl.com\/en\/wp-json\/wp\/v2\/media?parent=91554"}],"wp:term":[{"taxonomy":"product_brand","embeddable":true,"href":"https:\/\/domartstyl.com\/en\/wp-json\/wp\/v2\/product_brand?post=91554"},{"taxonomy":"product_cat","embeddable":true,"href":"https:\/\/domartstyl.com\/en\/wp-json\/wp\/v2\/product_cat?post=91554"},{"taxonomy":"product_tag","embeddable":true,"href":"https:\/\/domartstyl.com\/en\/wp-json\/wp\/v2\/product_tag?post=91554"}],"curies":[{"name":"wp","href":"https:\/\/api.w.org\/{rel}","templated":true}]}}