{"id":90917,"date":"2024-08-05T07:16:32","date_gmt":"2024-08-05T06:16:33","guid":{"rendered":"https:\/\/domartstyl.com\/?post_type=product&#038;p=90917"},"modified":"2025-05-15T10:56:44","modified_gmt":"2025-05-15T09:56:44","slug":"modular-sofa-poppy-3","status":"publish","type":"product","link":"https:\/\/domartstyl.com\/en\/modular-sofa-poppy-3\/","title":{"rendered":"Modular sofa Poppy 3"},"content":{"rendered":"","protected":false},"excerpt":{"rendered":"<p><strong>The Poppy Modular Sofa<\/strong> is a designer sofa that will bring a lot of style and elegance to your interior with its tasteful design. The wide seats combined with the soft back cushions guarantee comfortable use and a comfortable rest. Thanks to these advantages, the Poppy Modular Sofa will work well in a waiting room or living room, adding a sophisticated look to any room. The Poppy is the perfect solution for any room, as you can easily modify its size with the additional modules. Relax in its comfortable seats and watch your favourite TV series in comfort. See what suggestions are available from us! The pictures show an example of the configuration and colour of a particular model. If you need a sofa that is larger or smaller, in a different shape or colour, please contact our advisors!<\/p>\n","protected":false},"featured_media":90993,"comment_status":"closed","ping_status":"closed","template":"","meta":[],"product_brand":[],"product_cat":[39,9043,8161],"product_tag":[],"class_list":{"0":"post-90917","1":"product","2":"type-product","3":"status-publish","4":"has-post-thumbnail","6":"product_cat-sofas","7":"product_cat-modular-sofas","8":"product_cat-lounge-sets","10":"first","11":"instock","12":"taxable","13":"shipping-taxable","14":"purchasable","15":"product-type-simple"},"yoast_head":"<!-- This site is optimized with the Yoast SEO Premium plugin v25.0 (Yoast SEO v25.0) - https:\/\/yoast.com\/wordpress\/plugins\/seo\/ -->\n<title>Modern Modular 3 seater sofa - Poppy<\/title>\n<meta name=\"description\" content=\"Modular 3-seater sofa for living room Poppy - elegance and style in one. Discover our modular sofas ideal for modern interiors.\" \/>\n<meta name=\"robots\" content=\"index, follow, max-snippet:-1, max-image-preview:large, max-video-preview:-1\" \/>\n<link rel=\"canonical\" href=\"https:\/\/domartstyl.com\/en\/modular-sofa-poppy-3\/\" \/>\n<meta property=\"og:locale\" content=\"en_US\" \/>\n<meta property=\"og:type\" content=\"article\" \/>\n<meta property=\"og:title\" content=\"Modular sofa Poppy 3 - DomArtStyl\" \/>\n<meta property=\"og:description\" content=\"Modular 3-seater sofa for living room Poppy - elegance and style in one. Discover our modular sofas ideal for modern interiors.\" \/>\n<meta property=\"og:url\" content=\"https:\/\/domartstyl.com\/en\/modular-sofa-poppy-3\/\" \/>\n<meta property=\"og:site_name\" content=\"DomArtStyl\" \/>\n<meta property=\"article:publisher\" content=\"https:\/\/www.facebook.com\/DomArtStyl\/\" \/>\n<meta property=\"article:modified_time\" content=\"2025-05-15T09:56:44+00:00\" \/>\n<meta property=\"og:image\" content=\"https:\/\/domartstyl.com\/wp-content\/uploads\/2024\/08\/1-nowoczesna-jasna-kanapa-modulowa-3-osobowa-poppy.jpg\" \/>\n\t<meta property=\"og:image:width\" content=\"1000\" \/>\n\t<meta property=\"og:image:height\" content=\"664\" \/>\n\t<meta property=\"og:image:type\" content=\"image\/jpeg\" \/>\n<meta name=\"twitter:card\" content=\"summary_large_image\" \/>\n<meta name=\"twitter:site\" content=\"@DomArtStyl_pl\" \/>\n<meta name=\"twitter:label1\" content=\"Price\" \/>\n\t<meta name=\"twitter:data1\" content=\"&euro;1.312,50\" \/>\n\t<meta name=\"twitter:label2\" content=\"Availability\" \/>\n\t<meta name=\"twitter:data2\" content=\"In stock\" \/>\n<script type=\"application\/ld+json\" class=\"yoast-schema-graph\">{\"@context\":\"https:\/\/schema.org\",\"@graph\":[{\"@type\":\"WebPage\",\"@id\":\"https:\/\/domartstyl.com\/en\/modular-sofa-poppy-3\/\",\"url\":\"https:\/\/domartstyl.com\/en\/modular-sofa-poppy-3\/\",\"name\":\"Modern Modular 3 seater sofa - Poppy\",\"isPartOf\":{\"@id\":\"https:\/\/domartstyl.com\/en\/#website\"},\"primaryImageOfPage\":{\"@id\":\"https:\/\/domartstyl.com\/en\/modular-sofa-poppy-3\/#primaryimage\"},\"image\":{\"@id\":\"https:\/\/domartstyl.com\/en\/modular-sofa-poppy-3\/#primaryimage\"},\"thumbnailUrl\":\"https:\/\/domartstyl.com\/wp-content\/uploads\/2024\/08\/1-nowoczesna-jasna-kanapa-modulowa-3-osobowa-poppy.jpg\",\"datePublished\":\"2024-08-05T06:16:33+00:00\",\"dateModified\":\"2025-05-15T09:56:44+00:00\",\"description\":\"Modular 3-seater sofa for living room Poppy - elegance and style in one. Discover our modular sofas ideal for modern interiors.\",\"breadcrumb\":{\"@id\":\"https:\/\/domartstyl.com\/en\/modular-sofa-poppy-3\/#breadcrumb\"},\"inLanguage\":\"en-US\",\"potentialAction\":[{\"@type\":\"ReadAction\",\"target\":[\"https:\/\/domartstyl.com\/en\/modular-sofa-poppy-3\/\"]}]},{\"@type\":\"ImageObject\",\"inLanguage\":\"en-US\",\"@id\":\"https:\/\/domartstyl.com\/en\/modular-sofa-poppy-3\/#primaryimage\",\"url\":\"https:\/\/domartstyl.com\/wp-content\/uploads\/2024\/08\/1-nowoczesna-jasna-kanapa-modulowa-3-osobowa-poppy.jpg\",\"contentUrl\":\"https:\/\/domartstyl.com\/wp-content\/uploads\/2024\/08\/1-nowoczesna-jasna-kanapa-modulowa-3-osobowa-poppy.jpg\",\"width\":1000,\"height\":664,\"caption\":\"Nowoczesna jasna kanapa modu\u0142owa 3 osobowa Poppy\"},{\"@type\":\"BreadcrumbList\",\"@id\":\"https:\/\/domartstyl.com\/en\/modular-sofa-poppy-3\/#breadcrumb\",\"itemListElement\":[{\"@type\":\"ListItem\",\"position\":1,\"name\":\"Strona g\u0142\u00f3wna\",\"item\":\"https:\/\/domartstyl.com\/en\/\"},{\"@type\":\"ListItem\",\"position\":2,\"name\":\"Modern Upholstered Furniture\",\"item\":\"https:\/\/domartstyl.com\/en\/furniture\/\"},{\"@type\":\"ListItem\",\"position\":3,\"name\":\"Modular sofa Poppy 3\"}]},{\"@type\":\"WebSite\",\"@id\":\"https:\/\/domartstyl.com\/en\/#website\",\"url\":\"https:\/\/domartstyl.com\/en\/\",\"name\":\"DomArtStyl\",\"description\":\"Tworzymy meble najwy\u017cszej jako\u015bci. Sprzeda\u017c detaliczna \u00b7 Sprzeda\u017c hurtowa\",\"publisher\":{\"@id\":\"https:\/\/domartstyl.com\/en\/#organization\"},\"potentialAction\":[{\"@type\":\"SearchAction\",\"target\":{\"@type\":\"EntryPoint\",\"urlTemplate\":\"https:\/\/domartstyl.com\/en\/?s={search_term_string}\"},\"query-input\":{\"@type\":\"PropertyValueSpecification\",\"valueRequired\":true,\"valueName\":\"search_term_string\"}}],\"inLanguage\":\"en-US\"},{\"@type\":\"Organization\",\"@id\":\"https:\/\/domartstyl.com\/en\/#organization\",\"name\":\"DomArtStyl\",\"url\":\"https:\/\/domartstyl.com\/en\/\",\"logo\":{\"@type\":\"ImageObject\",\"inLanguage\":\"en-US\",\"@id\":\"https:\/\/domartstyl.com\/en\/#\/schema\/logo\/image\/\",\"url\":\"https:\/\/domartstyl.com\/wp-content\/uploads\/2018\/04\/Logo_300_width.png\",\"contentUrl\":\"https:\/\/domartstyl.com\/wp-content\/uploads\/2018\/04\/Logo_300_width.png\",\"width\":300,\"height\":140,\"caption\":\"DomArtStyl\"},\"image\":{\"@id\":\"https:\/\/domartstyl.com\/en\/#\/schema\/logo\/image\/\"},\"sameAs\":[\"https:\/\/www.facebook.com\/DomArtStyl\/\",\"https:\/\/x.com\/DomArtStyl_pl\",\"https:\/\/www.instagram.com\/domartstyl\/?hl=en\",\"https:\/\/pl.pinterest.com\/domartstyl01\/\",\"https:\/\/www.youtube.com\/channel\/UCkISSgvMomI6yFFL3JDbLhw\"]}]}<\/script>\n<meta property=\"product:price:amount\" content=\"1312.50\" \/>\n<meta property=\"product:price:currency\" content=\"EUR\" \/>\n<meta property=\"og:availability\" content=\"instock\" \/>\n<meta property=\"product:availability\" content=\"instock\" \/>\n<meta property=\"product:condition\" content=\"new\" \/>\n<!-- \/ Yoast SEO Premium plugin. -->","yoast_head_json":{"title":"Modern Modular 3 seater sofa - Poppy","description":"Modular 3-seater sofa for living room Poppy - elegance and style in one. Discover our modular sofas ideal for modern interiors.","robots":{"index":"index","follow":"follow","max-snippet":"max-snippet:-1","max-image-preview":"max-image-preview:large","max-video-preview":"max-video-preview:-1"},"canonical":"https:\/\/domartstyl.com\/en\/modular-sofa-poppy-3\/","og_locale":"en_US","og_type":"article","og_title":"Modular sofa Poppy 3 - DomArtStyl","og_description":"Modular 3-seater sofa for living room Poppy - elegance and style in one. Discover our modular sofas ideal for modern interiors.","og_url":"https:\/\/domartstyl.com\/en\/modular-sofa-poppy-3\/","og_site_name":"DomArtStyl","article_publisher":"https:\/\/www.facebook.com\/DomArtStyl\/","article_modified_time":"2025-05-15T09:56:44+00:00","og_image":[{"width":1000,"height":664,"url":"https:\/\/domartstyl.com\/wp-content\/uploads\/2024\/08\/1-nowoczesna-jasna-kanapa-modulowa-3-osobowa-poppy.jpg","type":"image\/jpeg"}],"twitter_card":"summary_large_image","twitter_site":"@DomArtStyl_pl","twitter_misc":{"Price":"&euro;1.312,50","Availability":"In stock"},"schema":{"@context":"https:\/\/schema.org","@graph":[{"@type":"WebPage","@id":"https:\/\/domartstyl.com\/en\/modular-sofa-poppy-3\/","url":"https:\/\/domartstyl.com\/en\/modular-sofa-poppy-3\/","name":"Modern Modular 3 seater sofa - Poppy","isPartOf":{"@id":"https:\/\/domartstyl.com\/en\/#website"},"primaryImageOfPage":{"@id":"https:\/\/domartstyl.com\/en\/modular-sofa-poppy-3\/#primaryimage"},"image":{"@id":"https:\/\/domartstyl.com\/en\/modular-sofa-poppy-3\/#primaryimage"},"thumbnailUrl":"https:\/\/domartstyl.com\/wp-content\/uploads\/2024\/08\/1-nowoczesna-jasna-kanapa-modulowa-3-osobowa-poppy.jpg","datePublished":"2024-08-05T06:16:33+00:00","dateModified":"2025-05-15T09:56:44+00:00","description":"Modular 3-seater sofa for living room Poppy - elegance and style in one. Discover our modular sofas ideal for modern interiors.","breadcrumb":{"@id":"https:\/\/domartstyl.com\/en\/modular-sofa-poppy-3\/#breadcrumb"},"inLanguage":"en-US","potentialAction":[{"@type":"ReadAction","target":["https:\/\/domartstyl.com\/en\/modular-sofa-poppy-3\/"]}]},{"@type":"ImageObject","inLanguage":"en-US","@id":"https:\/\/domartstyl.com\/en\/modular-sofa-poppy-3\/#primaryimage","url":"https:\/\/domartstyl.com\/wp-content\/uploads\/2024\/08\/1-nowoczesna-jasna-kanapa-modulowa-3-osobowa-poppy.jpg","contentUrl":"https:\/\/domartstyl.com\/wp-content\/uploads\/2024\/08\/1-nowoczesna-jasna-kanapa-modulowa-3-osobowa-poppy.jpg","width":1000,"height":664,"caption":"Nowoczesna jasna kanapa modu\u0142owa 3 osobowa Poppy"},{"@type":"BreadcrumbList","@id":"https:\/\/domartstyl.com\/en\/modular-sofa-poppy-3\/#breadcrumb","itemListElement":[{"@type":"ListItem","position":1,"name":"Strona g\u0142\u00f3wna","item":"https:\/\/domartstyl.com\/en\/"},{"@type":"ListItem","position":2,"name":"Modern Upholstered Furniture","item":"https:\/\/domartstyl.com\/en\/furniture\/"},{"@type":"ListItem","position":3,"name":"Modular sofa Poppy 3"}]},{"@type":"WebSite","@id":"https:\/\/domartstyl.com\/en\/#website","url":"https:\/\/domartstyl.com\/en\/","name":"DomArtStyl","description":"Tworzymy meble najwy\u017cszej jako\u015bci. Sprzeda\u017c detaliczna \u00b7 Sprzeda\u017c hurtowa","publisher":{"@id":"https:\/\/domartstyl.com\/en\/#organization"},"potentialAction":[{"@type":"SearchAction","target":{"@type":"EntryPoint","urlTemplate":"https:\/\/domartstyl.com\/en\/?s={search_term_string}"},"query-input":{"@type":"PropertyValueSpecification","valueRequired":true,"valueName":"search_term_string"}}],"inLanguage":"en-US"},{"@type":"Organization","@id":"https:\/\/domartstyl.com\/en\/#organization","name":"DomArtStyl","url":"https:\/\/domartstyl.com\/en\/","logo":{"@type":"ImageObject","inLanguage":"en-US","@id":"https:\/\/domartstyl.com\/en\/#\/schema\/logo\/image\/","url":"https:\/\/domartstyl.com\/wp-content\/uploads\/2018\/04\/Logo_300_width.png","contentUrl":"https:\/\/domartstyl.com\/wp-content\/uploads\/2018\/04\/Logo_300_width.png","width":300,"height":140,"caption":"DomArtStyl"},"image":{"@id":"https:\/\/domartstyl.com\/en\/#\/schema\/logo\/image\/"},"sameAs":["https:\/\/www.facebook.com\/DomArtStyl\/","https:\/\/x.com\/DomArtStyl_pl","https:\/\/www.instagram.com\/domartstyl\/?hl=en","https:\/\/pl.pinterest.com\/domartstyl01\/","https:\/\/www.youtube.com\/channel\/UCkISSgvMomI6yFFL3JDbLhw"]}]},"product_price_amount":"1312.50","product_price_currency":"EUR","og_availability":"instock","product_availability":"instock","product_condition":"new"},"_links":{"self":[{"href":"https:\/\/domartstyl.com\/en\/wp-json\/wp\/v2\/product\/90917","targetHints":{"allow":["GET"]}}],"collection":[{"href":"https:\/\/domartstyl.com\/en\/wp-json\/wp\/v2\/product"}],"about":[{"href":"https:\/\/domartstyl.com\/en\/wp-json\/wp\/v2\/types\/product"}],"replies":[{"embeddable":true,"href":"https:\/\/domartstyl.com\/en\/wp-json\/wp\/v2\/comments?post=90917"}],"wp:featuredmedia":[{"embeddable":true,"href":"https:\/\/domartstyl.com\/en\/wp-json\/wp\/v2\/media\/90993"}],"wp:attachment":[{"href":"https:\/\/domartstyl.com\/en\/wp-json\/wp\/v2\/media?parent=90917"}],"wp:term":[{"taxonomy":"product_brand","embeddable":true,"href":"https:\/\/domartstyl.com\/en\/wp-json\/wp\/v2\/product_brand?post=90917"},{"taxonomy":"product_cat","embeddable":true,"href":"https:\/\/domartstyl.com\/en\/wp-json\/wp\/v2\/product_cat?post=90917"},{"taxonomy":"product_tag","embeddable":true,"href":"https:\/\/domartstyl.com\/en\/wp-json\/wp\/v2\/product_tag?post=90917"}],"curies":[{"name":"wp","href":"https:\/\/api.w.org\/{rel}","templated":true}]}}