{"id":90076,"date":"2024-05-22T12:27:04","date_gmt":"2024-05-22T11:27:05","guid":{"rendered":"https:\/\/domartstyl.com\/?post_type=product&#038;p=90076"},"modified":"2025-05-15T10:56:49","modified_gmt":"2025-05-15T09:56:49","slug":"altura-mils-chair","status":"publish","type":"product","link":"https:\/\/domartstyl.com\/en\/altura-mils-chair\/","title":{"rendered":"Altura Mils Chair"},"content":{"rendered":"","protected":false},"excerpt":{"rendered":"<p><strong>Altura Mils chair<\/strong> is an armchair with a round seat, creates conditions for relaxation and comfortable sitting. The seat, filled with high-flexible foam, provides soft support for the body and minimizes the feeling of fatigue. The carefully contoured backrest, with clearly accentuated armrests, offers exceptional support for the spine and allows you to sit comfortably for long periods of time. Wide vertical stitching of the fabric gives the furniture an elegant and unique look.<\/p>\n<p>Can be made on a swivel base for an extra charge.<br \/>\nIf made on a swivel base, the overall height and seat height will increase by about 2.5 cm.<\/p>\n<p>&nbsp;<\/p>\n","protected":false},"featured_media":90162,"comment_status":"closed","ping_status":"closed","template":"","meta":[],"product_brand":[],"product_cat":[36,8796,8793,8795,8794,8798,647,8797],"product_tag":[],"class_list":{"0":"post-90076","1":"product","2":"type-product","3":"status-publish","4":"has-post-thumbnail","6":"product_cat-chairs","7":"product_cat-chairs-for-the-waiting-room","8":"product_cat-dining-chairs","9":"product_cat-kitchen-chairs","10":"product_cat-living-room-chairs","11":"product_cat-modern-chairs","12":"product_cat-newest-products","13":"product_cat-restaurant-chairs","14":"product_shipping_class-pakowane-podwojnie-30-40-en","16":"first","17":"instock","18":"featured","19":"taxable","20":"shipping-taxable","21":"purchasable","22":"product-type-simple"},"yoast_head":"<!-- This site is optimized with the Yoast SEO Premium plugin v25.0 (Yoast SEO v25.0) - https:\/\/yoast.com\/wordpress\/plugins\/seo\/ -->\n<title>Modern Boucle Dining Chair - Altura Mils<\/title>\n<meta name=\"description\" content=\"Our boucle upholstered chair - Altura Ring, combines modern style with comfort. Add a unique touch to your interior!\" \/>\n<meta name=\"robots\" content=\"index, follow, max-snippet:-1, max-image-preview:large, max-video-preview:-1\" \/>\n<link rel=\"canonical\" href=\"https:\/\/domartstyl.com\/en\/altura-mils-chair\/\" \/>\n<meta property=\"og:locale\" content=\"en_US\" \/>\n<meta property=\"og:type\" content=\"article\" \/>\n<meta property=\"og:title\" content=\"Altura Mils Chair - DomArtStyl\" \/>\n<meta property=\"og:description\" content=\"Our boucle upholstered chair - Altura Ring, combines modern style with comfort. Add a unique touch to your interior!\" \/>\n<meta property=\"og:url\" content=\"https:\/\/domartstyl.com\/en\/altura-mils-chair\/\" \/>\n<meta property=\"og:site_name\" content=\"DomArtStyl\" \/>\n<meta property=\"article:publisher\" content=\"https:\/\/www.facebook.com\/DomArtStyl\/\" \/>\n<meta property=\"article:modified_time\" content=\"2025-05-15T09:56:49+00:00\" \/>\n<meta property=\"og:image\" content=\"https:\/\/domartstyl.com\/wp-content\/uploads\/2024\/05\/1-nowoczesne-krzeslo-boucle-do-jadalni-altura-mils.jpg\" \/>\n\t<meta property=\"og:image:width\" content=\"1200\" \/>\n\t<meta property=\"og:image:height\" content=\"1200\" \/>\n\t<meta property=\"og:image:type\" content=\"image\/jpeg\" \/>\n<meta name=\"twitter:card\" content=\"summary_large_image\" \/>\n<meta name=\"twitter:site\" content=\"@DomArtStyl_pl\" \/>\n<meta name=\"twitter:label1\" content=\"Price\" \/>\n\t<meta name=\"twitter:data1\" content=\"&euro;236,50\" \/>\n\t<meta name=\"twitter:label2\" content=\"Availability\" \/>\n\t<meta name=\"twitter:data2\" content=\"In stock\" \/>\n<script type=\"application\/ld+json\" class=\"yoast-schema-graph\">{\"@context\":\"https:\/\/schema.org\",\"@graph\":[{\"@type\":\"WebPage\",\"@id\":\"https:\/\/domartstyl.com\/en\/altura-mils-chair\/\",\"url\":\"https:\/\/domartstyl.com\/en\/altura-mils-chair\/\",\"name\":\"Modern Boucle Dining Chair - Altura Mils\",\"isPartOf\":{\"@id\":\"https:\/\/domartstyl.com\/en\/#website\"},\"primaryImageOfPage\":{\"@id\":\"https:\/\/domartstyl.com\/en\/altura-mils-chair\/#primaryimage\"},\"image\":{\"@id\":\"https:\/\/domartstyl.com\/en\/altura-mils-chair\/#primaryimage\"},\"thumbnailUrl\":\"https:\/\/domartstyl.com\/wp-content\/uploads\/2024\/05\/1-nowoczesne-krzeslo-boucle-do-jadalni-altura-mils.jpg\",\"datePublished\":\"2024-05-22T11:27:05+00:00\",\"dateModified\":\"2025-05-15T09:56:49+00:00\",\"description\":\"Our boucle upholstered chair - Altura Ring, combines modern style with comfort. Add a unique touch to your interior!\",\"breadcrumb\":{\"@id\":\"https:\/\/domartstyl.com\/en\/altura-mils-chair\/#breadcrumb\"},\"inLanguage\":\"en-US\",\"potentialAction\":[{\"@type\":\"ReadAction\",\"target\":[\"https:\/\/domartstyl.com\/en\/altura-mils-chair\/\"]}]},{\"@type\":\"ImageObject\",\"inLanguage\":\"en-US\",\"@id\":\"https:\/\/domartstyl.com\/en\/altura-mils-chair\/#primaryimage\",\"url\":\"https:\/\/domartstyl.com\/wp-content\/uploads\/2024\/05\/1-nowoczesne-krzeslo-boucle-do-jadalni-altura-mils.jpg\",\"contentUrl\":\"https:\/\/domartstyl.com\/wp-content\/uploads\/2024\/05\/1-nowoczesne-krzeslo-boucle-do-jadalni-altura-mils.jpg\",\"width\":1200,\"height\":1200,\"caption\":\"Modern boucle dining chair Altura Mils\"},{\"@type\":\"BreadcrumbList\",\"@id\":\"https:\/\/domartstyl.com\/en\/altura-mils-chair\/#breadcrumb\",\"itemListElement\":[{\"@type\":\"ListItem\",\"position\":1,\"name\":\"Strona g\u0142\u00f3wna\",\"item\":\"https:\/\/domartstyl.com\/en\/\"},{\"@type\":\"ListItem\",\"position\":2,\"name\":\"Modern Upholstered Furniture\",\"item\":\"https:\/\/domartstyl.com\/en\/furniture\/\"},{\"@type\":\"ListItem\",\"position\":3,\"name\":\"Altura Mils Chair\"}]},{\"@type\":\"WebSite\",\"@id\":\"https:\/\/domartstyl.com\/en\/#website\",\"url\":\"https:\/\/domartstyl.com\/en\/\",\"name\":\"DomArtStyl\",\"description\":\"Tworzymy meble najwy\u017cszej jako\u015bci. Sprzeda\u017c detaliczna \u00b7 Sprzeda\u017c hurtowa\",\"publisher\":{\"@id\":\"https:\/\/domartstyl.com\/en\/#organization\"},\"potentialAction\":[{\"@type\":\"SearchAction\",\"target\":{\"@type\":\"EntryPoint\",\"urlTemplate\":\"https:\/\/domartstyl.com\/en\/?s={search_term_string}\"},\"query-input\":{\"@type\":\"PropertyValueSpecification\",\"valueRequired\":true,\"valueName\":\"search_term_string\"}}],\"inLanguage\":\"en-US\"},{\"@type\":\"Organization\",\"@id\":\"https:\/\/domartstyl.com\/en\/#organization\",\"name\":\"DomArtStyl\",\"url\":\"https:\/\/domartstyl.com\/en\/\",\"logo\":{\"@type\":\"ImageObject\",\"inLanguage\":\"en-US\",\"@id\":\"https:\/\/domartstyl.com\/en\/#\/schema\/logo\/image\/\",\"url\":\"https:\/\/domartstyl.com\/wp-content\/uploads\/2018\/04\/Logo_300_width.png\",\"contentUrl\":\"https:\/\/domartstyl.com\/wp-content\/uploads\/2018\/04\/Logo_300_width.png\",\"width\":300,\"height\":140,\"caption\":\"DomArtStyl\"},\"image\":{\"@id\":\"https:\/\/domartstyl.com\/en\/#\/schema\/logo\/image\/\"},\"sameAs\":[\"https:\/\/www.facebook.com\/DomArtStyl\/\",\"https:\/\/x.com\/DomArtStyl_pl\",\"https:\/\/www.instagram.com\/domartstyl\/?hl=en\",\"https:\/\/pl.pinterest.com\/domartstyl01\/\",\"https:\/\/www.youtube.com\/channel\/UCkISSgvMomI6yFFL3JDbLhw\"]}]}<\/script>\n<meta property=\"product:price:amount\" content=\"236.50\" \/>\n<meta property=\"product:price:currency\" content=\"EUR\" \/>\n<meta property=\"og:availability\" content=\"instock\" \/>\n<meta property=\"product:availability\" content=\"instock\" \/>\n<meta property=\"product:condition\" content=\"new\" \/>\n<!-- \/ Yoast SEO Premium plugin. -->","yoast_head_json":{"title":"Modern Boucle Dining Chair - Altura Mils","description":"Our boucle upholstered chair - Altura Ring, combines modern style with comfort. Add a unique touch to your interior!","robots":{"index":"index","follow":"follow","max-snippet":"max-snippet:-1","max-image-preview":"max-image-preview:large","max-video-preview":"max-video-preview:-1"},"canonical":"https:\/\/domartstyl.com\/en\/altura-mils-chair\/","og_locale":"en_US","og_type":"article","og_title":"Altura Mils Chair - DomArtStyl","og_description":"Our boucle upholstered chair - Altura Ring, combines modern style with comfort. Add a unique touch to your interior!","og_url":"https:\/\/domartstyl.com\/en\/altura-mils-chair\/","og_site_name":"DomArtStyl","article_publisher":"https:\/\/www.facebook.com\/DomArtStyl\/","article_modified_time":"2025-05-15T09:56:49+00:00","og_image":[{"width":1200,"height":1200,"url":"https:\/\/domartstyl.com\/wp-content\/uploads\/2024\/05\/1-nowoczesne-krzeslo-boucle-do-jadalni-altura-mils.jpg","type":"image\/jpeg"}],"twitter_card":"summary_large_image","twitter_site":"@DomArtStyl_pl","twitter_misc":{"Price":"&euro;236,50","Availability":"In stock"},"schema":{"@context":"https:\/\/schema.org","@graph":[{"@type":"WebPage","@id":"https:\/\/domartstyl.com\/en\/altura-mils-chair\/","url":"https:\/\/domartstyl.com\/en\/altura-mils-chair\/","name":"Modern Boucle Dining Chair - Altura Mils","isPartOf":{"@id":"https:\/\/domartstyl.com\/en\/#website"},"primaryImageOfPage":{"@id":"https:\/\/domartstyl.com\/en\/altura-mils-chair\/#primaryimage"},"image":{"@id":"https:\/\/domartstyl.com\/en\/altura-mils-chair\/#primaryimage"},"thumbnailUrl":"https:\/\/domartstyl.com\/wp-content\/uploads\/2024\/05\/1-nowoczesne-krzeslo-boucle-do-jadalni-altura-mils.jpg","datePublished":"2024-05-22T11:27:05+00:00","dateModified":"2025-05-15T09:56:49+00:00","description":"Our boucle upholstered chair - Altura Ring, combines modern style with comfort. Add a unique touch to your interior!","breadcrumb":{"@id":"https:\/\/domartstyl.com\/en\/altura-mils-chair\/#breadcrumb"},"inLanguage":"en-US","potentialAction":[{"@type":"ReadAction","target":["https:\/\/domartstyl.com\/en\/altura-mils-chair\/"]}]},{"@type":"ImageObject","inLanguage":"en-US","@id":"https:\/\/domartstyl.com\/en\/altura-mils-chair\/#primaryimage","url":"https:\/\/domartstyl.com\/wp-content\/uploads\/2024\/05\/1-nowoczesne-krzeslo-boucle-do-jadalni-altura-mils.jpg","contentUrl":"https:\/\/domartstyl.com\/wp-content\/uploads\/2024\/05\/1-nowoczesne-krzeslo-boucle-do-jadalni-altura-mils.jpg","width":1200,"height":1200,"caption":"Modern boucle dining chair Altura Mils"},{"@type":"BreadcrumbList","@id":"https:\/\/domartstyl.com\/en\/altura-mils-chair\/#breadcrumb","itemListElement":[{"@type":"ListItem","position":1,"name":"Strona g\u0142\u00f3wna","item":"https:\/\/domartstyl.com\/en\/"},{"@type":"ListItem","position":2,"name":"Modern Upholstered Furniture","item":"https:\/\/domartstyl.com\/en\/furniture\/"},{"@type":"ListItem","position":3,"name":"Altura Mils Chair"}]},{"@type":"WebSite","@id":"https:\/\/domartstyl.com\/en\/#website","url":"https:\/\/domartstyl.com\/en\/","name":"DomArtStyl","description":"Tworzymy meble najwy\u017cszej jako\u015bci. Sprzeda\u017c detaliczna \u00b7 Sprzeda\u017c hurtowa","publisher":{"@id":"https:\/\/domartstyl.com\/en\/#organization"},"potentialAction":[{"@type":"SearchAction","target":{"@type":"EntryPoint","urlTemplate":"https:\/\/domartstyl.com\/en\/?s={search_term_string}"},"query-input":{"@type":"PropertyValueSpecification","valueRequired":true,"valueName":"search_term_string"}}],"inLanguage":"en-US"},{"@type":"Organization","@id":"https:\/\/domartstyl.com\/en\/#organization","name":"DomArtStyl","url":"https:\/\/domartstyl.com\/en\/","logo":{"@type":"ImageObject","inLanguage":"en-US","@id":"https:\/\/domartstyl.com\/en\/#\/schema\/logo\/image\/","url":"https:\/\/domartstyl.com\/wp-content\/uploads\/2018\/04\/Logo_300_width.png","contentUrl":"https:\/\/domartstyl.com\/wp-content\/uploads\/2018\/04\/Logo_300_width.png","width":300,"height":140,"caption":"DomArtStyl"},"image":{"@id":"https:\/\/domartstyl.com\/en\/#\/schema\/logo\/image\/"},"sameAs":["https:\/\/www.facebook.com\/DomArtStyl\/","https:\/\/x.com\/DomArtStyl_pl","https:\/\/www.instagram.com\/domartstyl\/?hl=en","https:\/\/pl.pinterest.com\/domartstyl01\/","https:\/\/www.youtube.com\/channel\/UCkISSgvMomI6yFFL3JDbLhw"]}]},"product_price_amount":"236.50","product_price_currency":"EUR","og_availability":"instock","product_availability":"instock","product_condition":"new"},"_links":{"self":[{"href":"https:\/\/domartstyl.com\/en\/wp-json\/wp\/v2\/product\/90076","targetHints":{"allow":["GET"]}}],"collection":[{"href":"https:\/\/domartstyl.com\/en\/wp-json\/wp\/v2\/product"}],"about":[{"href":"https:\/\/domartstyl.com\/en\/wp-json\/wp\/v2\/types\/product"}],"replies":[{"embeddable":true,"href":"https:\/\/domartstyl.com\/en\/wp-json\/wp\/v2\/comments?post=90076"}],"wp:featuredmedia":[{"embeddable":true,"href":"https:\/\/domartstyl.com\/en\/wp-json\/wp\/v2\/media\/90162"}],"wp:attachment":[{"href":"https:\/\/domartstyl.com\/en\/wp-json\/wp\/v2\/media?parent=90076"}],"wp:term":[{"taxonomy":"product_brand","embeddable":true,"href":"https:\/\/domartstyl.com\/en\/wp-json\/wp\/v2\/product_brand?post=90076"},{"taxonomy":"product_cat","embeddable":true,"href":"https:\/\/domartstyl.com\/en\/wp-json\/wp\/v2\/product_cat?post=90076"},{"taxonomy":"product_tag","embeddable":true,"href":"https:\/\/domartstyl.com\/en\/wp-json\/wp\/v2\/product_tag?post=90076"}],"curies":[{"name":"wp","href":"https:\/\/api.w.org\/{rel}","templated":true}]}}