{"id":89864,"date":"2024-04-22T12:39:53","date_gmt":"2024-04-22T11:39:54","guid":{"rendered":"https:\/\/domartstyl.com\/?post_type=product&#038;p=89864"},"modified":"2025-05-15T10:56:49","modified_gmt":"2025-05-15T09:56:49","slug":"clio-mils-armchair","status":"publish","type":"product","link":"https:\/\/domartstyl.com\/en\/clio-mils-armchair\/","title":{"rendered":"Clio Mils armchair"},"content":{"rendered":"","protected":false},"excerpt":{"rendered":"<p>A chair with a round seat that creates conditions for relaxation and comfortable seating. The seat, filled with high-density foam, provides soft support for the body and minimizes the feeling of fatigue. The carefully contoured backrest, with prominently accented armrests, offers exceptional spinal support and allows for comfortable seating for extended periods. Wide, vertical material stitching gives the furniture an elegant and unique appearance.<\/p>\n<p id=\"tw-target-text\" class=\"tw-data-text tw-text-large tw-ta\" dir=\"ltr\" data-placeholder=\"T\u0142umaczenie\" aria-label=\"Przet\u0142umaczony tekst\" data-ved=\"2ahUKEwjx4YqM-deFAxWnYPEDHV2SCl4Q3ewLegQIBRAU\"><span class=\"Y2IQFc\" lang=\"en\">Can be made on a swivel base for an additional fee. If made on a swivel base, the total height and seat height will increase by approximately 2.5 cm.<\/span><\/p>\n","protected":false},"featured_media":89910,"comment_status":"closed","ping_status":"closed","template":"","meta":[],"product_brand":[],"product_cat":[647,34,8851,8852,8853,8855,8857],"product_tag":[],"class_list":{"0":"post-89864","1":"product","2":"type-product","3":"status-publish","4":"has-post-thumbnail","6":"product_cat-newest-products","7":"product_cat-armchairs","8":"product_cat-living-room-armchairs","9":"product_cat-dining-armchairs","10":"product_cat-waiting-room-armchairs","11":"product_cat-cafe-armchairs","12":"product_cat-modern-armchairs","13":"product_shipping_class-pakowane-pojedynczo-30-40-en","15":"first","16":"instock","17":"taxable","18":"shipping-taxable","19":"purchasable","20":"product-type-simple"},"yoast_head":"<!-- This site is optimized with the Yoast SEO Premium plugin v25.0 (Yoast SEO v25.0) - https:\/\/yoast.com\/wordpress\/plugins\/seo\/ -->\n<title>Armchair Upholstered Modern Design Clio Mils<\/title>\n<meta name=\"description\" content=\"Create a unique arrangement of your interior with an upholstered armchair with a modern design - Clio Mils. Elegance and comfort in one.\" \/>\n<meta name=\"robots\" content=\"index, follow, max-snippet:-1, max-image-preview:large, max-video-preview:-1\" \/>\n<link rel=\"canonical\" href=\"https:\/\/domartstyl.com\/en\/clio-mils-armchair\/\" \/>\n<meta property=\"og:locale\" content=\"en_US\" \/>\n<meta property=\"og:type\" content=\"article\" \/>\n<meta property=\"og:title\" content=\"Clio Mils armchair - DomArtStyl\" \/>\n<meta property=\"og:description\" content=\"Create a unique arrangement of your interior with an upholstered armchair with a modern design - Clio Mils. Elegance and comfort in one.\" \/>\n<meta property=\"og:url\" content=\"https:\/\/domartstyl.com\/en\/clio-mils-armchair\/\" \/>\n<meta property=\"og:site_name\" content=\"DomArtStyl\" \/>\n<meta property=\"article:publisher\" content=\"https:\/\/www.facebook.com\/DomArtStyl\/\" \/>\n<meta property=\"article:modified_time\" content=\"2025-05-15T09:56:49+00:00\" \/>\n<meta property=\"og:image\" content=\"https:\/\/domartstyl.com\/wp-content\/uploads\/2024\/04\/1-bezowy-fotel-tapicerowany-nowoczesny-design-clio-mils.jpg\" \/>\n\t<meta property=\"og:image:width\" content=\"1200\" \/>\n\t<meta property=\"og:image:height\" content=\"1200\" \/>\n\t<meta property=\"og:image:type\" content=\"image\/jpeg\" \/>\n<meta name=\"twitter:card\" content=\"summary_large_image\" \/>\n<meta name=\"twitter:site\" content=\"@DomArtStyl_pl\" \/>\n<meta name=\"twitter:label1\" content=\"Price\" \/>\n\t<meta name=\"twitter:data1\" content=\"&euro;226,75\" \/>\n\t<meta name=\"twitter:label2\" content=\"Availability\" \/>\n\t<meta name=\"twitter:data2\" content=\"In stock\" \/>\n<script type=\"application\/ld+json\" class=\"yoast-schema-graph\">{\"@context\":\"https:\/\/schema.org\",\"@graph\":[{\"@type\":\"WebPage\",\"@id\":\"https:\/\/domartstyl.com\/en\/clio-mils-armchair\/\",\"url\":\"https:\/\/domartstyl.com\/en\/clio-mils-armchair\/\",\"name\":\"Armchair Upholstered Modern Design Clio Mils\",\"isPartOf\":{\"@id\":\"https:\/\/domartstyl.com\/en\/#website\"},\"primaryImageOfPage\":{\"@id\":\"https:\/\/domartstyl.com\/en\/clio-mils-armchair\/#primaryimage\"},\"image\":{\"@id\":\"https:\/\/domartstyl.com\/en\/clio-mils-armchair\/#primaryimage\"},\"thumbnailUrl\":\"https:\/\/domartstyl.com\/wp-content\/uploads\/2024\/04\/1-bezowy-fotel-tapicerowany-nowoczesny-design-clio-mils.jpg\",\"datePublished\":\"2024-04-22T11:39:54+00:00\",\"dateModified\":\"2025-05-15T09:56:49+00:00\",\"description\":\"Create a unique arrangement of your interior with an upholstered armchair with a modern design - Clio Mils. Elegance and comfort in one.\",\"breadcrumb\":{\"@id\":\"https:\/\/domartstyl.com\/en\/clio-mils-armchair\/#breadcrumb\"},\"inLanguage\":\"en-US\",\"potentialAction\":[{\"@type\":\"ReadAction\",\"target\":[\"https:\/\/domartstyl.com\/en\/clio-mils-armchair\/\"]}]},{\"@type\":\"ImageObject\",\"inLanguage\":\"en-US\",\"@id\":\"https:\/\/domartstyl.com\/en\/clio-mils-armchair\/#primaryimage\",\"url\":\"https:\/\/domartstyl.com\/wp-content\/uploads\/2024\/04\/1-bezowy-fotel-tapicerowany-nowoczesny-design-clio-mils.jpg\",\"contentUrl\":\"https:\/\/domartstyl.com\/wp-content\/uploads\/2024\/04\/1-bezowy-fotel-tapicerowany-nowoczesny-design-clio-mils.jpg\",\"width\":1200,\"height\":1200,\"caption\":\"Beige upholstered armchair modern design Clio Mils\"},{\"@type\":\"BreadcrumbList\",\"@id\":\"https:\/\/domartstyl.com\/en\/clio-mils-armchair\/#breadcrumb\",\"itemListElement\":[{\"@type\":\"ListItem\",\"position\":1,\"name\":\"Strona g\u0142\u00f3wna\",\"item\":\"https:\/\/domartstyl.com\/en\/\"},{\"@type\":\"ListItem\",\"position\":2,\"name\":\"Modern Upholstered Furniture\",\"item\":\"https:\/\/domartstyl.com\/en\/furniture\/\"},{\"@type\":\"ListItem\",\"position\":3,\"name\":\"Clio Mils armchair\"}]},{\"@type\":\"WebSite\",\"@id\":\"https:\/\/domartstyl.com\/en\/#website\",\"url\":\"https:\/\/domartstyl.com\/en\/\",\"name\":\"DomArtStyl\",\"description\":\"Tworzymy meble najwy\u017cszej jako\u015bci. Sprzeda\u017c detaliczna \u00b7 Sprzeda\u017c hurtowa\",\"publisher\":{\"@id\":\"https:\/\/domartstyl.com\/en\/#organization\"},\"potentialAction\":[{\"@type\":\"SearchAction\",\"target\":{\"@type\":\"EntryPoint\",\"urlTemplate\":\"https:\/\/domartstyl.com\/en\/?s={search_term_string}\"},\"query-input\":{\"@type\":\"PropertyValueSpecification\",\"valueRequired\":true,\"valueName\":\"search_term_string\"}}],\"inLanguage\":\"en-US\"},{\"@type\":\"Organization\",\"@id\":\"https:\/\/domartstyl.com\/en\/#organization\",\"name\":\"DomArtStyl\",\"url\":\"https:\/\/domartstyl.com\/en\/\",\"logo\":{\"@type\":\"ImageObject\",\"inLanguage\":\"en-US\",\"@id\":\"https:\/\/domartstyl.com\/en\/#\/schema\/logo\/image\/\",\"url\":\"https:\/\/domartstyl.com\/wp-content\/uploads\/2018\/04\/Logo_300_width.png\",\"contentUrl\":\"https:\/\/domartstyl.com\/wp-content\/uploads\/2018\/04\/Logo_300_width.png\",\"width\":300,\"height\":140,\"caption\":\"DomArtStyl\"},\"image\":{\"@id\":\"https:\/\/domartstyl.com\/en\/#\/schema\/logo\/image\/\"},\"sameAs\":[\"https:\/\/www.facebook.com\/DomArtStyl\/\",\"https:\/\/x.com\/DomArtStyl_pl\",\"https:\/\/www.instagram.com\/domartstyl\/?hl=en\",\"https:\/\/pl.pinterest.com\/domartstyl01\/\",\"https:\/\/www.youtube.com\/channel\/UCkISSgvMomI6yFFL3JDbLhw\"]}]}<\/script>\n<meta property=\"product:price:amount\" content=\"226.75\" \/>\n<meta property=\"product:price:currency\" content=\"EUR\" \/>\n<meta property=\"og:availability\" content=\"instock\" \/>\n<meta property=\"product:availability\" content=\"instock\" \/>\n<meta property=\"product:condition\" content=\"new\" \/>\n<!-- \/ Yoast SEO Premium plugin. -->","yoast_head_json":{"title":"Armchair Upholstered Modern Design Clio Mils","description":"Create a unique arrangement of your interior with an upholstered armchair with a modern design - Clio Mils. Elegance and comfort in one.","robots":{"index":"index","follow":"follow","max-snippet":"max-snippet:-1","max-image-preview":"max-image-preview:large","max-video-preview":"max-video-preview:-1"},"canonical":"https:\/\/domartstyl.com\/en\/clio-mils-armchair\/","og_locale":"en_US","og_type":"article","og_title":"Clio Mils armchair - DomArtStyl","og_description":"Create a unique arrangement of your interior with an upholstered armchair with a modern design - Clio Mils. Elegance and comfort in one.","og_url":"https:\/\/domartstyl.com\/en\/clio-mils-armchair\/","og_site_name":"DomArtStyl","article_publisher":"https:\/\/www.facebook.com\/DomArtStyl\/","article_modified_time":"2025-05-15T09:56:49+00:00","og_image":[{"width":1200,"height":1200,"url":"https:\/\/domartstyl.com\/wp-content\/uploads\/2024\/04\/1-bezowy-fotel-tapicerowany-nowoczesny-design-clio-mils.jpg","type":"image\/jpeg"}],"twitter_card":"summary_large_image","twitter_site":"@DomArtStyl_pl","twitter_misc":{"Price":"&euro;226,75","Availability":"In stock"},"schema":{"@context":"https:\/\/schema.org","@graph":[{"@type":"WebPage","@id":"https:\/\/domartstyl.com\/en\/clio-mils-armchair\/","url":"https:\/\/domartstyl.com\/en\/clio-mils-armchair\/","name":"Armchair Upholstered Modern Design Clio Mils","isPartOf":{"@id":"https:\/\/domartstyl.com\/en\/#website"},"primaryImageOfPage":{"@id":"https:\/\/domartstyl.com\/en\/clio-mils-armchair\/#primaryimage"},"image":{"@id":"https:\/\/domartstyl.com\/en\/clio-mils-armchair\/#primaryimage"},"thumbnailUrl":"https:\/\/domartstyl.com\/wp-content\/uploads\/2024\/04\/1-bezowy-fotel-tapicerowany-nowoczesny-design-clio-mils.jpg","datePublished":"2024-04-22T11:39:54+00:00","dateModified":"2025-05-15T09:56:49+00:00","description":"Create a unique arrangement of your interior with an upholstered armchair with a modern design - Clio Mils. Elegance and comfort in one.","breadcrumb":{"@id":"https:\/\/domartstyl.com\/en\/clio-mils-armchair\/#breadcrumb"},"inLanguage":"en-US","potentialAction":[{"@type":"ReadAction","target":["https:\/\/domartstyl.com\/en\/clio-mils-armchair\/"]}]},{"@type":"ImageObject","inLanguage":"en-US","@id":"https:\/\/domartstyl.com\/en\/clio-mils-armchair\/#primaryimage","url":"https:\/\/domartstyl.com\/wp-content\/uploads\/2024\/04\/1-bezowy-fotel-tapicerowany-nowoczesny-design-clio-mils.jpg","contentUrl":"https:\/\/domartstyl.com\/wp-content\/uploads\/2024\/04\/1-bezowy-fotel-tapicerowany-nowoczesny-design-clio-mils.jpg","width":1200,"height":1200,"caption":"Beige upholstered armchair modern design Clio Mils"},{"@type":"BreadcrumbList","@id":"https:\/\/domartstyl.com\/en\/clio-mils-armchair\/#breadcrumb","itemListElement":[{"@type":"ListItem","position":1,"name":"Strona g\u0142\u00f3wna","item":"https:\/\/domartstyl.com\/en\/"},{"@type":"ListItem","position":2,"name":"Modern Upholstered Furniture","item":"https:\/\/domartstyl.com\/en\/furniture\/"},{"@type":"ListItem","position":3,"name":"Clio Mils armchair"}]},{"@type":"WebSite","@id":"https:\/\/domartstyl.com\/en\/#website","url":"https:\/\/domartstyl.com\/en\/","name":"DomArtStyl","description":"Tworzymy meble najwy\u017cszej jako\u015bci. Sprzeda\u017c detaliczna \u00b7 Sprzeda\u017c hurtowa","publisher":{"@id":"https:\/\/domartstyl.com\/en\/#organization"},"potentialAction":[{"@type":"SearchAction","target":{"@type":"EntryPoint","urlTemplate":"https:\/\/domartstyl.com\/en\/?s={search_term_string}"},"query-input":{"@type":"PropertyValueSpecification","valueRequired":true,"valueName":"search_term_string"}}],"inLanguage":"en-US"},{"@type":"Organization","@id":"https:\/\/domartstyl.com\/en\/#organization","name":"DomArtStyl","url":"https:\/\/domartstyl.com\/en\/","logo":{"@type":"ImageObject","inLanguage":"en-US","@id":"https:\/\/domartstyl.com\/en\/#\/schema\/logo\/image\/","url":"https:\/\/domartstyl.com\/wp-content\/uploads\/2018\/04\/Logo_300_width.png","contentUrl":"https:\/\/domartstyl.com\/wp-content\/uploads\/2018\/04\/Logo_300_width.png","width":300,"height":140,"caption":"DomArtStyl"},"image":{"@id":"https:\/\/domartstyl.com\/en\/#\/schema\/logo\/image\/"},"sameAs":["https:\/\/www.facebook.com\/DomArtStyl\/","https:\/\/x.com\/DomArtStyl_pl","https:\/\/www.instagram.com\/domartstyl\/?hl=en","https:\/\/pl.pinterest.com\/domartstyl01\/","https:\/\/www.youtube.com\/channel\/UCkISSgvMomI6yFFL3JDbLhw"]}]},"product_price_amount":"226.75","product_price_currency":"EUR","og_availability":"instock","product_availability":"instock","product_condition":"new"},"_links":{"self":[{"href":"https:\/\/domartstyl.com\/en\/wp-json\/wp\/v2\/product\/89864","targetHints":{"allow":["GET"]}}],"collection":[{"href":"https:\/\/domartstyl.com\/en\/wp-json\/wp\/v2\/product"}],"about":[{"href":"https:\/\/domartstyl.com\/en\/wp-json\/wp\/v2\/types\/product"}],"replies":[{"embeddable":true,"href":"https:\/\/domartstyl.com\/en\/wp-json\/wp\/v2\/comments?post=89864"}],"wp:featuredmedia":[{"embeddable":true,"href":"https:\/\/domartstyl.com\/en\/wp-json\/wp\/v2\/media\/89910"}],"wp:attachment":[{"href":"https:\/\/domartstyl.com\/en\/wp-json\/wp\/v2\/media?parent=89864"}],"wp:term":[{"taxonomy":"product_brand","embeddable":true,"href":"https:\/\/domartstyl.com\/en\/wp-json\/wp\/v2\/product_brand?post=89864"},{"taxonomy":"product_cat","embeddable":true,"href":"https:\/\/domartstyl.com\/en\/wp-json\/wp\/v2\/product_cat?post=89864"},{"taxonomy":"product_tag","embeddable":true,"href":"https:\/\/domartstyl.com\/en\/wp-json\/wp\/v2\/product_tag?post=89864"}],"curies":[{"name":"wp","href":"https:\/\/api.w.org\/{rel}","templated":true}]}}