{"id":89291,"date":"2024-03-11T13:54:59","date_gmt":"2024-03-11T12:54:59","guid":{"rendered":"https:\/\/domartstyl.com\/?post_type=product&#038;p=89291"},"modified":"2025-05-15T10:57:45","modified_gmt":"2025-05-15T09:57:45","slug":"syntia-gold-chair","status":"publish","type":"product","link":"https:\/\/domartstyl.com\/en\/syntia-gold-chair\/","title":{"rendered":"Syntia Black chair"},"content":{"rendered":"","protected":false},"excerpt":{"rendered":"<p><span class=\"Y2IQFc\" lang=\"en\">The furniture is available in the colors below.<br \/>\nLimited quantity<br \/>\n<\/span><\/p>\n<p>The Syntia Black chair is an exceptionally stylish piece of furniture.<br \/>\nIts elegant and interesting shape attracts attention and distinguishes it from other chairs.<\/p>\n<p>* Imported product<\/p>\n","protected":false},"featured_media":95541,"comment_status":"closed","ping_status":"closed","template":"","meta":[],"product_brand":[],"product_cat":[36,8793,8794,8795,8798,8805,8803],"product_tag":[9064],"class_list":{"0":"post-89291","1":"product","2":"type-product","3":"status-publish","4":"has-post-thumbnail","6":"product_cat-chairs","7":"product_cat-dining-chairs","8":"product_cat-living-room-chairs","9":"product_cat-kitchen-chairs","10":"product_cat-modern-chairs","11":"product_cat-chairs-with-metal-legs","12":"product_cat-velor-chairs","13":"product_tag-chairs-with-fast-shipping","14":"product_shipping_class-pakowane-podwojnie-30-40-en","16":"first","17":"instock","18":"taxable","19":"shipping-taxable","20":"purchasable","21":"product-type-variable","22":"has-default-attributes"},"yoast_head":"<!-- This site is optimized with the Yoast SEO Premium plugin v25.0 (Yoast SEO v25.0) - https:\/\/yoast.com\/wordpress\/plugins\/seo\/ -->\n<title>Syntia Black chair - DomArtStyl<\/title>\n<meta name=\"robots\" content=\"index, follow, max-snippet:-1, max-image-preview:large, max-video-preview:-1\" \/>\n<link rel=\"canonical\" href=\"https:\/\/domartstyl.com\/en\/syntia-gold-chair\/\" \/>\n<meta property=\"og:locale\" content=\"en_US\" \/>\n<meta property=\"og:type\" content=\"article\" \/>\n<meta property=\"og:title\" content=\"Syntia Black chair - DomArtStyl\" \/>\n<meta property=\"og:description\" content=\"The furniture is available in the colors below. Limited quantity   The Syntia Black chair is an exceptionally stylish piece of furniture. Its elegant and interesting shape attracts attention and distinguishes it from other chairs.  * Imported product\" \/>\n<meta property=\"og:url\" content=\"https:\/\/domartstyl.com\/en\/syntia-gold-chair\/\" \/>\n<meta property=\"og:site_name\" content=\"DomArtStyl\" \/>\n<meta property=\"article:publisher\" content=\"https:\/\/www.facebook.com\/DomArtStyl\/\" \/>\n<meta property=\"article:modified_time\" content=\"2025-05-15T09:57:45+00:00\" \/>\n<meta property=\"og:image\" content=\"https:\/\/domartstyl.com\/wp-content\/uploads\/2024\/03\/1-kremowe-krzesla-do-salonu-nowoczesne-syntia-black.jpg\" \/>\n\t<meta property=\"og:image:width\" content=\"1200\" \/>\n\t<meta property=\"og:image:height\" content=\"1200\" \/>\n\t<meta property=\"og:image:type\" content=\"image\/jpeg\" \/>\n<meta name=\"twitter:card\" content=\"summary_large_image\" \/>\n<meta name=\"twitter:site\" content=\"@DomArtStyl_pl\" \/>\n<meta name=\"twitter:label1\" content=\"Availability\" \/>\n\t<meta name=\"twitter:data1\" content=\"In stock\" \/>\n<script type=\"application\/ld+json\" class=\"yoast-schema-graph\">{\"@context\":\"https:\/\/schema.org\",\"@graph\":[{\"@type\":\"WebPage\",\"@id\":\"https:\/\/domartstyl.com\/en\/syntia-gold-chair\/\",\"url\":\"https:\/\/domartstyl.com\/en\/syntia-gold-chair\/\",\"name\":\"Syntia Black chair - DomArtStyl\",\"isPartOf\":{\"@id\":\"https:\/\/domartstyl.com\/en\/#website\"},\"primaryImageOfPage\":{\"@id\":\"https:\/\/domartstyl.com\/en\/syntia-gold-chair\/#primaryimage\"},\"image\":{\"@id\":\"https:\/\/domartstyl.com\/en\/syntia-gold-chair\/#primaryimage\"},\"thumbnailUrl\":\"https:\/\/domartstyl.com\/wp-content\/uploads\/2024\/03\/Zrzut-ekranu-2025-06-26-084121.png\",\"datePublished\":\"2024-03-11T12:54:59+00:00\",\"dateModified\":\"2025-05-15T09:57:45+00:00\",\"breadcrumb\":{\"@id\":\"https:\/\/domartstyl.com\/en\/syntia-gold-chair\/#breadcrumb\"},\"inLanguage\":\"en-US\",\"potentialAction\":[{\"@type\":\"ReadAction\",\"target\":[\"https:\/\/domartstyl.com\/en\/syntia-gold-chair\/\"]}]},{\"@type\":\"ImageObject\",\"inLanguage\":\"en-US\",\"@id\":\"https:\/\/domartstyl.com\/en\/syntia-gold-chair\/#primaryimage\",\"url\":\"https:\/\/domartstyl.com\/wp-content\/uploads\/2024\/03\/Zrzut-ekranu-2025-06-26-084121.png\",\"contentUrl\":\"https:\/\/domartstyl.com\/wp-content\/uploads\/2024\/03\/Zrzut-ekranu-2025-06-26-084121.png\",\"width\":732,\"height\":725},{\"@type\":\"BreadcrumbList\",\"@id\":\"https:\/\/domartstyl.com\/en\/syntia-gold-chair\/#breadcrumb\",\"itemListElement\":[{\"@type\":\"ListItem\",\"position\":1,\"name\":\"Strona g\u0142\u00f3wna\",\"item\":\"https:\/\/domartstyl.com\/en\/\"},{\"@type\":\"ListItem\",\"position\":2,\"name\":\"Modern Upholstered Furniture\",\"item\":\"https:\/\/domartstyl.com\/en\/furniture\/\"},{\"@type\":\"ListItem\",\"position\":3,\"name\":\"Syntia Black chair\"}]},{\"@type\":\"WebSite\",\"@id\":\"https:\/\/domartstyl.com\/en\/#website\",\"url\":\"https:\/\/domartstyl.com\/en\/\",\"name\":\"DomArtStyl\",\"description\":\"Tworzymy meble najwy\u017cszej jako\u015bci. Sprzeda\u017c detaliczna \u00b7 Sprzeda\u017c hurtowa\",\"publisher\":{\"@id\":\"https:\/\/domartstyl.com\/en\/#organization\"},\"potentialAction\":[{\"@type\":\"SearchAction\",\"target\":{\"@type\":\"EntryPoint\",\"urlTemplate\":\"https:\/\/domartstyl.com\/en\/?s={search_term_string}\"},\"query-input\":{\"@type\":\"PropertyValueSpecification\",\"valueRequired\":true,\"valueName\":\"search_term_string\"}}],\"inLanguage\":\"en-US\"},{\"@type\":\"Organization\",\"@id\":\"https:\/\/domartstyl.com\/en\/#organization\",\"name\":\"DomArtStyl\",\"url\":\"https:\/\/domartstyl.com\/en\/\",\"logo\":{\"@type\":\"ImageObject\",\"inLanguage\":\"en-US\",\"@id\":\"https:\/\/domartstyl.com\/en\/#\/schema\/logo\/image\/\",\"url\":\"https:\/\/domartstyl.com\/wp-content\/uploads\/2018\/04\/Logo_300_width.png\",\"contentUrl\":\"https:\/\/domartstyl.com\/wp-content\/uploads\/2018\/04\/Logo_300_width.png\",\"width\":300,\"height\":140,\"caption\":\"DomArtStyl\"},\"image\":{\"@id\":\"https:\/\/domartstyl.com\/en\/#\/schema\/logo\/image\/\"},\"sameAs\":[\"https:\/\/www.facebook.com\/DomArtStyl\/\",\"https:\/\/x.com\/DomArtStyl_pl\",\"https:\/\/www.instagram.com\/domartstyl\/?hl=en\",\"https:\/\/pl.pinterest.com\/domartstyl01\/\",\"https:\/\/www.youtube.com\/channel\/UCkISSgvMomI6yFFL3JDbLhw\"]}]}<\/script>\n<meta property=\"og:availability\" content=\"instock\" \/>\n<meta property=\"product:availability\" content=\"instock\" \/>\n<meta property=\"product:condition\" content=\"new\" \/>\n<!-- \/ Yoast SEO Premium plugin. -->","yoast_head_json":{"title":"Syntia Black chair - DomArtStyl","robots":{"index":"index","follow":"follow","max-snippet":"max-snippet:-1","max-image-preview":"max-image-preview:large","max-video-preview":"max-video-preview:-1"},"canonical":"https:\/\/domartstyl.com\/en\/syntia-gold-chair\/","og_locale":"en_US","og_type":"article","og_title":"Syntia Black chair - DomArtStyl","og_description":"The furniture is available in the colors below. Limited quantity   The Syntia Black chair is an exceptionally stylish piece of furniture. Its elegant and interesting shape attracts attention and distinguishes it from other chairs.  * Imported product","og_url":"https:\/\/domartstyl.com\/en\/syntia-gold-chair\/","og_site_name":"DomArtStyl","article_publisher":"https:\/\/www.facebook.com\/DomArtStyl\/","article_modified_time":"2025-05-15T09:57:45+00:00","og_image":[{"width":1200,"height":1200,"url":"https:\/\/domartstyl.com\/wp-content\/uploads\/2024\/03\/1-kremowe-krzesla-do-salonu-nowoczesne-syntia-black.jpg","type":"image\/jpeg"}],"twitter_card":"summary_large_image","twitter_site":"@DomArtStyl_pl","twitter_misc":{"Availability":"In stock"},"schema":{"@context":"https:\/\/schema.org","@graph":[{"@type":"WebPage","@id":"https:\/\/domartstyl.com\/en\/syntia-gold-chair\/","url":"https:\/\/domartstyl.com\/en\/syntia-gold-chair\/","name":"Syntia Black chair - DomArtStyl","isPartOf":{"@id":"https:\/\/domartstyl.com\/en\/#website"},"primaryImageOfPage":{"@id":"https:\/\/domartstyl.com\/en\/syntia-gold-chair\/#primaryimage"},"image":{"@id":"https:\/\/domartstyl.com\/en\/syntia-gold-chair\/#primaryimage"},"thumbnailUrl":"https:\/\/domartstyl.com\/wp-content\/uploads\/2024\/03\/Zrzut-ekranu-2025-06-26-084121.png","datePublished":"2024-03-11T12:54:59+00:00","dateModified":"2025-05-15T09:57:45+00:00","breadcrumb":{"@id":"https:\/\/domartstyl.com\/en\/syntia-gold-chair\/#breadcrumb"},"inLanguage":"en-US","potentialAction":[{"@type":"ReadAction","target":["https:\/\/domartstyl.com\/en\/syntia-gold-chair\/"]}]},{"@type":"ImageObject","inLanguage":"en-US","@id":"https:\/\/domartstyl.com\/en\/syntia-gold-chair\/#primaryimage","url":"https:\/\/domartstyl.com\/wp-content\/uploads\/2024\/03\/Zrzut-ekranu-2025-06-26-084121.png","contentUrl":"https:\/\/domartstyl.com\/wp-content\/uploads\/2024\/03\/Zrzut-ekranu-2025-06-26-084121.png","width":732,"height":725},{"@type":"BreadcrumbList","@id":"https:\/\/domartstyl.com\/en\/syntia-gold-chair\/#breadcrumb","itemListElement":[{"@type":"ListItem","position":1,"name":"Strona g\u0142\u00f3wna","item":"https:\/\/domartstyl.com\/en\/"},{"@type":"ListItem","position":2,"name":"Modern Upholstered Furniture","item":"https:\/\/domartstyl.com\/en\/furniture\/"},{"@type":"ListItem","position":3,"name":"Syntia Black chair"}]},{"@type":"WebSite","@id":"https:\/\/domartstyl.com\/en\/#website","url":"https:\/\/domartstyl.com\/en\/","name":"DomArtStyl","description":"Tworzymy meble najwy\u017cszej jako\u015bci. Sprzeda\u017c detaliczna \u00b7 Sprzeda\u017c hurtowa","publisher":{"@id":"https:\/\/domartstyl.com\/en\/#organization"},"potentialAction":[{"@type":"SearchAction","target":{"@type":"EntryPoint","urlTemplate":"https:\/\/domartstyl.com\/en\/?s={search_term_string}"},"query-input":{"@type":"PropertyValueSpecification","valueRequired":true,"valueName":"search_term_string"}}],"inLanguage":"en-US"},{"@type":"Organization","@id":"https:\/\/domartstyl.com\/en\/#organization","name":"DomArtStyl","url":"https:\/\/domartstyl.com\/en\/","logo":{"@type":"ImageObject","inLanguage":"en-US","@id":"https:\/\/domartstyl.com\/en\/#\/schema\/logo\/image\/","url":"https:\/\/domartstyl.com\/wp-content\/uploads\/2018\/04\/Logo_300_width.png","contentUrl":"https:\/\/domartstyl.com\/wp-content\/uploads\/2018\/04\/Logo_300_width.png","width":300,"height":140,"caption":"DomArtStyl"},"image":{"@id":"https:\/\/domartstyl.com\/en\/#\/schema\/logo\/image\/"},"sameAs":["https:\/\/www.facebook.com\/DomArtStyl\/","https:\/\/x.com\/DomArtStyl_pl","https:\/\/www.instagram.com\/domartstyl\/?hl=en","https:\/\/pl.pinterest.com\/domartstyl01\/","https:\/\/www.youtube.com\/channel\/UCkISSgvMomI6yFFL3JDbLhw"]}]},"og_availability":"instock","product_availability":"instock","product_condition":"new"},"_links":{"self":[{"href":"https:\/\/domartstyl.com\/en\/wp-json\/wp\/v2\/product\/89291","targetHints":{"allow":["GET"]}}],"collection":[{"href":"https:\/\/domartstyl.com\/en\/wp-json\/wp\/v2\/product"}],"about":[{"href":"https:\/\/domartstyl.com\/en\/wp-json\/wp\/v2\/types\/product"}],"replies":[{"embeddable":true,"href":"https:\/\/domartstyl.com\/en\/wp-json\/wp\/v2\/comments?post=89291"}],"wp:featuredmedia":[{"embeddable":true,"href":"https:\/\/domartstyl.com\/en\/wp-json\/wp\/v2\/media\/95541"}],"wp:attachment":[{"href":"https:\/\/domartstyl.com\/en\/wp-json\/wp\/v2\/media?parent=89291"}],"wp:term":[{"taxonomy":"product_brand","embeddable":true,"href":"https:\/\/domartstyl.com\/en\/wp-json\/wp\/v2\/product_brand?post=89291"},{"taxonomy":"product_cat","embeddable":true,"href":"https:\/\/domartstyl.com\/en\/wp-json\/wp\/v2\/product_cat?post=89291"},{"taxonomy":"product_tag","embeddable":true,"href":"https:\/\/domartstyl.com\/en\/wp-json\/wp\/v2\/product_tag?post=89291"}],"curies":[{"name":"wp","href":"https:\/\/api.w.org\/{rel}","templated":true}]}}