{"id":89270,"date":"2024-03-11T09:21:21","date_gmt":"2024-03-11T08:21:21","guid":{"rendered":"https:\/\/domartstyl.com\/?post_type=product&#038;p=89270"},"modified":"2025-05-15T10:56:52","modified_gmt":"2025-05-15T09:56:52","slug":"chest-pouf-2","status":"publish","type":"product","link":"https:\/\/domartstyl.com\/en\/chest-pouf-2\/","title":{"rendered":"Chest Pouf with gas springs"},"content":{"rendered":"","protected":false},"excerpt":{"rendered":"<p><strong>Chest pouf<\/strong> <strong data-start=\"51\" data-end=\"85\">\u00a0with Gas Springs<\/strong> is a multifunctional piece of furniture that combines a comfortable seat with a practical storage compartment. Thanks to its sturdy construction, aesthetic finish, and wide selection of fabrics, it fits perfectly into both modern and classic interiors. The gas springs make opening easy, and its compact size allows it to be used in various spaces.<\/p>\n<p class=\"\" data-start=\"436\" data-end=\"851\">A practical piece that echoes the design of old trunks once found in our grandparents\u2019 bedrooms.<br data-start=\"532\" data-end=\"535\" \/>It features a lift-up lid and a spacious compartment that can hold many items.<br data-start=\"613\" data-end=\"616\" \/>It can serve both as seating and as storage for clothes or bedding.<br data-start=\"683\" data-end=\"686\" \/>The option to add accessories such as decorative trim or a knocker allows you to give the piece a unique look and make it a standout element in your room or bedroom.<\/p>\n<ul data-start=\"853\" data-end=\"1016\">\n<li class=\"\" data-start=\"853\" data-end=\"982\">\n<p class=\"\" data-start=\"855\" data-end=\"982\">The standard version of the ottoman is plain and does not include decorations. The visible piping is an optional paid add-on.<\/p>\n<\/li>\n<li class=\"\" data-start=\"983\" data-end=\"1016\">\n<p class=\"\" data-start=\"985\" data-end=\"1016\">The piece includes gas springs.<\/p>\n<\/li>\n<\/ul>\n","protected":false},"featured_media":89272,"comment_status":"closed","ping_status":"closed","template":"","meta":[],"product_brand":[],"product_cat":[38],"product_tag":[],"class_list":{"0":"post-89270","1":"product","2":"type-product","3":"status-publish","4":"has-post-thumbnail","6":"product_cat-poufs","7":"product_shipping_class-pakowane-pojedynczo-30-40-en","9":"first","10":"instock","11":"taxable","12":"shipping-taxable","13":"purchasable","14":"product-type-simple"},"yoast_head":"<!-- This site is optimized with the Yoast SEO Premium plugin v25.0 (Yoast SEO v25.0) - https:\/\/yoast.com\/wordpress\/plugins\/seo\/ -->\n<title>Chest Pouf with gas springs - DomArtStyl<\/title>\n<meta name=\"robots\" content=\"index, follow, max-snippet:-1, max-image-preview:large, max-video-preview:-1\" \/>\n<link rel=\"canonical\" href=\"https:\/\/domartstyl.com\/en\/chest-pouf-2\/\" \/>\n<meta property=\"og:locale\" content=\"en_US\" \/>\n<meta property=\"og:type\" content=\"article\" \/>\n<meta property=\"og:title\" content=\"Chest Pouf with gas springs - DomArtStyl\" \/>\n<meta property=\"og:description\" content=\"Chest pouf \u00a0with Gas Springs is a multifunctional piece of furniture that combines a comfortable seat with a practical storage compartment. Thanks to its sturdy construction, aesthetic finish, and wide selection of fabrics, it fits perfectly into both modern and classic interiors. The gas springs make opening easy, and its compact size allows it to be used in various spaces. A practical piece that echoes the design of old trunks once found in our grandparents\u2019 bedrooms.It features a lift-up lid and a spacious compartment that can hold many items.It can serve both as seating and as storage for clothes or bedding.The option to add accessories such as decorative trim or a knocker allows you to give the piece a unique look and make it a standout element in your room or bedroom.     The standard version of the ottoman is plain and does not include decorations. The visible piping is an optional paid add-on.    The piece includes gas springs.\" \/>\n<meta property=\"og:url\" content=\"https:\/\/domartstyl.com\/en\/chest-pouf-2\/\" \/>\n<meta property=\"og:site_name\" content=\"DomArtStyl\" \/>\n<meta property=\"article:publisher\" content=\"https:\/\/www.facebook.com\/DomArtStyl\/\" \/>\n<meta property=\"article:modified_time\" content=\"2025-05-15T09:56:52+00:00\" \/>\n<meta property=\"og:image\" content=\"https:\/\/domartstyl.com\/wp-content\/uploads\/2024\/03\/1-scaled.jpg\" \/>\n\t<meta property=\"og:image:width\" content=\"2560\" \/>\n\t<meta property=\"og:image:height\" content=\"2560\" \/>\n\t<meta property=\"og:image:type\" content=\"image\/jpeg\" \/>\n<meta name=\"twitter:card\" content=\"summary_large_image\" \/>\n<meta name=\"twitter:site\" content=\"@DomArtStyl_pl\" \/>\n<meta name=\"twitter:label1\" content=\"Price\" \/>\n\t<meta name=\"twitter:data1\" content=\"&euro;207,50\" \/>\n\t<meta name=\"twitter:label2\" content=\"Availability\" \/>\n\t<meta name=\"twitter:data2\" content=\"In stock\" \/>\n<script type=\"application\/ld+json\" class=\"yoast-schema-graph\">{\"@context\":\"https:\/\/schema.org\",\"@graph\":[{\"@type\":\"WebPage\",\"@id\":\"https:\/\/domartstyl.com\/en\/chest-pouf-2\/\",\"url\":\"https:\/\/domartstyl.com\/en\/chest-pouf-2\/\",\"name\":\"Chest Pouf with gas springs - DomArtStyl\",\"isPartOf\":{\"@id\":\"https:\/\/domartstyl.com\/en\/#website\"},\"primaryImageOfPage\":{\"@id\":\"https:\/\/domartstyl.com\/en\/chest-pouf-2\/#primaryimage\"},\"image\":{\"@id\":\"https:\/\/domartstyl.com\/en\/chest-pouf-2\/#primaryimage\"},\"thumbnailUrl\":\"https:\/\/domartstyl.com\/wp-content\/uploads\/2024\/03\/1-scaled.jpg\",\"datePublished\":\"2024-03-11T08:21:21+00:00\",\"dateModified\":\"2025-05-15T09:56:52+00:00\",\"breadcrumb\":{\"@id\":\"https:\/\/domartstyl.com\/en\/chest-pouf-2\/#breadcrumb\"},\"inLanguage\":\"en-US\",\"potentialAction\":[{\"@type\":\"ReadAction\",\"target\":[\"https:\/\/domartstyl.com\/en\/chest-pouf-2\/\"]}]},{\"@type\":\"ImageObject\",\"inLanguage\":\"en-US\",\"@id\":\"https:\/\/domartstyl.com\/en\/chest-pouf-2\/#primaryimage\",\"url\":\"https:\/\/domartstyl.com\/wp-content\/uploads\/2024\/03\/1-scaled.jpg\",\"contentUrl\":\"https:\/\/domartstyl.com\/wp-content\/uploads\/2024\/03\/1-scaled.jpg\",\"width\":2560,\"height\":2560},{\"@type\":\"BreadcrumbList\",\"@id\":\"https:\/\/domartstyl.com\/en\/chest-pouf-2\/#breadcrumb\",\"itemListElement\":[{\"@type\":\"ListItem\",\"position\":1,\"name\":\"Strona g\u0142\u00f3wna\",\"item\":\"https:\/\/domartstyl.com\/en\/\"},{\"@type\":\"ListItem\",\"position\":2,\"name\":\"Modern Upholstered Furniture\",\"item\":\"https:\/\/domartstyl.com\/en\/furniture\/\"},{\"@type\":\"ListItem\",\"position\":3,\"name\":\"Chest Pouf with gas springs\"}]},{\"@type\":\"WebSite\",\"@id\":\"https:\/\/domartstyl.com\/en\/#website\",\"url\":\"https:\/\/domartstyl.com\/en\/\",\"name\":\"DomArtStyl\",\"description\":\"Tworzymy meble najwy\u017cszej jako\u015bci. Sprzeda\u017c detaliczna \u00b7 Sprzeda\u017c hurtowa\",\"publisher\":{\"@id\":\"https:\/\/domartstyl.com\/en\/#organization\"},\"potentialAction\":[{\"@type\":\"SearchAction\",\"target\":{\"@type\":\"EntryPoint\",\"urlTemplate\":\"https:\/\/domartstyl.com\/en\/?s={search_term_string}\"},\"query-input\":{\"@type\":\"PropertyValueSpecification\",\"valueRequired\":true,\"valueName\":\"search_term_string\"}}],\"inLanguage\":\"en-US\"},{\"@type\":\"Organization\",\"@id\":\"https:\/\/domartstyl.com\/en\/#organization\",\"name\":\"DomArtStyl\",\"url\":\"https:\/\/domartstyl.com\/en\/\",\"logo\":{\"@type\":\"ImageObject\",\"inLanguage\":\"en-US\",\"@id\":\"https:\/\/domartstyl.com\/en\/#\/schema\/logo\/image\/\",\"url\":\"https:\/\/domartstyl.com\/wp-content\/uploads\/2018\/04\/Logo_300_width.png\",\"contentUrl\":\"https:\/\/domartstyl.com\/wp-content\/uploads\/2018\/04\/Logo_300_width.png\",\"width\":300,\"height\":140,\"caption\":\"DomArtStyl\"},\"image\":{\"@id\":\"https:\/\/domartstyl.com\/en\/#\/schema\/logo\/image\/\"},\"sameAs\":[\"https:\/\/www.facebook.com\/DomArtStyl\/\",\"https:\/\/x.com\/DomArtStyl_pl\",\"https:\/\/www.instagram.com\/domartstyl\/?hl=en\",\"https:\/\/pl.pinterest.com\/domartstyl01\/\",\"https:\/\/www.youtube.com\/channel\/UCkISSgvMomI6yFFL3JDbLhw\"]}]}<\/script>\n<meta property=\"product:price:amount\" content=\"207.50\" \/>\n<meta property=\"product:price:currency\" content=\"EUR\" \/>\n<meta property=\"og:availability\" content=\"instock\" \/>\n<meta property=\"product:availability\" content=\"instock\" \/>\n<meta property=\"product:condition\" content=\"new\" \/>\n<!-- \/ Yoast SEO Premium plugin. -->","yoast_head_json":{"title":"Chest Pouf with gas springs - DomArtStyl","robots":{"index":"index","follow":"follow","max-snippet":"max-snippet:-1","max-image-preview":"max-image-preview:large","max-video-preview":"max-video-preview:-1"},"canonical":"https:\/\/domartstyl.com\/en\/chest-pouf-2\/","og_locale":"en_US","og_type":"article","og_title":"Chest Pouf with gas springs - DomArtStyl","og_description":"Chest pouf \u00a0with Gas Springs is a multifunctional piece of furniture that combines a comfortable seat with a practical storage compartment. Thanks to its sturdy construction, aesthetic finish, and wide selection of fabrics, it fits perfectly into both modern and classic interiors. The gas springs make opening easy, and its compact size allows it to be used in various spaces. A practical piece that echoes the design of old trunks once found in our grandparents\u2019 bedrooms.It features a lift-up lid and a spacious compartment that can hold many items.It can serve both as seating and as storage for clothes or bedding.The option to add accessories such as decorative trim or a knocker allows you to give the piece a unique look and make it a standout element in your room or bedroom.     The standard version of the ottoman is plain and does not include decorations. The visible piping is an optional paid add-on.    The piece includes gas springs.","og_url":"https:\/\/domartstyl.com\/en\/chest-pouf-2\/","og_site_name":"DomArtStyl","article_publisher":"https:\/\/www.facebook.com\/DomArtStyl\/","article_modified_time":"2025-05-15T09:56:52+00:00","og_image":[{"width":2560,"height":2560,"url":"https:\/\/domartstyl.com\/wp-content\/uploads\/2024\/03\/1-scaled.jpg","type":"image\/jpeg"}],"twitter_card":"summary_large_image","twitter_site":"@DomArtStyl_pl","twitter_misc":{"Price":"&euro;207,50","Availability":"In stock"},"schema":{"@context":"https:\/\/schema.org","@graph":[{"@type":"WebPage","@id":"https:\/\/domartstyl.com\/en\/chest-pouf-2\/","url":"https:\/\/domartstyl.com\/en\/chest-pouf-2\/","name":"Chest Pouf with gas springs - DomArtStyl","isPartOf":{"@id":"https:\/\/domartstyl.com\/en\/#website"},"primaryImageOfPage":{"@id":"https:\/\/domartstyl.com\/en\/chest-pouf-2\/#primaryimage"},"image":{"@id":"https:\/\/domartstyl.com\/en\/chest-pouf-2\/#primaryimage"},"thumbnailUrl":"https:\/\/domartstyl.com\/wp-content\/uploads\/2024\/03\/1-scaled.jpg","datePublished":"2024-03-11T08:21:21+00:00","dateModified":"2025-05-15T09:56:52+00:00","breadcrumb":{"@id":"https:\/\/domartstyl.com\/en\/chest-pouf-2\/#breadcrumb"},"inLanguage":"en-US","potentialAction":[{"@type":"ReadAction","target":["https:\/\/domartstyl.com\/en\/chest-pouf-2\/"]}]},{"@type":"ImageObject","inLanguage":"en-US","@id":"https:\/\/domartstyl.com\/en\/chest-pouf-2\/#primaryimage","url":"https:\/\/domartstyl.com\/wp-content\/uploads\/2024\/03\/1-scaled.jpg","contentUrl":"https:\/\/domartstyl.com\/wp-content\/uploads\/2024\/03\/1-scaled.jpg","width":2560,"height":2560},{"@type":"BreadcrumbList","@id":"https:\/\/domartstyl.com\/en\/chest-pouf-2\/#breadcrumb","itemListElement":[{"@type":"ListItem","position":1,"name":"Strona g\u0142\u00f3wna","item":"https:\/\/domartstyl.com\/en\/"},{"@type":"ListItem","position":2,"name":"Modern Upholstered Furniture","item":"https:\/\/domartstyl.com\/en\/furniture\/"},{"@type":"ListItem","position":3,"name":"Chest Pouf with gas springs"}]},{"@type":"WebSite","@id":"https:\/\/domartstyl.com\/en\/#website","url":"https:\/\/domartstyl.com\/en\/","name":"DomArtStyl","description":"Tworzymy meble najwy\u017cszej jako\u015bci. Sprzeda\u017c detaliczna \u00b7 Sprzeda\u017c hurtowa","publisher":{"@id":"https:\/\/domartstyl.com\/en\/#organization"},"potentialAction":[{"@type":"SearchAction","target":{"@type":"EntryPoint","urlTemplate":"https:\/\/domartstyl.com\/en\/?s={search_term_string}"},"query-input":{"@type":"PropertyValueSpecification","valueRequired":true,"valueName":"search_term_string"}}],"inLanguage":"en-US"},{"@type":"Organization","@id":"https:\/\/domartstyl.com\/en\/#organization","name":"DomArtStyl","url":"https:\/\/domartstyl.com\/en\/","logo":{"@type":"ImageObject","inLanguage":"en-US","@id":"https:\/\/domartstyl.com\/en\/#\/schema\/logo\/image\/","url":"https:\/\/domartstyl.com\/wp-content\/uploads\/2018\/04\/Logo_300_width.png","contentUrl":"https:\/\/domartstyl.com\/wp-content\/uploads\/2018\/04\/Logo_300_width.png","width":300,"height":140,"caption":"DomArtStyl"},"image":{"@id":"https:\/\/domartstyl.com\/en\/#\/schema\/logo\/image\/"},"sameAs":["https:\/\/www.facebook.com\/DomArtStyl\/","https:\/\/x.com\/DomArtStyl_pl","https:\/\/www.instagram.com\/domartstyl\/?hl=en","https:\/\/pl.pinterest.com\/domartstyl01\/","https:\/\/www.youtube.com\/channel\/UCkISSgvMomI6yFFL3JDbLhw"]}]},"product_price_amount":"207.50","product_price_currency":"EUR","og_availability":"instock","product_availability":"instock","product_condition":"new"},"_links":{"self":[{"href":"https:\/\/domartstyl.com\/en\/wp-json\/wp\/v2\/product\/89270","targetHints":{"allow":["GET"]}}],"collection":[{"href":"https:\/\/domartstyl.com\/en\/wp-json\/wp\/v2\/product"}],"about":[{"href":"https:\/\/domartstyl.com\/en\/wp-json\/wp\/v2\/types\/product"}],"replies":[{"embeddable":true,"href":"https:\/\/domartstyl.com\/en\/wp-json\/wp\/v2\/comments?post=89270"}],"wp:featuredmedia":[{"embeddable":true,"href":"https:\/\/domartstyl.com\/en\/wp-json\/wp\/v2\/media\/89272"}],"wp:attachment":[{"href":"https:\/\/domartstyl.com\/en\/wp-json\/wp\/v2\/media?parent=89270"}],"wp:term":[{"taxonomy":"product_brand","embeddable":true,"href":"https:\/\/domartstyl.com\/en\/wp-json\/wp\/v2\/product_brand?post=89270"},{"taxonomy":"product_cat","embeddable":true,"href":"https:\/\/domartstyl.com\/en\/wp-json\/wp\/v2\/product_cat?post=89270"},{"taxonomy":"product_tag","embeddable":true,"href":"https:\/\/domartstyl.com\/en\/wp-json\/wp\/v2\/product_tag?post=89270"}],"curies":[{"name":"wp","href":"https:\/\/api.w.org\/{rel}","templated":true}]}}