{"id":87394,"date":"2023-09-19T07:18:17","date_gmt":"2023-09-19T06:18:17","guid":{"rendered":"https:\/\/domartstyl.com\/?post_type=product&#038;p=87394"},"modified":"2025-05-15T10:56:56","modified_gmt":"2025-05-15T09:56:56","slug":"levante-sofa","status":"publish","type":"product","link":"https:\/\/domartstyl.com\/en\/levante-sofa\/","title":{"rendered":"Levante Corner Sofa"},"content":{"rendered":"<p><br data-mce-bogus=\"1\"><\/p>\n","protected":false},"excerpt":{"rendered":"<p>Levante is a designer sofa for two people that will bring a lot of style and elegance to your interior thanks to its aristocratic appearance.<\/p>\n<p>Wide seats combined with soft backrest cushions guarantee comfort during use and comfortable rest.<\/p>\n<p>Thanks to these advantages, the Marbella sofa will be perfect for a waiting room or living room, adding a refined look to any room.<\/p>\n<p>A wide range of colors allows you to choose the right shade of upholstery that will perfectly match the style and character of the interior.<\/p>\n<p>High quality workmanship and solid construction ensure the durability and stability of the furniture, which will allow you to enjoy it for many years.<\/p>\n","protected":false},"featured_media":87463,"comment_status":"closed","ping_status":"closed","template":"","meta":[],"product_brand":[],"product_cat":[8874,9718,9046],"product_tag":[],"class_list":{"0":"post-87394","1":"product","2":"type-product","3":"status-publish","4":"has-post-thumbnail","6":"product_cat-corner-sofas","7":"product_cat-corner-sofas-with-sleeping-function","8":"product_cat-sofas-with-sleeping-function","10":"first","11":"instock","12":"taxable","13":"shipping-taxable","14":"purchasable","15":"product-type-simple"},"yoast_head":"<!-- This site is optimized with the Yoast SEO Premium plugin v25.0 (Yoast SEO v25.0) - https:\/\/yoast.com\/wordpress\/plugins\/seo\/ -->\n<title>Levante Corner Sofa , Manufacturer of Upholstered Furniture - DomArtStyl<\/title>\n<meta name=\"robots\" content=\"index, follow, max-snippet:-1, max-image-preview:large, max-video-preview:-1\" \/>\n<link rel=\"canonical\" href=\"https:\/\/domartstyl.com\/en\/levante-sofa\/\" \/>\n<meta property=\"og:locale\" content=\"en_US\" \/>\n<meta property=\"og:type\" content=\"article\" \/>\n<meta property=\"og:title\" content=\"Levante Corner Sofa - DomArtStyl\" \/>\n<meta property=\"og:description\" content=\"Levante is a designer sofa for two people that will bring a lot of style and elegance to your interior thanks to its aristocratic appearance.Wide seats combined with soft backrest cushions guarantee comfort during use and comfortable rest.Thanks to these advantages, the Marbella sofa will be perfect for a waiting room or living room, adding a refined look to any room.A wide range of colors allows you to choose the right shade of upholstery that will perfectly match the style and character of the interior.High quality workmanship and solid construction ensure the durability and stability of the furniture, which will allow you to enjoy it for many years.\" \/>\n<meta property=\"og:url\" content=\"https:\/\/domartstyl.com\/en\/levante-sofa\/\" \/>\n<meta property=\"og:site_name\" content=\"DomArtStyl\" \/>\n<meta property=\"article:publisher\" content=\"https:\/\/www.facebook.com\/DomArtStyl\/\" \/>\n<meta property=\"article:modified_time\" content=\"2025-05-15T09:56:56+00:00\" \/>\n<meta property=\"og:image\" content=\"https:\/\/domartstyl.com\/wp-content\/uploads\/2023\/09\/1-nowoczesny-szary-nraoznik-z-funkcja-spania-levante.jpg\" \/>\n\t<meta property=\"og:image:width\" content=\"1200\" \/>\n\t<meta property=\"og:image:height\" content=\"1200\" \/>\n\t<meta property=\"og:image:type\" content=\"image\/jpeg\" \/>\n<meta name=\"twitter:card\" content=\"summary_large_image\" \/>\n<meta name=\"twitter:site\" content=\"@DomArtStyl_pl\" \/>\n<meta name=\"twitter:label1\" content=\"Price\" \/>\n\t<meta name=\"twitter:data1\" content=\"&euro;1.424,75\" \/>\n\t<meta name=\"twitter:label2\" content=\"Availability\" \/>\n\t<meta name=\"twitter:data2\" content=\"In stock\" \/>\n<script type=\"application\/ld+json\" class=\"yoast-schema-graph\">{\"@context\":\"https:\/\/schema.org\",\"@graph\":[{\"@type\":\"WebPage\",\"@id\":\"https:\/\/domartstyl.com\/en\/levante-sofa\/\",\"url\":\"https:\/\/domartstyl.com\/en\/levante-sofa\/\",\"name\":\"Levante Corner Sofa , Manufacturer of Upholstered Furniture - DomArtStyl\",\"isPartOf\":{\"@id\":\"https:\/\/domartstyl.com\/en\/#website\"},\"primaryImageOfPage\":{\"@id\":\"https:\/\/domartstyl.com\/en\/levante-sofa\/#primaryimage\"},\"image\":{\"@id\":\"https:\/\/domartstyl.com\/en\/levante-sofa\/#primaryimage\"},\"thumbnailUrl\":\"https:\/\/domartstyl.com\/wp-content\/uploads\/2023\/09\/1-nowoczesny-szary-nraoznik-z-funkcja-spania-levante.jpg\",\"datePublished\":\"2023-09-19T06:18:17+00:00\",\"dateModified\":\"2025-05-15T09:56:56+00:00\",\"breadcrumb\":{\"@id\":\"https:\/\/domartstyl.com\/en\/levante-sofa\/#breadcrumb\"},\"inLanguage\":\"en-US\",\"potentialAction\":[{\"@type\":\"ReadAction\",\"target\":[\"https:\/\/domartstyl.com\/en\/levante-sofa\/\"]}]},{\"@type\":\"ImageObject\",\"inLanguage\":\"en-US\",\"@id\":\"https:\/\/domartstyl.com\/en\/levante-sofa\/#primaryimage\",\"url\":\"https:\/\/domartstyl.com\/wp-content\/uploads\/2023\/09\/1-nowoczesny-szary-nraoznik-z-funkcja-spania-levante.jpg\",\"contentUrl\":\"https:\/\/domartstyl.com\/wp-content\/uploads\/2023\/09\/1-nowoczesny-szary-nraoznik-z-funkcja-spania-levante.jpg\",\"width\":1200,\"height\":1200,\"caption\":\"Nowoczesny szary naro\u017cnik z funkcj\u0105 spania Levante\"},{\"@type\":\"BreadcrumbList\",\"@id\":\"https:\/\/domartstyl.com\/en\/levante-sofa\/#breadcrumb\",\"itemListElement\":[{\"@type\":\"ListItem\",\"position\":1,\"name\":\"Strona g\u0142\u00f3wna\",\"item\":\"https:\/\/domartstyl.com\/en\/\"},{\"@type\":\"ListItem\",\"position\":2,\"name\":\"Modern Upholstered Furniture\",\"item\":\"https:\/\/domartstyl.com\/en\/furniture\/\"},{\"@type\":\"ListItem\",\"position\":3,\"name\":\"Levante Corner Sofa\"}]},{\"@type\":\"WebSite\",\"@id\":\"https:\/\/domartstyl.com\/en\/#website\",\"url\":\"https:\/\/domartstyl.com\/en\/\",\"name\":\"DomArtStyl\",\"description\":\"Tworzymy meble najwy\u017cszej jako\u015bci. Sprzeda\u017c detaliczna \u00b7 Sprzeda\u017c hurtowa\",\"publisher\":{\"@id\":\"https:\/\/domartstyl.com\/en\/#organization\"},\"potentialAction\":[{\"@type\":\"SearchAction\",\"target\":{\"@type\":\"EntryPoint\",\"urlTemplate\":\"https:\/\/domartstyl.com\/en\/?s={search_term_string}\"},\"query-input\":{\"@type\":\"PropertyValueSpecification\",\"valueRequired\":true,\"valueName\":\"search_term_string\"}}],\"inLanguage\":\"en-US\"},{\"@type\":\"Organization\",\"@id\":\"https:\/\/domartstyl.com\/en\/#organization\",\"name\":\"DomArtStyl\",\"url\":\"https:\/\/domartstyl.com\/en\/\",\"logo\":{\"@type\":\"ImageObject\",\"inLanguage\":\"en-US\",\"@id\":\"https:\/\/domartstyl.com\/en\/#\/schema\/logo\/image\/\",\"url\":\"https:\/\/domartstyl.com\/wp-content\/uploads\/2018\/04\/Logo_300_width.png\",\"contentUrl\":\"https:\/\/domartstyl.com\/wp-content\/uploads\/2018\/04\/Logo_300_width.png\",\"width\":300,\"height\":140,\"caption\":\"DomArtStyl\"},\"image\":{\"@id\":\"https:\/\/domartstyl.com\/en\/#\/schema\/logo\/image\/\"},\"sameAs\":[\"https:\/\/www.facebook.com\/DomArtStyl\/\",\"https:\/\/x.com\/DomArtStyl_pl\",\"https:\/\/www.instagram.com\/domartstyl\/?hl=en\",\"https:\/\/pl.pinterest.com\/domartstyl01\/\",\"https:\/\/www.youtube.com\/channel\/UCkISSgvMomI6yFFL3JDbLhw\"]}]}<\/script>\n<meta property=\"product:price:amount\" content=\"1424.75\" \/>\n<meta property=\"product:price:currency\" content=\"EUR\" \/>\n<meta property=\"og:availability\" content=\"instock\" \/>\n<meta property=\"product:availability\" content=\"instock\" \/>\n<meta property=\"product:condition\" content=\"new\" \/>\n<!-- \/ Yoast SEO Premium plugin. -->","yoast_head_json":{"title":"Levante Corner Sofa , Manufacturer of Upholstered Furniture - DomArtStyl","robots":{"index":"index","follow":"follow","max-snippet":"max-snippet:-1","max-image-preview":"max-image-preview:large","max-video-preview":"max-video-preview:-1"},"canonical":"https:\/\/domartstyl.com\/en\/levante-sofa\/","og_locale":"en_US","og_type":"article","og_title":"Levante Corner Sofa - DomArtStyl","og_description":"Levante is a designer sofa for two people that will bring a lot of style and elegance to your interior thanks to its aristocratic appearance.Wide seats combined with soft backrest cushions guarantee comfort during use and comfortable rest.Thanks to these advantages, the Marbella sofa will be perfect for a waiting room or living room, adding a refined look to any room.A wide range of colors allows you to choose the right shade of upholstery that will perfectly match the style and character of the interior.High quality workmanship and solid construction ensure the durability and stability of the furniture, which will allow you to enjoy it for many years.","og_url":"https:\/\/domartstyl.com\/en\/levante-sofa\/","og_site_name":"DomArtStyl","article_publisher":"https:\/\/www.facebook.com\/DomArtStyl\/","article_modified_time":"2025-05-15T09:56:56+00:00","og_image":[{"width":1200,"height":1200,"url":"https:\/\/domartstyl.com\/wp-content\/uploads\/2023\/09\/1-nowoczesny-szary-nraoznik-z-funkcja-spania-levante.jpg","type":"image\/jpeg"}],"twitter_card":"summary_large_image","twitter_site":"@DomArtStyl_pl","twitter_misc":{"Price":"&euro;1.424,75","Availability":"In stock"},"schema":{"@context":"https:\/\/schema.org","@graph":[{"@type":"WebPage","@id":"https:\/\/domartstyl.com\/en\/levante-sofa\/","url":"https:\/\/domartstyl.com\/en\/levante-sofa\/","name":"Levante Corner Sofa , Manufacturer of Upholstered Furniture - DomArtStyl","isPartOf":{"@id":"https:\/\/domartstyl.com\/en\/#website"},"primaryImageOfPage":{"@id":"https:\/\/domartstyl.com\/en\/levante-sofa\/#primaryimage"},"image":{"@id":"https:\/\/domartstyl.com\/en\/levante-sofa\/#primaryimage"},"thumbnailUrl":"https:\/\/domartstyl.com\/wp-content\/uploads\/2023\/09\/1-nowoczesny-szary-nraoznik-z-funkcja-spania-levante.jpg","datePublished":"2023-09-19T06:18:17+00:00","dateModified":"2025-05-15T09:56:56+00:00","breadcrumb":{"@id":"https:\/\/domartstyl.com\/en\/levante-sofa\/#breadcrumb"},"inLanguage":"en-US","potentialAction":[{"@type":"ReadAction","target":["https:\/\/domartstyl.com\/en\/levante-sofa\/"]}]},{"@type":"ImageObject","inLanguage":"en-US","@id":"https:\/\/domartstyl.com\/en\/levante-sofa\/#primaryimage","url":"https:\/\/domartstyl.com\/wp-content\/uploads\/2023\/09\/1-nowoczesny-szary-nraoznik-z-funkcja-spania-levante.jpg","contentUrl":"https:\/\/domartstyl.com\/wp-content\/uploads\/2023\/09\/1-nowoczesny-szary-nraoznik-z-funkcja-spania-levante.jpg","width":1200,"height":1200,"caption":"Nowoczesny szary naro\u017cnik z funkcj\u0105 spania Levante"},{"@type":"BreadcrumbList","@id":"https:\/\/domartstyl.com\/en\/levante-sofa\/#breadcrumb","itemListElement":[{"@type":"ListItem","position":1,"name":"Strona g\u0142\u00f3wna","item":"https:\/\/domartstyl.com\/en\/"},{"@type":"ListItem","position":2,"name":"Modern Upholstered Furniture","item":"https:\/\/domartstyl.com\/en\/furniture\/"},{"@type":"ListItem","position":3,"name":"Levante Corner Sofa"}]},{"@type":"WebSite","@id":"https:\/\/domartstyl.com\/en\/#website","url":"https:\/\/domartstyl.com\/en\/","name":"DomArtStyl","description":"Tworzymy meble najwy\u017cszej jako\u015bci. Sprzeda\u017c detaliczna \u00b7 Sprzeda\u017c hurtowa","publisher":{"@id":"https:\/\/domartstyl.com\/en\/#organization"},"potentialAction":[{"@type":"SearchAction","target":{"@type":"EntryPoint","urlTemplate":"https:\/\/domartstyl.com\/en\/?s={search_term_string}"},"query-input":{"@type":"PropertyValueSpecification","valueRequired":true,"valueName":"search_term_string"}}],"inLanguage":"en-US"},{"@type":"Organization","@id":"https:\/\/domartstyl.com\/en\/#organization","name":"DomArtStyl","url":"https:\/\/domartstyl.com\/en\/","logo":{"@type":"ImageObject","inLanguage":"en-US","@id":"https:\/\/domartstyl.com\/en\/#\/schema\/logo\/image\/","url":"https:\/\/domartstyl.com\/wp-content\/uploads\/2018\/04\/Logo_300_width.png","contentUrl":"https:\/\/domartstyl.com\/wp-content\/uploads\/2018\/04\/Logo_300_width.png","width":300,"height":140,"caption":"DomArtStyl"},"image":{"@id":"https:\/\/domartstyl.com\/en\/#\/schema\/logo\/image\/"},"sameAs":["https:\/\/www.facebook.com\/DomArtStyl\/","https:\/\/x.com\/DomArtStyl_pl","https:\/\/www.instagram.com\/domartstyl\/?hl=en","https:\/\/pl.pinterest.com\/domartstyl01\/","https:\/\/www.youtube.com\/channel\/UCkISSgvMomI6yFFL3JDbLhw"]}]},"product_price_amount":"1424.75","product_price_currency":"EUR","og_availability":"instock","product_availability":"instock","product_condition":"new"},"_links":{"self":[{"href":"https:\/\/domartstyl.com\/en\/wp-json\/wp\/v2\/product\/87394","targetHints":{"allow":["GET"]}}],"collection":[{"href":"https:\/\/domartstyl.com\/en\/wp-json\/wp\/v2\/product"}],"about":[{"href":"https:\/\/domartstyl.com\/en\/wp-json\/wp\/v2\/types\/product"}],"replies":[{"embeddable":true,"href":"https:\/\/domartstyl.com\/en\/wp-json\/wp\/v2\/comments?post=87394"}],"wp:featuredmedia":[{"embeddable":true,"href":"https:\/\/domartstyl.com\/en\/wp-json\/wp\/v2\/media\/87463"}],"wp:attachment":[{"href":"https:\/\/domartstyl.com\/en\/wp-json\/wp\/v2\/media?parent=87394"}],"wp:term":[{"taxonomy":"product_brand","embeddable":true,"href":"https:\/\/domartstyl.com\/en\/wp-json\/wp\/v2\/product_brand?post=87394"},{"taxonomy":"product_cat","embeddable":true,"href":"https:\/\/domartstyl.com\/en\/wp-json\/wp\/v2\/product_cat?post=87394"},{"taxonomy":"product_tag","embeddable":true,"href":"https:\/\/domartstyl.com\/en\/wp-json\/wp\/v2\/product_tag?post=87394"}],"curies":[{"name":"wp","href":"https:\/\/api.w.org\/{rel}","templated":true}]}}