{"id":85723,"date":"2023-06-15T10:43:04","date_gmt":"2023-06-15T09:43:04","guid":{"rendered":"https:\/\/domartstyl.com\/cherry-black-armchair-outdoor\/"},"modified":"2025-05-15T10:56:59","modified_gmt":"2025-05-15T09:56:59","slug":"cherry-black-armchair-outdoor","status":"publish","type":"product","link":"https:\/\/domartstyl.com\/en\/cherry-black-armchair-outdoor\/","title":{"rendered":"Cherry Black Armchair &#8211; Outdoor"},"content":{"rendered":"","protected":false},"excerpt":{"rendered":"<p><strong>Chair Cherry Black\u00a0<\/strong><br \/>\nThis is a popular choice for outdoor recreational space arrangements due to its durability and\u00a0resistance to weather conditions. The chair is set on a sturdy metal frame, ensuring its quality for many seasons. The comfortable and deep seat, filled with soft foam, provides comfort to the user. The outdoor fabric used for upholstery is specially designed for outdoor use. Easy\u00a0to\u00a0clean, the material is moisture and UV resistant, preventing it from fading or losing color when exposed to the sun. This model is an excellent choice for those who want to relax outdoors on a terrace, in a garden, or on a balcony.<\/p>\n","protected":false},"featured_media":85735,"comment_status":"closed","ping_status":"closed","template":"","meta":[],"product_brand":[],"product_cat":[34,8862,7627],"product_tag":[],"class_list":{"0":"post-85723","1":"product","2":"type-product","3":"status-publish","4":"has-post-thumbnail","6":"product_cat-armchairs","7":"product_cat-armchairs-with-metal-legs","8":"product_cat-furniture-on-metal-frame","9":"product_shipping_class-pakowane-pojedynczo-30-40-en","11":"first","12":"instock","13":"taxable","14":"shipping-taxable","15":"purchasable","16":"product-type-simple"},"yoast_head":"<!-- This site is optimized with the Yoast SEO Premium plugin v25.0 (Yoast SEO v25.0) - https:\/\/yoast.com\/wordpress\/plugins\/seo\/ -->\n<title>Cherry Black Armchair - Outdoor , Manufacturer of Upholstered Furniture - DomArtStyl<\/title>\n<meta name=\"robots\" content=\"index, follow, max-snippet:-1, max-image-preview:large, max-video-preview:-1\" \/>\n<link rel=\"canonical\" href=\"https:\/\/domartstyl.com\/en\/cherry-black-armchair-outdoor\/\" \/>\n<meta property=\"og:locale\" content=\"en_US\" \/>\n<meta property=\"og:type\" content=\"article\" \/>\n<meta property=\"og:title\" content=\"Cherry Black Armchair - Outdoor - DomArtStyl\" \/>\n<meta property=\"og:description\" content=\"Chair Cherry Black\u00a0 This is a popular choice for outdoor recreational space arrangements due to its durability and\u00a0resistance to weather conditions. The chair is set on a sturdy metal frame, ensuring its quality for many seasons. The comfortable and deep seat, filled with soft foam, provides comfort to the user. The outdoor fabric used for upholstery is specially designed for outdoor use. Easy\u00a0to\u00a0clean, the material is moisture and UV resistant, preventing it from fading or losing color when exposed to the sun. This model is an excellent choice for those who want to relax outdoors on a terrace, in a garden, or on a balcony.\" \/>\n<meta property=\"og:url\" content=\"https:\/\/domartstyl.com\/en\/cherry-black-armchair-outdoor\/\" \/>\n<meta property=\"og:site_name\" content=\"DomArtStyl\" \/>\n<meta property=\"article:publisher\" content=\"https:\/\/www.facebook.com\/DomArtStyl\/\" \/>\n<meta property=\"article:modified_time\" content=\"2025-05-15T09:56:59+00:00\" \/>\n<meta property=\"og:image\" content=\"https:\/\/domartstyl.com\/wp-content\/uploads\/2023\/06\/1-bialy-fotel-tapicerowany-do-ogrodu-cherry-outdoor.jpg\" \/>\n\t<meta property=\"og:image:width\" content=\"1200\" \/>\n\t<meta property=\"og:image:height\" content=\"1200\" \/>\n\t<meta property=\"og:image:type\" content=\"image\/jpeg\" \/>\n<meta name=\"twitter:card\" content=\"summary_large_image\" \/>\n<meta name=\"twitter:site\" content=\"@DomArtStyl_pl\" \/>\n<meta name=\"twitter:label1\" content=\"Price\" \/>\n\t<meta name=\"twitter:data1\" content=\"&euro;325,25\" \/>\n\t<meta name=\"twitter:label2\" content=\"Availability\" \/>\n\t<meta name=\"twitter:data2\" content=\"In stock\" \/>\n<script type=\"application\/ld+json\" class=\"yoast-schema-graph\">{\"@context\":\"https:\/\/schema.org\",\"@graph\":[{\"@type\":\"WebPage\",\"@id\":\"https:\/\/domartstyl.com\/en\/cherry-black-armchair-outdoor\/\",\"url\":\"https:\/\/domartstyl.com\/en\/cherry-black-armchair-outdoor\/\",\"name\":\"Cherry Black Armchair - Outdoor , Manufacturer of Upholstered Furniture - DomArtStyl\",\"isPartOf\":{\"@id\":\"https:\/\/domartstyl.com\/en\/#website\"},\"primaryImageOfPage\":{\"@id\":\"https:\/\/domartstyl.com\/en\/cherry-black-armchair-outdoor\/#primaryimage\"},\"image\":{\"@id\":\"https:\/\/domartstyl.com\/en\/cherry-black-armchair-outdoor\/#primaryimage\"},\"thumbnailUrl\":\"https:\/\/domartstyl.com\/wp-content\/uploads\/2023\/06\/1-bialy-fotel-tapicerowany-do-ogrodu-cherry-outdoor.jpg\",\"datePublished\":\"2023-06-15T09:43:04+00:00\",\"dateModified\":\"2025-05-15T09:56:59+00:00\",\"breadcrumb\":{\"@id\":\"https:\/\/domartstyl.com\/en\/cherry-black-armchair-outdoor\/#breadcrumb\"},\"inLanguage\":\"en-US\",\"potentialAction\":[{\"@type\":\"ReadAction\",\"target\":[\"https:\/\/domartstyl.com\/en\/cherry-black-armchair-outdoor\/\"]}]},{\"@type\":\"ImageObject\",\"inLanguage\":\"en-US\",\"@id\":\"https:\/\/domartstyl.com\/en\/cherry-black-armchair-outdoor\/#primaryimage\",\"url\":\"https:\/\/domartstyl.com\/wp-content\/uploads\/2023\/06\/1-bialy-fotel-tapicerowany-do-ogrodu-cherry-outdoor.jpg\",\"contentUrl\":\"https:\/\/domartstyl.com\/wp-content\/uploads\/2023\/06\/1-bialy-fotel-tapicerowany-do-ogrodu-cherry-outdoor.jpg\",\"width\":1200,\"height\":1200,\"caption\":\"Bia\u0142y fotel tapicerowany do ogrodu Cherry Outdoor\"},{\"@type\":\"BreadcrumbList\",\"@id\":\"https:\/\/domartstyl.com\/en\/cherry-black-armchair-outdoor\/#breadcrumb\",\"itemListElement\":[{\"@type\":\"ListItem\",\"position\":1,\"name\":\"Strona g\u0142\u00f3wna\",\"item\":\"https:\/\/domartstyl.com\/en\/\"},{\"@type\":\"ListItem\",\"position\":2,\"name\":\"Modern Upholstered Furniture\",\"item\":\"https:\/\/domartstyl.com\/en\/furniture\/\"},{\"@type\":\"ListItem\",\"position\":3,\"name\":\"Cherry Black Armchair &#8211; Outdoor\"}]},{\"@type\":\"WebSite\",\"@id\":\"https:\/\/domartstyl.com\/en\/#website\",\"url\":\"https:\/\/domartstyl.com\/en\/\",\"name\":\"DomArtStyl\",\"description\":\"Tworzymy meble najwy\u017cszej jako\u015bci. Sprzeda\u017c detaliczna \u00b7 Sprzeda\u017c hurtowa\",\"publisher\":{\"@id\":\"https:\/\/domartstyl.com\/en\/#organization\"},\"potentialAction\":[{\"@type\":\"SearchAction\",\"target\":{\"@type\":\"EntryPoint\",\"urlTemplate\":\"https:\/\/domartstyl.com\/en\/?s={search_term_string}\"},\"query-input\":{\"@type\":\"PropertyValueSpecification\",\"valueRequired\":true,\"valueName\":\"search_term_string\"}}],\"inLanguage\":\"en-US\"},{\"@type\":\"Organization\",\"@id\":\"https:\/\/domartstyl.com\/en\/#organization\",\"name\":\"DomArtStyl\",\"url\":\"https:\/\/domartstyl.com\/en\/\",\"logo\":{\"@type\":\"ImageObject\",\"inLanguage\":\"en-US\",\"@id\":\"https:\/\/domartstyl.com\/en\/#\/schema\/logo\/image\/\",\"url\":\"https:\/\/domartstyl.com\/wp-content\/uploads\/2018\/04\/Logo_300_width.png\",\"contentUrl\":\"https:\/\/domartstyl.com\/wp-content\/uploads\/2018\/04\/Logo_300_width.png\",\"width\":300,\"height\":140,\"caption\":\"DomArtStyl\"},\"image\":{\"@id\":\"https:\/\/domartstyl.com\/en\/#\/schema\/logo\/image\/\"},\"sameAs\":[\"https:\/\/www.facebook.com\/DomArtStyl\/\",\"https:\/\/x.com\/DomArtStyl_pl\",\"https:\/\/www.instagram.com\/domartstyl\/?hl=en\",\"https:\/\/pl.pinterest.com\/domartstyl01\/\",\"https:\/\/www.youtube.com\/channel\/UCkISSgvMomI6yFFL3JDbLhw\"]}]}<\/script>\n<meta property=\"product:price:amount\" content=\"325.25\" \/>\n<meta property=\"product:price:currency\" content=\"EUR\" \/>\n<meta property=\"og:availability\" content=\"instock\" \/>\n<meta property=\"product:availability\" content=\"instock\" \/>\n<meta property=\"product:condition\" content=\"new\" \/>\n<!-- \/ Yoast SEO Premium plugin. -->","yoast_head_json":{"title":"Cherry Black Armchair - Outdoor , Manufacturer of Upholstered Furniture - DomArtStyl","robots":{"index":"index","follow":"follow","max-snippet":"max-snippet:-1","max-image-preview":"max-image-preview:large","max-video-preview":"max-video-preview:-1"},"canonical":"https:\/\/domartstyl.com\/en\/cherry-black-armchair-outdoor\/","og_locale":"en_US","og_type":"article","og_title":"Cherry Black Armchair - Outdoor - DomArtStyl","og_description":"Chair Cherry Black\u00a0 This is a popular choice for outdoor recreational space arrangements due to its durability and\u00a0resistance to weather conditions. The chair is set on a sturdy metal frame, ensuring its quality for many seasons. The comfortable and deep seat, filled with soft foam, provides comfort to the user. The outdoor fabric used for upholstery is specially designed for outdoor use. Easy\u00a0to\u00a0clean, the material is moisture and UV resistant, preventing it from fading or losing color when exposed to the sun. This model is an excellent choice for those who want to relax outdoors on a terrace, in a garden, or on a balcony.","og_url":"https:\/\/domartstyl.com\/en\/cherry-black-armchair-outdoor\/","og_site_name":"DomArtStyl","article_publisher":"https:\/\/www.facebook.com\/DomArtStyl\/","article_modified_time":"2025-05-15T09:56:59+00:00","og_image":[{"width":1200,"height":1200,"url":"https:\/\/domartstyl.com\/wp-content\/uploads\/2023\/06\/1-bialy-fotel-tapicerowany-do-ogrodu-cherry-outdoor.jpg","type":"image\/jpeg"}],"twitter_card":"summary_large_image","twitter_site":"@DomArtStyl_pl","twitter_misc":{"Price":"&euro;325,25","Availability":"In stock"},"schema":{"@context":"https:\/\/schema.org","@graph":[{"@type":"WebPage","@id":"https:\/\/domartstyl.com\/en\/cherry-black-armchair-outdoor\/","url":"https:\/\/domartstyl.com\/en\/cherry-black-armchair-outdoor\/","name":"Cherry Black Armchair - Outdoor , Manufacturer of Upholstered Furniture - DomArtStyl","isPartOf":{"@id":"https:\/\/domartstyl.com\/en\/#website"},"primaryImageOfPage":{"@id":"https:\/\/domartstyl.com\/en\/cherry-black-armchair-outdoor\/#primaryimage"},"image":{"@id":"https:\/\/domartstyl.com\/en\/cherry-black-armchair-outdoor\/#primaryimage"},"thumbnailUrl":"https:\/\/domartstyl.com\/wp-content\/uploads\/2023\/06\/1-bialy-fotel-tapicerowany-do-ogrodu-cherry-outdoor.jpg","datePublished":"2023-06-15T09:43:04+00:00","dateModified":"2025-05-15T09:56:59+00:00","breadcrumb":{"@id":"https:\/\/domartstyl.com\/en\/cherry-black-armchair-outdoor\/#breadcrumb"},"inLanguage":"en-US","potentialAction":[{"@type":"ReadAction","target":["https:\/\/domartstyl.com\/en\/cherry-black-armchair-outdoor\/"]}]},{"@type":"ImageObject","inLanguage":"en-US","@id":"https:\/\/domartstyl.com\/en\/cherry-black-armchair-outdoor\/#primaryimage","url":"https:\/\/domartstyl.com\/wp-content\/uploads\/2023\/06\/1-bialy-fotel-tapicerowany-do-ogrodu-cherry-outdoor.jpg","contentUrl":"https:\/\/domartstyl.com\/wp-content\/uploads\/2023\/06\/1-bialy-fotel-tapicerowany-do-ogrodu-cherry-outdoor.jpg","width":1200,"height":1200,"caption":"Bia\u0142y fotel tapicerowany do ogrodu Cherry Outdoor"},{"@type":"BreadcrumbList","@id":"https:\/\/domartstyl.com\/en\/cherry-black-armchair-outdoor\/#breadcrumb","itemListElement":[{"@type":"ListItem","position":1,"name":"Strona g\u0142\u00f3wna","item":"https:\/\/domartstyl.com\/en\/"},{"@type":"ListItem","position":2,"name":"Modern Upholstered Furniture","item":"https:\/\/domartstyl.com\/en\/furniture\/"},{"@type":"ListItem","position":3,"name":"Cherry Black Armchair &#8211; Outdoor"}]},{"@type":"WebSite","@id":"https:\/\/domartstyl.com\/en\/#website","url":"https:\/\/domartstyl.com\/en\/","name":"DomArtStyl","description":"Tworzymy meble najwy\u017cszej jako\u015bci. Sprzeda\u017c detaliczna \u00b7 Sprzeda\u017c hurtowa","publisher":{"@id":"https:\/\/domartstyl.com\/en\/#organization"},"potentialAction":[{"@type":"SearchAction","target":{"@type":"EntryPoint","urlTemplate":"https:\/\/domartstyl.com\/en\/?s={search_term_string}"},"query-input":{"@type":"PropertyValueSpecification","valueRequired":true,"valueName":"search_term_string"}}],"inLanguage":"en-US"},{"@type":"Organization","@id":"https:\/\/domartstyl.com\/en\/#organization","name":"DomArtStyl","url":"https:\/\/domartstyl.com\/en\/","logo":{"@type":"ImageObject","inLanguage":"en-US","@id":"https:\/\/domartstyl.com\/en\/#\/schema\/logo\/image\/","url":"https:\/\/domartstyl.com\/wp-content\/uploads\/2018\/04\/Logo_300_width.png","contentUrl":"https:\/\/domartstyl.com\/wp-content\/uploads\/2018\/04\/Logo_300_width.png","width":300,"height":140,"caption":"DomArtStyl"},"image":{"@id":"https:\/\/domartstyl.com\/en\/#\/schema\/logo\/image\/"},"sameAs":["https:\/\/www.facebook.com\/DomArtStyl\/","https:\/\/x.com\/DomArtStyl_pl","https:\/\/www.instagram.com\/domartstyl\/?hl=en","https:\/\/pl.pinterest.com\/domartstyl01\/","https:\/\/www.youtube.com\/channel\/UCkISSgvMomI6yFFL3JDbLhw"]}]},"product_price_amount":"325.25","product_price_currency":"EUR","og_availability":"instock","product_availability":"instock","product_condition":"new"},"_links":{"self":[{"href":"https:\/\/domartstyl.com\/en\/wp-json\/wp\/v2\/product\/85723","targetHints":{"allow":["GET"]}}],"collection":[{"href":"https:\/\/domartstyl.com\/en\/wp-json\/wp\/v2\/product"}],"about":[{"href":"https:\/\/domartstyl.com\/en\/wp-json\/wp\/v2\/types\/product"}],"replies":[{"embeddable":true,"href":"https:\/\/domartstyl.com\/en\/wp-json\/wp\/v2\/comments?post=85723"}],"wp:featuredmedia":[{"embeddable":true,"href":"https:\/\/domartstyl.com\/en\/wp-json\/wp\/v2\/media\/85735"}],"wp:attachment":[{"href":"https:\/\/domartstyl.com\/en\/wp-json\/wp\/v2\/media?parent=85723"}],"wp:term":[{"taxonomy":"product_brand","embeddable":true,"href":"https:\/\/domartstyl.com\/en\/wp-json\/wp\/v2\/product_brand?post=85723"},{"taxonomy":"product_cat","embeddable":true,"href":"https:\/\/domartstyl.com\/en\/wp-json\/wp\/v2\/product_cat?post=85723"},{"taxonomy":"product_tag","embeddable":true,"href":"https:\/\/domartstyl.com\/en\/wp-json\/wp\/v2\/product_tag?post=85723"}],"curies":[{"name":"wp","href":"https:\/\/api.w.org\/{rel}","templated":true}]}}