{"id":83781,"date":"2023-02-27T11:13:25","date_gmt":"2023-02-27T10:13:25","guid":{"rendered":"https:\/\/domartstyl.com\/?post_type=product&#038;p=83781"},"modified":"2025-05-15T10:57:01","modified_gmt":"2025-05-15T09:57:01","slug":"larissa-armchair-black-frame","status":"publish","type":"product","link":"https:\/\/domartstyl.com\/en\/larissa-armchair-black-frame\/","title":{"rendered":"Larissa Armchair Black Lumo"},"content":{"rendered":"","protected":false},"excerpt":{"rendered":"<p>Both the unusual appearance and the functional advantages of this piece of furniture can be described only in superlatives. Larissa combines an unusual design from the top shelf and a form straight from the most luxurious interiors. Captivating beauty and perfection of production are the features thanks to which this piece of furniture will give any interior a luxurious character &#8211; from the home lounge, through clubs, restaurants, to hotels or offices. You don&#8217;t have to be a star of red carpets to feel like that &#8211; this unique, comfortable armchair in every aspect will always make you feel appreciated and valued. This model is available in three variants: Black, Gold and Silver, and the selection of available fabrics will satisfy the most demanding customers. And although these armchairs themselves are a beautiful element of any interior, combined with the Larissa bench they create a true designer masterpiece.<\/p>\n","protected":false},"featured_media":86527,"comment_status":"closed","ping_status":"closed","template":"","meta":[],"product_brand":[],"product_cat":[8249],"product_tag":[],"class_list":{"0":"post-83781","1":"product","2":"type-product","3":"status-publish","4":"has-post-thumbnail","6":"product_cat-wholesale-furniture","7":"product_shipping_class-pakowane-podwojnie-30-40-en","9":"first","10":"instock","11":"taxable","12":"shipping-taxable","13":"product-type-soldout"},"yoast_head":"<!-- This site is optimized with the Yoast SEO Premium plugin v25.0 (Yoast SEO v25.0) - https:\/\/yoast.com\/wordpress\/plugins\/seo\/ -->\n<title>Armchair for Glamor Living Room - Larissa Black - DomArtStyl<\/title>\n<meta name=\"description\" content=\"The Larissa Black upholstered armchair with black legs is the perfect choice for modern interiors: living room, dining room or bedroom.\" \/>\n<meta name=\"robots\" content=\"index, follow, max-snippet:-1, max-image-preview:large, max-video-preview:-1\" \/>\n<link rel=\"canonical\" href=\"https:\/\/domartstyl.com\/en\/larissa-armchair-black-frame\/\" \/>\n<meta property=\"og:locale\" content=\"en_US\" \/>\n<meta property=\"og:type\" content=\"article\" \/>\n<meta property=\"og:title\" content=\"Larissa Armchair Black Lumo - DomArtStyl\" \/>\n<meta property=\"og:description\" content=\"The Larissa Black upholstered armchair with black legs is the perfect choice for modern interiors: living room, dining room or bedroom.\" \/>\n<meta property=\"og:url\" content=\"https:\/\/domartstyl.com\/en\/larissa-armchair-black-frame\/\" \/>\n<meta property=\"og:site_name\" content=\"DomArtStyl\" \/>\n<meta property=\"article:publisher\" content=\"https:\/\/www.facebook.com\/DomArtStyl\/\" \/>\n<meta property=\"article:modified_time\" content=\"2025-05-15T09:57:01+00:00\" \/>\n<meta property=\"og:image\" content=\"https:\/\/domartstyl.com\/wp-content\/uploads\/2023\/02\/1-szary-fotel-przeplatany-z-obrotowa-podstawa-metalowy-do-salonu.jpg\" \/>\n\t<meta property=\"og:image:width\" content=\"1200\" \/>\n\t<meta property=\"og:image:height\" content=\"1200\" \/>\n\t<meta property=\"og:image:type\" content=\"image\/jpeg\" \/>\n<meta name=\"twitter:card\" content=\"summary_large_image\" \/>\n<meta name=\"twitter:site\" content=\"@DomArtStyl_pl\" \/>\n<meta name=\"twitter:label1\" content=\"Price\" \/>\n\t<meta name=\"twitter:data1\" content=\"\" \/>\n\t<meta name=\"twitter:label2\" content=\"Availability\" \/>\n\t<meta name=\"twitter:data2\" content=\"In stock\" \/>\n<script type=\"application\/ld+json\" class=\"yoast-schema-graph\">{\"@context\":\"https:\/\/schema.org\",\"@graph\":[{\"@type\":\"WebPage\",\"@id\":\"https:\/\/domartstyl.com\/en\/larissa-armchair-black-frame\/\",\"url\":\"https:\/\/domartstyl.com\/en\/larissa-armchair-black-frame\/\",\"name\":\"Armchair for Glamor Living Room - Larissa Black - DomArtStyl\",\"isPartOf\":{\"@id\":\"https:\/\/domartstyl.com\/en\/#website\"},\"primaryImageOfPage\":{\"@id\":\"https:\/\/domartstyl.com\/en\/larissa-armchair-black-frame\/#primaryimage\"},\"image\":{\"@id\":\"https:\/\/domartstyl.com\/en\/larissa-armchair-black-frame\/#primaryimage\"},\"thumbnailUrl\":\"https:\/\/domartstyl.com\/wp-content\/uploads\/2023\/02\/1-szary-fotel-przeplatany-z-obrotowa-podstawa-metalowy-do-salonu.jpg\",\"datePublished\":\"2023-02-27T10:13:25+00:00\",\"dateModified\":\"2025-05-15T09:57:01+00:00\",\"description\":\"The Larissa Black upholstered armchair with black legs is the perfect choice for modern interiors: living room, dining room or bedroom.\",\"breadcrumb\":{\"@id\":\"https:\/\/domartstyl.com\/en\/larissa-armchair-black-frame\/#breadcrumb\"},\"inLanguage\":\"en-US\",\"potentialAction\":[{\"@type\":\"ReadAction\",\"target\":[\"https:\/\/domartstyl.com\/en\/larissa-armchair-black-frame\/\"]}]},{\"@type\":\"ImageObject\",\"inLanguage\":\"en-US\",\"@id\":\"https:\/\/domartstyl.com\/en\/larissa-armchair-black-frame\/#primaryimage\",\"url\":\"https:\/\/domartstyl.com\/wp-content\/uploads\/2023\/02\/1-szary-fotel-przeplatany-z-obrotowa-podstawa-metalowy-do-salonu.jpg\",\"contentUrl\":\"https:\/\/domartstyl.com\/wp-content\/uploads\/2023\/02\/1-szary-fotel-przeplatany-z-obrotowa-podstawa-metalowy-do-salonu.jpg\",\"width\":1200,\"height\":1200,\"caption\":\"Szary fotel przeplatany z obrotowa podstawa metalowy do salonu Larissa Black Lumo\"},{\"@type\":\"BreadcrumbList\",\"@id\":\"https:\/\/domartstyl.com\/en\/larissa-armchair-black-frame\/#breadcrumb\",\"itemListElement\":[{\"@type\":\"ListItem\",\"position\":1,\"name\":\"Strona g\u0142\u00f3wna\",\"item\":\"https:\/\/domartstyl.com\/en\/\"},{\"@type\":\"ListItem\",\"position\":2,\"name\":\"Modern Upholstered Furniture\",\"item\":\"https:\/\/domartstyl.com\/en\/furniture\/\"},{\"@type\":\"ListItem\",\"position\":3,\"name\":\"Larissa Armchair Black Lumo\"}]},{\"@type\":\"WebSite\",\"@id\":\"https:\/\/domartstyl.com\/en\/#website\",\"url\":\"https:\/\/domartstyl.com\/en\/\",\"name\":\"DomArtStyl\",\"description\":\"Tworzymy meble najwy\u017cszej jako\u015bci. Sprzeda\u017c detaliczna \u00b7 Sprzeda\u017c hurtowa\",\"publisher\":{\"@id\":\"https:\/\/domartstyl.com\/en\/#organization\"},\"potentialAction\":[{\"@type\":\"SearchAction\",\"target\":{\"@type\":\"EntryPoint\",\"urlTemplate\":\"https:\/\/domartstyl.com\/en\/?s={search_term_string}\"},\"query-input\":{\"@type\":\"PropertyValueSpecification\",\"valueRequired\":true,\"valueName\":\"search_term_string\"}}],\"inLanguage\":\"en-US\"},{\"@type\":\"Organization\",\"@id\":\"https:\/\/domartstyl.com\/en\/#organization\",\"name\":\"DomArtStyl\",\"url\":\"https:\/\/domartstyl.com\/en\/\",\"logo\":{\"@type\":\"ImageObject\",\"inLanguage\":\"en-US\",\"@id\":\"https:\/\/domartstyl.com\/en\/#\/schema\/logo\/image\/\",\"url\":\"https:\/\/domartstyl.com\/wp-content\/uploads\/2018\/04\/Logo_300_width.png\",\"contentUrl\":\"https:\/\/domartstyl.com\/wp-content\/uploads\/2018\/04\/Logo_300_width.png\",\"width\":300,\"height\":140,\"caption\":\"DomArtStyl\"},\"image\":{\"@id\":\"https:\/\/domartstyl.com\/en\/#\/schema\/logo\/image\/\"},\"sameAs\":[\"https:\/\/www.facebook.com\/DomArtStyl\/\",\"https:\/\/x.com\/DomArtStyl_pl\",\"https:\/\/www.instagram.com\/domartstyl\/?hl=en\",\"https:\/\/pl.pinterest.com\/domartstyl01\/\",\"https:\/\/www.youtube.com\/channel\/UCkISSgvMomI6yFFL3JDbLhw\"]}]}<\/script>\n<meta property=\"product:price:amount\" content=\"0.00\" \/>\n<meta property=\"product:price:currency\" content=\"EUR\" \/>\n<meta property=\"og:availability\" content=\"instock\" \/>\n<meta property=\"product:availability\" content=\"instock\" \/>\n<meta property=\"product:condition\" content=\"new\" \/>\n<!-- \/ Yoast SEO Premium plugin. -->","yoast_head_json":{"title":"Armchair for Glamor Living Room - Larissa Black - DomArtStyl","description":"The Larissa Black upholstered armchair with black legs is the perfect choice for modern interiors: living room, dining room or bedroom.","robots":{"index":"index","follow":"follow","max-snippet":"max-snippet:-1","max-image-preview":"max-image-preview:large","max-video-preview":"max-video-preview:-1"},"canonical":"https:\/\/domartstyl.com\/en\/larissa-armchair-black-frame\/","og_locale":"en_US","og_type":"article","og_title":"Larissa Armchair Black Lumo - DomArtStyl","og_description":"The Larissa Black upholstered armchair with black legs is the perfect choice for modern interiors: living room, dining room or bedroom.","og_url":"https:\/\/domartstyl.com\/en\/larissa-armchair-black-frame\/","og_site_name":"DomArtStyl","article_publisher":"https:\/\/www.facebook.com\/DomArtStyl\/","article_modified_time":"2025-05-15T09:57:01+00:00","og_image":[{"width":1200,"height":1200,"url":"https:\/\/domartstyl.com\/wp-content\/uploads\/2023\/02\/1-szary-fotel-przeplatany-z-obrotowa-podstawa-metalowy-do-salonu.jpg","type":"image\/jpeg"}],"twitter_card":"summary_large_image","twitter_site":"@DomArtStyl_pl","twitter_misc":{"Price":"","Availability":"In stock"},"schema":{"@context":"https:\/\/schema.org","@graph":[{"@type":"WebPage","@id":"https:\/\/domartstyl.com\/en\/larissa-armchair-black-frame\/","url":"https:\/\/domartstyl.com\/en\/larissa-armchair-black-frame\/","name":"Armchair for Glamor Living Room - Larissa Black - DomArtStyl","isPartOf":{"@id":"https:\/\/domartstyl.com\/en\/#website"},"primaryImageOfPage":{"@id":"https:\/\/domartstyl.com\/en\/larissa-armchair-black-frame\/#primaryimage"},"image":{"@id":"https:\/\/domartstyl.com\/en\/larissa-armchair-black-frame\/#primaryimage"},"thumbnailUrl":"https:\/\/domartstyl.com\/wp-content\/uploads\/2023\/02\/1-szary-fotel-przeplatany-z-obrotowa-podstawa-metalowy-do-salonu.jpg","datePublished":"2023-02-27T10:13:25+00:00","dateModified":"2025-05-15T09:57:01+00:00","description":"The Larissa Black upholstered armchair with black legs is the perfect choice for modern interiors: living room, dining room or bedroom.","breadcrumb":{"@id":"https:\/\/domartstyl.com\/en\/larissa-armchair-black-frame\/#breadcrumb"},"inLanguage":"en-US","potentialAction":[{"@type":"ReadAction","target":["https:\/\/domartstyl.com\/en\/larissa-armchair-black-frame\/"]}]},{"@type":"ImageObject","inLanguage":"en-US","@id":"https:\/\/domartstyl.com\/en\/larissa-armchair-black-frame\/#primaryimage","url":"https:\/\/domartstyl.com\/wp-content\/uploads\/2023\/02\/1-szary-fotel-przeplatany-z-obrotowa-podstawa-metalowy-do-salonu.jpg","contentUrl":"https:\/\/domartstyl.com\/wp-content\/uploads\/2023\/02\/1-szary-fotel-przeplatany-z-obrotowa-podstawa-metalowy-do-salonu.jpg","width":1200,"height":1200,"caption":"Szary fotel przeplatany z obrotowa podstawa metalowy do salonu Larissa Black Lumo"},{"@type":"BreadcrumbList","@id":"https:\/\/domartstyl.com\/en\/larissa-armchair-black-frame\/#breadcrumb","itemListElement":[{"@type":"ListItem","position":1,"name":"Strona g\u0142\u00f3wna","item":"https:\/\/domartstyl.com\/en\/"},{"@type":"ListItem","position":2,"name":"Modern Upholstered Furniture","item":"https:\/\/domartstyl.com\/en\/furniture\/"},{"@type":"ListItem","position":3,"name":"Larissa Armchair Black Lumo"}]},{"@type":"WebSite","@id":"https:\/\/domartstyl.com\/en\/#website","url":"https:\/\/domartstyl.com\/en\/","name":"DomArtStyl","description":"Tworzymy meble najwy\u017cszej jako\u015bci. Sprzeda\u017c detaliczna \u00b7 Sprzeda\u017c hurtowa","publisher":{"@id":"https:\/\/domartstyl.com\/en\/#organization"},"potentialAction":[{"@type":"SearchAction","target":{"@type":"EntryPoint","urlTemplate":"https:\/\/domartstyl.com\/en\/?s={search_term_string}"},"query-input":{"@type":"PropertyValueSpecification","valueRequired":true,"valueName":"search_term_string"}}],"inLanguage":"en-US"},{"@type":"Organization","@id":"https:\/\/domartstyl.com\/en\/#organization","name":"DomArtStyl","url":"https:\/\/domartstyl.com\/en\/","logo":{"@type":"ImageObject","inLanguage":"en-US","@id":"https:\/\/domartstyl.com\/en\/#\/schema\/logo\/image\/","url":"https:\/\/domartstyl.com\/wp-content\/uploads\/2018\/04\/Logo_300_width.png","contentUrl":"https:\/\/domartstyl.com\/wp-content\/uploads\/2018\/04\/Logo_300_width.png","width":300,"height":140,"caption":"DomArtStyl"},"image":{"@id":"https:\/\/domartstyl.com\/en\/#\/schema\/logo\/image\/"},"sameAs":["https:\/\/www.facebook.com\/DomArtStyl\/","https:\/\/x.com\/DomArtStyl_pl","https:\/\/www.instagram.com\/domartstyl\/?hl=en","https:\/\/pl.pinterest.com\/domartstyl01\/","https:\/\/www.youtube.com\/channel\/UCkISSgvMomI6yFFL3JDbLhw"]}]},"product_price_amount":"0.00","product_price_currency":"EUR","og_availability":"instock","product_availability":"instock","product_condition":"new"},"_links":{"self":[{"href":"https:\/\/domartstyl.com\/en\/wp-json\/wp\/v2\/product\/83781","targetHints":{"allow":["GET"]}}],"collection":[{"href":"https:\/\/domartstyl.com\/en\/wp-json\/wp\/v2\/product"}],"about":[{"href":"https:\/\/domartstyl.com\/en\/wp-json\/wp\/v2\/types\/product"}],"replies":[{"embeddable":true,"href":"https:\/\/domartstyl.com\/en\/wp-json\/wp\/v2\/comments?post=83781"}],"wp:featuredmedia":[{"embeddable":true,"href":"https:\/\/domartstyl.com\/en\/wp-json\/wp\/v2\/media\/86527"}],"wp:attachment":[{"href":"https:\/\/domartstyl.com\/en\/wp-json\/wp\/v2\/media?parent=83781"}],"wp:term":[{"taxonomy":"product_brand","embeddable":true,"href":"https:\/\/domartstyl.com\/en\/wp-json\/wp\/v2\/product_brand?post=83781"},{"taxonomy":"product_cat","embeddable":true,"href":"https:\/\/domartstyl.com\/en\/wp-json\/wp\/v2\/product_cat?post=83781"},{"taxonomy":"product_tag","embeddable":true,"href":"https:\/\/domartstyl.com\/en\/wp-json\/wp\/v2\/product_tag?post=83781"}],"curies":[{"name":"wp","href":"https:\/\/api.w.org\/{rel}","templated":true}]}}