{"id":83161,"date":"2022-05-06T13:19:03","date_gmt":"2022-05-06T12:19:03","guid":{"rendered":"https:\/\/domartstyl.com\/abisso-original-gold-chair\/"},"modified":"2025-05-15T10:57:08","modified_gmt":"2025-05-15T09:57:08","slug":"abisso-original-gold-chair","status":"publish","type":"product","link":"https:\/\/domartstyl.com\/en\/abisso-original-gold-chair\/","title":{"rendered":"Abisso original gold chair"},"content":{"rendered":"","protected":false},"excerpt":{"rendered":"<p><strong>The Abisso chair<\/strong> is a high-quality piece of furniture with an attractive shape, best presented in modern, minimalist interiors. The model has an original hole in the backrest, which gives it lightness. Of course, you can choose from a wide range of colorful fabrics and several versions of the frame. Abisso is a relatively small chair, so we recommend checking the dimensions of the product before buying.<br \/>\n<strong>* We reserve the possibility of differences in the color of the locks in different parts of the furniture.<\/strong><\/p>\n","protected":false},"featured_media":79202,"comment_status":"closed","ping_status":"closed","template":"","meta":[],"product_brand":[],"product_cat":[36,8793,8794,8795,8796,8797,8798,8800,8805,8806,8803,7627],"product_tag":[],"class_list":{"0":"post-83161","1":"product","2":"type-product","3":"status-publish","4":"has-post-thumbnail","6":"product_cat-chairs","7":"product_cat-dining-chairs","8":"product_cat-living-room-chairs","9":"product_cat-kitchen-chairs","10":"product_cat-chairs-for-the-waiting-room","11":"product_cat-restaurant-chairs","12":"product_cat-modern-chairs","13":"product_cat-loft-chairs","14":"product_cat-chairs-with-metal-legs","15":"product_cat-chairs-with-golden-legs","16":"product_cat-velor-chairs","17":"product_cat-furniture-on-metal-frame","18":"product_shipping_class-pakowane-podwojnie-30-40-en","20":"first","21":"instock","22":"taxable","23":"shipping-taxable","24":"purchasable","25":"product-type-simple"},"yoast_head":"<!-- This site is optimized with the Yoast SEO Premium plugin v25.0 (Yoast SEO v25.0) - https:\/\/yoast.com\/wordpress\/plugins\/seo\/ -->\n<title>Modern Dining Chair - Abisso Original Gold<\/title>\n<meta name=\"description\" content=\"Modern Dining Chair - Abisso Original Gold\" \/>\n<meta name=\"robots\" content=\"index, follow, max-snippet:-1, max-image-preview:large, max-video-preview:-1\" \/>\n<link rel=\"canonical\" href=\"https:\/\/domartstyl.com\/en\/abisso-original-gold-chair\/\" \/>\n<meta property=\"og:locale\" content=\"en_US\" \/>\n<meta property=\"og:type\" content=\"article\" \/>\n<meta property=\"og:title\" content=\"Abisso original gold chair - DomArtStyl\" \/>\n<meta property=\"og:description\" content=\"Modern Dining Chair - Abisso Original Gold\" \/>\n<meta property=\"og:url\" content=\"https:\/\/domartstyl.com\/en\/abisso-original-gold-chair\/\" \/>\n<meta property=\"og:site_name\" content=\"DomArtStyl\" \/>\n<meta property=\"article:publisher\" content=\"https:\/\/www.facebook.com\/DomArtStyl\/\" \/>\n<meta property=\"article:modified_time\" content=\"2025-05-15T09:57:08+00:00\" \/>\n<meta property=\"og:image\" content=\"https:\/\/domartstyl.com\/wp-content\/uploads\/2022\/05\/Jasnoszare-krzeslo-do-jadalni-na-zlotych-nogach-Abisso-original-gold.jpg\" \/>\n\t<meta property=\"og:image:width\" content=\"1200\" \/>\n\t<meta property=\"og:image:height\" content=\"1200\" \/>\n\t<meta property=\"og:image:type\" content=\"image\/jpeg\" \/>\n<meta name=\"twitter:card\" content=\"summary_large_image\" \/>\n<meta name=\"twitter:site\" content=\"@DomArtStyl_pl\" \/>\n<meta name=\"twitter:label1\" content=\"Price\" \/>\n\t<meta name=\"twitter:data1\" content=\"&euro;268,50\" \/>\n\t<meta name=\"twitter:label2\" content=\"Availability\" \/>\n\t<meta name=\"twitter:data2\" content=\"In stock\" \/>\n<script type=\"application\/ld+json\" class=\"yoast-schema-graph\">{\"@context\":\"https:\/\/schema.org\",\"@graph\":[{\"@type\":\"WebPage\",\"@id\":\"https:\/\/domartstyl.com\/en\/abisso-original-gold-chair\/\",\"url\":\"https:\/\/domartstyl.com\/en\/abisso-original-gold-chair\/\",\"name\":\"Modern Dining Chair - Abisso Original Gold\",\"isPartOf\":{\"@id\":\"https:\/\/domartstyl.com\/en\/#website\"},\"primaryImageOfPage\":{\"@id\":\"https:\/\/domartstyl.com\/en\/abisso-original-gold-chair\/#primaryimage\"},\"image\":{\"@id\":\"https:\/\/domartstyl.com\/en\/abisso-original-gold-chair\/#primaryimage\"},\"thumbnailUrl\":\"https:\/\/domartstyl.com\/wp-content\/uploads\/2022\/05\/Jasnoszare-krzeslo-do-jadalni-na-zlotych-nogach-Abisso-original-gold.jpg\",\"datePublished\":\"2022-05-06T12:19:03+00:00\",\"dateModified\":\"2025-05-15T09:57:08+00:00\",\"description\":\"Modern Dining Chair - Abisso Original Gold\",\"breadcrumb\":{\"@id\":\"https:\/\/domartstyl.com\/en\/abisso-original-gold-chair\/#breadcrumb\"},\"inLanguage\":\"en-US\",\"potentialAction\":[{\"@type\":\"ReadAction\",\"target\":[\"https:\/\/domartstyl.com\/en\/abisso-original-gold-chair\/\"]}]},{\"@type\":\"ImageObject\",\"inLanguage\":\"en-US\",\"@id\":\"https:\/\/domartstyl.com\/en\/abisso-original-gold-chair\/#primaryimage\",\"url\":\"https:\/\/domartstyl.com\/wp-content\/uploads\/2022\/05\/Jasnoszare-krzeslo-do-jadalni-na-zlotych-nogach-Abisso-original-gold.jpg\",\"contentUrl\":\"https:\/\/domartstyl.com\/wp-content\/uploads\/2022\/05\/Jasnoszare-krzeslo-do-jadalni-na-zlotych-nogach-Abisso-original-gold.jpg\",\"width\":1200,\"height\":1200,\"caption\":\"Abisso original gold light gray dining chair with golden legs\"},{\"@type\":\"BreadcrumbList\",\"@id\":\"https:\/\/domartstyl.com\/en\/abisso-original-gold-chair\/#breadcrumb\",\"itemListElement\":[{\"@type\":\"ListItem\",\"position\":1,\"name\":\"Strona g\u0142\u00f3wna\",\"item\":\"https:\/\/domartstyl.com\/en\/\"},{\"@type\":\"ListItem\",\"position\":2,\"name\":\"Modern Upholstered Furniture\",\"item\":\"https:\/\/domartstyl.com\/en\/furniture\/\"},{\"@type\":\"ListItem\",\"position\":3,\"name\":\"Abisso original gold chair\"}]},{\"@type\":\"WebSite\",\"@id\":\"https:\/\/domartstyl.com\/en\/#website\",\"url\":\"https:\/\/domartstyl.com\/en\/\",\"name\":\"DomArtStyl\",\"description\":\"Tworzymy meble najwy\u017cszej jako\u015bci. Sprzeda\u017c detaliczna \u00b7 Sprzeda\u017c hurtowa\",\"publisher\":{\"@id\":\"https:\/\/domartstyl.com\/en\/#organization\"},\"potentialAction\":[{\"@type\":\"SearchAction\",\"target\":{\"@type\":\"EntryPoint\",\"urlTemplate\":\"https:\/\/domartstyl.com\/en\/?s={search_term_string}\"},\"query-input\":{\"@type\":\"PropertyValueSpecification\",\"valueRequired\":true,\"valueName\":\"search_term_string\"}}],\"inLanguage\":\"en-US\"},{\"@type\":\"Organization\",\"@id\":\"https:\/\/domartstyl.com\/en\/#organization\",\"name\":\"DomArtStyl\",\"url\":\"https:\/\/domartstyl.com\/en\/\",\"logo\":{\"@type\":\"ImageObject\",\"inLanguage\":\"en-US\",\"@id\":\"https:\/\/domartstyl.com\/en\/#\/schema\/logo\/image\/\",\"url\":\"https:\/\/domartstyl.com\/wp-content\/uploads\/2018\/04\/Logo_300_width.png\",\"contentUrl\":\"https:\/\/domartstyl.com\/wp-content\/uploads\/2018\/04\/Logo_300_width.png\",\"width\":300,\"height\":140,\"caption\":\"DomArtStyl\"},\"image\":{\"@id\":\"https:\/\/domartstyl.com\/en\/#\/schema\/logo\/image\/\"},\"sameAs\":[\"https:\/\/www.facebook.com\/DomArtStyl\/\",\"https:\/\/x.com\/DomArtStyl_pl\",\"https:\/\/www.instagram.com\/domartstyl\/?hl=en\",\"https:\/\/pl.pinterest.com\/domartstyl01\/\",\"https:\/\/www.youtube.com\/channel\/UCkISSgvMomI6yFFL3JDbLhw\"]}]}<\/script>\n<meta property=\"product:price:amount\" content=\"268.50\" \/>\n<meta property=\"product:price:currency\" content=\"EUR\" \/>\n<meta property=\"og:availability\" content=\"instock\" \/>\n<meta property=\"product:availability\" content=\"instock\" \/>\n<meta property=\"product:condition\" content=\"new\" \/>\n<!-- \/ Yoast SEO Premium plugin. -->","yoast_head_json":{"title":"Modern Dining Chair - Abisso Original Gold","description":"Modern Dining Chair - Abisso Original Gold","robots":{"index":"index","follow":"follow","max-snippet":"max-snippet:-1","max-image-preview":"max-image-preview:large","max-video-preview":"max-video-preview:-1"},"canonical":"https:\/\/domartstyl.com\/en\/abisso-original-gold-chair\/","og_locale":"en_US","og_type":"article","og_title":"Abisso original gold chair - DomArtStyl","og_description":"Modern Dining Chair - Abisso Original Gold","og_url":"https:\/\/domartstyl.com\/en\/abisso-original-gold-chair\/","og_site_name":"DomArtStyl","article_publisher":"https:\/\/www.facebook.com\/DomArtStyl\/","article_modified_time":"2025-05-15T09:57:08+00:00","og_image":[{"width":1200,"height":1200,"url":"https:\/\/domartstyl.com\/wp-content\/uploads\/2022\/05\/Jasnoszare-krzeslo-do-jadalni-na-zlotych-nogach-Abisso-original-gold.jpg","type":"image\/jpeg"}],"twitter_card":"summary_large_image","twitter_site":"@DomArtStyl_pl","twitter_misc":{"Price":"&euro;268,50","Availability":"In stock"},"schema":{"@context":"https:\/\/schema.org","@graph":[{"@type":"WebPage","@id":"https:\/\/domartstyl.com\/en\/abisso-original-gold-chair\/","url":"https:\/\/domartstyl.com\/en\/abisso-original-gold-chair\/","name":"Modern Dining Chair - Abisso Original Gold","isPartOf":{"@id":"https:\/\/domartstyl.com\/en\/#website"},"primaryImageOfPage":{"@id":"https:\/\/domartstyl.com\/en\/abisso-original-gold-chair\/#primaryimage"},"image":{"@id":"https:\/\/domartstyl.com\/en\/abisso-original-gold-chair\/#primaryimage"},"thumbnailUrl":"https:\/\/domartstyl.com\/wp-content\/uploads\/2022\/05\/Jasnoszare-krzeslo-do-jadalni-na-zlotych-nogach-Abisso-original-gold.jpg","datePublished":"2022-05-06T12:19:03+00:00","dateModified":"2025-05-15T09:57:08+00:00","description":"Modern Dining Chair - Abisso Original Gold","breadcrumb":{"@id":"https:\/\/domartstyl.com\/en\/abisso-original-gold-chair\/#breadcrumb"},"inLanguage":"en-US","potentialAction":[{"@type":"ReadAction","target":["https:\/\/domartstyl.com\/en\/abisso-original-gold-chair\/"]}]},{"@type":"ImageObject","inLanguage":"en-US","@id":"https:\/\/domartstyl.com\/en\/abisso-original-gold-chair\/#primaryimage","url":"https:\/\/domartstyl.com\/wp-content\/uploads\/2022\/05\/Jasnoszare-krzeslo-do-jadalni-na-zlotych-nogach-Abisso-original-gold.jpg","contentUrl":"https:\/\/domartstyl.com\/wp-content\/uploads\/2022\/05\/Jasnoszare-krzeslo-do-jadalni-na-zlotych-nogach-Abisso-original-gold.jpg","width":1200,"height":1200,"caption":"Abisso original gold light gray dining chair with golden legs"},{"@type":"BreadcrumbList","@id":"https:\/\/domartstyl.com\/en\/abisso-original-gold-chair\/#breadcrumb","itemListElement":[{"@type":"ListItem","position":1,"name":"Strona g\u0142\u00f3wna","item":"https:\/\/domartstyl.com\/en\/"},{"@type":"ListItem","position":2,"name":"Modern Upholstered Furniture","item":"https:\/\/domartstyl.com\/en\/furniture\/"},{"@type":"ListItem","position":3,"name":"Abisso original gold chair"}]},{"@type":"WebSite","@id":"https:\/\/domartstyl.com\/en\/#website","url":"https:\/\/domartstyl.com\/en\/","name":"DomArtStyl","description":"Tworzymy meble najwy\u017cszej jako\u015bci. Sprzeda\u017c detaliczna \u00b7 Sprzeda\u017c hurtowa","publisher":{"@id":"https:\/\/domartstyl.com\/en\/#organization"},"potentialAction":[{"@type":"SearchAction","target":{"@type":"EntryPoint","urlTemplate":"https:\/\/domartstyl.com\/en\/?s={search_term_string}"},"query-input":{"@type":"PropertyValueSpecification","valueRequired":true,"valueName":"search_term_string"}}],"inLanguage":"en-US"},{"@type":"Organization","@id":"https:\/\/domartstyl.com\/en\/#organization","name":"DomArtStyl","url":"https:\/\/domartstyl.com\/en\/","logo":{"@type":"ImageObject","inLanguage":"en-US","@id":"https:\/\/domartstyl.com\/en\/#\/schema\/logo\/image\/","url":"https:\/\/domartstyl.com\/wp-content\/uploads\/2018\/04\/Logo_300_width.png","contentUrl":"https:\/\/domartstyl.com\/wp-content\/uploads\/2018\/04\/Logo_300_width.png","width":300,"height":140,"caption":"DomArtStyl"},"image":{"@id":"https:\/\/domartstyl.com\/en\/#\/schema\/logo\/image\/"},"sameAs":["https:\/\/www.facebook.com\/DomArtStyl\/","https:\/\/x.com\/DomArtStyl_pl","https:\/\/www.instagram.com\/domartstyl\/?hl=en","https:\/\/pl.pinterest.com\/domartstyl01\/","https:\/\/www.youtube.com\/channel\/UCkISSgvMomI6yFFL3JDbLhw"]}]},"product_price_amount":"268.50","product_price_currency":"EUR","og_availability":"instock","product_availability":"instock","product_condition":"new"},"_links":{"self":[{"href":"https:\/\/domartstyl.com\/en\/wp-json\/wp\/v2\/product\/83161","targetHints":{"allow":["GET"]}}],"collection":[{"href":"https:\/\/domartstyl.com\/en\/wp-json\/wp\/v2\/product"}],"about":[{"href":"https:\/\/domartstyl.com\/en\/wp-json\/wp\/v2\/types\/product"}],"replies":[{"embeddable":true,"href":"https:\/\/domartstyl.com\/en\/wp-json\/wp\/v2\/comments?post=83161"}],"wp:featuredmedia":[{"embeddable":true,"href":"https:\/\/domartstyl.com\/en\/wp-json\/wp\/v2\/media\/79202"}],"wp:attachment":[{"href":"https:\/\/domartstyl.com\/en\/wp-json\/wp\/v2\/media?parent=83161"}],"wp:term":[{"taxonomy":"product_brand","embeddable":true,"href":"https:\/\/domartstyl.com\/en\/wp-json\/wp\/v2\/product_brand?post=83161"},{"taxonomy":"product_cat","embeddable":true,"href":"https:\/\/domartstyl.com\/en\/wp-json\/wp\/v2\/product_cat?post=83161"},{"taxonomy":"product_tag","embeddable":true,"href":"https:\/\/domartstyl.com\/en\/wp-json\/wp\/v2\/product_tag?post=83161"}],"curies":[{"name":"wp","href":"https:\/\/api.w.org\/{rel}","templated":true}]}}