{"id":78408,"date":"2022-05-12T08:30:24","date_gmt":"2022-05-12T07:30:24","guid":{"rendered":"https:\/\/domartstyl.com\/devi-spider-chair\/"},"modified":"2025-05-15T10:57:06","modified_gmt":"2025-05-15T09:57:06","slug":"devi-spider-chair","status":"publish","type":"product","link":"https:\/\/domartstyl.com\/en\/devi-spider-chair\/","title":{"rendered":"Devi Spider Chair"},"content":{"rendered":"","protected":false},"excerpt":{"rendered":"<p><strong>Devi spider<\/strong> are chairs capable of transforming and enriching any interior. They uniquely combine the simplicity of form with timeless elegance. The comfortable seat and profiled backrest delight with the sensations offered, and the metal frame provides solid support for many years. The number of optional versions of the model, attention to every detail and the highest quality of workmanship combined with a wide selection of fabrics make it a very desirable object of interest of buyers. Versatility in use and the original shape of the chairs can be appreciated both in the home dining room or living room as well as in public places &#8211; in cafes, waiting rooms, offices and hotels.<\/p>\n","protected":false},"featured_media":79674,"comment_status":"closed","ping_status":"closed","template":"","meta":[],"product_brand":[],"product_cat":[36,8793,8794,8795,8796,8797,8798,8799,8800,8805,8803,7627],"product_tag":[],"class_list":{"0":"post-78408","1":"product","2":"type-product","3":"status-publish","4":"has-post-thumbnail","6":"product_cat-chairs","7":"product_cat-dining-chairs","8":"product_cat-living-room-chairs","9":"product_cat-kitchen-chairs","10":"product_cat-chairs-for-the-waiting-room","11":"product_cat-restaurant-chairs","12":"product_cat-modern-chairs","13":"product_cat-scandinavian-chairs","14":"product_cat-loft-chairs","15":"product_cat-chairs-with-metal-legs","16":"product_cat-velor-chairs","17":"product_cat-furniture-on-metal-frame","18":"product_shipping_class-pakowane-podwojnie-30-40-en","20":"first","21":"instock","22":"taxable","23":"shipping-taxable","24":"purchasable","25":"product-type-simple"},"yoast_head":"<!-- This site is optimized with the Yoast SEO Premium plugin v25.0 (Yoast SEO v25.0) - https:\/\/yoast.com\/wordpress\/plugins\/seo\/ -->\n<title>Modern Upholstered Chair - Devi Spider - DomArtStyl<\/title>\n<meta name=\"description\" content=\"Modern Upholstered Chair - Devi Spider - DomArtStyl\" \/>\n<meta name=\"robots\" content=\"index, follow, max-snippet:-1, max-image-preview:large, max-video-preview:-1\" \/>\n<link rel=\"canonical\" href=\"https:\/\/domartstyl.com\/en\/devi-spider-chair\/\" \/>\n<meta property=\"og:locale\" content=\"en_US\" \/>\n<meta property=\"og:type\" content=\"article\" \/>\n<meta property=\"og:title\" content=\"Devi Spider Chair - DomArtStyl\" \/>\n<meta property=\"og:description\" content=\"Modern Upholstered Chair - Devi Spider - DomArtStyl\" \/>\n<meta property=\"og:url\" content=\"https:\/\/domartstyl.com\/en\/devi-spider-chair\/\" \/>\n<meta property=\"og:site_name\" content=\"DomArtStyl\" \/>\n<meta property=\"article:publisher\" content=\"https:\/\/www.facebook.com\/DomArtStyl\/\" \/>\n<meta property=\"article:modified_time\" content=\"2025-05-15T09:57:06+00:00\" \/>\n<meta property=\"og:image\" content=\"https:\/\/domartstyl.com\/wp-content\/uploads\/2022\/05\/Biale-krzeslo-do-jadalni-na-czarnych-nogach-Devi-Spider.jpg\" \/>\n\t<meta property=\"og:image:width\" content=\"1000\" \/>\n\t<meta property=\"og:image:height\" content=\"1000\" \/>\n\t<meta property=\"og:image:type\" content=\"image\/jpeg\" \/>\n<meta name=\"twitter:card\" content=\"summary_large_image\" \/>\n<meta name=\"twitter:site\" content=\"@DomArtStyl_pl\" \/>\n<meta name=\"twitter:label1\" content=\"Price\" \/>\n\t<meta name=\"twitter:data1\" content=\"&euro;172,50\" \/>\n\t<meta name=\"twitter:label2\" content=\"Availability\" \/>\n\t<meta name=\"twitter:data2\" content=\"In stock\" \/>\n<script type=\"application\/ld+json\" class=\"yoast-schema-graph\">{\"@context\":\"https:\/\/schema.org\",\"@graph\":[{\"@type\":\"WebPage\",\"@id\":\"https:\/\/domartstyl.com\/en\/devi-spider-chair\/\",\"url\":\"https:\/\/domartstyl.com\/en\/devi-spider-chair\/\",\"name\":\"Modern Upholstered Chair - Devi Spider - DomArtStyl\",\"isPartOf\":{\"@id\":\"https:\/\/domartstyl.com\/en\/#website\"},\"primaryImageOfPage\":{\"@id\":\"https:\/\/domartstyl.com\/en\/devi-spider-chair\/#primaryimage\"},\"image\":{\"@id\":\"https:\/\/domartstyl.com\/en\/devi-spider-chair\/#primaryimage\"},\"thumbnailUrl\":\"https:\/\/domartstyl.com\/wp-content\/uploads\/2022\/05\/Biale-krzeslo-do-jadalni-na-czarnych-nogach-Devi-Spider.jpg\",\"datePublished\":\"2022-05-12T07:30:24+00:00\",\"dateModified\":\"2025-05-15T09:57:06+00:00\",\"description\":\"Modern Upholstered Chair - Devi Spider - DomArtStyl\",\"breadcrumb\":{\"@id\":\"https:\/\/domartstyl.com\/en\/devi-spider-chair\/#breadcrumb\"},\"inLanguage\":\"en-US\",\"potentialAction\":[{\"@type\":\"ReadAction\",\"target\":[\"https:\/\/domartstyl.com\/en\/devi-spider-chair\/\"]}]},{\"@type\":\"ImageObject\",\"inLanguage\":\"en-US\",\"@id\":\"https:\/\/domartstyl.com\/en\/devi-spider-chair\/#primaryimage\",\"url\":\"https:\/\/domartstyl.com\/wp-content\/uploads\/2022\/05\/Biale-krzeslo-do-jadalni-na-czarnych-nogach-Devi-Spider.jpg\",\"contentUrl\":\"https:\/\/domartstyl.com\/wp-content\/uploads\/2022\/05\/Biale-krzeslo-do-jadalni-na-czarnych-nogach-Devi-Spider.jpg\",\"width\":1000,\"height\":1000,\"caption\":\"Devi Spider white dining chair with black legs\"},{\"@type\":\"BreadcrumbList\",\"@id\":\"https:\/\/domartstyl.com\/en\/devi-spider-chair\/#breadcrumb\",\"itemListElement\":[{\"@type\":\"ListItem\",\"position\":1,\"name\":\"Strona g\u0142\u00f3wna\",\"item\":\"https:\/\/domartstyl.com\/en\/\"},{\"@type\":\"ListItem\",\"position\":2,\"name\":\"Modern Upholstered Furniture\",\"item\":\"https:\/\/domartstyl.com\/en\/furniture\/\"},{\"@type\":\"ListItem\",\"position\":3,\"name\":\"Devi Spider Chair\"}]},{\"@type\":\"WebSite\",\"@id\":\"https:\/\/domartstyl.com\/en\/#website\",\"url\":\"https:\/\/domartstyl.com\/en\/\",\"name\":\"DomArtStyl\",\"description\":\"Tworzymy meble najwy\u017cszej jako\u015bci. Sprzeda\u017c detaliczna \u00b7 Sprzeda\u017c hurtowa\",\"publisher\":{\"@id\":\"https:\/\/domartstyl.com\/en\/#organization\"},\"potentialAction\":[{\"@type\":\"SearchAction\",\"target\":{\"@type\":\"EntryPoint\",\"urlTemplate\":\"https:\/\/domartstyl.com\/en\/?s={search_term_string}\"},\"query-input\":{\"@type\":\"PropertyValueSpecification\",\"valueRequired\":true,\"valueName\":\"search_term_string\"}}],\"inLanguage\":\"en-US\"},{\"@type\":\"Organization\",\"@id\":\"https:\/\/domartstyl.com\/en\/#organization\",\"name\":\"DomArtStyl\",\"url\":\"https:\/\/domartstyl.com\/en\/\",\"logo\":{\"@type\":\"ImageObject\",\"inLanguage\":\"en-US\",\"@id\":\"https:\/\/domartstyl.com\/en\/#\/schema\/logo\/image\/\",\"url\":\"https:\/\/domartstyl.com\/wp-content\/uploads\/2018\/04\/Logo_300_width.png\",\"contentUrl\":\"https:\/\/domartstyl.com\/wp-content\/uploads\/2018\/04\/Logo_300_width.png\",\"width\":300,\"height\":140,\"caption\":\"DomArtStyl\"},\"image\":{\"@id\":\"https:\/\/domartstyl.com\/en\/#\/schema\/logo\/image\/\"},\"sameAs\":[\"https:\/\/www.facebook.com\/DomArtStyl\/\",\"https:\/\/x.com\/DomArtStyl_pl\",\"https:\/\/www.instagram.com\/domartstyl\/?hl=en\",\"https:\/\/pl.pinterest.com\/domartstyl01\/\",\"https:\/\/www.youtube.com\/channel\/UCkISSgvMomI6yFFL3JDbLhw\"]}]}<\/script>\n<meta property=\"product:price:amount\" content=\"172.50\" \/>\n<meta property=\"product:price:currency\" content=\"EUR\" \/>\n<meta property=\"og:availability\" content=\"instock\" \/>\n<meta property=\"product:availability\" content=\"instock\" \/>\n<meta property=\"product:condition\" content=\"new\" \/>\n<!-- \/ Yoast SEO Premium plugin. -->","yoast_head_json":{"title":"Modern Upholstered Chair - Devi Spider - DomArtStyl","description":"Modern Upholstered Chair - Devi Spider - DomArtStyl","robots":{"index":"index","follow":"follow","max-snippet":"max-snippet:-1","max-image-preview":"max-image-preview:large","max-video-preview":"max-video-preview:-1"},"canonical":"https:\/\/domartstyl.com\/en\/devi-spider-chair\/","og_locale":"en_US","og_type":"article","og_title":"Devi Spider Chair - DomArtStyl","og_description":"Modern Upholstered Chair - Devi Spider - DomArtStyl","og_url":"https:\/\/domartstyl.com\/en\/devi-spider-chair\/","og_site_name":"DomArtStyl","article_publisher":"https:\/\/www.facebook.com\/DomArtStyl\/","article_modified_time":"2025-05-15T09:57:06+00:00","og_image":[{"width":1000,"height":1000,"url":"https:\/\/domartstyl.com\/wp-content\/uploads\/2022\/05\/Biale-krzeslo-do-jadalni-na-czarnych-nogach-Devi-Spider.jpg","type":"image\/jpeg"}],"twitter_card":"summary_large_image","twitter_site":"@DomArtStyl_pl","twitter_misc":{"Price":"&euro;172,50","Availability":"In stock"},"schema":{"@context":"https:\/\/schema.org","@graph":[{"@type":"WebPage","@id":"https:\/\/domartstyl.com\/en\/devi-spider-chair\/","url":"https:\/\/domartstyl.com\/en\/devi-spider-chair\/","name":"Modern Upholstered Chair - Devi Spider - DomArtStyl","isPartOf":{"@id":"https:\/\/domartstyl.com\/en\/#website"},"primaryImageOfPage":{"@id":"https:\/\/domartstyl.com\/en\/devi-spider-chair\/#primaryimage"},"image":{"@id":"https:\/\/domartstyl.com\/en\/devi-spider-chair\/#primaryimage"},"thumbnailUrl":"https:\/\/domartstyl.com\/wp-content\/uploads\/2022\/05\/Biale-krzeslo-do-jadalni-na-czarnych-nogach-Devi-Spider.jpg","datePublished":"2022-05-12T07:30:24+00:00","dateModified":"2025-05-15T09:57:06+00:00","description":"Modern Upholstered Chair - Devi Spider - DomArtStyl","breadcrumb":{"@id":"https:\/\/domartstyl.com\/en\/devi-spider-chair\/#breadcrumb"},"inLanguage":"en-US","potentialAction":[{"@type":"ReadAction","target":["https:\/\/domartstyl.com\/en\/devi-spider-chair\/"]}]},{"@type":"ImageObject","inLanguage":"en-US","@id":"https:\/\/domartstyl.com\/en\/devi-spider-chair\/#primaryimage","url":"https:\/\/domartstyl.com\/wp-content\/uploads\/2022\/05\/Biale-krzeslo-do-jadalni-na-czarnych-nogach-Devi-Spider.jpg","contentUrl":"https:\/\/domartstyl.com\/wp-content\/uploads\/2022\/05\/Biale-krzeslo-do-jadalni-na-czarnych-nogach-Devi-Spider.jpg","width":1000,"height":1000,"caption":"Devi Spider white dining chair with black legs"},{"@type":"BreadcrumbList","@id":"https:\/\/domartstyl.com\/en\/devi-spider-chair\/#breadcrumb","itemListElement":[{"@type":"ListItem","position":1,"name":"Strona g\u0142\u00f3wna","item":"https:\/\/domartstyl.com\/en\/"},{"@type":"ListItem","position":2,"name":"Modern Upholstered Furniture","item":"https:\/\/domartstyl.com\/en\/furniture\/"},{"@type":"ListItem","position":3,"name":"Devi Spider Chair"}]},{"@type":"WebSite","@id":"https:\/\/domartstyl.com\/en\/#website","url":"https:\/\/domartstyl.com\/en\/","name":"DomArtStyl","description":"Tworzymy meble najwy\u017cszej jako\u015bci. Sprzeda\u017c detaliczna \u00b7 Sprzeda\u017c hurtowa","publisher":{"@id":"https:\/\/domartstyl.com\/en\/#organization"},"potentialAction":[{"@type":"SearchAction","target":{"@type":"EntryPoint","urlTemplate":"https:\/\/domartstyl.com\/en\/?s={search_term_string}"},"query-input":{"@type":"PropertyValueSpecification","valueRequired":true,"valueName":"search_term_string"}}],"inLanguage":"en-US"},{"@type":"Organization","@id":"https:\/\/domartstyl.com\/en\/#organization","name":"DomArtStyl","url":"https:\/\/domartstyl.com\/en\/","logo":{"@type":"ImageObject","inLanguage":"en-US","@id":"https:\/\/domartstyl.com\/en\/#\/schema\/logo\/image\/","url":"https:\/\/domartstyl.com\/wp-content\/uploads\/2018\/04\/Logo_300_width.png","contentUrl":"https:\/\/domartstyl.com\/wp-content\/uploads\/2018\/04\/Logo_300_width.png","width":300,"height":140,"caption":"DomArtStyl"},"image":{"@id":"https:\/\/domartstyl.com\/en\/#\/schema\/logo\/image\/"},"sameAs":["https:\/\/www.facebook.com\/DomArtStyl\/","https:\/\/x.com\/DomArtStyl_pl","https:\/\/www.instagram.com\/domartstyl\/?hl=en","https:\/\/pl.pinterest.com\/domartstyl01\/","https:\/\/www.youtube.com\/channel\/UCkISSgvMomI6yFFL3JDbLhw"]}]},"product_price_amount":"172.50","product_price_currency":"EUR","og_availability":"instock","product_availability":"instock","product_condition":"new"},"_links":{"self":[{"href":"https:\/\/domartstyl.com\/en\/wp-json\/wp\/v2\/product\/78408","targetHints":{"allow":["GET"]}}],"collection":[{"href":"https:\/\/domartstyl.com\/en\/wp-json\/wp\/v2\/product"}],"about":[{"href":"https:\/\/domartstyl.com\/en\/wp-json\/wp\/v2\/types\/product"}],"replies":[{"embeddable":true,"href":"https:\/\/domartstyl.com\/en\/wp-json\/wp\/v2\/comments?post=78408"}],"wp:featuredmedia":[{"embeddable":true,"href":"https:\/\/domartstyl.com\/en\/wp-json\/wp\/v2\/media\/79674"}],"wp:attachment":[{"href":"https:\/\/domartstyl.com\/en\/wp-json\/wp\/v2\/media?parent=78408"}],"wp:term":[{"taxonomy":"product_brand","embeddable":true,"href":"https:\/\/domartstyl.com\/en\/wp-json\/wp\/v2\/product_brand?post=78408"},{"taxonomy":"product_cat","embeddable":true,"href":"https:\/\/domartstyl.com\/en\/wp-json\/wp\/v2\/product_cat?post=78408"},{"taxonomy":"product_tag","embeddable":true,"href":"https:\/\/domartstyl.com\/en\/wp-json\/wp\/v2\/product_tag?post=78408"}],"curies":[{"name":"wp","href":"https:\/\/api.w.org\/{rel}","templated":true}]}}