{"id":75477,"date":"2021-04-27T11:25:06","date_gmt":"2021-04-27T10:25:06","guid":{"rendered":"https:\/\/domartstyl.com\/chris-cross-armchair\/"},"modified":"2025-05-15T10:57:13","modified_gmt":"2025-05-15T09:57:13","slug":"chris-cross-armchair","status":"publish","type":"product","link":"https:\/\/domartstyl.com\/en\/chris-cross-armchair\/","title":{"rendered":"Chris cross armchair"},"content":{"rendered":"","protected":false},"excerpt":{"rendered":"<p>A modern and timeless, stylish shape and a wide range of applications make it an armchair that will successfully decorate the interior of a living room, banquet hall, hotel or cafe. The highest quality of production and attention to detail will satisfy even the most demanding clients. The backrest and armrests have been profiled to provide the back with exceptional comfort, and the shape of the seat and the materials used will delight anyone who sits in this unique armchair. The legs are mounted in a cross arrangement and provide solid support for the furniture. The appearance of Chris Cross chairs can be personalized at their own discretion thanks to a wide selection of colorful fabrics.<\/p>\n","protected":false},"featured_media":81457,"comment_status":"closed","ping_status":"closed","template":"","meta":[],"product_brand":[],"product_cat":[8249],"product_tag":[],"class_list":{"0":"post-75477","1":"product","2":"type-product","3":"status-publish","4":"has-post-thumbnail","6":"product_cat-wholesale-furniture","7":"product_shipping_class-pakowane-pojedynczo-30-40-en","9":"first","10":"instock","11":"taxable","12":"shipping-taxable","13":"product-type-soldout"},"yoast_head":"<!-- This site is optimized with the Yoast SEO Premium plugin v25.0 (Yoast SEO v25.0) - https:\/\/yoast.com\/wordpress\/plugins\/seo\/ -->\n<title>Modern Living Room Armchair - Chris Cross - DomArtStyl<\/title>\n<meta name=\"description\" content=\"The Chris Cross armchair is made of high-quality materials, perfect for the living room, dining room or bedroom.\" \/>\n<meta name=\"robots\" content=\"index, follow, max-snippet:-1, max-image-preview:large, max-video-preview:-1\" \/>\n<link rel=\"canonical\" href=\"https:\/\/domartstyl.com\/en\/chris-cross-armchair\/\" \/>\n<meta property=\"og:locale\" content=\"en_US\" \/>\n<meta property=\"og:type\" content=\"article\" \/>\n<meta property=\"og:title\" content=\"Chris cross armchair - DomArtStyl\" \/>\n<meta property=\"og:description\" content=\"The Chris Cross armchair is made of high-quality materials, perfect for the living room, dining room or bedroom.\" \/>\n<meta property=\"og:url\" content=\"https:\/\/domartstyl.com\/en\/chris-cross-armchair\/\" \/>\n<meta property=\"og:site_name\" content=\"DomArtStyl\" \/>\n<meta property=\"article:publisher\" content=\"https:\/\/www.facebook.com\/DomArtStyl\/\" \/>\n<meta property=\"article:modified_time\" content=\"2025-05-15T09:57:13+00:00\" \/>\n<meta property=\"og:image\" content=\"https:\/\/domartstyl.com\/wp-content\/uploads\/2021\/04\/Fotel-rozowy-welurowy-tapicerowany-do-salonu-na-metalowych-nogach-Chris-Cross.jpg\" \/>\n\t<meta property=\"og:image:width\" content=\"1000\" \/>\n\t<meta property=\"og:image:height\" content=\"1000\" \/>\n\t<meta property=\"og:image:type\" content=\"image\/jpeg\" \/>\n<meta name=\"twitter:card\" content=\"summary_large_image\" \/>\n<meta name=\"twitter:site\" content=\"@DomArtStyl_pl\" \/>\n<meta name=\"twitter:label1\" content=\"Price\" \/>\n\t<meta name=\"twitter:data1\" content=\"\" \/>\n\t<meta name=\"twitter:label2\" content=\"Availability\" \/>\n\t<meta name=\"twitter:data2\" content=\"In stock\" \/>\n<script type=\"application\/ld+json\" class=\"yoast-schema-graph\">{\"@context\":\"https:\/\/schema.org\",\"@graph\":[{\"@type\":\"WebPage\",\"@id\":\"https:\/\/domartstyl.com\/en\/chris-cross-armchair\/\",\"url\":\"https:\/\/domartstyl.com\/en\/chris-cross-armchair\/\",\"name\":\"Modern Living Room Armchair - Chris Cross - DomArtStyl\",\"isPartOf\":{\"@id\":\"https:\/\/domartstyl.com\/en\/#website\"},\"primaryImageOfPage\":{\"@id\":\"https:\/\/domartstyl.com\/en\/chris-cross-armchair\/#primaryimage\"},\"image\":{\"@id\":\"https:\/\/domartstyl.com\/en\/chris-cross-armchair\/#primaryimage\"},\"thumbnailUrl\":\"https:\/\/domartstyl.com\/wp-content\/uploads\/2021\/04\/Fotel-rozowy-welurowy-tapicerowany-do-salonu-na-metalowych-nogach-Chris-Cross.jpg\",\"datePublished\":\"2021-04-27T10:25:06+00:00\",\"dateModified\":\"2025-05-15T09:57:13+00:00\",\"description\":\"The Chris Cross armchair is made of high-quality materials, perfect for the living room, dining room or bedroom.\",\"breadcrumb\":{\"@id\":\"https:\/\/domartstyl.com\/en\/chris-cross-armchair\/#breadcrumb\"},\"inLanguage\":\"en-US\",\"potentialAction\":[{\"@type\":\"ReadAction\",\"target\":[\"https:\/\/domartstyl.com\/en\/chris-cross-armchair\/\"]}]},{\"@type\":\"ImageObject\",\"inLanguage\":\"en-US\",\"@id\":\"https:\/\/domartstyl.com\/en\/chris-cross-armchair\/#primaryimage\",\"url\":\"https:\/\/domartstyl.com\/wp-content\/uploads\/2021\/04\/Fotel-rozowy-welurowy-tapicerowany-do-salonu-na-metalowych-nogach-Chris-Cross.jpg\",\"contentUrl\":\"https:\/\/domartstyl.com\/wp-content\/uploads\/2021\/04\/Fotel-rozowy-welurowy-tapicerowany-do-salonu-na-metalowych-nogach-Chris-Cross.jpg\",\"width\":1000,\"height\":1000,\"caption\":\"Pink velvet upholstered armchair for the living room on metal legs Chris\"},{\"@type\":\"BreadcrumbList\",\"@id\":\"https:\/\/domartstyl.com\/en\/chris-cross-armchair\/#breadcrumb\",\"itemListElement\":[{\"@type\":\"ListItem\",\"position\":1,\"name\":\"Strona g\u0142\u00f3wna\",\"item\":\"https:\/\/domartstyl.com\/en\/\"},{\"@type\":\"ListItem\",\"position\":2,\"name\":\"Modern Upholstered Furniture\",\"item\":\"https:\/\/domartstyl.com\/en\/furniture\/\"},{\"@type\":\"ListItem\",\"position\":3,\"name\":\"Chris cross armchair\"}]},{\"@type\":\"WebSite\",\"@id\":\"https:\/\/domartstyl.com\/en\/#website\",\"url\":\"https:\/\/domartstyl.com\/en\/\",\"name\":\"DomArtStyl\",\"description\":\"Tworzymy meble najwy\u017cszej jako\u015bci. Sprzeda\u017c detaliczna \u00b7 Sprzeda\u017c hurtowa\",\"publisher\":{\"@id\":\"https:\/\/domartstyl.com\/en\/#organization\"},\"potentialAction\":[{\"@type\":\"SearchAction\",\"target\":{\"@type\":\"EntryPoint\",\"urlTemplate\":\"https:\/\/domartstyl.com\/en\/?s={search_term_string}\"},\"query-input\":{\"@type\":\"PropertyValueSpecification\",\"valueRequired\":true,\"valueName\":\"search_term_string\"}}],\"inLanguage\":\"en-US\"},{\"@type\":\"Organization\",\"@id\":\"https:\/\/domartstyl.com\/en\/#organization\",\"name\":\"DomArtStyl\",\"url\":\"https:\/\/domartstyl.com\/en\/\",\"logo\":{\"@type\":\"ImageObject\",\"inLanguage\":\"en-US\",\"@id\":\"https:\/\/domartstyl.com\/en\/#\/schema\/logo\/image\/\",\"url\":\"https:\/\/domartstyl.com\/wp-content\/uploads\/2018\/04\/Logo_300_width.png\",\"contentUrl\":\"https:\/\/domartstyl.com\/wp-content\/uploads\/2018\/04\/Logo_300_width.png\",\"width\":300,\"height\":140,\"caption\":\"DomArtStyl\"},\"image\":{\"@id\":\"https:\/\/domartstyl.com\/en\/#\/schema\/logo\/image\/\"},\"sameAs\":[\"https:\/\/www.facebook.com\/DomArtStyl\/\",\"https:\/\/x.com\/DomArtStyl_pl\",\"https:\/\/www.instagram.com\/domartstyl\/?hl=en\",\"https:\/\/pl.pinterest.com\/domartstyl01\/\",\"https:\/\/www.youtube.com\/channel\/UCkISSgvMomI6yFFL3JDbLhw\"]}]}<\/script>\n<meta property=\"product:price:amount\" content=\"0.00\" \/>\n<meta property=\"product:price:currency\" content=\"EUR\" \/>\n<meta property=\"og:availability\" content=\"instock\" \/>\n<meta property=\"product:availability\" content=\"instock\" \/>\n<meta property=\"product:condition\" content=\"new\" \/>\n<!-- \/ Yoast SEO Premium plugin. -->","yoast_head_json":{"title":"Modern Living Room Armchair - Chris Cross - DomArtStyl","description":"The Chris Cross armchair is made of high-quality materials, perfect for the living room, dining room or bedroom.","robots":{"index":"index","follow":"follow","max-snippet":"max-snippet:-1","max-image-preview":"max-image-preview:large","max-video-preview":"max-video-preview:-1"},"canonical":"https:\/\/domartstyl.com\/en\/chris-cross-armchair\/","og_locale":"en_US","og_type":"article","og_title":"Chris cross armchair - DomArtStyl","og_description":"The Chris Cross armchair is made of high-quality materials, perfect for the living room, dining room or bedroom.","og_url":"https:\/\/domartstyl.com\/en\/chris-cross-armchair\/","og_site_name":"DomArtStyl","article_publisher":"https:\/\/www.facebook.com\/DomArtStyl\/","article_modified_time":"2025-05-15T09:57:13+00:00","og_image":[{"width":1000,"height":1000,"url":"https:\/\/domartstyl.com\/wp-content\/uploads\/2021\/04\/Fotel-rozowy-welurowy-tapicerowany-do-salonu-na-metalowych-nogach-Chris-Cross.jpg","type":"image\/jpeg"}],"twitter_card":"summary_large_image","twitter_site":"@DomArtStyl_pl","twitter_misc":{"Price":"","Availability":"In stock"},"schema":{"@context":"https:\/\/schema.org","@graph":[{"@type":"WebPage","@id":"https:\/\/domartstyl.com\/en\/chris-cross-armchair\/","url":"https:\/\/domartstyl.com\/en\/chris-cross-armchair\/","name":"Modern Living Room Armchair - Chris Cross - DomArtStyl","isPartOf":{"@id":"https:\/\/domartstyl.com\/en\/#website"},"primaryImageOfPage":{"@id":"https:\/\/domartstyl.com\/en\/chris-cross-armchair\/#primaryimage"},"image":{"@id":"https:\/\/domartstyl.com\/en\/chris-cross-armchair\/#primaryimage"},"thumbnailUrl":"https:\/\/domartstyl.com\/wp-content\/uploads\/2021\/04\/Fotel-rozowy-welurowy-tapicerowany-do-salonu-na-metalowych-nogach-Chris-Cross.jpg","datePublished":"2021-04-27T10:25:06+00:00","dateModified":"2025-05-15T09:57:13+00:00","description":"The Chris Cross armchair is made of high-quality materials, perfect for the living room, dining room or bedroom.","breadcrumb":{"@id":"https:\/\/domartstyl.com\/en\/chris-cross-armchair\/#breadcrumb"},"inLanguage":"en-US","potentialAction":[{"@type":"ReadAction","target":["https:\/\/domartstyl.com\/en\/chris-cross-armchair\/"]}]},{"@type":"ImageObject","inLanguage":"en-US","@id":"https:\/\/domartstyl.com\/en\/chris-cross-armchair\/#primaryimage","url":"https:\/\/domartstyl.com\/wp-content\/uploads\/2021\/04\/Fotel-rozowy-welurowy-tapicerowany-do-salonu-na-metalowych-nogach-Chris-Cross.jpg","contentUrl":"https:\/\/domartstyl.com\/wp-content\/uploads\/2021\/04\/Fotel-rozowy-welurowy-tapicerowany-do-salonu-na-metalowych-nogach-Chris-Cross.jpg","width":1000,"height":1000,"caption":"Pink velvet upholstered armchair for the living room on metal legs Chris"},{"@type":"BreadcrumbList","@id":"https:\/\/domartstyl.com\/en\/chris-cross-armchair\/#breadcrumb","itemListElement":[{"@type":"ListItem","position":1,"name":"Strona g\u0142\u00f3wna","item":"https:\/\/domartstyl.com\/en\/"},{"@type":"ListItem","position":2,"name":"Modern Upholstered Furniture","item":"https:\/\/domartstyl.com\/en\/furniture\/"},{"@type":"ListItem","position":3,"name":"Chris cross armchair"}]},{"@type":"WebSite","@id":"https:\/\/domartstyl.com\/en\/#website","url":"https:\/\/domartstyl.com\/en\/","name":"DomArtStyl","description":"Tworzymy meble najwy\u017cszej jako\u015bci. Sprzeda\u017c detaliczna \u00b7 Sprzeda\u017c hurtowa","publisher":{"@id":"https:\/\/domartstyl.com\/en\/#organization"},"potentialAction":[{"@type":"SearchAction","target":{"@type":"EntryPoint","urlTemplate":"https:\/\/domartstyl.com\/en\/?s={search_term_string}"},"query-input":{"@type":"PropertyValueSpecification","valueRequired":true,"valueName":"search_term_string"}}],"inLanguage":"en-US"},{"@type":"Organization","@id":"https:\/\/domartstyl.com\/en\/#organization","name":"DomArtStyl","url":"https:\/\/domartstyl.com\/en\/","logo":{"@type":"ImageObject","inLanguage":"en-US","@id":"https:\/\/domartstyl.com\/en\/#\/schema\/logo\/image\/","url":"https:\/\/domartstyl.com\/wp-content\/uploads\/2018\/04\/Logo_300_width.png","contentUrl":"https:\/\/domartstyl.com\/wp-content\/uploads\/2018\/04\/Logo_300_width.png","width":300,"height":140,"caption":"DomArtStyl"},"image":{"@id":"https:\/\/domartstyl.com\/en\/#\/schema\/logo\/image\/"},"sameAs":["https:\/\/www.facebook.com\/DomArtStyl\/","https:\/\/x.com\/DomArtStyl_pl","https:\/\/www.instagram.com\/domartstyl\/?hl=en","https:\/\/pl.pinterest.com\/domartstyl01\/","https:\/\/www.youtube.com\/channel\/UCkISSgvMomI6yFFL3JDbLhw"]}]},"product_price_amount":"0.00","product_price_currency":"EUR","og_availability":"instock","product_availability":"instock","product_condition":"new"},"_links":{"self":[{"href":"https:\/\/domartstyl.com\/en\/wp-json\/wp\/v2\/product\/75477","targetHints":{"allow":["GET"]}}],"collection":[{"href":"https:\/\/domartstyl.com\/en\/wp-json\/wp\/v2\/product"}],"about":[{"href":"https:\/\/domartstyl.com\/en\/wp-json\/wp\/v2\/types\/product"}],"replies":[{"embeddable":true,"href":"https:\/\/domartstyl.com\/en\/wp-json\/wp\/v2\/comments?post=75477"}],"wp:featuredmedia":[{"embeddable":true,"href":"https:\/\/domartstyl.com\/en\/wp-json\/wp\/v2\/media\/81457"}],"wp:attachment":[{"href":"https:\/\/domartstyl.com\/en\/wp-json\/wp\/v2\/media?parent=75477"}],"wp:term":[{"taxonomy":"product_brand","embeddable":true,"href":"https:\/\/domartstyl.com\/en\/wp-json\/wp\/v2\/product_brand?post=75477"},{"taxonomy":"product_cat","embeddable":true,"href":"https:\/\/domartstyl.com\/en\/wp-json\/wp\/v2\/product_cat?post=75477"},{"taxonomy":"product_tag","embeddable":true,"href":"https:\/\/domartstyl.com\/en\/wp-json\/wp\/v2\/product_tag?post=75477"}],"curies":[{"name":"wp","href":"https:\/\/api.w.org\/{rel}","templated":true}]}}