{"id":75467,"date":"2022-03-09T08:59:03","date_gmt":"2022-03-09T07:59:03","guid":{"rendered":"https:\/\/domartstyl.com\/aldo-sofa-iii\/"},"modified":"2025-05-15T10:57:09","modified_gmt":"2025-05-15T09:57:09","slug":"aldo-sofa-iii","status":"publish","type":"product","link":"https:\/\/domartstyl.com\/en\/aldo-sofa-iii\/","title":{"rendered":"Aldo sofa III"},"content":{"rendered":"","protected":false},"excerpt":{"rendered":"<p>The list of advantages of this beautiful sofa is very long. It is fashionable, very comfortable and stylish upholstered piece of furniture whose timeless form harmonizes with almost all interior arrangements.<\/p>\n<p>It will be perfect as the highlight of any room. Completing the sofa in a set with Aldo armchairs and pouffes in the living room will make the comfort offered by this unique set truly delightful for the household members and all guests.<\/p>\n<p><strong>The offer also includes a 2-seat version with a length of 130 cm.<\/strong><\/p>\n","protected":false},"featured_media":81119,"comment_status":"closed","ping_status":"closed","template":"","meta":[],"product_brand":[],"product_cat":[39,9045,8161,7893],"product_tag":[],"class_list":{"0":"post-75467","1":"product","2":"type-product","3":"status-publish","4":"has-post-thumbnail","6":"product_cat-sofas","7":"product_cat-three-seater-sofas","8":"product_cat-lounge-sets","9":"product_cat-furniture-in-boucle","10":"product_shipping_class-8906","12":"first","13":"instock","14":"taxable","15":"shipping-taxable","16":"purchasable","17":"product-type-simple"},"yoast_head":"<!-- This site is optimized with the Yoast SEO Premium plugin v25.0 (Yoast SEO v25.0) - https:\/\/yoast.com\/wordpress\/plugins\/seo\/ -->\n<title>Round sofa on golden legs - Aldo III - boucle style<\/title>\n<meta name=\"description\" content=\"The round sofa on golden legs - Aldo III - in the boucle style will also fit well in the living room, hotel or restaurant.\" \/>\n<meta name=\"robots\" content=\"index, follow, max-snippet:-1, max-image-preview:large, max-video-preview:-1\" \/>\n<link rel=\"canonical\" href=\"https:\/\/domartstyl.com\/en\/aldo-sofa-iii\/\" \/>\n<meta property=\"og:locale\" content=\"en_US\" \/>\n<meta property=\"og:type\" content=\"article\" \/>\n<meta property=\"og:title\" content=\"Aldo sofa III - DomArtStyl\" \/>\n<meta property=\"og:description\" content=\"The round sofa on golden legs - Aldo III - in the boucle style will also fit well in the living room, hotel or restaurant.\" \/>\n<meta property=\"og:url\" content=\"https:\/\/domartstyl.com\/en\/aldo-sofa-iii\/\" \/>\n<meta property=\"og:site_name\" content=\"DomArtStyl\" \/>\n<meta property=\"article:publisher\" content=\"https:\/\/www.facebook.com\/DomArtStyl\/\" \/>\n<meta property=\"article:modified_time\" content=\"2025-05-15T09:57:09+00:00\" \/>\n<meta property=\"og:image\" content=\"https:\/\/domartstyl.com\/wp-content\/uploads\/2022\/03\/Sofa-rozowa-nowoczesna-do-poczekalni-na-zlotych-nogach-Aldo-III.jpg\" \/>\n\t<meta property=\"og:image:width\" content=\"1000\" \/>\n\t<meta property=\"og:image:height\" content=\"1000\" \/>\n\t<meta property=\"og:image:type\" content=\"image\/jpeg\" \/>\n<meta name=\"twitter:card\" content=\"summary_large_image\" \/>\n<meta name=\"twitter:site\" content=\"@DomArtStyl_pl\" \/>\n<meta name=\"twitter:label1\" content=\"Price\" \/>\n\t<meta name=\"twitter:data1\" content=\"&euro;593,75\" \/>\n\t<meta name=\"twitter:label2\" content=\"Availability\" \/>\n\t<meta name=\"twitter:data2\" content=\"In stock\" \/>\n<script type=\"application\/ld+json\" class=\"yoast-schema-graph\">{\"@context\":\"https:\/\/schema.org\",\"@graph\":[{\"@type\":\"WebPage\",\"@id\":\"https:\/\/domartstyl.com\/en\/aldo-sofa-iii\/\",\"url\":\"https:\/\/domartstyl.com\/en\/aldo-sofa-iii\/\",\"name\":\"Round sofa on golden legs - Aldo III - boucle style\",\"isPartOf\":{\"@id\":\"https:\/\/domartstyl.com\/en\/#website\"},\"primaryImageOfPage\":{\"@id\":\"https:\/\/domartstyl.com\/en\/aldo-sofa-iii\/#primaryimage\"},\"image\":{\"@id\":\"https:\/\/domartstyl.com\/en\/aldo-sofa-iii\/#primaryimage\"},\"thumbnailUrl\":\"https:\/\/domartstyl.com\/wp-content\/uploads\/2022\/03\/Sofa-rozowa-nowoczesna-do-poczekalni-na-zlotych-nogach-Aldo-III.jpg\",\"datePublished\":\"2022-03-09T07:59:03+00:00\",\"dateModified\":\"2025-05-15T09:57:09+00:00\",\"description\":\"The round sofa on golden legs - Aldo III - in the boucle style will also fit well in the living room, hotel or restaurant.\",\"breadcrumb\":{\"@id\":\"https:\/\/domartstyl.com\/en\/aldo-sofa-iii\/#breadcrumb\"},\"inLanguage\":\"en-US\",\"potentialAction\":[{\"@type\":\"ReadAction\",\"target\":[\"https:\/\/domartstyl.com\/en\/aldo-sofa-iii\/\"]}]},{\"@type\":\"ImageObject\",\"inLanguage\":\"en-US\",\"@id\":\"https:\/\/domartstyl.com\/en\/aldo-sofa-iii\/#primaryimage\",\"url\":\"https:\/\/domartstyl.com\/wp-content\/uploads\/2022\/03\/Sofa-rozowa-nowoczesna-do-poczekalni-na-zlotych-nogach-Aldo-III.jpg\",\"contentUrl\":\"https:\/\/domartstyl.com\/wp-content\/uploads\/2022\/03\/Sofa-rozowa-nowoczesna-do-poczekalni-na-zlotych-nogach-Aldo-III.jpg\",\"width\":1000,\"height\":1000,\"caption\":\"Sofa r\u00f3\u017cowa nowoczesna do poczekalni na z\u0142otych nogach Aldo III\"},{\"@type\":\"BreadcrumbList\",\"@id\":\"https:\/\/domartstyl.com\/en\/aldo-sofa-iii\/#breadcrumb\",\"itemListElement\":[{\"@type\":\"ListItem\",\"position\":1,\"name\":\"Strona g\u0142\u00f3wna\",\"item\":\"https:\/\/domartstyl.com\/en\/\"},{\"@type\":\"ListItem\",\"position\":2,\"name\":\"Modern Upholstered Furniture\",\"item\":\"https:\/\/domartstyl.com\/en\/furniture\/\"},{\"@type\":\"ListItem\",\"position\":3,\"name\":\"Aldo sofa III\"}]},{\"@type\":\"WebSite\",\"@id\":\"https:\/\/domartstyl.com\/en\/#website\",\"url\":\"https:\/\/domartstyl.com\/en\/\",\"name\":\"DomArtStyl\",\"description\":\"Tworzymy meble najwy\u017cszej jako\u015bci. Sprzeda\u017c detaliczna \u00b7 Sprzeda\u017c hurtowa\",\"publisher\":{\"@id\":\"https:\/\/domartstyl.com\/en\/#organization\"},\"potentialAction\":[{\"@type\":\"SearchAction\",\"target\":{\"@type\":\"EntryPoint\",\"urlTemplate\":\"https:\/\/domartstyl.com\/en\/?s={search_term_string}\"},\"query-input\":{\"@type\":\"PropertyValueSpecification\",\"valueRequired\":true,\"valueName\":\"search_term_string\"}}],\"inLanguage\":\"en-US\"},{\"@type\":\"Organization\",\"@id\":\"https:\/\/domartstyl.com\/en\/#organization\",\"name\":\"DomArtStyl\",\"url\":\"https:\/\/domartstyl.com\/en\/\",\"logo\":{\"@type\":\"ImageObject\",\"inLanguage\":\"en-US\",\"@id\":\"https:\/\/domartstyl.com\/en\/#\/schema\/logo\/image\/\",\"url\":\"https:\/\/domartstyl.com\/wp-content\/uploads\/2018\/04\/Logo_300_width.png\",\"contentUrl\":\"https:\/\/domartstyl.com\/wp-content\/uploads\/2018\/04\/Logo_300_width.png\",\"width\":300,\"height\":140,\"caption\":\"DomArtStyl\"},\"image\":{\"@id\":\"https:\/\/domartstyl.com\/en\/#\/schema\/logo\/image\/\"},\"sameAs\":[\"https:\/\/www.facebook.com\/DomArtStyl\/\",\"https:\/\/x.com\/DomArtStyl_pl\",\"https:\/\/www.instagram.com\/domartstyl\/?hl=en\",\"https:\/\/pl.pinterest.com\/domartstyl01\/\",\"https:\/\/www.youtube.com\/channel\/UCkISSgvMomI6yFFL3JDbLhw\"]}]}<\/script>\n<meta property=\"product:price:amount\" content=\"593.75\" \/>\n<meta property=\"product:price:currency\" content=\"EUR\" \/>\n<meta property=\"og:availability\" content=\"instock\" \/>\n<meta property=\"product:availability\" content=\"instock\" \/>\n<meta property=\"product:condition\" content=\"new\" \/>\n<!-- \/ Yoast SEO Premium plugin. -->","yoast_head_json":{"title":"Round sofa on golden legs - Aldo III - boucle style","description":"The round sofa on golden legs - Aldo III - in the boucle style will also fit well in the living room, hotel or restaurant.","robots":{"index":"index","follow":"follow","max-snippet":"max-snippet:-1","max-image-preview":"max-image-preview:large","max-video-preview":"max-video-preview:-1"},"canonical":"https:\/\/domartstyl.com\/en\/aldo-sofa-iii\/","og_locale":"en_US","og_type":"article","og_title":"Aldo sofa III - DomArtStyl","og_description":"The round sofa on golden legs - Aldo III - in the boucle style will also fit well in the living room, hotel or restaurant.","og_url":"https:\/\/domartstyl.com\/en\/aldo-sofa-iii\/","og_site_name":"DomArtStyl","article_publisher":"https:\/\/www.facebook.com\/DomArtStyl\/","article_modified_time":"2025-05-15T09:57:09+00:00","og_image":[{"width":1000,"height":1000,"url":"https:\/\/domartstyl.com\/wp-content\/uploads\/2022\/03\/Sofa-rozowa-nowoczesna-do-poczekalni-na-zlotych-nogach-Aldo-III.jpg","type":"image\/jpeg"}],"twitter_card":"summary_large_image","twitter_site":"@DomArtStyl_pl","twitter_misc":{"Price":"&euro;593,75","Availability":"In stock"},"schema":{"@context":"https:\/\/schema.org","@graph":[{"@type":"WebPage","@id":"https:\/\/domartstyl.com\/en\/aldo-sofa-iii\/","url":"https:\/\/domartstyl.com\/en\/aldo-sofa-iii\/","name":"Round sofa on golden legs - Aldo III - boucle style","isPartOf":{"@id":"https:\/\/domartstyl.com\/en\/#website"},"primaryImageOfPage":{"@id":"https:\/\/domartstyl.com\/en\/aldo-sofa-iii\/#primaryimage"},"image":{"@id":"https:\/\/domartstyl.com\/en\/aldo-sofa-iii\/#primaryimage"},"thumbnailUrl":"https:\/\/domartstyl.com\/wp-content\/uploads\/2022\/03\/Sofa-rozowa-nowoczesna-do-poczekalni-na-zlotych-nogach-Aldo-III.jpg","datePublished":"2022-03-09T07:59:03+00:00","dateModified":"2025-05-15T09:57:09+00:00","description":"The round sofa on golden legs - Aldo III - in the boucle style will also fit well in the living room, hotel or restaurant.","breadcrumb":{"@id":"https:\/\/domartstyl.com\/en\/aldo-sofa-iii\/#breadcrumb"},"inLanguage":"en-US","potentialAction":[{"@type":"ReadAction","target":["https:\/\/domartstyl.com\/en\/aldo-sofa-iii\/"]}]},{"@type":"ImageObject","inLanguage":"en-US","@id":"https:\/\/domartstyl.com\/en\/aldo-sofa-iii\/#primaryimage","url":"https:\/\/domartstyl.com\/wp-content\/uploads\/2022\/03\/Sofa-rozowa-nowoczesna-do-poczekalni-na-zlotych-nogach-Aldo-III.jpg","contentUrl":"https:\/\/domartstyl.com\/wp-content\/uploads\/2022\/03\/Sofa-rozowa-nowoczesna-do-poczekalni-na-zlotych-nogach-Aldo-III.jpg","width":1000,"height":1000,"caption":"Sofa r\u00f3\u017cowa nowoczesna do poczekalni na z\u0142otych nogach Aldo III"},{"@type":"BreadcrumbList","@id":"https:\/\/domartstyl.com\/en\/aldo-sofa-iii\/#breadcrumb","itemListElement":[{"@type":"ListItem","position":1,"name":"Strona g\u0142\u00f3wna","item":"https:\/\/domartstyl.com\/en\/"},{"@type":"ListItem","position":2,"name":"Modern Upholstered Furniture","item":"https:\/\/domartstyl.com\/en\/furniture\/"},{"@type":"ListItem","position":3,"name":"Aldo sofa III"}]},{"@type":"WebSite","@id":"https:\/\/domartstyl.com\/en\/#website","url":"https:\/\/domartstyl.com\/en\/","name":"DomArtStyl","description":"Tworzymy meble najwy\u017cszej jako\u015bci. Sprzeda\u017c detaliczna \u00b7 Sprzeda\u017c hurtowa","publisher":{"@id":"https:\/\/domartstyl.com\/en\/#organization"},"potentialAction":[{"@type":"SearchAction","target":{"@type":"EntryPoint","urlTemplate":"https:\/\/domartstyl.com\/en\/?s={search_term_string}"},"query-input":{"@type":"PropertyValueSpecification","valueRequired":true,"valueName":"search_term_string"}}],"inLanguage":"en-US"},{"@type":"Organization","@id":"https:\/\/domartstyl.com\/en\/#organization","name":"DomArtStyl","url":"https:\/\/domartstyl.com\/en\/","logo":{"@type":"ImageObject","inLanguage":"en-US","@id":"https:\/\/domartstyl.com\/en\/#\/schema\/logo\/image\/","url":"https:\/\/domartstyl.com\/wp-content\/uploads\/2018\/04\/Logo_300_width.png","contentUrl":"https:\/\/domartstyl.com\/wp-content\/uploads\/2018\/04\/Logo_300_width.png","width":300,"height":140,"caption":"DomArtStyl"},"image":{"@id":"https:\/\/domartstyl.com\/en\/#\/schema\/logo\/image\/"},"sameAs":["https:\/\/www.facebook.com\/DomArtStyl\/","https:\/\/x.com\/DomArtStyl_pl","https:\/\/www.instagram.com\/domartstyl\/?hl=en","https:\/\/pl.pinterest.com\/domartstyl01\/","https:\/\/www.youtube.com\/channel\/UCkISSgvMomI6yFFL3JDbLhw"]}]},"product_price_amount":"593.75","product_price_currency":"EUR","og_availability":"instock","product_availability":"instock","product_condition":"new"},"_links":{"self":[{"href":"https:\/\/domartstyl.com\/en\/wp-json\/wp\/v2\/product\/75467","targetHints":{"allow":["GET"]}}],"collection":[{"href":"https:\/\/domartstyl.com\/en\/wp-json\/wp\/v2\/product"}],"about":[{"href":"https:\/\/domartstyl.com\/en\/wp-json\/wp\/v2\/types\/product"}],"replies":[{"embeddable":true,"href":"https:\/\/domartstyl.com\/en\/wp-json\/wp\/v2\/comments?post=75467"}],"wp:featuredmedia":[{"embeddable":true,"href":"https:\/\/domartstyl.com\/en\/wp-json\/wp\/v2\/media\/81119"}],"wp:attachment":[{"href":"https:\/\/domartstyl.com\/en\/wp-json\/wp\/v2\/media?parent=75467"}],"wp:term":[{"taxonomy":"product_brand","embeddable":true,"href":"https:\/\/domartstyl.com\/en\/wp-json\/wp\/v2\/product_brand?post=75467"},{"taxonomy":"product_cat","embeddable":true,"href":"https:\/\/domartstyl.com\/en\/wp-json\/wp\/v2\/product_cat?post=75467"},{"taxonomy":"product_tag","embeddable":true,"href":"https:\/\/domartstyl.com\/en\/wp-json\/wp\/v2\/product_tag?post=75467"}],"curies":[{"name":"wp","href":"https:\/\/api.w.org\/{rel}","templated":true}]}}