{"id":74505,"date":"2021-04-30T14:15:53","date_gmt":"2021-04-30T13:15:53","guid":{"rendered":"https:\/\/domartstyl.com\/cherry-gold-armchair\/"},"modified":"2022-04-11T13:21:11","modified_gmt":"2022-04-11T12:21:11","slug":"cherry-gold-armchair","status":"publish","type":"product","link":"https:\/\/domartstyl.com\/en\/cherry-gold-armchair\/","title":{"rendered":"Cherry gold armchair"},"content":{"rendered":"","protected":false},"excerpt":{"rendered":"<p><strong>Cherry armchairs are undoubtedly a real icing on the cake of any interior.<\/strong><\/p>\n<p>It impresses with its original appearance and makes you happy with the comfort of use. This designer piece of furniture shines as much in private apartments as in public places. The armchair has an exceptionally shaped backrest, a comfortable seat and a solid metal frame with strong legs made in the Scandinavian style. The Black option of the furniture is characterized by black color of metal frame, while Gold option means gold painting of the metal frame. The materials and fabrics used in its production are of the highest quality, which gives them the character of a luxurious piece of furniture, and this is exactly what Cherry armchairs are.<\/p>\n<p><strong>Model will be available only while stock of frames lasts.<\/strong><br \/>\n<strong>Before placing an order, please confirm availability:<br \/>\n<a href=\"mailto:sandra@domartstyl.pl\">sandra@domartstyl.pl<\/a><\/strong><br \/>\n<strong><a class=\"moz-txt-link-abbreviated\" href=\"mailto:biuro@domartstyl.eu\">biuro@domartstyl.eu<\/a><\/strong><\/p>\n<p>&nbsp;<\/p>\n","protected":false},"featured_media":69678,"comment_status":"closed","ping_status":"closed","template":"","meta":[],"product_brand":[],"product_cat":[8249],"product_tag":[],"class_list":{"0":"post-74505","1":"product","2":"type-product","3":"status-publish","4":"has-post-thumbnail","6":"product_cat-wholesale-furniture","7":"product_shipping_class-individual-pricing","9":"first","10":"instock","11":"taxable","12":"shipping-taxable","13":"product-type-soldout"},"yoast_head":"<!-- This site is optimized with the Yoast SEO Premium plugin v25.0 (Yoast SEO v25.0) - https:\/\/yoast.com\/wordpress\/plugins\/seo\/ -->\n<title>Cherry gold armchair , Manufacturer of Upholstered Furniture - DomArtStyl<\/title>\n<meta name=\"robots\" content=\"index, follow, max-snippet:-1, max-image-preview:large, max-video-preview:-1\" \/>\n<link rel=\"canonical\" href=\"https:\/\/domartstyl.com\/en\/cherry-gold-armchair\/\" \/>\n<meta property=\"og:locale\" content=\"en_US\" \/>\n<meta property=\"og:type\" content=\"article\" \/>\n<meta property=\"og:title\" content=\"Cherry gold armchair - DomArtStyl\" \/>\n<meta property=\"og:description\" content=\"Cherry armchairs are undoubtedly a real icing on the cake of any interior.  It impresses with its original appearance and makes you happy with the comfort of use. This designer piece of furniture shines as much in private apartments as in public places. The armchair has an exceptionally shaped backrest, a comfortable seat and a solid metal frame with strong legs made in the Scandinavian style. The Black option of the furniture is characterized by black color of metal frame, while Gold option means gold painting of the metal frame. The materials and fabrics used in its production are of the highest quality, which gives them the character of a luxurious piece of furniture, and this is exactly what Cherry armchairs are.  Model will be available only while stock of frames lasts. Before placing an order, please confirm availability: sandra@domartstyl.pl biuro@domartstyl.eu  &nbsp;\" \/>\n<meta property=\"og:url\" content=\"https:\/\/domartstyl.com\/en\/cherry-gold-armchair\/\" \/>\n<meta property=\"og:site_name\" content=\"DomArtStyl\" \/>\n<meta property=\"article:publisher\" content=\"https:\/\/www.facebook.com\/DomArtStyl\/\" \/>\n<meta property=\"article:modified_time\" content=\"2022-04-11T12:21:11+00:00\" \/>\n<meta property=\"og:image\" content=\"https:\/\/domartstyl.com\/wp-content\/uploads\/2021\/04\/IMG_0204-z-logo-1-scaled.jpg\" \/>\n\t<meta property=\"og:image:width\" content=\"1024\" \/>\n\t<meta property=\"og:image:height\" content=\"1365\" \/>\n\t<meta property=\"og:image:type\" content=\"image\/jpeg\" \/>\n<meta name=\"twitter:card\" content=\"summary_large_image\" \/>\n<meta name=\"twitter:site\" content=\"@DomArtStyl_pl\" \/>\n<meta name=\"twitter:label1\" content=\"Price\" \/>\n\t<meta name=\"twitter:data1\" content=\"\" \/>\n\t<meta name=\"twitter:label2\" content=\"Availability\" \/>\n\t<meta name=\"twitter:data2\" content=\"In stock\" \/>\n<script type=\"application\/ld+json\" class=\"yoast-schema-graph\">{\"@context\":\"https:\/\/schema.org\",\"@graph\":[{\"@type\":\"WebPage\",\"@id\":\"https:\/\/domartstyl.com\/en\/cherry-gold-armchair\/\",\"url\":\"https:\/\/domartstyl.com\/en\/cherry-gold-armchair\/\",\"name\":\"Cherry gold armchair , Manufacturer of Upholstered Furniture - DomArtStyl\",\"isPartOf\":{\"@id\":\"https:\/\/domartstyl.com\/en\/#website\"},\"primaryImageOfPage\":{\"@id\":\"https:\/\/domartstyl.com\/en\/cherry-gold-armchair\/#primaryimage\"},\"image\":{\"@id\":\"https:\/\/domartstyl.com\/en\/cherry-gold-armchair\/#primaryimage\"},\"thumbnailUrl\":\"https:\/\/domartstyl.com\/wp-content\/uploads\/2021\/04\/IMG_0204-z-logo-1-scaled.jpg\",\"datePublished\":\"2021-04-30T13:15:53+00:00\",\"dateModified\":\"2022-04-11T12:21:11+00:00\",\"breadcrumb\":{\"@id\":\"https:\/\/domartstyl.com\/en\/cherry-gold-armchair\/#breadcrumb\"},\"inLanguage\":\"en-US\",\"potentialAction\":[{\"@type\":\"ReadAction\",\"target\":[\"https:\/\/domartstyl.com\/en\/cherry-gold-armchair\/\"]}]},{\"@type\":\"ImageObject\",\"inLanguage\":\"en-US\",\"@id\":\"https:\/\/domartstyl.com\/en\/cherry-gold-armchair\/#primaryimage\",\"url\":\"https:\/\/domartstyl.com\/wp-content\/uploads\/2021\/04\/IMG_0204-z-logo-1-scaled.jpg\",\"contentUrl\":\"https:\/\/domartstyl.com\/wp-content\/uploads\/2021\/04\/IMG_0204-z-logo-1-scaled.jpg\",\"width\":1024,\"height\":1365},{\"@type\":\"BreadcrumbList\",\"@id\":\"https:\/\/domartstyl.com\/en\/cherry-gold-armchair\/#breadcrumb\",\"itemListElement\":[{\"@type\":\"ListItem\",\"position\":1,\"name\":\"Strona g\u0142\u00f3wna\",\"item\":\"https:\/\/domartstyl.com\/en\/\"},{\"@type\":\"ListItem\",\"position\":2,\"name\":\"Modern Upholstered Furniture\",\"item\":\"https:\/\/domartstyl.com\/en\/furniture\/\"},{\"@type\":\"ListItem\",\"position\":3,\"name\":\"Cherry gold armchair\"}]},{\"@type\":\"WebSite\",\"@id\":\"https:\/\/domartstyl.com\/en\/#website\",\"url\":\"https:\/\/domartstyl.com\/en\/\",\"name\":\"DomArtStyl\",\"description\":\"Tworzymy meble najwy\u017cszej jako\u015bci. Sprzeda\u017c detaliczna \u00b7 Sprzeda\u017c hurtowa\",\"publisher\":{\"@id\":\"https:\/\/domartstyl.com\/en\/#organization\"},\"potentialAction\":[{\"@type\":\"SearchAction\",\"target\":{\"@type\":\"EntryPoint\",\"urlTemplate\":\"https:\/\/domartstyl.com\/en\/?s={search_term_string}\"},\"query-input\":{\"@type\":\"PropertyValueSpecification\",\"valueRequired\":true,\"valueName\":\"search_term_string\"}}],\"inLanguage\":\"en-US\"},{\"@type\":\"Organization\",\"@id\":\"https:\/\/domartstyl.com\/en\/#organization\",\"name\":\"DomArtStyl\",\"url\":\"https:\/\/domartstyl.com\/en\/\",\"logo\":{\"@type\":\"ImageObject\",\"inLanguage\":\"en-US\",\"@id\":\"https:\/\/domartstyl.com\/en\/#\/schema\/logo\/image\/\",\"url\":\"https:\/\/domartstyl.com\/wp-content\/uploads\/2018\/04\/Logo_300_width.png\",\"contentUrl\":\"https:\/\/domartstyl.com\/wp-content\/uploads\/2018\/04\/Logo_300_width.png\",\"width\":300,\"height\":140,\"caption\":\"DomArtStyl\"},\"image\":{\"@id\":\"https:\/\/domartstyl.com\/en\/#\/schema\/logo\/image\/\"},\"sameAs\":[\"https:\/\/www.facebook.com\/DomArtStyl\/\",\"https:\/\/x.com\/DomArtStyl_pl\",\"https:\/\/www.instagram.com\/domartstyl\/?hl=en\",\"https:\/\/pl.pinterest.com\/domartstyl01\/\",\"https:\/\/www.youtube.com\/channel\/UCkISSgvMomI6yFFL3JDbLhw\"]}]}<\/script>\n<meta property=\"product:price:amount\" content=\"0.00\" \/>\n<meta property=\"product:price:currency\" content=\"EUR\" \/>\n<meta property=\"og:availability\" content=\"instock\" \/>\n<meta property=\"product:availability\" content=\"instock\" \/>\n<meta property=\"product:condition\" content=\"new\" \/>\n<!-- \/ Yoast SEO Premium plugin. -->","yoast_head_json":{"title":"Cherry gold armchair , Manufacturer of Upholstered Furniture - DomArtStyl","robots":{"index":"index","follow":"follow","max-snippet":"max-snippet:-1","max-image-preview":"max-image-preview:large","max-video-preview":"max-video-preview:-1"},"canonical":"https:\/\/domartstyl.com\/en\/cherry-gold-armchair\/","og_locale":"en_US","og_type":"article","og_title":"Cherry gold armchair - DomArtStyl","og_description":"Cherry armchairs are undoubtedly a real icing on the cake of any interior.  It impresses with its original appearance and makes you happy with the comfort of use. This designer piece of furniture shines as much in private apartments as in public places. The armchair has an exceptionally shaped backrest, a comfortable seat and a solid metal frame with strong legs made in the Scandinavian style. The Black option of the furniture is characterized by black color of metal frame, while Gold option means gold painting of the metal frame. The materials and fabrics used in its production are of the highest quality, which gives them the character of a luxurious piece of furniture, and this is exactly what Cherry armchairs are.  Model will be available only while stock of frames lasts. Before placing an order, please confirm availability: sandra@domartstyl.pl biuro@domartstyl.eu  &nbsp;","og_url":"https:\/\/domartstyl.com\/en\/cherry-gold-armchair\/","og_site_name":"DomArtStyl","article_publisher":"https:\/\/www.facebook.com\/DomArtStyl\/","article_modified_time":"2022-04-11T12:21:11+00:00","og_image":[{"width":1024,"height":1365,"url":"https:\/\/domartstyl.com\/wp-content\/uploads\/2021\/04\/IMG_0204-z-logo-1-scaled.jpg","type":"image\/jpeg"}],"twitter_card":"summary_large_image","twitter_site":"@DomArtStyl_pl","twitter_misc":{"Price":"","Availability":"In stock"},"schema":{"@context":"https:\/\/schema.org","@graph":[{"@type":"WebPage","@id":"https:\/\/domartstyl.com\/en\/cherry-gold-armchair\/","url":"https:\/\/domartstyl.com\/en\/cherry-gold-armchair\/","name":"Cherry gold armchair , Manufacturer of Upholstered Furniture - DomArtStyl","isPartOf":{"@id":"https:\/\/domartstyl.com\/en\/#website"},"primaryImageOfPage":{"@id":"https:\/\/domartstyl.com\/en\/cherry-gold-armchair\/#primaryimage"},"image":{"@id":"https:\/\/domartstyl.com\/en\/cherry-gold-armchair\/#primaryimage"},"thumbnailUrl":"https:\/\/domartstyl.com\/wp-content\/uploads\/2021\/04\/IMG_0204-z-logo-1-scaled.jpg","datePublished":"2021-04-30T13:15:53+00:00","dateModified":"2022-04-11T12:21:11+00:00","breadcrumb":{"@id":"https:\/\/domartstyl.com\/en\/cherry-gold-armchair\/#breadcrumb"},"inLanguage":"en-US","potentialAction":[{"@type":"ReadAction","target":["https:\/\/domartstyl.com\/en\/cherry-gold-armchair\/"]}]},{"@type":"ImageObject","inLanguage":"en-US","@id":"https:\/\/domartstyl.com\/en\/cherry-gold-armchair\/#primaryimage","url":"https:\/\/domartstyl.com\/wp-content\/uploads\/2021\/04\/IMG_0204-z-logo-1-scaled.jpg","contentUrl":"https:\/\/domartstyl.com\/wp-content\/uploads\/2021\/04\/IMG_0204-z-logo-1-scaled.jpg","width":1024,"height":1365},{"@type":"BreadcrumbList","@id":"https:\/\/domartstyl.com\/en\/cherry-gold-armchair\/#breadcrumb","itemListElement":[{"@type":"ListItem","position":1,"name":"Strona g\u0142\u00f3wna","item":"https:\/\/domartstyl.com\/en\/"},{"@type":"ListItem","position":2,"name":"Modern Upholstered Furniture","item":"https:\/\/domartstyl.com\/en\/furniture\/"},{"@type":"ListItem","position":3,"name":"Cherry gold armchair"}]},{"@type":"WebSite","@id":"https:\/\/domartstyl.com\/en\/#website","url":"https:\/\/domartstyl.com\/en\/","name":"DomArtStyl","description":"Tworzymy meble najwy\u017cszej jako\u015bci. Sprzeda\u017c detaliczna \u00b7 Sprzeda\u017c hurtowa","publisher":{"@id":"https:\/\/domartstyl.com\/en\/#organization"},"potentialAction":[{"@type":"SearchAction","target":{"@type":"EntryPoint","urlTemplate":"https:\/\/domartstyl.com\/en\/?s={search_term_string}"},"query-input":{"@type":"PropertyValueSpecification","valueRequired":true,"valueName":"search_term_string"}}],"inLanguage":"en-US"},{"@type":"Organization","@id":"https:\/\/domartstyl.com\/en\/#organization","name":"DomArtStyl","url":"https:\/\/domartstyl.com\/en\/","logo":{"@type":"ImageObject","inLanguage":"en-US","@id":"https:\/\/domartstyl.com\/en\/#\/schema\/logo\/image\/","url":"https:\/\/domartstyl.com\/wp-content\/uploads\/2018\/04\/Logo_300_width.png","contentUrl":"https:\/\/domartstyl.com\/wp-content\/uploads\/2018\/04\/Logo_300_width.png","width":300,"height":140,"caption":"DomArtStyl"},"image":{"@id":"https:\/\/domartstyl.com\/en\/#\/schema\/logo\/image\/"},"sameAs":["https:\/\/www.facebook.com\/DomArtStyl\/","https:\/\/x.com\/DomArtStyl_pl","https:\/\/www.instagram.com\/domartstyl\/?hl=en","https:\/\/pl.pinterest.com\/domartstyl01\/","https:\/\/www.youtube.com\/channel\/UCkISSgvMomI6yFFL3JDbLhw"]}]},"product_price_amount":"0.00","product_price_currency":"EUR","og_availability":"instock","product_availability":"instock","product_condition":"new"},"_links":{"self":[{"href":"https:\/\/domartstyl.com\/en\/wp-json\/wp\/v2\/product\/74505","targetHints":{"allow":["GET"]}}],"collection":[{"href":"https:\/\/domartstyl.com\/en\/wp-json\/wp\/v2\/product"}],"about":[{"href":"https:\/\/domartstyl.com\/en\/wp-json\/wp\/v2\/types\/product"}],"replies":[{"embeddable":true,"href":"https:\/\/domartstyl.com\/en\/wp-json\/wp\/v2\/comments?post=74505"}],"wp:featuredmedia":[{"embeddable":true,"href":"https:\/\/domartstyl.com\/en\/wp-json\/wp\/v2\/media\/69678"}],"wp:attachment":[{"href":"https:\/\/domartstyl.com\/en\/wp-json\/wp\/v2\/media?parent=74505"}],"wp:term":[{"taxonomy":"product_brand","embeddable":true,"href":"https:\/\/domartstyl.com\/en\/wp-json\/wp\/v2\/product_brand?post=74505"},{"taxonomy":"product_cat","embeddable":true,"href":"https:\/\/domartstyl.com\/en\/wp-json\/wp\/v2\/product_cat?post=74505"},{"taxonomy":"product_tag","embeddable":true,"href":"https:\/\/domartstyl.com\/en\/wp-json\/wp\/v2\/product_tag?post=74505"}],"curies":[{"name":"wp","href":"https:\/\/api.w.org\/{rel}","templated":true}]}}