{"id":73602,"date":"2021-08-13T14:01:16","date_gmt":"2021-08-13T13:01:16","guid":{"rendered":"https:\/\/domartstyl.com\/caprice-original-gold-armchair\/"},"modified":"2025-05-15T10:57:12","modified_gmt":"2025-05-15T09:57:12","slug":"caprice-original-gold-armchair","status":"publish","type":"product","link":"https:\/\/domartstyl.com\/en\/caprice-original-gold-armchair\/","title":{"rendered":"Caprice original gold Armchair"},"content":{"rendered":"","protected":false},"excerpt":{"rendered":"<p><strong>The Caprice Original Gold Chair<\/strong><br \/>\nA minimalist and modern piece of furniture characterized by clean lines and a restrained design. The gold metal construction of the chair serves as a stability element as well as an element of exceptional beauty that captures attention and imparts elegance and refined style to the furniture. The base of the model is narrow and simple, giving it a sense of lightness and sophistication. The\u00a0slightly reclined backrest ensures user comfort, while the ergonomically integrated armrests provide comfortable support during sitting. Filled with high-density foam, the chair remains comfortable and aesthetically pleasing for many years. The variety in design and material choices allows the chair to seamlessly blend into its surroundings, meeting charming expectations. The\u00a0minimalist design of the chair makes it an excellent addition to dining rooms, restaurants, or\u00a0waiting areas.<\/p>\n","protected":false},"featured_media":71748,"comment_status":"closed","ping_status":"closed","template":"","meta":[],"product_brand":[],"product_cat":[34,8852,8853,8855,8857,8940,8860,8862,8864,7627],"product_tag":[],"class_list":{"0":"post-73602","1":"product","2":"type-product","3":"status-publish","4":"has-post-thumbnail","6":"product_cat-armchairs","7":"product_cat-dining-armchairs","8":"product_cat-waiting-room-armchairs","9":"product_cat-cafe-armchairs","10":"product_cat-modern-armchairs","11":"product_cat-glamour-armchairs","12":"product_cat-velvet-armchairs","13":"product_cat-armchairs-with-metal-legs","14":"product_cat-armchairs-with-golden-legs","15":"product_cat-furniture-on-metal-frame","16":"product_shipping_class-pakowane-podwojnie-30-40-en","18":"first","19":"instock","20":"taxable","21":"shipping-taxable","22":"purchasable","23":"product-type-simple"},"yoast_head":"<!-- This site is optimized with the Yoast SEO Premium plugin v25.0 (Yoast SEO v25.0) - https:\/\/yoast.com\/wordpress\/plugins\/seo\/ -->\n<title>Caprice original gold Armchair , Manufacturer of Upholstered Furniture - DomArtStyl<\/title>\n<meta name=\"robots\" content=\"index, follow, max-snippet:-1, max-image-preview:large, max-video-preview:-1\" \/>\n<link rel=\"canonical\" href=\"https:\/\/domartstyl.com\/en\/caprice-original-gold-armchair\/\" \/>\n<meta property=\"og:locale\" content=\"en_US\" \/>\n<meta property=\"og:type\" content=\"article\" \/>\n<meta property=\"og:title\" content=\"Caprice original gold Armchair - DomArtStyl\" \/>\n<meta property=\"og:description\" content=\"The Caprice Original Gold Chair A minimalist and modern piece of furniture characterized by clean lines and a restrained design. The gold metal construction of the chair serves as a stability element as well as an element of exceptional beauty that captures attention and imparts elegance and refined style to the furniture. The base of the model is narrow and simple, giving it a sense of lightness and sophistication. The\u00a0slightly reclined backrest ensures user comfort, while the ergonomically integrated armrests provide comfortable support during sitting. Filled with high-density foam, the chair remains comfortable and aesthetically pleasing for many years. The variety in design and material choices allows the chair to seamlessly blend into its surroundings, meeting charming expectations. The\u00a0minimalist design of the chair makes it an excellent addition to dining rooms, restaurants, or\u00a0waiting areas.\" \/>\n<meta property=\"og:url\" content=\"https:\/\/domartstyl.com\/en\/caprice-original-gold-armchair\/\" \/>\n<meta property=\"og:site_name\" content=\"DomArtStyl\" \/>\n<meta property=\"article:publisher\" content=\"https:\/\/www.facebook.com\/DomArtStyl\/\" \/>\n<meta property=\"article:modified_time\" content=\"2025-05-15T09:57:12+00:00\" \/>\n<meta property=\"og:image\" content=\"https:\/\/domartstyl.com\/wp-content\/uploads\/2021\/08\/Fotel-Caprice-Riviera-38-original-gold-1000x1000-2.jpg\" \/>\n\t<meta property=\"og:image:width\" content=\"1000\" \/>\n\t<meta property=\"og:image:height\" content=\"1000\" \/>\n\t<meta property=\"og:image:type\" content=\"image\/jpeg\" \/>\n<meta name=\"twitter:card\" content=\"summary_large_image\" \/>\n<meta name=\"twitter:site\" content=\"@DomArtStyl_pl\" \/>\n<meta name=\"twitter:label1\" content=\"Price\" \/>\n\t<meta name=\"twitter:data1\" content=\"&euro;282,50\" \/>\n\t<meta name=\"twitter:label2\" content=\"Availability\" \/>\n\t<meta name=\"twitter:data2\" content=\"In stock\" \/>\n<script type=\"application\/ld+json\" class=\"yoast-schema-graph\">{\"@context\":\"https:\/\/schema.org\",\"@graph\":[{\"@type\":\"WebPage\",\"@id\":\"https:\/\/domartstyl.com\/en\/caprice-original-gold-armchair\/\",\"url\":\"https:\/\/domartstyl.com\/en\/caprice-original-gold-armchair\/\",\"name\":\"Caprice original gold Armchair , Manufacturer of Upholstered Furniture - DomArtStyl\",\"isPartOf\":{\"@id\":\"https:\/\/domartstyl.com\/en\/#website\"},\"primaryImageOfPage\":{\"@id\":\"https:\/\/domartstyl.com\/en\/caprice-original-gold-armchair\/#primaryimage\"},\"image\":{\"@id\":\"https:\/\/domartstyl.com\/en\/caprice-original-gold-armchair\/#primaryimage\"},\"thumbnailUrl\":\"https:\/\/domartstyl.com\/wp-content\/uploads\/2021\/08\/Fotel-Caprice-Riviera-38-original-gold-1000x1000-2.jpg\",\"datePublished\":\"2021-08-13T13:01:16+00:00\",\"dateModified\":\"2025-05-15T09:57:12+00:00\",\"breadcrumb\":{\"@id\":\"https:\/\/domartstyl.com\/en\/caprice-original-gold-armchair\/#breadcrumb\"},\"inLanguage\":\"en-US\",\"potentialAction\":[{\"@type\":\"ReadAction\",\"target\":[\"https:\/\/domartstyl.com\/en\/caprice-original-gold-armchair\/\"]}]},{\"@type\":\"ImageObject\",\"inLanguage\":\"en-US\",\"@id\":\"https:\/\/domartstyl.com\/en\/caprice-original-gold-armchair\/#primaryimage\",\"url\":\"https:\/\/domartstyl.com\/wp-content\/uploads\/2021\/08\/Fotel-Caprice-Riviera-38-original-gold-1000x1000-2.jpg\",\"contentUrl\":\"https:\/\/domartstyl.com\/wp-content\/uploads\/2021\/08\/Fotel-Caprice-Riviera-38-original-gold-1000x1000-2.jpg\",\"width\":1000,\"height\":1000,\"caption\":\"Fotel Caprice Original Gold\"},{\"@type\":\"BreadcrumbList\",\"@id\":\"https:\/\/domartstyl.com\/en\/caprice-original-gold-armchair\/#breadcrumb\",\"itemListElement\":[{\"@type\":\"ListItem\",\"position\":1,\"name\":\"Strona g\u0142\u00f3wna\",\"item\":\"https:\/\/domartstyl.com\/en\/\"},{\"@type\":\"ListItem\",\"position\":2,\"name\":\"Modern Upholstered Furniture\",\"item\":\"https:\/\/domartstyl.com\/en\/furniture\/\"},{\"@type\":\"ListItem\",\"position\":3,\"name\":\"Caprice original gold Armchair\"}]},{\"@type\":\"WebSite\",\"@id\":\"https:\/\/domartstyl.com\/en\/#website\",\"url\":\"https:\/\/domartstyl.com\/en\/\",\"name\":\"DomArtStyl\",\"description\":\"Tworzymy meble najwy\u017cszej jako\u015bci. Sprzeda\u017c detaliczna \u00b7 Sprzeda\u017c hurtowa\",\"publisher\":{\"@id\":\"https:\/\/domartstyl.com\/en\/#organization\"},\"potentialAction\":[{\"@type\":\"SearchAction\",\"target\":{\"@type\":\"EntryPoint\",\"urlTemplate\":\"https:\/\/domartstyl.com\/en\/?s={search_term_string}\"},\"query-input\":{\"@type\":\"PropertyValueSpecification\",\"valueRequired\":true,\"valueName\":\"search_term_string\"}}],\"inLanguage\":\"en-US\"},{\"@type\":\"Organization\",\"@id\":\"https:\/\/domartstyl.com\/en\/#organization\",\"name\":\"DomArtStyl\",\"url\":\"https:\/\/domartstyl.com\/en\/\",\"logo\":{\"@type\":\"ImageObject\",\"inLanguage\":\"en-US\",\"@id\":\"https:\/\/domartstyl.com\/en\/#\/schema\/logo\/image\/\",\"url\":\"https:\/\/domartstyl.com\/wp-content\/uploads\/2018\/04\/Logo_300_width.png\",\"contentUrl\":\"https:\/\/domartstyl.com\/wp-content\/uploads\/2018\/04\/Logo_300_width.png\",\"width\":300,\"height\":140,\"caption\":\"DomArtStyl\"},\"image\":{\"@id\":\"https:\/\/domartstyl.com\/en\/#\/schema\/logo\/image\/\"},\"sameAs\":[\"https:\/\/www.facebook.com\/DomArtStyl\/\",\"https:\/\/x.com\/DomArtStyl_pl\",\"https:\/\/www.instagram.com\/domartstyl\/?hl=en\",\"https:\/\/pl.pinterest.com\/domartstyl01\/\",\"https:\/\/www.youtube.com\/channel\/UCkISSgvMomI6yFFL3JDbLhw\"]}]}<\/script>\n<meta property=\"product:price:amount\" content=\"282.50\" \/>\n<meta property=\"product:price:currency\" content=\"EUR\" \/>\n<meta property=\"og:availability\" content=\"instock\" \/>\n<meta property=\"product:availability\" content=\"instock\" \/>\n<meta property=\"product:condition\" content=\"new\" \/>\n<!-- \/ Yoast SEO Premium plugin. -->","yoast_head_json":{"title":"Caprice original gold Armchair , Manufacturer of Upholstered Furniture - DomArtStyl","robots":{"index":"index","follow":"follow","max-snippet":"max-snippet:-1","max-image-preview":"max-image-preview:large","max-video-preview":"max-video-preview:-1"},"canonical":"https:\/\/domartstyl.com\/en\/caprice-original-gold-armchair\/","og_locale":"en_US","og_type":"article","og_title":"Caprice original gold Armchair - DomArtStyl","og_description":"The Caprice Original Gold Chair A minimalist and modern piece of furniture characterized by clean lines and a restrained design. The gold metal construction of the chair serves as a stability element as well as an element of exceptional beauty that captures attention and imparts elegance and refined style to the furniture. The base of the model is narrow and simple, giving it a sense of lightness and sophistication. The\u00a0slightly reclined backrest ensures user comfort, while the ergonomically integrated armrests provide comfortable support during sitting. Filled with high-density foam, the chair remains comfortable and aesthetically pleasing for many years. The variety in design and material choices allows the chair to seamlessly blend into its surroundings, meeting charming expectations. The\u00a0minimalist design of the chair makes it an excellent addition to dining rooms, restaurants, or\u00a0waiting areas.","og_url":"https:\/\/domartstyl.com\/en\/caprice-original-gold-armchair\/","og_site_name":"DomArtStyl","article_publisher":"https:\/\/www.facebook.com\/DomArtStyl\/","article_modified_time":"2025-05-15T09:57:12+00:00","og_image":[{"width":1000,"height":1000,"url":"https:\/\/domartstyl.com\/wp-content\/uploads\/2021\/08\/Fotel-Caprice-Riviera-38-original-gold-1000x1000-2.jpg","type":"image\/jpeg"}],"twitter_card":"summary_large_image","twitter_site":"@DomArtStyl_pl","twitter_misc":{"Price":"&euro;282,50","Availability":"In stock"},"schema":{"@context":"https:\/\/schema.org","@graph":[{"@type":"WebPage","@id":"https:\/\/domartstyl.com\/en\/caprice-original-gold-armchair\/","url":"https:\/\/domartstyl.com\/en\/caprice-original-gold-armchair\/","name":"Caprice original gold Armchair , Manufacturer of Upholstered Furniture - DomArtStyl","isPartOf":{"@id":"https:\/\/domartstyl.com\/en\/#website"},"primaryImageOfPage":{"@id":"https:\/\/domartstyl.com\/en\/caprice-original-gold-armchair\/#primaryimage"},"image":{"@id":"https:\/\/domartstyl.com\/en\/caprice-original-gold-armchair\/#primaryimage"},"thumbnailUrl":"https:\/\/domartstyl.com\/wp-content\/uploads\/2021\/08\/Fotel-Caprice-Riviera-38-original-gold-1000x1000-2.jpg","datePublished":"2021-08-13T13:01:16+00:00","dateModified":"2025-05-15T09:57:12+00:00","breadcrumb":{"@id":"https:\/\/domartstyl.com\/en\/caprice-original-gold-armchair\/#breadcrumb"},"inLanguage":"en-US","potentialAction":[{"@type":"ReadAction","target":["https:\/\/domartstyl.com\/en\/caprice-original-gold-armchair\/"]}]},{"@type":"ImageObject","inLanguage":"en-US","@id":"https:\/\/domartstyl.com\/en\/caprice-original-gold-armchair\/#primaryimage","url":"https:\/\/domartstyl.com\/wp-content\/uploads\/2021\/08\/Fotel-Caprice-Riviera-38-original-gold-1000x1000-2.jpg","contentUrl":"https:\/\/domartstyl.com\/wp-content\/uploads\/2021\/08\/Fotel-Caprice-Riviera-38-original-gold-1000x1000-2.jpg","width":1000,"height":1000,"caption":"Fotel Caprice Original Gold"},{"@type":"BreadcrumbList","@id":"https:\/\/domartstyl.com\/en\/caprice-original-gold-armchair\/#breadcrumb","itemListElement":[{"@type":"ListItem","position":1,"name":"Strona g\u0142\u00f3wna","item":"https:\/\/domartstyl.com\/en\/"},{"@type":"ListItem","position":2,"name":"Modern Upholstered Furniture","item":"https:\/\/domartstyl.com\/en\/furniture\/"},{"@type":"ListItem","position":3,"name":"Caprice original gold Armchair"}]},{"@type":"WebSite","@id":"https:\/\/domartstyl.com\/en\/#website","url":"https:\/\/domartstyl.com\/en\/","name":"DomArtStyl","description":"Tworzymy meble najwy\u017cszej jako\u015bci. Sprzeda\u017c detaliczna \u00b7 Sprzeda\u017c hurtowa","publisher":{"@id":"https:\/\/domartstyl.com\/en\/#organization"},"potentialAction":[{"@type":"SearchAction","target":{"@type":"EntryPoint","urlTemplate":"https:\/\/domartstyl.com\/en\/?s={search_term_string}"},"query-input":{"@type":"PropertyValueSpecification","valueRequired":true,"valueName":"search_term_string"}}],"inLanguage":"en-US"},{"@type":"Organization","@id":"https:\/\/domartstyl.com\/en\/#organization","name":"DomArtStyl","url":"https:\/\/domartstyl.com\/en\/","logo":{"@type":"ImageObject","inLanguage":"en-US","@id":"https:\/\/domartstyl.com\/en\/#\/schema\/logo\/image\/","url":"https:\/\/domartstyl.com\/wp-content\/uploads\/2018\/04\/Logo_300_width.png","contentUrl":"https:\/\/domartstyl.com\/wp-content\/uploads\/2018\/04\/Logo_300_width.png","width":300,"height":140,"caption":"DomArtStyl"},"image":{"@id":"https:\/\/domartstyl.com\/en\/#\/schema\/logo\/image\/"},"sameAs":["https:\/\/www.facebook.com\/DomArtStyl\/","https:\/\/x.com\/DomArtStyl_pl","https:\/\/www.instagram.com\/domartstyl\/?hl=en","https:\/\/pl.pinterest.com\/domartstyl01\/","https:\/\/www.youtube.com\/channel\/UCkISSgvMomI6yFFL3JDbLhw"]}]},"product_price_amount":"282.50","product_price_currency":"EUR","og_availability":"instock","product_availability":"instock","product_condition":"new"},"_links":{"self":[{"href":"https:\/\/domartstyl.com\/en\/wp-json\/wp\/v2\/product\/73602","targetHints":{"allow":["GET"]}}],"collection":[{"href":"https:\/\/domartstyl.com\/en\/wp-json\/wp\/v2\/product"}],"about":[{"href":"https:\/\/domartstyl.com\/en\/wp-json\/wp\/v2\/types\/product"}],"replies":[{"embeddable":true,"href":"https:\/\/domartstyl.com\/en\/wp-json\/wp\/v2\/comments?post=73602"}],"wp:featuredmedia":[{"embeddable":true,"href":"https:\/\/domartstyl.com\/en\/wp-json\/wp\/v2\/media\/71748"}],"wp:attachment":[{"href":"https:\/\/domartstyl.com\/en\/wp-json\/wp\/v2\/media?parent=73602"}],"wp:term":[{"taxonomy":"product_brand","embeddable":true,"href":"https:\/\/domartstyl.com\/en\/wp-json\/wp\/v2\/product_brand?post=73602"},{"taxonomy":"product_cat","embeddable":true,"href":"https:\/\/domartstyl.com\/en\/wp-json\/wp\/v2\/product_cat?post=73602"},{"taxonomy":"product_tag","embeddable":true,"href":"https:\/\/domartstyl.com\/en\/wp-json\/wp\/v2\/product_tag?post=73602"}],"curies":[{"name":"wp","href":"https:\/\/api.w.org\/{rel}","templated":true}]}}