{"id":73595,"date":"2021-11-22T10:28:42","date_gmt":"2021-11-22T09:28:42","guid":{"rendered":"https:\/\/domartstyl.com\/christopher-armchair-boucle\/"},"modified":"2023-11-03T11:41:35","modified_gmt":"2023-11-03T10:41:35","slug":"christopher-armchair-boucle","status":"publish","type":"product","link":"https:\/\/domartstyl.com\/en\/christopher-armchair-boucle\/","title":{"rendered":"Christopher Armchair boucl\u00e9"},"content":{"rendered":"","protected":false},"excerpt":{"rendered":"<p><strong>The Christopher Boucle Chair<\/strong><br \/>\nThis elegant piece of furniture combines functionality and aesthetics. Wide wooden legs add warmth and charm. The wood comes in various shades, allowing you to match the chair to different interior styles. The model is filled with high-density foam, ensuring excellent comfort and durability. The slanted armrests are an important element of ergonomic furniture design, enhancing comfort and usability. The use of boucl\u00e9 fabric allows for achieving elegance in an exceptionally lightweight form, giving the furniture a unique charm and sophistication. The classic design of the chair makes it an excellent choice for those who value comfort and elegance in their dining room, living room, or hotel.<\/p>\n","protected":false},"featured_media":73573,"comment_status":"closed","ping_status":"closed","template":"","meta":[],"product_brand":[],"product_cat":[8249],"product_tag":[],"class_list":{"0":"post-73595","1":"product","2":"type-product","3":"status-publish","4":"has-post-thumbnail","6":"product_cat-wholesale-furniture","7":"product_shipping_class-pakowane-pojedynczo-30-40-en","9":"first","10":"instock","11":"taxable","12":"shipping-taxable","13":"product-type-soldout"},"yoast_head":"<!-- This site is optimized with the Yoast SEO Premium plugin v25.0 (Yoast SEO v25.0) - https:\/\/yoast.com\/wordpress\/plugins\/seo\/ -->\n<title>Armchair for the living room - Christopher Boucl\u00e9 - Scandinavian style<\/title>\n<meta name=\"description\" content=\"The Christopher armchair is a designer piece of furniture that is distinguished by a Scandinavian style, and the soft and pleasant to the touch boucl\u00e9 fabric gives it a unique character.\" \/>\n<meta name=\"robots\" content=\"index, follow, max-snippet:-1, max-image-preview:large, max-video-preview:-1\" \/>\n<link rel=\"canonical\" href=\"https:\/\/domartstyl.com\/en\/christopher-armchair-boucle\/\" \/>\n<meta property=\"og:locale\" content=\"en_US\" \/>\n<meta property=\"og:type\" content=\"article\" \/>\n<meta property=\"og:title\" content=\"Christopher Armchair boucl\u00e9 - DomArtStyl\" \/>\n<meta property=\"og:description\" content=\"The Christopher armchair is a designer piece of furniture that is distinguished by a Scandinavian style, and the soft and pleasant to the touch boucl\u00e9 fabric gives it a unique character.\" \/>\n<meta property=\"og:url\" content=\"https:\/\/domartstyl.com\/en\/christopher-armchair-boucle\/\" \/>\n<meta property=\"og:site_name\" content=\"DomArtStyl\" \/>\n<meta property=\"article:publisher\" content=\"https:\/\/www.facebook.com\/DomArtStyl\/\" \/>\n<meta property=\"article:modified_time\" content=\"2023-11-03T10:41:35+00:00\" \/>\n<meta property=\"og:image\" content=\"https:\/\/domartstyl.com\/wp-content\/uploads\/2021\/11\/1000x1000-z-logo.jpg\" \/>\n\t<meta property=\"og:image:width\" content=\"768\" \/>\n\t<meta property=\"og:image:height\" content=\"768\" \/>\n\t<meta property=\"og:image:type\" content=\"image\/jpeg\" \/>\n<meta name=\"twitter:card\" content=\"summary_large_image\" \/>\n<meta name=\"twitter:site\" content=\"@DomArtStyl_pl\" \/>\n<meta name=\"twitter:label1\" content=\"Price\" \/>\n\t<meta name=\"twitter:data1\" content=\"\" \/>\n\t<meta name=\"twitter:label2\" content=\"Availability\" \/>\n\t<meta name=\"twitter:data2\" content=\"In stock\" \/>\n<script type=\"application\/ld+json\" class=\"yoast-schema-graph\">{\"@context\":\"https:\/\/schema.org\",\"@graph\":[{\"@type\":\"WebPage\",\"@id\":\"https:\/\/domartstyl.com\/en\/christopher-armchair-boucle\/\",\"url\":\"https:\/\/domartstyl.com\/en\/christopher-armchair-boucle\/\",\"name\":\"Armchair for the living room - Christopher Boucl\u00e9 - Scandinavian style\",\"isPartOf\":{\"@id\":\"https:\/\/domartstyl.com\/en\/#website\"},\"primaryImageOfPage\":{\"@id\":\"https:\/\/domartstyl.com\/en\/christopher-armchair-boucle\/#primaryimage\"},\"image\":{\"@id\":\"https:\/\/domartstyl.com\/en\/christopher-armchair-boucle\/#primaryimage\"},\"thumbnailUrl\":\"https:\/\/domartstyl.com\/wp-content\/uploads\/2021\/11\/1000x1000-z-logo.jpg\",\"datePublished\":\"2021-11-22T09:28:42+00:00\",\"dateModified\":\"2023-11-03T10:41:35+00:00\",\"description\":\"The Christopher armchair is a designer piece of furniture that is distinguished by a Scandinavian style, and the soft and pleasant to the touch boucl\u00e9 fabric gives it a unique character.\",\"breadcrumb\":{\"@id\":\"https:\/\/domartstyl.com\/en\/christopher-armchair-boucle\/#breadcrumb\"},\"inLanguage\":\"en-US\",\"potentialAction\":[{\"@type\":\"ReadAction\",\"target\":[\"https:\/\/domartstyl.com\/en\/christopher-armchair-boucle\/\"]}]},{\"@type\":\"ImageObject\",\"inLanguage\":\"en-US\",\"@id\":\"https:\/\/domartstyl.com\/en\/christopher-armchair-boucle\/#primaryimage\",\"url\":\"https:\/\/domartstyl.com\/wp-content\/uploads\/2021\/11\/1000x1000-z-logo.jpg\",\"contentUrl\":\"https:\/\/domartstyl.com\/wp-content\/uploads\/2021\/11\/1000x1000-z-logo.jpg\",\"width\":768,\"height\":768},{\"@type\":\"BreadcrumbList\",\"@id\":\"https:\/\/domartstyl.com\/en\/christopher-armchair-boucle\/#breadcrumb\",\"itemListElement\":[{\"@type\":\"ListItem\",\"position\":1,\"name\":\"Strona g\u0142\u00f3wna\",\"item\":\"https:\/\/domartstyl.com\/en\/\"},{\"@type\":\"ListItem\",\"position\":2,\"name\":\"Modern Upholstered Furniture\",\"item\":\"https:\/\/domartstyl.com\/en\/furniture\/\"},{\"@type\":\"ListItem\",\"position\":3,\"name\":\"Christopher Armchair boucl\u00e9\"}]},{\"@type\":\"WebSite\",\"@id\":\"https:\/\/domartstyl.com\/en\/#website\",\"url\":\"https:\/\/domartstyl.com\/en\/\",\"name\":\"DomArtStyl\",\"description\":\"Tworzymy meble najwy\u017cszej jako\u015bci. Sprzeda\u017c detaliczna \u00b7 Sprzeda\u017c hurtowa\",\"publisher\":{\"@id\":\"https:\/\/domartstyl.com\/en\/#organization\"},\"potentialAction\":[{\"@type\":\"SearchAction\",\"target\":{\"@type\":\"EntryPoint\",\"urlTemplate\":\"https:\/\/domartstyl.com\/en\/?s={search_term_string}\"},\"query-input\":{\"@type\":\"PropertyValueSpecification\",\"valueRequired\":true,\"valueName\":\"search_term_string\"}}],\"inLanguage\":\"en-US\"},{\"@type\":\"Organization\",\"@id\":\"https:\/\/domartstyl.com\/en\/#organization\",\"name\":\"DomArtStyl\",\"url\":\"https:\/\/domartstyl.com\/en\/\",\"logo\":{\"@type\":\"ImageObject\",\"inLanguage\":\"en-US\",\"@id\":\"https:\/\/domartstyl.com\/en\/#\/schema\/logo\/image\/\",\"url\":\"https:\/\/domartstyl.com\/wp-content\/uploads\/2018\/04\/Logo_300_width.png\",\"contentUrl\":\"https:\/\/domartstyl.com\/wp-content\/uploads\/2018\/04\/Logo_300_width.png\",\"width\":300,\"height\":140,\"caption\":\"DomArtStyl\"},\"image\":{\"@id\":\"https:\/\/domartstyl.com\/en\/#\/schema\/logo\/image\/\"},\"sameAs\":[\"https:\/\/www.facebook.com\/DomArtStyl\/\",\"https:\/\/x.com\/DomArtStyl_pl\",\"https:\/\/www.instagram.com\/domartstyl\/?hl=en\",\"https:\/\/pl.pinterest.com\/domartstyl01\/\",\"https:\/\/www.youtube.com\/channel\/UCkISSgvMomI6yFFL3JDbLhw\"]}]}<\/script>\n<meta property=\"product:price:amount\" content=\"0.00\" \/>\n<meta property=\"product:price:currency\" content=\"EUR\" \/>\n<meta property=\"og:availability\" content=\"instock\" \/>\n<meta property=\"product:availability\" content=\"instock\" \/>\n<meta property=\"product:condition\" content=\"new\" \/>\n<!-- \/ Yoast SEO Premium plugin. -->","yoast_head_json":{"title":"Armchair for the living room - Christopher Boucl\u00e9 - Scandinavian style","description":"The Christopher armchair is a designer piece of furniture that is distinguished by a Scandinavian style, and the soft and pleasant to the touch boucl\u00e9 fabric gives it a unique character.","robots":{"index":"index","follow":"follow","max-snippet":"max-snippet:-1","max-image-preview":"max-image-preview:large","max-video-preview":"max-video-preview:-1"},"canonical":"https:\/\/domartstyl.com\/en\/christopher-armchair-boucle\/","og_locale":"en_US","og_type":"article","og_title":"Christopher Armchair boucl\u00e9 - DomArtStyl","og_description":"The Christopher armchair is a designer piece of furniture that is distinguished by a Scandinavian style, and the soft and pleasant to the touch boucl\u00e9 fabric gives it a unique character.","og_url":"https:\/\/domartstyl.com\/en\/christopher-armchair-boucle\/","og_site_name":"DomArtStyl","article_publisher":"https:\/\/www.facebook.com\/DomArtStyl\/","article_modified_time":"2023-11-03T10:41:35+00:00","og_image":[{"width":768,"height":768,"url":"https:\/\/domartstyl.com\/wp-content\/uploads\/2021\/11\/1000x1000-z-logo.jpg","type":"image\/jpeg"}],"twitter_card":"summary_large_image","twitter_site":"@DomArtStyl_pl","twitter_misc":{"Price":"","Availability":"In stock"},"schema":{"@context":"https:\/\/schema.org","@graph":[{"@type":"WebPage","@id":"https:\/\/domartstyl.com\/en\/christopher-armchair-boucle\/","url":"https:\/\/domartstyl.com\/en\/christopher-armchair-boucle\/","name":"Armchair for the living room - Christopher Boucl\u00e9 - Scandinavian style","isPartOf":{"@id":"https:\/\/domartstyl.com\/en\/#website"},"primaryImageOfPage":{"@id":"https:\/\/domartstyl.com\/en\/christopher-armchair-boucle\/#primaryimage"},"image":{"@id":"https:\/\/domartstyl.com\/en\/christopher-armchair-boucle\/#primaryimage"},"thumbnailUrl":"https:\/\/domartstyl.com\/wp-content\/uploads\/2021\/11\/1000x1000-z-logo.jpg","datePublished":"2021-11-22T09:28:42+00:00","dateModified":"2023-11-03T10:41:35+00:00","description":"The Christopher armchair is a designer piece of furniture that is distinguished by a Scandinavian style, and the soft and pleasant to the touch boucl\u00e9 fabric gives it a unique character.","breadcrumb":{"@id":"https:\/\/domartstyl.com\/en\/christopher-armchair-boucle\/#breadcrumb"},"inLanguage":"en-US","potentialAction":[{"@type":"ReadAction","target":["https:\/\/domartstyl.com\/en\/christopher-armchair-boucle\/"]}]},{"@type":"ImageObject","inLanguage":"en-US","@id":"https:\/\/domartstyl.com\/en\/christopher-armchair-boucle\/#primaryimage","url":"https:\/\/domartstyl.com\/wp-content\/uploads\/2021\/11\/1000x1000-z-logo.jpg","contentUrl":"https:\/\/domartstyl.com\/wp-content\/uploads\/2021\/11\/1000x1000-z-logo.jpg","width":768,"height":768},{"@type":"BreadcrumbList","@id":"https:\/\/domartstyl.com\/en\/christopher-armchair-boucle\/#breadcrumb","itemListElement":[{"@type":"ListItem","position":1,"name":"Strona g\u0142\u00f3wna","item":"https:\/\/domartstyl.com\/en\/"},{"@type":"ListItem","position":2,"name":"Modern Upholstered Furniture","item":"https:\/\/domartstyl.com\/en\/furniture\/"},{"@type":"ListItem","position":3,"name":"Christopher Armchair boucl\u00e9"}]},{"@type":"WebSite","@id":"https:\/\/domartstyl.com\/en\/#website","url":"https:\/\/domartstyl.com\/en\/","name":"DomArtStyl","description":"Tworzymy meble najwy\u017cszej jako\u015bci. Sprzeda\u017c detaliczna \u00b7 Sprzeda\u017c hurtowa","publisher":{"@id":"https:\/\/domartstyl.com\/en\/#organization"},"potentialAction":[{"@type":"SearchAction","target":{"@type":"EntryPoint","urlTemplate":"https:\/\/domartstyl.com\/en\/?s={search_term_string}"},"query-input":{"@type":"PropertyValueSpecification","valueRequired":true,"valueName":"search_term_string"}}],"inLanguage":"en-US"},{"@type":"Organization","@id":"https:\/\/domartstyl.com\/en\/#organization","name":"DomArtStyl","url":"https:\/\/domartstyl.com\/en\/","logo":{"@type":"ImageObject","inLanguage":"en-US","@id":"https:\/\/domartstyl.com\/en\/#\/schema\/logo\/image\/","url":"https:\/\/domartstyl.com\/wp-content\/uploads\/2018\/04\/Logo_300_width.png","contentUrl":"https:\/\/domartstyl.com\/wp-content\/uploads\/2018\/04\/Logo_300_width.png","width":300,"height":140,"caption":"DomArtStyl"},"image":{"@id":"https:\/\/domartstyl.com\/en\/#\/schema\/logo\/image\/"},"sameAs":["https:\/\/www.facebook.com\/DomArtStyl\/","https:\/\/x.com\/DomArtStyl_pl","https:\/\/www.instagram.com\/domartstyl\/?hl=en","https:\/\/pl.pinterest.com\/domartstyl01\/","https:\/\/www.youtube.com\/channel\/UCkISSgvMomI6yFFL3JDbLhw"]}]},"product_price_amount":"0.00","product_price_currency":"EUR","og_availability":"instock","product_availability":"instock","product_condition":"new"},"_links":{"self":[{"href":"https:\/\/domartstyl.com\/en\/wp-json\/wp\/v2\/product\/73595","targetHints":{"allow":["GET"]}}],"collection":[{"href":"https:\/\/domartstyl.com\/en\/wp-json\/wp\/v2\/product"}],"about":[{"href":"https:\/\/domartstyl.com\/en\/wp-json\/wp\/v2\/types\/product"}],"replies":[{"embeddable":true,"href":"https:\/\/domartstyl.com\/en\/wp-json\/wp\/v2\/comments?post=73595"}],"wp:featuredmedia":[{"embeddable":true,"href":"https:\/\/domartstyl.com\/en\/wp-json\/wp\/v2\/media\/73573"}],"wp:attachment":[{"href":"https:\/\/domartstyl.com\/en\/wp-json\/wp\/v2\/media?parent=73595"}],"wp:term":[{"taxonomy":"product_brand","embeddable":true,"href":"https:\/\/domartstyl.com\/en\/wp-json\/wp\/v2\/product_brand?post=73595"},{"taxonomy":"product_cat","embeddable":true,"href":"https:\/\/domartstyl.com\/en\/wp-json\/wp\/v2\/product_cat?post=73595"},{"taxonomy":"product_tag","embeddable":true,"href":"https:\/\/domartstyl.com\/en\/wp-json\/wp\/v2\/product_tag?post=73595"}],"curies":[{"name":"wp","href":"https:\/\/api.w.org\/{rel}","templated":true}]}}