{"id":73544,"date":"2021-11-18T14:14:43","date_gmt":"2021-11-18T13:14:44","guid":{"rendered":"https:\/\/domartstyl.com\/?post_type=product&#038;p=73544"},"modified":"2025-05-15T10:57:10","modified_gmt":"2025-05-15T09:57:10","slug":"abisso-ideal-gold-boucle-chair","status":"publish","type":"product","link":"https:\/\/domartstyl.com\/en\/abisso-ideal-gold-boucle-chair\/","title":{"rendered":"Abisso ideal gold boucl\u00e9 Chair"},"content":{"rendered":"","protected":false},"excerpt":{"rendered":"<p>When arranging the interior in the popular glamor style, it is impossible not to take into account this unique chair. Abisso combines its extraordinary utility values with a designer form, being at the same time a piece of furniture made with the utmost care and the best components.<\/p>\n<p>Dining room, kitchen, living room? Abisso will be perfect here. Club, restaurant or hotel interiors? There this chair will equally give a unique charm and style, perfectly matching any other furniture.<\/p>\n<p>The offer also includes the attractive boucl\u00e9 fabric presented here. Even the most sophisticated requirements will be met by the range of varieties of this functional and beautiful chair presented in the links below.<\/p>\n<p><strong>\u2013 The standard version of the chair has golden metal legs.<\/strong><\/p>\n<p><strong>Other versions of this model:<br \/>\n<\/strong><a href=\"https:\/\/domartstyl.com\/en\/abisso-ski-armchair\/\">https:\/\/domartstyl.com\/en\/abisso-ski-armchair\/<\/a><br \/>\n<a href=\"https:\/\/domartstyl.com\/en\/abisso-spider-chair\/\">https:\/\/domartstyl.com\/en\/abisso-spider-chair\/<\/a><br \/>\n<a href=\"https:\/\/domartstyl.com\/en\/abisso-chair\/\">https:\/\/domartstyl.com\/en\/abisso-chair\/<\/a><br \/>\n<a href=\"https:\/\/domartstyl.com\/en\/demi-chair\/\">https:\/\/domartstyl.com\/en\/demi-chair\/<\/a><\/p>\n<p>&nbsp;<\/p>\n<p><strong>*We reserve the possibility of differences in the colors of the locks at different lots of the furniture.<\/strong><\/p>\n","protected":false},"featured_media":73546,"comment_status":"closed","ping_status":"closed","template":"","meta":[],"product_brand":[],"product_cat":[36,8793,8794,8796,8798,8799,8941,8805,8806,7893],"product_tag":[],"class_list":{"0":"post-73544","1":"product","2":"type-product","3":"status-publish","4":"has-post-thumbnail","6":"product_cat-chairs","7":"product_cat-dining-chairs","8":"product_cat-living-room-chairs","9":"product_cat-chairs-for-the-waiting-room","10":"product_cat-modern-chairs","11":"product_cat-scandinavian-chairs","12":"product_cat-glamour-chairs","13":"product_cat-chairs-with-metal-legs","14":"product_cat-chairs-with-golden-legs","15":"product_cat-furniture-in-boucle","16":"product_shipping_class-pakowane-podwojnie-30-40-en","18":"first","19":"instock","20":"taxable","21":"shipping-taxable","22":"purchasable","23":"product-type-simple"},"yoast_head":"<!-- This site is optimized with the Yoast SEO Premium plugin v25.0 (Yoast SEO v25.0) - https:\/\/yoast.com\/wordpress\/plugins\/seo\/ -->\n<title>Living room chair - Abisso original gold boucl\u00e9 - DomArtStyl<\/title>\n<meta name=\"description\" content=\"The modern Abisso original gold boucl\u00e9 chair made on metal legs will perfectly suit the dining room, living room or restaurant.\" \/>\n<meta name=\"robots\" content=\"index, follow, max-snippet:-1, max-image-preview:large, max-video-preview:-1\" \/>\n<link rel=\"canonical\" href=\"https:\/\/domartstyl.com\/en\/abisso-ideal-gold-boucle-chair\/\" \/>\n<meta property=\"og:locale\" content=\"en_US\" \/>\n<meta property=\"og:type\" content=\"article\" \/>\n<meta property=\"og:title\" content=\"Abisso ideal gold boucl\u00e9 Chair - DomArtStyl\" \/>\n<meta property=\"og:description\" content=\"The modern Abisso original gold boucl\u00e9 chair made on metal legs will perfectly suit the dining room, living room or restaurant.\" \/>\n<meta property=\"og:url\" content=\"https:\/\/domartstyl.com\/en\/abisso-ideal-gold-boucle-chair\/\" \/>\n<meta property=\"og:site_name\" content=\"DomArtStyl\" \/>\n<meta property=\"article:publisher\" content=\"https:\/\/www.facebook.com\/DomArtStyl\/\" \/>\n<meta property=\"article:modified_time\" content=\"2025-05-15T09:57:10+00:00\" \/>\n<meta property=\"og:image\" content=\"https:\/\/domartstyl.com\/wp-content\/uploads\/2021\/11\/poprawione-z-logo-1000x1000-1.jpg\" \/>\n\t<meta property=\"og:image:width\" content=\"750\" \/>\n\t<meta property=\"og:image:height\" content=\"750\" \/>\n\t<meta property=\"og:image:type\" content=\"image\/jpeg\" \/>\n<meta name=\"twitter:card\" content=\"summary_large_image\" \/>\n<meta name=\"twitter:site\" content=\"@DomArtStyl_pl\" \/>\n<meta name=\"twitter:label1\" content=\"Price\" \/>\n\t<meta name=\"twitter:data1\" content=\"&euro;287,25\" \/>\n\t<meta name=\"twitter:label2\" content=\"Availability\" \/>\n\t<meta name=\"twitter:data2\" content=\"In stock\" \/>\n<script type=\"application\/ld+json\" class=\"yoast-schema-graph\">{\"@context\":\"https:\/\/schema.org\",\"@graph\":[{\"@type\":\"WebPage\",\"@id\":\"https:\/\/domartstyl.com\/en\/abisso-ideal-gold-boucle-chair\/\",\"url\":\"https:\/\/domartstyl.com\/en\/abisso-ideal-gold-boucle-chair\/\",\"name\":\"Living room chair - Abisso original gold boucl\u00e9 - DomArtStyl\",\"isPartOf\":{\"@id\":\"https:\/\/domartstyl.com\/en\/#website\"},\"primaryImageOfPage\":{\"@id\":\"https:\/\/domartstyl.com\/en\/abisso-ideal-gold-boucle-chair\/#primaryimage\"},\"image\":{\"@id\":\"https:\/\/domartstyl.com\/en\/abisso-ideal-gold-boucle-chair\/#primaryimage\"},\"thumbnailUrl\":\"https:\/\/domartstyl.com\/wp-content\/uploads\/2021\/11\/poprawione-z-logo-1000x1000-1.jpg\",\"datePublished\":\"2021-11-18T13:14:44+00:00\",\"dateModified\":\"2025-05-15T09:57:10+00:00\",\"description\":\"The modern Abisso original gold boucl\u00e9 chair made on metal legs will perfectly suit the dining room, living room or restaurant.\",\"breadcrumb\":{\"@id\":\"https:\/\/domartstyl.com\/en\/abisso-ideal-gold-boucle-chair\/#breadcrumb\"},\"inLanguage\":\"en-US\",\"potentialAction\":[{\"@type\":\"ReadAction\",\"target\":[\"https:\/\/domartstyl.com\/en\/abisso-ideal-gold-boucle-chair\/\"]}]},{\"@type\":\"ImageObject\",\"inLanguage\":\"en-US\",\"@id\":\"https:\/\/domartstyl.com\/en\/abisso-ideal-gold-boucle-chair\/#primaryimage\",\"url\":\"https:\/\/domartstyl.com\/wp-content\/uploads\/2021\/11\/poprawione-z-logo-1000x1000-1.jpg\",\"contentUrl\":\"https:\/\/domartstyl.com\/wp-content\/uploads\/2021\/11\/poprawione-z-logo-1000x1000-1.jpg\",\"width\":750,\"height\":750},{\"@type\":\"BreadcrumbList\",\"@id\":\"https:\/\/domartstyl.com\/en\/abisso-ideal-gold-boucle-chair\/#breadcrumb\",\"itemListElement\":[{\"@type\":\"ListItem\",\"position\":1,\"name\":\"Strona g\u0142\u00f3wna\",\"item\":\"https:\/\/domartstyl.com\/en\/\"},{\"@type\":\"ListItem\",\"position\":2,\"name\":\"Modern Upholstered Furniture\",\"item\":\"https:\/\/domartstyl.com\/en\/furniture\/\"},{\"@type\":\"ListItem\",\"position\":3,\"name\":\"Abisso ideal gold boucl\u00e9 Chair\"}]},{\"@type\":\"WebSite\",\"@id\":\"https:\/\/domartstyl.com\/en\/#website\",\"url\":\"https:\/\/domartstyl.com\/en\/\",\"name\":\"DomArtStyl\",\"description\":\"Tworzymy meble najwy\u017cszej jako\u015bci. Sprzeda\u017c detaliczna \u00b7 Sprzeda\u017c hurtowa\",\"publisher\":{\"@id\":\"https:\/\/domartstyl.com\/en\/#organization\"},\"potentialAction\":[{\"@type\":\"SearchAction\",\"target\":{\"@type\":\"EntryPoint\",\"urlTemplate\":\"https:\/\/domartstyl.com\/en\/?s={search_term_string}\"},\"query-input\":{\"@type\":\"PropertyValueSpecification\",\"valueRequired\":true,\"valueName\":\"search_term_string\"}}],\"inLanguage\":\"en-US\"},{\"@type\":\"Organization\",\"@id\":\"https:\/\/domartstyl.com\/en\/#organization\",\"name\":\"DomArtStyl\",\"url\":\"https:\/\/domartstyl.com\/en\/\",\"logo\":{\"@type\":\"ImageObject\",\"inLanguage\":\"en-US\",\"@id\":\"https:\/\/domartstyl.com\/en\/#\/schema\/logo\/image\/\",\"url\":\"https:\/\/domartstyl.com\/wp-content\/uploads\/2018\/04\/Logo_300_width.png\",\"contentUrl\":\"https:\/\/domartstyl.com\/wp-content\/uploads\/2018\/04\/Logo_300_width.png\",\"width\":300,\"height\":140,\"caption\":\"DomArtStyl\"},\"image\":{\"@id\":\"https:\/\/domartstyl.com\/en\/#\/schema\/logo\/image\/\"},\"sameAs\":[\"https:\/\/www.facebook.com\/DomArtStyl\/\",\"https:\/\/x.com\/DomArtStyl_pl\",\"https:\/\/www.instagram.com\/domartstyl\/?hl=en\",\"https:\/\/pl.pinterest.com\/domartstyl01\/\",\"https:\/\/www.youtube.com\/channel\/UCkISSgvMomI6yFFL3JDbLhw\"]}]}<\/script>\n<meta property=\"product:price:amount\" content=\"287.25\" \/>\n<meta property=\"product:price:currency\" content=\"EUR\" \/>\n<meta property=\"og:availability\" content=\"instock\" \/>\n<meta property=\"product:availability\" content=\"instock\" \/>\n<meta property=\"product:condition\" content=\"new\" \/>\n<!-- \/ Yoast SEO Premium plugin. -->","yoast_head_json":{"title":"Living room chair - Abisso original gold boucl\u00e9 - DomArtStyl","description":"The modern Abisso original gold boucl\u00e9 chair made on metal legs will perfectly suit the dining room, living room or restaurant.","robots":{"index":"index","follow":"follow","max-snippet":"max-snippet:-1","max-image-preview":"max-image-preview:large","max-video-preview":"max-video-preview:-1"},"canonical":"https:\/\/domartstyl.com\/en\/abisso-ideal-gold-boucle-chair\/","og_locale":"en_US","og_type":"article","og_title":"Abisso ideal gold boucl\u00e9 Chair - DomArtStyl","og_description":"The modern Abisso original gold boucl\u00e9 chair made on metal legs will perfectly suit the dining room, living room or restaurant.","og_url":"https:\/\/domartstyl.com\/en\/abisso-ideal-gold-boucle-chair\/","og_site_name":"DomArtStyl","article_publisher":"https:\/\/www.facebook.com\/DomArtStyl\/","article_modified_time":"2025-05-15T09:57:10+00:00","og_image":[{"width":750,"height":750,"url":"https:\/\/domartstyl.com\/wp-content\/uploads\/2021\/11\/poprawione-z-logo-1000x1000-1.jpg","type":"image\/jpeg"}],"twitter_card":"summary_large_image","twitter_site":"@DomArtStyl_pl","twitter_misc":{"Price":"&euro;287,25","Availability":"In stock"},"schema":{"@context":"https:\/\/schema.org","@graph":[{"@type":"WebPage","@id":"https:\/\/domartstyl.com\/en\/abisso-ideal-gold-boucle-chair\/","url":"https:\/\/domartstyl.com\/en\/abisso-ideal-gold-boucle-chair\/","name":"Living room chair - Abisso original gold boucl\u00e9 - DomArtStyl","isPartOf":{"@id":"https:\/\/domartstyl.com\/en\/#website"},"primaryImageOfPage":{"@id":"https:\/\/domartstyl.com\/en\/abisso-ideal-gold-boucle-chair\/#primaryimage"},"image":{"@id":"https:\/\/domartstyl.com\/en\/abisso-ideal-gold-boucle-chair\/#primaryimage"},"thumbnailUrl":"https:\/\/domartstyl.com\/wp-content\/uploads\/2021\/11\/poprawione-z-logo-1000x1000-1.jpg","datePublished":"2021-11-18T13:14:44+00:00","dateModified":"2025-05-15T09:57:10+00:00","description":"The modern Abisso original gold boucl\u00e9 chair made on metal legs will perfectly suit the dining room, living room or restaurant.","breadcrumb":{"@id":"https:\/\/domartstyl.com\/en\/abisso-ideal-gold-boucle-chair\/#breadcrumb"},"inLanguage":"en-US","potentialAction":[{"@type":"ReadAction","target":["https:\/\/domartstyl.com\/en\/abisso-ideal-gold-boucle-chair\/"]}]},{"@type":"ImageObject","inLanguage":"en-US","@id":"https:\/\/domartstyl.com\/en\/abisso-ideal-gold-boucle-chair\/#primaryimage","url":"https:\/\/domartstyl.com\/wp-content\/uploads\/2021\/11\/poprawione-z-logo-1000x1000-1.jpg","contentUrl":"https:\/\/domartstyl.com\/wp-content\/uploads\/2021\/11\/poprawione-z-logo-1000x1000-1.jpg","width":750,"height":750},{"@type":"BreadcrumbList","@id":"https:\/\/domartstyl.com\/en\/abisso-ideal-gold-boucle-chair\/#breadcrumb","itemListElement":[{"@type":"ListItem","position":1,"name":"Strona g\u0142\u00f3wna","item":"https:\/\/domartstyl.com\/en\/"},{"@type":"ListItem","position":2,"name":"Modern Upholstered Furniture","item":"https:\/\/domartstyl.com\/en\/furniture\/"},{"@type":"ListItem","position":3,"name":"Abisso ideal gold boucl\u00e9 Chair"}]},{"@type":"WebSite","@id":"https:\/\/domartstyl.com\/en\/#website","url":"https:\/\/domartstyl.com\/en\/","name":"DomArtStyl","description":"Tworzymy meble najwy\u017cszej jako\u015bci. Sprzeda\u017c detaliczna \u00b7 Sprzeda\u017c hurtowa","publisher":{"@id":"https:\/\/domartstyl.com\/en\/#organization"},"potentialAction":[{"@type":"SearchAction","target":{"@type":"EntryPoint","urlTemplate":"https:\/\/domartstyl.com\/en\/?s={search_term_string}"},"query-input":{"@type":"PropertyValueSpecification","valueRequired":true,"valueName":"search_term_string"}}],"inLanguage":"en-US"},{"@type":"Organization","@id":"https:\/\/domartstyl.com\/en\/#organization","name":"DomArtStyl","url":"https:\/\/domartstyl.com\/en\/","logo":{"@type":"ImageObject","inLanguage":"en-US","@id":"https:\/\/domartstyl.com\/en\/#\/schema\/logo\/image\/","url":"https:\/\/domartstyl.com\/wp-content\/uploads\/2018\/04\/Logo_300_width.png","contentUrl":"https:\/\/domartstyl.com\/wp-content\/uploads\/2018\/04\/Logo_300_width.png","width":300,"height":140,"caption":"DomArtStyl"},"image":{"@id":"https:\/\/domartstyl.com\/en\/#\/schema\/logo\/image\/"},"sameAs":["https:\/\/www.facebook.com\/DomArtStyl\/","https:\/\/x.com\/DomArtStyl_pl","https:\/\/www.instagram.com\/domartstyl\/?hl=en","https:\/\/pl.pinterest.com\/domartstyl01\/","https:\/\/www.youtube.com\/channel\/UCkISSgvMomI6yFFL3JDbLhw"]}]},"product_price_amount":"287.25","product_price_currency":"EUR","og_availability":"instock","product_availability":"instock","product_condition":"new"},"_links":{"self":[{"href":"https:\/\/domartstyl.com\/en\/wp-json\/wp\/v2\/product\/73544","targetHints":{"allow":["GET"]}}],"collection":[{"href":"https:\/\/domartstyl.com\/en\/wp-json\/wp\/v2\/product"}],"about":[{"href":"https:\/\/domartstyl.com\/en\/wp-json\/wp\/v2\/types\/product"}],"replies":[{"embeddable":true,"href":"https:\/\/domartstyl.com\/en\/wp-json\/wp\/v2\/comments?post=73544"}],"wp:featuredmedia":[{"embeddable":true,"href":"https:\/\/domartstyl.com\/en\/wp-json\/wp\/v2\/media\/73546"}],"wp:attachment":[{"href":"https:\/\/domartstyl.com\/en\/wp-json\/wp\/v2\/media?parent=73544"}],"wp:term":[{"taxonomy":"product_brand","embeddable":true,"href":"https:\/\/domartstyl.com\/en\/wp-json\/wp\/v2\/product_brand?post=73544"},{"taxonomy":"product_cat","embeddable":true,"href":"https:\/\/domartstyl.com\/en\/wp-json\/wp\/v2\/product_cat?post=73544"},{"taxonomy":"product_tag","embeddable":true,"href":"https:\/\/domartstyl.com\/en\/wp-json\/wp\/v2\/product_tag?post=73544"}],"curies":[{"name":"wp","href":"https:\/\/api.w.org\/{rel}","templated":true}]}}