{"id":72797,"date":"2021-10-19T13:58:23","date_gmt":"2021-10-19T12:58:23","guid":{"rendered":"https:\/\/domartstyl.com\/nico-ii-sofa\/"},"modified":"2025-05-15T10:57:11","modified_gmt":"2025-05-15T09:57:11","slug":"nico-ii-sofa","status":"publish","type":"product","link":"https:\/\/domartstyl.com\/en\/nico-ii-sofa\/","title":{"rendered":"Nico II Sofa"},"content":{"rendered":"","protected":false},"excerpt":{"rendered":"<p>Nico II is a designer sofa that will bring a lot of warmth to your interior thanks to its streamlined shapes, which blend harmoniously with each other to create an aristocratic look.<\/p>\n<p>In the example photo, the upholstery is made of a thick, structured boucle fabric with a tight and twisted weave.<\/p>\n<p>This gives the furniture, made in boucle fabric, a light and fluffy appearance. Thanks to these advantages, this sofa is perfect for a waiting room, flat or caf\u00e9.<\/p>\n<p>Nico II stands out for its high comfort of use, thanks to the appropriately shaped seats and backrest.<\/p>\n<p>Its solid construction ensures stability and durability, which will allow you to enjoy it for many years.<\/p>\n<p>* The furniture in the photo is made in boucl\u00e9 weaving (extra cost).<\/p>\n","protected":false},"featured_media":83682,"comment_status":"closed","ping_status":"closed","template":"","meta":[],"product_brand":[],"product_cat":[7893,8161,39,9044],"product_tag":[],"class_list":{"0":"post-72797","1":"product","2":"type-product","3":"status-publish","4":"has-post-thumbnail","6":"product_cat-furniture-in-boucle","7":"product_cat-lounge-sets","8":"product_cat-sofas","9":"product_cat-two-seater-sofas","10":"product_shipping_class-individually-packed-110-120","12":"first","13":"instock","14":"taxable","15":"shipping-taxable","16":"purchasable","17":"product-type-simple"},"yoast_head":"<!-- This site is optimized with the Yoast SEO Premium plugin v25.0 (Yoast SEO v25.0) - https:\/\/yoast.com\/wordpress\/plugins\/seo\/ -->\n<title>Small Unfolding Double Sofa Boucle Nico - DomArtStyl<\/title>\n<meta name=\"description\" content=\"Stylish small two-seater sofa Nico II is the perfect choice for elegant glamour or modern interiors such as a living room or waiting room.\" \/>\n<meta name=\"robots\" content=\"index, follow, max-snippet:-1, max-image-preview:large, max-video-preview:-1\" \/>\n<link rel=\"canonical\" href=\"https:\/\/domartstyl.com\/en\/nico-ii-sofa\/\" \/>\n<meta property=\"og:locale\" content=\"en_US\" \/>\n<meta property=\"og:type\" content=\"article\" \/>\n<meta property=\"og:title\" content=\"Nico II Sofa - DomArtStyl\" \/>\n<meta property=\"og:description\" content=\"Stylish small two-seater sofa Nico II is the perfect choice for elegant glamour or modern interiors such as a living room or waiting room.\" \/>\n<meta property=\"og:url\" content=\"https:\/\/domartstyl.com\/en\/nico-ii-sofa\/\" \/>\n<meta property=\"og:site_name\" content=\"DomArtStyl\" \/>\n<meta property=\"article:publisher\" content=\"https:\/\/www.facebook.com\/DomArtStyl\/\" \/>\n<meta property=\"article:modified_time\" content=\"2025-05-15T09:57:11+00:00\" \/>\n<meta property=\"og:image\" content=\"https:\/\/domartstyl.com\/wp-content\/uploads\/2021\/10\/1-biala-sofa-dwuosobowa-nierozkladana-nico-ii.jpg\" \/>\n\t<meta property=\"og:image:width\" content=\"1200\" \/>\n\t<meta property=\"og:image:height\" content=\"1200\" \/>\n\t<meta property=\"og:image:type\" content=\"image\/jpeg\" \/>\n<meta name=\"twitter:card\" content=\"summary_large_image\" \/>\n<meta name=\"twitter:site\" content=\"@DomArtStyl_pl\" \/>\n<meta name=\"twitter:label1\" content=\"Price\" \/>\n\t<meta name=\"twitter:data1\" content=\"&euro;447,50\" \/>\n\t<meta name=\"twitter:label2\" content=\"Availability\" \/>\n\t<meta name=\"twitter:data2\" content=\"In stock\" \/>\n<script type=\"application\/ld+json\" class=\"yoast-schema-graph\">{\"@context\":\"https:\/\/schema.org\",\"@graph\":[{\"@type\":\"WebPage\",\"@id\":\"https:\/\/domartstyl.com\/en\/nico-ii-sofa\/\",\"url\":\"https:\/\/domartstyl.com\/en\/nico-ii-sofa\/\",\"name\":\"Small Unfolding Double Sofa Boucle Nico - DomArtStyl\",\"isPartOf\":{\"@id\":\"https:\/\/domartstyl.com\/en\/#website\"},\"primaryImageOfPage\":{\"@id\":\"https:\/\/domartstyl.com\/en\/nico-ii-sofa\/#primaryimage\"},\"image\":{\"@id\":\"https:\/\/domartstyl.com\/en\/nico-ii-sofa\/#primaryimage\"},\"thumbnailUrl\":\"https:\/\/domartstyl.com\/wp-content\/uploads\/2021\/10\/1-biala-sofa-dwuosobowa-nierozkladana-nico-ii.jpg\",\"datePublished\":\"2021-10-19T12:58:23+00:00\",\"dateModified\":\"2025-05-15T09:57:11+00:00\",\"description\":\"Stylish small two-seater sofa Nico II is the perfect choice for elegant glamour or modern interiors such as a living room or waiting room.\",\"breadcrumb\":{\"@id\":\"https:\/\/domartstyl.com\/en\/nico-ii-sofa\/#breadcrumb\"},\"inLanguage\":\"en-US\",\"potentialAction\":[{\"@type\":\"ReadAction\",\"target\":[\"https:\/\/domartstyl.com\/en\/nico-ii-sofa\/\"]}]},{\"@type\":\"ImageObject\",\"inLanguage\":\"en-US\",\"@id\":\"https:\/\/domartstyl.com\/en\/nico-ii-sofa\/#primaryimage\",\"url\":\"https:\/\/domartstyl.com\/wp-content\/uploads\/2021\/10\/1-biala-sofa-dwuosobowa-nierozkladana-nico-ii.jpg\",\"contentUrl\":\"https:\/\/domartstyl.com\/wp-content\/uploads\/2021\/10\/1-biala-sofa-dwuosobowa-nierozkladana-nico-ii.jpg\",\"width\":1200,\"height\":1200,\"caption\":\"White unfolded two-seater sofa Nico II\"},{\"@type\":\"BreadcrumbList\",\"@id\":\"https:\/\/domartstyl.com\/en\/nico-ii-sofa\/#breadcrumb\",\"itemListElement\":[{\"@type\":\"ListItem\",\"position\":1,\"name\":\"Strona g\u0142\u00f3wna\",\"item\":\"https:\/\/domartstyl.com\/en\/\"},{\"@type\":\"ListItem\",\"position\":2,\"name\":\"Modern Upholstered Furniture\",\"item\":\"https:\/\/domartstyl.com\/en\/furniture\/\"},{\"@type\":\"ListItem\",\"position\":3,\"name\":\"Nico II Sofa\"}]},{\"@type\":\"WebSite\",\"@id\":\"https:\/\/domartstyl.com\/en\/#website\",\"url\":\"https:\/\/domartstyl.com\/en\/\",\"name\":\"DomArtStyl\",\"description\":\"Tworzymy meble najwy\u017cszej jako\u015bci. Sprzeda\u017c detaliczna \u00b7 Sprzeda\u017c hurtowa\",\"publisher\":{\"@id\":\"https:\/\/domartstyl.com\/en\/#organization\"},\"potentialAction\":[{\"@type\":\"SearchAction\",\"target\":{\"@type\":\"EntryPoint\",\"urlTemplate\":\"https:\/\/domartstyl.com\/en\/?s={search_term_string}\"},\"query-input\":{\"@type\":\"PropertyValueSpecification\",\"valueRequired\":true,\"valueName\":\"search_term_string\"}}],\"inLanguage\":\"en-US\"},{\"@type\":\"Organization\",\"@id\":\"https:\/\/domartstyl.com\/en\/#organization\",\"name\":\"DomArtStyl\",\"url\":\"https:\/\/domartstyl.com\/en\/\",\"logo\":{\"@type\":\"ImageObject\",\"inLanguage\":\"en-US\",\"@id\":\"https:\/\/domartstyl.com\/en\/#\/schema\/logo\/image\/\",\"url\":\"https:\/\/domartstyl.com\/wp-content\/uploads\/2018\/04\/Logo_300_width.png\",\"contentUrl\":\"https:\/\/domartstyl.com\/wp-content\/uploads\/2018\/04\/Logo_300_width.png\",\"width\":300,\"height\":140,\"caption\":\"DomArtStyl\"},\"image\":{\"@id\":\"https:\/\/domartstyl.com\/en\/#\/schema\/logo\/image\/\"},\"sameAs\":[\"https:\/\/www.facebook.com\/DomArtStyl\/\",\"https:\/\/x.com\/DomArtStyl_pl\",\"https:\/\/www.instagram.com\/domartstyl\/?hl=en\",\"https:\/\/pl.pinterest.com\/domartstyl01\/\",\"https:\/\/www.youtube.com\/channel\/UCkISSgvMomI6yFFL3JDbLhw\"]}]}<\/script>\n<meta property=\"product:price:amount\" content=\"447.50\" \/>\n<meta property=\"product:price:currency\" content=\"EUR\" \/>\n<meta property=\"og:availability\" content=\"instock\" \/>\n<meta property=\"product:availability\" content=\"instock\" \/>\n<meta property=\"product:condition\" content=\"new\" \/>\n<!-- \/ Yoast SEO Premium plugin. -->","yoast_head_json":{"title":"Small Unfolding Double Sofa Boucle Nico - DomArtStyl","description":"Stylish small two-seater sofa Nico II is the perfect choice for elegant glamour or modern interiors such as a living room or waiting room.","robots":{"index":"index","follow":"follow","max-snippet":"max-snippet:-1","max-image-preview":"max-image-preview:large","max-video-preview":"max-video-preview:-1"},"canonical":"https:\/\/domartstyl.com\/en\/nico-ii-sofa\/","og_locale":"en_US","og_type":"article","og_title":"Nico II Sofa - DomArtStyl","og_description":"Stylish small two-seater sofa Nico II is the perfect choice for elegant glamour or modern interiors such as a living room or waiting room.","og_url":"https:\/\/domartstyl.com\/en\/nico-ii-sofa\/","og_site_name":"DomArtStyl","article_publisher":"https:\/\/www.facebook.com\/DomArtStyl\/","article_modified_time":"2025-05-15T09:57:11+00:00","og_image":[{"width":1200,"height":1200,"url":"https:\/\/domartstyl.com\/wp-content\/uploads\/2021\/10\/1-biala-sofa-dwuosobowa-nierozkladana-nico-ii.jpg","type":"image\/jpeg"}],"twitter_card":"summary_large_image","twitter_site":"@DomArtStyl_pl","twitter_misc":{"Price":"&euro;447,50","Availability":"In stock"},"schema":{"@context":"https:\/\/schema.org","@graph":[{"@type":"WebPage","@id":"https:\/\/domartstyl.com\/en\/nico-ii-sofa\/","url":"https:\/\/domartstyl.com\/en\/nico-ii-sofa\/","name":"Small Unfolding Double Sofa Boucle Nico - DomArtStyl","isPartOf":{"@id":"https:\/\/domartstyl.com\/en\/#website"},"primaryImageOfPage":{"@id":"https:\/\/domartstyl.com\/en\/nico-ii-sofa\/#primaryimage"},"image":{"@id":"https:\/\/domartstyl.com\/en\/nico-ii-sofa\/#primaryimage"},"thumbnailUrl":"https:\/\/domartstyl.com\/wp-content\/uploads\/2021\/10\/1-biala-sofa-dwuosobowa-nierozkladana-nico-ii.jpg","datePublished":"2021-10-19T12:58:23+00:00","dateModified":"2025-05-15T09:57:11+00:00","description":"Stylish small two-seater sofa Nico II is the perfect choice for elegant glamour or modern interiors such as a living room or waiting room.","breadcrumb":{"@id":"https:\/\/domartstyl.com\/en\/nico-ii-sofa\/#breadcrumb"},"inLanguage":"en-US","potentialAction":[{"@type":"ReadAction","target":["https:\/\/domartstyl.com\/en\/nico-ii-sofa\/"]}]},{"@type":"ImageObject","inLanguage":"en-US","@id":"https:\/\/domartstyl.com\/en\/nico-ii-sofa\/#primaryimage","url":"https:\/\/domartstyl.com\/wp-content\/uploads\/2021\/10\/1-biala-sofa-dwuosobowa-nierozkladana-nico-ii.jpg","contentUrl":"https:\/\/domartstyl.com\/wp-content\/uploads\/2021\/10\/1-biala-sofa-dwuosobowa-nierozkladana-nico-ii.jpg","width":1200,"height":1200,"caption":"White unfolded two-seater sofa Nico II"},{"@type":"BreadcrumbList","@id":"https:\/\/domartstyl.com\/en\/nico-ii-sofa\/#breadcrumb","itemListElement":[{"@type":"ListItem","position":1,"name":"Strona g\u0142\u00f3wna","item":"https:\/\/domartstyl.com\/en\/"},{"@type":"ListItem","position":2,"name":"Modern Upholstered Furniture","item":"https:\/\/domartstyl.com\/en\/furniture\/"},{"@type":"ListItem","position":3,"name":"Nico II Sofa"}]},{"@type":"WebSite","@id":"https:\/\/domartstyl.com\/en\/#website","url":"https:\/\/domartstyl.com\/en\/","name":"DomArtStyl","description":"Tworzymy meble najwy\u017cszej jako\u015bci. Sprzeda\u017c detaliczna \u00b7 Sprzeda\u017c hurtowa","publisher":{"@id":"https:\/\/domartstyl.com\/en\/#organization"},"potentialAction":[{"@type":"SearchAction","target":{"@type":"EntryPoint","urlTemplate":"https:\/\/domartstyl.com\/en\/?s={search_term_string}"},"query-input":{"@type":"PropertyValueSpecification","valueRequired":true,"valueName":"search_term_string"}}],"inLanguage":"en-US"},{"@type":"Organization","@id":"https:\/\/domartstyl.com\/en\/#organization","name":"DomArtStyl","url":"https:\/\/domartstyl.com\/en\/","logo":{"@type":"ImageObject","inLanguage":"en-US","@id":"https:\/\/domartstyl.com\/en\/#\/schema\/logo\/image\/","url":"https:\/\/domartstyl.com\/wp-content\/uploads\/2018\/04\/Logo_300_width.png","contentUrl":"https:\/\/domartstyl.com\/wp-content\/uploads\/2018\/04\/Logo_300_width.png","width":300,"height":140,"caption":"DomArtStyl"},"image":{"@id":"https:\/\/domartstyl.com\/en\/#\/schema\/logo\/image\/"},"sameAs":["https:\/\/www.facebook.com\/DomArtStyl\/","https:\/\/x.com\/DomArtStyl_pl","https:\/\/www.instagram.com\/domartstyl\/?hl=en","https:\/\/pl.pinterest.com\/domartstyl01\/","https:\/\/www.youtube.com\/channel\/UCkISSgvMomI6yFFL3JDbLhw"]}]},"product_price_amount":"447.50","product_price_currency":"EUR","og_availability":"instock","product_availability":"instock","product_condition":"new"},"_links":{"self":[{"href":"https:\/\/domartstyl.com\/en\/wp-json\/wp\/v2\/product\/72797","targetHints":{"allow":["GET"]}}],"collection":[{"href":"https:\/\/domartstyl.com\/en\/wp-json\/wp\/v2\/product"}],"about":[{"href":"https:\/\/domartstyl.com\/en\/wp-json\/wp\/v2\/types\/product"}],"replies":[{"embeddable":true,"href":"https:\/\/domartstyl.com\/en\/wp-json\/wp\/v2\/comments?post=72797"}],"wp:featuredmedia":[{"embeddable":true,"href":"https:\/\/domartstyl.com\/en\/wp-json\/wp\/v2\/media\/83682"}],"wp:attachment":[{"href":"https:\/\/domartstyl.com\/en\/wp-json\/wp\/v2\/media?parent=72797"}],"wp:term":[{"taxonomy":"product_brand","embeddable":true,"href":"https:\/\/domartstyl.com\/en\/wp-json\/wp\/v2\/product_brand?post=72797"},{"taxonomy":"product_cat","embeddable":true,"href":"https:\/\/domartstyl.com\/en\/wp-json\/wp\/v2\/product_cat?post=72797"},{"taxonomy":"product_tag","embeddable":true,"href":"https:\/\/domartstyl.com\/en\/wp-json\/wp\/v2\/product_tag?post=72797"}],"curies":[{"name":"wp","href":"https:\/\/api.w.org\/{rel}","templated":true}]}}