{"id":72750,"date":"2021-10-25T13:13:21","date_gmt":"2021-10-25T12:13:22","guid":{"rendered":"https:\/\/domartstyl.com\/?post_type=product&#038;p=72750"},"modified":"2025-05-15T10:57:10","modified_gmt":"2025-05-15T09:57:10","slug":"livia-ideal-gold-armchair-boucle","status":"publish","type":"product","link":"https:\/\/domartstyl.com\/en\/livia-ideal-gold-armchair-boucle\/","title":{"rendered":"Livia ideal gold Armchair boucl\u00e9"},"content":{"rendered":"","protected":false},"excerpt":{"rendered":"<p><strong>Livia armchairs &#8211; individualism at its best.<\/strong><\/p>\n<p>Due to the &#8220;lightness&#8221; of the shape and modern design, it is a piece of furniture that will add splendor to any interior with its stylish appearance. The characteristic elements of this armchair are high legs in the scandi style and one of the many advantages is the backrest that perfectly fits the back. The choice of different versions of the leg shapes, the blaze of colors of available fabrics (including the fashionable boucl\u00e9 fabric presented here) and wood colors will make the Livia armchair personalized and unique &#8230; just like you.<\/p>\n<p>The standard version of the armchair has turned legs in the Scandinavian style.<\/p>\n<p>The standard version of the armchair has golden metal legs.<\/p>\n","protected":false},"featured_media":72752,"comment_status":"closed","ping_status":"closed","template":"","meta":[],"product_brand":[],"product_cat":[8249],"product_tag":[],"class_list":{"0":"post-72750","1":"product","2":"type-product","3":"status-publish","4":"has-post-thumbnail","6":"product_cat-wholesale-furniture","7":"product_shipping_class-pakowane-podwojnie-30-40-en","9":"first","10":"onbackorder","11":"taxable","12":"shipping-taxable","13":"product-type-soldout"},"yoast_head":"<!-- This site is optimized with the Yoast SEO Premium plugin v25.0 (Yoast SEO v25.0) - https:\/\/yoast.com\/wordpress\/plugins\/seo\/ -->\n<title>Livia ideal gold Armchair boucl\u00e9 , Manufacturer of Upholstered Furniture - DomArtStyl<\/title>\n<meta name=\"robots\" content=\"index, follow, max-snippet:-1, max-image-preview:large, max-video-preview:-1\" \/>\n<link rel=\"canonical\" href=\"https:\/\/domartstyl.com\/en\/livia-ideal-gold-armchair-boucle\/\" \/>\n<meta property=\"og:locale\" content=\"en_US\" \/>\n<meta property=\"og:type\" content=\"article\" \/>\n<meta property=\"og:title\" content=\"Livia ideal gold Armchair boucl\u00e9 - DomArtStyl\" \/>\n<meta property=\"og:description\" content=\"Livia armchairs - individualism at its best.  Due to the &quot;lightness&quot; of the shape and modern design, it is a piece of furniture that will add splendor to any interior with its stylish appearance. The characteristic elements of this armchair are high legs in the scandi style and one of the many advantages is the backrest that perfectly fits the back. The choice of different versions of the leg shapes, the blaze of colors of available fabrics (including the fashionable boucl\u00e9 fabric presented here) and wood colors will make the Livia armchair personalized and unique ... just like you.  The standard version of the armchair has turned legs in the Scandinavian style.  The standard version of the armchair has golden metal legs.\" \/>\n<meta property=\"og:url\" content=\"https:\/\/domartstyl.com\/en\/livia-ideal-gold-armchair-boucle\/\" \/>\n<meta property=\"og:site_name\" content=\"DomArtStyl\" \/>\n<meta property=\"article:publisher\" content=\"https:\/\/www.facebook.com\/DomArtStyl\/\" \/>\n<meta property=\"article:modified_time\" content=\"2025-05-15T09:57:10+00:00\" \/>\n<meta property=\"og:image\" content=\"https:\/\/domartstyl.com\/wp-content\/uploads\/2021\/10\/Fotel-Livia-Baloo-2073-ideal-gold-1000x1000-1.jpg\" \/>\n\t<meta property=\"og:image:width\" content=\"1000\" \/>\n\t<meta property=\"og:image:height\" content=\"1000\" \/>\n\t<meta property=\"og:image:type\" content=\"image\/jpeg\" \/>\n<meta name=\"twitter:card\" content=\"summary_large_image\" \/>\n<meta name=\"twitter:site\" content=\"@DomArtStyl_pl\" \/>\n<meta name=\"twitter:label1\" content=\"Price\" \/>\n\t<meta name=\"twitter:data1\" content=\"\" \/>\n\t<meta name=\"twitter:label2\" content=\"Availability\" \/>\n\t<meta name=\"twitter:data2\" content=\"On backorder\" \/>\n<script type=\"application\/ld+json\" class=\"yoast-schema-graph\">{\"@context\":\"https:\/\/schema.org\",\"@graph\":[{\"@type\":\"WebPage\",\"@id\":\"https:\/\/domartstyl.com\/en\/livia-ideal-gold-armchair-boucle\/\",\"url\":\"https:\/\/domartstyl.com\/en\/livia-ideal-gold-armchair-boucle\/\",\"name\":\"Livia ideal gold Armchair boucl\u00e9 , Manufacturer of Upholstered Furniture - DomArtStyl\",\"isPartOf\":{\"@id\":\"https:\/\/domartstyl.com\/en\/#website\"},\"primaryImageOfPage\":{\"@id\":\"https:\/\/domartstyl.com\/en\/livia-ideal-gold-armchair-boucle\/#primaryimage\"},\"image\":{\"@id\":\"https:\/\/domartstyl.com\/en\/livia-ideal-gold-armchair-boucle\/#primaryimage\"},\"thumbnailUrl\":\"https:\/\/domartstyl.com\/wp-content\/uploads\/2021\/10\/Fotel-Livia-Baloo-2073-ideal-gold-1000x1000-1.jpg\",\"datePublished\":\"2021-10-25T12:13:22+00:00\",\"dateModified\":\"2025-05-15T09:57:10+00:00\",\"breadcrumb\":{\"@id\":\"https:\/\/domartstyl.com\/en\/livia-ideal-gold-armchair-boucle\/#breadcrumb\"},\"inLanguage\":\"en-US\",\"potentialAction\":[{\"@type\":\"ReadAction\",\"target\":[\"https:\/\/domartstyl.com\/en\/livia-ideal-gold-armchair-boucle\/\"]}]},{\"@type\":\"ImageObject\",\"inLanguage\":\"en-US\",\"@id\":\"https:\/\/domartstyl.com\/en\/livia-ideal-gold-armchair-boucle\/#primaryimage\",\"url\":\"https:\/\/domartstyl.com\/wp-content\/uploads\/2021\/10\/Fotel-Livia-Baloo-2073-ideal-gold-1000x1000-1.jpg\",\"contentUrl\":\"https:\/\/domartstyl.com\/wp-content\/uploads\/2021\/10\/Fotel-Livia-Baloo-2073-ideal-gold-1000x1000-1.jpg\",\"width\":1000,\"height\":1000},{\"@type\":\"BreadcrumbList\",\"@id\":\"https:\/\/domartstyl.com\/en\/livia-ideal-gold-armchair-boucle\/#breadcrumb\",\"itemListElement\":[{\"@type\":\"ListItem\",\"position\":1,\"name\":\"Strona g\u0142\u00f3wna\",\"item\":\"https:\/\/domartstyl.com\/en\/\"},{\"@type\":\"ListItem\",\"position\":2,\"name\":\"Modern Upholstered Furniture\",\"item\":\"https:\/\/domartstyl.com\/en\/furniture\/\"},{\"@type\":\"ListItem\",\"position\":3,\"name\":\"Livia ideal gold Armchair boucl\u00e9\"}]},{\"@type\":\"WebSite\",\"@id\":\"https:\/\/domartstyl.com\/en\/#website\",\"url\":\"https:\/\/domartstyl.com\/en\/\",\"name\":\"DomArtStyl\",\"description\":\"Tworzymy meble najwy\u017cszej jako\u015bci. Sprzeda\u017c detaliczna \u00b7 Sprzeda\u017c hurtowa\",\"publisher\":{\"@id\":\"https:\/\/domartstyl.com\/en\/#organization\"},\"potentialAction\":[{\"@type\":\"SearchAction\",\"target\":{\"@type\":\"EntryPoint\",\"urlTemplate\":\"https:\/\/domartstyl.com\/en\/?s={search_term_string}\"},\"query-input\":{\"@type\":\"PropertyValueSpecification\",\"valueRequired\":true,\"valueName\":\"search_term_string\"}}],\"inLanguage\":\"en-US\"},{\"@type\":\"Organization\",\"@id\":\"https:\/\/domartstyl.com\/en\/#organization\",\"name\":\"DomArtStyl\",\"url\":\"https:\/\/domartstyl.com\/en\/\",\"logo\":{\"@type\":\"ImageObject\",\"inLanguage\":\"en-US\",\"@id\":\"https:\/\/domartstyl.com\/en\/#\/schema\/logo\/image\/\",\"url\":\"https:\/\/domartstyl.com\/wp-content\/uploads\/2018\/04\/Logo_300_width.png\",\"contentUrl\":\"https:\/\/domartstyl.com\/wp-content\/uploads\/2018\/04\/Logo_300_width.png\",\"width\":300,\"height\":140,\"caption\":\"DomArtStyl\"},\"image\":{\"@id\":\"https:\/\/domartstyl.com\/en\/#\/schema\/logo\/image\/\"},\"sameAs\":[\"https:\/\/www.facebook.com\/DomArtStyl\/\",\"https:\/\/x.com\/DomArtStyl_pl\",\"https:\/\/www.instagram.com\/domartstyl\/?hl=en\",\"https:\/\/pl.pinterest.com\/domartstyl01\/\",\"https:\/\/www.youtube.com\/channel\/UCkISSgvMomI6yFFL3JDbLhw\"]}]}<\/script>\n<meta property=\"product:price:amount\" content=\"0.00\" \/>\n<meta property=\"product:price:currency\" content=\"EUR\" \/>\n<meta property=\"og:availability\" content=\"backorder\" \/>\n<meta property=\"product:availability\" content=\"available for order\" \/>\n<meta property=\"product:condition\" content=\"new\" \/>\n<!-- \/ Yoast SEO Premium plugin. -->","yoast_head_json":{"title":"Livia ideal gold Armchair boucl\u00e9 , Manufacturer of Upholstered Furniture - DomArtStyl","robots":{"index":"index","follow":"follow","max-snippet":"max-snippet:-1","max-image-preview":"max-image-preview:large","max-video-preview":"max-video-preview:-1"},"canonical":"https:\/\/domartstyl.com\/en\/livia-ideal-gold-armchair-boucle\/","og_locale":"en_US","og_type":"article","og_title":"Livia ideal gold Armchair boucl\u00e9 - DomArtStyl","og_description":"Livia armchairs - individualism at its best.  Due to the \"lightness\" of the shape and modern design, it is a piece of furniture that will add splendor to any interior with its stylish appearance. The characteristic elements of this armchair are high legs in the scandi style and one of the many advantages is the backrest that perfectly fits the back. The choice of different versions of the leg shapes, the blaze of colors of available fabrics (including the fashionable boucl\u00e9 fabric presented here) and wood colors will make the Livia armchair personalized and unique ... just like you.  The standard version of the armchair has turned legs in the Scandinavian style.  The standard version of the armchair has golden metal legs.","og_url":"https:\/\/domartstyl.com\/en\/livia-ideal-gold-armchair-boucle\/","og_site_name":"DomArtStyl","article_publisher":"https:\/\/www.facebook.com\/DomArtStyl\/","article_modified_time":"2025-05-15T09:57:10+00:00","og_image":[{"width":1000,"height":1000,"url":"https:\/\/domartstyl.com\/wp-content\/uploads\/2021\/10\/Fotel-Livia-Baloo-2073-ideal-gold-1000x1000-1.jpg","type":"image\/jpeg"}],"twitter_card":"summary_large_image","twitter_site":"@DomArtStyl_pl","twitter_misc":{"Price":"","Availability":"On backorder"},"schema":{"@context":"https:\/\/schema.org","@graph":[{"@type":"WebPage","@id":"https:\/\/domartstyl.com\/en\/livia-ideal-gold-armchair-boucle\/","url":"https:\/\/domartstyl.com\/en\/livia-ideal-gold-armchair-boucle\/","name":"Livia ideal gold Armchair boucl\u00e9 , Manufacturer of Upholstered Furniture - DomArtStyl","isPartOf":{"@id":"https:\/\/domartstyl.com\/en\/#website"},"primaryImageOfPage":{"@id":"https:\/\/domartstyl.com\/en\/livia-ideal-gold-armchair-boucle\/#primaryimage"},"image":{"@id":"https:\/\/domartstyl.com\/en\/livia-ideal-gold-armchair-boucle\/#primaryimage"},"thumbnailUrl":"https:\/\/domartstyl.com\/wp-content\/uploads\/2021\/10\/Fotel-Livia-Baloo-2073-ideal-gold-1000x1000-1.jpg","datePublished":"2021-10-25T12:13:22+00:00","dateModified":"2025-05-15T09:57:10+00:00","breadcrumb":{"@id":"https:\/\/domartstyl.com\/en\/livia-ideal-gold-armchair-boucle\/#breadcrumb"},"inLanguage":"en-US","potentialAction":[{"@type":"ReadAction","target":["https:\/\/domartstyl.com\/en\/livia-ideal-gold-armchair-boucle\/"]}]},{"@type":"ImageObject","inLanguage":"en-US","@id":"https:\/\/domartstyl.com\/en\/livia-ideal-gold-armchair-boucle\/#primaryimage","url":"https:\/\/domartstyl.com\/wp-content\/uploads\/2021\/10\/Fotel-Livia-Baloo-2073-ideal-gold-1000x1000-1.jpg","contentUrl":"https:\/\/domartstyl.com\/wp-content\/uploads\/2021\/10\/Fotel-Livia-Baloo-2073-ideal-gold-1000x1000-1.jpg","width":1000,"height":1000},{"@type":"BreadcrumbList","@id":"https:\/\/domartstyl.com\/en\/livia-ideal-gold-armchair-boucle\/#breadcrumb","itemListElement":[{"@type":"ListItem","position":1,"name":"Strona g\u0142\u00f3wna","item":"https:\/\/domartstyl.com\/en\/"},{"@type":"ListItem","position":2,"name":"Modern Upholstered Furniture","item":"https:\/\/domartstyl.com\/en\/furniture\/"},{"@type":"ListItem","position":3,"name":"Livia ideal gold Armchair boucl\u00e9"}]},{"@type":"WebSite","@id":"https:\/\/domartstyl.com\/en\/#website","url":"https:\/\/domartstyl.com\/en\/","name":"DomArtStyl","description":"Tworzymy meble najwy\u017cszej jako\u015bci. Sprzeda\u017c detaliczna \u00b7 Sprzeda\u017c hurtowa","publisher":{"@id":"https:\/\/domartstyl.com\/en\/#organization"},"potentialAction":[{"@type":"SearchAction","target":{"@type":"EntryPoint","urlTemplate":"https:\/\/domartstyl.com\/en\/?s={search_term_string}"},"query-input":{"@type":"PropertyValueSpecification","valueRequired":true,"valueName":"search_term_string"}}],"inLanguage":"en-US"},{"@type":"Organization","@id":"https:\/\/domartstyl.com\/en\/#organization","name":"DomArtStyl","url":"https:\/\/domartstyl.com\/en\/","logo":{"@type":"ImageObject","inLanguage":"en-US","@id":"https:\/\/domartstyl.com\/en\/#\/schema\/logo\/image\/","url":"https:\/\/domartstyl.com\/wp-content\/uploads\/2018\/04\/Logo_300_width.png","contentUrl":"https:\/\/domartstyl.com\/wp-content\/uploads\/2018\/04\/Logo_300_width.png","width":300,"height":140,"caption":"DomArtStyl"},"image":{"@id":"https:\/\/domartstyl.com\/en\/#\/schema\/logo\/image\/"},"sameAs":["https:\/\/www.facebook.com\/DomArtStyl\/","https:\/\/x.com\/DomArtStyl_pl","https:\/\/www.instagram.com\/domartstyl\/?hl=en","https:\/\/pl.pinterest.com\/domartstyl01\/","https:\/\/www.youtube.com\/channel\/UCkISSgvMomI6yFFL3JDbLhw"]}]},"product_price_amount":"0.00","product_price_currency":"EUR","og_availability":"backorder","product_availability":"available for order","product_condition":"new"},"_links":{"self":[{"href":"https:\/\/domartstyl.com\/en\/wp-json\/wp\/v2\/product\/72750","targetHints":{"allow":["GET"]}}],"collection":[{"href":"https:\/\/domartstyl.com\/en\/wp-json\/wp\/v2\/product"}],"about":[{"href":"https:\/\/domartstyl.com\/en\/wp-json\/wp\/v2\/types\/product"}],"replies":[{"embeddable":true,"href":"https:\/\/domartstyl.com\/en\/wp-json\/wp\/v2\/comments?post=72750"}],"wp:featuredmedia":[{"embeddable":true,"href":"https:\/\/domartstyl.com\/en\/wp-json\/wp\/v2\/media\/72752"}],"wp:attachment":[{"href":"https:\/\/domartstyl.com\/en\/wp-json\/wp\/v2\/media?parent=72750"}],"wp:term":[{"taxonomy":"product_brand","embeddable":true,"href":"https:\/\/domartstyl.com\/en\/wp-json\/wp\/v2\/product_brand?post=72750"},{"taxonomy":"product_cat","embeddable":true,"href":"https:\/\/domartstyl.com\/en\/wp-json\/wp\/v2\/product_cat?post=72750"},{"taxonomy":"product_tag","embeddable":true,"href":"https:\/\/domartstyl.com\/en\/wp-json\/wp\/v2\/product_tag?post=72750"}],"curies":[{"name":"wp","href":"https:\/\/api.w.org\/{rel}","templated":true}]}}