{"id":72735,"date":"2021-10-25T10:52:45","date_gmt":"2021-10-25T09:52:46","guid":{"rendered":"https:\/\/domartstyl.com\/?post_type=product&#038;p=72735"},"modified":"2025-05-15T10:57:10","modified_gmt":"2025-05-15T09:57:10","slug":"caprice-ideal-gold-armchair-boucle","status":"publish","type":"product","link":"https:\/\/domartstyl.com\/en\/caprice-ideal-gold-armchair-boucle\/","title":{"rendered":"Caprice ideal gold Armchair boucl\u00e9"},"content":{"rendered":"","protected":false},"excerpt":{"rendered":"<p><strong>The Caprice Ideal Gold Boucle Chair<\/strong><br \/>\nA minimalist and modern piece of furniture characterized by clean lines and a restrained design. Thanks to its narrow and simple base, the chair exudes exceptional lightness, giving it an elegant and delicate appearance. The slightly reclined backrest ensures user comfort, while the ergonomically integrated armrests provide comfortable support during sitting. Filled with high-density foam, the chair remains comfortable and aesthetically pleasing for many years. The use of boucl\u00e9 fabric allows for achieving elegance in an exceptionally light form, imparting a unique charm and sophistication to the furniture. The inclusion of gold legs in the chair is an excellent choice for those who appreciate an elegant and luxurious aesthetic in their dining room or living room.<\/p>\n","protected":false},"featured_media":86576,"comment_status":"closed","ping_status":"closed","template":"","meta":[],"product_brand":[],"product_cat":[8249],"product_tag":[],"class_list":{"0":"post-72735","1":"product","2":"type-product","3":"status-publish","4":"has-post-thumbnail","6":"product_cat-wholesale-furniture","7":"product_shipping_class-pakowane-podwojnie-30-40-en","9":"first","10":"onbackorder","11":"taxable","12":"shipping-taxable","13":"product-type-soldout"},"yoast_head":"<!-- This site is optimized with the Yoast SEO Premium plugin v25.0 (Yoast SEO v25.0) - https:\/\/yoast.com\/wordpress\/plugins\/seo\/ -->\n<title>Caprice ideal gold Armchair boucl\u00e9 , Manufacturer of Upholstered Furniture - DomArtStyl<\/title>\n<meta name=\"robots\" content=\"index, follow, max-snippet:-1, max-image-preview:large, max-video-preview:-1\" \/>\n<link rel=\"canonical\" href=\"https:\/\/domartstyl.com\/en\/caprice-ideal-gold-armchair-boucle\/\" \/>\n<meta property=\"og:locale\" content=\"en_US\" \/>\n<meta property=\"og:type\" content=\"article\" \/>\n<meta property=\"og:title\" content=\"Caprice ideal gold Armchair boucl\u00e9 - DomArtStyl\" \/>\n<meta property=\"og:description\" content=\"The Caprice Ideal Gold Boucle Chair A minimalist and modern piece of furniture characterized by clean lines and a restrained design. Thanks to its narrow and simple base, the chair exudes exceptional lightness, giving it an elegant and delicate appearance. The slightly reclined backrest ensures user comfort, while the ergonomically integrated armrests provide comfortable support during sitting. Filled with high-density foam, the chair remains comfortable and aesthetically pleasing for many years. The use of boucl\u00e9 fabric allows for achieving elegance in an exceptionally light form, imparting a unique charm and sophistication to the furniture. The inclusion of gold legs in the chair is an excellent choice for those who appreciate an elegant and luxurious aesthetic in their dining room or living room.\" \/>\n<meta property=\"og:url\" content=\"https:\/\/domartstyl.com\/en\/caprice-ideal-gold-armchair-boucle\/\" \/>\n<meta property=\"og:site_name\" content=\"DomArtStyl\" \/>\n<meta property=\"article:publisher\" content=\"https:\/\/www.facebook.com\/DomArtStyl\/\" \/>\n<meta property=\"article:modified_time\" content=\"2025-05-15T09:57:10+00:00\" \/>\n<meta property=\"og:image\" content=\"https:\/\/domartstyl.com\/wp-content\/uploads\/2021\/10\/1-bialy-fotel-na-zlotych-nogach-boucle-caprice-ideal-gold.jpg\" \/>\n\t<meta property=\"og:image:width\" content=\"1200\" \/>\n\t<meta property=\"og:image:height\" content=\"1200\" \/>\n\t<meta property=\"og:image:type\" content=\"image\/jpeg\" \/>\n<meta name=\"twitter:card\" content=\"summary_large_image\" \/>\n<meta name=\"twitter:site\" content=\"@DomArtStyl_pl\" \/>\n<meta name=\"twitter:label1\" content=\"Price\" \/>\n\t<meta name=\"twitter:data1\" content=\"\" \/>\n\t<meta name=\"twitter:label2\" content=\"Availability\" \/>\n\t<meta name=\"twitter:data2\" content=\"On backorder\" \/>\n<script type=\"application\/ld+json\" class=\"yoast-schema-graph\">{\"@context\":\"https:\/\/schema.org\",\"@graph\":[{\"@type\":\"WebPage\",\"@id\":\"https:\/\/domartstyl.com\/en\/caprice-ideal-gold-armchair-boucle\/\",\"url\":\"https:\/\/domartstyl.com\/en\/caprice-ideal-gold-armchair-boucle\/\",\"name\":\"Caprice ideal gold Armchair boucl\u00e9 , Manufacturer of Upholstered Furniture - DomArtStyl\",\"isPartOf\":{\"@id\":\"https:\/\/domartstyl.com\/en\/#website\"},\"primaryImageOfPage\":{\"@id\":\"https:\/\/domartstyl.com\/en\/caprice-ideal-gold-armchair-boucle\/#primaryimage\"},\"image\":{\"@id\":\"https:\/\/domartstyl.com\/en\/caprice-ideal-gold-armchair-boucle\/#primaryimage\"},\"thumbnailUrl\":\"https:\/\/domartstyl.com\/wp-content\/uploads\/2021\/10\/1-bialy-fotel-na-zlotych-nogach-boucle-caprice-ideal-gold.jpg\",\"datePublished\":\"2021-10-25T09:52:46+00:00\",\"dateModified\":\"2025-05-15T09:57:10+00:00\",\"breadcrumb\":{\"@id\":\"https:\/\/domartstyl.com\/en\/caprice-ideal-gold-armchair-boucle\/#breadcrumb\"},\"inLanguage\":\"en-US\",\"potentialAction\":[{\"@type\":\"ReadAction\",\"target\":[\"https:\/\/domartstyl.com\/en\/caprice-ideal-gold-armchair-boucle\/\"]}]},{\"@type\":\"ImageObject\",\"inLanguage\":\"en-US\",\"@id\":\"https:\/\/domartstyl.com\/en\/caprice-ideal-gold-armchair-boucle\/#primaryimage\",\"url\":\"https:\/\/domartstyl.com\/wp-content\/uploads\/2021\/10\/1-bialy-fotel-na-zlotych-nogach-boucle-caprice-ideal-gold.jpg\",\"contentUrl\":\"https:\/\/domartstyl.com\/wp-content\/uploads\/2021\/10\/1-bialy-fotel-na-zlotych-nogach-boucle-caprice-ideal-gold.jpg\",\"width\":1200,\"height\":1200,\"caption\":\"Bia\u0142y fotel na z\u0142otych nogach boucle Caprice Ideal Gold\"},{\"@type\":\"BreadcrumbList\",\"@id\":\"https:\/\/domartstyl.com\/en\/caprice-ideal-gold-armchair-boucle\/#breadcrumb\",\"itemListElement\":[{\"@type\":\"ListItem\",\"position\":1,\"name\":\"Strona g\u0142\u00f3wna\",\"item\":\"https:\/\/domartstyl.com\/en\/\"},{\"@type\":\"ListItem\",\"position\":2,\"name\":\"Modern Upholstered Furniture\",\"item\":\"https:\/\/domartstyl.com\/en\/furniture\/\"},{\"@type\":\"ListItem\",\"position\":3,\"name\":\"Caprice ideal gold Armchair boucl\u00e9\"}]},{\"@type\":\"WebSite\",\"@id\":\"https:\/\/domartstyl.com\/en\/#website\",\"url\":\"https:\/\/domartstyl.com\/en\/\",\"name\":\"DomArtStyl\",\"description\":\"Tworzymy meble najwy\u017cszej jako\u015bci. Sprzeda\u017c detaliczna \u00b7 Sprzeda\u017c hurtowa\",\"publisher\":{\"@id\":\"https:\/\/domartstyl.com\/en\/#organization\"},\"potentialAction\":[{\"@type\":\"SearchAction\",\"target\":{\"@type\":\"EntryPoint\",\"urlTemplate\":\"https:\/\/domartstyl.com\/en\/?s={search_term_string}\"},\"query-input\":{\"@type\":\"PropertyValueSpecification\",\"valueRequired\":true,\"valueName\":\"search_term_string\"}}],\"inLanguage\":\"en-US\"},{\"@type\":\"Organization\",\"@id\":\"https:\/\/domartstyl.com\/en\/#organization\",\"name\":\"DomArtStyl\",\"url\":\"https:\/\/domartstyl.com\/en\/\",\"logo\":{\"@type\":\"ImageObject\",\"inLanguage\":\"en-US\",\"@id\":\"https:\/\/domartstyl.com\/en\/#\/schema\/logo\/image\/\",\"url\":\"https:\/\/domartstyl.com\/wp-content\/uploads\/2018\/04\/Logo_300_width.png\",\"contentUrl\":\"https:\/\/domartstyl.com\/wp-content\/uploads\/2018\/04\/Logo_300_width.png\",\"width\":300,\"height\":140,\"caption\":\"DomArtStyl\"},\"image\":{\"@id\":\"https:\/\/domartstyl.com\/en\/#\/schema\/logo\/image\/\"},\"sameAs\":[\"https:\/\/www.facebook.com\/DomArtStyl\/\",\"https:\/\/x.com\/DomArtStyl_pl\",\"https:\/\/www.instagram.com\/domartstyl\/?hl=en\",\"https:\/\/pl.pinterest.com\/domartstyl01\/\",\"https:\/\/www.youtube.com\/channel\/UCkISSgvMomI6yFFL3JDbLhw\"]}]}<\/script>\n<meta property=\"product:price:amount\" content=\"0.00\" \/>\n<meta property=\"product:price:currency\" content=\"EUR\" \/>\n<meta property=\"og:availability\" content=\"backorder\" \/>\n<meta property=\"product:availability\" content=\"available for order\" \/>\n<meta property=\"product:condition\" content=\"new\" \/>\n<!-- \/ Yoast SEO Premium plugin. -->","yoast_head_json":{"title":"Caprice ideal gold Armchair boucl\u00e9 , Manufacturer of Upholstered Furniture - DomArtStyl","robots":{"index":"index","follow":"follow","max-snippet":"max-snippet:-1","max-image-preview":"max-image-preview:large","max-video-preview":"max-video-preview:-1"},"canonical":"https:\/\/domartstyl.com\/en\/caprice-ideal-gold-armchair-boucle\/","og_locale":"en_US","og_type":"article","og_title":"Caprice ideal gold Armchair boucl\u00e9 - DomArtStyl","og_description":"The Caprice Ideal Gold Boucle Chair A minimalist and modern piece of furniture characterized by clean lines and a restrained design. Thanks to its narrow and simple base, the chair exudes exceptional lightness, giving it an elegant and delicate appearance. The slightly reclined backrest ensures user comfort, while the ergonomically integrated armrests provide comfortable support during sitting. Filled with high-density foam, the chair remains comfortable and aesthetically pleasing for many years. The use of boucl\u00e9 fabric allows for achieving elegance in an exceptionally light form, imparting a unique charm and sophistication to the furniture. The inclusion of gold legs in the chair is an excellent choice for those who appreciate an elegant and luxurious aesthetic in their dining room or living room.","og_url":"https:\/\/domartstyl.com\/en\/caprice-ideal-gold-armchair-boucle\/","og_site_name":"DomArtStyl","article_publisher":"https:\/\/www.facebook.com\/DomArtStyl\/","article_modified_time":"2025-05-15T09:57:10+00:00","og_image":[{"width":1200,"height":1200,"url":"https:\/\/domartstyl.com\/wp-content\/uploads\/2021\/10\/1-bialy-fotel-na-zlotych-nogach-boucle-caprice-ideal-gold.jpg","type":"image\/jpeg"}],"twitter_card":"summary_large_image","twitter_site":"@DomArtStyl_pl","twitter_misc":{"Price":"","Availability":"On backorder"},"schema":{"@context":"https:\/\/schema.org","@graph":[{"@type":"WebPage","@id":"https:\/\/domartstyl.com\/en\/caprice-ideal-gold-armchair-boucle\/","url":"https:\/\/domartstyl.com\/en\/caprice-ideal-gold-armchair-boucle\/","name":"Caprice ideal gold Armchair boucl\u00e9 , Manufacturer of Upholstered Furniture - DomArtStyl","isPartOf":{"@id":"https:\/\/domartstyl.com\/en\/#website"},"primaryImageOfPage":{"@id":"https:\/\/domartstyl.com\/en\/caprice-ideal-gold-armchair-boucle\/#primaryimage"},"image":{"@id":"https:\/\/domartstyl.com\/en\/caprice-ideal-gold-armchair-boucle\/#primaryimage"},"thumbnailUrl":"https:\/\/domartstyl.com\/wp-content\/uploads\/2021\/10\/1-bialy-fotel-na-zlotych-nogach-boucle-caprice-ideal-gold.jpg","datePublished":"2021-10-25T09:52:46+00:00","dateModified":"2025-05-15T09:57:10+00:00","breadcrumb":{"@id":"https:\/\/domartstyl.com\/en\/caprice-ideal-gold-armchair-boucle\/#breadcrumb"},"inLanguage":"en-US","potentialAction":[{"@type":"ReadAction","target":["https:\/\/domartstyl.com\/en\/caprice-ideal-gold-armchair-boucle\/"]}]},{"@type":"ImageObject","inLanguage":"en-US","@id":"https:\/\/domartstyl.com\/en\/caprice-ideal-gold-armchair-boucle\/#primaryimage","url":"https:\/\/domartstyl.com\/wp-content\/uploads\/2021\/10\/1-bialy-fotel-na-zlotych-nogach-boucle-caprice-ideal-gold.jpg","contentUrl":"https:\/\/domartstyl.com\/wp-content\/uploads\/2021\/10\/1-bialy-fotel-na-zlotych-nogach-boucle-caprice-ideal-gold.jpg","width":1200,"height":1200,"caption":"Bia\u0142y fotel na z\u0142otych nogach boucle Caprice Ideal Gold"},{"@type":"BreadcrumbList","@id":"https:\/\/domartstyl.com\/en\/caprice-ideal-gold-armchair-boucle\/#breadcrumb","itemListElement":[{"@type":"ListItem","position":1,"name":"Strona g\u0142\u00f3wna","item":"https:\/\/domartstyl.com\/en\/"},{"@type":"ListItem","position":2,"name":"Modern Upholstered Furniture","item":"https:\/\/domartstyl.com\/en\/furniture\/"},{"@type":"ListItem","position":3,"name":"Caprice ideal gold Armchair boucl\u00e9"}]},{"@type":"WebSite","@id":"https:\/\/domartstyl.com\/en\/#website","url":"https:\/\/domartstyl.com\/en\/","name":"DomArtStyl","description":"Tworzymy meble najwy\u017cszej jako\u015bci. Sprzeda\u017c detaliczna \u00b7 Sprzeda\u017c hurtowa","publisher":{"@id":"https:\/\/domartstyl.com\/en\/#organization"},"potentialAction":[{"@type":"SearchAction","target":{"@type":"EntryPoint","urlTemplate":"https:\/\/domartstyl.com\/en\/?s={search_term_string}"},"query-input":{"@type":"PropertyValueSpecification","valueRequired":true,"valueName":"search_term_string"}}],"inLanguage":"en-US"},{"@type":"Organization","@id":"https:\/\/domartstyl.com\/en\/#organization","name":"DomArtStyl","url":"https:\/\/domartstyl.com\/en\/","logo":{"@type":"ImageObject","inLanguage":"en-US","@id":"https:\/\/domartstyl.com\/en\/#\/schema\/logo\/image\/","url":"https:\/\/domartstyl.com\/wp-content\/uploads\/2018\/04\/Logo_300_width.png","contentUrl":"https:\/\/domartstyl.com\/wp-content\/uploads\/2018\/04\/Logo_300_width.png","width":300,"height":140,"caption":"DomArtStyl"},"image":{"@id":"https:\/\/domartstyl.com\/en\/#\/schema\/logo\/image\/"},"sameAs":["https:\/\/www.facebook.com\/DomArtStyl\/","https:\/\/x.com\/DomArtStyl_pl","https:\/\/www.instagram.com\/domartstyl\/?hl=en","https:\/\/pl.pinterest.com\/domartstyl01\/","https:\/\/www.youtube.com\/channel\/UCkISSgvMomI6yFFL3JDbLhw"]}]},"product_price_amount":"0.00","product_price_currency":"EUR","og_availability":"backorder","product_availability":"available for order","product_condition":"new"},"_links":{"self":[{"href":"https:\/\/domartstyl.com\/en\/wp-json\/wp\/v2\/product\/72735","targetHints":{"allow":["GET"]}}],"collection":[{"href":"https:\/\/domartstyl.com\/en\/wp-json\/wp\/v2\/product"}],"about":[{"href":"https:\/\/domartstyl.com\/en\/wp-json\/wp\/v2\/types\/product"}],"replies":[{"embeddable":true,"href":"https:\/\/domartstyl.com\/en\/wp-json\/wp\/v2\/comments?post=72735"}],"wp:featuredmedia":[{"embeddable":true,"href":"https:\/\/domartstyl.com\/en\/wp-json\/wp\/v2\/media\/86576"}],"wp:attachment":[{"href":"https:\/\/domartstyl.com\/en\/wp-json\/wp\/v2\/media?parent=72735"}],"wp:term":[{"taxonomy":"product_brand","embeddable":true,"href":"https:\/\/domartstyl.com\/en\/wp-json\/wp\/v2\/product_brand?post=72735"},{"taxonomy":"product_cat","embeddable":true,"href":"https:\/\/domartstyl.com\/en\/wp-json\/wp\/v2\/product_cat?post=72735"},{"taxonomy":"product_tag","embeddable":true,"href":"https:\/\/domartstyl.com\/en\/wp-json\/wp\/v2\/product_tag?post=72735"}],"curies":[{"name":"wp","href":"https:\/\/api.w.org\/{rel}","templated":true}]}}