{"id":72716,"date":"2021-10-22T13:59:11","date_gmt":"2021-10-22T12:59:11","guid":{"rendered":"https:\/\/domartstyl.com\/?post_type=product&#038;p=72716"},"modified":"2022-03-31T12:48:46","modified_gmt":"2022-03-31T11:48:46","slug":"andy-ideal-gold-chair-boucle","status":"publish","type":"product","link":"https:\/\/domartstyl.com\/en\/andy-ideal-gold-chair-boucle\/","title":{"rendered":"Andy ideal gold Chair boucl\u00e9"},"content":{"rendered":"","protected":false},"excerpt":{"rendered":"<p>Our wide offer is enriched with a chair that impresses with both its unique glamor-style shapes and extraordinary utility values. They are distinguished by delicate but very practical armrests protruding from the sides of the perfectly profiled backrest. The original look fits perfectly with the boucl\u00e9 fabric presented here. The comfortable seat rests on metal legs, made at your discretion in several versions to meet the most original requirements of any customers. Only the highest quality materials are used in the production of the Andy chair.<\/p>\n<p>\u2013 Krzes\u0142o w wersji standardowej posiada z\u0142ote metalowe nogi.<\/p>\n<p><strong>Other versions of this model:<br \/>\n<\/strong><a href=\"https:\/\/domartstyl.com\/en\/andy-cross-chair\/\">https:\/\/domartstyl.com\/en\/andy-cross-chair\/<\/a><br \/>\n<a href=\"https:\/\/domartstyl.com\/en\/andy-cross-chair\/\">https:\/\/domartstyl.com\/en\/andy-cross-chair\/<\/a><br \/>\n<a href=\"https:\/\/domartstyl.com\/en\/andy-spider-chair\/\">https:\/\/domartstyl.com\/en\/andy-spider-chair\/<\/a><br \/>\n<a href=\"https:\/\/domartstyl.com\/en\/andy-chair\/\">https:\/\/domartstyl.com\/en\/andy-chair\/<\/a><\/p>\n","protected":false},"featured_media":72722,"comment_status":"closed","ping_status":"closed","template":"","meta":[],"product_brand":[],"product_cat":[8249],"product_tag":[],"class_list":{"0":"post-72716","1":"product","2":"type-product","3":"status-publish","4":"has-post-thumbnail","6":"product_cat-wholesale-furniture","7":"product_shipping_class-pakowane-pojedynczo-30-40-en","9":"first","10":"onbackorder","11":"taxable","12":"shipping-taxable","13":"product-type-soldout"},"yoast_head":"<!-- This site is optimized with the Yoast SEO Premium plugin v25.0 (Yoast SEO v25.0) - https:\/\/yoast.com\/wordpress\/plugins\/seo\/ -->\n<title>Andy ideal gold Chair boucl\u00e9 , Manufacturer of Upholstered Furniture - DomArtStyl<\/title>\n<meta name=\"robots\" content=\"index, follow, max-snippet:-1, max-image-preview:large, max-video-preview:-1\" \/>\n<link rel=\"canonical\" href=\"https:\/\/domartstyl.com\/en\/andy-ideal-gold-chair-boucle\/\" \/>\n<meta property=\"og:locale\" content=\"en_US\" \/>\n<meta property=\"og:type\" content=\"article\" \/>\n<meta property=\"og:title\" content=\"Andy ideal gold Chair boucl\u00e9 - DomArtStyl\" \/>\n<meta property=\"og:description\" content=\"Our wide offer is enriched with a chair that impresses with both its unique glamor-style shapes and extraordinary utility values. They are distinguished by delicate but very practical armrests protruding from the sides of the perfectly profiled backrest. The original look fits perfectly with the boucl\u00e9 fabric presented here. The comfortable seat rests on metal legs, made at your discretion in several versions to meet the most original requirements of any customers. Only the highest quality materials are used in the production of the Andy chair.  \u2013 Krzes\u0142o w wersji standardowej posiada z\u0142ote metalowe nogi.  Other versions of this model: https:\/\/domartstyl.com\/en\/andy-cross-chair\/ https:\/\/domartstyl.com\/en\/andy-cross-chair\/ https:\/\/domartstyl.com\/en\/andy-spider-chair\/ https:\/\/domartstyl.com\/en\/andy-chair\/\" \/>\n<meta property=\"og:url\" content=\"https:\/\/domartstyl.com\/en\/andy-ideal-gold-chair-boucle\/\" \/>\n<meta property=\"og:site_name\" content=\"DomArtStyl\" \/>\n<meta property=\"article:publisher\" content=\"https:\/\/www.facebook.com\/DomArtStyl\/\" \/>\n<meta property=\"article:modified_time\" content=\"2022-03-31T11:48:46+00:00\" \/>\n<meta property=\"og:image\" content=\"https:\/\/domartstyl.com\/wp-content\/uploads\/2021\/10\/Krzeslo-Andy-baloo-2073-ideal-gold-1000x1000-2-scaled.jpg\" \/>\n\t<meta property=\"og:image:width\" content=\"2560\" \/>\n\t<meta property=\"og:image:height\" content=\"2560\" \/>\n\t<meta property=\"og:image:type\" content=\"image\/jpeg\" \/>\n<meta name=\"twitter:card\" content=\"summary_large_image\" \/>\n<meta name=\"twitter:site\" content=\"@DomArtStyl_pl\" \/>\n<meta name=\"twitter:label1\" content=\"Price\" \/>\n\t<meta name=\"twitter:data1\" content=\"\" \/>\n\t<meta name=\"twitter:label2\" content=\"Availability\" \/>\n\t<meta name=\"twitter:data2\" content=\"On backorder\" \/>\n<script type=\"application\/ld+json\" class=\"yoast-schema-graph\">{\"@context\":\"https:\/\/schema.org\",\"@graph\":[{\"@type\":\"WebPage\",\"@id\":\"https:\/\/domartstyl.com\/en\/andy-ideal-gold-chair-boucle\/\",\"url\":\"https:\/\/domartstyl.com\/en\/andy-ideal-gold-chair-boucle\/\",\"name\":\"Andy ideal gold Chair boucl\u00e9 , Manufacturer of Upholstered Furniture - DomArtStyl\",\"isPartOf\":{\"@id\":\"https:\/\/domartstyl.com\/en\/#website\"},\"primaryImageOfPage\":{\"@id\":\"https:\/\/domartstyl.com\/en\/andy-ideal-gold-chair-boucle\/#primaryimage\"},\"image\":{\"@id\":\"https:\/\/domartstyl.com\/en\/andy-ideal-gold-chair-boucle\/#primaryimage\"},\"thumbnailUrl\":\"https:\/\/domartstyl.com\/wp-content\/uploads\/2021\/10\/Krzeslo-Andy-baloo-2073-ideal-gold-1000x1000-2-scaled.jpg\",\"datePublished\":\"2021-10-22T12:59:11+00:00\",\"dateModified\":\"2022-03-31T11:48:46+00:00\",\"breadcrumb\":{\"@id\":\"https:\/\/domartstyl.com\/en\/andy-ideal-gold-chair-boucle\/#breadcrumb\"},\"inLanguage\":\"en-US\",\"potentialAction\":[{\"@type\":\"ReadAction\",\"target\":[\"https:\/\/domartstyl.com\/en\/andy-ideal-gold-chair-boucle\/\"]}]},{\"@type\":\"ImageObject\",\"inLanguage\":\"en-US\",\"@id\":\"https:\/\/domartstyl.com\/en\/andy-ideal-gold-chair-boucle\/#primaryimage\",\"url\":\"https:\/\/domartstyl.com\/wp-content\/uploads\/2021\/10\/Krzeslo-Andy-baloo-2073-ideal-gold-1000x1000-2-scaled.jpg\",\"contentUrl\":\"https:\/\/domartstyl.com\/wp-content\/uploads\/2021\/10\/Krzeslo-Andy-baloo-2073-ideal-gold-1000x1000-2-scaled.jpg\",\"width\":2560,\"height\":2560},{\"@type\":\"BreadcrumbList\",\"@id\":\"https:\/\/domartstyl.com\/en\/andy-ideal-gold-chair-boucle\/#breadcrumb\",\"itemListElement\":[{\"@type\":\"ListItem\",\"position\":1,\"name\":\"Strona g\u0142\u00f3wna\",\"item\":\"https:\/\/domartstyl.com\/en\/\"},{\"@type\":\"ListItem\",\"position\":2,\"name\":\"Modern Upholstered Furniture\",\"item\":\"https:\/\/domartstyl.com\/en\/furniture\/\"},{\"@type\":\"ListItem\",\"position\":3,\"name\":\"Andy ideal gold Chair boucl\u00e9\"}]},{\"@type\":\"WebSite\",\"@id\":\"https:\/\/domartstyl.com\/en\/#website\",\"url\":\"https:\/\/domartstyl.com\/en\/\",\"name\":\"DomArtStyl\",\"description\":\"Tworzymy meble najwy\u017cszej jako\u015bci. Sprzeda\u017c detaliczna \u00b7 Sprzeda\u017c hurtowa\",\"publisher\":{\"@id\":\"https:\/\/domartstyl.com\/en\/#organization\"},\"potentialAction\":[{\"@type\":\"SearchAction\",\"target\":{\"@type\":\"EntryPoint\",\"urlTemplate\":\"https:\/\/domartstyl.com\/en\/?s={search_term_string}\"},\"query-input\":{\"@type\":\"PropertyValueSpecification\",\"valueRequired\":true,\"valueName\":\"search_term_string\"}}],\"inLanguage\":\"en-US\"},{\"@type\":\"Organization\",\"@id\":\"https:\/\/domartstyl.com\/en\/#organization\",\"name\":\"DomArtStyl\",\"url\":\"https:\/\/domartstyl.com\/en\/\",\"logo\":{\"@type\":\"ImageObject\",\"inLanguage\":\"en-US\",\"@id\":\"https:\/\/domartstyl.com\/en\/#\/schema\/logo\/image\/\",\"url\":\"https:\/\/domartstyl.com\/wp-content\/uploads\/2018\/04\/Logo_300_width.png\",\"contentUrl\":\"https:\/\/domartstyl.com\/wp-content\/uploads\/2018\/04\/Logo_300_width.png\",\"width\":300,\"height\":140,\"caption\":\"DomArtStyl\"},\"image\":{\"@id\":\"https:\/\/domartstyl.com\/en\/#\/schema\/logo\/image\/\"},\"sameAs\":[\"https:\/\/www.facebook.com\/DomArtStyl\/\",\"https:\/\/x.com\/DomArtStyl_pl\",\"https:\/\/www.instagram.com\/domartstyl\/?hl=en\",\"https:\/\/pl.pinterest.com\/domartstyl01\/\",\"https:\/\/www.youtube.com\/channel\/UCkISSgvMomI6yFFL3JDbLhw\"]}]}<\/script>\n<meta property=\"product:price:amount\" content=\"0.00\" \/>\n<meta property=\"product:price:currency\" content=\"EUR\" \/>\n<meta property=\"og:availability\" content=\"backorder\" \/>\n<meta property=\"product:availability\" content=\"available for order\" \/>\n<meta property=\"product:condition\" content=\"new\" \/>\n<!-- \/ Yoast SEO Premium plugin. -->","yoast_head_json":{"title":"Andy ideal gold Chair boucl\u00e9 , Manufacturer of Upholstered Furniture - DomArtStyl","robots":{"index":"index","follow":"follow","max-snippet":"max-snippet:-1","max-image-preview":"max-image-preview:large","max-video-preview":"max-video-preview:-1"},"canonical":"https:\/\/domartstyl.com\/en\/andy-ideal-gold-chair-boucle\/","og_locale":"en_US","og_type":"article","og_title":"Andy ideal gold Chair boucl\u00e9 - DomArtStyl","og_description":"Our wide offer is enriched with a chair that impresses with both its unique glamor-style shapes and extraordinary utility values. They are distinguished by delicate but very practical armrests protruding from the sides of the perfectly profiled backrest. The original look fits perfectly with the boucl\u00e9 fabric presented here. The comfortable seat rests on metal legs, made at your discretion in several versions to meet the most original requirements of any customers. Only the highest quality materials are used in the production of the Andy chair.  \u2013 Krzes\u0142o w wersji standardowej posiada z\u0142ote metalowe nogi.  Other versions of this model: https:\/\/domartstyl.com\/en\/andy-cross-chair\/ https:\/\/domartstyl.com\/en\/andy-cross-chair\/ https:\/\/domartstyl.com\/en\/andy-spider-chair\/ https:\/\/domartstyl.com\/en\/andy-chair\/","og_url":"https:\/\/domartstyl.com\/en\/andy-ideal-gold-chair-boucle\/","og_site_name":"DomArtStyl","article_publisher":"https:\/\/www.facebook.com\/DomArtStyl\/","article_modified_time":"2022-03-31T11:48:46+00:00","og_image":[{"width":2560,"height":2560,"url":"https:\/\/domartstyl.com\/wp-content\/uploads\/2021\/10\/Krzeslo-Andy-baloo-2073-ideal-gold-1000x1000-2-scaled.jpg","type":"image\/jpeg"}],"twitter_card":"summary_large_image","twitter_site":"@DomArtStyl_pl","twitter_misc":{"Price":"","Availability":"On backorder"},"schema":{"@context":"https:\/\/schema.org","@graph":[{"@type":"WebPage","@id":"https:\/\/domartstyl.com\/en\/andy-ideal-gold-chair-boucle\/","url":"https:\/\/domartstyl.com\/en\/andy-ideal-gold-chair-boucle\/","name":"Andy ideal gold Chair boucl\u00e9 , Manufacturer of Upholstered Furniture - DomArtStyl","isPartOf":{"@id":"https:\/\/domartstyl.com\/en\/#website"},"primaryImageOfPage":{"@id":"https:\/\/domartstyl.com\/en\/andy-ideal-gold-chair-boucle\/#primaryimage"},"image":{"@id":"https:\/\/domartstyl.com\/en\/andy-ideal-gold-chair-boucle\/#primaryimage"},"thumbnailUrl":"https:\/\/domartstyl.com\/wp-content\/uploads\/2021\/10\/Krzeslo-Andy-baloo-2073-ideal-gold-1000x1000-2-scaled.jpg","datePublished":"2021-10-22T12:59:11+00:00","dateModified":"2022-03-31T11:48:46+00:00","breadcrumb":{"@id":"https:\/\/domartstyl.com\/en\/andy-ideal-gold-chair-boucle\/#breadcrumb"},"inLanguage":"en-US","potentialAction":[{"@type":"ReadAction","target":["https:\/\/domartstyl.com\/en\/andy-ideal-gold-chair-boucle\/"]}]},{"@type":"ImageObject","inLanguage":"en-US","@id":"https:\/\/domartstyl.com\/en\/andy-ideal-gold-chair-boucle\/#primaryimage","url":"https:\/\/domartstyl.com\/wp-content\/uploads\/2021\/10\/Krzeslo-Andy-baloo-2073-ideal-gold-1000x1000-2-scaled.jpg","contentUrl":"https:\/\/domartstyl.com\/wp-content\/uploads\/2021\/10\/Krzeslo-Andy-baloo-2073-ideal-gold-1000x1000-2-scaled.jpg","width":2560,"height":2560},{"@type":"BreadcrumbList","@id":"https:\/\/domartstyl.com\/en\/andy-ideal-gold-chair-boucle\/#breadcrumb","itemListElement":[{"@type":"ListItem","position":1,"name":"Strona g\u0142\u00f3wna","item":"https:\/\/domartstyl.com\/en\/"},{"@type":"ListItem","position":2,"name":"Modern Upholstered Furniture","item":"https:\/\/domartstyl.com\/en\/furniture\/"},{"@type":"ListItem","position":3,"name":"Andy ideal gold Chair boucl\u00e9"}]},{"@type":"WebSite","@id":"https:\/\/domartstyl.com\/en\/#website","url":"https:\/\/domartstyl.com\/en\/","name":"DomArtStyl","description":"Tworzymy meble najwy\u017cszej jako\u015bci. Sprzeda\u017c detaliczna \u00b7 Sprzeda\u017c hurtowa","publisher":{"@id":"https:\/\/domartstyl.com\/en\/#organization"},"potentialAction":[{"@type":"SearchAction","target":{"@type":"EntryPoint","urlTemplate":"https:\/\/domartstyl.com\/en\/?s={search_term_string}"},"query-input":{"@type":"PropertyValueSpecification","valueRequired":true,"valueName":"search_term_string"}}],"inLanguage":"en-US"},{"@type":"Organization","@id":"https:\/\/domartstyl.com\/en\/#organization","name":"DomArtStyl","url":"https:\/\/domartstyl.com\/en\/","logo":{"@type":"ImageObject","inLanguage":"en-US","@id":"https:\/\/domartstyl.com\/en\/#\/schema\/logo\/image\/","url":"https:\/\/domartstyl.com\/wp-content\/uploads\/2018\/04\/Logo_300_width.png","contentUrl":"https:\/\/domartstyl.com\/wp-content\/uploads\/2018\/04\/Logo_300_width.png","width":300,"height":140,"caption":"DomArtStyl"},"image":{"@id":"https:\/\/domartstyl.com\/en\/#\/schema\/logo\/image\/"},"sameAs":["https:\/\/www.facebook.com\/DomArtStyl\/","https:\/\/x.com\/DomArtStyl_pl","https:\/\/www.instagram.com\/domartstyl\/?hl=en","https:\/\/pl.pinterest.com\/domartstyl01\/","https:\/\/www.youtube.com\/channel\/UCkISSgvMomI6yFFL3JDbLhw"]}]},"product_price_amount":"0.00","product_price_currency":"EUR","og_availability":"backorder","product_availability":"available for order","product_condition":"new"},"_links":{"self":[{"href":"https:\/\/domartstyl.com\/en\/wp-json\/wp\/v2\/product\/72716","targetHints":{"allow":["GET"]}}],"collection":[{"href":"https:\/\/domartstyl.com\/en\/wp-json\/wp\/v2\/product"}],"about":[{"href":"https:\/\/domartstyl.com\/en\/wp-json\/wp\/v2\/types\/product"}],"replies":[{"embeddable":true,"href":"https:\/\/domartstyl.com\/en\/wp-json\/wp\/v2\/comments?post=72716"}],"wp:featuredmedia":[{"embeddable":true,"href":"https:\/\/domartstyl.com\/en\/wp-json\/wp\/v2\/media\/72722"}],"wp:attachment":[{"href":"https:\/\/domartstyl.com\/en\/wp-json\/wp\/v2\/media?parent=72716"}],"wp:term":[{"taxonomy":"product_brand","embeddable":true,"href":"https:\/\/domartstyl.com\/en\/wp-json\/wp\/v2\/product_brand?post=72716"},{"taxonomy":"product_cat","embeddable":true,"href":"https:\/\/domartstyl.com\/en\/wp-json\/wp\/v2\/product_cat?post=72716"},{"taxonomy":"product_tag","embeddable":true,"href":"https:\/\/domartstyl.com\/en\/wp-json\/wp\/v2\/product_tag?post=72716"}],"curies":[{"name":"wp","href":"https:\/\/api.w.org\/{rel}","templated":true}]}}