{"id":72706,"date":"2021-10-22T13:54:05","date_gmt":"2021-10-22T12:54:06","guid":{"rendered":"https:\/\/domartstyl.com\/?post_type=product&#038;p=72706"},"modified":"2025-05-15T10:57:11","modified_gmt":"2025-05-15T09:57:11","slug":"abisso-ideal-gold-chair-boucle","status":"publish","type":"product","link":"https:\/\/domartstyl.com\/en\/abisso-ideal-gold-chair-boucle\/","title":{"rendered":"Abisso ideal gold Chair boucl\u00e9"},"content":{"rendered":"","protected":false},"excerpt":{"rendered":"<p>When arranging the interior in the popular glamor style, it is impossible not to take into account this unique chair. Abisso combines its extraordinary utility values with a designer form, being at the same time a piece of furniture made with the utmost care and the best components. Dining room, kitchen, living room? Abisso will be perfect here. Club, restaurant or hotel interiors? There this chair will equally give a unique charm and style, perfectly matching any other furniture. The offer also includes the attractive boucl\u00e9 fabric presented here. Even the most sophisticated requirements will be met by the range of varieties of this functional and beautiful chair presented in the links below.<\/p>\n<p>&#8211; The standard version of the chair has golden metal legs.<\/p>\n<p><strong>Other versions of this model:<br \/>\n<\/strong><a href=\"https:\/\/domartstyl.com\/en\/abisso-ski-armchair\/\">https:\/\/domartstyl.com\/en\/abisso-ski-armchair\/<\/a><br \/>\n<a href=\"https:\/\/domartstyl.com\/en\/abisso-spider-chair\/\">https:\/\/domartstyl.com\/en\/abisso-spider-chair\/<\/a><br \/>\n<a href=\"https:\/\/domartstyl.com\/en\/abisso-chair\/\">https:\/\/domartstyl.com\/en\/abisso-chair\/<\/a><br \/>\n<a href=\"https:\/\/domartstyl.com\/en\/demi-chair\/\">https:\/\/domartstyl.com\/en\/demi-chair\/<\/a><\/p>\n<p>&nbsp;<\/p>\n<p>*We reserve the possibility of differences in the colors of the locks at different lots of the furniture.<\/p>\n","protected":false},"featured_media":72710,"comment_status":"closed","ping_status":"closed","template":"","meta":[],"product_brand":[],"product_cat":[8249],"product_tag":[],"class_list":{"0":"post-72706","1":"product","2":"type-product","3":"status-publish","4":"has-post-thumbnail","6":"product_cat-wholesale-furniture","7":"product_shipping_class-pakowane-podwojnie-30-40-en","9":"first","10":"onbackorder","11":"taxable","12":"shipping-taxable","13":"product-type-soldout"},"yoast_head":"<!-- This site is optimized with the Yoast SEO Premium plugin v25.0 (Yoast SEO v25.0) - https:\/\/yoast.com\/wordpress\/plugins\/seo\/ -->\n<title>Abisso ideal gold Chair boucl\u00e9 , Manufacturer of Upholstered Furniture - DomArtStyl<\/title>\n<meta name=\"robots\" content=\"index, follow, max-snippet:-1, max-image-preview:large, max-video-preview:-1\" \/>\n<link rel=\"canonical\" href=\"https:\/\/domartstyl.com\/en\/abisso-ideal-gold-chair-boucle\/\" \/>\n<meta property=\"og:locale\" content=\"en_US\" \/>\n<meta property=\"og:type\" content=\"article\" \/>\n<meta property=\"og:title\" content=\"Abisso ideal gold Chair boucl\u00e9 - DomArtStyl\" \/>\n<meta property=\"og:description\" content=\"When arranging the interior in the popular glamor style, it is impossible not to take into account this unique chair. Abisso combines its extraordinary utility values with a designer form, being at the same time a piece of furniture made with the utmost care and the best components. Dining room, kitchen, living room? Abisso will be perfect here. Club, restaurant or hotel interiors? There this chair will equally give a unique charm and style, perfectly matching any other furniture. The offer also includes the attractive boucl\u00e9 fabric presented here. Even the most sophisticated requirements will be met by the range of varieties of this functional and beautiful chair presented in the links below.  - The standard version of the chair has golden metal legs.  Other versions of this model: https:\/\/domartstyl.com\/en\/abisso-ski-armchair\/ https:\/\/domartstyl.com\/en\/abisso-spider-chair\/ https:\/\/domartstyl.com\/en\/abisso-chair\/ https:\/\/domartstyl.com\/en\/demi-chair\/  &nbsp;  *We reserve the possibility of differences in the colors of the locks at different lots of the furniture.\" \/>\n<meta property=\"og:url\" content=\"https:\/\/domartstyl.com\/en\/abisso-ideal-gold-chair-boucle\/\" \/>\n<meta property=\"og:site_name\" content=\"DomArtStyl\" \/>\n<meta property=\"article:publisher\" content=\"https:\/\/www.facebook.com\/DomArtStyl\/\" \/>\n<meta property=\"article:modified_time\" content=\"2025-05-15T09:57:11+00:00\" \/>\n<meta property=\"og:image\" content=\"https:\/\/domartstyl.com\/wp-content\/uploads\/2021\/10\/Krzeslo-Abisso-Baloo-2073-ideal-gold-1000x1000-2.jpg\" \/>\n\t<meta property=\"og:image:width\" content=\"1000\" \/>\n\t<meta property=\"og:image:height\" content=\"1000\" \/>\n\t<meta property=\"og:image:type\" content=\"image\/jpeg\" \/>\n<meta name=\"twitter:card\" content=\"summary_large_image\" \/>\n<meta name=\"twitter:site\" content=\"@DomArtStyl_pl\" \/>\n<meta name=\"twitter:label1\" content=\"Price\" \/>\n\t<meta name=\"twitter:data1\" content=\"\" \/>\n\t<meta name=\"twitter:label2\" content=\"Availability\" \/>\n\t<meta name=\"twitter:data2\" content=\"On backorder\" \/>\n<script type=\"application\/ld+json\" class=\"yoast-schema-graph\">{\"@context\":\"https:\/\/schema.org\",\"@graph\":[{\"@type\":\"WebPage\",\"@id\":\"https:\/\/domartstyl.com\/en\/abisso-ideal-gold-chair-boucle\/\",\"url\":\"https:\/\/domartstyl.com\/en\/abisso-ideal-gold-chair-boucle\/\",\"name\":\"Abisso ideal gold Chair boucl\u00e9 , Manufacturer of Upholstered Furniture - DomArtStyl\",\"isPartOf\":{\"@id\":\"https:\/\/domartstyl.com\/en\/#website\"},\"primaryImageOfPage\":{\"@id\":\"https:\/\/domartstyl.com\/en\/abisso-ideal-gold-chair-boucle\/#primaryimage\"},\"image\":{\"@id\":\"https:\/\/domartstyl.com\/en\/abisso-ideal-gold-chair-boucle\/#primaryimage\"},\"thumbnailUrl\":\"https:\/\/domartstyl.com\/wp-content\/uploads\/2021\/10\/Krzeslo-Abisso-Baloo-2073-ideal-gold-1000x1000-2.jpg\",\"datePublished\":\"2021-10-22T12:54:06+00:00\",\"dateModified\":\"2025-05-15T09:57:11+00:00\",\"breadcrumb\":{\"@id\":\"https:\/\/domartstyl.com\/en\/abisso-ideal-gold-chair-boucle\/#breadcrumb\"},\"inLanguage\":\"en-US\",\"potentialAction\":[{\"@type\":\"ReadAction\",\"target\":[\"https:\/\/domartstyl.com\/en\/abisso-ideal-gold-chair-boucle\/\"]}]},{\"@type\":\"ImageObject\",\"inLanguage\":\"en-US\",\"@id\":\"https:\/\/domartstyl.com\/en\/abisso-ideal-gold-chair-boucle\/#primaryimage\",\"url\":\"https:\/\/domartstyl.com\/wp-content\/uploads\/2021\/10\/Krzeslo-Abisso-Baloo-2073-ideal-gold-1000x1000-2.jpg\",\"contentUrl\":\"https:\/\/domartstyl.com\/wp-content\/uploads\/2021\/10\/Krzeslo-Abisso-Baloo-2073-ideal-gold-1000x1000-2.jpg\",\"width\":1000,\"height\":1000},{\"@type\":\"BreadcrumbList\",\"@id\":\"https:\/\/domartstyl.com\/en\/abisso-ideal-gold-chair-boucle\/#breadcrumb\",\"itemListElement\":[{\"@type\":\"ListItem\",\"position\":1,\"name\":\"Strona g\u0142\u00f3wna\",\"item\":\"https:\/\/domartstyl.com\/en\/\"},{\"@type\":\"ListItem\",\"position\":2,\"name\":\"Modern Upholstered Furniture\",\"item\":\"https:\/\/domartstyl.com\/en\/furniture\/\"},{\"@type\":\"ListItem\",\"position\":3,\"name\":\"Abisso ideal gold Chair boucl\u00e9\"}]},{\"@type\":\"WebSite\",\"@id\":\"https:\/\/domartstyl.com\/en\/#website\",\"url\":\"https:\/\/domartstyl.com\/en\/\",\"name\":\"DomArtStyl\",\"description\":\"Tworzymy meble najwy\u017cszej jako\u015bci. Sprzeda\u017c detaliczna \u00b7 Sprzeda\u017c hurtowa\",\"publisher\":{\"@id\":\"https:\/\/domartstyl.com\/en\/#organization\"},\"potentialAction\":[{\"@type\":\"SearchAction\",\"target\":{\"@type\":\"EntryPoint\",\"urlTemplate\":\"https:\/\/domartstyl.com\/en\/?s={search_term_string}\"},\"query-input\":{\"@type\":\"PropertyValueSpecification\",\"valueRequired\":true,\"valueName\":\"search_term_string\"}}],\"inLanguage\":\"en-US\"},{\"@type\":\"Organization\",\"@id\":\"https:\/\/domartstyl.com\/en\/#organization\",\"name\":\"DomArtStyl\",\"url\":\"https:\/\/domartstyl.com\/en\/\",\"logo\":{\"@type\":\"ImageObject\",\"inLanguage\":\"en-US\",\"@id\":\"https:\/\/domartstyl.com\/en\/#\/schema\/logo\/image\/\",\"url\":\"https:\/\/domartstyl.com\/wp-content\/uploads\/2018\/04\/Logo_300_width.png\",\"contentUrl\":\"https:\/\/domartstyl.com\/wp-content\/uploads\/2018\/04\/Logo_300_width.png\",\"width\":300,\"height\":140,\"caption\":\"DomArtStyl\"},\"image\":{\"@id\":\"https:\/\/domartstyl.com\/en\/#\/schema\/logo\/image\/\"},\"sameAs\":[\"https:\/\/www.facebook.com\/DomArtStyl\/\",\"https:\/\/x.com\/DomArtStyl_pl\",\"https:\/\/www.instagram.com\/domartstyl\/?hl=en\",\"https:\/\/pl.pinterest.com\/domartstyl01\/\",\"https:\/\/www.youtube.com\/channel\/UCkISSgvMomI6yFFL3JDbLhw\"]}]}<\/script>\n<meta property=\"product:price:amount\" content=\"0.00\" \/>\n<meta property=\"product:price:currency\" content=\"EUR\" \/>\n<meta property=\"og:availability\" content=\"backorder\" \/>\n<meta property=\"product:availability\" content=\"available for order\" \/>\n<meta property=\"product:condition\" content=\"new\" \/>\n<!-- \/ Yoast SEO Premium plugin. -->","yoast_head_json":{"title":"Abisso ideal gold Chair boucl\u00e9 , Manufacturer of Upholstered Furniture - DomArtStyl","robots":{"index":"index","follow":"follow","max-snippet":"max-snippet:-1","max-image-preview":"max-image-preview:large","max-video-preview":"max-video-preview:-1"},"canonical":"https:\/\/domartstyl.com\/en\/abisso-ideal-gold-chair-boucle\/","og_locale":"en_US","og_type":"article","og_title":"Abisso ideal gold Chair boucl\u00e9 - DomArtStyl","og_description":"When arranging the interior in the popular glamor style, it is impossible not to take into account this unique chair. Abisso combines its extraordinary utility values with a designer form, being at the same time a piece of furniture made with the utmost care and the best components. Dining room, kitchen, living room? Abisso will be perfect here. Club, restaurant or hotel interiors? There this chair will equally give a unique charm and style, perfectly matching any other furniture. The offer also includes the attractive boucl\u00e9 fabric presented here. Even the most sophisticated requirements will be met by the range of varieties of this functional and beautiful chair presented in the links below.  - The standard version of the chair has golden metal legs.  Other versions of this model: https:\/\/domartstyl.com\/en\/abisso-ski-armchair\/ https:\/\/domartstyl.com\/en\/abisso-spider-chair\/ https:\/\/domartstyl.com\/en\/abisso-chair\/ https:\/\/domartstyl.com\/en\/demi-chair\/  &nbsp;  *We reserve the possibility of differences in the colors of the locks at different lots of the furniture.","og_url":"https:\/\/domartstyl.com\/en\/abisso-ideal-gold-chair-boucle\/","og_site_name":"DomArtStyl","article_publisher":"https:\/\/www.facebook.com\/DomArtStyl\/","article_modified_time":"2025-05-15T09:57:11+00:00","og_image":[{"width":1000,"height":1000,"url":"https:\/\/domartstyl.com\/wp-content\/uploads\/2021\/10\/Krzeslo-Abisso-Baloo-2073-ideal-gold-1000x1000-2.jpg","type":"image\/jpeg"}],"twitter_card":"summary_large_image","twitter_site":"@DomArtStyl_pl","twitter_misc":{"Price":"","Availability":"On backorder"},"schema":{"@context":"https:\/\/schema.org","@graph":[{"@type":"WebPage","@id":"https:\/\/domartstyl.com\/en\/abisso-ideal-gold-chair-boucle\/","url":"https:\/\/domartstyl.com\/en\/abisso-ideal-gold-chair-boucle\/","name":"Abisso ideal gold Chair boucl\u00e9 , Manufacturer of Upholstered Furniture - DomArtStyl","isPartOf":{"@id":"https:\/\/domartstyl.com\/en\/#website"},"primaryImageOfPage":{"@id":"https:\/\/domartstyl.com\/en\/abisso-ideal-gold-chair-boucle\/#primaryimage"},"image":{"@id":"https:\/\/domartstyl.com\/en\/abisso-ideal-gold-chair-boucle\/#primaryimage"},"thumbnailUrl":"https:\/\/domartstyl.com\/wp-content\/uploads\/2021\/10\/Krzeslo-Abisso-Baloo-2073-ideal-gold-1000x1000-2.jpg","datePublished":"2021-10-22T12:54:06+00:00","dateModified":"2025-05-15T09:57:11+00:00","breadcrumb":{"@id":"https:\/\/domartstyl.com\/en\/abisso-ideal-gold-chair-boucle\/#breadcrumb"},"inLanguage":"en-US","potentialAction":[{"@type":"ReadAction","target":["https:\/\/domartstyl.com\/en\/abisso-ideal-gold-chair-boucle\/"]}]},{"@type":"ImageObject","inLanguage":"en-US","@id":"https:\/\/domartstyl.com\/en\/abisso-ideal-gold-chair-boucle\/#primaryimage","url":"https:\/\/domartstyl.com\/wp-content\/uploads\/2021\/10\/Krzeslo-Abisso-Baloo-2073-ideal-gold-1000x1000-2.jpg","contentUrl":"https:\/\/domartstyl.com\/wp-content\/uploads\/2021\/10\/Krzeslo-Abisso-Baloo-2073-ideal-gold-1000x1000-2.jpg","width":1000,"height":1000},{"@type":"BreadcrumbList","@id":"https:\/\/domartstyl.com\/en\/abisso-ideal-gold-chair-boucle\/#breadcrumb","itemListElement":[{"@type":"ListItem","position":1,"name":"Strona g\u0142\u00f3wna","item":"https:\/\/domartstyl.com\/en\/"},{"@type":"ListItem","position":2,"name":"Modern Upholstered Furniture","item":"https:\/\/domartstyl.com\/en\/furniture\/"},{"@type":"ListItem","position":3,"name":"Abisso ideal gold Chair boucl\u00e9"}]},{"@type":"WebSite","@id":"https:\/\/domartstyl.com\/en\/#website","url":"https:\/\/domartstyl.com\/en\/","name":"DomArtStyl","description":"Tworzymy meble najwy\u017cszej jako\u015bci. Sprzeda\u017c detaliczna \u00b7 Sprzeda\u017c hurtowa","publisher":{"@id":"https:\/\/domartstyl.com\/en\/#organization"},"potentialAction":[{"@type":"SearchAction","target":{"@type":"EntryPoint","urlTemplate":"https:\/\/domartstyl.com\/en\/?s={search_term_string}"},"query-input":{"@type":"PropertyValueSpecification","valueRequired":true,"valueName":"search_term_string"}}],"inLanguage":"en-US"},{"@type":"Organization","@id":"https:\/\/domartstyl.com\/en\/#organization","name":"DomArtStyl","url":"https:\/\/domartstyl.com\/en\/","logo":{"@type":"ImageObject","inLanguage":"en-US","@id":"https:\/\/domartstyl.com\/en\/#\/schema\/logo\/image\/","url":"https:\/\/domartstyl.com\/wp-content\/uploads\/2018\/04\/Logo_300_width.png","contentUrl":"https:\/\/domartstyl.com\/wp-content\/uploads\/2018\/04\/Logo_300_width.png","width":300,"height":140,"caption":"DomArtStyl"},"image":{"@id":"https:\/\/domartstyl.com\/en\/#\/schema\/logo\/image\/"},"sameAs":["https:\/\/www.facebook.com\/DomArtStyl\/","https:\/\/x.com\/DomArtStyl_pl","https:\/\/www.instagram.com\/domartstyl\/?hl=en","https:\/\/pl.pinterest.com\/domartstyl01\/","https:\/\/www.youtube.com\/channel\/UCkISSgvMomI6yFFL3JDbLhw"]}]},"product_price_amount":"0.00","product_price_currency":"EUR","og_availability":"backorder","product_availability":"available for order","product_condition":"new"},"_links":{"self":[{"href":"https:\/\/domartstyl.com\/en\/wp-json\/wp\/v2\/product\/72706","targetHints":{"allow":["GET"]}}],"collection":[{"href":"https:\/\/domartstyl.com\/en\/wp-json\/wp\/v2\/product"}],"about":[{"href":"https:\/\/domartstyl.com\/en\/wp-json\/wp\/v2\/types\/product"}],"replies":[{"embeddable":true,"href":"https:\/\/domartstyl.com\/en\/wp-json\/wp\/v2\/comments?post=72706"}],"wp:featuredmedia":[{"embeddable":true,"href":"https:\/\/domartstyl.com\/en\/wp-json\/wp\/v2\/media\/72710"}],"wp:attachment":[{"href":"https:\/\/domartstyl.com\/en\/wp-json\/wp\/v2\/media?parent=72706"}],"wp:term":[{"taxonomy":"product_brand","embeddable":true,"href":"https:\/\/domartstyl.com\/en\/wp-json\/wp\/v2\/product_brand?post=72706"},{"taxonomy":"product_cat","embeddable":true,"href":"https:\/\/domartstyl.com\/en\/wp-json\/wp\/v2\/product_cat?post=72706"},{"taxonomy":"product_tag","embeddable":true,"href":"https:\/\/domartstyl.com\/en\/wp-json\/wp\/v2\/product_tag?post=72706"}],"curies":[{"name":"wp","href":"https:\/\/api.w.org\/{rel}","templated":true}]}}