{"id":72296,"date":"2021-09-16T14:10:10","date_gmt":"2021-09-16T13:10:10","guid":{"rendered":"https:\/\/domartstyl.com\/polly-new-gold-chair\/"},"modified":"2025-05-15T10:57:11","modified_gmt":"2025-05-15T09:57:11","slug":"polly-new-gold-chair","status":"publish","type":"product","link":"https:\/\/domartstyl.com\/en\/polly-new-gold-chair\/","title":{"rendered":"Polly new gold Chair"},"content":{"rendered":"","protected":false},"excerpt":{"rendered":"<p>It is tasteful and practical. The chair is distinguished by a timeless, elegant shape, directing this model towards various preferences. This piece of furniture will undoubtedly be perfect for modern arrangements, adding style and elegance to them, as well as for those classically decorated, pleasing the eye everywhere and ensuring comfort of rest. Polly is available in several varieties and many color variants, so everyone will choose something suitable for themselves. It will work in every dining room &#8211; at home, in restaurants or cafes. Every chair is made with great care, using high-quality materials, which makes it stable and its durability will satisfy you for many years. It will surely satisfy all clients &#8211; household members, guests or the clientele of commercial premises.<\/p>\n","protected":false},"featured_media":80050,"comment_status":"closed","ping_status":"closed","template":"","meta":[],"product_brand":[],"product_cat":[8249],"product_tag":[],"class_list":{"0":"post-72296","1":"product","2":"type-product","3":"status-publish","4":"has-post-thumbnail","6":"product_cat-wholesale-furniture","7":"product_shipping_class-pakowane-pojedynczo-30-40-en","9":"first","10":"instock","11":"taxable","12":"shipping-taxable","13":"product-type-soldout"},"yoast_head":"<!-- This site is optimized with the Yoast SEO Premium plugin v25.0 (Yoast SEO v25.0) - https:\/\/yoast.com\/wordpress\/plugins\/seo\/ -->\n<title>Modern Upholstered Chair - Polly New Gold - DomArtStyl<\/title>\n<meta name=\"description\" content=\"The Polly New Gold upholstered chair with metal legs is the perfect choice for modern interiors: dining room, living room or restaurant.\" \/>\n<meta name=\"robots\" content=\"index, follow, max-snippet:-1, max-image-preview:large, max-video-preview:-1\" \/>\n<link rel=\"canonical\" href=\"https:\/\/domartstyl.com\/en\/polly-new-gold-chair\/\" \/>\n<meta property=\"og:locale\" content=\"en_US\" \/>\n<meta property=\"og:type\" content=\"article\" \/>\n<meta property=\"og:title\" content=\"Polly new gold Chair - DomArtStyl\" \/>\n<meta property=\"og:description\" content=\"The Polly New Gold upholstered chair with metal legs is the perfect choice for modern interiors: dining room, living room or restaurant.\" \/>\n<meta property=\"og:url\" content=\"https:\/\/domartstyl.com\/en\/polly-new-gold-chair\/\" \/>\n<meta property=\"og:site_name\" content=\"DomArtStyl\" \/>\n<meta property=\"article:publisher\" content=\"https:\/\/www.facebook.com\/DomArtStyl\/\" \/>\n<meta property=\"article:modified_time\" content=\"2025-05-15T09:57:11+00:00\" \/>\n<meta property=\"og:image\" content=\"https:\/\/domartstyl.com\/wp-content\/uploads\/2021\/09\/Krzeslo-szare-welurowe-tapicerowane-do-jadalni-na-zlotych-nogach-Polly-New-Gold.jpg\" \/>\n\t<meta property=\"og:image:width\" content=\"1200\" \/>\n\t<meta property=\"og:image:height\" content=\"1200\" \/>\n\t<meta property=\"og:image:type\" content=\"image\/jpeg\" \/>\n<meta name=\"twitter:card\" content=\"summary_large_image\" \/>\n<meta name=\"twitter:site\" content=\"@DomArtStyl_pl\" \/>\n<meta name=\"twitter:label1\" content=\"Price\" \/>\n\t<meta name=\"twitter:data1\" content=\"\" \/>\n\t<meta name=\"twitter:label2\" content=\"Availability\" \/>\n\t<meta name=\"twitter:data2\" content=\"In stock\" \/>\n<script type=\"application\/ld+json\" class=\"yoast-schema-graph\">{\"@context\":\"https:\/\/schema.org\",\"@graph\":[{\"@type\":\"WebPage\",\"@id\":\"https:\/\/domartstyl.com\/en\/polly-new-gold-chair\/\",\"url\":\"https:\/\/domartstyl.com\/en\/polly-new-gold-chair\/\",\"name\":\"Modern Upholstered Chair - Polly New Gold - DomArtStyl\",\"isPartOf\":{\"@id\":\"https:\/\/domartstyl.com\/en\/#website\"},\"primaryImageOfPage\":{\"@id\":\"https:\/\/domartstyl.com\/en\/polly-new-gold-chair\/#primaryimage\"},\"image\":{\"@id\":\"https:\/\/domartstyl.com\/en\/polly-new-gold-chair\/#primaryimage\"},\"thumbnailUrl\":\"https:\/\/domartstyl.com\/wp-content\/uploads\/2021\/09\/Krzeslo-szare-welurowe-tapicerowane-do-jadalni-na-zlotych-nogach-Polly-New-Gold.jpg\",\"datePublished\":\"2021-09-16T13:10:10+00:00\",\"dateModified\":\"2025-05-15T09:57:11+00:00\",\"description\":\"The Polly New Gold upholstered chair with metal legs is the perfect choice for modern interiors: dining room, living room or restaurant.\",\"breadcrumb\":{\"@id\":\"https:\/\/domartstyl.com\/en\/polly-new-gold-chair\/#breadcrumb\"},\"inLanguage\":\"en-US\",\"potentialAction\":[{\"@type\":\"ReadAction\",\"target\":[\"https:\/\/domartstyl.com\/en\/polly-new-gold-chair\/\"]}]},{\"@type\":\"ImageObject\",\"inLanguage\":\"en-US\",\"@id\":\"https:\/\/domartstyl.com\/en\/polly-new-gold-chair\/#primaryimage\",\"url\":\"https:\/\/domartstyl.com\/wp-content\/uploads\/2021\/09\/Krzeslo-szare-welurowe-tapicerowane-do-jadalni-na-zlotych-nogach-Polly-New-Gold.jpg\",\"contentUrl\":\"https:\/\/domartstyl.com\/wp-content\/uploads\/2021\/09\/Krzeslo-szare-welurowe-tapicerowane-do-jadalni-na-zlotych-nogach-Polly-New-Gold.jpg\",\"width\":1200,\"height\":1200,\"caption\":\"Upholstered gray velor dining chair on Polly New Gold gold legs\"},{\"@type\":\"BreadcrumbList\",\"@id\":\"https:\/\/domartstyl.com\/en\/polly-new-gold-chair\/#breadcrumb\",\"itemListElement\":[{\"@type\":\"ListItem\",\"position\":1,\"name\":\"Strona g\u0142\u00f3wna\",\"item\":\"https:\/\/domartstyl.com\/en\/\"},{\"@type\":\"ListItem\",\"position\":2,\"name\":\"Modern Upholstered Furniture\",\"item\":\"https:\/\/domartstyl.com\/en\/furniture\/\"},{\"@type\":\"ListItem\",\"position\":3,\"name\":\"Polly new gold Chair\"}]},{\"@type\":\"WebSite\",\"@id\":\"https:\/\/domartstyl.com\/en\/#website\",\"url\":\"https:\/\/domartstyl.com\/en\/\",\"name\":\"DomArtStyl\",\"description\":\"Tworzymy meble najwy\u017cszej jako\u015bci. Sprzeda\u017c detaliczna \u00b7 Sprzeda\u017c hurtowa\",\"publisher\":{\"@id\":\"https:\/\/domartstyl.com\/en\/#organization\"},\"potentialAction\":[{\"@type\":\"SearchAction\",\"target\":{\"@type\":\"EntryPoint\",\"urlTemplate\":\"https:\/\/domartstyl.com\/en\/?s={search_term_string}\"},\"query-input\":{\"@type\":\"PropertyValueSpecification\",\"valueRequired\":true,\"valueName\":\"search_term_string\"}}],\"inLanguage\":\"en-US\"},{\"@type\":\"Organization\",\"@id\":\"https:\/\/domartstyl.com\/en\/#organization\",\"name\":\"DomArtStyl\",\"url\":\"https:\/\/domartstyl.com\/en\/\",\"logo\":{\"@type\":\"ImageObject\",\"inLanguage\":\"en-US\",\"@id\":\"https:\/\/domartstyl.com\/en\/#\/schema\/logo\/image\/\",\"url\":\"https:\/\/domartstyl.com\/wp-content\/uploads\/2018\/04\/Logo_300_width.png\",\"contentUrl\":\"https:\/\/domartstyl.com\/wp-content\/uploads\/2018\/04\/Logo_300_width.png\",\"width\":300,\"height\":140,\"caption\":\"DomArtStyl\"},\"image\":{\"@id\":\"https:\/\/domartstyl.com\/en\/#\/schema\/logo\/image\/\"},\"sameAs\":[\"https:\/\/www.facebook.com\/DomArtStyl\/\",\"https:\/\/x.com\/DomArtStyl_pl\",\"https:\/\/www.instagram.com\/domartstyl\/?hl=en\",\"https:\/\/pl.pinterest.com\/domartstyl01\/\",\"https:\/\/www.youtube.com\/channel\/UCkISSgvMomI6yFFL3JDbLhw\"]}]}<\/script>\n<meta property=\"product:price:amount\" content=\"0.00\" \/>\n<meta property=\"product:price:currency\" content=\"EUR\" \/>\n<meta property=\"og:availability\" content=\"instock\" \/>\n<meta property=\"product:availability\" content=\"instock\" \/>\n<meta property=\"product:condition\" content=\"new\" \/>\n<!-- \/ Yoast SEO Premium plugin. -->","yoast_head_json":{"title":"Modern Upholstered Chair - Polly New Gold - DomArtStyl","description":"The Polly New Gold upholstered chair with metal legs is the perfect choice for modern interiors: dining room, living room or restaurant.","robots":{"index":"index","follow":"follow","max-snippet":"max-snippet:-1","max-image-preview":"max-image-preview:large","max-video-preview":"max-video-preview:-1"},"canonical":"https:\/\/domartstyl.com\/en\/polly-new-gold-chair\/","og_locale":"en_US","og_type":"article","og_title":"Polly new gold Chair - DomArtStyl","og_description":"The Polly New Gold upholstered chair with metal legs is the perfect choice for modern interiors: dining room, living room or restaurant.","og_url":"https:\/\/domartstyl.com\/en\/polly-new-gold-chair\/","og_site_name":"DomArtStyl","article_publisher":"https:\/\/www.facebook.com\/DomArtStyl\/","article_modified_time":"2025-05-15T09:57:11+00:00","og_image":[{"width":1200,"height":1200,"url":"https:\/\/domartstyl.com\/wp-content\/uploads\/2021\/09\/Krzeslo-szare-welurowe-tapicerowane-do-jadalni-na-zlotych-nogach-Polly-New-Gold.jpg","type":"image\/jpeg"}],"twitter_card":"summary_large_image","twitter_site":"@DomArtStyl_pl","twitter_misc":{"Price":"","Availability":"In stock"},"schema":{"@context":"https:\/\/schema.org","@graph":[{"@type":"WebPage","@id":"https:\/\/domartstyl.com\/en\/polly-new-gold-chair\/","url":"https:\/\/domartstyl.com\/en\/polly-new-gold-chair\/","name":"Modern Upholstered Chair - Polly New Gold - DomArtStyl","isPartOf":{"@id":"https:\/\/domartstyl.com\/en\/#website"},"primaryImageOfPage":{"@id":"https:\/\/domartstyl.com\/en\/polly-new-gold-chair\/#primaryimage"},"image":{"@id":"https:\/\/domartstyl.com\/en\/polly-new-gold-chair\/#primaryimage"},"thumbnailUrl":"https:\/\/domartstyl.com\/wp-content\/uploads\/2021\/09\/Krzeslo-szare-welurowe-tapicerowane-do-jadalni-na-zlotych-nogach-Polly-New-Gold.jpg","datePublished":"2021-09-16T13:10:10+00:00","dateModified":"2025-05-15T09:57:11+00:00","description":"The Polly New Gold upholstered chair with metal legs is the perfect choice for modern interiors: dining room, living room or restaurant.","breadcrumb":{"@id":"https:\/\/domartstyl.com\/en\/polly-new-gold-chair\/#breadcrumb"},"inLanguage":"en-US","potentialAction":[{"@type":"ReadAction","target":["https:\/\/domartstyl.com\/en\/polly-new-gold-chair\/"]}]},{"@type":"ImageObject","inLanguage":"en-US","@id":"https:\/\/domartstyl.com\/en\/polly-new-gold-chair\/#primaryimage","url":"https:\/\/domartstyl.com\/wp-content\/uploads\/2021\/09\/Krzeslo-szare-welurowe-tapicerowane-do-jadalni-na-zlotych-nogach-Polly-New-Gold.jpg","contentUrl":"https:\/\/domartstyl.com\/wp-content\/uploads\/2021\/09\/Krzeslo-szare-welurowe-tapicerowane-do-jadalni-na-zlotych-nogach-Polly-New-Gold.jpg","width":1200,"height":1200,"caption":"Upholstered gray velor dining chair on Polly New Gold gold legs"},{"@type":"BreadcrumbList","@id":"https:\/\/domartstyl.com\/en\/polly-new-gold-chair\/#breadcrumb","itemListElement":[{"@type":"ListItem","position":1,"name":"Strona g\u0142\u00f3wna","item":"https:\/\/domartstyl.com\/en\/"},{"@type":"ListItem","position":2,"name":"Modern Upholstered Furniture","item":"https:\/\/domartstyl.com\/en\/furniture\/"},{"@type":"ListItem","position":3,"name":"Polly new gold Chair"}]},{"@type":"WebSite","@id":"https:\/\/domartstyl.com\/en\/#website","url":"https:\/\/domartstyl.com\/en\/","name":"DomArtStyl","description":"Tworzymy meble najwy\u017cszej jako\u015bci. Sprzeda\u017c detaliczna \u00b7 Sprzeda\u017c hurtowa","publisher":{"@id":"https:\/\/domartstyl.com\/en\/#organization"},"potentialAction":[{"@type":"SearchAction","target":{"@type":"EntryPoint","urlTemplate":"https:\/\/domartstyl.com\/en\/?s={search_term_string}"},"query-input":{"@type":"PropertyValueSpecification","valueRequired":true,"valueName":"search_term_string"}}],"inLanguage":"en-US"},{"@type":"Organization","@id":"https:\/\/domartstyl.com\/en\/#organization","name":"DomArtStyl","url":"https:\/\/domartstyl.com\/en\/","logo":{"@type":"ImageObject","inLanguage":"en-US","@id":"https:\/\/domartstyl.com\/en\/#\/schema\/logo\/image\/","url":"https:\/\/domartstyl.com\/wp-content\/uploads\/2018\/04\/Logo_300_width.png","contentUrl":"https:\/\/domartstyl.com\/wp-content\/uploads\/2018\/04\/Logo_300_width.png","width":300,"height":140,"caption":"DomArtStyl"},"image":{"@id":"https:\/\/domartstyl.com\/en\/#\/schema\/logo\/image\/"},"sameAs":["https:\/\/www.facebook.com\/DomArtStyl\/","https:\/\/x.com\/DomArtStyl_pl","https:\/\/www.instagram.com\/domartstyl\/?hl=en","https:\/\/pl.pinterest.com\/domartstyl01\/","https:\/\/www.youtube.com\/channel\/UCkISSgvMomI6yFFL3JDbLhw"]}]},"product_price_amount":"0.00","product_price_currency":"EUR","og_availability":"instock","product_availability":"instock","product_condition":"new"},"_links":{"self":[{"href":"https:\/\/domartstyl.com\/en\/wp-json\/wp\/v2\/product\/72296","targetHints":{"allow":["GET"]}}],"collection":[{"href":"https:\/\/domartstyl.com\/en\/wp-json\/wp\/v2\/product"}],"about":[{"href":"https:\/\/domartstyl.com\/en\/wp-json\/wp\/v2\/types\/product"}],"replies":[{"embeddable":true,"href":"https:\/\/domartstyl.com\/en\/wp-json\/wp\/v2\/comments?post=72296"}],"wp:featuredmedia":[{"embeddable":true,"href":"https:\/\/domartstyl.com\/en\/wp-json\/wp\/v2\/media\/80050"}],"wp:attachment":[{"href":"https:\/\/domartstyl.com\/en\/wp-json\/wp\/v2\/media?parent=72296"}],"wp:term":[{"taxonomy":"product_brand","embeddable":true,"href":"https:\/\/domartstyl.com\/en\/wp-json\/wp\/v2\/product_brand?post=72296"},{"taxonomy":"product_cat","embeddable":true,"href":"https:\/\/domartstyl.com\/en\/wp-json\/wp\/v2\/product_cat?post=72296"},{"taxonomy":"product_tag","embeddable":true,"href":"https:\/\/domartstyl.com\/en\/wp-json\/wp\/v2\/product_tag?post=72296"}],"curies":[{"name":"wp","href":"https:\/\/api.w.org\/{rel}","templated":true}]}}