{"id":68775,"date":"2021-01-14T14:51:40","date_gmt":"2021-01-14T13:51:40","guid":{"rendered":"https:\/\/domartstyl.com\/loretta-corner-sofa\/"},"modified":"2023-03-24T11:53:47","modified_gmt":"2023-03-24T10:53:47","slug":"cassian-corner-sofa","status":"publish","type":"product","link":"https:\/\/domartstyl.com\/en\/cassian-corner-sofa\/","title":{"rendered":"Cassian Corner Sofa"},"content":{"rendered":"","protected":false},"excerpt":{"rendered":"<p><strong>The Cassian corner sofa<\/strong> is a stylish and sophisticated piece of furniture that is perfect for those looking for a large and unique addition to their living room.<\/p>\n<p>With its wide seat, the Cassian corner sofa offers both convenience and comfort, while the soft backrest and decorative pillows add an extra layer of comfort and style.<\/p>\n","protected":false},"featured_media":71847,"comment_status":"closed","ping_status":"closed","template":"","meta":[],"product_brand":[],"product_cat":[8249],"product_tag":[],"class_list":{"0":"post-68775","1":"product","2":"type-product","3":"status-publish","4":"has-post-thumbnail","6":"product_cat-wholesale-furniture","7":"product_shipping_class-individual-pricing","9":"first","10":"instock","11":"taxable","12":"shipping-taxable","13":"product-type-soldout"},"yoast_head":"<!-- This site is optimized with the Yoast SEO Premium plugin v25.0 (Yoast SEO v25.0) - https:\/\/yoast.com\/wordpress\/plugins\/seo\/ -->\n<title>Corner sofa for the living room - Cassian - in a modern style<\/title>\n<meta name=\"description\" content=\"The Cassian corner is a luxurious piece of furniture that fits perfectly into various modern interiors, such as a living room, waiting room or hotel.\" \/>\n<meta name=\"robots\" content=\"index, follow, max-snippet:-1, max-image-preview:large, max-video-preview:-1\" \/>\n<link rel=\"canonical\" href=\"https:\/\/domartstyl.com\/en\/cassian-corner-sofa\/\" \/>\n<meta property=\"og:locale\" content=\"en_US\" \/>\n<meta property=\"og:type\" content=\"article\" \/>\n<meta property=\"og:title\" content=\"Cassian Corner Sofa - DomArtStyl\" \/>\n<meta property=\"og:description\" content=\"The Cassian corner is a luxurious piece of furniture that fits perfectly into various modern interiors, such as a living room, waiting room or hotel.\" \/>\n<meta property=\"og:url\" content=\"https:\/\/domartstyl.com\/en\/cassian-corner-sofa\/\" \/>\n<meta property=\"og:site_name\" content=\"DomArtStyl\" \/>\n<meta property=\"article:publisher\" content=\"https:\/\/www.facebook.com\/DomArtStyl\/\" \/>\n<meta property=\"article:modified_time\" content=\"2023-03-24T10:53:47+00:00\" \/>\n<meta property=\"og:image\" content=\"https:\/\/domartstyl.com\/wp-content\/uploads\/2021\/01\/Gressey-z-logo-6.jpg\" \/>\n\t<meta property=\"og:image:width\" content=\"1000\" \/>\n\t<meta property=\"og:image:height\" content=\"665\" \/>\n\t<meta property=\"og:image:type\" content=\"image\/jpeg\" \/>\n<meta name=\"twitter:card\" content=\"summary_large_image\" \/>\n<meta name=\"twitter:site\" content=\"@DomArtStyl_pl\" \/>\n<meta name=\"twitter:label1\" content=\"Price\" \/>\n\t<meta name=\"twitter:data1\" content=\"\" \/>\n\t<meta name=\"twitter:label2\" content=\"Availability\" \/>\n\t<meta name=\"twitter:data2\" content=\"In stock\" \/>\n<script type=\"application\/ld+json\" class=\"yoast-schema-graph\">{\"@context\":\"https:\/\/schema.org\",\"@graph\":[{\"@type\":\"WebPage\",\"@id\":\"https:\/\/domartstyl.com\/en\/cassian-corner-sofa\/\",\"url\":\"https:\/\/domartstyl.com\/en\/cassian-corner-sofa\/\",\"name\":\"Corner sofa for the living room - Cassian - in a modern style\",\"isPartOf\":{\"@id\":\"https:\/\/domartstyl.com\/en\/#website\"},\"primaryImageOfPage\":{\"@id\":\"https:\/\/domartstyl.com\/en\/cassian-corner-sofa\/#primaryimage\"},\"image\":{\"@id\":\"https:\/\/domartstyl.com\/en\/cassian-corner-sofa\/#primaryimage\"},\"thumbnailUrl\":\"https:\/\/domartstyl.com\/wp-content\/uploads\/2021\/01\/Gressey-z-logo-6.jpg\",\"datePublished\":\"2021-01-14T13:51:40+00:00\",\"dateModified\":\"2023-03-24T10:53:47+00:00\",\"description\":\"The Cassian corner is a luxurious piece of furniture that fits perfectly into various modern interiors, such as a living room, waiting room or hotel.\",\"breadcrumb\":{\"@id\":\"https:\/\/domartstyl.com\/en\/cassian-corner-sofa\/#breadcrumb\"},\"inLanguage\":\"en-US\",\"potentialAction\":[{\"@type\":\"ReadAction\",\"target\":[\"https:\/\/domartstyl.com\/en\/cassian-corner-sofa\/\"]}]},{\"@type\":\"ImageObject\",\"inLanguage\":\"en-US\",\"@id\":\"https:\/\/domartstyl.com\/en\/cassian-corner-sofa\/#primaryimage\",\"url\":\"https:\/\/domartstyl.com\/wp-content\/uploads\/2021\/01\/Gressey-z-logo-6.jpg\",\"contentUrl\":\"https:\/\/domartstyl.com\/wp-content\/uploads\/2021\/01\/Gressey-z-logo-6.jpg\",\"width\":1000,\"height\":665,\"caption\":\"The Cassian corner sofa\"},{\"@type\":\"BreadcrumbList\",\"@id\":\"https:\/\/domartstyl.com\/en\/cassian-corner-sofa\/#breadcrumb\",\"itemListElement\":[{\"@type\":\"ListItem\",\"position\":1,\"name\":\"Strona g\u0142\u00f3wna\",\"item\":\"https:\/\/domartstyl.com\/en\/\"},{\"@type\":\"ListItem\",\"position\":2,\"name\":\"Modern Upholstered Furniture\",\"item\":\"https:\/\/domartstyl.com\/en\/furniture\/\"},{\"@type\":\"ListItem\",\"position\":3,\"name\":\"Cassian Corner Sofa\"}]},{\"@type\":\"WebSite\",\"@id\":\"https:\/\/domartstyl.com\/en\/#website\",\"url\":\"https:\/\/domartstyl.com\/en\/\",\"name\":\"DomArtStyl\",\"description\":\"Tworzymy meble najwy\u017cszej jako\u015bci. Sprzeda\u017c detaliczna \u00b7 Sprzeda\u017c hurtowa\",\"publisher\":{\"@id\":\"https:\/\/domartstyl.com\/en\/#organization\"},\"potentialAction\":[{\"@type\":\"SearchAction\",\"target\":{\"@type\":\"EntryPoint\",\"urlTemplate\":\"https:\/\/domartstyl.com\/en\/?s={search_term_string}\"},\"query-input\":{\"@type\":\"PropertyValueSpecification\",\"valueRequired\":true,\"valueName\":\"search_term_string\"}}],\"inLanguage\":\"en-US\"},{\"@type\":\"Organization\",\"@id\":\"https:\/\/domartstyl.com\/en\/#organization\",\"name\":\"DomArtStyl\",\"url\":\"https:\/\/domartstyl.com\/en\/\",\"logo\":{\"@type\":\"ImageObject\",\"inLanguage\":\"en-US\",\"@id\":\"https:\/\/domartstyl.com\/en\/#\/schema\/logo\/image\/\",\"url\":\"https:\/\/domartstyl.com\/wp-content\/uploads\/2018\/04\/Logo_300_width.png\",\"contentUrl\":\"https:\/\/domartstyl.com\/wp-content\/uploads\/2018\/04\/Logo_300_width.png\",\"width\":300,\"height\":140,\"caption\":\"DomArtStyl\"},\"image\":{\"@id\":\"https:\/\/domartstyl.com\/en\/#\/schema\/logo\/image\/\"},\"sameAs\":[\"https:\/\/www.facebook.com\/DomArtStyl\/\",\"https:\/\/x.com\/DomArtStyl_pl\",\"https:\/\/www.instagram.com\/domartstyl\/?hl=en\",\"https:\/\/pl.pinterest.com\/domartstyl01\/\",\"https:\/\/www.youtube.com\/channel\/UCkISSgvMomI6yFFL3JDbLhw\"]}]}<\/script>\n<meta property=\"product:price:amount\" content=\"0.00\" \/>\n<meta property=\"product:price:currency\" content=\"EUR\" \/>\n<meta property=\"og:availability\" content=\"instock\" \/>\n<meta property=\"product:availability\" content=\"instock\" \/>\n<meta property=\"product:condition\" content=\"new\" \/>\n<!-- \/ Yoast SEO Premium plugin. -->","yoast_head_json":{"title":"Corner sofa for the living room - Cassian - in a modern style","description":"The Cassian corner is a luxurious piece of furniture that fits perfectly into various modern interiors, such as a living room, waiting room or hotel.","robots":{"index":"index","follow":"follow","max-snippet":"max-snippet:-1","max-image-preview":"max-image-preview:large","max-video-preview":"max-video-preview:-1"},"canonical":"https:\/\/domartstyl.com\/en\/cassian-corner-sofa\/","og_locale":"en_US","og_type":"article","og_title":"Cassian Corner Sofa - DomArtStyl","og_description":"The Cassian corner is a luxurious piece of furniture that fits perfectly into various modern interiors, such as a living room, waiting room or hotel.","og_url":"https:\/\/domartstyl.com\/en\/cassian-corner-sofa\/","og_site_name":"DomArtStyl","article_publisher":"https:\/\/www.facebook.com\/DomArtStyl\/","article_modified_time":"2023-03-24T10:53:47+00:00","og_image":[{"width":1000,"height":665,"url":"https:\/\/domartstyl.com\/wp-content\/uploads\/2021\/01\/Gressey-z-logo-6.jpg","type":"image\/jpeg"}],"twitter_card":"summary_large_image","twitter_site":"@DomArtStyl_pl","twitter_misc":{"Price":"","Availability":"In stock"},"schema":{"@context":"https:\/\/schema.org","@graph":[{"@type":"WebPage","@id":"https:\/\/domartstyl.com\/en\/cassian-corner-sofa\/","url":"https:\/\/domartstyl.com\/en\/cassian-corner-sofa\/","name":"Corner sofa for the living room - Cassian - in a modern style","isPartOf":{"@id":"https:\/\/domartstyl.com\/en\/#website"},"primaryImageOfPage":{"@id":"https:\/\/domartstyl.com\/en\/cassian-corner-sofa\/#primaryimage"},"image":{"@id":"https:\/\/domartstyl.com\/en\/cassian-corner-sofa\/#primaryimage"},"thumbnailUrl":"https:\/\/domartstyl.com\/wp-content\/uploads\/2021\/01\/Gressey-z-logo-6.jpg","datePublished":"2021-01-14T13:51:40+00:00","dateModified":"2023-03-24T10:53:47+00:00","description":"The Cassian corner is a luxurious piece of furniture that fits perfectly into various modern interiors, such as a living room, waiting room or hotel.","breadcrumb":{"@id":"https:\/\/domartstyl.com\/en\/cassian-corner-sofa\/#breadcrumb"},"inLanguage":"en-US","potentialAction":[{"@type":"ReadAction","target":["https:\/\/domartstyl.com\/en\/cassian-corner-sofa\/"]}]},{"@type":"ImageObject","inLanguage":"en-US","@id":"https:\/\/domartstyl.com\/en\/cassian-corner-sofa\/#primaryimage","url":"https:\/\/domartstyl.com\/wp-content\/uploads\/2021\/01\/Gressey-z-logo-6.jpg","contentUrl":"https:\/\/domartstyl.com\/wp-content\/uploads\/2021\/01\/Gressey-z-logo-6.jpg","width":1000,"height":665,"caption":"The Cassian corner sofa"},{"@type":"BreadcrumbList","@id":"https:\/\/domartstyl.com\/en\/cassian-corner-sofa\/#breadcrumb","itemListElement":[{"@type":"ListItem","position":1,"name":"Strona g\u0142\u00f3wna","item":"https:\/\/domartstyl.com\/en\/"},{"@type":"ListItem","position":2,"name":"Modern Upholstered Furniture","item":"https:\/\/domartstyl.com\/en\/furniture\/"},{"@type":"ListItem","position":3,"name":"Cassian Corner Sofa"}]},{"@type":"WebSite","@id":"https:\/\/domartstyl.com\/en\/#website","url":"https:\/\/domartstyl.com\/en\/","name":"DomArtStyl","description":"Tworzymy meble najwy\u017cszej jako\u015bci. Sprzeda\u017c detaliczna \u00b7 Sprzeda\u017c hurtowa","publisher":{"@id":"https:\/\/domartstyl.com\/en\/#organization"},"potentialAction":[{"@type":"SearchAction","target":{"@type":"EntryPoint","urlTemplate":"https:\/\/domartstyl.com\/en\/?s={search_term_string}"},"query-input":{"@type":"PropertyValueSpecification","valueRequired":true,"valueName":"search_term_string"}}],"inLanguage":"en-US"},{"@type":"Organization","@id":"https:\/\/domartstyl.com\/en\/#organization","name":"DomArtStyl","url":"https:\/\/domartstyl.com\/en\/","logo":{"@type":"ImageObject","inLanguage":"en-US","@id":"https:\/\/domartstyl.com\/en\/#\/schema\/logo\/image\/","url":"https:\/\/domartstyl.com\/wp-content\/uploads\/2018\/04\/Logo_300_width.png","contentUrl":"https:\/\/domartstyl.com\/wp-content\/uploads\/2018\/04\/Logo_300_width.png","width":300,"height":140,"caption":"DomArtStyl"},"image":{"@id":"https:\/\/domartstyl.com\/en\/#\/schema\/logo\/image\/"},"sameAs":["https:\/\/www.facebook.com\/DomArtStyl\/","https:\/\/x.com\/DomArtStyl_pl","https:\/\/www.instagram.com\/domartstyl\/?hl=en","https:\/\/pl.pinterest.com\/domartstyl01\/","https:\/\/www.youtube.com\/channel\/UCkISSgvMomI6yFFL3JDbLhw"]}]},"product_price_amount":"0.00","product_price_currency":"EUR","og_availability":"instock","product_availability":"instock","product_condition":"new"},"_links":{"self":[{"href":"https:\/\/domartstyl.com\/en\/wp-json\/wp\/v2\/product\/68775","targetHints":{"allow":["GET"]}}],"collection":[{"href":"https:\/\/domartstyl.com\/en\/wp-json\/wp\/v2\/product"}],"about":[{"href":"https:\/\/domartstyl.com\/en\/wp-json\/wp\/v2\/types\/product"}],"replies":[{"embeddable":true,"href":"https:\/\/domartstyl.com\/en\/wp-json\/wp\/v2\/comments?post=68775"}],"wp:featuredmedia":[{"embeddable":true,"href":"https:\/\/domartstyl.com\/en\/wp-json\/wp\/v2\/media\/71847"}],"wp:attachment":[{"href":"https:\/\/domartstyl.com\/en\/wp-json\/wp\/v2\/media?parent=68775"}],"wp:term":[{"taxonomy":"product_brand","embeddable":true,"href":"https:\/\/domartstyl.com\/en\/wp-json\/wp\/v2\/product_brand?post=68775"},{"taxonomy":"product_cat","embeddable":true,"href":"https:\/\/domartstyl.com\/en\/wp-json\/wp\/v2\/product_cat?post=68775"},{"taxonomy":"product_tag","embeddable":true,"href":"https:\/\/domartstyl.com\/en\/wp-json\/wp\/v2\/product_tag?post=68775"}],"curies":[{"name":"wp","href":"https:\/\/api.w.org\/{rel}","templated":true}]}}