{"id":68239,"date":"2020-11-17T13:26:24","date_gmt":"2020-11-17T12:26:24","guid":{"rendered":"https:\/\/domartstyl.com\/barro-cross-armchair\/"},"modified":"2025-05-15T10:57:18","modified_gmt":"2025-05-15T09:57:18","slug":"barro-cross-armchair","status":"publish","type":"product","link":"https:\/\/domartstyl.com\/en\/barro-cross-armchair\/","title":{"rendered":"Barro cross armchair"},"content":{"rendered":"","protected":false},"excerpt":{"rendered":"<p><strong>The Barro Cross Chair<\/strong><br \/>\nIt&#8217;s the perfect choice for those who value both comfort and aesthetics in their surroundings. The model with a subtle cutout in the backrest has been designed with the aim of maintaining comfort and support for the user&#8217;s back while also offering some convenience or additional space for specific needs. The chair features sturdy armrests that are contoured to adapt to the natural position of the user&#8217;s arms and hands. Thanks to the high-resilience foam, the furniture provides pleasant support for the body, making it an\u00a0ideal choice for those who appreciate comfort during long hours of sitting. The\u00a0chair\u00a0is\u00a0available in various upholstery materials, allowing customization to individual aesthetic preferences. The metal legs intersecting with each other create a unique and\u00a0unconventional look that draws attention and becomes the centerpiece in the dining room or living room.<\/p>\n","protected":false},"featured_media":80243,"comment_status":"closed","ping_status":"closed","template":"","meta":[],"product_brand":[],"product_cat":[34,8852,8853,8855,8856,8857,8858,8860,8862],"product_tag":[],"class_list":{"0":"post-68239","1":"product","2":"type-product","3":"status-publish","4":"has-post-thumbnail","6":"product_cat-armchairs","7":"product_cat-dining-armchairs","8":"product_cat-waiting-room-armchairs","9":"product_cat-cafe-armchairs","10":"product_cat-scandinavian-armchairs","11":"product_cat-modern-armchairs","12":"product_cat-loft-armchairs","13":"product_cat-velvet-armchairs","14":"product_cat-armchairs-with-metal-legs","15":"product_shipping_class-pakowane-podwojnie-30-40-en","17":"first","18":"instock","19":"taxable","20":"shipping-taxable","21":"purchasable","22":"product-type-simple"},"yoast_head":"<!-- This site is optimized with the Yoast SEO Premium plugin v25.0 (Yoast SEO v25.0) - https:\/\/yoast.com\/wordpress\/plugins\/seo\/ -->\n<title>Fotel Tapicerowany - Barro Cross - Styl Nowoczesny<\/title>\n<meta name=\"description\" content=\"Fotel tapicerowany na metalowych nogach Barro Cross, to idealny wyb\u00f3r do nowoczesnych wn\u0119trz: salonu, jadalni lub sypialni.\" \/>\n<meta name=\"robots\" content=\"index, follow, max-snippet:-1, max-image-preview:large, max-video-preview:-1\" \/>\n<link rel=\"canonical\" href=\"https:\/\/domartstyl.com\/en\/barro-cross-armchair\/\" \/>\n<meta property=\"og:locale\" content=\"en_US\" \/>\n<meta property=\"og:type\" content=\"article\" \/>\n<meta property=\"og:title\" content=\"Barro cross armchair - DomArtStyl\" \/>\n<meta property=\"og:description\" content=\"Fotel tapicerowany na metalowych nogach Barro Cross, to idealny wyb\u00f3r do nowoczesnych wn\u0119trz: salonu, jadalni lub sypialni.\" \/>\n<meta property=\"og:url\" content=\"https:\/\/domartstyl.com\/en\/barro-cross-armchair\/\" \/>\n<meta property=\"og:site_name\" content=\"DomArtStyl\" \/>\n<meta property=\"article:publisher\" content=\"https:\/\/www.facebook.com\/DomArtStyl\/\" \/>\n<meta property=\"article:modified_time\" content=\"2025-05-15T09:57:18+00:00\" \/>\n<meta property=\"og:image\" content=\"https:\/\/domartstyl.com\/wp-content\/uploads\/2020\/11\/Fotel-niebieski-welurowy-nowoczesny-do-salonu-na-metalowych-nogach-Barro-Cross.jpg\" \/>\n\t<meta property=\"og:image:width\" content=\"1200\" \/>\n\t<meta property=\"og:image:height\" content=\"1200\" \/>\n\t<meta property=\"og:image:type\" content=\"image\/jpeg\" \/>\n<meta name=\"twitter:card\" content=\"summary_large_image\" \/>\n<meta name=\"twitter:site\" content=\"@DomArtStyl_pl\" \/>\n<meta name=\"twitter:label1\" content=\"Price\" \/>\n\t<meta name=\"twitter:data1\" content=\"&euro;216,00\" \/>\n\t<meta name=\"twitter:label2\" content=\"Availability\" \/>\n\t<meta name=\"twitter:data2\" content=\"In stock\" \/>\n<script type=\"application\/ld+json\" class=\"yoast-schema-graph\">{\"@context\":\"https:\/\/schema.org\",\"@graph\":[{\"@type\":\"WebPage\",\"@id\":\"https:\/\/domartstyl.com\/en\/barro-cross-armchair\/\",\"url\":\"https:\/\/domartstyl.com\/en\/barro-cross-armchair\/\",\"name\":\"Fotel Tapicerowany - Barro Cross - Styl Nowoczesny\",\"isPartOf\":{\"@id\":\"https:\/\/domartstyl.com\/en\/#website\"},\"primaryImageOfPage\":{\"@id\":\"https:\/\/domartstyl.com\/en\/barro-cross-armchair\/#primaryimage\"},\"image\":{\"@id\":\"https:\/\/domartstyl.com\/en\/barro-cross-armchair\/#primaryimage\"},\"thumbnailUrl\":\"https:\/\/domartstyl.com\/wp-content\/uploads\/2020\/11\/Fotel-niebieski-welurowy-nowoczesny-do-salonu-na-metalowych-nogach-Barro-Cross.jpg\",\"datePublished\":\"2020-11-17T12:26:24+00:00\",\"dateModified\":\"2025-05-15T09:57:18+00:00\",\"description\":\"Fotel tapicerowany na metalowych nogach Barro Cross, to idealny wyb\u00f3r do nowoczesnych wn\u0119trz: salonu, jadalni lub sypialni.\",\"breadcrumb\":{\"@id\":\"https:\/\/domartstyl.com\/en\/barro-cross-armchair\/#breadcrumb\"},\"inLanguage\":\"en-US\",\"potentialAction\":[{\"@type\":\"ReadAction\",\"target\":[\"https:\/\/domartstyl.com\/en\/barro-cross-armchair\/\"]}]},{\"@type\":\"ImageObject\",\"inLanguage\":\"en-US\",\"@id\":\"https:\/\/domartstyl.com\/en\/barro-cross-armchair\/#primaryimage\",\"url\":\"https:\/\/domartstyl.com\/wp-content\/uploads\/2020\/11\/Fotel-niebieski-welurowy-nowoczesny-do-salonu-na-metalowych-nogach-Barro-Cross.jpg\",\"contentUrl\":\"https:\/\/domartstyl.com\/wp-content\/uploads\/2020\/11\/Fotel-niebieski-welurowy-nowoczesny-do-salonu-na-metalowych-nogach-Barro-Cross.jpg\",\"width\":1200,\"height\":1200,\"caption\":\"Fotel niebieski welurowy nowoczesny do salonu na metalowych nogach Barro Cross\"},{\"@type\":\"BreadcrumbList\",\"@id\":\"https:\/\/domartstyl.com\/en\/barro-cross-armchair\/#breadcrumb\",\"itemListElement\":[{\"@type\":\"ListItem\",\"position\":1,\"name\":\"Strona g\u0142\u00f3wna\",\"item\":\"https:\/\/domartstyl.com\/en\/\"},{\"@type\":\"ListItem\",\"position\":2,\"name\":\"Modern Upholstered Furniture\",\"item\":\"https:\/\/domartstyl.com\/en\/furniture\/\"},{\"@type\":\"ListItem\",\"position\":3,\"name\":\"Barro cross armchair\"}]},{\"@type\":\"WebSite\",\"@id\":\"https:\/\/domartstyl.com\/en\/#website\",\"url\":\"https:\/\/domartstyl.com\/en\/\",\"name\":\"DomArtStyl\",\"description\":\"Tworzymy meble najwy\u017cszej jako\u015bci. Sprzeda\u017c detaliczna \u00b7 Sprzeda\u017c hurtowa\",\"publisher\":{\"@id\":\"https:\/\/domartstyl.com\/en\/#organization\"},\"potentialAction\":[{\"@type\":\"SearchAction\",\"target\":{\"@type\":\"EntryPoint\",\"urlTemplate\":\"https:\/\/domartstyl.com\/en\/?s={search_term_string}\"},\"query-input\":{\"@type\":\"PropertyValueSpecification\",\"valueRequired\":true,\"valueName\":\"search_term_string\"}}],\"inLanguage\":\"en-US\"},{\"@type\":\"Organization\",\"@id\":\"https:\/\/domartstyl.com\/en\/#organization\",\"name\":\"DomArtStyl\",\"url\":\"https:\/\/domartstyl.com\/en\/\",\"logo\":{\"@type\":\"ImageObject\",\"inLanguage\":\"en-US\",\"@id\":\"https:\/\/domartstyl.com\/en\/#\/schema\/logo\/image\/\",\"url\":\"https:\/\/domartstyl.com\/wp-content\/uploads\/2018\/04\/Logo_300_width.png\",\"contentUrl\":\"https:\/\/domartstyl.com\/wp-content\/uploads\/2018\/04\/Logo_300_width.png\",\"width\":300,\"height\":140,\"caption\":\"DomArtStyl\"},\"image\":{\"@id\":\"https:\/\/domartstyl.com\/en\/#\/schema\/logo\/image\/\"},\"sameAs\":[\"https:\/\/www.facebook.com\/DomArtStyl\/\",\"https:\/\/x.com\/DomArtStyl_pl\",\"https:\/\/www.instagram.com\/domartstyl\/?hl=en\",\"https:\/\/pl.pinterest.com\/domartstyl01\/\",\"https:\/\/www.youtube.com\/channel\/UCkISSgvMomI6yFFL3JDbLhw\"]}]}<\/script>\n<meta property=\"product:price:amount\" content=\"216.00\" \/>\n<meta property=\"product:price:currency\" content=\"EUR\" \/>\n<meta property=\"og:availability\" content=\"instock\" \/>\n<meta property=\"product:availability\" content=\"instock\" \/>\n<meta property=\"product:condition\" content=\"new\" \/>\n<!-- \/ Yoast SEO Premium plugin. -->","yoast_head_json":{"title":"Fotel Tapicerowany - Barro Cross - Styl Nowoczesny","description":"Fotel tapicerowany na metalowych nogach Barro Cross, to idealny wyb\u00f3r do nowoczesnych wn\u0119trz: salonu, jadalni lub sypialni.","robots":{"index":"index","follow":"follow","max-snippet":"max-snippet:-1","max-image-preview":"max-image-preview:large","max-video-preview":"max-video-preview:-1"},"canonical":"https:\/\/domartstyl.com\/en\/barro-cross-armchair\/","og_locale":"en_US","og_type":"article","og_title":"Barro cross armchair - DomArtStyl","og_description":"Fotel tapicerowany na metalowych nogach Barro Cross, to idealny wyb\u00f3r do nowoczesnych wn\u0119trz: salonu, jadalni lub sypialni.","og_url":"https:\/\/domartstyl.com\/en\/barro-cross-armchair\/","og_site_name":"DomArtStyl","article_publisher":"https:\/\/www.facebook.com\/DomArtStyl\/","article_modified_time":"2025-05-15T09:57:18+00:00","og_image":[{"width":1200,"height":1200,"url":"https:\/\/domartstyl.com\/wp-content\/uploads\/2020\/11\/Fotel-niebieski-welurowy-nowoczesny-do-salonu-na-metalowych-nogach-Barro-Cross.jpg","type":"image\/jpeg"}],"twitter_card":"summary_large_image","twitter_site":"@DomArtStyl_pl","twitter_misc":{"Price":"&euro;216,00","Availability":"In stock"},"schema":{"@context":"https:\/\/schema.org","@graph":[{"@type":"WebPage","@id":"https:\/\/domartstyl.com\/en\/barro-cross-armchair\/","url":"https:\/\/domartstyl.com\/en\/barro-cross-armchair\/","name":"Fotel Tapicerowany - Barro Cross - Styl Nowoczesny","isPartOf":{"@id":"https:\/\/domartstyl.com\/en\/#website"},"primaryImageOfPage":{"@id":"https:\/\/domartstyl.com\/en\/barro-cross-armchair\/#primaryimage"},"image":{"@id":"https:\/\/domartstyl.com\/en\/barro-cross-armchair\/#primaryimage"},"thumbnailUrl":"https:\/\/domartstyl.com\/wp-content\/uploads\/2020\/11\/Fotel-niebieski-welurowy-nowoczesny-do-salonu-na-metalowych-nogach-Barro-Cross.jpg","datePublished":"2020-11-17T12:26:24+00:00","dateModified":"2025-05-15T09:57:18+00:00","description":"Fotel tapicerowany na metalowych nogach Barro Cross, to idealny wyb\u00f3r do nowoczesnych wn\u0119trz: salonu, jadalni lub sypialni.","breadcrumb":{"@id":"https:\/\/domartstyl.com\/en\/barro-cross-armchair\/#breadcrumb"},"inLanguage":"en-US","potentialAction":[{"@type":"ReadAction","target":["https:\/\/domartstyl.com\/en\/barro-cross-armchair\/"]}]},{"@type":"ImageObject","inLanguage":"en-US","@id":"https:\/\/domartstyl.com\/en\/barro-cross-armchair\/#primaryimage","url":"https:\/\/domartstyl.com\/wp-content\/uploads\/2020\/11\/Fotel-niebieski-welurowy-nowoczesny-do-salonu-na-metalowych-nogach-Barro-Cross.jpg","contentUrl":"https:\/\/domartstyl.com\/wp-content\/uploads\/2020\/11\/Fotel-niebieski-welurowy-nowoczesny-do-salonu-na-metalowych-nogach-Barro-Cross.jpg","width":1200,"height":1200,"caption":"Fotel niebieski welurowy nowoczesny do salonu na metalowych nogach Barro Cross"},{"@type":"BreadcrumbList","@id":"https:\/\/domartstyl.com\/en\/barro-cross-armchair\/#breadcrumb","itemListElement":[{"@type":"ListItem","position":1,"name":"Strona g\u0142\u00f3wna","item":"https:\/\/domartstyl.com\/en\/"},{"@type":"ListItem","position":2,"name":"Modern Upholstered Furniture","item":"https:\/\/domartstyl.com\/en\/furniture\/"},{"@type":"ListItem","position":3,"name":"Barro cross armchair"}]},{"@type":"WebSite","@id":"https:\/\/domartstyl.com\/en\/#website","url":"https:\/\/domartstyl.com\/en\/","name":"DomArtStyl","description":"Tworzymy meble najwy\u017cszej jako\u015bci. Sprzeda\u017c detaliczna \u00b7 Sprzeda\u017c hurtowa","publisher":{"@id":"https:\/\/domartstyl.com\/en\/#organization"},"potentialAction":[{"@type":"SearchAction","target":{"@type":"EntryPoint","urlTemplate":"https:\/\/domartstyl.com\/en\/?s={search_term_string}"},"query-input":{"@type":"PropertyValueSpecification","valueRequired":true,"valueName":"search_term_string"}}],"inLanguage":"en-US"},{"@type":"Organization","@id":"https:\/\/domartstyl.com\/en\/#organization","name":"DomArtStyl","url":"https:\/\/domartstyl.com\/en\/","logo":{"@type":"ImageObject","inLanguage":"en-US","@id":"https:\/\/domartstyl.com\/en\/#\/schema\/logo\/image\/","url":"https:\/\/domartstyl.com\/wp-content\/uploads\/2018\/04\/Logo_300_width.png","contentUrl":"https:\/\/domartstyl.com\/wp-content\/uploads\/2018\/04\/Logo_300_width.png","width":300,"height":140,"caption":"DomArtStyl"},"image":{"@id":"https:\/\/domartstyl.com\/en\/#\/schema\/logo\/image\/"},"sameAs":["https:\/\/www.facebook.com\/DomArtStyl\/","https:\/\/x.com\/DomArtStyl_pl","https:\/\/www.instagram.com\/domartstyl\/?hl=en","https:\/\/pl.pinterest.com\/domartstyl01\/","https:\/\/www.youtube.com\/channel\/UCkISSgvMomI6yFFL3JDbLhw"]}]},"product_price_amount":"216.00","product_price_currency":"EUR","og_availability":"instock","product_availability":"instock","product_condition":"new"},"_links":{"self":[{"href":"https:\/\/domartstyl.com\/en\/wp-json\/wp\/v2\/product\/68239","targetHints":{"allow":["GET"]}}],"collection":[{"href":"https:\/\/domartstyl.com\/en\/wp-json\/wp\/v2\/product"}],"about":[{"href":"https:\/\/domartstyl.com\/en\/wp-json\/wp\/v2\/types\/product"}],"replies":[{"embeddable":true,"href":"https:\/\/domartstyl.com\/en\/wp-json\/wp\/v2\/comments?post=68239"}],"wp:featuredmedia":[{"embeddable":true,"href":"https:\/\/domartstyl.com\/en\/wp-json\/wp\/v2\/media\/80243"}],"wp:attachment":[{"href":"https:\/\/domartstyl.com\/en\/wp-json\/wp\/v2\/media?parent=68239"}],"wp:term":[{"taxonomy":"product_brand","embeddable":true,"href":"https:\/\/domartstyl.com\/en\/wp-json\/wp\/v2\/product_brand?post=68239"},{"taxonomy":"product_cat","embeddable":true,"href":"https:\/\/domartstyl.com\/en\/wp-json\/wp\/v2\/product_cat?post=68239"},{"taxonomy":"product_tag","embeddable":true,"href":"https:\/\/domartstyl.com\/en\/wp-json\/wp\/v2\/product_tag?post=68239"}],"curies":[{"name":"wp","href":"https:\/\/api.w.org\/{rel}","templated":true}]}}