{"id":68238,"date":"2020-11-17T13:08:35","date_gmt":"2020-11-17T12:08:35","guid":{"rendered":"https:\/\/domartstyl.com\/barro-ski-armchair\/"},"modified":"2025-05-15T10:57:18","modified_gmt":"2025-05-15T09:57:18","slug":"barro-ski-armchair","status":"publish","type":"product","link":"https:\/\/domartstyl.com\/en\/barro-ski-armchair\/","title":{"rendered":"Barro ski armchair"},"content":{"rendered":"","protected":false},"excerpt":{"rendered":"<p><strong>The Barro Ski Chair<\/strong><br \/>\nIt&#8217;s the perfect choice for those who value both comfort and aesthetics in their surroundings. The model with a subtle cutout in the backrest has been designed with the aim of maintaining comfort and support for the user&#8217;s back while also offering some convenience or additional space for specific needs. The chair features sturdy armrests that are contoured to adapt to the natural position of the user&#8217;s arms and hands. Thanks to the high-resilience foam, the furniture provides pleasant support for the body, making it an ideal choice for those who appreciate comfort during long hours of sitting. The chair is available in various upholstery materials, allowing customization to individual aesthetic preferences. The metal legs, interconnected for stability and durability, are an additional feature. This chair allows for relaxation and comfortable seating, whether during a break in a cafe or during long working hours in the office.<\/p>\n","protected":false},"featured_media":80247,"comment_status":"closed","ping_status":"closed","template":"","meta":[],"product_brand":[],"product_cat":[34,8862,8855,8852,8858,8857,8856,8860,8853],"product_tag":[],"class_list":{"0":"post-68238","1":"product","2":"type-product","3":"status-publish","4":"has-post-thumbnail","6":"product_cat-armchairs","7":"product_cat-armchairs-with-metal-legs","8":"product_cat-cafe-armchairs","9":"product_cat-dining-armchairs","10":"product_cat-loft-armchairs","11":"product_cat-modern-armchairs","12":"product_cat-scandinavian-armchairs","13":"product_cat-velvet-armchairs","14":"product_cat-waiting-room-armchairs","15":"product_shipping_class-pakowane-podwojnie-30-40-en","17":"first","18":"instock","19":"taxable","20":"shipping-taxable","21":"purchasable","22":"product-type-simple"},"yoast_head":"<!-- This site is optimized with the Yoast SEO Premium plugin v25.0 (Yoast SEO v25.0) - https:\/\/yoast.com\/wordpress\/plugins\/seo\/ -->\n<title>Upholstered Armchair on Metal Legs - Barro Ski<\/title>\n<meta name=\"description\" content=\"Upholstered Armchair on Metal Legs - Barro Ski\" \/>\n<meta name=\"robots\" content=\"index, follow, max-snippet:-1, max-image-preview:large, max-video-preview:-1\" \/>\n<link rel=\"canonical\" href=\"https:\/\/domartstyl.com\/en\/barro-ski-armchair\/\" \/>\n<meta property=\"og:locale\" content=\"en_US\" \/>\n<meta property=\"og:type\" content=\"article\" \/>\n<meta property=\"og:title\" content=\"Barro ski armchair - DomArtStyl\" \/>\n<meta property=\"og:description\" content=\"Upholstered Armchair on Metal Legs - Barro Ski\" \/>\n<meta property=\"og:url\" content=\"https:\/\/domartstyl.com\/en\/barro-ski-armchair\/\" \/>\n<meta property=\"og:site_name\" content=\"DomArtStyl\" \/>\n<meta property=\"article:publisher\" content=\"https:\/\/www.facebook.com\/DomArtStyl\/\" \/>\n<meta property=\"article:modified_time\" content=\"2025-05-15T09:57:18+00:00\" \/>\n<meta property=\"og:image\" content=\"https:\/\/domartstyl.com\/wp-content\/uploads\/2020\/11\/Fotel-niebieski-welurowy-nowoczesny-do-salonu-na-metalowych-nogach-Barro-Ski.jpg\" \/>\n\t<meta property=\"og:image:width\" content=\"1200\" \/>\n\t<meta property=\"og:image:height\" content=\"1200\" \/>\n\t<meta property=\"og:image:type\" content=\"image\/jpeg\" \/>\n<meta name=\"twitter:card\" content=\"summary_large_image\" \/>\n<meta name=\"twitter:site\" content=\"@DomArtStyl_pl\" \/>\n<meta name=\"twitter:label1\" content=\"Price\" \/>\n\t<meta name=\"twitter:data1\" content=\"&euro;216,00\" \/>\n\t<meta name=\"twitter:label2\" content=\"Availability\" \/>\n\t<meta name=\"twitter:data2\" content=\"In stock\" \/>\n<script type=\"application\/ld+json\" class=\"yoast-schema-graph\">{\"@context\":\"https:\/\/schema.org\",\"@graph\":[{\"@type\":\"WebPage\",\"@id\":\"https:\/\/domartstyl.com\/en\/barro-ski-armchair\/\",\"url\":\"https:\/\/domartstyl.com\/en\/barro-ski-armchair\/\",\"name\":\"Upholstered Armchair on Metal Legs - Barro Ski\",\"isPartOf\":{\"@id\":\"https:\/\/domartstyl.com\/en\/#website\"},\"primaryImageOfPage\":{\"@id\":\"https:\/\/domartstyl.com\/en\/barro-ski-armchair\/#primaryimage\"},\"image\":{\"@id\":\"https:\/\/domartstyl.com\/en\/barro-ski-armchair\/#primaryimage\"},\"thumbnailUrl\":\"https:\/\/domartstyl.com\/wp-content\/uploads\/2020\/11\/Fotel-niebieski-welurowy-nowoczesny-do-salonu-na-metalowych-nogach-Barro-Ski.jpg\",\"datePublished\":\"2020-11-17T12:08:35+00:00\",\"dateModified\":\"2025-05-15T09:57:18+00:00\",\"description\":\"Upholstered Armchair on Metal Legs - Barro Ski\",\"breadcrumb\":{\"@id\":\"https:\/\/domartstyl.com\/en\/barro-ski-armchair\/#breadcrumb\"},\"inLanguage\":\"en-US\",\"potentialAction\":[{\"@type\":\"ReadAction\",\"target\":[\"https:\/\/domartstyl.com\/en\/barro-ski-armchair\/\"]}]},{\"@type\":\"ImageObject\",\"inLanguage\":\"en-US\",\"@id\":\"https:\/\/domartstyl.com\/en\/barro-ski-armchair\/#primaryimage\",\"url\":\"https:\/\/domartstyl.com\/wp-content\/uploads\/2020\/11\/Fotel-niebieski-welurowy-nowoczesny-do-salonu-na-metalowych-nogach-Barro-Ski.jpg\",\"contentUrl\":\"https:\/\/domartstyl.com\/wp-content\/uploads\/2020\/11\/Fotel-niebieski-welurowy-nowoczesny-do-salonu-na-metalowych-nogach-Barro-Ski.jpg\",\"width\":1200,\"height\":1200,\"caption\":\"Modern blue velor armchair for the living room on metal legs Barro Ski\"},{\"@type\":\"BreadcrumbList\",\"@id\":\"https:\/\/domartstyl.com\/en\/barro-ski-armchair\/#breadcrumb\",\"itemListElement\":[{\"@type\":\"ListItem\",\"position\":1,\"name\":\"Strona g\u0142\u00f3wna\",\"item\":\"https:\/\/domartstyl.com\/en\/\"},{\"@type\":\"ListItem\",\"position\":2,\"name\":\"Modern Upholstered Furniture\",\"item\":\"https:\/\/domartstyl.com\/en\/furniture\/\"},{\"@type\":\"ListItem\",\"position\":3,\"name\":\"Barro ski armchair\"}]},{\"@type\":\"WebSite\",\"@id\":\"https:\/\/domartstyl.com\/en\/#website\",\"url\":\"https:\/\/domartstyl.com\/en\/\",\"name\":\"DomArtStyl\",\"description\":\"Tworzymy meble najwy\u017cszej jako\u015bci. Sprzeda\u017c detaliczna \u00b7 Sprzeda\u017c hurtowa\",\"publisher\":{\"@id\":\"https:\/\/domartstyl.com\/en\/#organization\"},\"potentialAction\":[{\"@type\":\"SearchAction\",\"target\":{\"@type\":\"EntryPoint\",\"urlTemplate\":\"https:\/\/domartstyl.com\/en\/?s={search_term_string}\"},\"query-input\":{\"@type\":\"PropertyValueSpecification\",\"valueRequired\":true,\"valueName\":\"search_term_string\"}}],\"inLanguage\":\"en-US\"},{\"@type\":\"Organization\",\"@id\":\"https:\/\/domartstyl.com\/en\/#organization\",\"name\":\"DomArtStyl\",\"url\":\"https:\/\/domartstyl.com\/en\/\",\"logo\":{\"@type\":\"ImageObject\",\"inLanguage\":\"en-US\",\"@id\":\"https:\/\/domartstyl.com\/en\/#\/schema\/logo\/image\/\",\"url\":\"https:\/\/domartstyl.com\/wp-content\/uploads\/2018\/04\/Logo_300_width.png\",\"contentUrl\":\"https:\/\/domartstyl.com\/wp-content\/uploads\/2018\/04\/Logo_300_width.png\",\"width\":300,\"height\":140,\"caption\":\"DomArtStyl\"},\"image\":{\"@id\":\"https:\/\/domartstyl.com\/en\/#\/schema\/logo\/image\/\"},\"sameAs\":[\"https:\/\/www.facebook.com\/DomArtStyl\/\",\"https:\/\/x.com\/DomArtStyl_pl\",\"https:\/\/www.instagram.com\/domartstyl\/?hl=en\",\"https:\/\/pl.pinterest.com\/domartstyl01\/\",\"https:\/\/www.youtube.com\/channel\/UCkISSgvMomI6yFFL3JDbLhw\"]}]}<\/script>\n<meta property=\"product:price:amount\" content=\"216.00\" \/>\n<meta property=\"product:price:currency\" content=\"EUR\" \/>\n<meta property=\"og:availability\" content=\"instock\" \/>\n<meta property=\"product:availability\" content=\"instock\" \/>\n<meta property=\"product:condition\" content=\"new\" \/>\n<!-- \/ Yoast SEO Premium plugin. -->","yoast_head_json":{"title":"Upholstered Armchair on Metal Legs - Barro Ski","description":"Upholstered Armchair on Metal Legs - Barro Ski","robots":{"index":"index","follow":"follow","max-snippet":"max-snippet:-1","max-image-preview":"max-image-preview:large","max-video-preview":"max-video-preview:-1"},"canonical":"https:\/\/domartstyl.com\/en\/barro-ski-armchair\/","og_locale":"en_US","og_type":"article","og_title":"Barro ski armchair - DomArtStyl","og_description":"Upholstered Armchair on Metal Legs - Barro Ski","og_url":"https:\/\/domartstyl.com\/en\/barro-ski-armchair\/","og_site_name":"DomArtStyl","article_publisher":"https:\/\/www.facebook.com\/DomArtStyl\/","article_modified_time":"2025-05-15T09:57:18+00:00","og_image":[{"width":1200,"height":1200,"url":"https:\/\/domartstyl.com\/wp-content\/uploads\/2020\/11\/Fotel-niebieski-welurowy-nowoczesny-do-salonu-na-metalowych-nogach-Barro-Ski.jpg","type":"image\/jpeg"}],"twitter_card":"summary_large_image","twitter_site":"@DomArtStyl_pl","twitter_misc":{"Price":"&euro;216,00","Availability":"In stock"},"schema":{"@context":"https:\/\/schema.org","@graph":[{"@type":"WebPage","@id":"https:\/\/domartstyl.com\/en\/barro-ski-armchair\/","url":"https:\/\/domartstyl.com\/en\/barro-ski-armchair\/","name":"Upholstered Armchair on Metal Legs - Barro Ski","isPartOf":{"@id":"https:\/\/domartstyl.com\/en\/#website"},"primaryImageOfPage":{"@id":"https:\/\/domartstyl.com\/en\/barro-ski-armchair\/#primaryimage"},"image":{"@id":"https:\/\/domartstyl.com\/en\/barro-ski-armchair\/#primaryimage"},"thumbnailUrl":"https:\/\/domartstyl.com\/wp-content\/uploads\/2020\/11\/Fotel-niebieski-welurowy-nowoczesny-do-salonu-na-metalowych-nogach-Barro-Ski.jpg","datePublished":"2020-11-17T12:08:35+00:00","dateModified":"2025-05-15T09:57:18+00:00","description":"Upholstered Armchair on Metal Legs - Barro Ski","breadcrumb":{"@id":"https:\/\/domartstyl.com\/en\/barro-ski-armchair\/#breadcrumb"},"inLanguage":"en-US","potentialAction":[{"@type":"ReadAction","target":["https:\/\/domartstyl.com\/en\/barro-ski-armchair\/"]}]},{"@type":"ImageObject","inLanguage":"en-US","@id":"https:\/\/domartstyl.com\/en\/barro-ski-armchair\/#primaryimage","url":"https:\/\/domartstyl.com\/wp-content\/uploads\/2020\/11\/Fotel-niebieski-welurowy-nowoczesny-do-salonu-na-metalowych-nogach-Barro-Ski.jpg","contentUrl":"https:\/\/domartstyl.com\/wp-content\/uploads\/2020\/11\/Fotel-niebieski-welurowy-nowoczesny-do-salonu-na-metalowych-nogach-Barro-Ski.jpg","width":1200,"height":1200,"caption":"Modern blue velor armchair for the living room on metal legs Barro Ski"},{"@type":"BreadcrumbList","@id":"https:\/\/domartstyl.com\/en\/barro-ski-armchair\/#breadcrumb","itemListElement":[{"@type":"ListItem","position":1,"name":"Strona g\u0142\u00f3wna","item":"https:\/\/domartstyl.com\/en\/"},{"@type":"ListItem","position":2,"name":"Modern Upholstered Furniture","item":"https:\/\/domartstyl.com\/en\/furniture\/"},{"@type":"ListItem","position":3,"name":"Barro ski armchair"}]},{"@type":"WebSite","@id":"https:\/\/domartstyl.com\/en\/#website","url":"https:\/\/domartstyl.com\/en\/","name":"DomArtStyl","description":"Tworzymy meble najwy\u017cszej jako\u015bci. Sprzeda\u017c detaliczna \u00b7 Sprzeda\u017c hurtowa","publisher":{"@id":"https:\/\/domartstyl.com\/en\/#organization"},"potentialAction":[{"@type":"SearchAction","target":{"@type":"EntryPoint","urlTemplate":"https:\/\/domartstyl.com\/en\/?s={search_term_string}"},"query-input":{"@type":"PropertyValueSpecification","valueRequired":true,"valueName":"search_term_string"}}],"inLanguage":"en-US"},{"@type":"Organization","@id":"https:\/\/domartstyl.com\/en\/#organization","name":"DomArtStyl","url":"https:\/\/domartstyl.com\/en\/","logo":{"@type":"ImageObject","inLanguage":"en-US","@id":"https:\/\/domartstyl.com\/en\/#\/schema\/logo\/image\/","url":"https:\/\/domartstyl.com\/wp-content\/uploads\/2018\/04\/Logo_300_width.png","contentUrl":"https:\/\/domartstyl.com\/wp-content\/uploads\/2018\/04\/Logo_300_width.png","width":300,"height":140,"caption":"DomArtStyl"},"image":{"@id":"https:\/\/domartstyl.com\/en\/#\/schema\/logo\/image\/"},"sameAs":["https:\/\/www.facebook.com\/DomArtStyl\/","https:\/\/x.com\/DomArtStyl_pl","https:\/\/www.instagram.com\/domartstyl\/?hl=en","https:\/\/pl.pinterest.com\/domartstyl01\/","https:\/\/www.youtube.com\/channel\/UCkISSgvMomI6yFFL3JDbLhw"]}]},"product_price_amount":"216.00","product_price_currency":"EUR","og_availability":"instock","product_availability":"instock","product_condition":"new"},"_links":{"self":[{"href":"https:\/\/domartstyl.com\/en\/wp-json\/wp\/v2\/product\/68238","targetHints":{"allow":["GET"]}}],"collection":[{"href":"https:\/\/domartstyl.com\/en\/wp-json\/wp\/v2\/product"}],"about":[{"href":"https:\/\/domartstyl.com\/en\/wp-json\/wp\/v2\/types\/product"}],"replies":[{"embeddable":true,"href":"https:\/\/domartstyl.com\/en\/wp-json\/wp\/v2\/comments?post=68238"}],"wp:featuredmedia":[{"embeddable":true,"href":"https:\/\/domartstyl.com\/en\/wp-json\/wp\/v2\/media\/80247"}],"wp:attachment":[{"href":"https:\/\/domartstyl.com\/en\/wp-json\/wp\/v2\/media?parent=68238"}],"wp:term":[{"taxonomy":"product_brand","embeddable":true,"href":"https:\/\/domartstyl.com\/en\/wp-json\/wp\/v2\/product_brand?post=68238"},{"taxonomy":"product_cat","embeddable":true,"href":"https:\/\/domartstyl.com\/en\/wp-json\/wp\/v2\/product_cat?post=68238"},{"taxonomy":"product_tag","embeddable":true,"href":"https:\/\/domartstyl.com\/en\/wp-json\/wp\/v2\/product_tag?post=68238"}],"curies":[{"name":"wp","href":"https:\/\/api.w.org\/{rel}","templated":true}]}}