{"id":68183,"date":"2020-12-17T13:48:45","date_gmt":"2020-12-17T12:48:45","guid":{"rendered":"https:\/\/domartstyl.com\/?post_type=product&#038;p=68183"},"modified":"2023-11-03T10:57:26","modified_gmt":"2023-11-03T09:57:26","slug":"amelia-spider-armchair","status":"publish","type":"product","link":"https:\/\/domartstyl.com\/en\/amelia-spider-armchair\/","title":{"rendered":"Amelia spider armchair"},"content":{"rendered":"","protected":false},"excerpt":{"rendered":"<p><strong>The Amelia Spider Chair<\/strong><br \/>\nThis elegant and practical piece of furniture combines traditional design with modern, high-quality materials. The model is equipped with delicate armrests, precisely positioned at the optimal height, allowing the user to enjoy comfortable arm support regardless of their height. The\u00a0seat is filled with soft foam, ensuring seating comfort. The variety of available upholstery materials allows for customization to meet personal preferences and needs. The metal, reinforced legs provide assurance of stability and durability. The chair seamlessly blends stylish aesthetics with functionality, adding a refined atmosphere to a dining room or a hotel room.<\/p>\n","protected":false},"featured_media":68186,"comment_status":"closed","ping_status":"closed","template":"","meta":[],"product_brand":[],"product_cat":[8249],"product_tag":[],"class_list":{"0":"post-68183","1":"product","2":"type-product","3":"status-publish","4":"has-post-thumbnail","6":"product_cat-wholesale-furniture","7":"product_shipping_class-pakowane-pojedynczo-30-40-en","9":"first","10":"instock","11":"taxable","12":"shipping-taxable","13":"product-type-soldout"},"yoast_head":"<!-- This site is optimized with the Yoast SEO Premium plugin v25.0 (Yoast SEO v25.0) - https:\/\/yoast.com\/wordpress\/plugins\/seo\/ -->\n<title>Fotel Amelia Spider - Fotel w Stylu Nowoczesnym na Metalowych Nogach<\/title>\n<meta name=\"description\" content=\"Fotel tapicerowany Amelia w wersji Spider, to elegancki fotel kt\u00f3ry wyr\u00f3\u017cnia si\u0119 stylowymi metalowymi nogami w kolorze czarnym.\" \/>\n<meta name=\"robots\" content=\"index, follow, max-snippet:-1, max-image-preview:large, max-video-preview:-1\" \/>\n<link rel=\"canonical\" href=\"https:\/\/domartstyl.com\/en\/amelia-spider-armchair\/\" \/>\n<meta property=\"og:locale\" content=\"en_US\" \/>\n<meta property=\"og:type\" content=\"article\" \/>\n<meta property=\"og:title\" content=\"Amelia spider armchair - DomArtStyl\" \/>\n<meta property=\"og:description\" content=\"Fotel tapicerowany Amelia w wersji Spider, to elegancki fotel kt\u00f3ry wyr\u00f3\u017cnia si\u0119 stylowymi metalowymi nogami w kolorze czarnym.\" \/>\n<meta property=\"og:url\" content=\"https:\/\/domartstyl.com\/en\/amelia-spider-armchair\/\" \/>\n<meta property=\"og:site_name\" content=\"DomArtStyl\" \/>\n<meta property=\"article:publisher\" content=\"https:\/\/www.facebook.com\/DomArtStyl\/\" \/>\n<meta property=\"article:modified_time\" content=\"2023-11-03T09:57:26+00:00\" \/>\n<meta property=\"og:image\" content=\"https:\/\/domartstyl.com\/wp-content\/uploads\/2020\/12\/Fotel-Amelia-spider-Copy.jpg\" \/>\n\t<meta property=\"og:image:width\" content=\"686\" \/>\n\t<meta property=\"og:image:height\" content=\"686\" \/>\n\t<meta property=\"og:image:type\" content=\"image\/jpeg\" \/>\n<meta name=\"twitter:card\" content=\"summary_large_image\" \/>\n<meta name=\"twitter:site\" content=\"@DomArtStyl_pl\" \/>\n<meta name=\"twitter:label1\" content=\"Price\" \/>\n\t<meta name=\"twitter:data1\" content=\"\" \/>\n\t<meta name=\"twitter:label2\" content=\"Availability\" \/>\n\t<meta name=\"twitter:data2\" content=\"In stock\" \/>\n<script type=\"application\/ld+json\" class=\"yoast-schema-graph\">{\"@context\":\"https:\/\/schema.org\",\"@graph\":[{\"@type\":\"WebPage\",\"@id\":\"https:\/\/domartstyl.com\/en\/amelia-spider-armchair\/\",\"url\":\"https:\/\/domartstyl.com\/en\/amelia-spider-armchair\/\",\"name\":\"Fotel Amelia Spider - Fotel w Stylu Nowoczesnym na Metalowych Nogach\",\"isPartOf\":{\"@id\":\"https:\/\/domartstyl.com\/en\/#website\"},\"primaryImageOfPage\":{\"@id\":\"https:\/\/domartstyl.com\/en\/amelia-spider-armchair\/#primaryimage\"},\"image\":{\"@id\":\"https:\/\/domartstyl.com\/en\/amelia-spider-armchair\/#primaryimage\"},\"thumbnailUrl\":\"https:\/\/domartstyl.com\/wp-content\/uploads\/2020\/12\/Fotel-Amelia-spider-Copy.jpg\",\"datePublished\":\"2020-12-17T12:48:45+00:00\",\"dateModified\":\"2023-11-03T09:57:26+00:00\",\"description\":\"Fotel tapicerowany Amelia w wersji Spider, to elegancki fotel kt\u00f3ry wyr\u00f3\u017cnia si\u0119 stylowymi metalowymi nogami w kolorze czarnym.\",\"breadcrumb\":{\"@id\":\"https:\/\/domartstyl.com\/en\/amelia-spider-armchair\/#breadcrumb\"},\"inLanguage\":\"en-US\",\"potentialAction\":[{\"@type\":\"ReadAction\",\"target\":[\"https:\/\/domartstyl.com\/en\/amelia-spider-armchair\/\"]}]},{\"@type\":\"ImageObject\",\"inLanguage\":\"en-US\",\"@id\":\"https:\/\/domartstyl.com\/en\/amelia-spider-armchair\/#primaryimage\",\"url\":\"https:\/\/domartstyl.com\/wp-content\/uploads\/2020\/12\/Fotel-Amelia-spider-Copy.jpg\",\"contentUrl\":\"https:\/\/domartstyl.com\/wp-content\/uploads\/2020\/12\/Fotel-Amelia-spider-Copy.jpg\",\"width\":686,\"height\":686,\"caption\":\"Amelia spider armchair\"},{\"@type\":\"BreadcrumbList\",\"@id\":\"https:\/\/domartstyl.com\/en\/amelia-spider-armchair\/#breadcrumb\",\"itemListElement\":[{\"@type\":\"ListItem\",\"position\":1,\"name\":\"Strona g\u0142\u00f3wna\",\"item\":\"https:\/\/domartstyl.com\/en\/\"},{\"@type\":\"ListItem\",\"position\":2,\"name\":\"Modern Upholstered Furniture\",\"item\":\"https:\/\/domartstyl.com\/en\/furniture\/\"},{\"@type\":\"ListItem\",\"position\":3,\"name\":\"Amelia spider armchair\"}]},{\"@type\":\"WebSite\",\"@id\":\"https:\/\/domartstyl.com\/en\/#website\",\"url\":\"https:\/\/domartstyl.com\/en\/\",\"name\":\"DomArtStyl\",\"description\":\"Tworzymy meble najwy\u017cszej jako\u015bci. Sprzeda\u017c detaliczna \u00b7 Sprzeda\u017c hurtowa\",\"publisher\":{\"@id\":\"https:\/\/domartstyl.com\/en\/#organization\"},\"potentialAction\":[{\"@type\":\"SearchAction\",\"target\":{\"@type\":\"EntryPoint\",\"urlTemplate\":\"https:\/\/domartstyl.com\/en\/?s={search_term_string}\"},\"query-input\":{\"@type\":\"PropertyValueSpecification\",\"valueRequired\":true,\"valueName\":\"search_term_string\"}}],\"inLanguage\":\"en-US\"},{\"@type\":\"Organization\",\"@id\":\"https:\/\/domartstyl.com\/en\/#organization\",\"name\":\"DomArtStyl\",\"url\":\"https:\/\/domartstyl.com\/en\/\",\"logo\":{\"@type\":\"ImageObject\",\"inLanguage\":\"en-US\",\"@id\":\"https:\/\/domartstyl.com\/en\/#\/schema\/logo\/image\/\",\"url\":\"https:\/\/domartstyl.com\/wp-content\/uploads\/2018\/04\/Logo_300_width.png\",\"contentUrl\":\"https:\/\/domartstyl.com\/wp-content\/uploads\/2018\/04\/Logo_300_width.png\",\"width\":300,\"height\":140,\"caption\":\"DomArtStyl\"},\"image\":{\"@id\":\"https:\/\/domartstyl.com\/en\/#\/schema\/logo\/image\/\"},\"sameAs\":[\"https:\/\/www.facebook.com\/DomArtStyl\/\",\"https:\/\/x.com\/DomArtStyl_pl\",\"https:\/\/www.instagram.com\/domartstyl\/?hl=en\",\"https:\/\/pl.pinterest.com\/domartstyl01\/\",\"https:\/\/www.youtube.com\/channel\/UCkISSgvMomI6yFFL3JDbLhw\"]}]}<\/script>\n<meta property=\"product:price:amount\" content=\"0.00\" \/>\n<meta property=\"product:price:currency\" content=\"EUR\" \/>\n<meta property=\"og:availability\" content=\"instock\" \/>\n<meta property=\"product:availability\" content=\"instock\" \/>\n<meta property=\"product:condition\" content=\"new\" \/>\n<!-- \/ Yoast SEO Premium plugin. -->","yoast_head_json":{"title":"Fotel Amelia Spider - Fotel w Stylu Nowoczesnym na Metalowych Nogach","description":"Fotel tapicerowany Amelia w wersji Spider, to elegancki fotel kt\u00f3ry wyr\u00f3\u017cnia si\u0119 stylowymi metalowymi nogami w kolorze czarnym.","robots":{"index":"index","follow":"follow","max-snippet":"max-snippet:-1","max-image-preview":"max-image-preview:large","max-video-preview":"max-video-preview:-1"},"canonical":"https:\/\/domartstyl.com\/en\/amelia-spider-armchair\/","og_locale":"en_US","og_type":"article","og_title":"Amelia spider armchair - DomArtStyl","og_description":"Fotel tapicerowany Amelia w wersji Spider, to elegancki fotel kt\u00f3ry wyr\u00f3\u017cnia si\u0119 stylowymi metalowymi nogami w kolorze czarnym.","og_url":"https:\/\/domartstyl.com\/en\/amelia-spider-armchair\/","og_site_name":"DomArtStyl","article_publisher":"https:\/\/www.facebook.com\/DomArtStyl\/","article_modified_time":"2023-11-03T09:57:26+00:00","og_image":[{"width":686,"height":686,"url":"https:\/\/domartstyl.com\/wp-content\/uploads\/2020\/12\/Fotel-Amelia-spider-Copy.jpg","type":"image\/jpeg"}],"twitter_card":"summary_large_image","twitter_site":"@DomArtStyl_pl","twitter_misc":{"Price":"","Availability":"In stock"},"schema":{"@context":"https:\/\/schema.org","@graph":[{"@type":"WebPage","@id":"https:\/\/domartstyl.com\/en\/amelia-spider-armchair\/","url":"https:\/\/domartstyl.com\/en\/amelia-spider-armchair\/","name":"Fotel Amelia Spider - Fotel w Stylu Nowoczesnym na Metalowych Nogach","isPartOf":{"@id":"https:\/\/domartstyl.com\/en\/#website"},"primaryImageOfPage":{"@id":"https:\/\/domartstyl.com\/en\/amelia-spider-armchair\/#primaryimage"},"image":{"@id":"https:\/\/domartstyl.com\/en\/amelia-spider-armchair\/#primaryimage"},"thumbnailUrl":"https:\/\/domartstyl.com\/wp-content\/uploads\/2020\/12\/Fotel-Amelia-spider-Copy.jpg","datePublished":"2020-12-17T12:48:45+00:00","dateModified":"2023-11-03T09:57:26+00:00","description":"Fotel tapicerowany Amelia w wersji Spider, to elegancki fotel kt\u00f3ry wyr\u00f3\u017cnia si\u0119 stylowymi metalowymi nogami w kolorze czarnym.","breadcrumb":{"@id":"https:\/\/domartstyl.com\/en\/amelia-spider-armchair\/#breadcrumb"},"inLanguage":"en-US","potentialAction":[{"@type":"ReadAction","target":["https:\/\/domartstyl.com\/en\/amelia-spider-armchair\/"]}]},{"@type":"ImageObject","inLanguage":"en-US","@id":"https:\/\/domartstyl.com\/en\/amelia-spider-armchair\/#primaryimage","url":"https:\/\/domartstyl.com\/wp-content\/uploads\/2020\/12\/Fotel-Amelia-spider-Copy.jpg","contentUrl":"https:\/\/domartstyl.com\/wp-content\/uploads\/2020\/12\/Fotel-Amelia-spider-Copy.jpg","width":686,"height":686,"caption":"Amelia spider armchair"},{"@type":"BreadcrumbList","@id":"https:\/\/domartstyl.com\/en\/amelia-spider-armchair\/#breadcrumb","itemListElement":[{"@type":"ListItem","position":1,"name":"Strona g\u0142\u00f3wna","item":"https:\/\/domartstyl.com\/en\/"},{"@type":"ListItem","position":2,"name":"Modern Upholstered Furniture","item":"https:\/\/domartstyl.com\/en\/furniture\/"},{"@type":"ListItem","position":3,"name":"Amelia spider armchair"}]},{"@type":"WebSite","@id":"https:\/\/domartstyl.com\/en\/#website","url":"https:\/\/domartstyl.com\/en\/","name":"DomArtStyl","description":"Tworzymy meble najwy\u017cszej jako\u015bci. Sprzeda\u017c detaliczna \u00b7 Sprzeda\u017c hurtowa","publisher":{"@id":"https:\/\/domartstyl.com\/en\/#organization"},"potentialAction":[{"@type":"SearchAction","target":{"@type":"EntryPoint","urlTemplate":"https:\/\/domartstyl.com\/en\/?s={search_term_string}"},"query-input":{"@type":"PropertyValueSpecification","valueRequired":true,"valueName":"search_term_string"}}],"inLanguage":"en-US"},{"@type":"Organization","@id":"https:\/\/domartstyl.com\/en\/#organization","name":"DomArtStyl","url":"https:\/\/domartstyl.com\/en\/","logo":{"@type":"ImageObject","inLanguage":"en-US","@id":"https:\/\/domartstyl.com\/en\/#\/schema\/logo\/image\/","url":"https:\/\/domartstyl.com\/wp-content\/uploads\/2018\/04\/Logo_300_width.png","contentUrl":"https:\/\/domartstyl.com\/wp-content\/uploads\/2018\/04\/Logo_300_width.png","width":300,"height":140,"caption":"DomArtStyl"},"image":{"@id":"https:\/\/domartstyl.com\/en\/#\/schema\/logo\/image\/"},"sameAs":["https:\/\/www.facebook.com\/DomArtStyl\/","https:\/\/x.com\/DomArtStyl_pl","https:\/\/www.instagram.com\/domartstyl\/?hl=en","https:\/\/pl.pinterest.com\/domartstyl01\/","https:\/\/www.youtube.com\/channel\/UCkISSgvMomI6yFFL3JDbLhw"]}]},"product_price_amount":"0.00","product_price_currency":"EUR","og_availability":"instock","product_availability":"instock","product_condition":"new"},"_links":{"self":[{"href":"https:\/\/domartstyl.com\/en\/wp-json\/wp\/v2\/product\/68183","targetHints":{"allow":["GET"]}}],"collection":[{"href":"https:\/\/domartstyl.com\/en\/wp-json\/wp\/v2\/product"}],"about":[{"href":"https:\/\/domartstyl.com\/en\/wp-json\/wp\/v2\/types\/product"}],"replies":[{"embeddable":true,"href":"https:\/\/domartstyl.com\/en\/wp-json\/wp\/v2\/comments?post=68183"}],"wp:featuredmedia":[{"embeddable":true,"href":"https:\/\/domartstyl.com\/en\/wp-json\/wp\/v2\/media\/68186"}],"wp:attachment":[{"href":"https:\/\/domartstyl.com\/en\/wp-json\/wp\/v2\/media?parent=68183"}],"wp:term":[{"taxonomy":"product_brand","embeddable":true,"href":"https:\/\/domartstyl.com\/en\/wp-json\/wp\/v2\/product_brand?post=68183"},{"taxonomy":"product_cat","embeddable":true,"href":"https:\/\/domartstyl.com\/en\/wp-json\/wp\/v2\/product_cat?post=68183"},{"taxonomy":"product_tag","embeddable":true,"href":"https:\/\/domartstyl.com\/en\/wp-json\/wp\/v2\/product_tag?post=68183"}],"curies":[{"name":"wp","href":"https:\/\/api.w.org\/{rel}","templated":true}]}}